{"id":18931,"date":"2025-04-07T06:02:47","date_gmt":"2025-04-07T06:02:47","guid":{"rendered":"https:\/\/www.hydraulic-cylinders.net\/product\/boom-cylinder-for-caterpillar-small-excavator-e300-9d301-7d\/"},"modified":"2025-04-07T06:02:50","modified_gmt":"2025-04-07T06:02:50","slug":"boom-cylinder-for-caterpillar-small-excavator-e300-9d301-7d","status":"publish","type":"product","link":"https:\/\/www.hydraulic-cylinders.net\/cs\/produkt\/boom-cylinder-for-caterpillar-small-excavator-e300-9d301-7d\/","title":{"rendered":"V\u00e1lec v\u00fdlo\u017en\u00edku pro mal\u00e9 rypadlo Caterpillar E300.9D301.7D"},"content":{"rendered":"<h1>V\u00e1lec v\u00fdlo\u017en\u00edku pro mal\u00e9 rypadlo Caterpillar E300.9D301.7D<\/h1>\n<h2>P\u0159ehled produktu<\/h2>\n<p>Ten\/Ta\/To <strong>V\u00e1lec v\u00fdlo\u017en\u00edku<\/strong> je z\u00e1kladn\u00ed hydraulick\u00e1 sou\u010d\u00e1st pou\u017e\u00edvan\u00e1 v r\u016fzn\u00fdch t\u011b\u017ek\u00fdch stroj\u00edch, zejm\u00e9na v rypadlech, jako je Caterpillar E300.9D301.7D. Je prim\u00e1rn\u011b navr\u017eena k ovl\u00e1d\u00e1n\u00ed pohybu l\u017e\u00edce, co\u017e umo\u017e\u0148uje efektivn\u00ed zved\u00e1n\u00ed, spou\u0161t\u011bn\u00ed a nakl\u00e1p\u011bn\u00ed. V\u00e1lec v\u00fdlo\u017en\u00edku hraje kl\u00ed\u010dovou roli v hydraulick\u00fdch syst\u00e9mech, proto\u017ee umo\u017e\u0148uje p\u0159esn\u00e9 a v\u00fdkonn\u00e9 operace, d\u00edky \u010demu\u017e je nepostradateln\u00fd pro manipulaci s materi\u00e1lem. Tento hydraulick\u00fd v\u00e1lec je navr\u017een tak, aby odolal n\u00e1rok\u016fm n\u00e1ro\u010dn\u00e9ho prost\u0159ed\u00ed, a t\u00edm zv\u00fd\u0161il v\u00fdkon a odolnost.<\/p>\n<p><img decoding=\"async\" src=\"https:\/\/www.hydraulic-cylinders.net\/wp-content\/uploads\/2025\/04\/songte-company-1.webp\" alt=\"V\u00e1lec v\u00fdlo\u017en\u00edku\"><\/p>\n<h3>Definice a funkce<\/h3>\n<p>Hydraulick\u00fd v\u00e1lec l\u017e\u00edce je typ hydraulick\u00e9ho v\u00e1lce speci\u00e1ln\u011b navr\u017een\u00e9ho pro usnadn\u011bn\u00ed pohybu l\u017e\u00edc rypadla. Prim\u00e1rn\u00ed funkc\u00ed t\u00e9to hydraulick\u00e9 sou\u010d\u00e1sti je poskytovat pot\u0159ebnou s\u00edlu pro efektivn\u00ed zved\u00e1n\u00ed a manipulaci s t\u011b\u017ek\u00fdmi materi\u00e1ly. Umo\u017e\u0148uje l\u017e\u00edci prov\u00e1d\u011bt \u00fakoly, jako je kop\u00e1n\u00ed, nab\u00edr\u00e1n\u00ed a vysyp\u00e1v\u00e1n\u00ed, kter\u00e9 jsou nezbytn\u00e9 p\u0159i stavebn\u00edch a zemn\u00edch prac\u00edch. P\u0159em\u011bnou hydraulick\u00e9ho tlaku na mechanickou s\u00edlu zaji\u0161\u0165uje v\u00e1lec v\u00fdlo\u017en\u00edku plynul\u00fd a efektivn\u00ed provoz rypadla a maximalizovat produktivitu na staveni\u0161ti.<\/p>\n<h2>Kl\u00ed\u010dov\u00e9 vlastnosti<\/h2>\n<ul>\n<li><strong>Vysok\u00e1 pevnost a trvanlivost:<\/strong> Vyrobeno z vysokopevnostn\u00ed oceli nebo hlin\u00edku, schopn\u00e9 odolat vysok\u00e9mu tlaku a velk\u00e9mu zat\u00ed\u017een\u00ed, navr\u017een\u00e9 tak, aby odol\u00e1valy opot\u0159eben\u00ed a korozi, \u010d\u00edm\u017e prodlu\u017euj\u00ed \u017eivotnost.<\/li>\n<li><strong>Efektivn\u00ed hydraulick\u00fd provoz:<\/strong> Vyu\u017e\u00edv\u00e1 hydraulick\u00fd tlak oleje pro plynul\u00e9 vysouv\u00e1n\u00ed a zasouv\u00e1n\u00ed, co\u017e umo\u017e\u0148uje rychlou reakci na provozn\u00ed povely a poskytuje silnou tla\u010dnou a ta\u017enou s\u00edlu, ide\u00e1ln\u00ed pro manipulaci s t\u011b\u017ek\u00fdmi b\u0159emeny.<\/li>\n<li><strong>R\u016fzn\u00e9 typy:<\/strong> K dispozici v jedno\u010dinn\u00e9m (funguje v jednom sm\u011bru) nebo dvoj\u010dinn\u00e9m (funguje v obou sm\u011brech) proveden\u00ed, vhodn\u00e9 pro r\u016fzn\u00e9 provozn\u00ed po\u017eadavky, p\u0159i\u010dem\u017e n\u011bkter\u00e9 modely maj\u00ed teleskopickou konstrukci pro lep\u0161\u00ed v\u00fdsuv v omezen\u00fdch prostorech.<\/li>\n<\/ul>\n<h2>V\u00fdrobn\u00ed kapacity<\/h2>\n<p>Na\u0161e spole\u010dnost se specializuje na v\u00fdrobu vysoce kvalitn\u00edch v\u00e1lc\u016f v\u00fdlo\u017en\u00edku, kter\u00e9 dokonale nahrazuj\u00ed st\u00e1vaj\u00edc\u00ed hydraulick\u00e9 v\u00e1lce v r\u016fzn\u00fdch aplikac\u00edch. N\u00e1\u0161 z\u00e1vazek ke kvalit\u011b zaji\u0161\u0165uje, \u017ee na\u0161e produkty spl\u0148uj\u00ed a p\u0159ekra\u010duj\u00ed oborov\u00e9 standardy.<\/p>\n<p><img decoding=\"async\" src=\"https:\/\/www.hydraulic-cylinders.net\/wp-content\/uploads\/2025\/04\/songte-cylinder-head-with-all-kinds-excavator-models.webp\" alt=\"Modely bagr\u016f\"><\/p>\n<h2>Sc\u00e9n\u00e1\u0159e aplikac\u00ed<\/h2>\n<h3>Stavebn\u00ed stroje<\/h3>\n<p>U bagr\u016f jsou v\u00e1lce v\u00fdlo\u017en\u00edku kl\u00ed\u010dov\u00e9 pro kop\u00e1n\u00ed, nakl\u00e1d\u00e1n\u00ed a p\u0159esouv\u00e1n\u00ed zeminy nebo suti. Hydraulick\u00fd syst\u00e9m umo\u017e\u0148uje p\u0159esn\u00e9 ovl\u00e1d\u00e1n\u00ed pohybu l\u017e\u00edce, co\u017e obsluze umo\u017e\u0148uje dos\u00e1hnout p\u0159esn\u00e9 hloubky kop\u00e1n\u00ed a efektivn\u00ed manipulace s materi\u00e1lem. Tato schopnost je nezbytn\u00e1 ve stavebnictv\u00ed, kde efektivita a p\u0159esnost mohou v\u00fdznamn\u011b ovlivnit \u010dasov\u00e9 harmonogramy a v\u00fdsledky projektu.<\/p>\n<h3>Zem\u011bd\u011blsk\u00e9 stroje<\/h3>\n<p>V\u00e1lce v\u00fdlo\u017en\u00edku, pou\u017e\u00edvan\u00e9 v \u010deln\u00edch naklada\u010d\u00edch, jsou nezbytn\u00e9 pro nab\u00edr\u00e1n\u00ed, zved\u00e1n\u00ed a p\u0159epravu p\u016fdy, sena a dal\u0161\u00edch materi\u00e1l\u016f. Zvy\u0161uj\u00ed provozn\u00ed efektivitu zem\u011bd\u011blsk\u00e9 techniky, usnad\u0148uj\u00ed zem\u011bd\u011blc\u016fm zvl\u00e1d\u00e1n\u00ed jejich ka\u017edodenn\u00edch \u00fakol\u016f a zvy\u0161uj\u00ed produktivitu na farm\u011b.<\/p>\n<h3>Bagry<\/h3>\n<p>U rypadel usnad\u0148uj\u00ed v\u00e1lce kore\u010dk\u016f rypadlov\u00fd pohyb t\u00edm, \u017ee umo\u017e\u0148uj\u00ed l\u017e\u00edci efektivn\u011b pronikat do p\u016fdy. Generovan\u00e1 hydraulick\u00e1 s\u00edla umo\u017e\u0148uje obsluze vynalo\u017eit dostate\u010dn\u00fd v\u00fdkon k prora\u017een\u00ed v n\u00e1ro\u010dn\u00fdch ter\u00e9nn\u00edch podm\u00ednk\u00e1ch, co\u017e \u010din\u00ed rypadla nepostradateln\u00e1 p\u0159i r\u016fzn\u00fdch v\u00fdkopov\u00fdch prac\u00edch.<\/p>\n<h3>Naklada\u010de<\/h3>\n<p>U \u010deln\u00edch naklada\u010d\u016f pom\u00e1haj\u00ed v\u00e1lce v\u00fdlo\u017en\u00edku efektivn\u011b zvedat a vykl\u00e1dat b\u0159emena. Tato funkce je kl\u00ed\u010dov\u00e1 pro \u00fakoly, jako je nakl\u00e1d\u00e1n\u00ed materi\u00e1l\u016f na n\u00e1kladn\u00ed automobily nebo p\u0159eprava materi\u00e1l\u016f z jednoho m\u00edsta na druh\u00e9, \u010d\u00edm\u017e se zvy\u0161uje celkov\u00e1 efektivita nakl\u00e1dac\u00edch operac\u00ed.<\/p>\n<h2>Konstruk\u010dn\u00ed aspekty a krit\u00e9ria v\u00fdb\u011bru<\/h2>\n<h3>Nosnost<\/h3>\n<p>P\u0159i v\u00fdb\u011bru v\u00e1lce v\u00fdlo\u017en\u00edku je nosnost z\u00e1sadn\u00edm faktorem. V\u00e1lec mus\u00ed b\u00fdt schopen zvl\u00e1dnout maxim\u00e1ln\u00ed zat\u00ed\u017een\u00ed o\u010dek\u00e1van\u00e9 b\u011bhem provozu, ani\u017e by byla ohro\u017eena bezpe\u010dnost nebo funk\u010dnost. Dob\u0159e navr\u017een\u00fd v\u00e1lec zajist\u00ed stabilitu a zabr\u00e1n\u00ed mechanick\u00e9mu selh\u00e1n\u00ed v n\u00e1ro\u010dn\u00fdch pracovn\u00edch podm\u00ednk\u00e1ch.<\/p>\n<h3>Integrita t\u011bsn\u011bn\u00ed<\/h3>\n<p>T\u011bsn\u011bn\u00ed hraje kl\u00ed\u010dovou roli ve v\u00fdkonu a \u017eivotnosti hydraulick\u00fdch v\u00e1lc\u016f. \u00da\u010dinn\u00e1 t\u011bsn\u011bn\u00ed zabra\u0148uj\u00ed \u00fanik\u016fm hydraulick\u00e9 kapaliny, co\u017e m\u016f\u017ee v\u00e9st ke sn\u00ed\u017een\u00ed \u00fa\u010dinnosti a potenci\u00e1ln\u00edmu selh\u00e1n\u00ed syst\u00e9mu. V\u00fdb\u011br vysoce kvalitn\u00edch t\u011bsn\u011bn\u00ed a zaji\u0161t\u011bn\u00ed spr\u00e1vn\u00e9 instalace jsou z\u00e1sadn\u00ed pro zachov\u00e1n\u00ed integrity hydraulick\u00e9ho syst\u00e9mu.<\/p>\n<h3>Trvanlivost<\/h3>\n<p>Pro v\u00e1lce v\u00fdlo\u017en\u00edku pracuj\u00edc\u00ed v n\u00e1ro\u010dn\u00fdch podm\u00ednk\u00e1ch je nezbytn\u00e1 odoln\u00e1 konstrukce. Faktory, jako je v\u00fdb\u011br materi\u00e1lu, povrchov\u00e9 \u00fapravy a ochrann\u00e9 povlaky, p\u0159isp\u00edvaj\u00ed ke schopnosti v\u00e1lce odol\u00e1vat opot\u0159eben\u00ed, korozi a dal\u0161\u00edm form\u00e1m po\u0161kozen\u00ed v pr\u016fb\u011bhu \u010dasu, co\u017e zaji\u0161\u0165uje spolehliv\u00fd v\u00fdkon i v n\u00e1ro\u010dn\u00fdch podm\u00ednk\u00e1ch.<\/p>\n<h3>Bezpe\u010dnostn\u00ed prvky<\/h3>\n<p>Za\u010dlen\u011bn\u00ed bezpe\u010dnostn\u00edch prvk\u016f do konstrukce v\u00e1lc\u016f v\u00fdlo\u017en\u00edku je z\u00e1sadn\u00ed pro ochranu obsluhy a stroj\u016f. Pat\u0159\u00ed sem p\u0159etlakov\u00e9 ventily, ochrana proti p\u0159et\u00ed\u017een\u00ed a bezpe\u010dnostn\u00ed blokov\u00e1n\u00ed. Tyto prvky pom\u00e1haj\u00ed p\u0159edch\u00e1zet nehod\u00e1m a mechanick\u00fdm poruch\u00e1m a zaji\u0161\u0165uj\u00ed bezpe\u010dn\u00fd provoz v r\u016fzn\u00fdch aplikac\u00edch.<\/p>\n<h3>\u00dadr\u017eba a opravitelnost<\/h3>\n<p>Konstruk\u010dn\u00ed aspekty by m\u011bly up\u0159ednost\u0148ovat tak\u00e9 snadnou \u00fadr\u017ebu. V\u00e1lec, kter\u00fd umo\u017e\u0148uje snadnou kontrolu, servis a v\u00fdm\u011bnu d\u00edl\u016f, sn\u00ed\u017e\u00ed prostoje a n\u00e1klady na \u00fadr\u017ebu. Prvky, jako jsou p\u0159\u00edstupn\u00e1 t\u011bsn\u011bn\u00ed a vym\u011bniteln\u00e9 komponenty, mohou v\u00fdrazn\u011b zv\u00fd\u0161it celkovou spolehlivost a \u017eivotnost hydraulick\u00e9ho v\u00e1lce.<\/p>\n<p><img decoding=\"async\" src=\"https:\/\/www.hydraulic-cylinders.net\/wp-content\/uploads\/2025\/04\/songte-oil-pipes-and-spare-parts.webp\" alt=\"Olejov\u00e9 trubky a n\u00e1hradn\u00ed d\u00edly\"><\/p>\n<h2>T\u011bsn\u011bn\u00ed a maz\u00e1n\u00ed<\/h2>\n<p>T\u011bsn\u011bn\u00ed a maz\u00e1n\u00ed v\u00e1lc\u016f v\u00fdlo\u017en\u00edku jsou z\u00e1sadn\u00ed pro jejich v\u00fdkon a \u017eivotnost. K zabr\u00e1n\u011bn\u00ed \u00faniku hydraulick\u00e9 kapaliny a udr\u017een\u00ed tlaku se pou\u017e\u00edvaj\u00ed r\u016fzn\u00e1 t\u011bsn\u011bn\u00ed, jako jsou p\u00edstn\u00ed t\u011bsn\u011bn\u00ed a t\u011bsn\u011bn\u00ed p\u00edstnice. T\u011bsn\u011bn\u00ed vyroben\u00e1 z odoln\u00fdch materi\u00e1l\u016f, jako je polyuretan a nitrilov\u00e1 pry\u017e, jsou up\u0159ednost\u0148ov\u00e1na pro svou odolnost proti opot\u0159eben\u00ed. T\u011bleso v\u00e1lce a z\u00e1vitov\u00e9 konce jsou nav\u00edc p\u0159esn\u011b opracov\u00e1ny pro zv\u00fd\u0161en\u00ed odolnosti. Pravideln\u00e9 maz\u00e1n\u00ed hydraulick\u00fdm olejem je nezbytn\u00e9 pro zaji\u0161t\u011bn\u00ed plynul\u00e9ho provozu a prevenci opot\u0159eben\u00ed.<\/p>\n<h2>Preventivn\u00ed \u00fadr\u017ebov\u00e1 opat\u0159en\u00ed<\/h2>\n<ul>\n<li><strong>Pravideln\u00e9 kontroly:<\/strong> Pravideln\u011b kontrolujte zn\u00e1mky opot\u0159eben\u00ed, net\u011bsnost\u00ed nebo po\u0161kozen\u00ed, aby se zajistilo optim\u00e1ln\u00ed fungov\u00e1n\u00ed hydraulick\u00e9ho syst\u00e9mu.<\/li>\n<li><strong>Vhodn\u00e9 maz\u00e1n\u00ed:<\/strong> Zajist\u011bte dostate\u010dn\u00e9 maz\u00e1n\u00ed v\u00e1lce a jeho sou\u010d\u00e1st\u00ed, abyste minimalizovali t\u0159en\u00ed a prodlou\u017eili \u017eivotnost.<\/li>\n<li><strong>V\u00fdm\u011bna t\u011bsn\u011bn\u00ed:<\/strong> Pravideln\u011b vym\u011b\u0148ujte t\u011bsn\u011bn\u00ed, abyste zabr\u00e1nili net\u011bsnostem a udr\u017eeli hydraulickou \u00fa\u010dinnost.<\/li>\n<\/ul>\n<h2>Pokyny k instalaci<\/h2>\n<p>Spr\u00e1vn\u00e1 instalace v\u00e1lce v\u00fdlo\u017en\u00edku je z\u00e1sadn\u00ed pro optim\u00e1ln\u00ed v\u00fdkon. Za\u010dn\u011bte t\u00edm, \u017ee se ujist\u00edte, \u017ee v\u0161echny mont\u00e1\u017en\u00ed povrchy jsou \u010dist\u00e9 a bez ne\u010distot. V\u00e1lec p\u0159esn\u011b vyrovnejte s upev\u0148ovac\u00edmi body a zajist\u011bte jej pomoc\u00ed vhodn\u00fdch podp\u011brn\u00fdch konzol. Je nezbytn\u00e9 dodr\u017eovat specifikace v\u00fdrobce ohledn\u011b nastaven\u00ed utahovac\u00edho momentu a toleranc\u00ed vyrovn\u00e1n\u00ed. Po instalaci zkontrolujte t\u011bsnost hydraulick\u00fdch spoj\u016f a p\u0159ed testov\u00e1n\u00edm provozu se ujist\u011bte, \u017ee je syst\u00e9m napln\u011bn spr\u00e1vnou hydraulickou kapalinou.<\/p>\n<h2>\u00dakoly \u00fadr\u017eby<\/h2>\n<h3>Pravideln\u00e9 kontroly<\/h3>\n<p>Prov\u00e1d\u011bn\u00ed pravideln\u00fdch kontrol v\u00e1lce v\u00fdlo\u017en\u00edku je nezbytn\u00e9 pro identifikaci potenci\u00e1ln\u00edch probl\u00e9m\u016f d\u0159\u00edve, ne\u017e se vyhrot\u00ed. Pat\u0159\u00ed sem kontrola vn\u011bj\u0161\u00edch net\u011bsnost\u00ed, kontrola opot\u0159eben\u00ed t\u011bsn\u011bn\u00ed a zaji\u0161t\u011bn\u00ed spr\u00e1vn\u00e9ho se\u0159\u00edzen\u00ed v\u00e1lce. V\u010dasn\u00e9 odhalen\u00ed probl\u00e9m\u016f m\u016f\u017ee zabr\u00e1nit n\u00e1kladn\u00fdm oprav\u00e1m a prostoj\u016fm.<\/p>\n<h3>Spr\u00e1vn\u00e9 maz\u00e1n\u00ed<\/h3>\n<p>Pravideln\u00e9 maz\u00e1n\u00ed hydraulick\u00e9ho v\u00e1lce je z\u00e1sadn\u00ed pro udr\u017een\u00ed jeho funk\u010dnosti. Zajist\u011bte, aby byl pou\u017eit vhodn\u00fd hydraulick\u00fd olej a aby mazac\u00ed m\u00edsta byla snadno p\u0159\u00edstupn\u00e1. Spr\u00e1vn\u00e9 maz\u00e1n\u00ed sni\u017euje t\u0159en\u00ed a opot\u0159eben\u00ed, prodlu\u017euje \u017eivotnost v\u00e1lce a zaji\u0161\u0165uje hladk\u00fd provoz.<\/p>\n<h3>V\u00fdm\u011bna t\u011bsn\u011bn\u00ed a kalibrace<\/h3>\n<p>V\u00fdm\u011bna opot\u0159ebovan\u00fdch nebo po\u0161kozen\u00fdch t\u011bsn\u011bn\u00ed je kritick\u00fdm \u00fakolem \u00fadr\u017eby, kter\u00fd by se nem\u011bl p\u0159ehl\u00ed\u017eet. Pravideln\u00e1 pl\u00e1novan\u00e1 \u00fadr\u017eba by m\u011bla zahrnovat kontrolu t\u011bsn\u011bn\u00ed a jejich v\u00fdm\u011bnu v p\u0159\u00edpad\u011b pot\u0159eby, aby se zabr\u00e1nilo \u00fanik\u016fm hydraulick\u00e9ho syst\u00e9mu. Kalibrace hydraulick\u00e9ho syst\u00e9mu nav\u00edc zaji\u0161\u0165uje optim\u00e1ln\u00ed v\u00fdkon a bezpe\u010dnost b\u011bhem provozu.<\/p>\n<p><img decoding=\"async\" src=\"https:\/\/www.hydraulic-cylinders.net\/wp-content\/uploads\/2025\/04\/songte-chushion-collar.webp\" alt=\"Pol\u0161t\u00e1\u0159ov\u00fd l\u00edmec\"><\/p>\n<h2>Bezpe\u010dnostn\u00ed aspekty a faktory prost\u0159ed\u00ed<\/h2>\n<p>P\u0159i pou\u017e\u00edv\u00e1n\u00ed hydraulick\u00fdch v\u00e1lc\u016f v\u00fdlo\u017en\u00edku jsou bezpe\u010dnostn\u00ed opat\u0159en\u00ed prvo\u0159ad\u00e1. Obsluha by m\u011bla b\u00fdt pro\u0161kolena v bezpe\u010dn\u00fdch provozn\u00edch postupech, v\u010detn\u011b toho, jak rozpoznat a reagovat na potenci\u00e1ln\u00ed nebezpe\u010d\u00ed. P\u0159i n\u00e1vrhu a v\u00fdb\u011bru hydraulick\u00fdch v\u00e1lc\u016f by se nav\u00edc m\u011bly zohlednit faktory prost\u0159ed\u00ed, jako jsou teplotn\u00ed extr\u00e9my a vystaven\u00ed korozivn\u00edm vliv\u016fm, aby byla zaji\u0161t\u011bna spolehlivost.<\/p>\n<h2>Diagnostika z\u00e1vad a b\u011b\u017en\u00e9 probl\u00e9my<\/h2>\n<ul>\n<li><strong>Hydraulick\u00e9 net\u011bsnosti:<\/strong> Zn\u00e1mky \u00faniku kapalin mohou nazna\u010dovat opot\u0159ebovan\u00e1 t\u011bsn\u011bn\u00ed nebo po\u0161kozen\u00e9 sou\u010d\u00e1sti.<\/li>\n<li><strong>Nedostate\u010dn\u00fd v\u00fdkon:<\/strong> Pokud se v\u00e1lec spr\u00e1vn\u011b nevysouv\u00e1 nebo nezasouv\u00e1, m\u016f\u017ee b\u00fdt nutn\u00e1 kontrola hladiny hydraulick\u00e9 kapaliny nebo vnit\u0159n\u00edho po\u0161kozen\u00ed.<\/li>\n<li><strong>Hluk b\u011bhem provozu:<\/strong> Abnorm\u00e1ln\u00ed zvuky mohou signalizovat probl\u00e9my v hydraulick\u00e9m syst\u00e9mu, jako je kavitace nebo kontaminace.<\/li>\n<\/ul>\n<h2>Tipy pro \u0159e\u0161en\u00ed probl\u00e9m\u016f<\/h2>\n<p>Pro efektivn\u00ed diagnostiku a \u0159e\u0161en\u00ed probl\u00e9m\u016f s v\u00e1lci v\u00fdlo\u017en\u00edku za\u010dn\u011bte vizu\u00e1ln\u00ed kontrolou t\u011bsnosti v\u0161ech hydraulick\u00fdch spoj\u016f. Zkontrolujte hladiny kapalin a vym\u011b\u0148te v\u0161echny opot\u0159ebovan\u00e9 sou\u010d\u00e1sti, abyste zabr\u00e1nili dal\u0161\u00edmu po\u0161kozen\u00ed. Prov\u00e1d\u011bjte preventivn\u00ed opat\u0159en\u00ed, jako je pravideln\u00e1 \u00fadr\u017eba a kontroly, abyste minimalizovali potenci\u00e1ln\u00ed probl\u00e9my.<\/p>\n<p><img decoding=\"async\" src=\"https:\/\/www.hydraulic-cylinders.net\/wp-content\/uploads\/2025\/04\/songte-bushings-with-all-kinds-of-excavator-models.webp\" alt=\"Pouzdra s modely bagr\u016f\"><\/p>\n<h2>O na\u0161\u00ed spole\u010dnosti<\/h2>\n<p>Jsme p\u0159edn\u00edm v\u00fdrobcem n\u00e1hradn\u00edch hydraulick\u00fdch v\u00e1lc\u016f a nab\u00edz\u00edme komplexn\u00ed sortiment produkt\u016f, kter\u00e9 spl\u0148uj\u00ed po\u017eadavky dom\u00e1c\u00edho i mezin\u00e1rodn\u00edho trhu. N\u00e1\u0161 z\u00e1vazek k dokonalosti se odr\u00e1\u017e\u00ed v na\u0161ich propracovan\u00fdch v\u00fdrobn\u00edch procesech, kter\u00e9 jsou podpo\u0159eny kvalifikovan\u00fdmi odborn\u00edky, nejmodern\u011bj\u0161\u00edmi technologiemi a p\u0159\u00edsn\u00fdmi syst\u00e9my kontroly kvality. Neust\u00e1le zlep\u0161ujeme na\u0161e v\u00fdrobn\u00ed kapacity, abychom na\u0161im z\u00e1kazn\u00edk\u016fm poskytovali vysoce \u00fa\u010dinn\u00e1, vysoce p\u0159esn\u00e1 a \u0161pi\u010dkov\u00e1 hydraulick\u00e1 \u0159e\u0161en\u00ed.<\/p>\n<p><img decoding=\"async\" src=\"https:\/\/www.hydraulic-cylinders.net\/wp-content\/uploads\/2025\/04\/songte-company-4.webp\" alt=\"Interi\u00e9r spole\u010dnosti\"><br \/>\n<img decoding=\"async\" src=\"https:\/\/www.hydraulic-cylinders.net\/wp-content\/uploads\/2025\/04\/songte-company-3.webp\" alt=\"V\u00fdrobn\u00ed proces\"><\/p>\n<h2>Z\u00e1v\u011br<\/h2>\n<p>Z\u00e1v\u011brem lze \u0159\u00edci, \u017ee v\u00e1lec v\u00fdlo\u017en\u00edku pro mal\u00e1 rypadla Caterpillar E300.9D301.7D je nezbytnou sou\u010d\u00e1st\u00ed pro efektivn\u00ed hydraulick\u00fd provoz t\u011b\u017ek\u00fdch stroj\u016f. Pochopen\u00ed jeho vlastnost\u00ed, pou\u017eit\u00ed a po\u017eadavk\u016f na \u00fadr\u017ebu zajist\u00ed optim\u00e1ln\u00ed v\u00fdkon a dlouhou \u017eivotnost.<\/p>\n<p>Autor: lyl<\/p>","protected":false},"excerpt":{"rendered":"<p>Boom Cylinder For Caterpillar Small Excavator E300.9D301.7D Product Overview The Boom Cylinder is an essential hydraulic component used in various heavy machinery, particularly in excavators like the Caterpillar E300.9D301.7D. It is primarily designed to control the movement of the bucket, allowing for efficient lifting, lowering, and tilting actions. The boom cylinder plays a crucial role [&hellip;]<\/p>","protected":false},"featured_media":17873,"comment_status":"open","ping_status":"closed","template":"","meta":{"_et_pb_use_builder":"","_et_pb_old_content":"","_et_gb_content_width":""},"product_brand":[],"product_cat":[1546],"product_tag":[1547,1496],"class_list":{"0":"post-18931","1":"product","2":"type-product","3":"status-publish","4":"has-post-thumbnail","6":"product_cat-boom-cylinders","7":"product_tag-boom-cylinders","8":"product_tag-hydraulic-cylinders","10":"first","11":"instock","12":"shipping-taxable","13":"product-type-simple"},"amp_enabled":true,"_links":{"self":[{"href":"https:\/\/www.hydraulic-cylinders.net\/cs\/wp-json\/wp\/v2\/product\/18931","targetHints":{"allow":["GET"]}}],"collection":[{"href":"https:\/\/www.hydraulic-cylinders.net\/cs\/wp-json\/wp\/v2\/product"}],"about":[{"href":"https:\/\/www.hydraulic-cylinders.net\/cs\/wp-json\/wp\/v2\/types\/product"}],"replies":[{"embeddable":true,"href":"https:\/\/www.hydraulic-cylinders.net\/cs\/wp-json\/wp\/v2\/comments?post=18931"}],"wp:featuredmedia":[{"embeddable":true,"href":"https:\/\/www.hydraulic-cylinders.net\/cs\/wp-json\/wp\/v2\/media\/17873"}],"wp:attachment":[{"href":"https:\/\/www.hydraulic-cylinders.net\/cs\/wp-json\/wp\/v2\/media?parent=18931"}],"wp:term":[{"taxonomy":"product_brand","embeddable":true,"href":"https:\/\/www.hydraulic-cylinders.net\/cs\/wp-json\/wp\/v2\/product_brand?post=18931"},{"taxonomy":"product_cat","embeddable":true,"href":"https:\/\/www.hydraulic-cylinders.net\/cs\/wp-json\/wp\/v2\/product_cat?post=18931"},{"taxonomy":"product_tag","embeddable":true,"href":"https:\/\/www.hydraulic-cylinders.net\/cs\/wp-json\/wp\/v2\/product_tag?post=18931"}],"curies":[{"name":"wp","href":"https:\/\/api.w.org\/{rel}","templated":true}]}}