{"id":18936,"date":"2025-04-07T06:03:10","date_gmt":"2025-04-07T06:03:10","guid":{"rendered":"https:\/\/www.hydraulic-cylinders.net\/product\/boom-cylinder-for-caterpillar-small-excavator-e313d2\/"},"modified":"2025-04-07T06:03:12","modified_gmt":"2025-04-07T06:03:12","slug":"boom-cylinder-for-caterpillar-small-excavator-e313d2","status":"publish","type":"product","link":"https:\/\/www.hydraulic-cylinders.net\/cs\/produkt\/boom-cylinder-for-caterpillar-small-excavator-e313d2\/","title":{"rendered":"V\u00e1lec v\u00fdlo\u017en\u00edku pro mal\u00e9 rypadlo Caterpillar E313D2"},"content":{"rendered":"<h1>V\u00e1lec v\u00fdlo\u017en\u00edku pro mal\u00e9 rypadlo Caterpillar E313D2<\/h1>\n<h2>\u00davod k v\u00e1lci v\u00fdlo\u017en\u00edku<\/h2>\n<p>Hydraulick\u00fd v\u00e1lec v\u00fdlo\u017en\u00edku je kl\u00ed\u010dovou sou\u010d\u00e1st\u00ed hydraulick\u00fdch syst\u00e9m\u016f, speci\u00e1ln\u011b navr\u017een\u00fd pro ovl\u00e1d\u00e1n\u00ed pohybu l\u017e\u00edc v t\u011b\u017ek\u00fdch stroj\u00edch, jako jsou bagry, rypadla-naklada\u010de a \u010deln\u00ed naklada\u010de. Tento hydraulick\u00fd v\u00e1lec umo\u017e\u0148uje zved\u00e1n\u00ed, spou\u0161t\u011bn\u00ed a nakl\u00e1p\u011bn\u00ed l\u017e\u00edce, co\u017e usnad\u0148uje efektivn\u00ed manipulaci s materi\u00e1lem. Funk\u010dnost v\u00e1lce v\u00fdlo\u017en\u00edku je nezbytn\u00e1 pro provoz stavebn\u00edch a zem\u011bd\u011blsk\u00fdch stroj\u016f a poskytuje pot\u0159ebnou s\u00edlu pro prov\u00e1d\u011bn\u00ed slo\u017eit\u00fdch \u00fakol\u016f v n\u00e1ro\u010dn\u00e9m prost\u0159ed\u00ed.<\/p>\n<p><img decoding=\"async\" src=\"https:\/\/www.hydraulic-cylinders.net\/wp-content\/uploads\/2025\/04\/songte-company-1.webp\" alt=\"V\u00e1lec v\u00fdlo\u017en\u00edku\"><\/p>\n<h3>Definice a p\u0159ehled<\/h3>\n<p>V\u00e1lec v\u00fdlo\u017en\u00edku pracuje pomoc\u00ed hydraulick\u00e9ho tlaku, kter\u00fd umo\u017e\u0148uje plynul\u00e9 vysouv\u00e1n\u00ed a zasouv\u00e1n\u00ed. Rychle reaguje na povely obsluhy a nab\u00edz\u00ed siln\u00e9 tlakov\u00e9 a ta\u017en\u00e9 s\u00edly, d\u00edky \u010demu\u017e je vhodn\u00fd pro manipulaci s t\u011b\u017ek\u00fdmi b\u0159emeny a slo\u017eit\u00e9 provozn\u00ed \u00fakoly. Tento typ hydraulick\u00e9ho v\u00e1lce je navr\u017een tak, aby odolal vysok\u00e9mu tlaku a t\u011b\u017ek\u00fdm b\u0159emen\u016fm a z\u00e1rove\u0148 zajistil odolnost a dlouhou \u017eivotnost, co\u017e z n\u011bj \u010din\u00ed kl\u00ed\u010dov\u00fd prvek pro efektivn\u00ed provoz stavebn\u00edch stroj\u016f.<\/p>\n<h2>Vlastnosti v\u00e1lce v\u00fdlo\u017en\u00edku<\/h2>\n<ul>\n<li><strong>Vysok\u00e1 pevnost a trvanlivost:<\/strong> V\u00e1lec v\u00fdlo\u017en\u00edku je vyroben z vysokopevnostn\u00ed oceli nebo hlin\u00edku a je konstruov\u00e1n tak, aby odolal vysok\u00fdm tlak\u016fm a vysok\u00fdm z\u00e1t\u011b\u017e\u00edm a odolal n\u00e1ro\u010dn\u00fdm pracovn\u00edm podm\u00ednk\u00e1m. Konstrukce klade d\u016fraz na odolnost proti opot\u0159eben\u00ed a korozi, \u010d\u00edm\u017e prodlu\u017euje jeho provozn\u00ed \u017eivotnost.<\/li>\n<li><strong>Efektivn\u00ed hydraulick\u00fd provoz:<\/strong> D\u00edky tlaku hydraulick\u00e9ho oleje dosahuje plynul\u00e9ho a rychl\u00e9ho vysouv\u00e1n\u00ed a zasouv\u00e1n\u00ed a poskytuje robustn\u00ed s\u00edly p\u0159i tla\u010den\u00ed a tahu, kter\u00e9 jsou ide\u00e1ln\u00ed pro zvl\u00e1d\u00e1n\u00ed t\u011b\u017ek\u00fdch a slo\u017eit\u00fdch \u00fakol\u016f.<\/li>\n<li><strong>R\u016fzn\u00e9 typy:<\/strong> V\u00e1lce v\u00fdlo\u017en\u00edku lze p\u0159izp\u016fsobit specifick\u00fdm pot\u0159eb\u00e1m a jsou k dispozici v jedno\u010dinn\u00e9m (ovl\u00e1daj\u00edc\u00edm se v jednom sm\u011bru) nebo dvoj\u010dinn\u00e9m (ovl\u00e1daj\u00edc\u00edm se ve dvou sm\u011brech) proveden\u00ed. N\u011bkter\u00e9 modely jsou teleskopick\u00e9, co\u017e umo\u017e\u0148uje v\u011bt\u0161\u00ed vysunut\u00ed bez zv\u011bt\u0161en\u00ed vn\u011bj\u0161\u00edch rozm\u011br\u016f, a jsou vhodn\u00e9 pro aplikace s omezen\u00fdm prostorem.<\/li>\n<li><strong>Zak\u00e1zkov\u00e1 v\u00fdroba:<\/strong> Na\u0161e produkty jsou navr\u017eeny tak, aby dokonale nahradily st\u00e1vaj\u00edc\u00ed hydraulick\u00e9 v\u00e1lce a zajistily tak kompatibilitu a v\u00fdkon.<\/li>\n<\/ul>\n<p><img decoding=\"async\" src=\"https:\/\/www.hydraulic-cylinders.net\/wp-content\/uploads\/2025\/04\/songte-cylinder-head-with-all-kinds-excavator-models.webp\" alt=\"Modely bagr\u016f\"><\/p>\n<h2>Aplikace v\u00e1lce v\u00fdlo\u017en\u00edku<\/h2>\n<h3>Stavebn\u00ed stroje<\/h3>\n<p>U bagr\u016f hraj\u00ed v\u00e1lce v\u00fdlo\u017en\u00edku kl\u00ed\u010dovou roli p\u0159i kop\u00e1n\u00ed, nakl\u00e1d\u00e1n\u00ed a p\u0159eprav\u011b zeminy nebo suti. Umo\u017e\u0148uj\u00ed l\u017e\u00edci proniknout do zem\u011b a dos\u00e1hnout hlub\u0161\u00edch materi\u00e1l\u016f, co\u017e je \u010din\u00ed nepostradateln\u00fdmi ve stavebn\u00edch projektech. Pomoc v\u00e1lc\u016f v\u00fdlo\u017en\u00edku u rypadlo-naklada\u010d\u016f pom\u00e1h\u00e1 nejen p\u0159i v\u00fdkopov\u00fdch, ale i p\u0159i zdvihac\u00edch operac\u00edch, co\u017e zvy\u0161uje v\u0161estrannost a efektivitu na staveni\u0161t\u00edch.<\/p>\n<h3>Zem\u011bd\u011blsk\u00e9 stroje<\/h3>\n<p>U \u010deln\u00edch naklada\u010d\u016f jsou v\u00e1lce v\u00fdlo\u017en\u00edku nezbytn\u00e9 pro nab\u00edr\u00e1n\u00ed, zved\u00e1n\u00ed a p\u0159epravu zeminy, sena a dal\u0161\u00edch materi\u00e1l\u016f. Jejich schopnost poskytovat pot\u0159ebnou s\u00edlu pro tyto \u00fakoly umo\u017e\u0148uje efektivn\u00ed \u0159\u00edzen\u00ed zem\u011bd\u011blsk\u00fdch operac\u00ed, co\u017e je \u010din\u00ed nezbytn\u00fdmi pro produktivitu v zem\u011bd\u011blsk\u00e9m prost\u0159ed\u00ed.<\/p>\n<h3>Bagry<\/h3>\n<p>U rypadel usnad\u0148uje v\u00e1lec v\u00fdlo\u017en\u00edku kop\u00e1n\u00ed t\u00edm, \u017ee umo\u017e\u0148uje l\u017e\u00edci efektivn\u011b pronikat do p\u016fdy. Tato schopnost umo\u017e\u0148uje obsluze efektivn\u011b vykop\u00e1vat r\u016fzn\u00e9 materi\u00e1ly a zaji\u0161\u0165uje tak hladk\u00fd postup stavebn\u00edch a zemn\u00edch prac\u00ed.<\/p>\n<h3>Naklada\u010de<\/h3>\n<p>U \u010deln\u00edch naklada\u010d\u016f pom\u00e1haj\u00ed v\u00e1lce v\u00fdlo\u017en\u00edku efektivn\u011b zvedat a vykl\u00e1dat b\u0159emena. Jejich hydraulick\u00fd pohon zaji\u0161\u0165uje snadnou manipulaci s t\u011b\u017ek\u00fdmi materi\u00e1ly, co\u017e zlep\u0161uje celkov\u00fd v\u00fdkon p\u0159i nakl\u00e1d\u00e1n\u00ed a vykl\u00e1d\u00e1n\u00ed ve stavebnictv\u00ed a krajin\u00e1\u0159stv\u00ed.<\/p>\n<h2>Konstruk\u010dn\u00ed aspekty a krit\u00e9ria v\u00fdb\u011bru<\/h2>\n<h3>Nosnost<\/h3>\n<p>P\u0159i v\u00fdb\u011bru v\u00e1lce v\u00fdlo\u017en\u00edku je prvo\u0159ad\u00e9 pochopen\u00ed jeho nosnosti. Mus\u00ed b\u00fdt schopen un\u00e9st maxim\u00e1ln\u00ed hmotnost, s n\u00ed\u017e se setk\u00e1 b\u011bhem provozu, ani\u017e by to ohrozilo jeho v\u00fdkon. To zahrnuje zv\u00e1\u017een\u00ed materi\u00e1l\u016f pou\u017eit\u00fdch p\u0159i v\u00fdrob\u011b, jako\u017e i konstruk\u010dn\u00edch a technick\u00fdch standard\u016f v\u00e1lce.<\/p>\n<h3>T\u011bsnic\u00ed mechanismy<\/h3>\n<p>\u00da\u010dinn\u00e9 t\u011bsn\u011bn\u00ed je pro hydraulick\u00e9 v\u00e1lce z\u00e1sadn\u00ed, aby se zabr\u00e1nilo \u00faniku kapaliny, co\u017e m\u016f\u017ee v\u00e9st ke sn\u00ed\u017een\u00ed \u00fa\u010dinnosti a potenci\u00e1ln\u00edmu selh\u00e1n\u00ed za\u0159\u00edzen\u00ed. Vysoce kvalitn\u00ed t\u011bsn\u011bn\u00ed, jako jsou t\u011bsn\u011bn\u00ed p\u00edst\u016f a p\u00edstnic, vyroben\u00e1 z odoln\u00fdch materi\u00e1l\u016f, jako je polyuretan nebo nitrilov\u00e1 pry\u017e, pom\u00e1haj\u00ed udr\u017eovat tlak a zaji\u0161\u0165uj\u00ed plynul\u00fd provoz.<\/p>\n<h3>Trvanlivost<\/h3>\n<p>Trvanlivost v\u00e1lce v\u00fdlo\u017en\u00edku je do zna\u010dn\u00e9 m\u00edry ovlivn\u011bna jeho materi\u00e1ly a konstrukc\u00ed. M\u011bl by b\u00fdt odoln\u00fd v\u016f\u010di opot\u0159eben\u00ed a korozi, zejm\u00e9na v n\u00e1ro\u010dn\u00fdch pracovn\u00edch podm\u00ednk\u00e1ch. \u00daprava t\u011blesa a povrch\u016f v\u00e1lce hraje v\u00fdznamnou roli p\u0159i zvy\u0161ov\u00e1n\u00ed jeho \u017eivotnosti a spolehlivosti.<\/p>\n<h3>Bezpe\u010dnost<\/h3>\n<p>Bezpe\u010dnostn\u00ed prvky by m\u011bly b\u00fdt integrov\u00e1ny do konstrukce v\u00e1lce v\u00fdlo\u017en\u00edku. Pat\u0159\u00ed sem p\u0159etlakov\u00e9 ventily, kter\u00e9 zabra\u0148uj\u00ed p\u0159et\u00ed\u017een\u00ed, a tak\u00e9 bezpe\u010dnostn\u00ed mechanismy, kter\u00e9 chr\u00e1n\u00ed p\u0159ed n\u00e1hl\u00fdmi poruchami. Zaji\u0161t\u011bn\u00ed spln\u011bn\u00ed bezpe\u010dnostn\u00edch norem v\u00e1lce je z\u00e1sadn\u00ed pro provozn\u00ed bezpe\u010dnost a dodr\u017eov\u00e1n\u00ed p\u0159edpis\u016f.<\/p>\n<h3>\u00dadr\u017eba a provozuschopnost<\/h3>\n<p>P\u0159i n\u00e1vrhu a v\u00fdb\u011bru v\u00e1lce v\u00fdlo\u017en\u00edku je nezbytn\u00e9 db\u00e1t na \u00fadr\u017ebu. Sou\u010d\u00e1sti by m\u011bly b\u00fdt snadno p\u0159\u00edstupn\u00e9 pro b\u011b\u017en\u00e9 kontroly a opravy a m\u011bly by b\u00fdt poskytnuty jasn\u00e9 pokyny pro \u00fadr\u017ebu, aby se prodlou\u017eila \u017eivotnost v\u00e1lce a zajistil konzistentn\u00ed v\u00fdkon.<\/p>\n<p><img decoding=\"async\" src=\"https:\/\/www.hydraulic-cylinders.net\/wp-content\/uploads\/2025\/04\/songte-oil-pipes-and-spare-parts.webp\" alt=\"Hydraulick\u00e9 d\u00edly\"><\/p>\n<h2>T\u011bsn\u011bn\u00ed a maz\u00e1n\u00ed<\/h2>\n<p>Pou\u017eit\u00ed r\u016fzn\u00fdch t\u011bsnic\u00edch komponent\u016f, jako jsou t\u011bsn\u011bn\u00ed p\u00edst\u016f a p\u00edstnic, zaji\u0161\u0165uje integritu hydraulick\u00fdch syst\u00e9m\u016f. T\u011bsn\u011bn\u00ed vyroben\u00e1 z materi\u00e1l\u016f odoln\u00fdch proti opot\u0159eben\u00ed, jako je polyuretan a nitrilov\u00e1 pry\u017e, jsou nezbytn\u00e1 pro udr\u017een\u00ed tlaku a prevenci \u00fanik\u016f kapalin. T\u011bleso v\u00e1lce a z\u00e1vitov\u00e9 konce by m\u011bly b\u00fdt jemn\u011b opracov\u00e1ny, aby se zv\u00fd\u0161ila trvanlivost. Pravideln\u00e9 maz\u00e1n\u00ed hydraulick\u00fdm olejem je nezbytn\u00e9 pro hladk\u00fd chod syst\u00e9mu a pro sn\u00ed\u017een\u00ed opot\u0159eben\u00ed pohybliv\u00fdch \u010d\u00e1st\u00ed.<\/p>\n<h2>Pokyny pro \u00fadr\u017ebu<\/h2>\n<ul>\n<li><strong>Pravideln\u00e9 kontroly:<\/strong> Prov\u00e1d\u011bn\u00ed pravideln\u00fdch kontrol zn\u00e1mek opot\u0159eben\u00ed, net\u011bsnost\u00ed nebo neobvykl\u00fdch zvuk\u016f je z\u00e1sadn\u00ed. V\u010dasn\u00e9 odhalen\u00ed probl\u00e9m\u016f m\u016f\u017ee zabr\u00e1nit z\u00e1va\u017en\u00fdm poruch\u00e1m a n\u00e1kladn\u00fdm oprav\u00e1m.<\/li>\n<li><strong>Spr\u00e1vn\u00e9 maz\u00e1n\u00ed:<\/strong> Zaji\u0161t\u011bn\u00ed dostate\u010dn\u00e9 hladiny hydraulick\u00e9ho oleje a maz\u00e1n\u00ed doporu\u010den\u00fdmi oleji zv\u00fd\u0161\u00ed v\u00fdkon a \u017eivotnost v\u00e1lce v\u00fdlo\u017en\u00edku.<\/li>\n<li><strong>V\u00fdm\u011bna t\u011bsn\u011bn\u00ed:<\/strong> Pravideln\u00e9 hodnocen\u00ed stavu t\u011bsn\u011bn\u00ed, zda nejsou opot\u0159ebovan\u00e1 nebo po\u0161kozen\u00e1, a jejich v\u00fdm\u011bna v p\u0159\u00edpad\u011b pot\u0159eby zabr\u00e1n\u00ed \u00fanik\u016fm a udr\u017e\u00ed \u00fa\u010dinnost syst\u00e9mu.<\/li>\n<\/ul>\n<h2>Pokyny k instalaci<\/h2>\n<p>Pro efektivn\u00ed instalaci v\u00e1lce v\u00fdlo\u017en\u00edku je spr\u00e1vn\u00e9 usazen\u00ed z\u00e1sadn\u00ed. Je t\u0159eba zajistit spr\u00e1vnou polohu v\u00e1lce, aby se zabr\u00e1nilo jeho p\u0159ed\u010dasn\u00e9mu opot\u0159eben\u00ed nebo selh\u00e1n\u00ed. Pou\u017eit\u00ed vhodn\u00fdch mont\u00e1\u017en\u00edch konzol pom\u016f\u017ee v\u00e1lec pevn\u011b upevnit. Je nezbytn\u00e9 dodr\u017eovat specifikace v\u00fdrobce ohledn\u011b nastaven\u00ed utahovac\u00edho momentu a spojovac\u00edch armatur. Po instalaci nechte v\u00e1lec pracovat pod n\u00edzk\u00fdm tlakem, abyste p\u0159ed pln\u00fdm provozem zkontrolovali jeho spr\u00e1vnou funkci.<\/p>\n<h2>B\u011b\u017en\u00e9 \u00fakoly \u00fadr\u017eby<\/h2>\n<ul>\n<li><strong>Pravideln\u00e9 kontroly:<\/strong> Pravideln\u00e1 kontrola v\u00e1lec v\u00fdlo\u017en\u00edku, zda nedoch\u00e1z\u00ed k \u00fanik\u016fm nebo po\u0161kozen\u00ed, je nezbytn\u00e1. Hledejte jak\u00e9koli zn\u00e1mky \u00faniku kapaliny nebo opot\u0159eben\u00ed, kter\u00e9 by mohly nazna\u010dovat potenci\u00e1ln\u00ed poruchy.<\/li>\n<li><strong>Vhodn\u00e9 maz\u00e1n\u00ed:<\/strong> Zaji\u0161t\u011bn\u00ed optim\u00e1ln\u00ed hladiny hydraulick\u00e9ho oleje sn\u00ed\u017e\u00ed t\u0159en\u00ed a opot\u0159eben\u00ed vnit\u0159n\u00edch sou\u010d\u00e1st\u00ed. Pou\u017e\u00edvejte doporu\u010den\u00e1 maziva a dodr\u017eujte pokyny t\u00fdkaj\u00edc\u00ed se frekvence a mno\u017estv\u00ed.<\/li>\n<li><strong>V\u00fdm\u011bna t\u011bsn\u011bn\u00ed a kontroly kalibrace:<\/strong> Pravideln\u011b kontrolujte opot\u0159eben\u00ed t\u011bsn\u011bn\u00ed a v p\u0159\u00edpad\u011b pot\u0159eby je vym\u011b\u0148te. Kalibrace v\u00e1lce zaji\u0161\u0165uje jeho provoz v r\u00e1mci stanoven\u00fdch parametr\u016f a zachov\u00e1n\u00ed \u00fa\u010dinnosti a bezpe\u010dnosti.<\/li>\n<\/ul>\n<h2>Bezpe\u010dnostn\u00ed aspekty a faktory prost\u0159ed\u00ed<\/h2>\n<p>Bezpe\u010dnostn\u00ed opat\u0159en\u00ed jsou p\u0159i obsluze v\u00e1lc\u016f v\u00fdlo\u017en\u00edku prvo\u0159ad\u00e1. Obsluha by m\u011bla b\u00fdt pro\u0161kolena ve spr\u00e1vn\u00e9m pou\u017e\u00edv\u00e1n\u00ed a manipulaci s hydraulick\u00fdm za\u0159\u00edzen\u00edm, aby se p\u0159ede\u0161lo nehod\u00e1m. Zaji\u0161t\u011bn\u00ed instalace ochrann\u00fdch kryt\u016f a pravideln\u00e9 kontroly v\u0161ech hydraulick\u00fdch komponent pom\u016f\u017ee zm\u00edrnit rizika. Krom\u011b toho by m\u011bly b\u00fdt dodr\u017eov\u00e1ny environment\u00e1ln\u00ed aspekty, jako je spr\u00e1vn\u00e1 likvidace hydraulick\u00fdch kapalin a minimalizace \u00fanik\u016f, aby se chr\u00e1nil ekosyst\u00e9m.<\/p>\n<h2>Diagnostika poruch a b\u011b\u017en\u00e9 probl\u00e9my<\/h2>\n<ul>\n<li><strong>Probl\u00e9my s \u00faniky:<\/strong> K \u00fanik\u016fm kapalin m\u016f\u017ee doch\u00e1zet v d\u016fsledku opot\u0159ebovan\u00fdch t\u011bsn\u011bn\u00ed nebo armatur. Pravideln\u00e9 sledov\u00e1n\u00ed m\u016f\u017ee pomoci tyto probl\u00e9my v\u010das identifikovat a \u0159e\u0161it.<\/li>\n<li><strong>Nedostate\u010dn\u00fd v\u00fdkon:<\/strong> Pokud m\u00e1 v\u00e1lec v\u00fdlo\u017en\u00edku pot\u00ed\u017ee se zved\u00e1n\u00edm b\u0159emen, m\u016f\u017ee to znamenat n\u00edzkou hladinu hydraulick\u00e9 kapaliny nebo probl\u00e9my s \u010derpadlem. Kontrola hladiny kapalin a tlaku v syst\u00e9mu je nezbytn\u00e1.<\/li>\n<li><strong>Neobvykl\u00e9 zvuky:<\/strong> Hluky b\u011bhem provozu mohou nazna\u010dovat vnit\u0159n\u00ed po\u0161kozen\u00ed nebo pot\u0159ebu maz\u00e1n\u00ed. V\u010dasn\u00e9 pro\u0161et\u0159en\u00ed t\u011bchto zvuk\u016f m\u016f\u017ee zabr\u00e1nit dal\u0161\u00edmu po\u0161kozen\u00ed.<\/li>\n<\/ul>\n<h2>Tipy a \u0159e\u0161en\u00ed probl\u00e9m\u016f<\/h2>\n<p>Pro efektivn\u00ed \u0159e\u0161en\u00ed probl\u00e9m\u016f s v\u00e1lcem v\u00fdlo\u017en\u00edku je z\u00e1sadn\u00ed systematick\u00fd p\u0159\u00edstup. Za\u010dn\u011bte pozorov\u00e1n\u00edm p\u0159\u00edznak\u016f a kontrolou zjevn\u00fdch zn\u00e1mek po\u0161kozen\u00ed nebo net\u011bsnost\u00ed. Ujist\u011bte se, \u017ee hladina hydraulick\u00e9 kapaliny je dostate\u010dn\u00e1 a \u017ee v hydraulick\u00fdch potrub\u00edch nejsou \u017e\u00e1dn\u00e9 ucp\u00e1n\u00ed. Prov\u00e1d\u011bjte pravideln\u00e9 \u00fadr\u017eb\u00e1\u0159sk\u00e9 postupy, abyste minimalizovali riziko vzniku probl\u00e9m\u016f, a pokud probl\u00e9my p\u0159etrv\u00e1vaj\u00ed, pora\u010fte se s odborn\u00edky. Preventivn\u00ed opat\u0159en\u00ed, jako je dodr\u017eov\u00e1n\u00ed spr\u00e1vn\u00fdch provozn\u00edch pokyn\u016f a prov\u00e1d\u011bn\u00ed pravideln\u00fdch kontrol, mohou v\u00fdrazn\u011b sn\u00ed\u017eit \u010detnost potenci\u00e1ln\u00edch probl\u00e9m\u016f.<\/p>\n<p><img decoding=\"async\" src=\"https:\/\/www.hydraulic-cylinders.net\/wp-content\/uploads\/2025\/04\/songte-bushings-with-all-kinds-of-excavator-models.webp\" alt=\"Pouzdra pro bagry\"><\/p>\n<h2>O na\u0161\u00ed spole\u010dnosti<\/h2>\n<p>Jsme p\u0159edn\u00ed v\u00fdrobce a velkoobchodn\u00edk hydraulick\u00fdch v\u00e1lc\u016f, specializuj\u00edc\u00ed se na poskytov\u00e1n\u00ed vysoce kvalitn\u00edch n\u00e1hradn\u00edch d\u00edl\u016f pro r\u016fzn\u00e9 modely. N\u00e1\u0161 z\u00e1vazek k dokonalosti ve v\u00fdrob\u011b je pos\u00edlen komplexn\u00ed v\u00fdrobn\u00ed strategi\u00ed zam\u011b\u0159enou na p\u0159esnost a kontrolu kvality. Vyu\u017e\u00edv\u00e1me pokro\u010dil\u00e9 technologie a kvalifikovanou pracovn\u00ed s\u00edlu ke zv\u00fd\u0161en\u00ed na\u0161ich v\u00fdrobn\u00edch kapacit.<\/p>\n<p><img decoding=\"async\" src=\"https:\/\/www.hydraulic-cylinders.net\/wp-content\/uploads\/2025\/04\/songte-company-4.webp\" alt=\"P\u0159ehled spole\u010dnosti\"><br \/>\n<img decoding=\"async\" src=\"https:\/\/www.hydraulic-cylinders.net\/wp-content\/uploads\/2025\/04\/songte-company-3.webp\" alt=\"V\u00fdrobn\u00ed z\u00e1vod\"><\/p>\n<h3>Profesion\u00e1ln\u00ed odbornost<\/h3>\n<p>N\u00e1\u0161 t\u00fdm je vysoce kvalifikovan\u00fd a m\u00e1 znalosti v oblasti hydraulick\u00fdch syst\u00e9m\u016f, co\u017e zaji\u0161\u0165uje spln\u011bn\u00ed dom\u00e1c\u00edch i mezin\u00e1rodn\u00edch standard\u016f kvality a bezpe\u010dnosti. Nab\u00edz\u00edme slu\u017eby na m\u00edru p\u0159izp\u016fsoben\u00e9 specifick\u00fdm pot\u0159eb\u00e1m klient\u016f.<\/p>\n<h3>Mezin\u00e1rodn\u00ed certifikace<\/h3>\n<p>Na\u0161e produkty jsou certifikov\u00e1ny mezin\u00e1rodn\u00edmi standardy, kter\u00e9 zaru\u010duj\u00ed jejich kvalitu a spolehlivost. Prioritn\u00edm prvkem na\u0161ich v\u00fdrobn\u00edch proces\u016f je dodr\u017eov\u00e1n\u00ed vysok\u00fdch standard\u016f.<\/p>\n<h3>V\u00fdrobn\u00ed za\u0159\u00edzen\u00ed<\/h3>\n<p>Vyu\u017eit\u00ed nejmodern\u011bj\u0161\u00edho v\u00fdrobn\u00edho za\u0159\u00edzen\u00ed n\u00e1m umo\u017e\u0148uje vyr\u00e1b\u011bt hydraulick\u00e9 v\u00e1lce s vysokou p\u0159esnost\u00ed. Na\u0161e za\u0159\u00edzen\u00ed jsou vybavena pokro\u010dilou technologi\u00ed, kter\u00e1 zaji\u0161\u0165uje efektivitu a kvalitu ka\u017ed\u00e9ho produktu.<\/p>\n<h3>Poprodejn\u00ed podpora<\/h3>\n<p>Jsme hrd\u00ed na to, \u017ee poskytujeme vynikaj\u00edc\u00ed poprodejn\u00ed servis a pom\u00e1h\u00e1me na\u0161im z\u00e1kazn\u00edk\u016fm s jak\u00fdmikoli dotazy nebo probl\u00e9my, kter\u00e9 mohou nastat po zakoupen\u00ed. N\u00e1\u0161 specializovan\u00fd t\u00fdm podpory je v\u017edy p\u0159ipraven pomoci.<\/p>\n<p>\u4f5c\u8005 lyl<\/p>","protected":false},"excerpt":{"rendered":"<p>Boom Cylinder For Caterpillar Small Excavator E313D2 Introduction to Boom Cylinder The Boom Cylinder is a vital component in hydraulic systems, specifically designed for controlling the movement of buckets in heavy machinery such as excavators, backhoe loaders, and front loaders. This hydraulic cylinder allows the bucket to lift, lower, and tilt, facilitating efficient material handling [&hellip;]<\/p>","protected":false},"featured_media":17878,"comment_status":"open","ping_status":"closed","template":"","meta":{"_et_pb_use_builder":"","_et_pb_old_content":"","_et_gb_content_width":""},"product_brand":[],"product_cat":[1546],"product_tag":[1547,1496],"class_list":{"0":"post-18936","1":"product","2":"type-product","3":"status-publish","4":"has-post-thumbnail","6":"product_cat-boom-cylinders","7":"product_tag-boom-cylinders","8":"product_tag-hydraulic-cylinders","10":"first","11":"instock","12":"shipping-taxable","13":"product-type-simple"},"amp_enabled":true,"_links":{"self":[{"href":"https:\/\/www.hydraulic-cylinders.net\/cs\/wp-json\/wp\/v2\/product\/18936","targetHints":{"allow":["GET"]}}],"collection":[{"href":"https:\/\/www.hydraulic-cylinders.net\/cs\/wp-json\/wp\/v2\/product"}],"about":[{"href":"https:\/\/www.hydraulic-cylinders.net\/cs\/wp-json\/wp\/v2\/types\/product"}],"replies":[{"embeddable":true,"href":"https:\/\/www.hydraulic-cylinders.net\/cs\/wp-json\/wp\/v2\/comments?post=18936"}],"wp:featuredmedia":[{"embeddable":true,"href":"https:\/\/www.hydraulic-cylinders.net\/cs\/wp-json\/wp\/v2\/media\/17878"}],"wp:attachment":[{"href":"https:\/\/www.hydraulic-cylinders.net\/cs\/wp-json\/wp\/v2\/media?parent=18936"}],"wp:term":[{"taxonomy":"product_brand","embeddable":true,"href":"https:\/\/www.hydraulic-cylinders.net\/cs\/wp-json\/wp\/v2\/product_brand?post=18936"},{"taxonomy":"product_cat","embeddable":true,"href":"https:\/\/www.hydraulic-cylinders.net\/cs\/wp-json\/wp\/v2\/product_cat?post=18936"},{"taxonomy":"product_tag","embeddable":true,"href":"https:\/\/www.hydraulic-cylinders.net\/cs\/wp-json\/wp\/v2\/product_tag?post=18936"}],"curies":[{"name":"wp","href":"https:\/\/api.w.org\/{rel}","templated":true}]}}