{"id":18946,"date":"2025-04-07T06:03:36","date_gmt":"2025-04-07T06:03:36","guid":{"rendered":"https:\/\/www.hydraulic-cylinders.net\/product\/boom-cylinder-for-caterpillar-middle-excavator-e320dlrr\/"},"modified":"2025-04-07T06:03:38","modified_gmt":"2025-04-07T06:03:38","slug":"boom-cylinder-for-caterpillar-middle-excavator-e320dlrr","status":"publish","type":"product","link":"https:\/\/www.hydraulic-cylinders.net\/cs\/produkt\/boom-cylinder-for-caterpillar-middle-excavator-e320dlrr\/","title":{"rendered":"V\u00e1lec v\u00fdlo\u017en\u00edku pro st\u0159edn\u00ed bagr Caterpillar E320DLRR"},"content":{"rendered":"<h1>V\u00e1lec v\u00fdlo\u017en\u00edku pro st\u0159edn\u00ed bagr Caterpillar E320DLRR<\/h1>\n<h2>P\u0159ehled v\u00e1lce v\u00fdlo\u017en\u00edku<\/h2>\n<p>Hydraulick\u00fd v\u00e1lec v\u00fdlo\u017en\u00edku je kl\u00ed\u010dovou sou\u010d\u00e1st\u00ed hydraulick\u00fdch syst\u00e9m\u016f t\u011b\u017ek\u00fdch stroj\u016f, speci\u00e1ln\u011b navr\u017een\u00fdm pro ovl\u00e1d\u00e1n\u00ed pohybu l\u017e\u00edc rypadla. Tento typ hydraulick\u00e9ho v\u00e1lce usnad\u0148uje zved\u00e1n\u00ed, spou\u0161t\u011bn\u00ed a nakl\u00e1p\u011bn\u00ed l\u017e\u00edce, co\u017e ho \u010din\u00ed nezbytn\u00fdm pro manipulaci s materi\u00e1lem ve stavebnictv\u00ed a dal\u0161\u00edch pr\u016fmyslov\u00fdch odv\u011btv\u00edch.<\/p>\n<p>V podstat\u011b je v\u00e1lec v\u00fdlo\u017en\u00edku hydraulick\u00fd v\u00e1lec, kter\u00fd poskytuje p\u0159esn\u00e9 ovl\u00e1d\u00e1n\u00ed a pohon l\u017e\u00edce stroj\u016f, jako jsou bagry, rypadla a \u010deln\u00ed naklada\u010de. Plynul\u00fd chod t\u011bchto v\u00e1lc\u016f zaji\u0161\u0165uje efektivn\u00ed kop\u00e1n\u00ed, nakl\u00e1d\u00e1n\u00ed a p\u0159epravu materi\u00e1l\u016f, co\u017e zvy\u0161uje produktivitu na staveni\u0161t\u00edch.<\/p>\n<p><img decoding=\"async\" src=\"https:\/\/www.hydraulic-cylinders.net\/wp-content\/uploads\/2025\/04\/songte-company-1.webp\" alt=\"Hydraulick\u00fd v\u00e1lec\" \/><\/p>\n<h2>Vlastnosti v\u00e1lce v\u00fdlo\u017en\u00edku<\/h2>\n<ul>\n<li><strong>Vysok\u00e1 pevnost a trvanlivost:<\/strong> Tyto v\u00e1lce, vyroben\u00e9 z vysokopevnostn\u00ed oceli nebo hlin\u00edku, odol\u00e1vaj\u00ed vysok\u00e9mu tlaku a velk\u00e9mu zat\u00ed\u017een\u00ed, tak\u017ee jsou vhodn\u00e9 pro n\u00e1ro\u010dn\u00e9 pracovn\u00ed prost\u0159ed\u00ed.<\/li>\n<li><strong>Efektivn\u00ed hydraulick\u00fd provoz:<\/strong> Tyto v\u00e1lce vyu\u017e\u00edvaj\u00ed hydraulick\u00fd tlak oleje pro plynul\u00e9 vysouv\u00e1n\u00ed a zasouv\u00e1n\u00ed a poskytuj\u00ed rychlou odezvu na ovl\u00e1dac\u00ed povely a dod\u00e1vaj\u00ed siln\u00e9 tlakov\u00e9 a ta\u017en\u00e9 s\u00edly, ide\u00e1ln\u00ed pro manipulaci s t\u011b\u017ek\u00fdmi materi\u00e1ly.<\/li>\n<li><strong>R\u016fzn\u00e9 typy:<\/strong> Tyto v\u00e1lce, kter\u00e9 jsou k dispozici v jedno\u010dinn\u00e9m (funguje v jednom sm\u011bru) nebo dvoj\u010dinn\u00e9m (funguje v obou sm\u011brech), mohou spl\u0148ovat r\u016fzn\u00e9 provozn\u00ed po\u017eadavky. N\u011bkter\u00e9 modely maj\u00ed teleskopickou konstrukci, kter\u00e1 umo\u017e\u0148uje v\u011bt\u0161\u00ed vysunut\u00ed bez zv\u011bt\u0161en\u00ed vn\u011bj\u0161\u00edch rozm\u011br\u016f, co\u017e je ide\u00e1ln\u00ed pro aplikace s omezen\u00fdm prostorem.<\/li>\n<li><strong>Mo\u017enosti p\u0159izp\u016fsoben\u00ed:<\/strong> Na\u0161e produkty dok\u00e1\u017e\u00ed dokonale nahradit \u0159adu hydraulick\u00fdch v\u00e1lc\u016f a vyhov\u011bt tak specifick\u00fdm pot\u0159eb\u00e1m projektu a po\u017eadavk\u016fm na v\u00fdkon.<\/li>\n<\/ul>\n<p><img decoding=\"async\" src=\"https:\/\/www.hydraulic-cylinders.net\/wp-content\/uploads\/2025\/04\/songte-cylinder-head-with-all-kinds-excavator-models.webp\" alt=\"Modely bagr\u016f\" \/><\/p>\n<h2>Aplikace v\u00e1lce v\u00fdlo\u017en\u00edku<\/h2>\n<h3>Stavebn\u00ed stroje<\/h3>\n<p>U bagr\u016f jsou v\u00e1lce v\u00fdlo\u017en\u00edku nezbytn\u00e9 pro kop\u00e1n\u00ed, nakl\u00e1d\u00e1n\u00ed a p\u0159emis\u0165ov\u00e1n\u00ed zeminy nebo suti. Umo\u017e\u0148uj\u00ed l\u017e\u00edci proniknout do zem\u011b, co\u017e zefektiv\u0148uje v\u00fdkopov\u00e9 pr\u00e1ce. U r\u00fdpadlo-naklada\u010d\u016f tyto v\u00e1lce nav\u00edc pom\u00e1haj\u00ed nejen p\u0159i kop\u00e1n\u00ed, ale i p\u0159i zved\u00e1n\u00ed, co\u017e ukazuje jejich v\u0161estrannost u r\u016fzn\u00fdch typ\u016f stroj\u016f.<\/p>\n<h3>Zem\u011bd\u011blsk\u00e9 stroje<\/h3>\n<p>U \u010deln\u00edch naklada\u010d\u016f se v\u00e1lce v\u00fdlo\u017en\u00edku pou\u017e\u00edvaj\u00ed k nab\u00edr\u00e1n\u00ed, zved\u00e1n\u00ed a p\u0159eprav\u011b zeminy, sena a dal\u0161\u00edch materi\u00e1l\u016f. Jejich robustn\u00ed konstrukce umo\u017e\u0148uje zem\u011bd\u011blc\u016fm snadno manipulovat s t\u011b\u017ek\u00fdmi b\u0159emeny, co\u017e zvy\u0161uje produktivitu p\u0159i r\u016fzn\u00fdch zem\u011bd\u011blsk\u00fdch \u00fakonech.<\/p>\n<h3>Bagry<\/h3>\n<p>V\u00e1lec l\u017e\u00edce umo\u017e\u0148uje rypadl\u016fm prov\u00e1d\u011bt efektivn\u00ed kopac\u00ed \u010dinnosti t\u00edm, \u017ee l\u017e\u00edci bez n\u00e1mahy pronik\u00e1 do zeminy. Tato funkce je kl\u00ed\u010dov\u00e1 pro stavebn\u00ed a zemn\u00ed pr\u00e1ce a urychluje dokon\u010den\u00ed prac\u00ed u velk\u00fdch projekt\u016f.<\/p>\n<h3>Naklada\u010de<\/h3>\n<p>U \u010deln\u00edch naklada\u010d\u016f hraj\u00ed v\u00e1lce v\u00fdlo\u017en\u00edku v\u00fdznamnou roli v efektivn\u00edm zved\u00e1n\u00ed a vykl\u00e1p\u011bn\u00ed materi\u00e1l\u016f. Jejich provoz zaji\u0161\u0165uje snadnou manipulaci s t\u011b\u017ek\u00fdmi b\u0159emeny, co\u017e zkracuje \u010das a \u00fasil\u00ed pot\u0159ebn\u00e9 k dokon\u010den\u00ed nakl\u00e1dac\u00edch \u00fakol\u016f.<\/p>\n<h2>Konstruk\u010dn\u00ed aspekty a krit\u00e9ria v\u00fdb\u011bru<\/h2>\n<h3>Nosnost<\/h3>\n<p>P\u0159i v\u00fdb\u011bru v\u00e1lce v\u00fdlo\u017en\u00edku je nosnost prvo\u0159ad\u00fdm faktorem. V\u00e1lec mus\u00ed b\u00fdt schopen un\u00e9st maxim\u00e1ln\u00ed hmotnost l\u017e\u00edce a materi\u00e1l\u016f, se kter\u00fdmi bude manipulovat. In\u017een\u00fd\u0159i mus\u00ed vypo\u010d\u00edtat s\u00edly p\u016fsob\u00edc\u00ed na r\u016fzn\u00e9 operace, aby se zajistilo, \u017ee zvolen\u00fd v\u00e1lec unese zat\u00ed\u017een\u00ed bez selh\u00e1n\u00ed.<\/p>\n<h3>T\u011bsnic\u00ed mechanismy<\/h3>\n<p>\u00da\u010dinn\u00e9 t\u011bsn\u011bn\u00ed je pro hydraulick\u00e9 v\u00e1lce nezbytn\u00e9, aby se zabr\u00e1nilo \u00faniku kapaliny a udr\u017eel tlak. Volba t\u011bsn\u011bn\u00ed \u2013 jako jsou p\u00edstn\u00ed t\u011bsn\u011bn\u00ed a p\u00edstn\u00ed t\u011bsn\u011bn\u00ed \u2013 by m\u011bla zohled\u0148ovat faktory, jako je provozn\u00ed teplota, tlak a kompatibilita s kapalinami. Spr\u00e1vn\u00e9 t\u011bsn\u011bn\u00ed zvy\u0161uje v\u00fdkon a \u017eivotnost v\u00e1lce.<\/p>\n<h3>Trvanlivost a \u00fadr\u017eba<\/h3>\n<p>Pro hydraulick\u00e9 v\u00e1lce vystaven\u00e9 n\u00e1ro\u010dn\u00e9mu prost\u0159ed\u00ed je kl\u00ed\u010dov\u00e1 trvanlivost. Materi\u00e1ly mus\u00ed b\u00fdt odoln\u00e9 v\u016f\u010di opot\u0159eben\u00ed a korozi. Pravideln\u00e1 \u00fadr\u017eba, jako jsou kontroly a maz\u00e1n\u00ed, je nezbytn\u00e1 pro zaji\u0161t\u011bn\u00ed optim\u00e1ln\u00edho stavu v\u00e1lce a jeho spolehliv\u00e9ho fungov\u00e1n\u00ed v pr\u016fb\u011bhu \u010dasu.<\/p>\n<h3>Bezpe\u010dnostn\u00ed prvky<\/h3>\n<p>Bezpe\u010dnostn\u00ed aspekty zahrnuj\u00ed zabudov\u00e1n\u00ed bezpe\u010dnostn\u00edch pojistek a p\u0159etlakov\u00fdch ventil\u016f na ochranu p\u0159ed p\u0159et\u00ed\u017een\u00edm. V\u00fdrobci mus\u00ed navrhovat lahve s pojistkami pro p\u0159\u00edpad n\u00e1hl\u00e9ho selh\u00e1n\u00ed, aby se zabr\u00e1nilo nehod\u00e1m b\u011bhem provozu a byla zaji\u0161t\u011bna bezpe\u010dnost obsluhy i za\u0159\u00edzen\u00ed.<\/p>\n<p><img decoding=\"async\" src=\"https:\/\/www.hydraulic-cylinders.net\/wp-content\/uploads\/2025\/04\/songte-oil-pipes-and-spare-parts.webp\" alt=\"Olejov\u00e9 trubky a n\u00e1hradn\u00ed d\u00edly\" \/><\/p>\n<h2>T\u011bsn\u011bn\u00ed a maz\u00e1n\u00ed<\/h2>\n<p>Spr\u00e1vn\u00e9 t\u011bsn\u011bn\u00ed a maz\u00e1n\u00ed jsou z\u00e1sadn\u00ed pro v\u00fdkon hydraulick\u00fdch v\u00e1lc\u016f. R\u016fzn\u00e1 t\u011bsn\u011bn\u00ed, jako jsou p\u00edstn\u00ed a p\u00edstn\u00ed t\u011bsn\u011bn\u00ed, jsou obvykle vyrobena z materi\u00e1l\u016f odoln\u00fdch proti opot\u0159eben\u00ed, jako je polyuretan a nitrilov\u00e1 pry\u017e, co\u017e zaru\u010duje dlouhou \u017eivotnost a spolehlivost. Povrchy t\u011blesa v\u00e1lce a z\u00e1vitov\u00fdch konc\u016f proch\u00e1zej\u00ed p\u0159esn\u00fdm obr\u00e1b\u011bn\u00edm pro zv\u00fd\u0161en\u00ed odolnosti proti opot\u0159eben\u00ed. Pravideln\u00e9 maz\u00e1n\u00ed hydraulick\u00fdm olejem je nezbytn\u00e9 pro hladk\u00fd chod syst\u00e9mu a prevenci opot\u0159eben\u00ed.<\/p>\n<h2>Pravideln\u00e9 kontroly a preventivn\u00ed \u00fadr\u017eba<\/h2>\n<ul>\n<li><strong>Rutinn\u00ed kontroly:<\/strong> Pravideln\u00e9 kontroly net\u011bsnost\u00ed, opot\u0159eben\u00ed a po\u0161kozen\u00ed pom\u00e1haj\u00ed identifikovat potenci\u00e1ln\u00ed probl\u00e9my d\u0159\u00edve, ne\u017e se zhor\u0161\u00ed, a zaji\u0161\u0165uj\u00ed tak efektivn\u00ed provoz v\u00e1lce.<\/li>\n<li><strong>\u00dadr\u017eba maz\u00e1n\u00ed:<\/strong> Dostate\u010dn\u00e9 maz\u00e1n\u00ed je nezbytn\u00e9; obsluha by m\u011bla dodr\u017eovat pokyny v\u00fdrobce ohledn\u011b typ\u016f olej\u016f a interval\u016f v\u00fdm\u011bny, aby si udr\u017eela optim\u00e1ln\u00ed v\u00fdkon.<\/li>\n<li><strong>V\u00fdm\u011bna t\u011bsn\u011bn\u00ed:<\/strong> T\u011bsn\u011bn\u00ed by m\u011bla b\u00fdt kontrolov\u00e1na a v p\u0159\u00edpad\u011b pot\u0159eby vym\u011b\u0148ov\u00e1na, aby se zabr\u00e1nilo \u00faniku hydraulick\u00e9 kapaliny a zachovala se integrita a v\u00fdkon syst\u00e9mu.<\/li>\n<\/ul>\n<h2>Pokyny k instalaci<\/h2>\n<p>Spr\u00e1vn\u00e1 instalace je z\u00e1sadn\u00ed pro efektivn\u00ed provoz v\u00e1lce v\u00fdlo\u017en\u00edku. Za\u010dn\u011bte t\u00edm, \u017ee se ujist\u00edte, \u017ee mont\u00e1\u017en\u00ed povrchy jsou \u010dist\u00e9 a bez ne\u010distot. V\u00e1lec p\u0159esn\u011b zarovnejte s mont\u00e1\u017en\u00edmi body, abyste p\u0159ede\u0161li probl\u00e9m\u016fm s nespr\u00e1vn\u00fdm vyrovn\u00e1n\u00edm, kter\u00e9 m\u016f\u017ee zp\u016fsobit p\u0159ed\u010dasn\u00e9 opot\u0159eben\u00ed. Pro pevn\u00e9 upevn\u011bn\u00ed v\u00e1lce se doporu\u010duje pou\u017e\u00edt vhodn\u00e9 mont\u00e1\u017en\u00ed konzoly. Dodr\u017eujte instala\u010dn\u00ed pokyny v\u00fdrobce a specifikace utahovac\u00edho momentu, abyste zajistili bezpe\u010dn\u00e9 upevn\u011bn\u00ed v\u0161ech spoj\u016f. Po instalaci prove\u010fte d\u016fkladnou kontrolu, abyste ov\u011b\u0159ili, zda v\u0161echny komponenty funguj\u00ed spr\u00e1vn\u011b, a spus\u0165te zku\u0161ebn\u00ed provoz, abyste ov\u011b\u0159ili provozn\u00ed integritu.<\/p>\n<h2>B\u011b\u017en\u00e9 \u00fakoly \u00fadr\u017eby<\/h2>\n<ul>\n<li><strong>Pravideln\u00e9 kontroly:<\/strong> Prov\u00e1d\u011bjte pravideln\u00e9 kontroly opot\u0159eben\u00ed, abyste zajistili bezpe\u010dnost a funk\u010dnost.<\/li>\n<li><strong>Spr\u00e1vn\u00e9 maz\u00e1n\u00ed:<\/strong> Zajist\u011bte dopl\u0148ov\u00e1n\u00ed hydraulick\u00e9ho oleje podle pot\u0159eby a pou\u017eijte spr\u00e1vn\u00fd typ doporu\u010den\u00fd v\u00fdrobcem.<\/li>\n<li><strong>V\u00fdm\u011bna t\u011bsn\u011bn\u00ed:<\/strong> Sledujte stav t\u011bsn\u011bn\u00ed a vym\u011b\u0148ujte je, abyste zabr\u00e1nili \u00faniku a zachovali v\u00fdkon.<\/li>\n<\/ul>\n<h2>Bezpe\u010dnostn\u00ed aspekty a faktory prost\u0159ed\u00ed<\/h2>\n<p>P\u0159i pou\u017e\u00edv\u00e1n\u00ed hydraulick\u00fdch v\u00e1lc\u016f je prvo\u0159ad\u00e9 zajistit bezpe\u010dnost. Obsluha by m\u011bla b\u00fdt pro\u0161kolena, aby rozum\u011bla rizik\u016fm spojen\u00fdm s hydraulick\u00fdmi syst\u00e9my. Pro prevenci nehod jsou nezbytn\u00e1 spr\u00e1vn\u00e1 bezpe\u010dnostn\u00ed opat\u0159en\u00ed, jako je no\u0161en\u00ed ochrann\u00fdch pom\u016fcek a dodr\u017eov\u00e1n\u00ed provozn\u00edch protokol\u016f. D\u00e1le je t\u0159eba dodr\u017eovat environment\u00e1ln\u00ed aspekty, jako je spr\u00e1vn\u00e1 likvidace hydraulick\u00fdch kapalin a materi\u00e1l\u016f, a chr\u00e1nit tak jak zam\u011bstnance, tak i okol\u00ed.<\/p>\n<h2>Odstra\u0148ov\u00e1n\u00ed probl\u00e9m\u016f a b\u011b\u017en\u00e9 probl\u00e9my<\/h2>\n<ul>\n<li><strong>\u00daniky kapalin:<\/strong> Zkontrolujte t\u011bsn\u011bn\u00ed a armatury, zda nejsou opot\u0159ebovan\u00e9 nebo po\u0161kozen\u00e9. Opot\u0159ebovan\u00e1 t\u011bsn\u011bn\u00ed \u010dasto vedou k net\u011bsnostem, co\u017e vy\u017eaduje jejich v\u00fdm\u011bnu.<\/li>\n<li><strong>\u0160patn\u00fd v\u00fdkon:<\/strong> Zkontrolujte hladinu a kvalitu kapalin; n\u00edzk\u00e1 hladina nebo zne\u010di\u0161t\u011bn\u00fd olej m\u016f\u017ee br\u00e1nit provozu v\u00e1lce. Zajist\u011bte spr\u00e1vnou \u00fadr\u017ebu hydraulick\u00e9 kapaliny.<\/li>\n<li><strong>P\u0159eh\u0159\u00e1t\u00ed:<\/strong> Sledujte provozn\u00ed teploty; p\u0159eh\u0159\u00e1t\u00ed m\u016f\u017ee signalizovat nadm\u011brn\u00e9 zat\u00ed\u017een\u00ed nebo nedostate\u010dn\u00e9 maz\u00e1n\u00ed, co\u017e vy\u017eaduje okam\u017eitou pozornost.<\/li>\n<\/ul>\n<h2>Diagn\u00f3za a preventivn\u00ed opat\u0159en\u00ed<\/h2>\n<p>Aby se minimalizovaly potenci\u00e1ln\u00ed probl\u00e9my, je nezbytn\u00e9 proaktivn\u011b zav\u00e1d\u011bt preventivn\u00ed opat\u0159en\u00ed. Pravideln\u00e1 pl\u00e1novan\u00e1 \u00fadr\u017eba, v\u010detn\u011b kontrol a maz\u00e1n\u00ed, pom\u016f\u017ee v\u010das identifikovat probl\u00e9my. Vzd\u011bl\u00e1v\u00e1n\u00ed obsluhy v rozpozn\u00e1v\u00e1n\u00ed p\u0159\u00edznak\u016f poruchy m\u016f\u017ee v\u00fdrazn\u011b sn\u00ed\u017eit prostoje a n\u00e1klady na \u00fadr\u017ebu a zajistit efektivn\u00ed provoz hydraulick\u00e9ho syst\u00e9mu.<\/p>\n<p><img decoding=\"async\" src=\"https:\/\/www.hydraulic-cylinders.net\/wp-content\/uploads\/2025\/04\/songte-bushings-with-all-kinds-of-excavator-models.webp\" alt=\"Pouzdra pro bagry\" \/><\/p>\n<h2>P\u0159edstaven\u00ed spole\u010dnosti<\/h2>\n<p>Jsme p\u0159edn\u00edm v\u00fdrobcem n\u00e1hradn\u00edch hydraulick\u00fdch v\u00e1lc\u016f a v\u011bnujeme se poskytov\u00e1n\u00ed komplexn\u00ed \u0159ady produkt\u016f. Na\u0161e oddanost dokonalosti n\u00e1s pozicionovala jako prominentn\u00edho hr\u00e1\u010de na dom\u00e1c\u00edm i mezin\u00e1rodn\u00edm trhu. Zam\u011b\u0159ujeme se na vynikaj\u00edc\u00ed kvalitu a pou\u017e\u00edv\u00e1me pokro\u010dil\u00e9 strategie \u0159\u00edzen\u00ed v\u00fdroby. Vyu\u017e\u00edv\u00e1n\u00edm kvalifikovan\u00e9ho technick\u00e9ho person\u00e1lu, \u0161pi\u010dkov\u00e9ho digit\u00e1ln\u00edho v\u00fdrobn\u00edho za\u0159\u00edzen\u00ed a profesion\u00e1ln\u00edch testovac\u00edch syst\u00e9m\u016f neust\u00e1le zlep\u0161ujeme na\u0161e v\u00fdrobn\u00ed kapacity. N\u00e1\u0161 d\u016fraz na efektivitu, p\u0159esnost a kvalitu zaji\u0161\u0165uje, \u017ee uspokojujeme rozmanit\u00e9 pot\u0159eby na\u0161ich z\u00e1kazn\u00edk\u016f vynikaj\u00edc\u00edmi produkty.<\/p>\n<p>Na\u0161e spole\u010dnost vynik\u00e1 profesionalitou, mezin\u00e1rodn\u00edmi certifikacemi a zak\u00e1zkov\u00fdmi slu\u017ebami. Vyu\u017e\u00edv\u00e1me modern\u00ed v\u00fdrobn\u00ed za\u0159\u00edzen\u00ed a poskytujeme v\u00fdjime\u010dnou poprodejn\u00ed podporu, \u010d\u00edm\u017e zaji\u0161\u0165ujeme spokojenost z\u00e1kazn\u00edk\u016f v ka\u017ed\u00e9 f\u00e1zi.<\/p>\n<p><img decoding=\"async\" src=\"https:\/\/www.hydraulic-cylinders.net\/wp-content\/uploads\/2025\/04\/songte-company-4.webp\" alt=\"Obr\u00e1zek spole\u010dnosti 1\" \/><br \/>\n<img decoding=\"async\" src=\"https:\/\/www.hydraulic-cylinders.net\/wp-content\/uploads\/2025\/04\/songte-company-3.webp\" alt=\"Obr\u00e1zek spole\u010dnosti 2\" \/><\/p>\n<p>Autor: lyl<\/p>","protected":false},"excerpt":{"rendered":"<p>Boom Cylinder For Caterpillar Middle Excavator E320DLRR Overview of Boom Cylinder The Boom Cylinder is a crucial component in the hydraulic systems of heavy machinery, specifically designed for controlling the movement of excavator buckets. This type of hydraulic cylinder facilitates the lifting, lowering, and tilting of the bucket, making it essential for material handling tasks [&hellip;]<\/p>","protected":false},"featured_media":17873,"comment_status":"open","ping_status":"closed","template":"","meta":{"_et_pb_use_builder":"","_et_pb_old_content":"","_et_gb_content_width":""},"product_brand":[],"product_cat":[1546],"product_tag":[1547,1496],"class_list":{"0":"post-18946","1":"product","2":"type-product","3":"status-publish","4":"has-post-thumbnail","6":"product_cat-boom-cylinders","7":"product_tag-boom-cylinders","8":"product_tag-hydraulic-cylinders","10":"first","11":"instock","12":"shipping-taxable","13":"product-type-simple"},"amp_enabled":true,"_links":{"self":[{"href":"https:\/\/www.hydraulic-cylinders.net\/cs\/wp-json\/wp\/v2\/product\/18946","targetHints":{"allow":["GET"]}}],"collection":[{"href":"https:\/\/www.hydraulic-cylinders.net\/cs\/wp-json\/wp\/v2\/product"}],"about":[{"href":"https:\/\/www.hydraulic-cylinders.net\/cs\/wp-json\/wp\/v2\/types\/product"}],"replies":[{"embeddable":true,"href":"https:\/\/www.hydraulic-cylinders.net\/cs\/wp-json\/wp\/v2\/comments?post=18946"}],"wp:featuredmedia":[{"embeddable":true,"href":"https:\/\/www.hydraulic-cylinders.net\/cs\/wp-json\/wp\/v2\/media\/17873"}],"wp:attachment":[{"href":"https:\/\/www.hydraulic-cylinders.net\/cs\/wp-json\/wp\/v2\/media?parent=18946"}],"wp:term":[{"taxonomy":"product_brand","embeddable":true,"href":"https:\/\/www.hydraulic-cylinders.net\/cs\/wp-json\/wp\/v2\/product_brand?post=18946"},{"taxonomy":"product_cat","embeddable":true,"href":"https:\/\/www.hydraulic-cylinders.net\/cs\/wp-json\/wp\/v2\/product_cat?post=18946"},{"taxonomy":"product_tag","embeddable":true,"href":"https:\/\/www.hydraulic-cylinders.net\/cs\/wp-json\/wp\/v2\/product_tag?post=18946"}],"curies":[{"name":"wp","href":"https:\/\/api.w.org\/{rel}","templated":true}]}}