{"id":18951,"date":"2025-04-07T06:03:49","date_gmt":"2025-04-07T06:03:49","guid":{"rendered":"https:\/\/www.hydraulic-cylinders.net\/product\/boom-cylinder-for-caterpillar-middle-excavator-e33202\/"},"modified":"2025-04-07T06:03:52","modified_gmt":"2025-04-07T06:03:52","slug":"boom-cylinder-for-caterpillar-middle-excavator-e33202","status":"publish","type":"product","link":"https:\/\/www.hydraulic-cylinders.net\/cs\/produkt\/boom-cylinder-for-caterpillar-middle-excavator-e33202\/","title":{"rendered":"V\u00e1lec v\u00fdlo\u017en\u00edku pro st\u0159edn\u00ed bagr Caterpillar E33202"},"content":{"rendered":"<h1>V\u00e1lec v\u00fdlo\u017en\u00edku pro st\u0159edn\u00ed bagr Caterpillar E33202<\/h1>\n<h2>\u00davod k v\u00e1lci v\u00fdlo\u017en\u00edku<\/h2>\n<p>Ten\/Ta\/To <strong>V\u00e1lec v\u00fdlo\u017en\u00edku pro st\u0159edn\u00ed bagr Caterpillar E33202<\/strong> je kl\u00ed\u010dov\u00e1 sou\u010d\u00e1st navr\u017een\u00e1 speci\u00e1ln\u011b pro t\u011b\u017ek\u00e9 stroje. Tento hydraulick\u00fd v\u00e1lec je nezbytn\u00fd pro ovl\u00e1d\u00e1n\u00ed pohybu l\u017e\u00edce rypadla, co\u017e umo\u017e\u0148uje jej\u00ed zved\u00e1n\u00ed, spou\u0161t\u011bn\u00ed a nakl\u00e1p\u011bn\u00ed. V\u00e1lec v\u00fdlo\u017en\u00edku hraje z\u00e1sadn\u00ed roli v hydraulick\u00e9m syst\u00e9mu stavebn\u00edch stroj\u016f a umo\u017e\u0148uje efektivn\u00ed manipulaci s materi\u00e1lem.<\/p>\n<p>Hydraulick\u00fd v\u00e1lec l\u017e\u00edce, co\u017e je typ hydraulick\u00e9ho v\u00e1lce, je navr\u017een tak, aby zvl\u00e1dal slo\u017eit\u00e9 pr\u00e1ce t\u011b\u017ek\u00fdch stroj\u016f, jako jsou rypadla, traktorbagry a \u010deln\u00ed naklada\u010de. Zvy\u0161uje provozn\u00ed efektivitu t\u00edm, \u017ee poskytuje pot\u0159ebnou s\u00edlu pro p\u0159esnou manipulaci s polohou l\u017e\u00edce.<\/p>\n<p><img decoding=\"async\" src=\"https:\/\/www.hydraulic-cylinders.net\/wp-content\/uploads\/2025\/04\/songte-company-1.webp\" alt=\"V\u00e1lec v\u00fdlo\u017en\u00edku pro bagr\" \/><\/p>\n<h2>Kl\u00ed\u010dov\u00e9 vlastnosti v\u00e1lce v\u00fdlo\u017en\u00edku<\/h2>\n<ul>\n<li><strong>Vysok\u00e1 pevnost a trvanlivost:<\/strong> Tyto v\u00e1lce jsou vyrobeny z vysokopevnostn\u00ed oceli nebo hlin\u00edku a jsou konstruov\u00e1ny tak, aby odolaly vysok\u00e9mu tlaku a velk\u00e9mu zat\u00ed\u017een\u00ed, d\u00edky \u010demu\u017e jsou vhodn\u00e9 pro n\u00e1ro\u010dn\u00e9 pracovn\u00ed podm\u00ednky. Jsou navr\u017eeny s odolnost\u00ed proti opot\u0159eben\u00ed a korozi, aby se prodlou\u017eila jejich \u017eivotnost.<\/li>\n<li><strong>Efektivn\u00ed hydraulick\u00fd provoz:<\/strong> Vyu\u017eit\u00ed hydraulick\u00e9ho tlaku oleje umo\u017e\u0148uje plynul\u00e9 vysouv\u00e1n\u00ed a zasouv\u00e1n\u00ed, co\u017e umo\u017e\u0148uje rychlou reakci na ovl\u00e1dac\u00ed povely a poskytuje zna\u010dnou tla\u010dnou a ta\u017enou s\u00edlu, ide\u00e1ln\u00ed pro t\u011b\u017ek\u00e9 a slo\u017eit\u00e9 \u00fakoly.<\/li>\n<li><strong>R\u016fzn\u00e9 typy:<\/strong> K dispozici v jedno\u010dinn\u00e9m (s hydraulick\u00fdm pohonem v jednom sm\u011bru) nebo dvoj\u010dinn\u00e9m (s hydraulick\u00fdm pohonem v obou sm\u011brech) proveden\u00ed a n\u011bkter\u00e9 modely jsou teleskopick\u00e9, co\u017e umo\u017e\u0148uje v\u011bt\u0161\u00ed v\u00fdsuv bez zv\u011bt\u0161en\u00ed vn\u011bj\u0161\u00edch rozm\u011br\u016f, co\u017e je vhodn\u00e9 pro aplikace s omezen\u00fdm prostorem.<\/li>\n<li><strong>Zak\u00e1zkov\u00e1 v\u00fdroba:<\/strong> Na\u0161e produkty dokonale nahrazuj\u00ed st\u00e1vaj\u00edc\u00ed hydraulick\u00e9 v\u00e1lce a zaji\u0161\u0165uj\u00ed tak bezprobl\u00e9movou integraci a spolehliv\u00fd v\u00fdkon.<\/li>\n<\/ul>\n<p><img decoding=\"async\" src=\"https:\/\/www.hydraulic-cylinders.net\/wp-content\/uploads\/2025\/04\/songte-cylinder-head-with-all-kinds-excavator-models.webp\" alt=\"Modely bagr\u016f\" \/><\/p>\n<h2>Aplikace v\u00e1lce v\u00fdlo\u017en\u00edku<\/h2>\n<h3>Stavebn\u00ed stroje<\/h3>\n<p>U stavebn\u00edch stroj\u016f je v\u00e1lec v\u00fdlo\u017en\u00edku nezbytn\u00fd pro bagry, kl\u00ed\u010dov\u00fd pro kop\u00e1n\u00ed, nakl\u00e1d\u00e1n\u00ed a p\u0159emis\u0165ov\u00e1n\u00ed zeminy nebo suti. Umo\u017e\u0148uje p\u0159esnou a efektivn\u00ed manipulaci s materi\u00e1lem, co\u017e z n\u011bj \u010din\u00ed nepostradateln\u00fd n\u00e1stroj na jak\u00e9mkoli staveni\u0161ti.<\/p>\n<h3>Zem\u011bd\u011blsk\u00e9 stroje<\/h3>\n<p>U \u010deln\u00edch naklada\u010d\u016f se v\u00e1lec v\u00fdlo\u017en\u00edku pou\u017e\u00edv\u00e1 k nab\u00edr\u00e1n\u00ed, zved\u00e1n\u00ed a p\u0159eprav\u011b zeminy, sena a dal\u0161\u00edch materi\u00e1l\u016f. Jeho robustn\u00ed konstrukce zaji\u0161\u0165uje spolehliv\u00fd v\u00fdkon p\u0159i zem\u011bd\u011blsk\u00fdch \u00fakonech, kde je efektivita kl\u00ed\u010dov\u00e1.<\/p>\n<h3>Bagry<\/h3>\n<p>V\u00e1lec v\u00fdlo\u017en\u00edku umo\u017e\u0148uje rypadl\u016fm efektivn\u011b pronikat do p\u016fdy, co\u017e usnad\u0148uje kop\u00e1n\u00ed. Poskytuje pot\u0159ebnou s\u00edlu pro man\u00e9vrov\u00e1n\u00ed l\u017e\u00edce v r\u016fzn\u00fdch typech p\u016fdy, \u010d\u00edm\u017e zvy\u0161uje produktivitu v\u00fdkopu.<\/p>\n<h3>Naklada\u010de<\/h3>\n<p>U \u010deln\u00edch naklada\u010d\u016f pom\u00e1haj\u00ed v\u00e1lce v\u00fdlo\u017en\u00edku efektivn\u011b zvedat a vykl\u00e1p\u011bt b\u0159emena. Jejich schopnost vyv\u00edjet zna\u010dnou s\u00edlu umo\u017e\u0148uje obsluze snadno manipulovat s t\u011b\u017ek\u00fdmi materi\u00e1ly, co\u017e zvy\u0161uje celkovou provozn\u00ed efektivitu.<\/p>\n<h2>Konstruk\u010dn\u00ed aspekty a krit\u00e9ria v\u00fdb\u011bru<\/h2>\n<ul>\n<li><strong>Nosnost:<\/strong> Konstrukce mus\u00ed zvl\u00e1dnout maxim\u00e1ln\u00ed zat\u00ed\u017een\u00ed, aby byla zaji\u0161t\u011bna bezpe\u010dnost a \u00fa\u010dinnost. D\u016fkladn\u00e9 pochopen\u00ed po\u017eadavk\u016f na zat\u00ed\u017een\u00ed je z\u00e1kladem pro v\u00fdb\u011br vhodn\u00fdch specifikac\u00ed v\u00e1lc\u016f.<\/li>\n<li><strong>T\u011bsn\u011bn\u00ed:<\/strong> \u00da\u010dinn\u00e9 t\u011bsn\u011bn\u00ed je z\u00e1sadn\u00ed pro prevenci \u00faniku hydraulick\u00e9 kapaliny. Kvalitn\u00ed t\u011bsn\u011bn\u00ed zvy\u0161uj\u00ed v\u00fdkon a prodlu\u017euj\u00ed \u017eivotnost t\u00edm, \u017ee udr\u017euj\u00ed hydraulick\u00fd tlak v syst\u00e9mu.<\/li>\n<li><strong>Trvanlivost:<\/strong> Materi\u00e1ly pou\u017eit\u00e9 p\u0159i konstrukci v\u00e1lce by m\u011bly odol\u00e1vat vliv\u016fm prost\u0159ed\u00ed a mechanick\u00e9mu nam\u00e1h\u00e1n\u00ed. V\u00fdb\u011br materi\u00e1l\u016f odoln\u00fdch proti korozi je nezbytn\u00fd pro dlouhou \u017eivotnost.<\/li>\n<li><strong>Bezpe\u010dnost:<\/strong> Sou\u010d\u00e1st\u00ed n\u00e1vrhu mus\u00ed b\u00fdt bezpe\u010dnostn\u00ed prvky, jako nap\u0159\u00edklad p\u0159etlakov\u00e9 ventily, kter\u00e9 zvl\u00e1dnou neo\u010dek\u00e1van\u00e9 tlakov\u00e9 r\u00e1zy a zabr\u00e1n\u00ed selh\u00e1n\u00ed za\u0159\u00edzen\u00ed.<\/li>\n<li><strong>\u00dadr\u017eba:<\/strong> Konstrukce pro snadnou \u00fadr\u017ebu, jako jsou snadno p\u0159\u00edstupn\u00e9 mazac\u00ed body a vym\u011bniteln\u00e1 t\u011bsn\u011bn\u00ed, zaji\u0161\u0165uje, \u017ee hydraulick\u00fd syst\u00e9m z\u016fstane funk\u010dn\u00ed s minim\u00e1ln\u00edmi prostoji.<\/li>\n<\/ul>\n<p><img decoding=\"async\" src=\"https:\/\/www.hydraulic-cylinders.net\/wp-content\/uploads\/2025\/04\/songte-oil-pipes-and-spare-parts.webp\" alt=\"Hydraulick\u00e9 potrub\u00ed a n\u00e1hradn\u00ed d\u00edly\" \/><\/p>\n<h2>T\u011bsn\u011bn\u00ed a maz\u00e1n\u00ed v\u00e1lce v\u00fdlo\u017en\u00edku<\/h2>\n<p>\u00da\u010dinn\u00e9 t\u011bsn\u011bn\u00ed a maz\u00e1n\u00ed jsou pro v\u00fdkon v\u00e1lce v\u00fdlo\u017en\u00edku z\u00e1sadn\u00ed. K udr\u017een\u00ed hydraulick\u00e9ho tlaku a zabr\u00e1n\u011bn\u00ed \u00faniku kapaliny se pou\u017e\u00edvaj\u00ed r\u016fzn\u00e1 t\u011bsn\u011bn\u00ed, jako jsou p\u00edstn\u00ed t\u011bsn\u011bn\u00ed a t\u011bsn\u011bn\u00ed p\u00edstnice. Materi\u00e1ly jako polyuretan a nitrilov\u00e1 pry\u017e jsou vyb\u00edr\u00e1ny pro svou odolnost proti opot\u0159eben\u00ed, co\u017e zaru\u010duje dlouhou \u017eivotnost v n\u00e1ro\u010dn\u00fdch aplikac\u00edch.<\/p>\n<p>T\u011bleso v\u00e1lce a z\u00e1vitov\u00e9 konce proch\u00e1zej\u00ed p\u0159esn\u00fdm obr\u00e1b\u011bn\u00edm pro zv\u00fd\u0161en\u00ed odolnosti proti opot\u0159eben\u00ed a celkovou trvanlivost. Je nutn\u00e9 pravideln\u00e9 maz\u00e1n\u00ed, co\u017e vy\u017eaduje pravideln\u00e9 dopl\u0148ov\u00e1n\u00ed hydraulick\u00e9ho oleje pro udr\u017een\u00ed optim\u00e1ln\u00edho v\u00fdkonu a sn\u00ed\u017een\u00ed t\u0159en\u00ed mezi pohybliv\u00fdmi \u010d\u00e1stmi.<\/p>\n<h2>Pravideln\u00e1 kontrola a preventivn\u00ed \u00fadr\u017eba<\/h2>\n<ul>\n<li><strong>Pravideln\u00e9 kontroly:<\/strong> Prov\u00e1d\u011bn\u00ed pravideln\u00fdch kontrol pom\u00e1h\u00e1 odhalit v\u010dasn\u00e9 zn\u00e1mky opot\u0159eben\u00ed, net\u011bsnost\u00ed nebo po\u0161kozen\u00ed. Obsluha by m\u011bla b\u011bhem provozu kontrolovat jak\u00e9koli abnorm\u00e1ln\u00ed zvuky nebo pohyby.<\/li>\n<li><strong>Vhodn\u00e9 maz\u00e1n\u00ed:<\/strong> Pravideln\u00e9 maz\u00e1n\u00ed v\u00e1lce je nezbytn\u00e9 pro zaji\u0161t\u011bn\u00ed hladk\u00e9ho provozu. Pou\u017eit\u00ed spr\u00e1vn\u00e9ho typu a mno\u017estv\u00ed hydraulick\u00e9ho oleje je z\u00e1sadn\u00ed pro udr\u017een\u00ed v\u00fdkonu.<\/li>\n<li><strong>V\u00fdm\u011bna t\u011bsn\u011bn\u00ed:<\/strong> Postupem \u010dasu se t\u011bsn\u011bn\u00ed mohou opot\u0159ebovat a je nutn\u00e9 je vym\u011bnit. Pravideln\u00e9 kontroly neporu\u0161enosti t\u011bsn\u011bn\u00ed mohou zabr\u00e1nit \u00fanik\u016fm hydraulick\u00e9 kapaliny a udr\u017eet tlak v syst\u00e9mu.<\/li>\n<\/ul>\n<h2>Pokyny k instalaci v\u00e1lce v\u00fdlo\u017en\u00edku<\/h2>\n<p>Spr\u00e1vn\u00e1 instalace v\u00e1lce v\u00fdlo\u017en\u00edku je z\u00e1sadn\u00ed pro funk\u010dnost a bezpe\u010dnost. Za\u010dn\u011bte t\u00edm, \u017ee se ujist\u00edte, \u017ee pracovn\u00ed prostor je \u010dist\u00fd a bez ne\u010distot. V\u00e1lec p\u0159esn\u011b vyrovnejte s mont\u00e1\u017en\u00edmi body a zajist\u011bte jej pomoc\u00ed vhodn\u00fdch mont\u00e1\u017en\u00edch konzol.<\/p>\n<p>P\u0159ed uta\u017een\u00edm se ujist\u011bte, \u017ee jsou hydraulick\u00e9 hadice spr\u00e1vn\u011b um\u00edst\u011bny. Po zarovn\u00e1n\u00ed p\u0159ipojte hydraulick\u00e9 hadice a zkontrolujte, zda nejsou ucpan\u00e9. Po instalaci napl\u0148te hydraulick\u00fd syst\u00e9m doporu\u010den\u00fdm olejem a odvzdu\u0161n\u011bte syst\u00e9m, abyste zajistili optim\u00e1ln\u00ed v\u00fdkon.<\/p>\n<p>Pravideln\u011b sledujte funkci v\u00e1lce po instalaci, abyste zajistili jeho hladk\u00fd a efektivn\u00ed provoz, a v p\u0159\u00edpad\u011b pot\u0159eby prov\u00e1d\u011bjte \u00fapravy.<\/p>\n<h2>\u00dadr\u017eba v\u00e1lce v\u00fdlo\u017en\u00edku<\/h2>\n<ul>\n<li><strong>Pravideln\u00e9 kontroly:<\/strong> Zajist\u011bte pravideln\u00e9 kontroly, abyste odhalili jak\u00e9koli zn\u00e1mky opot\u0159eben\u00ed nebo po\u0161kozen\u00ed. V\u010dasn\u00e9 odhalen\u00ed m\u016f\u017ee zabr\u00e1nit v\u011bt\u0161\u00edm probl\u00e9m\u016fm v budoucnu.<\/li>\n<li><strong>Vhodn\u00e9 maz\u00e1n\u00ed:<\/strong> Udr\u017eujte spr\u00e1vn\u00e9 maz\u00e1n\u00ed, abyste minimalizovali t\u0159en\u00ed a opot\u0159eben\u00ed. Pou\u017e\u00edvejte doporu\u010den\u00fd hydraulick\u00fd olej, abyste zajistili kompatibilitu s materi\u00e1ly v\u00e1lce.<\/li>\n<li><strong>V\u00fdm\u011bna t\u011bsn\u011bn\u00ed a kontroly kalibrace:<\/strong> Pravideln\u011b kontrolujte opot\u0159eben\u00ed t\u011bsn\u011bn\u00ed a v p\u0159\u00edpad\u011b pot\u0159eby je vym\u011b\u0148te. Kalibra\u010dn\u00ed kontroly zaji\u0161\u0165uj\u00ed, \u017ee v\u00e1lec pracuje v r\u00e1mci stanoven\u00fdch parametr\u016f, co\u017e zvy\u0161uje v\u00fdkon a bezpe\u010dnost.<\/li>\n<\/ul>\n<h2>Bezpe\u010dnostn\u00ed aspekty a faktory prost\u0159ed\u00ed<\/h2>\n<p>P\u0159i pou\u017e\u00edv\u00e1n\u00ed hydraulick\u00fdch v\u00e1lc\u016f jsou bezpe\u010dnostn\u00ed opat\u0159en\u00ed prvo\u0159ad\u00e1. Obsluha mus\u00ed b\u00fdt pro\u0161kolena, aby rozum\u011bla potenci\u00e1ln\u00edm rizik\u016fm spojen\u00fdm s hydraulick\u00fdmi syst\u00e9my, v\u010detn\u011b rizika \u00fanik\u016f pod vysok\u00fdm tlakem a selh\u00e1n\u00ed za\u0159\u00edzen\u00ed. M\u011bly by se nosit vhodn\u00e9 bezpe\u010dnostn\u00ed pom\u016fcky a za\u0159\u00edzen\u00ed by m\u011blo b\u00fdt pravideln\u011b udr\u017eov\u00e1no, aby se zm\u00edrnila rizika. Mezi environment\u00e1ln\u00ed aspekty pat\u0159\u00ed zaji\u0161t\u011bn\u00ed spr\u00e1vn\u00e9 likvidace hydraulick\u00fdch kapalin, aby se zabr\u00e1nilo kontaminaci, a dodr\u017eov\u00e1n\u00ed p\u0159edpis\u016f t\u00fdkaj\u00edc\u00edch se hluku a emis\u00ed z hydraulick\u00fdch stroj\u016f.<\/p>\n<h2>Odstra\u0148ov\u00e1n\u00ed probl\u00e9m\u016f a b\u011b\u017en\u00e9 probl\u00e9my<\/h2>\n<ul>\n<li><strong>\u00danik:<\/strong> \u010casto zp\u016fsobeno opot\u0159ebovan\u00fdmi t\u011bsn\u011bn\u00edmi nebo po\u0161kozen\u00fdm t\u011blesem v\u00e1lce. Pravideln\u00e9 kontroly a okam\u017eit\u00e9 opravy jsou nezbytn\u00e9 pro prevenci \u00faniku hydraulick\u00e9 kapaliny.<\/li>\n<li><strong>Nedostate\u010dn\u00fd v\u00fdkon:<\/strong> M\u016f\u017ee to znamenat n\u00edzkou hladinu hydraulick\u00e9 kapaliny nebo vnit\u0159n\u00ed po\u0161kozen\u00ed v\u00e1lce. Zkontrolujte hladiny kapalin a prohl\u00e9dn\u011bte p\u0159\u00edpadn\u00e9 vnit\u0159n\u00ed probl\u00e9my.<\/li>\n<li><strong>Abnorm\u00e1ln\u00ed zvuky:<\/strong> Neobvykl\u00e9 zvuky b\u011bhem provozu mohou nazna\u010dovat nespr\u00e1vn\u00e9 vyrovn\u00e1n\u00ed nebo mechanickou z\u00e1vadu. Okam\u017eit\u00e9 vy\u0161et\u0159en\u00ed je z\u00e1sadn\u00ed, aby se zabr\u00e1nilo dal\u0161\u00edmu po\u0161kozen\u00ed.<\/li>\n<\/ul>\n<h2>Tipy a \u0159e\u0161en\u00ed probl\u00e9m\u016f<\/h2>\n<p>Pro efektivn\u00ed diagnostiku a \u0159e\u0161en\u00ed probl\u00e9m\u016f s v\u00e1lcem v\u00fdlo\u017en\u00edku by oper\u00e1to\u0159i m\u011bli dodr\u017eovat systematick\u00fd p\u0159\u00edstup. Za\u010dn\u011bte vizu\u00e1ln\u00ed kontrolou v\u00e1lce a zkontrolujte, zda nedoch\u00e1z\u00ed k net\u011bsnostem, prasklin\u00e1m nebo nespr\u00e1vn\u00e9mu vyrovn\u00e1n\u00ed. Pokud se objev\u00ed probl\u00e9my s v\u00fdkonem, zkontrolujte hladinu hydraulick\u00e9 kapaliny a ujist\u011bte se, \u017ee syst\u00e9m neobsahuje vzduch. V p\u0159\u00edpad\u011b abnorm\u00e1ln\u00edch zvuk\u016f zkontrolujte v\u0161echna p\u0159ipojen\u00ed a upevn\u011bn\u00ed a ujist\u011bte se, \u017ee je v\u00e1lec spr\u00e1vn\u011b zaji\u0161t\u011bn.<\/p>\n<p>Preventivn\u00ed opat\u0159en\u00ed zahrnuj\u00ed dodr\u017eov\u00e1n\u00ed pravideln\u00e9ho pl\u00e1nu \u00fadr\u017eby, pou\u017e\u00edv\u00e1n\u00ed kvalitn\u00edch hydraulick\u00fdch kapalin a zaji\u0161t\u011bn\u00ed \u0161kolen\u00ed obsluhy v oblasti bezpe\u010dn\u00e9ho a efektivn\u00edho pou\u017e\u00edv\u00e1n\u00ed za\u0159\u00edzen\u00ed s c\u00edlem minimalizovat potenci\u00e1ln\u00ed probl\u00e9my.<\/p>\n<p><img decoding=\"async\" src=\"https:\/\/www.hydraulic-cylinders.net\/wp-content\/uploads\/2025\/04\/songte-bushings-with-all-kinds-of-excavator-models.webp\" alt=\"Pouzdra pro modely bagr\u016f\" \/><\/p>\n<h2>O na\u0161\u00ed spole\u010dnosti<\/h2>\n<p>Jsme p\u0159edn\u00edm v\u00fdrobcem n\u00e1hradn\u00edch hydraulick\u00fdch v\u00e1lc\u016f a py\u0161n\u00edme se komplexn\u00ed nab\u00eddkou produkt\u016f. Na\u0161e oddanost dokonalosti n\u00e1s \u0159ad\u00ed mezi p\u0159edn\u00ed v\u00fdrobce a velkoobchodn\u00ed distributory hydraulick\u00fdch v\u00e1lc\u016f na dom\u00e1c\u00edm i mezin\u00e1rodn\u00edm trhu. Dodr\u017eujeme p\u0159\u00edsn\u00e9 standardy kvality a vyu\u017e\u00edv\u00e1me pokro\u010dil\u00e9 v\u00fdrobn\u00ed strategie ke zv\u00fd\u0161en\u00ed na\u0161ich v\u00fdrobn\u00edch kapacit.<\/p>\n<p>Na\u0161e spole\u010dnost kombinuje zku\u0161en\u00e9 profesion\u00e1ly s nejmodern\u011bj\u0161\u00edm v\u00fdrobn\u00edm za\u0159\u00edzen\u00edm a robustn\u00edm testovac\u00edm syst\u00e9mem, co\u017e zaji\u0161\u0165uje nejvy\u0161\u0161\u00ed kvalitu na\u0161ich produkt\u016f. Jsme odhodl\u00e1ni uspokojovat rozmanit\u00e9 pot\u0159eby na\u0161ich klient\u016f prost\u0159ednictv\u00edm zak\u00e1zkov\u00fdch \u0159e\u0161en\u00ed a bezkonkuren\u010dn\u00edho poprodejn\u00edho servisu.<\/p>\n<p><img decoding=\"async\" src=\"https:\/\/www.hydraulic-cylinders.net\/wp-content\/uploads\/2025\/04\/songte-company-4.webp\" alt=\"P\u0159ehled spole\u010dnosti\" \/><br \/>\n<img decoding=\"async\" src=\"https:\/\/www.hydraulic-cylinders.net\/wp-content\/uploads\/2025\/04\/songte-company-3.webp\" alt=\"V\u00fdroba spole\u010dnosti\" \/><\/p>\n<p>Autor: lyl<\/p>","protected":false},"excerpt":{"rendered":"<p>Boom Cylinder For Caterpillar Middle Excavator E33202 Introduction to the Boom Cylinder The Boom Cylinder for Caterpillar Middle Excavator E33202 is a crucial component designed specifically for heavy machinery. This hydraulic cylinder is essential for controlling the movement of the excavator&#8217;s bucket, allowing it to lift, lower, and tilt. The boom cylinder plays a vital [&hellip;]<\/p>","protected":false},"featured_media":17878,"comment_status":"open","ping_status":"closed","template":"","meta":{"_et_pb_use_builder":"","_et_pb_old_content":"","_et_gb_content_width":""},"product_brand":[],"product_cat":[1546],"product_tag":[1547,1496],"class_list":{"0":"post-18951","1":"product","2":"type-product","3":"status-publish","4":"has-post-thumbnail","6":"product_cat-boom-cylinders","7":"product_tag-boom-cylinders","8":"product_tag-hydraulic-cylinders","10":"first","11":"instock","12":"shipping-taxable","13":"product-type-simple"},"amp_enabled":true,"_links":{"self":[{"href":"https:\/\/www.hydraulic-cylinders.net\/cs\/wp-json\/wp\/v2\/product\/18951","targetHints":{"allow":["GET"]}}],"collection":[{"href":"https:\/\/www.hydraulic-cylinders.net\/cs\/wp-json\/wp\/v2\/product"}],"about":[{"href":"https:\/\/www.hydraulic-cylinders.net\/cs\/wp-json\/wp\/v2\/types\/product"}],"replies":[{"embeddable":true,"href":"https:\/\/www.hydraulic-cylinders.net\/cs\/wp-json\/wp\/v2\/comments?post=18951"}],"wp:featuredmedia":[{"embeddable":true,"href":"https:\/\/www.hydraulic-cylinders.net\/cs\/wp-json\/wp\/v2\/media\/17878"}],"wp:attachment":[{"href":"https:\/\/www.hydraulic-cylinders.net\/cs\/wp-json\/wp\/v2\/media?parent=18951"}],"wp:term":[{"taxonomy":"product_brand","embeddable":true,"href":"https:\/\/www.hydraulic-cylinders.net\/cs\/wp-json\/wp\/v2\/product_brand?post=18951"},{"taxonomy":"product_cat","embeddable":true,"href":"https:\/\/www.hydraulic-cylinders.net\/cs\/wp-json\/wp\/v2\/product_cat?post=18951"},{"taxonomy":"product_tag","embeddable":true,"href":"https:\/\/www.hydraulic-cylinders.net\/cs\/wp-json\/wp\/v2\/product_tag?post=18951"}],"curies":[{"name":"wp","href":"https:\/\/api.w.org\/{rel}","templated":true}]}}