{"id":18954,"date":"2025-04-07T06:03:57","date_gmt":"2025-04-07T06:03:57","guid":{"rendered":"https:\/\/www.hydraulic-cylinders.net\/product\/boom-cylinder-for-caterpillar-middle-excavator-e320dz-bl\/"},"modified":"2025-04-07T06:03:59","modified_gmt":"2025-04-07T06:03:59","slug":"boom-cylinder-for-caterpillar-middle-excavator-e320dz-bl","status":"publish","type":"product","link":"https:\/\/www.hydraulic-cylinders.net\/cs\/produkt\/boom-cylinder-for-caterpillar-middle-excavator-e320dz-bl\/","title":{"rendered":"V\u00e1lec v\u00fdlo\u017en\u00edku pro st\u0159edn\u00ed bagr Caterpillar E320DZ\/BL"},"content":{"rendered":"<h1>V\u00e1lec v\u00fdlo\u017en\u00edku pro st\u0159edn\u00ed bagr Caterpillar E320DZ\/BL<\/h1>\n<h2>\u00davod k v\u00e1lc\u016fm v\u00fdlo\u017en\u00edku<\/h2>\n<p>Hydraulick\u00fd v\u00e1lec v\u00fdlo\u017en\u00edku je kl\u00ed\u010dovou sou\u010d\u00e1st\u00ed hydraulick\u00fdch syst\u00e9m\u016f, speci\u00e1ln\u011b navr\u017eenou pro ovl\u00e1d\u00e1n\u00ed pohybu l\u017e\u00edc rypadla v t\u011b\u017ek\u00fdch stroj\u00edch, jako jsou rypadla, r\u00fdpadlo-naklada\u010de a \u010deln\u00ed naklada\u010de. Tyto hydraulick\u00e9 v\u00e1lce umo\u017e\u0148uj\u00ed zved\u00e1n\u00ed, spou\u0161t\u011bn\u00ed a nakl\u00e1p\u011bn\u00ed l\u017e\u00edce, co\u017e usnad\u0148uje efektivn\u00ed manipulaci s materi\u00e1lem. V\u00e1lec l\u017e\u00edce je nezbytn\u00fd pro dosa\u017een\u00ed p\u0159esn\u00fdch pohyb\u016f a provozu ve stavebn\u00edch projektech.<\/p>\n<p><img decoding=\"async\" src=\"https:\/\/www.hydraulic-cylinders.net\/wp-content\/uploads\/2025\/04\/songte-company-1.webp\" alt=\"V\u00e1lec v\u00fdlo\u017en\u00edku pro bagry\" \/><\/p>\n<h3>Definice a p\u0159ehled<\/h3>\n<p>Hydraulick\u00fd v\u00e1lec v\u00fdlo\u017en\u00edku je typ hydraulick\u00e9ho v\u00e1lce, kter\u00fd pracuje s vyu\u017eit\u00edm tlaku hydraulick\u00e9ho oleje. Jeho prim\u00e1rn\u00ed funkc\u00ed je \u0159\u00edzen\u00ed procesu v\u00fdkopu, kter\u00fd zahrnuje kop\u00e1n\u00ed, zved\u00e1n\u00ed a p\u0159epravu materi\u00e1l\u016f. Efektivn\u00ed konstrukce a robustn\u00ed konstrukce v\u00e1lc\u016f v\u00fdlo\u017en\u00edku zaji\u0161\u0165uj\u00ed optim\u00e1ln\u00ed v\u00fdkon za r\u016fzn\u00fdch podm\u00ednek, co\u017e je \u010din\u00ed nepostradateln\u00fdmi ve stavebnictv\u00ed.<\/p>\n<h2>Vlastnosti v\u00e1lce v\u00fdlo\u017en\u00edku<\/h2>\n<ul>\n<li><strong>Vysok\u00e1 pevnost a trvanlivost:<\/strong> Tyto v\u00e1lce, vyroben\u00e9 z vysokopevnostn\u00ed oceli nebo hlin\u00edku, odol\u00e1vaj\u00ed vysok\u00e9mu tlaku a velk\u00e9mu zat\u00ed\u017een\u00ed, tak\u017ee jsou vhodn\u00e9 do n\u00e1ro\u010dn\u00fdch pracovn\u00edch prost\u0159ed\u00ed.<\/li>\n<li><strong>Efektivn\u00ed hydraulick\u00fd provoz:<\/strong> Vyu\u017e\u00edvaj\u00ed hydraulick\u00fd tlak oleje pro plynul\u00e9 prodlu\u017eov\u00e1n\u00ed a stahov\u00e1n\u00ed, rychle reaguj\u00ed na provozn\u00ed povely a poskytuj\u00ed siln\u00e9 tlakov\u00e9 a tahov\u00e9 s\u00edly.<\/li>\n<li><strong>R\u016fzn\u00e9 typy:<\/strong> V\u00e1lce v\u00fdlo\u017en\u00edku lze zvolit jako jedno\u010dinn\u00e9 (s hydraulick\u00fdm pohonem v jednom sm\u011bru) nebo dvoj\u010dinn\u00e9 (s hydraulick\u00fdm pohonem v obou sm\u011brech), aby spl\u0148ovaly r\u016fzn\u00e9 provozn\u00ed pot\u0159eby. N\u011bkter\u00e9 modely jsou teleskopick\u00e9, co\u017e umo\u017e\u0148uje v\u011bt\u0161\u00ed vysunut\u00ed bez zv\u011bt\u0161en\u00ed vn\u011bj\u0161\u00edch rozm\u011br\u016f.<\/li>\n<li><strong>Pokro\u010dil\u00e1 technologie t\u011bsn\u011bn\u00ed:<\/strong> Vybaveno vysoce kvalitn\u00edmi t\u011bsn\u011bn\u00edmi, kter\u00e1 zabra\u0148uj\u00ed \u00fanik\u016fm a zaji\u0161\u0165uj\u00ed optim\u00e1ln\u00ed v\u00fdkon v r\u016fzn\u00fdch podm\u00ednk\u00e1ch.<\/li>\n<li><strong>\u0158e\u0161en\u00ed na m\u00edru:<\/strong> Na\u0161e produkty dok\u00e1\u017e\u00ed tyto hydraulick\u00e9 v\u00e1lce dokonale nahradit a poskytnout \u0159e\u0161en\u00ed na m\u00edru, kter\u00e1 spl\u0148uj\u00ed specifick\u00e9 po\u017eadavky stroj\u016f.<\/li>\n<\/ul>\n<p><img decoding=\"async\" src=\"https:\/\/www.hydraulic-cylinders.net\/wp-content\/uploads\/2025\/04\/songte-cylinder-head-with-all-kinds-excavator-models.webp\" alt=\"V\u00fdm\u011bna hydraulick\u00e9ho v\u00e1lce\" \/><\/p>\n<h2>Sc\u00e9n\u00e1\u0159e aplikac\u00ed<\/h2>\n<h3>Stavebn\u00ed stroje<\/h3>\n<p>U bagr\u016f jsou v\u00e1lce v\u00fdlo\u017en\u00edku kl\u00ed\u010dov\u00e9 pro kop\u00e1n\u00ed, nakl\u00e1d\u00e1n\u00ed a p\u0159esouv\u00e1n\u00ed zeminy nebo suti. Umo\u017e\u0148uj\u00ed p\u0159esn\u00e9 ovl\u00e1d\u00e1n\u00ed pohybu l\u017e\u00edce, \u010d\u00edm\u017e zvy\u0161uj\u00ed efektivitu v\u00fdkopov\u00e9ho procesu. U r\u00fdpadlo-naklada\u010d\u016f v\u00e1lec l\u017e\u00edce pom\u00e1h\u00e1 jak p\u0159i kop\u00e1n\u00ed, tak p\u0159i zved\u00e1n\u00ed, \u010d\u00edm\u017e roz\u0161i\u0159uje \u0161k\u00e1lu pou\u017eit\u00ed t\u011bchto v\u0161estrann\u00fdch stroj\u016f.<\/p>\n<h3>Zem\u011bd\u011blsk\u00e9 stroje<\/h3>\n<p>U \u010deln\u00edch naklada\u010d\u016f se v\u00e1lce v\u00fdlo\u017en\u00edku pou\u017e\u00edvaj\u00ed k nab\u00edr\u00e1n\u00ed, zved\u00e1n\u00ed a p\u0159eprav\u011b zeminy, sena a dal\u0161\u00edch materi\u00e1l\u016f. Jejich schopnost zvl\u00e1dat t\u011b\u017ek\u00e9 n\u00e1klady je \u010din\u00ed ide\u00e1ln\u00edmi pro zem\u011bd\u011blsk\u00e9 \u00fakoly a p\u0159isp\u00edv\u00e1 k efektivn\u00edmu provozu farmy.<\/p>\n<h3>Bagry<\/h3>\n<p>V\u00e1lec kope\u010dku umo\u017e\u0148uje rypadl\u016fm efektivn\u011b pronikat do p\u016fdy, co\u017e umo\u017e\u0148uje hlubok\u00e9 a p\u0159esn\u00e9 kop\u00e1n\u00ed. To je obzvl\u00e1\u0161t\u011b d\u016fle\u017eit\u00e9 pro projekty vy\u017eaduj\u00edc\u00ed z\u00e1kladov\u00e9 pr\u00e1ce nebo podzemn\u00ed instalace.<\/p>\n<h3>Naklada\u010de<\/h3>\n<p>U \u010deln\u00edch naklada\u010d\u016f pom\u00e1haj\u00ed v\u00e1lce v\u00fdlo\u017en\u00edku p\u0159i zved\u00e1n\u00ed a vykl\u00e1p\u011bn\u00ed zbo\u017e\u00ed. Jejich rychl\u00e1 odezva a v\u00fdkonn\u00e9 zvedac\u00ed schopnosti je \u010din\u00ed nezbytn\u00fdmi pro manipulaci s materi\u00e1lem ve stavebnictv\u00ed a krajin\u00e1\u0159stv\u00ed.<\/p>\n<h2>Konstruk\u010dn\u00ed aspekty a krit\u00e9ria v\u00fdb\u011bru<\/h2>\n<h3>Nosnost<\/h3>\n<p>Jedn\u00edm z hlavn\u00edch konstruk\u010dn\u00edch hledisek pro v\u00e1lec v\u00fdlo\u017en\u00edku je jeho nosnost. Ta ur\u010duje maxim\u00e1ln\u00ed hmotnost, kterou m\u016f\u017ee bezpe\u010dn\u011b zvl\u00e1dnout b\u011bhem provozu. In\u017een\u00fd\u0159i mus\u00ed zajistit, aby materi\u00e1ly a konstrukce v\u00e1lce unesly zam\u00fd\u0161len\u00e9 zat\u00ed\u017een\u00ed, aby se zabr\u00e1nilo jeho selh\u00e1n\u00ed.<\/p>\n<h3>\u00da\u010dinnost t\u011bsn\u011bn\u00ed<\/h3>\n<p>\u00da\u010dinn\u00e9 t\u011bsn\u011bn\u00ed je z\u00e1sadn\u00ed pro prevenci \u00fanik\u016f hydraulick\u00e9 kapaliny, kter\u00e9 mohou v\u00e9st ke sn\u00ed\u017een\u00ed v\u00fdkonu a zv\u00fd\u0161en\u00fdm n\u00e1klad\u016fm na \u00fadr\u017ebu. V\u00fdb\u011br vysoce kvalitn\u00edch t\u011bsn\u011bn\u00ed je nezbytn\u00fd pro zachov\u00e1n\u00ed integrity hydraulick\u00e9ho syst\u00e9mu.<\/p>\n<h3>Trvanlivost<\/h3>\n<p>Trvanlivost je kl\u00ed\u010dov\u00fdm faktorem p\u0159i konstrukci v\u00e1lc\u016f v\u00fdlo\u017en\u00edku. M\u011bly by b\u00fdt schopny odolat n\u00e1ro\u010dn\u00fdm provozn\u00edm podm\u00ednk\u00e1m, v\u010detn\u011b vystaven\u00ed extr\u00e9mn\u00edm teplot\u00e1m, ne\u010distot\u00e1m a dal\u0161\u00edm faktor\u016fm prost\u0159ed\u00ed. Toho se obvykle dosahuje pou\u017eit\u00edm pokro\u010dil\u00fdch materi\u00e1l\u016f a ochrann\u00fdch povlak\u016f.<\/p>\n<h3>Bezpe\u010dnostn\u00ed prvky<\/h3>\n<p>Za\u010dlen\u011bn\u00ed bezpe\u010dnostn\u00edch prvk\u016f do konstrukce v\u00e1lc\u016f v\u00fdlo\u017en\u00edku je z\u00e1sadn\u00ed. Pat\u0159\u00ed sem syst\u00e9my ochrany proti p\u0159et\u00ed\u017een\u00ed, kter\u00e9 zabra\u0148uj\u00ed nehod\u00e1m a poruch\u00e1m. Pro bezpe\u010dnost u\u017eivatele je tak\u00e9 nezbytn\u00e9 zajistit, aby v\u00e1lec spl\u0148oval mezin\u00e1rodn\u00ed bezpe\u010dnostn\u00ed normy.<\/p>\n<h3>Udr\u017eovatelnost<\/h3>\n<p>Navrhov\u00e1n\u00ed s ohledem na \u00fadr\u017ebu zahrnuje zaji\u0161t\u011bn\u00ed snadn\u00e9 \u00fadr\u017eby a opravy v\u00e1lce. To zahrnuje zohledn\u011bn\u00ed p\u0159\u00edstupnosti sou\u010d\u00e1st\u00ed a pou\u017eit\u00ed standardn\u00edch d\u00edl\u016f pro usnadn\u011bn\u00ed oprav.<\/p>\n<p><img decoding=\"async\" src=\"https:\/\/www.hydraulic-cylinders.net\/wp-content\/uploads\/2025\/04\/songte-oil-pipes-and-spare-parts.webp\" alt=\"D\u00edly hydraulick\u00e9ho v\u00e1lce\" \/><\/p>\n<h2>T\u011bsn\u011bn\u00ed a maz\u00e1n\u00ed<\/h2>\n<p>Spr\u00e1vn\u00e9 t\u011bsn\u011bn\u00ed a maz\u00e1n\u00ed jsou z\u00e1sadn\u00ed pro v\u00fdkon v\u00e1lc\u016f v\u00fdlo\u017en\u00edku. K prevenci \u00faniku kapalin a kontaminace se pou\u017e\u00edvaj\u00ed r\u016fzn\u00e9 t\u011bsnic\u00ed komponenty, jako jsou t\u011bsn\u011bn\u00ed p\u00edst\u016f a p\u00edstnic. V\u00fdb\u011br odoln\u00fdch materi\u00e1l\u016f, jako je polyuretan a nitrilov\u00e1 pry\u017e, pro t\u011bsn\u011bn\u00ed zvy\u0161uje jejich odolnost proti opot\u0159eben\u00ed.<\/p>\n<p>T\u011bleso v\u00e1lce a z\u00e1vitov\u00e9 koncov\u00e9 plochy mus\u00ed b\u00fdt pe\u010dliv\u011b o\u0161et\u0159eny, aby se zlep\u0161ila odolnost proti opot\u0159eben\u00ed. Pravideln\u00e9 maz\u00e1n\u00ed hydraulick\u00fdm olejem zaji\u0161\u0165uje hladk\u00fd chod a prodlu\u017euje \u017eivotnost v\u00e1lce. Pro udr\u017een\u00ed optim\u00e1ln\u00edho v\u00fdkonu je nezbytn\u00e9 sledovat hladinu oleje a v p\u0159\u00edpad\u011b pot\u0159eby jej dopl\u0148ovat.<\/p>\n<h2>Preventivn\u00ed \u00fadr\u017ebov\u00e1 opat\u0159en\u00ed<\/h2>\n<ul>\n<li><strong>Pravideln\u00e9 kontroly:<\/strong> Prov\u00e1d\u011bjte pravideln\u00e9 kontroly hydraulick\u00e9ho syst\u00e9mu, abyste identifikovali jak\u00e9koli zn\u00e1mky opot\u0159eben\u00ed nebo po\u0161kozen\u00ed. To pom\u00e1h\u00e1 v\u010das odhalit potenci\u00e1ln\u00ed probl\u00e9my.<\/li>\n<li><strong>Vhodn\u00e9 maz\u00e1n\u00ed:<\/strong> Zajist\u011bte, aby byl hydraulick\u00fd olej dostate\u010dn\u011b napln\u011bn a aby bylo maz\u00e1n\u00ed prov\u00e1d\u011bno v doporu\u010den\u00fdch intervalech, aby byla zachov\u00e1na funk\u010dnost v\u00e1lce.<\/li>\n<li><strong>V\u00fdm\u011bna t\u011bsn\u011bn\u00ed:<\/strong> Sledujte stav t\u011bsn\u011bn\u00ed a v p\u0159\u00edpad\u011b pot\u0159eby je vym\u011b\u0148te, abyste zabr\u00e1nili net\u011bsnostem a udr\u017eeli tlak v syst\u00e9mu.<\/li>\n<\/ul>\n<h2>Pokyny k instalaci<\/h2>\n<p>Spr\u00e1vn\u00e1 instalace v\u00e1lce v\u00fdlo\u017en\u00edku je kl\u00ed\u010dov\u00e1 pro jeho funk\u010dnost a dlouhou \u017eivotnost. Pro spr\u00e1vnou instalaci postupujte podle t\u011bchto krok\u016f:<\/p>\n<ol>\n<li><strong>Zarovn\u00e1n\u00ed:<\/strong> Ujist\u011bte se, \u017ee je v\u00e1lec spr\u00e1vn\u011b zarovn\u00e1n s mont\u00e1\u017en\u00edmi konzolami, aby se zabr\u00e1nilo nerovnom\u011brn\u00e9mu nam\u00e1h\u00e1n\u00ed b\u011bhem provozu.<\/li>\n<li><strong>Pou\u017eijte vhodn\u00e9 mont\u00e1\u017en\u00ed konzoly:<\/strong> Zajist\u011bte v\u00e1lec pomoc\u00ed vhodn\u00fdch konzol, kter\u00e9 odolaj\u00ed sil\u00e1m p\u016fsob\u00edc\u00edm b\u011bhem provozu.<\/li>\n<li><strong>Uta\u017een\u00ed spojovac\u00edch prvk\u016f:<\/strong> Ujist\u011bte se, \u017ee v\u0161echny \u0161rouby a upev\u0148ovac\u00ed prvky jsou uta\u017eeny podle specifikac\u00ed v\u00fdrobce, aby se zabr\u00e1nilo jejich uvoln\u011bn\u00ed b\u011bhem provozu.<\/li>\n<li><strong>Zkontrolujte hydraulick\u00e9 p\u0159ipojen\u00ed:<\/strong> P\u0159ed p\u0159ipojen\u00edm k hydraulick\u00e9mu syst\u00e9mu zkontrolujte hydraulick\u00e9 potrub\u00ed, zda nedoch\u00e1z\u00ed k \u00fanik\u016fm nebo po\u0161kozen\u00ed.<\/li>\n<li><strong>Ov\u011b\u0159en\u00ed funk\u010dnosti:<\/strong> Po instalaci otestujte funkci v\u00e1lce v\u00fdlo\u017en\u00edku, abyste se ujistili, \u017ee funguje hladce a bez probl\u00e9m\u016f.<\/li>\n<\/ol>\n<p><img decoding=\"async\" src=\"https:\/\/www.hydraulic-cylinders.net\/wp-content\/uploads\/2025\/04\/songte-chushion-collar.webp\" alt=\"Pol\u0161t\u00e1\u0159ov\u00fd l\u00edmec pro v\u00e1lec v\u00fdlo\u017en\u00edku\" \/><\/p>\n<h2>Bezpe\u010dnostn\u00ed aspekty a faktory prost\u0159ed\u00ed<\/h2>\n<p>P\u0159i manipulaci s v\u00e1lci v\u00fdlo\u017en\u00edku jsou bezpe\u010dnostn\u00ed opat\u0159en\u00ed nezbytn\u00e1 pro prevenci nehod a zaji\u0161t\u011bn\u00ed bezpe\u010dnosti obsluhy. \u0158\u00e1dn\u00e9 pro\u0161kolen\u00ed obsluhy v pou\u017e\u00edv\u00e1n\u00ed hydraulick\u00fdch stroj\u016f je z\u00e1sadn\u00ed, stejn\u011b jako dodr\u017eov\u00e1n\u00ed bezpe\u010dnostn\u00edch protokol\u016f b\u011bhem provozu. Krom\u011b toho je t\u0159eba p\u0159i provozu a \u00fadr\u017eb\u011b hydraulick\u00fdch syst\u00e9m\u016f zohlednit faktory prost\u0159ed\u00ed, jako je likvidace kapalin a hlukov\u00e9 zne\u010di\u0161t\u011bn\u00ed.<\/p>\n<h2>\u0158e\u0161en\u00ed b\u011b\u017en\u00fdch probl\u00e9m\u016f<\/h2>\n<ul>\n<li><strong>\u00danik hydraulick\u00e9 kapaliny:<\/strong> To m\u016f\u017ee znamenat opot\u0159ebovan\u00e1 t\u011bsn\u011bn\u00ed nebo po\u0161kozen\u00e9 hadice. Zkontrolujte a v p\u0159\u00edpad\u011b pot\u0159eby vym\u011b\u0148te vadn\u00e9 sou\u010d\u00e1sti.<\/li>\n<li><strong>Pomal\u00fd pohyb v\u00e1lce:<\/strong> M\u016f\u017ee to b\u00fdt zp\u016fsobeno n\u00edzkou hladinou hydraulick\u00e9 kapaliny nebo jej\u00edm zne\u010di\u0161t\u011bn\u00edm. Zkontrolujte kapalinu a v p\u0159\u00edpad\u011b pot\u0159eby ji vym\u011b\u0148te.<\/li>\n<li><strong>Neobvykl\u00e9 zvuky b\u011bhem provozu:<\/strong> Sk\u0159\u00edpav\u00e9 nebo sy\u010div\u00e9 zvuky mohou nazna\u010dovat probl\u00e9my s hydraulick\u00fdm \u010derpadlem nebo vnit\u0159n\u00edmi sou\u010d\u00e1stmi. Je nutn\u00e1 d\u016fkladn\u00e1 kontrola.<\/li>\n<\/ul>\n<h2>Diagnostika poruch a preventivn\u00ed opat\u0159en\u00ed<\/h2>\n<p>Pro efektivn\u00ed diagnostiku z\u00e1vad postupujte takto:<\/p>\n<ul>\n<li><strong>Identifikujte p\u0159\u00edznaky:<\/strong> Sledujte p\u0159\u00edznaky zobrazen\u00e9 za\u0159\u00edzen\u00edm, kter\u00e9 mohou v\u00e9st k diagnostick\u00e9mu procesu.<\/li>\n<li><strong>Prov\u00e1d\u011bjte vizu\u00e1ln\u00ed kontroly:<\/strong> Pravideln\u011b kontrolujte hydraulick\u00e9 potrub\u00ed, t\u011bsn\u011bn\u00ed a spoje, zda nejsou opot\u0159ebovan\u00e9 nebo po\u0161kozen\u00e9.<\/li>\n<li><strong>Zav\u00e9st preventivn\u00ed opat\u0159en\u00ed:<\/strong> Stanovte si pl\u00e1n pravideln\u00e9 \u00fadr\u017eby, abyste minimalizovali potenci\u00e1ln\u00ed probl\u00e9my a prodlou\u017eili \u017eivotnost v\u00e1lce.<\/li>\n<\/ul>\n<p><img decoding=\"async\" src=\"https:\/\/www.hydraulic-cylinders.net\/wp-content\/uploads\/2025\/04\/songte-bushings-with-all-kinds-of-excavator-models.webp\" alt=\"Pouzdra pro v\u00e1lec v\u00fdlo\u017en\u00edku\" \/><\/p>\n<h2>P\u0159ehled spole\u010dnosti<\/h2>\n<p>Jsme p\u0159edn\u00edm v\u00fdrobcem alternativn\u00edch hydraulick\u00fdch v\u00e1lc\u016f a nab\u00edz\u00edme komplexn\u00ed sortiment produkt\u016f pro dom\u00e1c\u00ed i mezin\u00e1rodn\u00ed trhy. N\u00e1\u0161 z\u00e1vazek k dokonalosti se odr\u00e1\u017e\u00ed v na\u0161ich strategi\u00edch \u0159\u00edzen\u00ed pr\u016fmyslov\u00e9 v\u00fdroby, zam\u011bstn\u00e1v\u00e1n\u00ed kvalifikovan\u00fdch technik\u016f, pokro\u010dil\u00e9ho digit\u00e1ln\u00edho v\u00fdrobn\u00edho za\u0159\u00edzen\u00ed a profesion\u00e1ln\u00edch testovac\u00edch syst\u00e9m\u016f. Neust\u00e1le vylep\u0161ujeme na\u0161i v\u00fdrobn\u00ed platformu a kvalitu produkt\u016f, abychom zajistili uspokojen\u00ed rozmanit\u00fdch pot\u0159eb z\u00e1kazn\u00edk\u016f s vysokou efektivitou, p\u0159esnost\u00ed a kvalitou.<\/p>\n<h3>Na\u0161e speciality<\/h3>\n<ul>\n<li><strong>Odbornost:<\/strong> N\u00e1\u0161 t\u00fdm m\u00e1 rozs\u00e1hl\u00e9 znalosti v oblasti n\u00e1vrhu a v\u00fdroby hydraulick\u00fdch v\u00e1lc\u016f, co\u017e zaru\u010duje vysoce kvalitn\u00ed produkty.<\/li>\n<li><strong>Mezin\u00e1rodn\u00ed certifikace:<\/strong> Na\u0161e produkty spl\u0148uj\u00ed mezin\u00e1rodn\u00ed standardy kvality a zaru\u010duj\u00ed z\u00e1kazn\u00edk\u016fm spolehliv\u00fd v\u00fdkon.<\/li>\n<li><strong>\u0158e\u0161en\u00ed na m\u00edru:<\/strong> Nab\u00edz\u00edme slu\u017eby \u0161it\u00e9 na m\u00edru specifick\u00fdm po\u017eadavk\u016fm a zaji\u0161\u0165ujeme spokojenost z\u00e1kazn\u00edk\u016f.<\/li>\n<li><strong>Modern\u00ed vybaven\u00ed:<\/strong> Pou\u017eit\u00ed nejmodern\u011bj\u0161\u00edch v\u00fdrobn\u00edch stroj\u016f zaru\u010duje p\u0159esnost a kvalitu ka\u017ed\u00e9ho v\u00e1lce, kter\u00fd vyr\u00e1b\u00edme.<\/li>\n<li><strong>Poprodejn\u00ed podpora:<\/strong> N\u00e1\u0161 specializovan\u00fd t\u00fdm podpory je k dispozici, aby pomohl z\u00e1kazn\u00edk\u016fm s instalac\u00ed, \u00fadr\u017ebou a jak\u00fdmikoli dotazy.<\/li>\n<\/ul>\n<p><img decoding=\"async\" src=\"https:\/\/www.hydraulic-cylinders.net\/wp-content\/uploads\/2025\/04\/songte-company-4.webp\" alt=\"V\u00fdroba hydraulick\u00fdch v\u00e1lc\u016f\" \/><br \/>\n<img decoding=\"async\" src=\"https:\/\/www.hydraulic-cylinders.net\/wp-content\/uploads\/2025\/04\/songte-company-3.webp\" alt=\"Za\u0159\u00edzen\u00ed spole\u010dnosti\" \/><\/p>\n<p>Autor: lyl<\/p>","protected":false},"excerpt":{"rendered":"<p>Boom Cylinder For Caterpillar Middle Excavator E320DZ\/BL Introduction to Boom Cylinders The Boom Cylinder is a critical component in hydraulic systems, specifically designed for controlling the movement of excavator buckets in heavy machinery such as excavators, backhoe loaders, and front-end loaders. These hydraulic cylinders enable the bucket to lift, lower, and tilt, facilitating efficient material [&hellip;]<\/p>","protected":false},"featured_media":17881,"comment_status":"open","ping_status":"closed","template":"","meta":{"_et_pb_use_builder":"","_et_pb_old_content":"","_et_gb_content_width":""},"product_brand":[],"product_cat":[1546],"product_tag":[1547,1496],"class_list":{"0":"post-18954","1":"product","2":"type-product","3":"status-publish","4":"has-post-thumbnail","6":"product_cat-boom-cylinders","7":"product_tag-boom-cylinders","8":"product_tag-hydraulic-cylinders","10":"first","11":"instock","12":"shipping-taxable","13":"product-type-simple"},"amp_enabled":true,"_links":{"self":[{"href":"https:\/\/www.hydraulic-cylinders.net\/cs\/wp-json\/wp\/v2\/product\/18954","targetHints":{"allow":["GET"]}}],"collection":[{"href":"https:\/\/www.hydraulic-cylinders.net\/cs\/wp-json\/wp\/v2\/product"}],"about":[{"href":"https:\/\/www.hydraulic-cylinders.net\/cs\/wp-json\/wp\/v2\/types\/product"}],"replies":[{"embeddable":true,"href":"https:\/\/www.hydraulic-cylinders.net\/cs\/wp-json\/wp\/v2\/comments?post=18954"}],"wp:featuredmedia":[{"embeddable":true,"href":"https:\/\/www.hydraulic-cylinders.net\/cs\/wp-json\/wp\/v2\/media\/17881"}],"wp:attachment":[{"href":"https:\/\/www.hydraulic-cylinders.net\/cs\/wp-json\/wp\/v2\/media?parent=18954"}],"wp:term":[{"taxonomy":"product_brand","embeddable":true,"href":"https:\/\/www.hydraulic-cylinders.net\/cs\/wp-json\/wp\/v2\/product_brand?post=18954"},{"taxonomy":"product_cat","embeddable":true,"href":"https:\/\/www.hydraulic-cylinders.net\/cs\/wp-json\/wp\/v2\/product_cat?post=18954"},{"taxonomy":"product_tag","embeddable":true,"href":"https:\/\/www.hydraulic-cylinders.net\/cs\/wp-json\/wp\/v2\/product_tag?post=18954"}],"curies":[{"name":"wp","href":"https:\/\/api.w.org\/{rel}","templated":true}]}}