{"id":18977,"date":"2025-04-07T06:05:25","date_gmt":"2025-04-07T06:05:25","guid":{"rendered":"https:\/\/www.hydraulic-cylinders.net\/product\/boom-cylinder-for-caterpillar-large-excavator-e390d\/"},"modified":"2025-04-07T06:05:27","modified_gmt":"2025-04-07T06:05:27","slug":"boom-cylinder-for-caterpillar-large-excavator-e390d","status":"publish","type":"product","link":"https:\/\/www.hydraulic-cylinders.net\/cs\/produkt\/boom-cylinder-for-caterpillar-large-excavator-e390d\/","title":{"rendered":"V\u00e1lec v\u00fdlo\u017en\u00edku pro velk\u00e9 rypadlo Caterpillar E390D"},"content":{"rendered":"<h1>V\u00e1lec v\u00fdlo\u017en\u00edku pro velk\u00e9 rypadlo Caterpillar E390D<\/h1>\n<h2>\u00davod k v\u00e1lci v\u00fdlo\u017en\u00edku<\/h2>\n<p>V\u00e1lec v\u00fdlo\u017en\u00edku je kl\u00ed\u010dov\u00e1 hydraulick\u00e1 sou\u010d\u00e1st speci\u00e1ln\u011b navr\u017een\u00e1 pro ovl\u00e1d\u00e1n\u00ed pohybu l\u017e\u00edce v r\u016fzn\u00fdch t\u011b\u017ek\u00fdch stroj\u00edch, jako jsou rypadla, r\u00fdpadlo-naklada\u010de a \u010deln\u00ed naklada\u010de. Tento hydraulick\u00fd v\u00e1lec umo\u017e\u0148uje l\u017e\u00edci zvedat, spou\u0161t\u011bt a nakl\u00e1n\u011bt, co\u017e usnad\u0148uje efektivn\u00ed manipulaci s materi\u00e1lem. V\u00e1lec v\u00fdlo\u017en\u00edku hraje kl\u00ed\u010dovou roli v hydraulick\u00e9m syst\u00e9mu rypadla a poskytuje pot\u0159ebnou s\u00edlu a p\u0159esnost pro provoz.<\/p>\n<p><img decoding=\"async\" src=\"https:\/\/www.hydraulic-cylinders.net\/wp-content\/uploads\/2025\/04\/songte-company-1.webp\" alt=\"V\u00e1lec v\u00fdlo\u017en\u00edku\" \/><\/p>\n<h3>Definice a p\u0159ehled<\/h3>\n<p>Hydraulick\u00e9 v\u00e1lce jsou za\u0159\u00edzen\u00ed, kter\u00e1 p\u0159em\u011b\u0148uj\u00ed hydraulickou energii na mechanickou energii a poskytuj\u00ed s\u00edlu pot\u0159ebnou pro r\u016fzn\u00e9 operace ve stavebn\u00edch a zem\u011bd\u011blsk\u00fdch stroj\u00edch. Zejm\u00e9na v\u00e1lec v\u00fdlo\u017en\u00edku je navr\u017een tak, aby odolal vysok\u00e9mu tlaku a velk\u00e9mu zat\u00ed\u017een\u00ed, a zajistil tak spolehliv\u00fd v\u00fdkon i v n\u00e1ro\u010dn\u00fdch pracovn\u00edch prost\u0159ed\u00edch. Jeho konstrukce se zam\u011b\u0159uje na odolnost a efektivitu, co\u017e umo\u017e\u0148uje obsluze snadno prov\u00e1d\u011bt slo\u017eit\u00e9 \u00fakoly.<\/p>\n<h2>Kl\u00ed\u010dov\u00e9 vlastnosti v\u00e1lce v\u00fdlo\u017en\u00edku<\/h2>\n<ul>\n<li><strong>Vysok\u00e1 pevnost a trvanlivost:<\/strong> V\u00e1lec v\u00fdlo\u017en\u00edku je vyroben z vysokopevnostn\u00ed oceli nebo hlin\u00edku, tak\u017ee odol\u00e1 vysok\u00e9mu tlaku a velk\u00e9mu zat\u00ed\u017een\u00ed. Je navr\u017een tak, aby odol\u00e1val opot\u0159eben\u00ed a korozi, co\u017e prodlu\u017euje jeho \u017eivotnost.<\/li>\n<li><strong>Efektivn\u00ed hydraulick\u00fd provoz:<\/strong> Vyu\u017e\u00edv\u00e1 hydraulick\u00fd tlak oleje pro plynul\u00e9 vysouv\u00e1n\u00ed a zasouv\u00e1n\u00ed, rychle reaguje na povely obsluhy a poskytuje v\u00fdkonn\u00e9 funkce tla\u010den\u00ed a tahu vhodn\u00e9 pro zved\u00e1n\u00ed t\u011b\u017ek\u00fdch b\u0159emen a slo\u017eit\u00e9 operace.<\/li>\n<li><strong>R\u016fzn\u00e9 typy:<\/strong> K dispozici je v jedno\u010dinn\u00e9m (s hydraulick\u00fdm pohonem v jednom sm\u011bru) nebo dvoj\u010dinn\u00e9m (s hydraulick\u00fdm pohonem ve dvou sm\u011brech) proveden\u00ed a spl\u0148uje r\u016fzn\u00e9 provozn\u00ed pot\u0159eby. N\u011bkter\u00e9 modely jsou teleskopick\u00e9, co\u017e umo\u017e\u0148uje v\u011bt\u0161\u00ed vysunut\u00ed bez zv\u011bt\u0161en\u00ed vn\u011bj\u0161\u00edch rozm\u011br\u016f, co\u017e je ide\u00e1ln\u00ed pro aplikace s omezen\u00fdm prostorem.<\/li>\n<li><strong>P\u0159esn\u00e9 stroj\u00edrenstv\u00ed:<\/strong> Navr\u017eeno s p\u0159\u00edsn\u00fdmi tolerancemi a vysoce kvalitn\u00edmi materi\u00e1ly pro zaji\u0161t\u011bn\u00ed konzistentn\u00edho v\u00fdkonu, sn\u00ed\u017een\u00ed n\u00e1rok\u016f na \u00fadr\u017ebu a zv\u00fd\u0161en\u00ed spolehlivosti.<\/li>\n<li><strong>P\u0159izp\u016fsobiteln\u00e9 mo\u017enosti:<\/strong> V\u00e1lec v\u00fdlo\u017en\u00edku lze p\u0159izp\u016fsobit specifick\u00fdm po\u017eadavk\u016fm, co\u017e zaji\u0161\u0165uje kompatibilitu s r\u016fzn\u00fdmi modely rypadel a zvy\u0161uje provozn\u00ed efektivitu.<\/li>\n<\/ul>\n<p>M\u00e1me kapacitu tento produkt vyrobit a na\u0161e produkty mohou tyto hydraulick\u00e9 v\u00e1lce dokonale nahradit.<\/p>\n<p><img decoding=\"async\" src=\"https:\/\/www.hydraulic-cylinders.net\/wp-content\/uploads\/2025\/04\/songte-cylinder-head-with-all-kinds-excavator-models.webp\" alt=\"Modely bagr\u016f\" \/><\/p>\n<h2>Aplikace v\u00e1lce v\u00fdlo\u017en\u00edku<\/h2>\n<h3>Stavebn\u00ed stroje<\/h3>\n<p>V\u00e1lec v\u00fdlo\u017en\u00edku je nezbytn\u00fd pro stavebn\u00ed stroje, jako jsou bagry, kde usnad\u0148uje kop\u00e1n\u00ed, nakl\u00e1d\u00e1n\u00ed a p\u0159esouv\u00e1n\u00ed zeminy nebo suti. U rypadlo-naklada\u010d\u016f v\u00e1lec v\u00fdlo\u017en\u00edku pom\u00e1h\u00e1 jak p\u0159i kop\u00e1n\u00ed, tak p\u0159i zved\u00e1n\u00ed, co\u017e se ukazuje jako nezbytn\u00e9 pro v\u0161estrann\u00e9 operace na staveni\u0161t\u00edch.<\/p>\n<h3>Zem\u011bd\u011blsk\u00e9 stroje<\/h3>\n<p>U \u010deln\u00edch naklada\u010d\u016f se v\u00e1lec v\u00fdlo\u017en\u00edku pou\u017e\u00edv\u00e1 k nab\u00edr\u00e1n\u00ed, zved\u00e1n\u00ed a p\u0159eprav\u011b p\u016fdy, sena a dal\u0161\u00edch materi\u00e1l\u016f. Jeho spolehliv\u00fd v\u00fdkon pom\u00e1h\u00e1 zem\u011bd\u011blc\u016fm efektivn\u011b zvl\u00e1dat zem\u011bd\u011blsk\u00e9 \u00fakoly a zaji\u0161\u0165uje produktivitu na farm\u011b.<\/p>\n<h3>Bagry<\/h3>\n<p>U rypadel umo\u017e\u0148uje v\u00e1lec v\u00fdlo\u017en\u00edku pronik\u00e1n\u00ed l\u017e\u00edce do p\u016fdy, co\u017e usnad\u0148uje efektivn\u00ed kop\u00e1n\u00ed. Jeho role je kl\u00ed\u010dov\u00e1 p\u0159i r\u016fzn\u00fdch stavebn\u00edch a demoli\u010dn\u00edch \u010dinnostech, co\u017e z n\u011bj \u010din\u00ed nepostradatelnou sou\u010d\u00e1st stroje.<\/p>\n<h3>Naklada\u010de<\/h3>\n<p>U \u010deln\u00edch naklada\u010d\u016f pom\u00e1haj\u00ed v\u00e1lce v\u00fdlo\u017en\u00edku efektivn\u011b zvedat a vykl\u00e1dat b\u0159emena. D\u00edky sv\u00e9mu v\u00fdkonu a spolehlivosti jsou vhodn\u00e9 pro r\u016fzn\u00e9 aplikace, v\u010detn\u011b manipulace s materi\u00e1lem a p\u0159\u00edpravy staveni\u0161t\u011b.<\/p>\n<h2>Konstruk\u010dn\u00ed aspekty a krit\u00e9ria v\u00fdb\u011bru<\/h2>\n<h3>Nosnost<\/h3>\n<p>Nosnost v\u00e1lce v\u00fdlo\u017en\u00edku je kl\u00ed\u010dov\u00e1 pro zaji\u0161t\u011bn\u00ed toho, aby zvl\u00e1dl hmotnosti spojen\u00e9 s prov\u00e1d\u011bn\u00fdmi \u00fakoly. V\u00fdb\u011br v\u00e1lce s vhodnou nosnost\u00ed je z\u00e1sadn\u00ed pro prevenci poruch b\u011bhem provozu.<\/p>\n<h3>T\u011bsnic\u00ed v\u00fdkon<\/h3>\n<p>\u00da\u010dinn\u00e9 t\u011bsn\u011bn\u00ed je nezbytn\u00e9 pro udr\u017een\u00ed hydraulick\u00e9ho tlaku a prevenci \u00fanik\u016f. Vysoce kvalitn\u00ed t\u011bsn\u011bn\u00ed nejen zlep\u0161uje v\u00fdkon, ale tak\u00e9 prodlu\u017euje \u017eivotnost v\u00e1lce. Pravideln\u00e1 \u00fadr\u017eba t\u011bsn\u011bn\u00ed m\u016f\u017ee p\u0159edej\u00edt v\u00fdznamn\u00fdm probl\u00e9m\u016fm.<\/p>\n<h3>Trvanlivost<\/h3>\n<p>Pro v\u00e1lce v\u00fdlo\u017en\u00edku je kl\u00ed\u010dov\u00e1 odolnost, proto\u017ee pracuj\u00ed v n\u00e1ro\u010dn\u00fdch podm\u00ednk\u00e1ch. V\u00fdb\u011br materi\u00e1l\u016f s vysokou odolnost\u00ed proti opot\u0159eben\u00ed, jako je kalen\u00e1 ocel, zaji\u0161\u0165uje dlouhou \u017eivotnost a sni\u017euje \u010detnost v\u00fdm\u011bn.<\/p>\n<h3>Bezpe\u010dnostn\u00ed prvky<\/h3>\n<p>Bezpe\u010dnost je p\u0159i n\u00e1vrhu hydraulick\u00e9ho syst\u00e9mu d\u016fle\u017eit\u00fdm krit\u00e9riem. Za\u010dlen\u011bn\u00ed prvk\u016f, jako jsou p\u0159etlakov\u00e9 ventily a bezpe\u010dnostn\u00ed z\u00e1mky, m\u016f\u017ee chr\u00e1nit obsluhu a za\u0159\u00edzen\u00ed p\u0159ed potenci\u00e1ln\u00edmi nebezpe\u010d\u00edmi b\u011bhem provozu.<\/p>\n<h3>P\u0159\u00edstupnost \u00fadr\u017eby<\/h3>\n<p>Navr\u017een\u00ed s ohledem na snadnou \u00fadr\u017ebu m\u016f\u017ee v\u00fdrazn\u011b zkr\u00e1tit prostoje. Pro usnadn\u011bn\u00ed pravideln\u00e9 \u00fadr\u017eby a oprav by m\u011bly b\u00fdt prioritou prvky, jako jsou snadno p\u0159\u00edstupn\u00e9 mazac\u00ed body a vym\u011bniteln\u00e1 t\u011bsn\u011bn\u00ed.<\/p>\n<p><img decoding=\"async\" src=\"https:\/\/www.hydraulic-cylinders.net\/wp-content\/uploads\/2025\/04\/songte-oil-pipes-and-spare-parts.webp\" alt=\"Olejov\u00e9 trubky a n\u00e1hradn\u00ed d\u00edly\" \/><\/p>\n<h2>T\u011bsn\u011bn\u00ed a maz\u00e1n\u00ed v\u00e1lce v\u00fdlo\u017en\u00edku<\/h2>\n<p>Spr\u00e1vn\u00e9 t\u011bsn\u011bn\u00ed a maz\u00e1n\u00ed jsou z\u00e1sadn\u00ed pro funk\u010dnost v\u00e1lce v\u00fdlo\u017en\u00edku. K udr\u017een\u00ed tlaku a zabr\u00e1n\u011bn\u00ed \u00fanik\u016fm se pou\u017e\u00edvaj\u00ed r\u016fzn\u00e1 t\u011bsn\u011bn\u00ed, v\u010detn\u011b p\u00edstn\u00edch a p\u00edstn\u00edch t\u011bsn\u011bn\u00ed. Pro svou trvanlivost jsou up\u0159ednost\u0148ov\u00e1na t\u011bsn\u011bn\u00ed vyroben\u00e1 z materi\u00e1l\u016f odoln\u00fdch proti opot\u0159eben\u00ed, jako je polyuretan a nitrilov\u00e1 pry\u017e. T\u011bleso v\u00e1lce a z\u00e1vitov\u00e9 koncov\u00e9 plochy vy\u017eaduj\u00ed p\u0159esn\u00e9 obr\u00e1b\u011bn\u00ed pro zv\u00fd\u0161en\u00ed odolnosti proti opot\u0159eben\u00ed. Pravideln\u00e9 dopl\u0148ov\u00e1n\u00ed hydraulick\u00e9ho oleje je nezbytn\u00e9 pro maz\u00e1n\u00ed, zaji\u0161t\u011bn\u00ed plynul\u00e9ho provozu a sn\u00ed\u017een\u00ed opot\u0159eben\u00ed.<\/p>\n<h2>Pravideln\u00e1 kontrola a preventivn\u00ed \u00fadr\u017eba<\/h2>\n<h3>Inspek\u010dn\u00ed opat\u0159en\u00ed<\/h3>\n<ul>\n<li>\u010cast\u00e9 vizu\u00e1ln\u00ed kontroly net\u011bsnost\u00ed a zn\u00e1mek opot\u0159eben\u00ed mohou pomoci identifikovat potenci\u00e1ln\u00ed probl\u00e9my d\u0159\u00edve, ne\u017e se zhor\u0161\u00ed.<\/li>\n<li>Sledov\u00e1n\u00ed hladiny hydraulick\u00e9 kapaliny zaji\u0161\u0165uje optim\u00e1ln\u00ed v\u00fdkon a zabra\u0148uje po\u0161kozen\u00ed zp\u016fsoben\u00e9mu nedostate\u010dn\u00fdm maz\u00e1n\u00edm.<\/li>\n<li>Pravideln\u00e1 kontrola t\u011bsn\u011bn\u00ed umo\u017e\u0148uje v\u010dasn\u00e9 odhalen\u00ed poruchy a zachov\u00e1n\u00ed integrity syst\u00e9mu.<\/li>\n<\/ul>\n<h2>Pokyny k instalaci<\/h2>\n<p>Proper installation of the boom cylinder is crucial for optimal performance. Begin by ensuring that the mounting surfaces are clean and free from debris. Align the cylinder accurately with the mounting brackets, using appropriate mounting supports to secure it. It is essential to check that all bolts and fittings are tightened to the manufacturer&#8217;s specifications. Following the correct hydraulic connections and ensuring no leaks are present is vital for safe operation. Lastly, test the cylinder&#8217;s functionality before full-scale operation to confirm proper alignment and performance.<\/p>\n<h2>B\u011b\u017en\u00e9 \u00fakoly \u00fadr\u017eby<\/h2>\n<h3>Pravideln\u00e9 kontroly<\/h3>\n<p>Pro zaji\u0161t\u011bn\u00ed dlouh\u00e9 \u017eivotnosti a v\u00fdkonu v\u00e1lce v\u00fdlo\u017en\u00edku je nezbytn\u00e9 prov\u00e1d\u011bt pravideln\u00e9 kontroly. Hledejte jak\u00e9koli zn\u00e1mky opot\u0159eben\u00ed, net\u011bsnost\u00ed nebo po\u0161kozen\u00ed. V\u010dasn\u00e9 \u0159e\u0161en\u00ed t\u011bchto probl\u00e9m\u016f m\u016f\u017ee zabr\u00e1nit n\u00e1kladn\u00fdm oprav\u00e1m a prostoj\u016fm.<\/p>\n<h3>Spr\u00e1vn\u00e9 maz\u00e1n\u00ed<\/h3>\n<p>Pravideln\u00e9 maz\u00e1n\u00ed je z\u00e1sadn\u00ed pro hladk\u00fd chod v\u00e1lce v\u00fdlo\u017en\u00edku. Zajist\u011bte, aby byl hydraulick\u00fd olej dopl\u0148ov\u00e1n podle pot\u0159eby a aby mazac\u00ed m\u00edsta byla snadno p\u0159\u00edstupn\u00e1 pro b\u011b\u017enou \u00fadr\u017ebu. T\u00edm je zaji\u0161t\u011bna efektivn\u00ed funkce sou\u010d\u00e1st\u00ed a prodlou\u017eena jejich \u017eivotnost.<\/p>\n<h3>V\u00fdm\u011bna t\u011bsn\u011bn\u00ed a kontroly kalibrace<\/h3>\n<p>Pravideln\u00e1 v\u00fdm\u011bna t\u011bsn\u011bn\u00ed je d\u016fle\u017eit\u00e1, aby se zabr\u00e1nilo \u00fanik\u016fm hydraulick\u00e9 kapaliny. Prov\u00e1d\u011bn\u00ed kalibra\u010dn\u00edch kontrol nav\u00edc zaji\u0161\u0165uje, \u017ee v\u00e1lec pracuje p\u0159esn\u011b a udr\u017euje po\u017eadovanou \u00farove\u0148 v\u00fdkonu. Spr\u00e1vn\u00e9 se\u0159\u00edzen\u00ed a nastaven\u00ed b\u011bhem t\u011bchto kontrol jsou pro optim\u00e1ln\u00ed provoz z\u00e1sadn\u00ed.<\/p>\n<p><img decoding=\"async\" src=\"https:\/\/www.hydraulic-cylinders.net\/wp-content\/uploads\/2025\/04\/songte-chushion-collar.webp\" alt=\"Pol\u0161t\u00e1\u0159ov\u00fd l\u00edmec\" \/><\/p>\n<h2>Bezpe\u010dnostn\u00ed aspekty a faktory prost\u0159ed\u00ed<\/h2>\n<p>P\u0159i pou\u017e\u00edv\u00e1n\u00ed hydraulick\u00fdch v\u00e1lc\u016f je z\u00e1sadn\u00ed implementace bezpe\u010dnostn\u00edch opat\u0159en\u00ed. \u0158\u00e1dn\u00e9 \u0161kolen\u00ed obsluhy, dodr\u017eov\u00e1n\u00ed bezpe\u010dnostn\u00edch protokol\u016f a pou\u017e\u00edv\u00e1n\u00ed ochrann\u00fdch pom\u016fcek mohou zm\u00edrnit rizika spojen\u00e1 s hydraulick\u00fdmi syst\u00e9my. Krom\u011b toho m\u016f\u017ee zohledn\u011bn\u00ed dopadu hydraulick\u00fdch kapalin na \u017eivotn\u00ed prost\u0159ed\u00ed a zaji\u0161t\u011bn\u00ed spr\u00e1vn\u00fdch metod likvidace p\u0159isp\u011bt k udr\u017eitelnosti provozu.<\/p>\n<h2>Diagnostika z\u00e1vad a b\u011b\u017en\u00e9 probl\u00e9my<\/h2>\n<ul>\n<li><strong>\u00danik:<\/strong> Identifikace zdroje net\u011bsnost\u00ed m\u016f\u017ee pomoci zabr\u00e1nit dal\u0161\u00edmu po\u0161kozen\u00ed a udr\u017eet \u00fa\u010dinnost syst\u00e9mu. Zkontrolujte t\u011bsn\u011bn\u00ed a spoje, zda nejsou opot\u0159ebovan\u00e9.<\/li>\n<li><strong>Probl\u00e9my s v\u00fdkonem:<\/strong> Pokud v\u00e1lec nereaguje o\u010dek\u00e1van\u00fdm zp\u016fsobem, zkontrolujte hladinu hydraulick\u00e9 kapaliny a neporu\u0161enost t\u011bsn\u011bn\u00ed a spoj\u016f.<\/li>\n<li><strong>Neobvykl\u00e9 zvuky:<\/strong> Hluky b\u011bhem provozu mohou nazna\u010dovat vnit\u0159n\u00ed probl\u00e9my. Prove\u010fte kontrolu, abyste diagnostikovali a odstranili probl\u00e9my.<\/li>\n<\/ul>\n<h2>Tipy pro \u0159e\u0161en\u00ed probl\u00e9m\u016f<\/h2>\n<p>Pro efektivn\u00ed diagnostiku a \u0159e\u0161en\u00ed probl\u00e9m\u016f za\u010dn\u011bte d\u016fkladnou kontrolou hydraulick\u00e9ho syst\u00e9mu. Veden\u00ed organizovan\u00e9ho den\u00edku \u00fadr\u017eby m\u016f\u017ee pomoci identifikovat opakuj\u00edc\u00ed se probl\u00e9my. Pro minimalizaci potenci\u00e1ln\u00edch komplikac\u00ed zav\u00e1d\u011bjte preventivn\u00ed opat\u0159en\u00ed, jako jsou pravideln\u00e9 kontroly a spr\u00e1vn\u00e9 maz\u00e1n\u00ed.<\/p>\n<p><img decoding=\"async\" src=\"https:\/\/www.hydraulic-cylinders.net\/wp-content\/uploads\/2025\/04\/songte-bushings-with-all-kinds-of-excavator-models.webp\" alt=\"Pouzdra\" \/><\/p>\n<h2>O na\u0161\u00ed spole\u010dnosti<\/h2>\n<p>Jsme p\u0159edn\u00edm v\u00fdrobcem n\u00e1hradn\u00edch hydraulick\u00fdch v\u00e1lc\u016f a nab\u00edz\u00edme \u0161irokou \u0161k\u00e1lu produkt\u016f, kter\u00e9 n\u00e1s pozicionovaly jako kl\u00ed\u010dov\u00e9ho hr\u00e1\u010de na dom\u00e1c\u00edm i mezin\u00e1rodn\u00edm trhu. N\u00e1\u0161 z\u00e1vazek ke kvalit\u011b je realizov\u00e1n prost\u0159ednictv\u00edm na\u0161ich propracovan\u00fdch v\u00fdrobn\u00edch strategi\u00ed a \u0161pi\u010dkov\u00e9ho \u0159\u00edzen\u00ed v\u00fdroby. Neust\u00e1le vylep\u0161ujeme na\u0161i v\u00fdrobn\u00ed platformu pomoc\u00ed pokro\u010dil\u00fdch technick\u00fdch talent\u016f, \u0161pi\u010dkov\u00e9ho digit\u00e1ln\u00edho v\u00fdrobn\u00edho za\u0159\u00edzen\u00ed a profesion\u00e1ln\u00edch testovac\u00edch syst\u00e9m\u016f. Toto \u00fasil\u00ed vede k vysok\u00e9 efektivit\u011b, p\u0159esnosti a vynikaj\u00edc\u00ed kvalit\u011b, kter\u00e9 spl\u0148uj\u00ed rozmanit\u00e9 po\u017eadavky z\u00e1kazn\u00edk\u016f.<\/p>\n<p><img decoding=\"async\" src=\"https:\/\/www.hydraulic-cylinders.net\/wp-content\/uploads\/2025\/04\/songte-company-4.webp\" alt=\"Obr\u00e1zek spole\u010dnosti 4\" \/><br \/>\n<img decoding=\"async\" src=\"https:\/\/www.hydraulic-cylinders.net\/wp-content\/uploads\/2025\/04\/songte-company-3.webp\" alt=\"Obr\u00e1zek spole\u010dnosti 3\" \/><\/p>\n<h2>Z\u00e1v\u011br<\/h2>\n<p>Z\u00e1v\u011brem lze \u0159\u00edci, \u017ee v\u00e1lec v\u00fdlo\u017en\u00edku je nezbytnou sou\u010d\u00e1st\u00ed t\u011b\u017ek\u00fdch stroj\u016f, kter\u00e1 poskytuje pot\u0159ebn\u00fd hydraulick\u00fd v\u00fdkon pro usnadn\u011bn\u00ed \u0159ady \u00fakol\u016f ve stavebnictv\u00ed a zem\u011bd\u011blstv\u00ed. Zaji\u0161t\u011bn\u00ed spr\u00e1vn\u00e9 instalace, pravideln\u00e9 \u00fadr\u017eby a bezpe\u010dnostn\u00edch opat\u0159en\u00ed m\u016f\u017ee v\u00fdrazn\u011b zv\u00fd\u0161it jeho v\u00fdkon a \u017eivotnost. Na\u0161e spole\u010dnost je p\u0159ipravena poskytnout vysoce kvalitn\u00ed n\u00e1hradn\u00ed hydraulick\u00e9 v\u00e1lce p\u0159izp\u016fsoben\u00e9 va\u0161im specifick\u00fdm pot\u0159eb\u00e1m.<\/p>\n<p>Autor: lyl<\/p>","protected":false},"excerpt":{"rendered":"<p>Boom Cylinder For Caterpillar Large Excavator E390D Introduction to Boom Cylinder The boom cylinder is a critical hydraulic component specifically designed to control the movement of the bucket in various heavy machinery, such as excavators, backhoe loaders, and front-end loaders. This hydraulic cylinder enables the bucket to lift, lower, and tilt, facilitating material handling tasks [&hellip;]<\/p>","protected":false},"featured_media":17874,"comment_status":"open","ping_status":"closed","template":"","meta":{"_et_pb_use_builder":"","_et_pb_old_content":"","_et_gb_content_width":""},"product_brand":[],"product_cat":[1546],"product_tag":[1547,1496],"class_list":{"0":"post-18977","1":"product","2":"type-product","3":"status-publish","4":"has-post-thumbnail","6":"product_cat-boom-cylinders","7":"product_tag-boom-cylinders","8":"product_tag-hydraulic-cylinders","10":"first","11":"instock","12":"shipping-taxable","13":"product-type-simple"},"amp_enabled":true,"_links":{"self":[{"href":"https:\/\/www.hydraulic-cylinders.net\/cs\/wp-json\/wp\/v2\/product\/18977","targetHints":{"allow":["GET"]}}],"collection":[{"href":"https:\/\/www.hydraulic-cylinders.net\/cs\/wp-json\/wp\/v2\/product"}],"about":[{"href":"https:\/\/www.hydraulic-cylinders.net\/cs\/wp-json\/wp\/v2\/types\/product"}],"replies":[{"embeddable":true,"href":"https:\/\/www.hydraulic-cylinders.net\/cs\/wp-json\/wp\/v2\/comments?post=18977"}],"wp:featuredmedia":[{"embeddable":true,"href":"https:\/\/www.hydraulic-cylinders.net\/cs\/wp-json\/wp\/v2\/media\/17874"}],"wp:attachment":[{"href":"https:\/\/www.hydraulic-cylinders.net\/cs\/wp-json\/wp\/v2\/media?parent=18977"}],"wp:term":[{"taxonomy":"product_brand","embeddable":true,"href":"https:\/\/www.hydraulic-cylinders.net\/cs\/wp-json\/wp\/v2\/product_brand?post=18977"},{"taxonomy":"product_cat","embeddable":true,"href":"https:\/\/www.hydraulic-cylinders.net\/cs\/wp-json\/wp\/v2\/product_cat?post=18977"},{"taxonomy":"product_tag","embeddable":true,"href":"https:\/\/www.hydraulic-cylinders.net\/cs\/wp-json\/wp\/v2\/product_tag?post=18977"}],"curies":[{"name":"wp","href":"https:\/\/api.w.org\/{rel}","templated":true}]}}