{"id":18978,"date":"2025-04-07T06:05:27","date_gmt":"2025-04-07T06:05:27","guid":{"rendered":"https:\/\/www.hydraulic-cylinders.net\/product\/boom-cylinder-for-caterpillar-wheel-excavator-m320dz\/"},"modified":"2025-04-07T06:05:30","modified_gmt":"2025-04-07T06:05:30","slug":"boom-cylinder-for-caterpillar-wheel-excavator-m320dz","status":"publish","type":"product","link":"https:\/\/www.hydraulic-cylinders.net\/cs\/produkt\/boom-cylinder-for-caterpillar-wheel-excavator-m320dz\/","title":{"rendered":"V\u00e1lec v\u00fdlo\u017en\u00edku pro kolov\u00e9 rypadlo Caterpillar M320DZ"},"content":{"rendered":"<h1>V\u00e1lec v\u00fdlo\u017en\u00edku pro kolov\u00e9 rypadlo Caterpillar M320DZ<\/h1>\n<h2>P\u0159ehled produktu<\/h2>\n<p>Hydraulick\u00fd v\u00e1lec v\u00fdlo\u017en\u00edku pro kolov\u00e9 rypadlo Caterpillar M320DZ je kl\u00ed\u010dovou sou\u010d\u00e1st\u00ed ur\u010denou k ovl\u00e1d\u00e1n\u00ed pohybu l\u017e\u00edce v t\u011b\u017ek\u00fdch stroj\u00edch. Jako typ hydraulick\u00e9ho v\u00e1lce hraje kl\u00ed\u010dovou roli v hydraulick\u00fdch syst\u00e9mech, usnad\u0148uje p\u0159esn\u00e9 zved\u00e1n\u00ed, spou\u0161t\u011bn\u00ed a nakl\u00e1p\u011bn\u00ed l\u017eic, co\u017e ho \u010din\u00ed nezbytn\u00fdm pro manipulaci s materi\u00e1lem. V\u00e1lec l\u017e\u00edce je speci\u00e1ln\u011b navr\u017een pro r\u016fzn\u00e9 aplikace t\u011b\u017ek\u00fdch stroj\u016f, v\u010detn\u011b rypadel, r\u00fdpadel-naklada\u010d\u016f a \u010deln\u00edch naklada\u010d\u016f. Jeho hydraulick\u00fd pohon umo\u017e\u0148uje efektivn\u00ed manipulaci s l\u017e\u00edc\u00ed, \u010d\u00edm\u017e zvy\u0161uje produktivitu na staveni\u0161t\u00edch a v dal\u0161\u00edch t\u011b\u017ek\u00fdch aplikac\u00edch.<\/p>\n<p><img decoding=\"async\" src=\"https:\/\/www.hydraulic-cylinders.net\/wp-content\/uploads\/2025\/04\/songte-company-1.webp\" alt=\"V\u00e1lec v\u00fdlo\u017en\u00edku pro kolov\u00e9 rypadlo Caterpillar M320DZ\"><\/p>\n<h3>Vlastnosti v\u00e1lce v\u00fdlo\u017en\u00edku<\/h3>\n<ul>\n<li><strong>Vysok\u00e1 pevnost a trvanlivost:<\/strong> Tyto v\u00e1lce, vyroben\u00e9 z vysokopevnostn\u00ed oceli nebo hlin\u00edku, jsou navr\u017eeny tak, aby odolaly vysok\u00fdm tlak\u016fm a velk\u00e9mu zat\u00ed\u017een\u00ed, a proto jsou vhodn\u00e9 pro n\u00e1ro\u010dn\u00e9 pracovn\u00ed prost\u0159ed\u00ed.<\/li>\n<li><strong>Efektivn\u00ed hydraulick\u00fd provoz:<\/strong> V\u00e1lec vyu\u017e\u00edv\u00e1 hydraulick\u00fd tlak oleje pro plynul\u00e9 vysouv\u00e1n\u00ed a zasouv\u00e1n\u00ed, co\u017e umo\u017e\u0148uje rychlou reakci na provozn\u00ed povely a z\u00e1rove\u0148 poskytuje zna\u010dnou tla\u010dnou a ta\u017enou s\u00edlu.<\/li>\n<li><strong>R\u016fzn\u00e9 dostupn\u00e9 typy:<\/strong> Z\u00e1kazn\u00edci si mohou vybrat mezi jedno\u010dinn\u00fdmi (pracuj\u00edc\u00edmi v jednom sm\u011bru) nebo dvoj\u010dinn\u00fdmi (pracuj\u00edc\u00edmi v obou sm\u011brech) v\u00e1lci, kter\u00e9 uspokoj\u00ed r\u016fzn\u00e9 provozn\u00ed pot\u0159eby.<\/li>\n<li><strong>Prostorov\u011b \u00fasporn\u00e9 designy:<\/strong> N\u011bkter\u00e9 modely jsou teleskopick\u00e9, co\u017e umo\u017e\u0148uje v\u011bt\u0161\u00ed v\u00fdsuv bez zv\u011bt\u0161en\u00ed vn\u011bj\u0161\u00edch rozm\u011br\u016f, ide\u00e1ln\u00ed pro aplikace s omezen\u00fdm prostorem.<\/li>\n<li><strong>Odolnost proti korozi a opot\u0159eben\u00ed:<\/strong> V\u00e1lec v\u00fdlo\u017en\u00edku je vyroben z materi\u00e1l\u016f odoln\u00fdch proti opot\u0159eben\u00ed a vykazuje mimo\u0159\u00e1dnou odolnost a dlouhou \u017eivotnost, co\u017e v pr\u016fb\u011bhu \u010dasu sni\u017euje pot\u0159ebu \u00fadr\u017eby.<\/li>\n<\/ul>\n<h2>Aplikace v\u00e1lce v\u00fdlo\u017en\u00edku<\/h2>\n<h3>Stavebn\u00ed stroje<\/h3>\n<p>U bagr\u016f hraj\u00ed v\u00e1lce v\u00fdlo\u017en\u00edku z\u00e1sadn\u00ed roli p\u0159i kop\u00e1n\u00ed, nakl\u00e1d\u00e1n\u00ed a p\u0159emis\u0165ov\u00e1n\u00ed zeminy nebo suti. Umo\u017e\u0148uj\u00ed efektivn\u00ed pronik\u00e1n\u00ed l\u017e\u00edce do zem\u011b, co\u017e usnad\u0148uje r\u016fzn\u00e9 stavebn\u00ed \u00fakoly, jako je hlouben\u00ed v\u00fdkop\u016f a v\u00fdkop materi\u00e1lu. U rypadlo-naklada\u010d\u016f tyto v\u00e1lce p\u0159isp\u00edvaj\u00ed nejen k kop\u00e1n\u00ed, ale i ke zved\u00e1n\u00ed, co\u017e je \u010din\u00ed nepostradateln\u00fdmi pro p\u0159\u00edpravu staveni\u0161t\u011b.<\/p>\n<h3>Zem\u011bd\u011blsk\u00e9 stroje<\/h3>\n<p>\u010celn\u00ed naklada\u010de vyu\u017e\u00edvaj\u00ed v\u00e1lce v\u00fdlo\u017en\u00edku k nab\u00edr\u00e1n\u00ed, zved\u00e1n\u00ed a p\u0159eprav\u011b materi\u00e1l\u016f, jako je zemina, seno a dal\u0161\u00ed zem\u011bd\u011blsk\u00e9 produkty. Hydraulick\u00fd mechanismus t\u011bchto v\u00e1lc\u016f zaji\u0161\u0165uje snadnou manipulaci s t\u011b\u017ek\u00fdmi b\u0159emeny, co\u017e zvy\u0161uje produktivitu na farm\u00e1ch a zem\u011bd\u011blsk\u00fdch ploch\u00e1ch.<\/p>\n<h3>Bagry<\/h3>\n<p>V\u00e1lec v\u00fdlo\u017en\u00edku umo\u017e\u0148uje rypadl\u016fm prov\u00e1d\u011bt kop\u00e1n\u00ed t\u00edm, \u017ee umo\u017e\u0148uje l\u017e\u00edci proniknout do p\u016fdy. Tato funkce je kl\u00ed\u010dov\u00e1 pro efektivn\u00ed v\u00fdkop a umo\u017e\u0148uje obsluze plnit \u00fakoly s p\u0159esnost\u00ed a efektivitou. Siln\u00e1 hydraulick\u00e1 s\u00edla poskytovan\u00e1 v\u00e1lcem v\u00fdlo\u017en\u00edku zaji\u0161\u0165uje maxim\u00e1ln\u00ed hloubku a efektivitu kop\u00e1n\u00ed.<\/p>\n<h3>Naklada\u010de<\/h3>\n<p>U \u010deln\u00edch naklada\u010d\u016f pom\u00e1haj\u00ed v\u00e1lce v\u00fdlo\u017en\u00edku efektivn\u011b zvedat a vykl\u00e1p\u011bt materi\u00e1ly. Jejich hydraulick\u00e9 vlastnosti umo\u017e\u0148uj\u00ed obsluze manipulovat s t\u011b\u017ek\u00fdmi b\u0159emeny bez n\u00e1mahy, co\u017e zlep\u0161uje provozn\u00ed efektivitu a sni\u017euje \u00fanavu spojenou s ru\u010dn\u00edm zved\u00e1n\u00edm.<\/p>\n<h2>Konstruk\u010dn\u00ed aspekty a krit\u00e9ria v\u00fdb\u011bru<\/h2>\n<h3>Nosnost<\/h3>\n<p>P\u0159i v\u00fdb\u011bru v\u00e1lce v\u00fdlo\u017en\u00edku je prvo\u0159ad\u00e9 pochopen\u00ed jeho nosnosti. Nosnost ur\u010duje maxim\u00e1ln\u00ed hmotnost, kterou v\u00e1lec zvl\u00e1dne, ani\u017e by byla ohro\u017eena jeho struktur\u00e1ln\u00ed integrita. D\u016fkladn\u00e9 posouzen\u00ed o\u010dek\u00e1van\u00e9ho zat\u00ed\u017een\u00ed b\u011bhem provozu m\u016f\u017ee zabr\u00e1nit p\u0159ed\u010dasn\u00e9mu selh\u00e1n\u00ed a prodlou\u017eit \u017eivotnost v\u00e1lce. Pro zaji\u0161t\u011bn\u00ed optim\u00e1ln\u00edho v\u00fdkonu je nezbytn\u00e9 sladit kapacitu v\u00e1lce s provozn\u00edmi po\u017eadavky stroje.<\/p>\n<h3>T\u011bsn\u011bn\u00ed a trvanlivost<\/h3>\n<p>\u00da\u010dinn\u00e9 t\u011bsn\u011bn\u00ed je pro hydraulick\u00e9 v\u00e1lce z\u00e1sadn\u00ed, proto\u017ee zabra\u0148uje \u00faniku kapaliny a udr\u017euje tlak v syst\u00e9mu. Pro zaji\u0161t\u011bn\u00ed dlouhodob\u00e9ho v\u00fdkonu se obvykle pou\u017e\u00edvaj\u00ed vysoce kvalitn\u00ed t\u011bsn\u011bn\u00ed vyroben\u00e1 z odoln\u00fdch materi\u00e1l\u016f, jako je polyuretan a nitrilov\u00e1 pry\u017e. Konstrukce v\u00e1lce mus\u00ed nav\u00edc odol\u00e1vat prom\u011bnliv\u00fdm podm\u00ednk\u00e1m prost\u0159ed\u00ed, jako jsou teplotn\u00ed v\u00fdkyvy a vystaven\u00ed agresivn\u00edm chemik\u00e1li\u00edm, co\u017e m\u016f\u017ee ovlivnit jeho trvanlivost.<\/p>\n<h3>Bezpe\u010dnostn\u00ed opat\u0159en\u00ed<\/h3>\n<p>Bezpe\u010dnost je p\u0159i navrhov\u00e1n\u00ed v\u00e1lc\u016f v\u00fdlo\u017en\u00edku prvo\u0159ad\u00fdm hlediskem. Prvky, jako jsou p\u0159etlakov\u00e9 ventily a robustn\u00ed konstrukce, mohou pomoci zm\u00edrnit rizika spojen\u00e1 s hydraulick\u00fdmi poruchami. Je nezbytn\u00e9 zajistit, aby b\u011bhem instalace a provozu byly dodr\u017eov\u00e1ny v\u0161echny bezpe\u010dnostn\u00ed protokoly, aby byla chr\u00e1n\u011bna jak za\u0159\u00edzen\u00ed, tak obsluha.<\/p>\n<h3>\u00dadr\u017eba a opravitelnost<\/h3>\n<p>V\u00fdb\u011br v\u00e1lce v\u00fdlo\u017en\u00edku s ohledem na snadnou \u00fadr\u017ebu m\u016f\u017ee v\u00fdrazn\u011b sn\u00ed\u017eit prostoje a provozn\u00ed n\u00e1klady. Prvky, kter\u00e9 usnad\u0148uj\u00ed snadn\u00fd p\u0159\u00edstup pro opravy a kontroly, jako jsou odn\u00edmateln\u00e9 koncov\u00e9 krytky a standardizovan\u00e9 armatury, zvy\u0161uj\u00ed celkovou efektivitu \u00fadr\u017eby. Pravideln\u00e9 pl\u00e1ny \u00fadr\u017eby by m\u011bly b\u00fdt stanoveny na z\u00e1klad\u011b pou\u017e\u00edv\u00e1n\u00ed za\u0159\u00edzen\u00ed, aby byla zaji\u0161t\u011bna jeho \u017eivotnost a spolehlivost.<\/p>\n<p><img decoding=\"async\" src=\"https:\/\/www.hydraulic-cylinders.net\/wp-content\/uploads\/2025\/04\/songte-oil-pipes-and-spare-parts.webp\" alt=\"Sou\u010d\u00e1sti hydraulick\u00e9ho v\u00e1lce\"><\/p>\n<h2>T\u011bsn\u011bn\u00ed a maz\u00e1n\u00ed<\/h2>\n<p>\u00da\u010dinn\u00e9 t\u011bsn\u011bn\u00ed a maz\u00e1n\u00ed hraj\u00ed z\u00e1sadn\u00ed roli ve v\u00fdkonu a \u017eivotnosti v\u00e1lc\u016f v\u00fdlo\u017en\u00edku. K zabr\u00e1n\u011bn\u00ed \u00faniku hydraulick\u00e9 kapaliny se pou\u017e\u00edvaj\u00ed r\u016fzn\u00e9 t\u011bsnic\u00ed komponenty, v\u010detn\u011b t\u011bsn\u011bn\u00ed p\u00edst\u016f a t\u011bsn\u011bn\u00ed p\u00edstnic. Tato t\u011bsn\u011bn\u00ed jsou obvykle vyrobena z materi\u00e1l\u016f odoln\u00fdch proti opot\u0159eben\u00ed, jako je polyuretan a nitrilov\u00e1 pry\u017e, co\u017e zaji\u0161\u0165uje vynikaj\u00edc\u00ed odolnost v n\u00e1ro\u010dn\u00fdch podm\u00ednk\u00e1ch. T\u011blesa v\u00e1lc\u016f a z\u00e1vitov\u00e9 konce jsou nav\u00edc pe\u010dliv\u011b zpracov\u00e1ny pro zv\u00fd\u0161en\u00ed odolnosti proti opot\u0159eben\u00ed a prodlou\u017een\u00ed \u017eivotnosti.<\/p>\n<p>Pravideln\u00e9 maz\u00e1n\u00ed je z\u00e1sadn\u00ed pro zaji\u0161t\u011bn\u00ed hladk\u00e9ho provozu. Je nezbytn\u00e9 pravideln\u011b dopl\u0148ovat hydraulick\u00fd olej, aby se udr\u017eela optim\u00e1ln\u00ed hladina maz\u00e1n\u00ed. Spr\u00e1vn\u00e9 maz\u00e1n\u00ed zabra\u0148uje nadm\u011brn\u00e9mu opot\u0159eben\u00ed pohybliv\u00fdch \u010d\u00e1st\u00ed a pom\u00e1h\u00e1 udr\u017eovat konzistentn\u00ed hydraulick\u00fd v\u00fdkon.<\/p>\n<h2>Preventivn\u00ed \u00fadr\u017ebov\u00e1 opat\u0159en\u00ed<\/h2>\n<ul>\n<li><strong>Pravideln\u00e9 kontroly:<\/strong> Prov\u00e1d\u011bn\u00ed pravideln\u00fdch kontrol v\u00e1lce v\u00fdlo\u017en\u00edku m\u016f\u017ee pomoci identifikovat opot\u0159eben\u00ed a potenci\u00e1ln\u00ed probl\u00e9my d\u0159\u00edve, ne\u017e se stanou z\u00e1va\u017en\u011bj\u0161\u00edmi. Zkontrolujte t\u011bsn\u011bn\u00ed, hadice a spoje, zda nevykazuj\u00ed zn\u00e1mky po\u0161kozen\u00ed nebo degradace.<\/li>\n<li><strong>Spr\u00e1vn\u00e9 maz\u00e1n\u00ed:<\/strong> Zajist\u011bte dostate\u010dn\u00e9 maz\u00e1n\u00ed hydraulick\u00e9ho syst\u00e9mu, aby se zabr\u00e1nilo t\u0159en\u00ed a opot\u0159eben\u00ed vnit\u0159n\u00edch sou\u010d\u00e1st\u00ed. Pou\u017e\u00edvejte doporu\u010denou hydraulickou kapalinu a dodr\u017eujte pokyny v\u00fdrobce ohledn\u011b interval\u016f maz\u00e1n\u00ed.<\/li>\n<li><strong>V\u00fdm\u011bna t\u011bsn\u011bn\u00ed:<\/strong> Pravideln\u011b kontrolujte opot\u0159eben\u00ed t\u011bsn\u011bn\u00ed a v p\u0159\u00edpad\u011b pot\u0159eby je vym\u011b\u0148ujte, abyste zabr\u00e1nili net\u011bsnostem. Tento postup pom\u00e1h\u00e1 udr\u017eovat \u00fa\u010dinnost syst\u00e9mu a sni\u017euje riziko hydraulick\u00e9 poruchy.<\/li>\n<\/ul>\n<h2>Pokyny k instalaci<\/h2>\n<p>Spr\u00e1vn\u00e1 instalace v\u00e1lce v\u00fdlo\u017en\u00edku je z\u00e1sadn\u00ed pro jeho optim\u00e1ln\u00ed v\u00fdkon a dlouhou \u017eivotnost. Za\u010dn\u011bte t\u00edm, \u017ee se ujist\u00edte, \u017ee v\u0161echny sou\u010d\u00e1sti jsou \u010dist\u00e9 a bez ne\u010distot. V\u00e1lec um\u00edst\u011bte p\u0159esn\u011b, abyste zabr\u00e1nili jeho nespr\u00e1vn\u00e9mu vyrovn\u00e1n\u00ed, kter\u00e9 m\u016f\u017ee v\u00e9st k p\u0159ed\u010dasn\u00e9mu opot\u0159eben\u00ed a poru\u0161e. B\u011bhem instalace pou\u017eijte vhodn\u00e9 mont\u00e1\u017en\u00ed konzoly k pevn\u00e9mu upevn\u011bn\u00ed v\u00e1lce na m\u00edst\u011b.<\/p>\n<p>Je d\u016fle\u017eit\u00e9 dodr\u017eovat utahovac\u00ed momenty uveden\u00e9 v\u00fdrobcem, aby se zabr\u00e1nilo nadm\u011brn\u00e9mu nebo nedostate\u010dn\u00e9mu uta\u017een\u00ed spoj\u016f. Po instalaci prove\u010fte d\u016fkladnou kontrolu, abyste se ujistili, \u017ee v\u0161echna hydraulick\u00e1 spojen\u00ed jsou bezpe\u010dn\u00e1 a t\u011bsn\u00e1. Nakonec otestujte funkci hydraulick\u00e9ho syst\u00e9mu, abyste se ujistili, \u017ee v\u00e1lec funguje spr\u00e1vn\u011b.<\/p>\n<h2>B\u011b\u017en\u00e9 \u00fakoly \u00fadr\u017eby<\/h2>\n<ul>\n<li><strong>Pravideln\u00e9 kontroly:<\/strong> Pravideln\u00e9 kontroly pom\u00e1haj\u00ed v\u010das odhalit potenci\u00e1ln\u00ed probl\u00e9my. Zkontrolujte net\u011bsnosti, opot\u0159eben\u00ed t\u011bsn\u011bn\u00ed a celkovou integritu v\u00e1lce.<\/li>\n<li><strong>Spr\u00e1vn\u00e9 maz\u00e1n\u00ed:<\/strong> Zajist\u011bte, aby byl hydraulick\u00fd syst\u00e9m neust\u00e1le dostate\u010dn\u011b maz\u00e1n. Dodr\u017eujte pokyny v\u00fdrobce ohledn\u011b typu a \u010detnosti maz\u00e1n\u00ed.<\/li>\n<li><strong>V\u00fdm\u011bna t\u011bsn\u011bn\u00ed:<\/strong> Pravideln\u011b kontrolujte opot\u0159eben\u00ed t\u011bsn\u011bn\u00ed a v p\u0159\u00edpad\u011b pot\u0159eby je vym\u011b\u0148te. Udr\u017eov\u00e1n\u00ed integrity t\u011bsn\u011bn\u00ed je z\u00e1sadn\u00ed pro prevenci \u00faniku hydraulick\u00e9 kapaliny.<\/li>\n<\/ul>\n<h3>D\u016fle\u017eitost spr\u00e1vn\u00e9 instalace, maz\u00e1n\u00ed a se\u0159\u00edzen\u00ed<\/h3>\n<p>Spr\u00e1vn\u00e1 instalace v\u00e1lce v\u00fdlo\u017en\u00edku je nezbytn\u00e1 pro zaji\u0161t\u011bn\u00ed jeho funk\u010dnosti a dlouh\u00e9 \u017eivotnosti. Nespr\u00e1vn\u00e9 vyrovn\u00e1n\u00ed b\u011bhem instalace m\u016f\u017ee v\u00e9st ke zv\u00fd\u0161en\u00e9mu opot\u0159eben\u00ed a sn\u00ed\u017een\u00e9 \u00fa\u010dinnosti. Proto je nezbytn\u00e9 v\u00e1lec spr\u00e1vn\u011b vyrovnat a zajistit pomoc\u00ed vhodn\u00e9ho mont\u00e1\u017en\u00edho materi\u00e1lu.<\/p>\n<p>Pravideln\u00e9 maz\u00e1n\u00ed je stejn\u011b d\u016fle\u017eit\u00e9. Nedostate\u010dn\u00e9 maz\u00e1n\u00ed m\u016f\u017ee zp\u016fsobit rychl\u00e9 opot\u0159eben\u00ed vnit\u0159n\u00edch sou\u010d\u00e1st\u00ed, co\u017e vede k n\u00e1kladn\u00fdm oprav\u00e1m. Dodr\u017eov\u00e1n\u00ed mazac\u00edch pl\u00e1n\u016f je nezbytn\u00e9 pro udr\u017een\u00ed optim\u00e1ln\u00edho v\u00fdkonu.<\/p>\n<p>Se\u0159\u00edzen\u00ed hydraulick\u00e9ho syst\u00e9mu by m\u011blo b\u00fdt provedeno podle specifikac\u00ed v\u00fdrobce. Pravideln\u00e1 kalibrace a se\u0159izov\u00e1n\u00ed pom\u00e1haj\u00ed udr\u017eovat hydraulick\u00fd tlak na doporu\u010den\u00fdch \u00farovn\u00edch a zaji\u0161\u0165uj\u00ed tak provozn\u00ed \u00fa\u010dinnost.<\/p>\n<p><img decoding=\"async\" src=\"https:\/\/www.hydraulic-cylinders.net\/wp-content\/uploads\/2025\/04\/songte-chushion-collar.webp\" alt=\"Instalace v\u00e1lce v\u00fdlo\u017en\u00edku\"><\/p>\n<h2>Bezpe\u010dnostn\u00ed aspekty a faktory prost\u0159ed\u00ed<\/h2>\n<p>P\u0159i pr\u00e1ci s hydraulick\u00fdmi syst\u00e9my by se nikdy nem\u011bla p\u0159ehl\u00ed\u017eet bezpe\u010dnostn\u00ed opat\u0159en\u00ed. Obsluha mus\u00ed b\u00fdt pro\u0161kolena ve spr\u00e1vn\u00e9m zach\u00e1zen\u00ed s hydraulick\u00fdm za\u0159\u00edzen\u00edm a mus\u00ed si b\u00fdt v\u011bdoma potenci\u00e1ln\u00edch nebezpe\u010d\u00ed. Pou\u017e\u00edv\u00e1n\u00ed bezpe\u010dnostn\u00edch pom\u016fcek, jako jsou rukavice a ochrann\u00e9 br\u00fdle, m\u016f\u017ee zm\u00edrnit rizika spojen\u00e1 s \u00fanikem hydraulick\u00e9 kapaliny nebo poruchami v\u00e1lc\u016f. D\u016fkladn\u00e1 znalost fungov\u00e1n\u00ed hydraulick\u00e9ho syst\u00e9mu nav\u00edc m\u016f\u017ee pomoci p\u0159edch\u00e1zet nehod\u00e1m a zajistit bezpe\u010dn\u00e9 pou\u017e\u00edv\u00e1n\u00ed.<\/p>\n<h2>\u0158e\u0161en\u00ed b\u011b\u017en\u00fdch probl\u00e9m\u016f<\/h2>\n<h3>B\u011b\u017en\u00e9 probl\u00e9my a jejich \u0159e\u0161en\u00ed<\/h3>\n<ul>\n<li><strong>\u00danik:<\/strong> \u00danik je \u010dasto zp\u016fsoben po\u0161kozen\u00fdmi t\u011bsn\u011bn\u00edmi nebo nespr\u00e1vnou instalac\u00ed. Pravideln\u00e9 kontroly a v\u010dasn\u00e1 v\u00fdm\u011bna t\u011bsn\u011bn\u00ed mohou tomuto probl\u00e9mu p\u0159edej\u00edt.<\/li>\n<li><strong>Nekonzistentn\u00ed v\u00fdkon:<\/strong> Pokud v\u00e1lec nepracuje hladce, zkontrolujte, zda v hydraulick\u00e9m potrub\u00ed nen\u00ed vzduch nebo zda nen\u00ed dostate\u010dn\u00e1 hladina kapaliny. Odvzdu\u0161n\u011bn\u00ed syst\u00e9mu a zaji\u0161t\u011bn\u00ed spr\u00e1vn\u00e9 hladiny kapalin m\u016f\u017ee tento probl\u00e9m vy\u0159e\u0161it.<\/li>\n<li><strong>P\u0159eh\u0159\u00e1t\u00ed:<\/strong> Nadm\u011brn\u00e9 zah\u0159\u00edv\u00e1n\u00ed m\u016f\u017ee b\u00fdt d\u016fsledkem p\u0159et\u00ed\u017een\u00ed v\u00e1lce. Ujist\u011bte se, \u017ee zat\u00ed\u017een\u00ed je v r\u00e1mci kapacity v\u00e1lce, a sledujte provozn\u00ed teploty.<\/li>\n<\/ul>\n<h3>Preventivn\u00ed opat\u0159en\u00ed<\/h3>\n<p>Abyste minimalizovali potenci\u00e1ln\u00ed probl\u00e9my s v\u00e1lcem v\u00fdlo\u017en\u00edku, zav\u00e1d\u011bjte preventivn\u00ed opat\u0159en\u00ed, jako jsou pravideln\u00e9 pl\u00e1ny \u00fadr\u017eby, \u0161kolen\u00ed obsluhy a dodr\u017eov\u00e1n\u00ed pokyn\u016f pro nosnost. Proaktivn\u00edm \u0159e\u0161en\u00edm drobn\u00fdch probl\u00e9m\u016f d\u0159\u00edve, ne\u017e se vyhrot\u00ed, lze v\u00fdrazn\u011b prodlou\u017eit \u017eivotnost a zv\u00fd\u0161it \u00fa\u010dinnost hydraulick\u00e9ho syst\u00e9mu.<\/p>\n<p><img decoding=\"async\" src=\"https:\/\/www.hydraulic-cylinders.net\/wp-content\/uploads\/2025\/04\/songte-bushings-with-all-kinds-of-excavator-models.webp\" alt=\"Sou\u010d\u00e1sti hydraulick\u00e9ho v\u00e1lce\"><\/p>\n<h2>O na\u0161\u00ed spole\u010dnosti<\/h2>\n<p>Jsme p\u0159edn\u00edm v\u00fdrobcem hydraulick\u00fdch v\u00e1lc\u016f, specializuj\u00edc\u00edm se na poskytov\u00e1n\u00ed alternativn\u00edch mo\u017enost\u00ed pro r\u016fzn\u00e9 hydraulick\u00e9 aplikace. N\u00e1\u0161 rozmanit\u00fd sortiment produkt\u016f n\u00e1s etabloval jako p\u0159edn\u00edho v\u00fdrobce a velkoobchodn\u00edho distributora na dom\u00e1c\u00edm i mezin\u00e1rodn\u00edm trhu. \u0158\u00edd\u00edme se filozofi\u00ed excelence v kvalit\u011b, kterou podporuje propracovan\u00e1 strategie \u0159\u00edzen\u00ed v\u00fdroby. Na\u0161e technologick\u00e9 znalosti v kombinaci s pokro\u010dil\u00fdm digit\u00e1ln\u00edm v\u00fdrobn\u00edm za\u0159\u00edzen\u00edm a profesion\u00e1ln\u00edmi testovac\u00edmi syst\u00e9my neust\u00e1le zvy\u0161uj\u00ed na\u0161e v\u00fdrobn\u00ed kapacity.<\/p>\n<p>N\u00e1\u0161 z\u00e1vazek k vysok\u00e9 efektivit\u011b, p\u0159esnosti a kvalit\u011b zaji\u0161\u0165uje, \u017ee spl\u0148ujeme rozmanit\u00e9 pot\u0159eby na\u0161ich z\u00e1kazn\u00edk\u016f. Nab\u00edz\u00edme slu\u017eby na m\u00edru, mezin\u00e1rodn\u00ed certifikace a v\u00fdjime\u010dnou poprodejn\u00ed podporu, abychom zaru\u010dili spokojenost z\u00e1kazn\u00edk\u016f.<\/p>\n<p><img decoding=\"async\" src=\"https:\/\/www.hydraulic-cylinders.net\/wp-content\/uploads\/2025\/04\/songte-company-4.webp\" alt=\"P\u0159ehled spole\u010dnosti\"><br \/>\n<img decoding=\"async\" src=\"https:\/\/www.hydraulic-cylinders.net\/wp-content\/uploads\/2025\/04\/songte-company-3.webp\" alt=\"Za\u0159\u00edzen\u00ed spole\u010dnosti\"><\/p>\n<p>Autor: lyl<\/p>","protected":false},"excerpt":{"rendered":"<p>Boom Cylinder For Caterpillar Wheel Excavator M320DZ Product Overview The Boom Cylinder for Caterpillar Wheel Excavator M320DZ is a vital component designed to control the movement of the bucket in heavy machinery. As a type of hydraulic cylinder, it plays a crucial role in hydraulic systems, facilitating the precise lifting, lowering, and tilting of buckets, [&hellip;]<\/p>","protected":false},"featured_media":17875,"comment_status":"open","ping_status":"closed","template":"","meta":{"_et_pb_use_builder":"","_et_pb_old_content":"","_et_gb_content_width":""},"product_brand":[],"product_cat":[1546],"product_tag":[1547,1496],"class_list":{"0":"post-18978","1":"product","2":"type-product","3":"status-publish","4":"has-post-thumbnail","6":"product_cat-boom-cylinders","7":"product_tag-boom-cylinders","8":"product_tag-hydraulic-cylinders","10":"first","11":"instock","12":"shipping-taxable","13":"product-type-simple"},"amp_enabled":true,"_links":{"self":[{"href":"https:\/\/www.hydraulic-cylinders.net\/cs\/wp-json\/wp\/v2\/product\/18978","targetHints":{"allow":["GET"]}}],"collection":[{"href":"https:\/\/www.hydraulic-cylinders.net\/cs\/wp-json\/wp\/v2\/product"}],"about":[{"href":"https:\/\/www.hydraulic-cylinders.net\/cs\/wp-json\/wp\/v2\/types\/product"}],"replies":[{"embeddable":true,"href":"https:\/\/www.hydraulic-cylinders.net\/cs\/wp-json\/wp\/v2\/comments?post=18978"}],"wp:featuredmedia":[{"embeddable":true,"href":"https:\/\/www.hydraulic-cylinders.net\/cs\/wp-json\/wp\/v2\/media\/17875"}],"wp:attachment":[{"href":"https:\/\/www.hydraulic-cylinders.net\/cs\/wp-json\/wp\/v2\/media?parent=18978"}],"wp:term":[{"taxonomy":"product_brand","embeddable":true,"href":"https:\/\/www.hydraulic-cylinders.net\/cs\/wp-json\/wp\/v2\/product_brand?post=18978"},{"taxonomy":"product_cat","embeddable":true,"href":"https:\/\/www.hydraulic-cylinders.net\/cs\/wp-json\/wp\/v2\/product_cat?post=18978"},{"taxonomy":"product_tag","embeddable":true,"href":"https:\/\/www.hydraulic-cylinders.net\/cs\/wp-json\/wp\/v2\/product_tag?post=18978"}],"curies":[{"name":"wp","href":"https:\/\/api.w.org\/{rel}","templated":true}]}}