{"id":18987,"date":"2025-04-07T06:05:51","date_gmt":"2025-04-07T06:05:51","guid":{"rendered":"https:\/\/www.hydraulic-cylinders.net\/product\/boom-cylinder-for-doosan-small-excavator-dh150-7\/"},"modified":"2025-04-07T06:05:53","modified_gmt":"2025-04-07T06:05:53","slug":"boom-cylinder-for-doosan-small-excavator-dh150-7","status":"publish","type":"product","link":"https:\/\/www.hydraulic-cylinders.net\/cs\/produkt\/boom-cylinder-for-doosan-small-excavator-dh150-7\/","title":{"rendered":"V\u00e1lec v\u00fdlo\u017en\u00edku pro mal\u00e9 rypadlo Doosan DH150-7"},"content":{"rendered":"<h1>V\u00e1lec v\u00fdlo\u017en\u00edku pro mal\u00e9 rypadlo Doosan DH150-7<\/h1>\n<h2>\u00davod k v\u00e1lci v\u00fdlo\u017en\u00edku<\/h2>\n<p>Hydraulick\u00fd v\u00e1lec v\u00fdlo\u017en\u00edku je z\u00e1kladn\u00ed hydraulick\u00e1 sou\u010d\u00e1st speci\u00e1ln\u011b navr\u017een\u00e1 pro ovl\u00e1d\u00e1n\u00ed pohyb\u016f l\u017e\u00edc r\u016fzn\u00fdch t\u011b\u017ek\u00fdch stroj\u016f, v\u010detn\u011b bagr\u016f, rypadlo-naklada\u010d\u016f a \u010deln\u00edch naklada\u010d\u016f. Tento hydraulick\u00fd v\u00e1lec umo\u017e\u0148uje l\u017e\u00edci zvedat, spou\u0161t\u011bt a nakl\u00e1n\u011bt, co\u017e usnad\u0148uje efektivn\u00ed manipulaci s materi\u00e1lem. V\u00e1lec v\u00fdlo\u017en\u00edku pracuje v r\u00e1mci hydraulick\u00e9ho syst\u00e9mu, kter\u00fd vyu\u017e\u00edv\u00e1 tlakovou kapalinu k vytv\u00e1\u0159en\u00ed pohybu. Jeho prim\u00e1rn\u00ed funkce zahrnuj\u00ed prodlou\u017een\u00ed dosahu v\u00fdlo\u017en\u00edku rypadla, co\u017e pom\u00e1h\u00e1 p\u0159i p\u0159esn\u00e9m a kontrolovan\u00e9m kop\u00e1n\u00ed, zved\u00e1n\u00ed a p\u0159emis\u0165ov\u00e1n\u00ed materi\u00e1l\u016f.<\/p>\n<p><img decoding=\"async\" src=\"https:\/\/www.hydraulic-cylinders.net\/wp-content\/uploads\/2025\/04\/songte-company-1.webp\" alt=\"V\u00e1lec v\u00fdlo\u017en\u00edku\"><\/p>\n<h2>Vlastnosti v\u00e1lce v\u00fdlo\u017en\u00edku<\/h2>\n<ul>\n<li><strong>Vysok\u00e1 pevnost a trvanlivost:<\/strong> V\u00e1lec v\u00fdlo\u017en\u00edku je vyroben z vysokopevnostn\u00ed oceli nebo hlin\u00edku a odol\u00e1 vysok\u00e9mu tlaku a velk\u00e9mu zat\u00ed\u017een\u00ed, tak\u017ee je vhodn\u00fd pro n\u00e1ro\u010dn\u00e9 pracovn\u00ed prost\u0159ed\u00ed. Jeho konstrukce zahrnuje odolnost proti opot\u0159eben\u00ed a korozi, co\u017e prodlu\u017euje jeho \u017eivotnost.<\/li>\n<li><strong>Efektivn\u00ed hydraulick\u00fd provoz:<\/strong> Vyu\u017eit\u00edm tlaku hydraulick\u00e9ho oleje umo\u017e\u0148uje v\u00e1lec plynul\u00e9 vysouv\u00e1n\u00ed a zasouv\u00e1n\u00ed, co\u017e zaji\u0161\u0165uje rychlou reakci na provozn\u00ed povely a poskytuje zna\u010dnou ta\u017enou a tla\u010dnou s\u00edlu, ide\u00e1ln\u00ed pro manipulaci s t\u011b\u017ek\u00fdmi a slo\u017eit\u00fdmi \u00fakoly.<\/li>\n<li><strong>R\u016fzn\u00e9 typy:<\/strong> V\u00e1lec v\u00fdlo\u017en\u00edku je k dispozici v r\u016fzn\u00fdch konfigurac\u00edch, v\u010detn\u011b jedno\u010dinn\u00fdch (hydraulick\u00fd tlak p\u016fsob\u00edc\u00ed v jednom sm\u011bru) a dvoj\u010dinn\u00fdch (ob\u011b sm\u011bry p\u016fsob\u00edc\u00ed) v\u00e1lc\u016f, aby spl\u0148oval r\u016fzn\u00e9 provozn\u00ed pot\u0159eby. N\u011bkter\u00e9 modely maj\u00ed teleskopickou konstrukci, kter\u00e1 umo\u017e\u0148uje v\u011bt\u0161\u00ed vysunut\u00ed bez zv\u011bt\u0161en\u00ed vn\u011bj\u0161\u00edch rozm\u011br\u016f, a proto jsou ide\u00e1ln\u00ed pro aplikace s omezen\u00fdm prostorem.<\/li>\n<li><strong>Kompatibilita:<\/strong> Na\u0161e produkty dok\u00e1\u017e\u00ed dokonale nahradit r\u016fzn\u00e9 hydraulick\u00e9 v\u00e1lce. Zaji\u0161\u0165ujeme, aby na\u0161e v\u00e1lce v\u00fdlo\u017en\u00edku spl\u0148ovaly nebo p\u0159ekra\u010dovaly specifikace OEM, a zaji\u0161\u0165ovali tak bezprobl\u00e9movou integraci a v\u00fdkon.<\/li>\n<\/ul>\n<p><img decoding=\"async\" src=\"https:\/\/www.hydraulic-cylinders.net\/wp-content\/uploads\/2025\/04\/songte-cylinder-head-with-all-kinds-excavator-models.webp\" alt=\"Modely bagr\u016f\"><\/p>\n<h2>Aplikace v\u00e1lce v\u00fdlo\u017en\u00edku<\/h2>\n<h3>Stavebn\u00ed stroje<\/h3>\n<p>U bagr\u016f jsou v\u00e1lce v\u00fdlo\u017en\u00edku kl\u00ed\u010dov\u00e9 pro kop\u00e1n\u00ed, nakl\u00e1d\u00e1n\u00ed a p\u0159esouv\u00e1n\u00ed zeminy nebo suti. Umo\u017e\u0148uj\u00ed siln\u00fd tah a p\u0159esn\u00e9 ovl\u00e1d\u00e1n\u00ed, co\u017e umo\u017e\u0148uje obsluze prov\u00e1d\u011bt slo\u017eit\u00e9 v\u00fdkopov\u00e9 \u00fakoly. U rypadlo-naklada\u010d\u016f tyto v\u00e1lce tak\u00e9 pom\u00e1haj\u00ed p\u0159i kop\u00e1n\u00ed i zved\u00e1n\u00ed, co\u017e se ukazuje jako neoceniteln\u00e9 na staveni\u0161t\u00edch, kde je vy\u017eadov\u00e1na v\u0161estrannost.<\/p>\n<h3>Zem\u011bd\u011blsk\u00e9 stroje<\/h3>\n<p>U \u010deln\u00edch naklada\u010d\u016f se v\u00e1lce v\u00fdlo\u017en\u00edku pou\u017e\u00edvaj\u00ed k nab\u00edr\u00e1n\u00ed, zved\u00e1n\u00ed a p\u0159eprav\u011b p\u016fdy, sena a dal\u0161\u00edch materi\u00e1l\u016f. Zaji\u0161\u0165uj\u00ed efektivn\u00ed provoz a pom\u00e1haj\u00ed zem\u011bd\u011blc\u016fm zvl\u00e1dat r\u016fzn\u00e9 \u00fakoly, jako je nakl\u00e1d\u00e1n\u00ed krmiva nebo \u010di\u0161t\u011bn\u00ed pol\u00ed. Schopnost v\u00e1lce v\u00fdlo\u017en\u00edku zvl\u00e1dat zna\u010dn\u00e9 zat\u00ed\u017een\u00ed z n\u011bj \u010din\u00ed nezbytnou sou\u010d\u00e1st zem\u011bd\u011blsk\u00fdch stroj\u016f.<\/p>\n<h3>Bagry<\/h3>\n<p>V\u00e1lec v\u00fdlo\u017en\u00edku umo\u017e\u0148uje rypadl\u016fm efektivn\u011b pronikat do p\u016fdy, co\u017e usnad\u0148uje kop\u00e1n\u00ed pot\u0159ebn\u00e9 pro r\u016fzn\u00e9 stavebn\u00ed projekty. Poskytov\u00e1n\u00edm pot\u0159ebn\u00e9 s\u00edly a kontroly tyto v\u00e1lce zvy\u0161uj\u00ed celkov\u00fd v\u00fdkon rypadel, co\u017e je \u010din\u00ed nepostradateln\u00fdmi p\u0159i zemn\u00edch prac\u00edch.<\/p>\n<h3>Naklada\u010de<\/h3>\n<p>U \u010deln\u00edch naklada\u010d\u016f pom\u00e1haj\u00ed v\u00e1lce v\u00fdlo\u017en\u00edku efektivn\u011b zvedat a vykl\u00e1dat materi\u00e1ly. Poskytuj\u00ed pot\u0159ebn\u00fd v\u00fdkon pro zved\u00e1n\u00ed t\u011b\u017ek\u00fdch b\u0159emen do zna\u010dn\u00fdch v\u00fd\u0161ek, \u010d\u00edm\u017e zvy\u0161uj\u00ed produktivitu na staveni\u0161t\u00edch t\u00edm, \u017ee umo\u017e\u0148uj\u00ed rychlou p\u0159epravu a vykl\u00e1dku materi\u00e1lu.<\/p>\n<h2>Konstruk\u010dn\u00ed aspekty a krit\u00e9ria v\u00fdb\u011bru<\/h2>\n<h3>Nosnost<\/h3>\n<p>Nosnost v\u00e1lce v\u00fdlo\u017en\u00edku je kl\u00ed\u010dov\u00fdm aspektem, kter\u00fd je t\u0159eba p\u0159i v\u00fdb\u011bru zv\u00e1\u017eit. Je nezbytn\u00e9 vybrat v\u00e1lec, kter\u00fd zvl\u00e1dne maxim\u00e1ln\u00ed zat\u00ed\u017een\u00ed stroje, se kter\u00fdm bude pou\u017eit. Nevybr\u00e1n\u00ed v\u00e1lce s odpov\u00eddaj\u00edc\u00edm jmenovit\u00fdm v\u00fdkonem m\u016f\u017ee v\u00e9st k mechanick\u00e9mu selh\u00e1n\u00ed, co\u017e p\u0159edstavuje bezpe\u010dnostn\u00ed riziko a zp\u016fsobuje n\u00e1kladn\u00e9 prostoje. V\u00fdrobci obvykle uv\u00e1d\u011bj\u00ed specifikace t\u00fdkaj\u00edc\u00ed se nosnost\u00ed, kter\u00e9 by m\u011bly b\u00fdt pe\u010dliv\u011b p\u0159ezkoum\u00e1ny, aby se zajistila kompatibilita s provozn\u00edmi po\u017eadavky.<\/p>\n<h3>T\u011bsn\u011bn\u00ed a trvanlivost<\/h3>\n<p>T\u011bsn\u011bn\u00ed je u hydraulick\u00fdch v\u00e1lc\u016f z\u00e1sadn\u00ed, aby se zabr\u00e1nilo \u00faniku a udr\u017eel tlak. V\u00fdb\u011br t\u011bsn\u011bn\u00ed \u2013 jako jsou p\u00edstn\u00ed t\u011bsn\u011bn\u00ed a p\u00edstn\u00ed t\u011bsn\u011bn\u00ed \u2013 by m\u011bl b\u00fdt zalo\u017een na pracovn\u00edm prost\u0159ed\u00ed a kompatibilit\u011b s kapalinou. B\u011b\u017en\u011b se pou\u017e\u00edvaj\u00ed odoln\u00e9 materi\u00e1ly, jako je polyuretan a nitrilov\u00e1 pry\u017e, proto\u017ee odol\u00e1vaj\u00ed opot\u0159eben\u00ed. Celkov\u00e1 trvanlivost v\u00e1lce je ovlivn\u011bna kvalitou materi\u00e1l\u016f a v\u00fdrobn\u00edmi procesy, kter\u00e9 by m\u011bly spl\u0148ovat p\u0159\u00edsn\u00e9 pr\u016fmyslov\u00e9 normy, aby byla zaji\u0161t\u011bna jejich dlouh\u00e1 \u017eivotnost.<\/p>\n<h3>Bezpe\u010dnostn\u00ed prvky<\/h3>\n<p>Za\u010dlen\u011bn\u00ed bezpe\u010dnostn\u00edch prvk\u016f je p\u0159i konstrukci v\u00e1lc\u016f v\u00fdlo\u017en\u00edku kl\u00ed\u010dov\u00e9. Pat\u0159\u00ed sem p\u0159etlakov\u00e9 ventily, kter\u00e9 zabra\u0148uj\u00ed p\u0159etlaku, a bezpe\u010dnostn\u00ed mechanismy, kter\u00e9 zaji\u0161\u0165uj\u00ed kontrolovan\u00e9 selh\u00e1n\u00ed v p\u0159\u00edpad\u011b poruchy. Pravideln\u00e9 hodnocen\u00ed t\u011bchto bezpe\u010dnostn\u00edch prvk\u016f m\u016f\u017ee zv\u00fd\u0161it provozn\u00ed bezpe\u010dnost a minimalizovat riziko nehod. Obsluha by m\u011bla b\u00fdt pro\u0161kolena v bezpe\u010dnostn\u00edch protokolech t\u00fdkaj\u00edc\u00edch se hydraulick\u00e9ho za\u0159\u00edzen\u00ed, aby byla zaji\u0161t\u011bna bezpe\u010dn\u00e1 manipulace a p\u0159ipravenost na mimo\u0159\u00e1dn\u00e9 ud\u00e1losti.<\/p>\n<h3>Udr\u017eovatelnost<\/h3>\n<p>Dal\u0161\u00edm v\u00fdznamn\u00fdm faktorem je snadn\u00e1 \u00fadr\u017eba. Dob\u0159e navr\u017een\u00fd v\u00e1lec v\u00fdlo\u017en\u00edku by m\u011bl umo\u017e\u0148ovat snadn\u00fd p\u0159\u00edstup ke kritick\u00fdm komponent\u016fm pro kontrolu, maz\u00e1n\u00ed a opravy. M\u011bly by b\u00fdt stanoveny pravideln\u00e9 pl\u00e1ny \u00fadr\u017eby pro sledov\u00e1n\u00ed stavu v\u00e1lce a jeho komponent. Pou\u017eit\u00ed modul\u00e1rn\u00edch konstrukc\u00ed m\u016f\u017ee usnadnit v\u00fdm\u011bnu d\u00edl\u016f, co\u017e d\u00e1le zlep\u0161uje \u00fadr\u017ebu a zkracuje prostoje.<\/p>\n<p><img decoding=\"async\" src=\"https:\/\/www.hydraulic-cylinders.net\/wp-content\/uploads\/2025\/04\/songte-oil-pipes-and-spare-parts.webp\" alt=\"Hydraulick\u00e9 d\u00edly\"><\/p>\n<h2>T\u011bsn\u011bn\u00ed a maz\u00e1n\u00ed<\/h2>\n<p>\u00da\u010dinn\u00e9 t\u011bsn\u011bn\u00ed a maz\u00e1n\u00ed jsou nezbytn\u00e9 pro optim\u00e1ln\u00ed v\u00fdkon v\u00e1lc\u016f v\u00fdlo\u017en\u00edku. R\u016fzn\u00e1 t\u011bsn\u011bn\u00ed, v\u010detn\u011b t\u011bsn\u011bn\u00ed p\u00edst\u016f a t\u011bsn\u011bn\u00ed p\u00edstnic, hraj\u00ed z\u00e1sadn\u00ed roli v prevenci \u00faniku hydraulick\u00e9 kapaliny a z\u00e1rove\u0148 udr\u017euj\u00ed tlak uvnit\u0159 v\u00e1lce. T\u011bsn\u011bn\u00ed vyroben\u00e1 z odoln\u00fdch materi\u00e1l\u016f, jako je polyuretan a nitrilov\u00e1 pry\u017e, jsou up\u0159ednost\u0148ov\u00e1na pro svou odolnost proti opot\u0159eben\u00ed. T\u011bleso v\u00e1lce a z\u00e1vitov\u00e9 koncov\u00e9 plochy by m\u011bly b\u00fdt pro zv\u00fd\u0161en\u00ed odolnosti proti opot\u0159eben\u00ed p\u0159esn\u011b obrobeny.<\/p>\n<p>Pravideln\u00e9 maz\u00e1n\u00ed je nav\u00edc nezbytn\u00e9 pro zaji\u0161t\u011bn\u00ed plynul\u00e9ho provozu. Hydraulick\u00e1 kapalina by m\u011bla b\u00fdt p\u0159id\u00e1v\u00e1na v odpov\u00eddaj\u00edc\u00edm mno\u017estv\u00ed pro udr\u017een\u00ed optim\u00e1ln\u00edho v\u00fdkonu, a to v souladu s pokyny v\u00fdrobce ohledn\u011b typu kapaliny a interval\u016f dopl\u0148ov\u00e1n\u00ed. Spr\u00e1vn\u00e9 maz\u00e1n\u00ed minimalizuje t\u0159en\u00ed, sni\u017euje opot\u0159eben\u00ed vnit\u0159n\u00edch sou\u010d\u00e1st\u00ed a prodlu\u017euje \u017eivotnost v\u00e1lce.<\/p>\n<h2>Pravideln\u00e1 kontrola a preventivn\u00ed \u00fadr\u017eba<\/h2>\n<ul>\n<li><strong>\u010cast\u00e9 kontroly:<\/strong> Pravideln\u00e9 kontroly v\u00e1lce v\u00fdlo\u017en\u00edku, zda nevykazuje zn\u00e1mky opot\u0159eben\u00ed, net\u011bsnosti nebo po\u0161kozen\u00ed, pomohou v\u010das identifikovat probl\u00e9my. Obsluha by m\u011bla hledat \u00faniky kapaliny kolem t\u011bsn\u011bn\u00ed a b\u011bhem provozu zkontrolovat, zda nevyd\u00e1v\u00e1 neobvykl\u00e9 zvuky.<\/li>\n<li><strong>Pl\u00e1n maz\u00e1n\u00ed:<\/strong> Stanoven\u00ed konzistentn\u00edho mazac\u00edho pl\u00e1nu je z\u00e1sadn\u00ed. Obsluha by se m\u011bla \u0159\u00eddit doporu\u010den\u00edmi v\u00fdrobce ohledn\u011b typu maziva, kter\u00e9 m\u00e1 b\u00fdt pou\u017eito, a \u010detnosti maz\u00e1n\u00ed, aby byla zaji\u0161t\u011bna optim\u00e1ln\u00ed v\u00fdkonnost.<\/li>\n<li><strong>V\u00fdm\u011bna t\u011bsn\u011bn\u00ed:<\/strong> T\u011bsn\u011bn\u00ed by m\u011bla b\u00fdt pravideln\u011b kontrolov\u00e1na a v p\u0159\u00edpad\u011b zn\u00e1mek opot\u0159eben\u00ed vym\u011bn\u011bna. V\u010dasn\u00e1 v\u00fdm\u011bna m\u016f\u017ee zabr\u00e1nit \u00faniku kapaliny a zajistit efektivn\u00ed provoz v\u00e1lce.<\/li>\n<\/ul>\n<h2>Pokyny k instalaci<\/h2>\n<p>Spr\u00e1vn\u00e1 instalace v\u00e1lce v\u00fdlo\u017en\u00edku je nezbytn\u00e1 pro jeho v\u00fdkon a dlouhou \u017eivotnost. Za\u010dn\u011bte t\u00edm, \u017ee se ujist\u00edte, \u017ee v\u0161echny sou\u010d\u00e1sti jsou \u010dist\u00e9 a bez ne\u010distot. V\u00e1lec p\u0159esn\u011b vyrovnejte s mont\u00e1\u017en\u00edmi body a pomoc\u00ed vhodn\u00fdch mont\u00e1\u017en\u00edch konzol jej pevn\u011b zajist\u011bte. Spr\u00e1vn\u00e9 vyrovn\u00e1n\u00ed je z\u00e1sadn\u00ed, aby se zabr\u00e1nilo nadm\u011brn\u00e9mu nam\u00e1h\u00e1n\u00ed v\u00e1lce a souvisej\u00edc\u00edch sou\u010d\u00e1st\u00ed.<\/p>\n<p>B\u011bhem instalace se ujist\u011bte, \u017ee jsou v\u0161echna hydraulick\u00e1 p\u0159ipojen\u00ed bezpe\u010dn\u00e1, aby se zabr\u00e1nilo \u00fanik\u016fm. Po instalaci je vhodn\u00e9 prov\u00e9st tlakovou zkou\u0161ku, abyste ov\u011b\u0159ili, \u017ee syst\u00e9m funguje spr\u00e1vn\u011b a bez \u00fanik\u016f. Dodr\u017eov\u00e1n\u00ed pokyn\u016f v\u00fdrobce pro instalaci pom\u016f\u017ee zajistit optim\u00e1ln\u00ed v\u00fdkon a sn\u00ed\u017eit pravd\u011bpodobnost provozn\u00edch probl\u00e9m\u016f.<\/p>\n<h2>B\u011b\u017en\u00e9 \u00fakoly \u00fadr\u017eby<\/h2>\n<ul>\n<li><strong>Pravideln\u00e9 kontroly:<\/strong> Prov\u00e1d\u011bjte pravideln\u00e9 kontroly, abyste zkontrolovali zn\u00e1mky opot\u0159eben\u00ed, net\u011bsnost\u00ed nebo po\u0161kozen\u00ed. Toto proaktivn\u00ed opat\u0159en\u00ed pom\u00e1h\u00e1 odhalit potenci\u00e1ln\u00ed probl\u00e9my d\u0159\u00edve, ne\u017e se rozvinou do z\u00e1va\u017en\u011bj\u0161\u00edch probl\u00e9m\u016f.<\/li>\n<li><strong>Spr\u00e1vn\u00e9 maz\u00e1n\u00ed:<\/strong> Proma\u017ete v\u00e1lec podle doporu\u010den\u00ed v\u00fdrobce a ujist\u011bte se, \u017ee pou\u017e\u00edv\u00e1te spr\u00e1vn\u00fd typ a mno\u017estv\u00ed hydraulick\u00e9 kapaliny. Tento krok je z\u00e1sadn\u00ed pro udr\u017een\u00ed plynul\u00e9ho provozu a prevenci nadm\u011brn\u00e9ho opot\u0159eben\u00ed.<\/li>\n<li><strong>V\u00fdm\u011bna t\u011bsn\u011bn\u00ed a kontroly kalibrace:<\/strong> Pravideln\u011b kontrolujte t\u011bsn\u011bn\u00ed, zda nevykazuj\u00ed zn\u00e1mky opot\u0159eben\u00ed, a v p\u0159\u00edpad\u011b pot\u0159eby je vym\u011b\u0148te. Kalibrace syst\u00e9mu zaji\u0161\u0165uje, \u017ee pracuje v r\u00e1mci stanoven\u00fdch parametr\u016f, co\u017e zvy\u0161uje jeho v\u00fdkon a bezpe\u010dnost.<\/li>\n<\/ul>\n<p>B\u011bhem instalace se ujist\u011bte, \u017ee je v\u00e1lec spr\u00e1vn\u011b vyrovn\u00e1n, abyste p\u0159ede\u0161li probl\u00e9m\u016fm s nespr\u00e1vn\u00fdm vyrovn\u00e1n\u00edm, kter\u00e9 m\u016f\u017ee v\u00e9st k p\u0159ed\u010dasn\u00e9mu opot\u0159eben\u00ed a poru\u0161e. Pou\u017eit\u00ed vhodn\u00fdch mont\u00e1\u017en\u00edch konzol k zaji\u0161t\u011bn\u00ed v\u00e1lce je z\u00e1sadn\u00ed pro stabilitu. Stanovte si postup pro kontroly, opravy a v\u00fdm\u011bny, abyste zachovali integritu v\u00e1lce a prodlou\u017eili jeho \u017eivotnost.<\/p>\n<p><img decoding=\"async\" src=\"https:\/\/www.hydraulic-cylinders.net\/wp-content\/uploads\/2025\/04\/songte-chushion-collar.webp\" alt=\"Pol\u0161t\u00e1\u0159ov\u00fd l\u00edmec\"><\/p>\n<h2>Bezpe\u010dnostn\u00ed aspekty a faktory prost\u0159ed\u00ed<\/h2>\n<p>Zaveden\u00ed bezpe\u010dnostn\u00edch opat\u0159en\u00ed p\u0159i pou\u017e\u00edv\u00e1n\u00ed v\u00e1lc\u016f v\u00fdlo\u017en\u00edku je z\u00e1sadn\u00ed pro zaji\u0161t\u011bn\u00ed bezpe\u010dnosti obsluhy a osob v jej\u00edm okol\u00ed. Obsluha by m\u011bla b\u00fdt dostate\u010dn\u011b pro\u0161kolena v bezpe\u010dn\u00e9m pou\u017e\u00edv\u00e1n\u00ed hydraulick\u00fdch syst\u00e9m\u016f, v\u010detn\u011b pochopen\u00ed potenci\u00e1ln\u00edch nebezpe\u010d\u00ed spojen\u00fdch s hydraulick\u00fdmi tlakov\u00fdmi syst\u00e9my. Zaji\u0161t\u011bn\u00ed p\u0159\u00edtomnosti bezpe\u010dnostn\u00edch kryt\u016f a mechanism\u016f nouzov\u00e9ho vypnut\u00ed m\u016f\u017ee d\u00e1le v\u00fdznamn\u011b zm\u00edrnit rizika.<\/p>\n<h2>Diagnostika z\u00e1vad a b\u011b\u017en\u00e9 probl\u00e9my<\/h2>\n<ul>\n<li><strong>\u00daniky kapalin:<\/strong> Jedn\u00edm z b\u011b\u017en\u00fdch probl\u00e9m\u016f je \u00fanik kapaliny, kter\u00fd m\u016f\u017ee b\u00fdt zp\u016fsoben opot\u0159ebovan\u00fdmi t\u011bsn\u011bn\u00edmi nebo po\u0161kozen\u00fdmi hadicemi. Pokud je zji\u0161t\u011bn \u00fanik, je nezbytn\u00e9 identifikovat zdroj a po\u0161kozen\u00e9 sou\u010d\u00e1sti neprodlen\u011b vym\u011bnit.<\/li>\n<li><strong>Ztr\u00e1ta tlaku:<\/strong> N\u00e1hl\u00fd pokles hydraulick\u00e9ho tlaku m\u016f\u017ee znamenat poruchu hydraulick\u00e9ho syst\u00e9mu. Obsluha by m\u011bla prozkoumat mo\u017en\u00e9 ucp\u00e1n\u00ed nebo net\u011bsnosti v syst\u00e9mu, aby probl\u00e9m vy\u0159e\u0161ila.<\/li>\n<li><strong>Neobvykl\u00e9 zvuky:<\/strong> Jak\u00e9koli neobvykl\u00e9 zvuky b\u011bhem provozu mohou nazna\u010dovat vnit\u0159n\u00ed opot\u0159eben\u00ed nebo po\u0161kozen\u00ed. Doporu\u010duje se okam\u017eit\u011b ukon\u010dit provoz a prov\u00e9st d\u016fkladnou kontrolu.<\/li>\n<\/ul>\n<h2>Tipy pro \u0159e\u0161en\u00ed probl\u00e9m\u016f<\/h2>\n<p>Aby bylo mo\u017en\u00e9 efektivn\u011b diagnostikovat a vy\u0159e\u0161it probl\u00e9my, m\u011bli by oper\u00e1to\u0159i v\u017edy za\u010d\u00edt kontrolou net\u011bsnost\u00ed a zaji\u0161t\u011bn\u00edm bezpe\u010dnosti v\u0161ech spoj\u016f. Pokud existuje podez\u0159en\u00ed na ztr\u00e1tu tlaku, zkontrolujte hadice a armatury, zda nejsou ucpan\u00e9. V p\u0159\u00edpad\u011b neobvykl\u00fdch zvuk\u016f zastavte stroj a zkontrolujte v\u00e1lec a souvisej\u00edc\u00ed komponenty, zda nejsou opot\u0159ebovan\u00e9 nebo po\u0161kozen\u00e9. Zaveden\u00ed preventivn\u00edch opat\u0159en\u00ed, jako je pravideln\u00e1 \u00fadr\u017eba a kontroly, m\u016f\u017ee v\u00fdrazn\u011b sn\u00ed\u017eit pravd\u011bpodobnost v\u00fdskytu t\u011bchto b\u011b\u017en\u00fdch probl\u00e9m\u016f.<\/p>\n<p><img decoding=\"async\" src=\"https:\/\/www.hydraulic-cylinders.net\/wp-content\/uploads\/2025\/04\/songte-bushings-with-all-kinds-of-excavator-models.webp\" alt=\"Pouzdra pro bagry\"><\/p>\n<h2>O na\u0161\u00ed spole\u010dnosti<\/h2>\n<p>Jsme v\u00fdrobce specializuj\u00edc\u00ed se na hydraulick\u00e9 v\u00e1lce, kter\u00fd nab\u00edz\u00ed komplexn\u00ed sortiment produkt\u016f a st\u00e1v\u00e1 se jedn\u00edm z p\u0159edn\u00edch v\u00fdrobc\u016f a velkoobchodn\u00edk\u016f na dom\u00e1c\u00edm i mezin\u00e1rodn\u00edm trhu. Zavazujeme se k vynikaj\u00edc\u00ed kvalit\u011b a pou\u017e\u00edv\u00e1me propracovanou strategii \u0159\u00edzen\u00ed v\u00fdroby. Na\u0161e spole\u010dnost neust\u00e1le vylep\u0161uje v\u00fdrobn\u00ed platformu vyu\u017e\u00edv\u00e1n\u00edm technick\u00fdch talent\u016f, pokro\u010dil\u00e9ho digit\u00e1ln\u00edho v\u00fdrobn\u00edho za\u0159\u00edzen\u00ed a specializovan\u00fdch testovac\u00edch syst\u00e9m\u016f.<\/p>\n<p>D\u00edky siln\u00e9 schopnosti inovac\u00ed klademe d\u016fraz na efektivitu, p\u0159esnost a vysokou kvalitu, abychom splnili rozmanit\u00e9 pot\u0159eby na\u0161ich z\u00e1kazn\u00edk\u016f. Na\u0161e profesion\u00e1ln\u00ed slu\u017eby zahrnuj\u00ed \u0159e\u0161en\u00ed na m\u00edru, co\u017e n\u00e1m umo\u017e\u0148uje p\u0159izp\u016fsobit na\u0161e produkty r\u016fzn\u00fdm specifikac\u00edm a po\u017eadavk\u016fm.<\/p>\n<p>Na\u0161e v\u00fdrobn\u00ed za\u0159\u00edzen\u00ed jsou vybavena nejmodern\u011bj\u0161\u00ed technologi\u00ed, kter\u00e1 n\u00e1m umo\u017e\u0148uje udr\u017eovat vysok\u00e9 standardy a mezin\u00e1rodn\u00ed certifikace. Jsme tak\u00e9 hrd\u00ed na to, \u017ee poskytujeme vynikaj\u00edc\u00ed poprodejn\u00ed podporu, zaji\u0161\u0165ujeme spokojenost z\u00e1kazn\u00edk\u016f a dlouhodob\u00fd v\u00fdkon na\u0161ich produkt\u016f.<\/p>\n<p><img decoding=\"async\" src=\"https:\/\/www.hydraulic-cylinders.net\/wp-content\/uploads\/2025\/04\/songte-company-4.webp\" alt=\"P\u0159ehled spole\u010dnosti\"><br \/>\n<img decoding=\"async\" src=\"https:\/\/www.hydraulic-cylinders.net\/wp-content\/uploads\/2025\/04\/songte-company-3.webp\" alt=\"Za\u0159\u00edzen\u00ed spole\u010dnosti\"><\/p>\n<p>Autor: lyl<\/p>","protected":false},"excerpt":{"rendered":"<p>Boom Cylinder For Doosan Small Excavator DH150-7 Introduction to Boom Cylinder The Boom Cylinder is an essential hydraulic component specifically designed for controlling the movements of various heavy machinery&#8217;s buckets, including excavators, backhoe loaders, and front loaders. This hydraulic cylinder allows the bucket to lift, lower, and tilt, facilitating material handling tasks efficiently. The boom [&hellip;]<\/p>","protected":false},"featured_media":17869,"comment_status":"open","ping_status":"closed","template":"","meta":{"_et_pb_use_builder":"","_et_pb_old_content":"","_et_gb_content_width":""},"product_brand":[],"product_cat":[1546],"product_tag":[1547,1496],"class_list":{"0":"post-18987","1":"product","2":"type-product","3":"status-publish","4":"has-post-thumbnail","6":"product_cat-boom-cylinders","7":"product_tag-boom-cylinders","8":"product_tag-hydraulic-cylinders","10":"first","11":"instock","12":"shipping-taxable","13":"product-type-simple"},"amp_enabled":true,"_links":{"self":[{"href":"https:\/\/www.hydraulic-cylinders.net\/cs\/wp-json\/wp\/v2\/product\/18987","targetHints":{"allow":["GET"]}}],"collection":[{"href":"https:\/\/www.hydraulic-cylinders.net\/cs\/wp-json\/wp\/v2\/product"}],"about":[{"href":"https:\/\/www.hydraulic-cylinders.net\/cs\/wp-json\/wp\/v2\/types\/product"}],"replies":[{"embeddable":true,"href":"https:\/\/www.hydraulic-cylinders.net\/cs\/wp-json\/wp\/v2\/comments?post=18987"}],"wp:featuredmedia":[{"embeddable":true,"href":"https:\/\/www.hydraulic-cylinders.net\/cs\/wp-json\/wp\/v2\/media\/17869"}],"wp:attachment":[{"href":"https:\/\/www.hydraulic-cylinders.net\/cs\/wp-json\/wp\/v2\/media?parent=18987"}],"wp:term":[{"taxonomy":"product_brand","embeddable":true,"href":"https:\/\/www.hydraulic-cylinders.net\/cs\/wp-json\/wp\/v2\/product_brand?post=18987"},{"taxonomy":"product_cat","embeddable":true,"href":"https:\/\/www.hydraulic-cylinders.net\/cs\/wp-json\/wp\/v2\/product_cat?post=18987"},{"taxonomy":"product_tag","embeddable":true,"href":"https:\/\/www.hydraulic-cylinders.net\/cs\/wp-json\/wp\/v2\/product_tag?post=18987"}],"curies":[{"name":"wp","href":"https:\/\/api.w.org\/{rel}","templated":true}]}}