{"id":18990,"date":"2025-04-07T06:05:58","date_gmt":"2025-04-07T06:05:58","guid":{"rendered":"https:\/\/www.hydraulic-cylinders.net\/product\/boom-cylinder-for-doosan-small-excavator-dh80g\/"},"modified":"2025-04-07T06:06:00","modified_gmt":"2025-04-07T06:06:00","slug":"boom-cylinder-for-doosan-small-excavator-dh80g","status":"publish","type":"product","link":"https:\/\/www.hydraulic-cylinders.net\/cs\/produkt\/boom-cylinder-for-doosan-small-excavator-dh80g\/","title":{"rendered":"V\u00e1lec v\u00fdlo\u017en\u00edku pro mal\u00e9 rypadlo Doosan DH80G"},"content":{"rendered":"<h1>V\u00e1lec v\u00fdlo\u017en\u00edku pro mal\u00e9 rypadlo Doosan DH80G<\/h1>\n<h2>P\u0159ehled produktu<\/h2>\n<p>Hydraulick\u00fd v\u00e1lec v\u00fdlo\u017en\u00edku pro mal\u00e1 rypadla Doosan DH80G je kl\u00ed\u010dovou sou\u010d\u00e1st\u00ed navr\u017eenou pro zv\u00fd\u0161en\u00ed provozn\u00ed efektivity rypadel. Jako typ hydraulick\u00e9ho v\u00e1lce je speci\u00e1ln\u011b navr\u017een pro ovl\u00e1d\u00e1n\u00ed pohybu l\u017e\u00edce v r\u016fzn\u00fdch t\u011b\u017ek\u00fdch stroj\u00edch, jako jsou rypadla, r\u00fdpadlo-naklada\u010de a \u010deln\u00ed naklada\u010de. Tento v\u00e1lec umo\u017e\u0148uje l\u017e\u00edci zvedat, spou\u0161t\u011bt a nakl\u00e1n\u011bt, co\u017e usnad\u0148uje manipulaci s materi\u00e1lem s p\u0159esnost\u00ed a snadnost\u00ed.<\/p>\n<p>V hydraulick\u00fdch syst\u00e9mech hraje v\u00e1lec l\u017e\u00edce kl\u00ed\u010dovou roli t\u00edm, \u017ee p\u0159em\u011b\u0148uje hydraulickou energii na mechanickou energii, co\u017e umo\u017e\u0148uje plynul\u00e9 a kontrolovan\u00e9 pohyby. To zaji\u0161\u0165uje efektivn\u00ed prov\u00e1d\u011bn\u00ed \u00fakol\u016f, jako je kop\u00e1n\u00ed, nakl\u00e1d\u00e1n\u00ed a p\u0159eprava materi\u00e1l\u016f. Konstrukce v\u00e1lce v\u00fdlo\u017en\u00edku zohled\u0148uje n\u00e1ro\u010dn\u00e9 pracovn\u00ed podm\u00ednky na staveni\u0161t\u00edch a zaji\u0161\u0165uje tak odolnost a spolehlivost v\u00fdkonu.<\/p>\n<p><img decoding=\"async\" src=\"https:\/\/www.hydraulic-cylinders.net\/wp-content\/uploads\/2025\/04\/songte-company-1.webp\" alt=\"V\u00e1lec v\u00fdlo\u017en\u00edku pro bagr\"><\/p>\n<h2>Vlastnosti v\u00e1lce v\u00fdlo\u017en\u00edku<\/h2>\n<ul>\n<li><strong>Vysok\u00e1 pevnost a trvanlivost:<\/strong> V\u00e1lec v\u00fdlo\u017en\u00edku je vyroben z vysokopevnostn\u00ed oceli nebo hlin\u00edku a odol\u00e1 vysok\u00e9mu tlaku a velk\u00e9mu zat\u00ed\u017een\u00ed, tak\u017ee je vhodn\u00fd pro n\u00e1ro\u010dn\u00e9 pracovn\u00ed prost\u0159ed\u00ed. Jeho konstrukce zohled\u0148uje tak\u00e9 odolnost proti opot\u0159eben\u00ed a korozi, co\u017e prodlu\u017euje jeho \u017eivotnost.<\/li>\n<li><strong>Efektivn\u00ed hydraulick\u00fd provoz:<\/strong> D\u00edky tlaku hydraulick\u00e9ho oleje zaji\u0161\u0165uje v\u00e1lec plynul\u00e9 vysouv\u00e1n\u00ed a zasouv\u00e1n\u00ed, co\u017e umo\u017e\u0148uje rychlou reakci na provozn\u00ed povely a poskytuje siln\u00e9 tla\u010dn\u00e9 a ta\u017en\u00e9 s\u00edly pro manipulaci s t\u011b\u017ek\u00fdmi materi\u00e1ly.<\/li>\n<li><strong>R\u016fzn\u00e9 dostupn\u00e9 typy:<\/strong> V\u00e1lec v\u00fdlo\u017en\u00edku lze p\u0159izp\u016fsobit r\u016fzn\u00fdm provozn\u00edm pot\u0159eb\u00e1m a nab\u00edz\u00ed mo\u017enosti jedno\u010dinn\u00e9ho (hydraulick\u00e9 pou\u017eit\u00ed v jednom sm\u011bru) nebo dvoj\u010dinn\u00e9ho (hydraulick\u00e9 pou\u017eit\u00ed v obou sm\u011brech). N\u011bkter\u00e9 modely maj\u00ed teleskopickou konstrukci, kter\u00e1 umo\u017e\u0148uje v\u011bt\u0161\u00ed vysunut\u00ed bez zv\u011bt\u0161en\u00ed vn\u011bj\u0161\u00edch rozm\u011br\u016f, co\u017e je ide\u00e1ln\u00ed pro aplikace s omezen\u00fdm prostorem.<\/li>\n<li><strong>Kompatibilita:<\/strong> Na\u0161e produkty jsou pe\u010dliv\u011b navr\u017eeny tak, aby dokonale nahradily st\u00e1vaj\u00edc\u00ed hydraulick\u00e9 v\u00e1lce a zajistily tak bezprobl\u00e9movou integraci s va\u0161imi stroji.<\/li>\n<\/ul>\n<p><img decoding=\"async\" src=\"https:\/\/www.hydraulic-cylinders.net\/wp-content\/uploads\/2025\/04\/songte-cylinder-head-with-all-kinds-excavator-models.webp\" alt=\"Kompatibilita v\u00e1lc\u016f bagru\"><\/p>\n<h2>Aplikace v\u00e1lce v\u00fdlo\u017en\u00edku<\/h2>\n<h3>Stavebn\u00ed stroje<\/h3>\n<p>V oblasti stavebn\u00edch stroj\u016f se v\u00e1lec v\u00fdlo\u017en\u00edku nach\u00e1z\u00ed p\u0159edev\u0161\u00edm v bagrech, kde hraje z\u00e1sadn\u00ed roli p\u0159i kop\u00e1n\u00ed, nakl\u00e1d\u00e1n\u00ed a p\u0159emis\u0165ov\u00e1n\u00ed zeminy nebo suti. Jeho \u00fa\u010dinnost umo\u017e\u0148uje obsluze efektivn\u011b vykon\u00e1vat \u00fakoly, co\u017e sni\u017euje \u010das a n\u00e1mahu. U rypadlo-naklada\u010d\u016f pom\u00e1h\u00e1 v\u00e1lec kope\u010dku nejen p\u0159i v\u00fdkopov\u00fdch, ale i p\u0159i zdvihac\u00edch operac\u00edch, co\u017e umo\u017e\u0148uje v\u0161estrann\u00fd pracovn\u00ed postup na r\u016fzn\u00fdch staveni\u0161t\u00edch.<\/p>\n<h3>Zem\u011bd\u011blsk\u00e9 stroje<\/h3>\n<p>V zem\u011bd\u011blsk\u00fdch stroj\u00edch je v\u00e1lec v\u00fdlo\u017en\u00edku ned\u00edlnou sou\u010d\u00e1st\u00ed \u010deln\u00edch naklada\u010d\u016f a pom\u00e1h\u00e1 p\u0159i nab\u00edr\u00e1n\u00ed, zved\u00e1n\u00ed a p\u0159eprav\u011b p\u016fdy, sena a dal\u0161\u00edch materi\u00e1l\u016f. Jeho hydraulick\u00e9 schopnosti zvy\u0161uj\u00ed produktivitu v zem\u011bd\u011blsk\u00fdch operac\u00edch, umo\u017e\u0148uj\u00ed snadn\u011bj\u0161\u00ed \u0159\u00edzen\u00ed zem\u011bd\u011blsk\u00fdch \u00fakol\u016f a t\u00edm p\u0159isp\u00edvaj\u00ed k celkov\u00e9 provozn\u00ed efektivit\u011b.<\/p>\n<h3>Bagry<\/h3>\n<p>U rypadel umo\u017e\u0148uje konstrukce v\u00e1lce l\u017e\u00edce efektivn\u00ed pronik\u00e1n\u00ed l\u017e\u00edce do p\u016fdy, co\u017e usnad\u0148uje efektivn\u00ed kop\u00e1n\u00ed. Jej\u00ed robustn\u00ed konstrukce zaji\u0161\u0165uje, \u017ee l\u017e\u00edce zvl\u00e1dne i n\u00e1ro\u010dn\u00fd ter\u00e9n, co\u017e ji \u010din\u00ed nepostradatelnou p\u0159i stavebn\u00edch a v\u00fdkopov\u00fdch projektech.<\/p>\n<h3>Naklada\u010de<\/h3>\n<p>U \u010deln\u00edch naklada\u010d\u016f v\u00fdznamn\u011b p\u0159isp\u00edvaj\u00ed v\u00e1lce v\u00fdlo\u017en\u00edku ke zved\u00e1n\u00ed a vykl\u00e1p\u011bn\u00ed materi\u00e1l\u016f. Jejich hydraulick\u00e9 funkce umo\u017e\u0148uj\u00ed obsluze p\u0159esn\u011b man\u00e9vrovat s b\u0159emeny a optimalizovat procesy manipulace s materi\u00e1lem v r\u016fzn\u00fdch aplikac\u00edch, od stavebnictv\u00ed a\u017e po ter\u00e9nn\u00ed \u00fapravy.<\/p>\n<h2>Konstruk\u010dn\u00ed aspekty a krit\u00e9ria v\u00fdb\u011bru<\/h2>\n<h3>Nosnost<\/h3>\n<p>Nosnost v\u00e1lce v\u00fdlo\u017en\u00edku je p\u0159i jeho konstrukci kl\u00ed\u010dov\u00fdm faktorem. Mus\u00ed b\u00fdt schopen un\u00e9st hmotnost manipulovan\u00e9ho materi\u00e1lu a z\u00e1rove\u0148 odolat sil\u00e1m vyv\u00edjen\u00fdm b\u011bhem provozu. To vy\u017eaduje pe\u010dliv\u00e9 konstruk\u010dn\u00ed \u0159e\u0161en\u00ed, aby byl zaji\u0161t\u011bn bezpe\u010dn\u00fd a efektivn\u00ed provoz v\u00e1lce za r\u016fzn\u00fdch podm\u00ednek zat\u00ed\u017een\u00ed.<\/p>\n<h3>T\u011bsn\u011bn\u00ed<\/h3>\n<p>\u00da\u010dinn\u00e9 t\u011bsn\u011bn\u00ed je nezbytn\u00e9 pro udr\u017een\u00ed hydraulick\u00e9ho tlaku ve v\u00e1lci. Vysoce kvalitn\u00ed t\u011bsn\u011bn\u00ed zabra\u0148uje \u00fanik\u016fm a zaji\u0161\u0165uje optim\u00e1ln\u00ed v\u00fdkon. B\u011b\u017en\u011b se pou\u017e\u00edvaj\u00ed r\u016fzn\u00e9 t\u011bsnic\u00ed materi\u00e1ly, jako je polyuretan a nitrilov\u00e1 pry\u017e, a jejich v\u00fdb\u011br je z\u00e1sadn\u00ed pro trvanlivost a v\u00fdkon v r\u016fzn\u00fdch provozn\u00edch podm\u00ednk\u00e1ch.<\/p>\n<h3>Trvanlivost<\/h3>\n<p>Trvanlivost je kl\u00ed\u010dov\u00fdm faktorem p\u0159i konstrukci v\u00e1lce v\u00fdlo\u017en\u00edku. Mus\u00ed odol\u00e1vat opot\u0159eben\u00ed p\u0159i nep\u0159etr\u017eit\u00e9m pou\u017e\u00edv\u00e1n\u00ed v n\u00e1ro\u010dn\u00fdch podm\u00ednk\u00e1ch. To zahrnuje odolnost v\u016f\u010di od\u011bru, korozi a \u00fanav\u011b materi\u00e1lu, co\u017e v\u0161e je zohledn\u011bno b\u011bhem v\u00fdrobn\u00edho procesu pro prodlou\u017een\u00ed \u017eivotnosti v\u00e1lce.<\/p>\n<h3>Bezpe\u010dnost<\/h3>\n<p>Bezpe\u010dnostn\u00ed prvky jsou p\u0159i n\u00e1vrhu hydraulick\u00fdch v\u00e1lc\u016f prvo\u0159ad\u00e9. Implementace bezpe\u010dnostn\u00edch mechanism\u016f, jako jsou p\u0159etlakov\u00e9 ventily, pom\u00e1h\u00e1 p\u0159edch\u00e1zet nehod\u00e1m a poruch\u00e1m za\u0159\u00edzen\u00ed. Zaji\u0161t\u011bn\u00ed toho, aby konstrukce v\u00e1lce spl\u0148ovala bezpe\u010dnostn\u00ed normy v oboru, je nezbytn\u00e9 jak pro bezpe\u010dnost obsluhy, tak pro dlouhou \u017eivotnost za\u0159\u00edzen\u00ed.<\/p>\n<h3>\u00dadr\u017eba<\/h3>\n<p>Snadn\u00e1 \u00fadr\u017eba je dal\u0161\u00edm kl\u00ed\u010dov\u00fdm konstruk\u010dn\u00edm hlediskem. Dob\u0159e navr\u017een\u00fd v\u00e1lec v\u00fdlo\u017en\u00edku by m\u011bl umo\u017e\u0148ovat snadnou kontrolu a servis. To zahrnuje p\u0159\u00edstup ke kritick\u00fdm komponent\u016fm pro b\u011b\u017en\u00e9 \u00fadr\u017eb\u00e1\u0159sk\u00e9 \u00fakony, co\u017e zaji\u0161\u0165uje, \u017ee obsluha m\u016f\u017ee udr\u017eovat stroj v optim\u00e1ln\u00edm stavu bez nadm\u011brn\u00fdch prostoj\u016f.<\/p>\n<p><img decoding=\"async\" src=\"https:\/\/www.hydraulic-cylinders.net\/wp-content\/uploads\/2025\/04\/songte-oil-pipes-and-spare-parts.webp\" alt=\"D\u00edly hydraulick\u00e9ho v\u00e1lce\"><\/p>\n<h2>T\u011bsn\u011bn\u00ed a maz\u00e1n\u00ed<\/h2>\n<p>\u00da\u010dinnost v\u00e1lce v\u00fdlo\u017en\u00edku do zna\u010dn\u00e9 m\u00edry z\u00e1vis\u00ed na jeho t\u011bsnic\u00edch a mazac\u00edch syst\u00e9mech. Pro udr\u017een\u00ed hydraulick\u00e9 integrity se pou\u017e\u00edvaj\u00ed r\u016fzn\u00e1 t\u011bsn\u011bn\u00ed, jako jsou p\u00edstn\u00ed a p\u00edstn\u00ed t\u011bsn\u011bn\u00ed. Materi\u00e1ly jako polyuretan a nitrilov\u00e1 pry\u017e se vol\u00ed pro svou odolnost proti opot\u0159eben\u00ed a trvanlivost. T\u011bleso v\u00e1lce a z\u00e1vitov\u00e9 koncov\u00e9 plochy jsou nav\u00edc opracov\u00e1ny p\u0159esn\u00fdm obr\u00e1b\u011bn\u00edm, aby se zv\u00fd\u0161ila odolnost proti opot\u0159eben\u00ed a udr\u017eela provozn\u00ed \u00fa\u010dinnost.<\/p>\n<p>Pravideln\u00e9 maz\u00e1n\u00ed je nezbytn\u00e9 pro dlouhou \u017eivotnost v\u00e1lce v\u00fdlo\u017en\u00edku. Obsluha mus\u00ed zajistit dostate\u010dnou hladinu hydraulick\u00e9ho oleje, aby se zajistil plynul\u00fd provoz a minimalizovalo t\u0159en\u00ed mezi pohybliv\u00fdmi \u010d\u00e1stmi. Pl\u00e1novan\u00e9 kontroly \u00fadr\u017eby by m\u011bly zahrnovat ov\u011b\u0159en\u00ed hladiny a stavu oleje, aby se zabr\u00e1nilo po\u0161kozen\u00ed a zajistil optim\u00e1ln\u00ed v\u00fdkon.<\/p>\n<h2>Preventivn\u00ed \u00fadr\u017ebov\u00e1 opat\u0159en\u00ed<\/h2>\n<ul>\n<li><strong>Pravideln\u00e9 kontroly:<\/strong> Prov\u00e1d\u011bjte pravideln\u00e9 kontroly, abyste odhalili potenci\u00e1ln\u00ed probl\u00e9my d\u0159\u00edve, ne\u017e se vyhrot\u00ed. Pat\u0159\u00ed sem kontrola net\u011bsnost\u00ed, zaji\u0161t\u011bn\u00ed neporu\u0161enosti t\u011bsn\u011bn\u00ed a posouzen\u00ed celkov\u00e9ho stavu lahve.<\/li>\n<li><strong>Spr\u00e1vn\u00e9 maz\u00e1n\u00ed:<\/strong> Udr\u017eujte spr\u00e1vnou hladinu maz\u00e1n\u00ed a pou\u017e\u00edvejte vhodn\u00fd hydraulick\u00fd olej pro zaji\u0161t\u011bn\u00ed hladk\u00e9ho provozu. Pravideln\u011b kontrolujte kvalitu oleje a v p\u0159\u00edpad\u011b pot\u0159eby jej vym\u011b\u0148ujte.<\/li>\n<li><strong>V\u00fdm\u011bna t\u011bsn\u011bn\u00ed:<\/strong> Sledujte stav t\u011bsn\u011bn\u00ed a vym\u011b\u0148te je, kdy\u017e zjist\u00edte opot\u0159eben\u00ed, abyste zabr\u00e1nili net\u011bsnostem a udr\u017eeli hydraulickou \u00fa\u010dinnost.<\/li>\n<\/ul>\n<h2>Pokyny k instalaci<\/h2>\n<p>Spr\u00e1vn\u00e1 instalace v\u00e1lce v\u00fdlo\u017en\u00edku je kl\u00ed\u010dov\u00e1 pro jeho v\u00fdkon a dlouhou \u017eivotnost. Pro \u00fasp\u011b\u0161nou instalaci dodr\u017eujte tyto pokyny:<\/p>\n<ul>\n<li><strong>Zarovn\u00e1n\u00ed:<\/strong> Zajist\u011bte, aby byl v\u00e1lec spr\u00e1vn\u011b zarovn\u00e1n s mont\u00e1\u017en\u00edmi body, aby se zabr\u00e1nilo nadm\u011brn\u00e9mu nam\u00e1h\u00e1n\u00ed b\u011bhem provozu. Nespr\u00e1vn\u00e9 zarovn\u00e1n\u00ed m\u016f\u017ee v\u00e9st k urychlen\u00e9mu opot\u0159eben\u00ed a mo\u017en\u00e9mu selh\u00e1n\u00ed.<\/li>\n<li><strong>Pou\u017eijte vhodn\u00e9 mont\u00e1\u017en\u00ed konzoly:<\/strong> K zaji\u0161t\u011bn\u00ed lahve na m\u00edst\u011b pou\u017eijte vhodn\u00e9 mont\u00e1\u017en\u00ed konzoly. T\u00edm zajist\u00edte stabilitu a zabr\u00e1n\u00edte pohybu, kter\u00fd by mohl po\u0161kodit lahev nebo za\u0159\u00edzen\u00ed.<\/li>\n<li><strong>Hydraulick\u00e9 p\u0159ipojen\u00ed:<\/strong> Ujist\u011bte se, \u017ee v\u0161echny hydraulick\u00e9 spoje jsou t\u011bsn\u00e9 a bez \u00fanik\u016f. P\u0159ed p\u0159ipojen\u00edm hadic a armatur k v\u00e1lci zkontrolujte, zda nevykazuj\u00ed zn\u00e1mky opot\u0159eben\u00ed.<\/li>\n<li><strong>Testov\u00e1n\u00ed:<\/strong> Po instalaci prove\u010fte d\u016fkladn\u00fd test, abyste ov\u011b\u0159ili, zda v\u00e1lec funguje hladce a bez \u00fanik\u016f. B\u011bhem po\u010d\u00e1te\u010dn\u00edho provozu sledujte v\u00fdkon, abyste v\u010das odhalili p\u0159\u00edpadn\u00e9 probl\u00e9my.<\/li>\n<\/ul>\n<h2>B\u011b\u017en\u00e9 \u00fakoly \u00fadr\u017eby<\/h2>\n<h3>Pravideln\u00e9 kontroly<\/h3>\n<p>Pravideln\u00e9 kontroly jsou nezbytn\u00e9 pro identifikaci potenci\u00e1ln\u00edch probl\u00e9m\u016f s v\u00e1lcem v\u00fdlo\u017en\u00edku. Kontrola t\u011bsn\u011bn\u00ed, kontrola net\u011bsnost\u00ed a posouzen\u00ed celkov\u00e9ho stavu hydraulick\u00fdch spoj\u016f m\u016f\u017ee p\u0159edej\u00edt z\u00e1va\u017en\u00fdm poruch\u00e1m. Oper\u00e1to\u0159i by si m\u011bli vytvo\u0159it kontroln\u00ed seznam pro b\u011b\u017en\u00e9 kontroly, aby zajistili d\u016fkladnou kontrolu v\u0161ech kritick\u00fdch sou\u010d\u00e1st\u00ed.<\/p>\n<h3>Vhodn\u00e9 maz\u00e1n\u00ed<\/h3>\n<p>Pou\u017eit\u00ed spr\u00e1vn\u00e9ho maz\u00e1n\u00ed je nezbytn\u00e9 pro udr\u017een\u00ed funk\u010dnosti v\u00e1lce v\u00fdlo\u017en\u00edku. Obsluha by si m\u011bla stanovit pl\u00e1n maz\u00e1n\u00ed a zajistit pravidelnou kontrolu a dopl\u0148ov\u00e1n\u00ed hladiny hydraulick\u00e9ho oleje. Spr\u00e1vn\u00e9 maz\u00e1n\u00ed minimalizuje t\u0159en\u00ed a opot\u0159eben\u00ed, \u010d\u00edm\u017e zvy\u0161uje v\u00fdkon a \u017eivotnost v\u00e1lce.<\/p>\n<h3>V\u00fdm\u011bna t\u011bsn\u011bn\u00ed a kontroly kalibrace<\/h3>\n<p>V\u010dasn\u00e1 v\u00fdm\u011bna t\u011bsn\u011bn\u00ed je z\u00e1sadn\u00ed pro udr\u017een\u00ed hydraulick\u00e9 integrity. Oper\u00e1to\u0159i by m\u011bli b\u00fdt opatrn\u00ed ohledn\u011b stavu t\u011bsn\u011bn\u00ed a vym\u011bnit je p\u0159i prvn\u00edm n\u00e1znaku opot\u0159eben\u00ed. Prov\u00e1d\u011bn\u00ed kalibra\u010dn\u00edch kontrol hydraulick\u00e9ho tlaku nav\u00edc m\u016f\u017ee zajistit, aby v\u00e1lec fungoval v r\u00e1mci sv\u00fdch navr\u017een\u00fdch specifikac\u00ed, a p\u0159edej\u00edt tak provozn\u00edm probl\u00e9m\u016fm.<\/p>\n<p><img decoding=\"async\" src=\"https:\/\/www.hydraulic-cylinders.net\/wp-content\/uploads\/2025\/04\/songte-chushion-collar.webp\" alt=\"Hydraulick\u00fd v\u00e1lec s tlumi\u010dem\"><\/p>\n<h2>Bezpe\u010dnostn\u00ed aspekty a faktory prost\u0159ed\u00ed<\/h2>\n<p>P\u0159i pr\u00e1ci s hydraulick\u00fdmi syst\u00e9my jsou bezpe\u010dnostn\u00ed opat\u0159en\u00ed prvo\u0159ad\u00e1. Obsluha si mus\u00ed b\u00fdt v\u011bdoma potenci\u00e1ln\u00edch nebezpe\u010d\u00ed spojen\u00fdch s \u00faniky hydraulick\u00e9 kapaliny, vysokotlak\u00fdmi syst\u00e9my a pohybliv\u00fdmi sou\u010d\u00e1stmi. Zav\u00e1d\u011bn\u00ed bezpe\u010dnostn\u00edch protokol\u016f, jako je no\u0161en\u00ed vhodn\u00fdch osobn\u00edch ochrann\u00fdch prost\u0159edk\u016f (OOP) a dodr\u017eov\u00e1n\u00ed provozn\u00edch pokyn\u016f, m\u016f\u017ee zm\u00edrnit rizika. Pro udr\u017eiteln\u00fd provoz jsou z\u00e1sadn\u00ed tak\u00e9 environment\u00e1ln\u00ed aspekty, v\u010detn\u011b spr\u00e1vn\u00e9 likvidace hydraulick\u00fdch kapalin a minimalizace \u00fanik\u016f.<\/p>\n<h2>Odstra\u0148ov\u00e1n\u00ed probl\u00e9m\u016f a b\u011b\u017en\u00e9 probl\u00e9my<\/h2>\n<h3>B\u011b\u017en\u00e9 probl\u00e9my<\/h3>\n<ul>\n<li><strong>Hydraulick\u00e9 net\u011bsnosti:<\/strong> K net\u011bsnostem m\u016f\u017ee doch\u00e1zet v d\u016fsledku po\u0161kozen\u00fdch t\u011bsn\u011bn\u00ed nebo armatur. Pravideln\u011b kontrolujte, zda se v nich nenahromad\u00ed kapalina, a po\u0161kozen\u00e1 t\u011bsn\u011bn\u00ed neprodlen\u011b vym\u011b\u0148te.<\/li>\n<li><strong>Nedostate\u010dn\u00fd v\u00fdkon:<\/strong> Pokud v\u00e1lec nefunguje pod zat\u00ed\u017een\u00edm, zkontrolujte hladinu hydraulick\u00e9 kapaliny a zjist\u011bte, zda v hydraulick\u00fdch potrub\u00edch nejsou n\u011bjak\u00e9 ucp\u00e1n\u00ed.<\/li>\n<li><strong>Neobvykl\u00e9 zvuky:<\/strong> Zvl\u00e1\u0161tn\u00ed zvuky b\u011bhem provozu mohou nazna\u010dovat mechanick\u00e9 probl\u00e9my nebo nedostate\u010dn\u00e9 maz\u00e1n\u00ed. Okam\u017eit\u011b prove\u010fte kontrolu, abyste p\u0159ede\u0161li dal\u0161\u00edmu po\u0161kozen\u00ed.<\/li>\n<\/ul>\n<h3>Tipy pro \u0159e\u0161en\u00ed probl\u00e9m\u016f<\/h3>\n<p>Pro efektivn\u00ed \u0159e\u0161en\u00ed probl\u00e9m\u016f s v\u00e1lcem v\u00fdlo\u017en\u00edku by oper\u00e1to\u0159i m\u011bli pou\u017e\u00edvat systematick\u00fd p\u0159\u00edstup:<\/p>\n<ul>\n<li>Za\u010dn\u011bte vyhodnocen\u00edm hladiny hydraulick\u00e9 kapaliny a kontrolou net\u011bsnost\u00ed kolem t\u011bsn\u011bn\u00ed a spoj\u016f.<\/li>\n<li>Zkontrolujte, zda v\u00e1lec a jeho sou\u010d\u00e1sti nevykazuj\u00ed viditeln\u00e9 zn\u00e1mky opot\u0159eben\u00ed nebo po\u0161kozen\u00ed.<\/li>\n<li>Zkontrolujte tlak v hydraulick\u00e9m syst\u00e9mu, abyste se ujistili, \u017ee je v p\u0159ijateln\u00fdch mez\u00edch.<\/li>\n<li>Pokyny k oprav\u00e1m nebo v\u00fdm\u011bn\u00e1m v p\u0159\u00edpad\u011b pot\u0159eby naleznete ve specifikac\u00edch v\u00fdrobce.<\/li>\n<\/ul>\n<p><img decoding=\"async\" src=\"https:\/\/www.hydraulic-cylinders.net\/wp-content\/uploads\/2025\/04\/songte-bushings-with-all-kinds-of-excavator-models.webp\" alt=\"Pouzdra pro bagry\"><\/p>\n<h2>P\u0159ehled spole\u010dnosti<\/h2>\n<p>Jsme p\u0159edn\u00edm v\u00fdrobcem a velkoobchodn\u00edkem hydraulick\u00fdch v\u00e1lc\u016f a specializujeme se na poskytov\u00e1n\u00ed vysoce kvalitn\u00edch n\u00e1hradn\u00edch \u0159e\u0161en\u00ed. N\u00e1\u0161 rozs\u00e1hl\u00fd sortiment produkt\u016f n\u00e1s \u0159ad\u00ed mezi l\u00eddry na dom\u00e1c\u00edm i mezin\u00e1rodn\u00edm trhu. Se z\u00e1vazkem k dokonalosti vyu\u017e\u00edv\u00e1me propracovanou strategii \u0159\u00edzen\u00ed v\u00fdroby, kter\u00e1 klade d\u016fraz na p\u0159esnou v\u00fdrobu.<\/p>\n<p>Na\u0161e spole\u010dnost se py\u0161n\u00ed t\u00edm, \u017ee zam\u011bstn\u00e1v\u00e1 kvalifikovan\u00fd technick\u00fd person\u00e1l a vyu\u017e\u00edv\u00e1 pokro\u010dil\u00e9 digit\u00e1ln\u00ed v\u00fdrobn\u00ed za\u0159\u00edzen\u00ed v kombinaci s robustn\u00edm testovac\u00edm syst\u00e9mem k zaji\u0161t\u011bn\u00ed kvality produkt\u016f. Neust\u00e1l\u00fdm vylep\u0161ov\u00e1n\u00edm na\u0161\u00ed v\u00fdrobn\u00ed platformy spl\u0148ujeme rozmanit\u00e9 po\u017eadavky z\u00e1kazn\u00edk\u016f s vysokou efektivitou, p\u0159esnost\u00ed a kvalitou.<\/p>\n<p>Na\u0161e nab\u00eddka zahrnuje slu\u017eby na m\u00edru, mezin\u00e1rodn\u00ed certifikace a v\u00fdjime\u010dnou poprodejn\u00ed podporu, co\u017e zaji\u0161\u0165uje, \u017ee na\u0161i klienti obdr\u017e\u00ed nejlep\u0161\u00ed mo\u017en\u00e1 \u0159e\u0161en\u00ed pro sv\u00e9 hydraulick\u00e9 pot\u0159eby.<\/p>\n<p><img decoding=\"async\" src=\"https:\/\/www.hydraulic-cylinders.net\/wp-content\/uploads\/2025\/04\/songte-company-4.webp\" alt=\"Obr\u00e1zek spole\u010dnosti 1\"><br \/>\n<img decoding=\"async\" src=\"https:\/\/www.hydraulic-cylinders.net\/wp-content\/uploads\/2025\/04\/songte-company-3.webp\" alt=\"Obr\u00e1zek spole\u010dnosti 2\"><\/p>\n<p>Autor: lyl<\/p>","protected":false},"excerpt":{"rendered":"<p>Boom Cylinder For Doosan Small Excavator DH80G Product Overview The Boom Cylinder for Doosan Small Excavator DH80G is a vital component designed to enhance the operational efficiency of excavators. As a type of hydraulic cylinder, it is specifically engineered to control the movement of the bucket in various heavy machinery, such as excavators, backhoe loaders, [&hellip;]<\/p>","protected":false},"featured_media":17872,"comment_status":"open","ping_status":"closed","template":"","meta":{"_et_pb_use_builder":"","_et_pb_old_content":"","_et_gb_content_width":""},"product_brand":[],"product_cat":[1546],"product_tag":[1547,1496],"class_list":{"0":"post-18990","1":"product","2":"type-product","3":"status-publish","4":"has-post-thumbnail","6":"product_cat-boom-cylinders","7":"product_tag-boom-cylinders","8":"product_tag-hydraulic-cylinders","10":"first","11":"instock","12":"shipping-taxable","13":"product-type-simple"},"amp_enabled":true,"_links":{"self":[{"href":"https:\/\/www.hydraulic-cylinders.net\/cs\/wp-json\/wp\/v2\/product\/18990","targetHints":{"allow":["GET"]}}],"collection":[{"href":"https:\/\/www.hydraulic-cylinders.net\/cs\/wp-json\/wp\/v2\/product"}],"about":[{"href":"https:\/\/www.hydraulic-cylinders.net\/cs\/wp-json\/wp\/v2\/types\/product"}],"replies":[{"embeddable":true,"href":"https:\/\/www.hydraulic-cylinders.net\/cs\/wp-json\/wp\/v2\/comments?post=18990"}],"wp:featuredmedia":[{"embeddable":true,"href":"https:\/\/www.hydraulic-cylinders.net\/cs\/wp-json\/wp\/v2\/media\/17872"}],"wp:attachment":[{"href":"https:\/\/www.hydraulic-cylinders.net\/cs\/wp-json\/wp\/v2\/media?parent=18990"}],"wp:term":[{"taxonomy":"product_brand","embeddable":true,"href":"https:\/\/www.hydraulic-cylinders.net\/cs\/wp-json\/wp\/v2\/product_brand?post=18990"},{"taxonomy":"product_cat","embeddable":true,"href":"https:\/\/www.hydraulic-cylinders.net\/cs\/wp-json\/wp\/v2\/product_cat?post=18990"},{"taxonomy":"product_tag","embeddable":true,"href":"https:\/\/www.hydraulic-cylinders.net\/cs\/wp-json\/wp\/v2\/product_tag?post=18990"}],"curies":[{"name":"wp","href":"https:\/\/api.w.org\/{rel}","templated":true}]}}