{"id":18997,"date":"2025-04-07T06:06:23","date_gmt":"2025-04-07T06:06:23","guid":{"rendered":"https:\/\/www.hydraulic-cylinders.net\/product\/boom-cylinder-for-doosan-middle-excavator-dh280-3\/"},"modified":"2025-04-07T06:06:25","modified_gmt":"2025-04-07T06:06:25","slug":"boom-cylinder-for-doosan-middle-excavator-dh280-3","status":"publish","type":"product","link":"https:\/\/www.hydraulic-cylinders.net\/cs\/produkt\/boom-cylinder-for-doosan-middle-excavator-dh280-3\/","title":{"rendered":"V\u00e1lec v\u00fdlo\u017en\u00edku pro st\u0159edn\u00ed bagr Doosan DH280-3"},"content":{"rendered":"<h1>V\u00e1lec v\u00fdlo\u017en\u00edku pro st\u0159edn\u00ed bagr Doosan DH280-3<\/h1>\n<h2>\u00davod k v\u00e1lci v\u00fdlo\u017en\u00edku<\/h2>\n<p>Hydraulick\u00fd v\u00e1lec v\u00fdlo\u017en\u00edku je kl\u00ed\u010dovou sou\u010d\u00e1st\u00ed hydraulick\u00e9ho syst\u00e9mu t\u011b\u017ek\u00fdch stroj\u016f, zejm\u00e9na u rypadel, jako je Doosan DH280-3. Tento hydraulick\u00fd v\u00e1lec je navr\u017een speci\u00e1ln\u011b pro ovl\u00e1d\u00e1n\u00ed pohybu v\u00fdlo\u017en\u00edku rypadla, co\u017e umo\u017e\u0148uje efektivn\u00ed zved\u00e1n\u00ed, spou\u0161t\u011bn\u00ed a nakl\u00e1p\u011bn\u00ed l\u017e\u00edce. Vyu\u017eit\u00edm hydraulick\u00e9ho tlaku umo\u017e\u0148uje v\u00e1lec v\u00fdlo\u017en\u00edku plynul\u00e9 a p\u0159esn\u00e9 pohyby, co\u017e z n\u011bj \u010din\u00ed nepostradatelnou sou\u010d\u00e1st manipulace s materi\u00e1lem v r\u016fzn\u00fdch odv\u011btv\u00edch.<\/p>\n<p><img decoding=\"async\" src=\"https:\/\/www.hydraulic-cylinders.net\/wp-content\/uploads\/2025\/04\/songte-company-1.webp\" alt=\"V\u00e1lec v\u00fdlo\u017en\u00edku\"><\/p>\n<h3>Pochopen\u00ed funkc\u00ed<\/h3>\n<p>Hydraulick\u00fd v\u00e1lec v\u00fdlo\u017en\u00edku je typ hydraulick\u00e9ho v\u00e1lce pou\u017e\u00edvan\u00e9ho v r\u016fzn\u00fdch t\u011b\u017ek\u00fdch stroj\u00edch, jako jsou bagry, rypadla-naklada\u010de a \u010deln\u00ed naklada\u010de. Hraje z\u00e1sadn\u00ed roli p\u0159i manipulaci s materi\u00e1lem t\u00edm, \u017ee usnad\u0148uje pohyb l\u017e\u00edce. Hydraulick\u00fd syst\u00e9m vyu\u017e\u00edv\u00e1 tlak kapaliny k vyv\u00edjen\u00ed s\u00edly, co\u017e umo\u017e\u0148uje plynul\u00e9 vysouv\u00e1n\u00ed a zasouv\u00e1n\u00ed v\u00e1lce v\u00fdlo\u017en\u00edku. Tato funkce je z\u00e1sadn\u00ed pro \u00fakoly zahrnuj\u00edc\u00ed efektivn\u00ed kop\u00e1n\u00ed, zved\u00e1n\u00ed a p\u0159epravu materi\u00e1l\u016f, \u010d\u00edm\u017e se zvy\u0161uje produktivita na staveni\u0161t\u00edch a v zem\u011bd\u011blstv\u00ed.<\/p>\n<h2>Vlastnosti v\u00e1lce v\u00fdlo\u017en\u00edku<\/h2>\n<ul>\n<li><strong>Vysok\u00e1 pevnost a trvanlivost:<\/strong> V\u00e1lec v\u00fdlo\u017en\u00edku je vyroben z vysokopevnostn\u00ed oceli nebo hlin\u00edku a odol\u00e1 vysok\u00e9mu tlaku a velk\u00e9mu zat\u00ed\u017een\u00ed, tak\u017ee je vhodn\u00fd pro n\u00e1ro\u010dn\u00e9 pracovn\u00ed prost\u0159ed\u00ed. Jeho konstrukce zahrnuje odolnost proti opot\u0159eben\u00ed a korozi, co\u017e prodlu\u017euje jeho \u017eivotnost.<\/li>\n<li><strong>Efektivn\u00ed hydraulick\u00fd provoz:<\/strong> V\u00e1lec vyu\u017e\u00edv\u00e1 hydraulick\u00fd tlak oleje pro plynul\u00e9 vysouv\u00e1n\u00ed a zasouv\u00e1n\u00ed, co\u017e umo\u017e\u0148uje rychlou reakci na ovl\u00e1dac\u00ed povely a poskytuje siln\u00e9 tlakov\u00e9 a ta\u017en\u00e9 s\u00edly, ide\u00e1ln\u00ed pro t\u011b\u017ek\u00e9 a slo\u017eit\u00e9 \u00fakoly.<\/li>\n<li><strong>R\u016fzn\u00e9 dostupn\u00e9 typy:<\/strong> Hydraulick\u00e9 v\u00e1lce v\u00fdlo\u017en\u00edku lze rozd\u011blit na jedno\u010dinn\u00e9 (vyu\u017e\u00edvaj\u00ed hydraulick\u00fd tlak v jednom sm\u011bru) a dvoj\u010dinn\u00e9 (vyv\u00edjej\u00ed tlak v obou sm\u011brech), aby vyhovovaly r\u016fzn\u00fdm provozn\u00edm pot\u0159eb\u00e1m. N\u011bkter\u00e9 modely maj\u00ed teleskopickou konstrukci, kter\u00e1 umo\u017e\u0148uje v\u011bt\u0161\u00ed vysunut\u00ed bez zv\u011bt\u0161en\u00ed vn\u011bj\u0161\u00edch rozm\u011br\u016f, co\u017e je ide\u00e1ln\u00ed pro aplikace s omezen\u00fdm prostorem.<\/li>\n<li><strong>Kompatibilita:<\/strong> Na\u0161e produkty jsou navr\u017eeny tak, aby dokonale nahradily st\u00e1vaj\u00edc\u00ed hydraulick\u00e9 v\u00e1lce a zajistily tak bezprobl\u00e9movou integraci a v\u00fdkon.<\/li>\n<\/ul>\n<p><img decoding=\"async\" src=\"https:\/\/www.hydraulic-cylinders.net\/wp-content\/uploads\/2025\/04\/songte-cylinder-head-with-all-kinds-excavator-models.webp\" alt=\"Modely bagr\u016f\"><\/p>\n<h2>Aplikace v\u00e1lce v\u00fdlo\u017en\u00edku<\/h2>\n<h3>Stavebn\u00ed stroje<\/h3>\n<p>U rypadel je v\u00e1lec v\u00fdlo\u017en\u00edku nezbytn\u00fd pro kop\u00e1n\u00ed, nakl\u00e1d\u00e1n\u00ed a p\u0159emis\u0165ov\u00e1n\u00ed zeminy nebo suti. Poskytuje pot\u0159ebnou s\u00edlu pro zved\u00e1n\u00ed v\u00fdlo\u017en\u00edku a prodlou\u017een\u00ed dosahu l\u017e\u00edce, co\u017e usnad\u0148uje efektivn\u00ed v\u00fdkopov\u00e9 pr\u00e1ce a manipulaci s materi\u00e1lem. Schopnost pracovat v r\u016fzn\u00fdch \u00fahlech a poloh\u00e1ch zvy\u0161uje v\u0161estrannost rypadel na staveni\u0161t\u00edch.<\/p>\n<h3>Zem\u011bd\u011blsk\u00e9 stroje<\/h3>\n<p>\u010celn\u00ed naklada\u010de vyu\u017e\u00edvaj\u00ed v\u00e1lce v\u00fdlo\u017en\u00edku k nab\u00edr\u00e1n\u00ed, zved\u00e1n\u00ed a p\u0159eprav\u011b zeminy, sena a dal\u0161\u00edch materi\u00e1l\u016f. Efektivn\u00ed provoz v\u00e1lce v\u00fdlo\u017en\u00edku umo\u017e\u0148uje rychl\u00e9 nakl\u00e1d\u00e1n\u00ed a vykl\u00e1d\u00e1n\u00ed, co\u017e zvy\u0161uje produktivitu v zem\u011bd\u011blsk\u00fdch operac\u00edch. Jeho robustn\u00ed konstrukce zaji\u0161\u0165uje spolehlivost i v n\u00e1ro\u010dn\u00fdch zem\u011bd\u011blsk\u00fdch podm\u00ednk\u00e1ch.<\/p>\n<h3>Dal\u0161\u00ed aplikace<\/h3>\n<p>U r\u00fdpadlo-naklada\u010d\u016f pom\u00e1h\u00e1 v\u00e1lec v\u00fdlo\u017en\u00edku jak p\u0159i kop\u00e1n\u00ed, tak p\u0159i zved\u00e1n\u00ed, co\u017e z n\u011bj \u010din\u00ed mnohostrannou sou\u010d\u00e1st pro r\u016fzn\u00e9 \u00fakoly. Schopnost plynul\u00e9ho vysouv\u00e1n\u00ed a zasouv\u00e1n\u00ed umo\u017e\u0148uje obsluze efektivn\u011b zvl\u00e1dat r\u016fzn\u00e9 pracovn\u00ed po\u017eadavky. U naklada\u010d\u016f pom\u00e1h\u00e1 v\u00e1lec v\u00fdlo\u017en\u00edku p\u0159i zved\u00e1n\u00ed a vykl\u00e1p\u011bn\u00ed b\u0159emen, co\u017e ukazuje jeho d\u016fle\u017eitost v mnoha odv\u011btv\u00edch.<\/p>\n<h2>\u00davahy o n\u00e1vrhu a standardy v\u00fdb\u011bru<\/h2>\n<h3>Nosnost<\/h3>\n<p>Nosnost v\u00e1lce v\u00fdlo\u017en\u00edku je z\u00e1sadn\u00ed pro zaji\u0161t\u011bn\u00ed bezpe\u010dn\u00e9ho a efektivn\u00edho provozu. Pro v\u00fdb\u011br v\u00e1lce, kter\u00fd odol\u00e1 provozn\u00edm n\u00e1rok\u016fm, je nutn\u00e9 \u0159\u00e1dn\u011b posoudit hmotnost a typ manipulovan\u00e9ho materi\u00e1lu. P\u0159ekro\u010den\u00ed limit\u016f zat\u00ed\u017een\u00ed m\u016f\u017ee v\u00e9st k selh\u00e1n\u00ed v\u00e1lce a potenci\u00e1ln\u00edmu nebezpe\u010d\u00ed na pracovi\u0161ti.<\/p>\n<h3>Integrita t\u011bsn\u011bn\u00ed<\/h3>\n<p>T\u011bsn\u011bn\u00ed je z\u00e1sadn\u00ed pro hydraulickou \u00fa\u010dinnost v\u00e1lce v\u00fdlo\u017en\u00edku. Vysoce kvalitn\u00ed t\u011bsn\u011bn\u00ed zabra\u0148uje \u00faniku kapaliny a udr\u017euje optim\u00e1ln\u00ed tlak a v\u00fdkon. P\u0159i v\u00fdb\u011bru t\u011bsn\u011bn\u00ed je t\u0159eba zohlednit faktory, jako jsou teplotn\u00ed v\u00fdkyvy a vystaven\u00ed agresivn\u00edm l\u00e1tk\u00e1m, aby byla zaji\u0161t\u011bna jejich trvanlivost a spolehlivost v pr\u016fb\u011bhu \u010dasu.<\/p>\n<h3>Trvanlivost<\/h3>\n<p>Trvanlivost je kl\u00ed\u010dov\u00fdm konstruk\u010dn\u00edm aspektem, kter\u00fd ur\u010duje \u017eivotnost v\u00e1lce v\u00fdlo\u017en\u00edku. Pou\u017eit\u00ed materi\u00e1l\u016f, kter\u00e9 odol\u00e1vaj\u00ed opot\u0159eben\u00ed a korozi, je nezbytn\u00e9, zejm\u00e9na v prost\u0159ed\u00ed vystaven\u00e9m kontaminant\u016fm nebo extr\u00e9mn\u00edm podm\u00ednk\u00e1m. Pravideln\u00e1 \u00fadr\u017eba m\u016f\u017ee v\u00fdrazn\u011b prodlou\u017eit \u017eivotnost v\u00e1lce.<\/p>\n<h3>Bezpe\u010dnostn\u00ed prvky<\/h3>\n<p>Za\u010dlen\u011bn\u00ed bezpe\u010dnostn\u00edch prvk\u016f, jako jsou p\u0159etlakov\u00e9 ventily a ochrana proti p\u0159et\u00ed\u017een\u00ed, je z\u00e1sadn\u00ed pro minimalizaci rizik spojen\u00fdch s hydraulick\u00fdmi operacemi. Zaji\u0161t\u011bn\u00ed integrace t\u011bchto prvk\u016f do konstrukce m\u016f\u017ee pomoci p\u0159edch\u00e1zet nehod\u00e1m a prodlou\u017eit \u017eivotnost za\u0159\u00edzen\u00ed.<\/p>\n<h3>P\u0159\u00edstupnost \u00fadr\u017eby<\/h3>\n<p>Navr\u017een\u00ed v\u00e1lc\u016f v\u00fdlo\u017en\u00edku pro snadnou \u00fadr\u017ebu je nezbytn\u00e9 pro zaji\u0161t\u011bn\u00ed pravideln\u00fdch kontrol a servisu bez rozs\u00e1hl\u00e9 demont\u00e1\u017ee. Prvky, kter\u00e9 usnad\u0148uj\u00ed p\u0159\u00edstup k t\u011bsn\u011bn\u00edm, mazac\u00edm bod\u016fm a dal\u0161\u00edm kritick\u00fdm komponent\u016fm, zv\u00fd\u0161\u00ed efektivitu a \u00fa\u010dinnost \u00fadr\u017eby.<\/p>\n<p><img decoding=\"async\" src=\"https:\/\/www.hydraulic-cylinders.net\/wp-content\/uploads\/2025\/04\/songte-oil-pipes-and-spare-parts.webp\" alt=\"Olejov\u00e9 trubky a n\u00e1hradn\u00ed d\u00edly\"><\/p>\n<h2>T\u011bsn\u011bn\u00ed a maz\u00e1n\u00ed v\u00e1lce v\u00fdlo\u017en\u00edku<\/h2>\n<p>\u00da\u010dinn\u00e9 t\u011bsn\u011bn\u00ed a maz\u00e1n\u00ed jsou pro efektivn\u00ed provoz v\u00e1lc\u016f v\u00fdlo\u017en\u00edku z\u00e1sadn\u00ed. R\u016fzn\u00e9 t\u011bsnic\u00ed komponenty, jako jsou t\u011bsn\u011bn\u00ed p\u00edst\u016f a p\u00edstnic, jsou obvykle vyrobeny z odoln\u00fdch materi\u00e1l\u016f, jako je polyuretan nebo nitrilov\u00e1 pry\u017e, aby odolaly opot\u0159eben\u00ed. T\u011bleso v\u00e1lce a z\u00e1vitov\u00e9 koncov\u00e9 plochy jsou pe\u010dliv\u011b opracov\u00e1ny pro zv\u00fd\u0161en\u00ed odolnosti proti opot\u0159eben\u00ed, \u010d\u00edm\u017e se prodlu\u017euje \u017eivotnost v\u00e1lce.<\/p>\n<p>Pravideln\u00e9 maz\u00e1n\u00ed dostate\u010dn\u00fdm mno\u017estv\u00edm hydraulick\u00e9ho oleje je nezbytn\u00e9 pro udr\u017een\u00ed provozn\u00ed \u00fa\u010dinnosti. Spr\u00e1vn\u00e9 maz\u00e1n\u00ed sni\u017euje t\u0159en\u00ed mezi pohybliv\u00fdmi \u010d\u00e1stmi, \u010d\u00edm\u017e zabra\u0148uje p\u0159ed\u010dasn\u00e9mu opot\u0159eben\u00ed a poruch\u00e1m. Pou\u017eit\u00ed vysoce kvalitn\u00edho hydraulick\u00e9ho oleje m\u016f\u017ee tak\u00e9 zlep\u0161it v\u00fdkon hydraulick\u00e9ho syst\u00e9mu a zajistit optim\u00e1ln\u00ed provoz v\u00e1lce v\u00fdlo\u017en\u00edku.<\/p>\n<h2>Pravideln\u00e1 \u00fadr\u017eba a preventivn\u00ed opat\u0159en\u00ed<\/h2>\n<ul>\n<li><strong>Rutinn\u00ed kontroly:<\/strong> Napl\u00e1nujte si pravideln\u00e9 kontroly, abyste odhalili jak\u00e9koli zn\u00e1mky opot\u0159eben\u00ed, net\u011bsnosti nebo po\u0161kozen\u00ed. V\u010dasn\u00e9 odhalen\u00ed potenci\u00e1ln\u00edch probl\u00e9m\u016f m\u016f\u017ee zabr\u00e1nit katastrofick\u00fdm poruch\u00e1m a n\u00e1kladn\u00fdm oprav\u00e1m.<\/li>\n<li><strong>\u00dadr\u017eba maz\u00e1n\u00ed:<\/strong> Zajist\u011bte dostate\u010dnou hladinu hydraulick\u00e9ho oleje a jeho pravidelnou v\u00fdm\u011bnu pro zachov\u00e1n\u00ed \u010distoty a v\u00fdkonu. Pro optim\u00e1ln\u00ed v\u00fdsledky pou\u017e\u00edvejte doporu\u010den\u00fd typ hydraulick\u00e9ho oleje.<\/li>\n<li><strong>V\u00fdm\u011bna t\u011bsn\u011bn\u00ed:<\/strong> Pravideln\u011b kontrolujte t\u011bsn\u011bn\u00ed, zda nevykazuj\u00ed zn\u00e1mky opot\u0159eben\u00ed nebo po\u0161kozen\u00ed. V\u010dasn\u00e1 v\u00fdm\u011bna opot\u0159ebovan\u00fdch t\u011bsn\u011bn\u00ed m\u016f\u017ee zabr\u00e1nit \u00faniku hydraulick\u00e9 kapaliny a udr\u017eet \u00fa\u010dinnost syst\u00e9mu.<\/li>\n<\/ul>\n<h2>Pokyny k instalaci<\/h2>\n<p>Spr\u00e1vn\u00e1 instalace v\u00e1lce v\u00fdlo\u017en\u00edku je z\u00e1sadn\u00ed pro optim\u00e1ln\u00ed v\u00fdkon. Za\u010dn\u011bte zaji\u0161t\u011bn\u00edm spr\u00e1vn\u00e9ho vyrovn\u00e1n\u00ed v\u00e1lce, abyste zabr\u00e1nili nadm\u011brn\u00e9mu nam\u00e1h\u00e1n\u00ed hydraulick\u00e9ho syst\u00e9mu. K zaji\u0161t\u011bn\u00ed v\u00e1lce pou\u017eijte vhodn\u00e9 mont\u00e1\u017en\u00ed konzoly. Je nezbytn\u00e9 dodr\u017eovat specifikace v\u00fdrobce t\u00fdkaj\u00edc\u00ed se nastaven\u00ed utahovac\u00edho momentu a typ\u016f p\u0159ipojen\u00ed, abyste p\u0159ede\u0161li komplikac\u00edm b\u011bhem provozu.<\/p>\n<p>P\u0159ed zah\u00e1jen\u00edm instalace o\u010dist\u011bte v\u0161echny povrchy, na kter\u00e9 bude v\u00e1lec namontov\u00e1n, aby bylo zaji\u0161t\u011bno pevn\u00e9 usazen\u00ed. Ujist\u011bte se, \u017ee v\u0161echny hydraulick\u00e9 spoje neobsahuj\u00ed ne\u010distoty, abyste zabr\u00e1nili kontaminaci hydraulick\u00e9 kapaliny. Po instalaci je vhodn\u00e9 prov\u00e9st tlakovou zkou\u0161ku, abyste se ujistili, \u017ee v\u0161echny spoje jsou spr\u00e1vn\u011b ut\u011bsn\u011bny a funguj\u00ed spr\u00e1vn\u011b. B\u011bhem prvn\u00edho provozu pravideln\u011b sledujte v\u00e1lec, abyste zjistili jak\u00e9koli neobvykl\u00e9 zvuky nebo net\u011bsnosti.<\/p>\n<h2>B\u011b\u017en\u00e9 \u00fakoly \u00fadr\u017eby<\/h2>\n<h3>Pravideln\u00e9 kontroly<\/h3>\n<p>Pravideln\u00e9 kontroly jsou nezbytn\u00e9 pro dlouhou \u017eivotnost a v\u00fdkon v\u00e1lce v\u00fdlo\u017en\u00edku. B\u011bhem t\u011bchto kontrol zkontrolujte, zda nevykazuj\u00ed viditeln\u00e9 zn\u00e1mky opot\u0159eben\u00ed, net\u011bsnost\u00ed nebo po\u0161kozen\u00ed. V\u010dasn\u00e9 \u0159e\u0161en\u00ed t\u011bchto probl\u00e9m\u016f m\u016f\u017ee zabr\u00e1nit dal\u0161\u00edm komplikac\u00edm a zajistit bezpe\u010dn\u00fd provoz. Stanovte si harmonogram kontrol na z\u00e1klad\u011b intenzity a \u010detnosti pou\u017e\u00edv\u00e1n\u00ed.<\/p>\n<h3>Spr\u00e1vn\u00e9 maz\u00e1n\u00ed<\/h3>\n<p>Udr\u017eov\u00e1n\u00ed spr\u00e1vn\u00e9ho maz\u00e1n\u00ed je z\u00e1sadn\u00ed pro zaji\u0161t\u011bn\u00ed hladk\u00e9ho chodu v\u00e1lce v\u00fdlo\u017en\u00edku. Pravideln\u011b kontrolujte hladinu hydraulick\u00e9ho oleje a v p\u0159\u00edpad\u011b pot\u0159eby jej dopl\u0148ujte. Pou\u017e\u00edvejte doporu\u010den\u00e9 mazivo pro zaji\u0161t\u011bn\u00ed kompatibility a v\u00fdkonu. Spr\u00e1vn\u00e9 maz\u00e1n\u00ed minimalizuje t\u0159en\u00ed a opot\u0159eben\u00ed, a t\u00edm v kone\u010dn\u00e9m d\u016fsledku prodlu\u017euje \u017eivotnost v\u00e1lce.<\/p>\n<h3>V\u00fdm\u011bna a kalibrace t\u011bsn\u011bn\u00ed<\/h3>\n<p>V\u00fdm\u011bna t\u011bsn\u011bn\u00ed p\u0159i prvn\u00edch zn\u00e1mk\u00e1ch opot\u0159eben\u00ed m\u016f\u017ee zabr\u00e1nit \u00fanik\u016fm hydraulick\u00e9 kapaliny a udr\u017eet optim\u00e1ln\u00ed v\u00fdkon. Pravideln\u00e9 kalibra\u010dn\u00ed kontroly nav\u00edc zaji\u0161\u0165uj\u00ed, \u017ee v\u00e1lec pracuje v r\u00e1mci stanoven\u00fdch parametr\u016f. Spr\u00e1vn\u00e9 postupy \u00fadr\u017eby jsou z\u00e1sadn\u00ed pro zaji\u0161t\u011bn\u00ed \u00fa\u010dinnosti a provozn\u00ed bezpe\u010dnosti v\u00e1lce.<\/p>\n<p><img decoding=\"async\" src=\"https:\/\/www.hydraulic-cylinders.net\/wp-content\/uploads\/2025\/04\/songte-chushion-collar.webp\" alt=\"Pol\u0161t\u00e1\u0159ov\u00fd l\u00edmec\"><\/p>\n<h2>Bezpe\u010dnostn\u00ed aspekty a faktory prost\u0159ed\u00ed<\/h2>\n<p>P\u0159i obsluze v\u00e1lce v\u00fdlo\u017en\u00edku by m\u011bla b\u00fdt bezpe\u010dnostn\u00ed opat\u0159en\u00ed up\u0159ednost\u0148ov\u00e1na. Spr\u00e1vn\u00e9 \u0161kolen\u00ed v pou\u017e\u00edv\u00e1n\u00ed hydraulick\u00e9ho za\u0159\u00edzen\u00ed m\u016f\u017ee p\u0159edej\u00edt nehod\u00e1m a zran\u011bn\u00edm. V\u017edy dodr\u017eujte pokyny v\u00fdrobce pro provoz a \u00fadr\u017ebu, abyste zajistili bezpe\u010dn\u00e9 fungov\u00e1n\u00ed hydraulick\u00e9ho syst\u00e9mu. D\u00e1le zva\u017ete faktory prost\u0159ed\u00ed, jako jsou teplotn\u00ed extr\u00e9my a vystaven\u00ed chemik\u00e1li\u00edm, kter\u00e9 mohou ovlivnit v\u00fdkon a \u017eivotnost v\u00e1lce v\u00fdlo\u017en\u00edku.<\/p>\n<h2>Diagnostika z\u00e1vad a b\u011b\u017en\u00e9 probl\u00e9my<\/h2>\n<ul>\n<li><strong>\u00danik:<\/strong> \u00danik hydraulick\u00e9 kapaliny je b\u011b\u017en\u00fdm probl\u00e9mem, kter\u00fd m\u016f\u017ee b\u00fdt zp\u016fsoben opot\u0159ebovan\u00fdmi t\u011bsn\u011bn\u00edmi nebo po\u0161kozen\u00fdmi spoji. Zkontrolujte, zda se nevyskytuj\u00ed zn\u00e1mky \u00faniku, a v p\u0159\u00edpad\u011b pot\u0159eby t\u011bsn\u011bn\u00ed vym\u011b\u0148te nebo spoje dot\u00e1hn\u011bte.<\/li>\n<li><strong>Nekonzistentn\u00ed provoz:<\/strong> Pokud v\u00e1lec v\u00fdlo\u017en\u00edku nereaguje dob\u0159e na ovl\u00e1dac\u00ed prvky, m\u016f\u017ee b\u00fdt probl\u00e9m s hladinou hydraulick\u00e9ho oleje nebo jeho zne\u010di\u0161t\u011bn\u00edm. Zkontrolujte \u010distotu kapalin a ujist\u011bte se, \u017ee jsou udr\u017eov\u00e1ny spr\u00e1vn\u00e9 hladiny.<\/li>\n<li><strong>P\u0159eh\u0159\u00e1t\u00ed:<\/strong> K p\u0159eh\u0159\u00e1t\u00ed m\u016f\u017ee doj\u00edt v d\u016fsledku nadm\u011brn\u00e9ho zat\u00ed\u017een\u00ed nebo nedostate\u010dn\u00e9ho maz\u00e1n\u00ed. Pravideln\u011b sledujte teplotu a v p\u0159\u00edpad\u011b pot\u0159eby upravujte provoz, abyste zabr\u00e1nili p\u0159eh\u0159\u00e1t\u00ed.<\/li>\n<\/ul>\n<p>V\u010dasn\u00e1 diagnostika probl\u00e9m\u016f m\u016f\u017ee pomoci zm\u00edrnit rozs\u00e1hl\u00e9 \u0161kody. Prov\u00e1d\u011bjte pravideln\u00e9 kontroly \u00fadr\u017eby a udr\u017eujte spr\u00e1vn\u00e9 provozn\u00ed podm\u00ednky, abyste p\u0159ede\u0161li vzniku probl\u00e9m\u016f.<\/p>\n<h2>Tipy pro \u0159e\u0161en\u00ed probl\u00e9m\u016f<\/h2>\n<p>Pro efektivn\u00ed \u0159e\u0161en\u00ed probl\u00e9m\u016f s v\u00e1lcem v\u00fdlo\u017en\u00edku je vhodn\u00e9 systematick\u00fd p\u0159\u00edstup. Za\u010dn\u011bte kontrolou net\u011bsnost\u00ed a neprodlen\u011b \u0159e\u0161te jak\u00e9koli probl\u00e9my s t\u011bsn\u011bn\u00edm. Pravideln\u011b kontrolujte hladinu a kvalitu hydraulick\u00e9 kapaliny a zajist\u011bte, aby hydraulick\u00fd syst\u00e9m z\u016fstal \u010dist\u00fd a \u00fa\u010dinn\u00fd. Zave\u010fte pl\u00e1n b\u011b\u017en\u00e9 \u00fadr\u017eby, abyste odhalili potenci\u00e1ln\u00ed probl\u00e9my d\u0159\u00edve, ne\u017e se vyhrot\u00ed, a t\u00edm zajistili dlouhou \u017eivotnost a spolehlivost v\u00e1lce v\u00fdlo\u017en\u00edku.<\/p>\n<p><img decoding=\"async\" src=\"https:\/\/www.hydraulic-cylinders.net\/wp-content\/uploads\/2025\/04\/songte-bushings-with-all-kinds-of-excavator-models.webp\" alt=\"Pouzdra pro modely bagr\u016f\"><\/p>\n<h2>P\u0159ehled spole\u010dnosti<\/h2>\n<p>Jsme p\u0159edn\u00edm v\u00fdrobcem a velkoobchodn\u00edm distributorem n\u00e1hradn\u00edch hydraulick\u00fdch v\u00e1lc\u016f, uzn\u00e1van\u00fdm na dom\u00e1c\u00edm i mezin\u00e1rodn\u00edm trhu. Na\u0161e v\u00fdrobn\u00ed strategie jsou \u0159\u00edzeny z\u00e1vazkem k dokonalosti, kter\u00fd zaji\u0161\u0165uje udr\u017een\u00ed vysok\u00fdch standard\u016f kvality a spolehlivosti. D\u00edky zku\u0161en\u00e9mu t\u00fdmu technick\u00fdch talent\u016f, pokro\u010dil\u00e9mu digit\u00e1ln\u00edmu v\u00fdrobn\u00edmu za\u0159\u00edzen\u00ed a robustn\u00edmu testovac\u00edmu syst\u00e9mu neust\u00e1le vylep\u0161ujeme na\u0161e v\u00fdrobn\u00ed kapacity.<\/p>\n<p>Na\u0161e odhodl\u00e1n\u00ed vyr\u00e1b\u011bt vysoce kvalitn\u00ed hydraulick\u00e9 v\u00e1lce je podtr\u017eeno na\u0161imi profesion\u00e1ln\u00edmi certifikacemi a slu\u017ebami na m\u00edru. Jsme hrd\u00ed na na\u0161i poprodejn\u00ed podporu, kter\u00e1 klient\u016fm poskytuje pomoc, kterou pot\u0159ebuj\u00ed k optimalizaci sv\u00e9ho provozu. Na\u0161e rozs\u00e1hl\u00e1 produktov\u00e1 \u0159ada je navr\u017eena tak, aby spl\u0148ovala rozmanit\u00e9 pot\u0159eby na\u0161ich z\u00e1kazn\u00edk\u016f a zaji\u0161\u0165ovala efektivn\u00ed a \u00fa\u010dinn\u00e1 \u0159e\u0161en\u00ed p\u0159izp\u016fsoben\u00e1 jejich specifick\u00fdm po\u017eadavk\u016fm.<\/p>\n<p><img decoding=\"async\" src=\"https:\/\/www.hydraulic-cylinders.net\/wp-content\/uploads\/2025\/04\/songte-company-4.webp\" alt=\"Obr\u00e1zek spole\u010dnosti 1\"><br \/>\n<img decoding=\"async\" src=\"https:\/\/www.hydraulic-cylinders.net\/wp-content\/uploads\/2025\/04\/songte-company-3.webp\" alt=\"Obr\u00e1zek spole\u010dnosti 2\"><\/p>\n<p>Autor: lyl<\/p>","protected":false},"excerpt":{"rendered":"<p>Boom Cylinder For Doosan Middle Excavator DH280-3 Introduction to Boom Cylinder The Boom Cylinder is a crucial component in the hydraulic system of heavy machinery, particularly in excavators like the Doosan DH280-3. This hydraulic cylinder is designed specifically to control the movement of the excavator&#8217;s boom, enabling efficient lifting, lowering, and tilting of the bucket. [&hellip;]<\/p>","protected":false},"featured_media":17879,"comment_status":"open","ping_status":"closed","template":"","meta":{"_et_pb_use_builder":"","_et_pb_old_content":"","_et_gb_content_width":""},"product_brand":[],"product_cat":[1546],"product_tag":[1547,1496],"class_list":{"0":"post-18997","1":"product","2":"type-product","3":"status-publish","4":"has-post-thumbnail","6":"product_cat-boom-cylinders","7":"product_tag-boom-cylinders","8":"product_tag-hydraulic-cylinders","10":"first","11":"instock","12":"shipping-taxable","13":"product-type-simple"},"amp_enabled":true,"_links":{"self":[{"href":"https:\/\/www.hydraulic-cylinders.net\/cs\/wp-json\/wp\/v2\/product\/18997","targetHints":{"allow":["GET"]}}],"collection":[{"href":"https:\/\/www.hydraulic-cylinders.net\/cs\/wp-json\/wp\/v2\/product"}],"about":[{"href":"https:\/\/www.hydraulic-cylinders.net\/cs\/wp-json\/wp\/v2\/types\/product"}],"replies":[{"embeddable":true,"href":"https:\/\/www.hydraulic-cylinders.net\/cs\/wp-json\/wp\/v2\/comments?post=18997"}],"wp:featuredmedia":[{"embeddable":true,"href":"https:\/\/www.hydraulic-cylinders.net\/cs\/wp-json\/wp\/v2\/media\/17879"}],"wp:attachment":[{"href":"https:\/\/www.hydraulic-cylinders.net\/cs\/wp-json\/wp\/v2\/media?parent=18997"}],"wp:term":[{"taxonomy":"product_brand","embeddable":true,"href":"https:\/\/www.hydraulic-cylinders.net\/cs\/wp-json\/wp\/v2\/product_brand?post=18997"},{"taxonomy":"product_cat","embeddable":true,"href":"https:\/\/www.hydraulic-cylinders.net\/cs\/wp-json\/wp\/v2\/product_cat?post=18997"},{"taxonomy":"product_tag","embeddable":true,"href":"https:\/\/www.hydraulic-cylinders.net\/cs\/wp-json\/wp\/v2\/product_tag?post=18997"}],"curies":[{"name":"wp","href":"https:\/\/api.w.org\/{rel}","templated":true}]}}