{"id":19021,"date":"2025-04-07T06:07:33","date_gmt":"2025-04-07T06:07:33","guid":{"rendered":"https:\/\/www.hydraulic-cylinders.net\/product\/boom-cylinder-for-doosan-wheel-excavator-dh150w-7\/"},"modified":"2025-04-07T06:07:36","modified_gmt":"2025-04-07T06:07:36","slug":"boom-cylinder-for-doosan-wheel-excavator-dh150w-7","status":"publish","type":"product","link":"https:\/\/www.hydraulic-cylinders.net\/cs\/produkt\/boom-cylinder-for-doosan-wheel-excavator-dh150w-7\/","title":{"rendered":"V\u00e1lec v\u00fdlo\u017en\u00edku pro kolov\u00e9 rypadlo Doosan DH150W-7"},"content":{"rendered":"<h1>V\u00e1lec v\u00fdlo\u017en\u00edku pro kolov\u00e9 rypadlo Doosan DH150W-7<\/h1>\n<h2>\u00davod k v\u00e1lc\u016fm v\u00fdlo\u017en\u00edku<\/h2>\n<p>Hydraulick\u00fd v\u00e1lec v\u00fdlo\u017en\u00edku pro kolov\u00e9 rypadlo Doosan DH150W-7 je kl\u00ed\u010dovou sou\u010d\u00e1st\u00ed navr\u017eenou speci\u00e1ln\u011b pro zv\u00fd\u0161en\u00ed provozn\u00ed \u00fa\u010dinnosti rypadel. Hydraulick\u00fd v\u00e1lec l\u017e\u00edce je typ hydraulick\u00e9ho v\u00e1lce, kter\u00fd \u0159\u00edd\u00ed pohyb l\u017e\u00edc r\u016fzn\u00fdch t\u011b\u017ek\u00fdch stroj\u016f, v\u010detn\u011b rypadel, r\u00fdpadel-naklada\u010d\u016f a \u010deln\u00edch naklada\u010d\u016f. Usnad\u0148uje zved\u00e1n\u00ed, spou\u0161t\u011bn\u00ed a nakl\u00e1p\u011bn\u00ed l\u017e\u00edce, co\u017e ho \u010din\u00ed nezbytn\u00fdm pro manipulaci s materi\u00e1lem.<\/p>\n<p><img decoding=\"async\" src=\"https:\/\/www.hydraulic-cylinders.net\/wp-content\/uploads\/2025\/04\/songte-company-1.webp\" alt=\"V\u00e1lec v\u00fdlo\u017en\u00edku pro bagry\" \/><\/p>\n<p>Tyto hydraulick\u00e9 v\u00e1lce hraj\u00ed z\u00e1sadn\u00ed roli v hydraulick\u00fdch syst\u00e9mech t\u011b\u017ek\u00fdch stroj\u016f, kde vyu\u017e\u00edvaj\u00ed tlakovou hydraulickou kapalinu k p\u0159enosu s\u00edly a prov\u00e1d\u011bn\u00ed pr\u00e1ce. \u00da\u010dinnost v\u00e1lce v\u00fdlo\u017en\u00edku p\u0159\u00edmo ovliv\u0148uje v\u00fdkon za\u0159\u00edzen\u00ed a zaji\u0161\u0165uje plynul\u00fd provoz a optim\u00e1ln\u00ed produktivitu. D\u00edky vysok\u00e9 odolnosti a pevnosti jsou konstruov\u00e1ny tak, aby odolaly extr\u00e9mn\u00edm pracovn\u00edm podm\u00ednk\u00e1m, co\u017e je \u010din\u00ed nepostradateln\u00fdmi ve stavebnictv\u00ed a zem\u011bd\u011blstv\u00ed.<\/p>\n<h2>Vlastnosti v\u00e1lce v\u00fdlo\u017en\u00edku<\/h2>\n<ul>\n<li><strong>Vysok\u00e1 pevnost a trvanlivost:<\/strong> Tyto v\u00e1lce, vyroben\u00e9 z vysokopevnostn\u00ed oceli nebo hlin\u00edku, odol\u00e1vaj\u00ed vysok\u00e9mu tlaku a velk\u00e9mu zat\u00ed\u017een\u00ed, tak\u017ee jsou vhodn\u00e9 pro n\u00e1ro\u010dn\u00e9 pracovn\u00ed prost\u0159ed\u00ed.<\/li>\n<li><strong>Efektivn\u00ed hydraulick\u00fd provoz:<\/strong> Vyu\u017e\u00edvaj\u00ed hydraulick\u00fd tlak kapaliny pro plynul\u00e9 vysouv\u00e1n\u00ed a zasouv\u00e1n\u00ed, co\u017e zaji\u0161\u0165uje rychlou odezvu na povely obsluhy, co\u017e je kl\u00ed\u010dov\u00e9 pro manipulaci s t\u011b\u017ek\u00fdmi materi\u00e1ly.<\/li>\n<li><strong>R\u016fzn\u00e9 typy:<\/strong> Z\u00e1kazn\u00edci si mohou vybrat mezi jedno\u010dinn\u00fdmi nebo dvoj\u010dinn\u00fdmi v\u00e1lci na z\u00e1klad\u011b sv\u00fdch provozn\u00edch pot\u0159eb, p\u0159i\u010dem\u017e n\u011bkter\u00e9 modely jsou vybaveny teleskopickou konstrukc\u00ed pro v\u011bt\u0161\u00ed v\u00fdsuv bez zv\u011bt\u0161en\u00ed vn\u011bj\u0161\u00edch rozm\u011br\u016f.<\/li>\n<\/ul>\n<p>Na\u0161e produkty dok\u00e1\u017e\u00ed tyto hydraulick\u00e9 v\u00e1lce dokonale nahradit a zajist\u00ed tak spolehliv\u00fd v\u00fdkon.<\/p>\n<p><img decoding=\"async\" src=\"https:\/\/www.hydraulic-cylinders.net\/wp-content\/uploads\/2025\/04\/songte-cylinder-head-with-all-kinds-excavator-models.webp\" alt=\"Varianty hydraulick\u00fdch v\u00e1lc\u016f\" \/><\/p>\n<h2>Aplikace v\u00e1lce v\u00fdlo\u017en\u00edku<\/h2>\n<h3>Stavebn\u00ed stroje<\/h3>\n<p>U bagr\u016f jsou v\u00e1lce v\u00fdlo\u017en\u00edku nezbytn\u00e9 pro kop\u00e1n\u00ed, nakl\u00e1d\u00e1n\u00ed a p\u0159esouv\u00e1n\u00ed zeminy nebo suti. Poskytuj\u00ed pot\u0159ebnou s\u00edlu k pronik\u00e1n\u00ed do zeminy, co\u017e umo\u017e\u0148uje obsluze efektivn\u011b hloubit p\u0159\u00edkopy nebo z\u00e1klady. U rypadlo-naklada\u010d\u016f tyto v\u00e1lce pom\u00e1haj\u00ed jak p\u0159i kop\u00e1n\u00ed, tak p\u0159i zved\u00e1n\u00ed, co\u017e je \u010din\u00ed v\u0161estrann\u00fdmi pro r\u016fzn\u00e9 stavebn\u00ed \u00fakoly.<\/p>\n<h3>Zem\u011bd\u011blsk\u00e9 stroje<\/h3>\n<p>\u010celn\u00ed naklada\u010de vyu\u017e\u00edvaj\u00ed v\u00e1lce v\u00fdlo\u017en\u00edku k nab\u00edr\u00e1n\u00ed, zved\u00e1n\u00ed a p\u0159eprav\u011b zeminy, sena a dal\u0161\u00edch materi\u00e1l\u016f. Jejich schopnost pracovat na pol\u00edch a farm\u00e1ch zvy\u0161uje produktivitu a umo\u017e\u0148uje zem\u011bd\u011blc\u016fm efektivn\u011bji \u0159\u00eddit jejich \u00fakoly.<\/p>\n<h3>Bagry<\/h3>\n<p>V\u00e1lec l\u017e\u00edce usnad\u0148uje kop\u00e1n\u00ed t\u00edm, \u017ee umo\u017e\u0148uje l\u017e\u00edci proniknout do zem\u011b, co\u017e ho \u010din\u00ed nepostradateln\u00fdm pro v\u00fdkopov\u00e9 projekty. Jeho \u00fa\u010dinnost p\u0159\u00edmo ovliv\u0148uje celkovou rychlost a efektivitu procesu kop\u00e1n\u00ed.<\/p>\n<h3>Naklada\u010de<\/h3>\n<p>U \u010deln\u00edch naklada\u010d\u016f pom\u00e1haj\u00ed v\u00e1lce v\u00fdlo\u017en\u00edku efektivn\u011b zvedat a vykl\u00e1dat b\u0159emena. Jejich konstrukce umo\u017e\u0148uje rychlou obsluhu a zlep\u0161uje celkov\u00fd pracovn\u00ed postup p\u0159i nakl\u00e1d\u00e1n\u00ed a vykl\u00e1d\u00e1n\u00ed.<\/p>\n<h2>Konstruk\u010dn\u00ed aspekty a krit\u00e9ria v\u00fdb\u011bru<\/h2>\n<h3>Nosnost<\/h3>\n<p>Nosnost je kritick\u00fdm faktorem p\u0159i v\u00fdb\u011bru v\u00e1lce v\u00fdlo\u017en\u00edku. Mus\u00ed odpov\u00eddat nebo p\u0159ekra\u010dovat po\u017eadavky prov\u00e1d\u011bn\u00fdch \u00fakol\u016f. Spr\u00e1vn\u00e1 nosnost zaji\u0161\u0165uje bezpe\u010dnost a efektivitu b\u011bhem provozu a zabra\u0148uje poruch\u00e1m zp\u016fsoben\u00fdm p\u0159et\u00ed\u017een\u00edm.<\/p>\n<h3>T\u011bsnic\u00ed mechanismy<\/h3>\n<p>Integrita t\u011bsnic\u00edch mechanism\u016f je nezbytn\u00e1 pro prevenci \u00fanik\u016f hydraulick\u00e9 kapaliny, kter\u00e9 mohou ohrozit v\u00fdkon hydraulick\u00e9ho syst\u00e9mu. Vysoce kvalitn\u00ed t\u011bsn\u011bn\u00ed zaji\u0161\u0165uj\u00ed dlouhou \u017eivotnost a sni\u017euj\u00ed \u010detnost \u00fadr\u017eby.<\/p>\n<h3>Trvanlivost<\/h3>\n<p>Trvanlivost v\u00e1lce je prvo\u0159ad\u00e1, zejm\u00e9na v n\u00e1ro\u010dn\u00fdch pracovn\u00edch podm\u00ednk\u00e1ch. Vysoce kvalitn\u00ed materi\u00e1ly a robustn\u00ed konstruk\u010dn\u00ed techniky p\u0159isp\u00edvaj\u00ed k odolnosti proti opot\u0159eben\u00ed a po\u0161kozen\u00ed, \u010d\u00edm\u017e prodlu\u017euj\u00ed \u017eivotnost v\u00fdrobku.<\/p>\n<h3>Bezpe\u010dnostn\u00ed prvky<\/h3>\n<p>Bezpe\u010dnostn\u00ed prvky zabudovan\u00e9 do v\u00e1lc\u016f v\u00fdlo\u017en\u00edku, jako je ochrana proti p\u0159et\u00ed\u017een\u00ed a mechanismy nouzov\u00e9ho uvoln\u011bn\u00ed, zvy\u0161uj\u00ed provozn\u00ed bezpe\u010dnost. Tyto prvky minimalizuj\u00ed rizika spojen\u00e1 s n\u00e1hl\u00fdmi zm\u011bnami tlaku nebo poruchami za\u0159\u00edzen\u00ed.<\/p>\n<h3>\u00dadr\u017eba a opravitelnost<\/h3>\n<p>Navr\u017een\u00ed pro snadnou \u00fadr\u017ebu umo\u017e\u0148uje rychlej\u0161\u00ed opravy a krat\u0161\u00ed prostoje. Prvky, kter\u00e9 usnad\u0148uj\u00ed kontrolu a v\u00fdm\u011bnu d\u00edl\u016f, jsou prosp\u011b\u0161n\u00e9 pro udr\u017een\u00ed provozn\u00ed efektivity.<\/p>\n<p><img decoding=\"async\" src=\"https:\/\/www.hydraulic-cylinders.net\/wp-content\/uploads\/2025\/04\/songte-oil-pipes-and-spare-parts.webp\" alt=\"D\u00edly hydraulick\u00e9ho v\u00e1lce\" \/><\/p>\n<h2>T\u011bsn\u011bn\u00ed a maz\u00e1n\u00ed<\/h2>\n<p>T\u011bsn\u011bn\u00ed a maz\u00e1n\u00ed jsou z\u00e1sadn\u00ed pro dlouhou \u017eivotnost a v\u00fdkon v\u00e1lc\u016f v\u00fdlo\u017en\u00edku. K zabr\u00e1n\u011bn\u00ed \u00faniku kapalin se pou\u017e\u00edvaj\u00ed r\u016fzn\u00e1 t\u011bsn\u011bn\u00ed, jako jsou p\u00edstn\u00ed a p\u00edstn\u00ed t\u011bsn\u011bn\u00ed. Tato t\u011bsn\u011bn\u00ed jsou \u010dasto vyrobena z materi\u00e1l\u016f odoln\u00fdch proti opot\u0159eben\u00ed, jako je polyuretan a nitrilov\u00e1 pry\u017e, aby se zv\u00fd\u0161ila trvanlivost.<\/p>\n<p>T\u011bleso v\u00e1lce a z\u00e1vitov\u00e9 konce proch\u00e1zej\u00ed p\u0159esn\u00fdm obr\u00e1b\u011bn\u00edm pro zlep\u0161en\u00ed odolnosti proti opot\u0159eben\u00ed a \u00fa\u010dinnosti t\u011bsn\u011bn\u00ed. Pravideln\u00e9 maz\u00e1n\u00ed hydraulick\u00fdm olejem je nezbytn\u00e9 pro zaji\u0161t\u011bn\u00ed plynul\u00e9ho provozu a minimalizaci t\u0159en\u00ed mezi pohybliv\u00fdmi \u010d\u00e1stmi, kter\u00e9 m\u016f\u017ee v\u00e9st k p\u0159ed\u010dasn\u00e9mu opot\u0159eben\u00ed a poru\u0161e.<\/p>\n<h2>Preventivn\u00ed \u00fadr\u017ebov\u00e1 opat\u0159en\u00ed<\/h2>\n<ul>\n<li><strong>Pravideln\u00e9 kontroly:<\/strong> Prov\u00e1d\u011bn\u00ed pravideln\u00fdch kontrol net\u011bsnost\u00ed, opot\u0159eben\u00ed a po\u0161kozen\u00ed pom\u00e1h\u00e1 identifikovat probl\u00e9my d\u0159\u00edve, ne\u017e se zhor\u0161\u00ed, a zaji\u0161\u0165uje tak bezprobl\u00e9mov\u00fd provoz.<\/li>\n<li><strong>Vhodn\u00e9 maz\u00e1n\u00ed:<\/strong> Udr\u017eov\u00e1n\u00ed spr\u00e1vn\u00e9 hladiny maz\u00e1n\u00ed je z\u00e1sadn\u00ed pro sn\u00ed\u017een\u00ed t\u0159en\u00ed a opot\u0159eben\u00ed vnit\u0159n\u00edch sou\u010d\u00e1st\u00ed.<\/li>\n<li><strong>V\u00fdm\u011bna t\u011bsn\u011bn\u00ed:<\/strong> Pravideln\u00e1 v\u00fdm\u011bna t\u011bsn\u011bn\u00ed zabra\u0148uje net\u011bsnostem a udr\u017euje optim\u00e1ln\u00ed hydraulick\u00fd tlak.<\/li>\n<\/ul>\n<h2>Pokyny k instalaci<\/h2>\n<p>Instalace v\u00e1lce v\u00fdlo\u017en\u00edku vy\u017eaduje pozornost k detail\u016fm, aby byla zaji\u0161t\u011bna spr\u00e1vn\u00e1 funk\u010dnost. Za\u010dn\u011bte t\u00edm, \u017ee se ujist\u00edte, \u017ee je pracovn\u00ed prostor \u010dist\u00fd a bez ne\u010distot. Pe\u010dliv\u011b srovnejte v\u00e1lec s mont\u00e1\u017en\u00edmi body na bagru a zajist\u011bte jej pomoc\u00ed vhodn\u00fdch mont\u00e1\u017en\u00edch konzol.<\/p>\n<p>Je nezbytn\u00e9 \u0161rouby nep\u0159etahovat, proto\u017ee by to mohlo zp\u016fsobit nam\u00e1h\u00e1n\u00ed v\u00e1lce. Po instalaci p\u0159ed p\u0159ipojen\u00edm hydraulick\u00fdch potrub\u00ed je\u0161t\u011b jednou zkontrolujte souosost. Ujist\u011bte se, \u017ee hydraulick\u00e9 spoje jsou bezpe\u010dn\u00e9 a bez \u00fanik\u016f. Nakonec p\u0159ed testov\u00e1n\u00edm funkce v\u00e1lce v\u00fdlo\u017en\u00edku odvzdu\u0161n\u011bte hydraulick\u00fd syst\u00e9m, abyste odstranili ve\u0161ker\u00fd vzduch.<\/p>\n<h2>B\u011b\u017en\u00e9 \u00fakoly \u00fadr\u017eby<\/h2>\n<ul>\n<li><strong>Pravideln\u00e9 kontroly:<\/strong> Pravideln\u00e9 kontroly jsou z\u00e1sadn\u00ed pro v\u010dasnou identifikaci potenci\u00e1ln\u00edch probl\u00e9m\u016f. B\u011bhem provozu hledejte zn\u00e1mky opot\u0159eben\u00ed, net\u011bsnosti nebo neobvykl\u00e9 zvuky.<\/li>\n<li><strong>Vhodn\u00e9 maz\u00e1n\u00ed:<\/strong> Proma\u017ete pohybliv\u00e9 \u010d\u00e1sti podle pokyn\u016f v\u00fdrobce, abyste zabr\u00e1nili nadm\u011brn\u00e9mu opot\u0159eben\u00ed a zajistili hladk\u00fd chod.<\/li>\n<li><strong>V\u00fdm\u011bna t\u011bsn\u011bn\u00ed:<\/strong> Zkontrolujte t\u011bsn\u011bn\u00ed, zda nejsou po\u0161kozen\u00e1 nebo opot\u0159ebovan\u00e1, a v p\u0159\u00edpad\u011b pot\u0159eby je vym\u011b\u0148te, aby se zachovala hydraulick\u00e1 \u00fa\u010dinnost a zabr\u00e1nilo se \u00fanik\u016fm.<\/li>\n<\/ul>\n<h2>Bezpe\u010dnostn\u00ed aspekty a faktory prost\u0159ed\u00ed<\/h2>\n<p>P\u0159i pou\u017e\u00edv\u00e1n\u00ed hydraulick\u00fdch v\u00e1lc\u016f je z\u00e1sadn\u00ed zav\u00e1d\u011bn\u00ed bezpe\u010dnostn\u00edch opat\u0159en\u00ed. Obsluha by m\u011bla v\u017edy dodr\u017eovat bezpe\u010dnostn\u00ed pokyny, aby se p\u0159ede\u0161lo nehod\u00e1m souvisej\u00edc\u00edm s poruchami hydraulick\u00e9ho syst\u00e9mu. Pravideln\u00e9 \u0161kolen\u00ed a dodr\u017eov\u00e1n\u00ed bezpe\u010dnostn\u00edch protokol\u016f pom\u00e1haj\u00ed zajistit bezpe\u010dn\u00e9 pracovn\u00ed prost\u0159ed\u00ed.<\/p>\n<h2>\u0158e\u0161en\u00ed b\u011b\u017en\u00fdch probl\u00e9m\u016f<\/h2>\n<ul>\n<li><strong>\u00danik:<\/strong> Identifikujte zdroj \u00faniku kontrolou t\u011bsn\u011bn\u00ed a spoj\u016f. Probl\u00e9m m\u016f\u017ee vy\u0159e\u0161it uta\u017een\u00ed uvoln\u011bn\u00fdch spoj\u016f nebo v\u00fdm\u011bna opot\u0159ebovan\u00fdch t\u011bsn\u011bn\u00ed.<\/li>\n<li><strong>Sn\u00ed\u017een\u00fd v\u00fdkon:<\/strong> Pokud v\u00e1lec v\u00fdlo\u017en\u00edku vykazuje sn\u00ed\u017een\u00fd zvedac\u00ed v\u00fdkon, zkontrolujte hladinu hydraulick\u00e9 kapaliny a ujist\u011bte se, \u017ee hydraulick\u00e9 potrub\u00ed nen\u00ed ucpan\u00e9.<\/li>\n<li><strong>Neobvykl\u00e9 zvuky:<\/strong> Jak\u00fdkoli neobvykl\u00fd zvuk b\u011bhem provozu m\u016f\u017ee nazna\u010dovat vnit\u0159n\u00ed opot\u0159eben\u00ed nebo po\u0161kozen\u00ed. Zkontrolujte v\u00e1lec, zda nevykazuje zn\u00e1mky opot\u0159eben\u00ed nebo struktur\u00e1ln\u00ed poruchy.<\/li>\n<\/ul>\n<h2>Tipy pro preventivn\u00ed opat\u0159en\u00ed<\/h2>\n<p>Pro minimalizaci potenci\u00e1ln\u00edch probl\u00e9m\u016f je nezbytn\u00e1 pravideln\u00e1 \u00fadr\u017eba a monitorov\u00e1n\u00ed hydraulick\u00e9ho syst\u00e9mu. Prov\u00e1d\u011bn\u00ed pravideln\u00e9 kontroly net\u011bsnost\u00ed a opot\u0159eben\u00ed m\u016f\u017ee zabr\u00e1nit v\u011bt\u0161\u00edm poruch\u00e1m.<\/p>\n<p><img decoding=\"async\" src=\"https:\/\/www.hydraulic-cylinders.net\/wp-content\/uploads\/2025\/04\/songte-bushings-with-all-kinds-of-excavator-models.webp\" alt=\"Pouzdra pro bagry\" \/><\/p>\n<h2>O na\u0161\u00ed spole\u010dnosti<\/h2>\n<p>Jsme p\u0159edn\u00edm v\u00fdrobcem a velkoobchodn\u00edkem hydraulick\u00fdch v\u00e1lc\u016f a usilujeme o vynikaj\u00edc\u00ed kvalitu a v\u00fdrobu. N\u00e1\u0161 rozmanit\u00fd sortiment n\u00e1s \u0159ad\u00ed mezi v\u00fdznamn\u00e9 hr\u00e1\u010de na dom\u00e1c\u00edm i mezin\u00e1rodn\u00edm trhu. Klademe d\u016fraz na propracovanou v\u00fdrobn\u00ed strategii s vyu\u017eit\u00edm pokro\u010dil\u00fdch technologi\u00ed a kvalifikovan\u00e9ho person\u00e1lu ke zv\u00fd\u0161en\u00ed kvality na\u0161ich produkt\u016f.<\/p>\n<p>N\u00e1\u0161 z\u00e1vazek k profesion\u00e1ln\u00edm standard\u016fm, mezin\u00e1rodn\u00edm certifikac\u00edm a zak\u00e1zkov\u00fdm slu\u017eb\u00e1m zaji\u0161\u0165uje, \u017ee spl\u0148ujeme \u0161irokou \u0161k\u00e1lu pot\u0159eb klient\u016f. D\u00edky nejmodern\u011bj\u0161\u00edmu v\u00fdrobn\u00edmu za\u0159\u00edzen\u00ed a robustn\u00ed poprodejn\u00ed podpo\u0159e neust\u00e1le vylep\u0161ujeme na\u0161i v\u00fdrobn\u00ed platformu a kvalitu produkt\u016f, abychom splnili rozmanit\u00e9 po\u017eadavky z\u00e1kazn\u00edk\u016f.<\/p>\n<p><img decoding=\"async\" src=\"https:\/\/www.hydraulic-cylinders.net\/wp-content\/uploads\/2025\/04\/songte-company-4.webp\" alt=\"Na\u0161e spole\u010dnost\" \/><br \/>\n<img decoding=\"async\" src=\"https:\/\/www.hydraulic-cylinders.net\/wp-content\/uploads\/2025\/04\/songte-company-3.webp\" alt=\"V\u00fdrobn\u00ed proces\" \/><\/p>\n<p>Autor: lyl<\/p>","protected":false},"excerpt":{"rendered":"<p>Boom Cylinder For Doosan Wheel Excavator DH150W-7 Introduction to Boom Cylinders The Boom Cylinder for Doosan Wheel Excavator DH150W-7 is a critical component designed specifically for enhancing the operational efficiency of excavators. A bucket cylinder is a type of hydraulic cylinder that controls the movement of various heavy machinery buckets, including excavators, backhoe loaders, and [&hellip;]<\/p>","protected":false},"featured_media":17873,"comment_status":"open","ping_status":"closed","template":"","meta":{"_et_pb_use_builder":"","_et_pb_old_content":"","_et_gb_content_width":""},"product_brand":[],"product_cat":[1546],"product_tag":[1547,1496],"class_list":{"0":"post-19021","1":"product","2":"type-product","3":"status-publish","4":"has-post-thumbnail","6":"product_cat-boom-cylinders","7":"product_tag-boom-cylinders","8":"product_tag-hydraulic-cylinders","10":"first","11":"instock","12":"shipping-taxable","13":"product-type-simple"},"amp_enabled":true,"_links":{"self":[{"href":"https:\/\/www.hydraulic-cylinders.net\/cs\/wp-json\/wp\/v2\/product\/19021","targetHints":{"allow":["GET"]}}],"collection":[{"href":"https:\/\/www.hydraulic-cylinders.net\/cs\/wp-json\/wp\/v2\/product"}],"about":[{"href":"https:\/\/www.hydraulic-cylinders.net\/cs\/wp-json\/wp\/v2\/types\/product"}],"replies":[{"embeddable":true,"href":"https:\/\/www.hydraulic-cylinders.net\/cs\/wp-json\/wp\/v2\/comments?post=19021"}],"wp:featuredmedia":[{"embeddable":true,"href":"https:\/\/www.hydraulic-cylinders.net\/cs\/wp-json\/wp\/v2\/media\/17873"}],"wp:attachment":[{"href":"https:\/\/www.hydraulic-cylinders.net\/cs\/wp-json\/wp\/v2\/media?parent=19021"}],"wp:term":[{"taxonomy":"product_brand","embeddable":true,"href":"https:\/\/www.hydraulic-cylinders.net\/cs\/wp-json\/wp\/v2\/product_brand?post=19021"},{"taxonomy":"product_cat","embeddable":true,"href":"https:\/\/www.hydraulic-cylinders.net\/cs\/wp-json\/wp\/v2\/product_cat?post=19021"},{"taxonomy":"product_tag","embeddable":true,"href":"https:\/\/www.hydraulic-cylinders.net\/cs\/wp-json\/wp\/v2\/product_tag?post=19021"}],"curies":[{"name":"wp","href":"https:\/\/api.w.org\/{rel}","templated":true}]}}