{"id":19076,"date":"2025-04-07T06:11:39","date_gmt":"2025-04-07T06:11:39","guid":{"rendered":"https:\/\/www.hydraulic-cylinders.net\/product\/boom-cylinder-for-kobelco-middle-excavator-sk210lc-8-10\/"},"modified":"2025-04-07T06:11:48","modified_gmt":"2025-04-07T06:11:48","slug":"boom-cylinder-for-kobelco-middle-excavator-sk210lc-8-10","status":"publish","type":"product","link":"https:\/\/www.hydraulic-cylinders.net\/cs\/produkt\/boom-cylinder-for-kobelco-middle-excavator-sk210lc-8-10\/","title":{"rendered":"V\u00e1lec v\u00fdlo\u017en\u00edku pro st\u0159edn\u00ed bagr Kobelco SK210LC-8-10"},"content":{"rendered":"<h1>V\u00e1lec v\u00fdlo\u017en\u00edku pro st\u0159edn\u00ed bagr Kobelco SK210LC-8-10<\/h1>\n<h2>\u00davod k v\u00e1lci v\u00fdlo\u017en\u00edku<\/h2>\n<p>Hydraulick\u00fd v\u00e1lec v\u00fdlo\u017en\u00edku je z\u00e1kladn\u00ed hydraulick\u00e1 sou\u010d\u00e1st ur\u010den\u00e1 pro pou\u017eit\u00ed ve st\u0159edn\u00edch bagrech Kobelco, konkr\u00e9tn\u011b v modelech SK210LC-8-10. Tento hydraulick\u00fd v\u00e1lec hraje z\u00e1sadn\u00ed roli v provozu t\u011b\u017ek\u00fdch stroj\u016f a umo\u017e\u0148uje efektivn\u00ed zved\u00e1n\u00ed, spou\u0161t\u011bn\u00ed a nakl\u00e1p\u011bn\u00ed v\u00fdlo\u017en\u00edku. Funk\u010dnost v\u00e1lce v\u00fdlo\u017en\u00edku je kl\u00ed\u010dov\u00e1 pro r\u016fzn\u00e9 \u00fakoly manipulace s materi\u00e1lem prov\u00e1d\u011bn\u00e9 bagry, rypadly a \u010deln\u00edmi naklada\u010di.<\/p>\n<p>Jako hydraulick\u00fd v\u00e1lec je zodpov\u011bdn\u00fd za pohyb a ovl\u00e1d\u00e1n\u00ed l\u017e\u00edce stroje, co\u017e z n\u011bj \u010din\u00ed nepostradatelnou sou\u010d\u00e1st hydraulick\u00e9ho syst\u00e9mu. Konstrukce a funkce v\u00e1lce v\u00fdlo\u017en\u00edku zaji\u0161\u0165uj\u00ed, \u017ee rypadlo m\u016f\u017ee prov\u00e1d\u011bt \u00fakoly, jako je kop\u00e1n\u00ed, zved\u00e1n\u00ed a p\u0159eprava materi\u00e1l\u016f, s p\u0159esnost\u00ed a snadnost\u00ed.<\/p>\n<p><img decoding=\"async\" src=\"https:\/\/www.hydraulic-cylinders.net\/wp-content\/uploads\/2025\/04\/songte-company-1.webp\" alt=\"Obr\u00e1zek v\u00e1lce v\u00fdlo\u017en\u00edku\"><\/p>\n<h2>Vlastnosti v\u00e1lce v\u00fdlo\u017en\u00edku<\/h2>\n<ul>\n<li><strong>Vysok\u00e1 pevnost a trvanlivost:<\/strong> Tato l\u00e1hev je vyrobena z vysokopevnostn\u00ed oceli nebo hlin\u00edku a je konstruov\u00e1na tak, aby odolala vysok\u00e9mu tlaku a velk\u00e9mu zat\u00ed\u017een\u00ed, co\u017e ji \u010din\u00ed ide\u00e1ln\u00ed pro n\u00e1ro\u010dn\u00e9 pracovn\u00ed prost\u0159ed\u00ed.<\/li>\n<li><strong>Efektivn\u00ed hydraulick\u00fd provoz:<\/strong> D\u00edky hydraulick\u00e9mu tlaku oleje zaji\u0161\u0165uje v\u00e1lec v\u00fdlo\u017en\u00edku plynul\u00fd a citliv\u00fd pohyb, kter\u00fd dod\u00e1v\u00e1 siln\u00e9 tlakov\u00e9 a ta\u017en\u00e9 s\u00edly vhodn\u00e9 pro zvl\u00e1d\u00e1n\u00ed t\u011b\u017ek\u00fdch a slo\u017eit\u00fdch \u00fakol\u016f.<\/li>\n<li><strong>R\u016fzn\u00e9 typy:<\/strong> K dispozici v jedno\u010dinn\u00e9m nebo dvoj\u010dinn\u00e9m proveden\u00ed, co\u017e umo\u017e\u0148uje spln\u011bn\u00ed r\u016fzn\u00fdch provozn\u00edch pot\u0159eb. N\u011bkter\u00e9 modely maj\u00ed teleskopickou konstrukci pro del\u0161\u00ed dosah bez zv\u011bt\u0161en\u00ed vn\u011bj\u0161\u00edch rozm\u011br\u016f.<\/li>\n<li><strong>Odolnost proti korozi:<\/strong> Konstrukce zahrnuje prvky, kter\u00e9 zvy\u0161uj\u00ed odolnost proti opot\u0159eben\u00ed a chr\u00e1n\u00ed p\u0159ed koroz\u00ed, \u010d\u00edm\u017e prodlu\u017euj\u00ed \u017eivotnost v\u00e1lce v\u00fdlo\u017en\u00edku.<\/li>\n<li><strong>Snadn\u00e1 \u00fadr\u017eba:<\/strong> Konstrukce v\u00e1lce umo\u017e\u0148uje snadn\u00fd p\u0159\u00edstup b\u011bhem \u00fadr\u017eby a zaji\u0161\u0165uje tak jeho optim\u00e1ln\u00ed provozn\u00ed stav.<\/li>\n<\/ul>\n<p>Na\u0161e produkty jsou vyr\u00e1b\u011bny tak, aby slou\u017eily jako perfektn\u00ed n\u00e1hrada za r\u016fzn\u00e9 hydraulick\u00e9 v\u00e1lce, co\u017e zaji\u0161\u0165uje kompatibilitu a spolehlivost.<\/p>\n<p><img decoding=\"async\" src=\"https:\/\/www.hydraulic-cylinders.net\/wp-content\/uploads\/2025\/04\/songte-cylinder-head-with-all-kinds-excavator-models.webp\" alt=\"Modely bagr\u016f\"><\/p>\n<h2>Aplikace v\u00e1lce v\u00fdlo\u017en\u00edku<\/h2>\n<h3>Stavebn\u00ed stroje<\/h3>\n<p>U stavebn\u00edch stroj\u016f, jako jsou bagry, je v\u00e1lec v\u00fdlo\u017en\u00edku nezbytn\u00fd pro kop\u00e1n\u00ed, nakl\u00e1d\u00e1n\u00ed a p\u0159emis\u0165ov\u00e1n\u00ed zeminy nebo suti. V\u00e1lec umo\u017e\u0148uje bagru efektivn\u011b vykon\u00e1vat tyto \u00fakoly, co\u017e zvy\u0161uje produktivitu na staveni\u0161t\u00edch. Umo\u017e\u0148uje obsluze ovl\u00e1dat hloubku a \u00fahel l\u017e\u00edce, co\u017e usnad\u0148uje p\u0159esn\u00e9 v\u00fdkopov\u00e9 pr\u00e1ce a manipulaci s materi\u00e1lem. Bez spolehliv\u00e9ho v\u00e1lce v\u00fdlo\u017en\u00edku by byl v\u00fdkon bagru v\u00fdrazn\u011b omezen, co\u017e by ovlivnilo \u010dasov\u00e9 harmonogramy a n\u00e1klady projektu.<\/p>\n<h3>Zem\u011bd\u011blsk\u00e9 stroje<\/h3>\n<p>V zem\u011bd\u011blsk\u00fdch aplikac\u00edch vyu\u017e\u00edvaj\u00ed \u010deln\u00ed naklada\u010de v\u00e1lce v\u00fdlo\u017en\u00edku k nab\u00edr\u00e1n\u00ed, zved\u00e1n\u00ed a p\u0159eprav\u011b p\u016fdy, sena a dal\u0161\u00edch materi\u00e1l\u016f. Schopnost man\u00e9vrovat a ovl\u00e1dat lopatu umo\u017e\u0148uje zem\u011bd\u011blc\u016fm prov\u00e1d\u011bt r\u016fzn\u00e9 \u00fakoly, od krmen\u00ed hospod\u00e1\u0159sk\u00fdch zv\u00ed\u0159at a\u017e po p\u0159\u00edpravu pol\u00ed k set\u00ed. Pevnost a spolehlivost v\u00e1lce v\u00fdlo\u017en\u00edku v\u00fdznamn\u011b p\u0159isp\u00edvaj\u00ed k efektivit\u011b zem\u011bd\u011blsk\u00fdch operac\u00ed a umo\u017e\u0148uj\u00ed zem\u011bd\u011blc\u016fm efektivn\u011b \u0159\u00eddit jejich pracovn\u00ed z\u00e1t\u011b\u017e.<\/p>\n<h3>Bagry<\/h3>\n<p>Rypadla se p\u0159i rypadlov\u00fdch operac\u00edch spol\u00e9haj\u00ed na v\u00e1lec v\u00fdlo\u017en\u00edku, kter\u00fd jim umo\u017e\u0148uje proniknout do p\u016fdy. Hydraulick\u00fd v\u00fdkon dod\u00e1van\u00fd v\u00e1lcem umo\u017e\u0148uje l\u017e\u00edci rypadla hluboko se zar\u00fdt do zem\u011b, co\u017e usnad\u0148uje odstra\u0148ov\u00e1n\u00ed zeminy a suti. Tato funkce je kl\u00ed\u010dov\u00e1 pro projekty, kter\u00e9 vy\u017eaduj\u00ed rozs\u00e1hl\u00e9 v\u00fdkopov\u00e9 pr\u00e1ce, jako jsou z\u00e1kladov\u00e9 pr\u00e1ce, ter\u00e9nn\u00ed \u00fapravy a rozvoj infrastruktury.<\/p>\n<h3>Naklada\u010de<\/h3>\n<p>U \u010deln\u00edch naklada\u010d\u016f je v\u00e1lec v\u00fdlo\u017en\u00edku zodpov\u011bdn\u00fd za efektivn\u00ed zved\u00e1n\u00ed a vykl\u00e1p\u011bn\u00ed materi\u00e1l\u016f. Hydraulick\u00fd syst\u00e9m umo\u017e\u0148uje plynul\u00fd provoz a umo\u017e\u0148uje naklada\u010di prov\u00e1d\u011bt \u00fakoly, jako je zved\u00e1n\u00ed t\u011b\u017ek\u00fdch b\u0159emen a jejich p\u0159esn\u00e9 umis\u0165ov\u00e1n\u00ed na ur\u010den\u00e1 m\u00edsta. Tato schopnost je z\u00e1sadn\u00ed pro staveni\u0161t\u011b a manipulaci s materi\u00e1lem, kde je nezbytn\u00e1 p\u0159esnost a rychlost.<\/p>\n<h2>Konstruk\u010dn\u00ed aspekty a krit\u00e9ria v\u00fdb\u011bru<\/h2>\n<h3>Nosnost<\/h3>\n<p>Nosnost v\u00e1lce v\u00fdlo\u017en\u00edku je kl\u00ed\u010dov\u00fdm aspektem jeho konstrukce. Mus\u00ed b\u00fdt navr\u017een tak, aby zvl\u00e1dl maxim\u00e1ln\u00ed hmotnost, kterou rypadlo zvedne. Spr\u00e1vn\u00e9 v\u00fdpo\u010dty a v\u00fdb\u011br materi\u00e1lu jsou nezbytn\u00e9 pro zaji\u0161t\u011bn\u00ed toho, aby v\u00e1lec odolal nam\u00e1h\u00e1n\u00ed, kter\u00e9mu doch\u00e1z\u00ed b\u011bhem provozu. P\u0159et\u00ed\u017een\u00ed m\u016f\u017ee v\u00e9st k selh\u00e1n\u00ed v\u00e1lce, co\u017e p\u0159edstavuje bezpe\u010dnostn\u00ed riziko a zp\u016fsobuje prostoje.<\/p>\n<h3>T\u011bsn\u011bn\u00ed<\/h3>\n<p>\u00da\u010dinn\u00e9 t\u011bsn\u011bn\u00ed je z\u00e1sadn\u00ed pro zachov\u00e1n\u00ed integrity hydraulick\u00e9ho syst\u00e9mu. Pou\u017eit\u00ed vysoce kvalitn\u00edch t\u011bsn\u011bn\u00ed zabra\u0148uje \u00fanik\u016fm hydraulick\u00e9 kapaliny, kter\u00e9 mohou ohrozit v\u00fdkon v\u00e1lce v\u00fdlo\u017en\u00edku. T\u011bsnic\u00ed materi\u00e1ly by m\u011bly b\u00fdt vyb\u00edr\u00e1ny na z\u00e1klad\u011b jejich odolnosti v\u016f\u010di opot\u0159eben\u00ed a tak\u00e9 jejich schopnosti odol\u00e1vat podm\u00ednk\u00e1m prost\u0159ed\u00ed, ve kter\u00fdch rypadlo pracuje.<\/p>\n<h3>Trvanlivost<\/h3>\n<p>Pro hydraulick\u00e9 v\u00e1lce pracuj\u00edc\u00ed v n\u00e1ro\u010dn\u00fdch podm\u00ednk\u00e1ch je prvo\u0159ad\u00e1 odolnost. Konstrukce by m\u011bla zahrnovat prvky, kter\u00e9 prodlu\u017euj\u00ed \u017eivotnost v\u00e1lce, jako jsou povlaky odoln\u00e9 proti opot\u0159eben\u00ed a robustn\u00ed materi\u00e1ly, kter\u00e9 zvl\u00e1dnou abrazivn\u00ed materi\u00e1ly. Pravideln\u00e9 kontroly a vhodn\u00e1 konstrukce mohou pomoci identifikovat potenci\u00e1ln\u00ed probl\u00e9my d\u0159\u00edve, ne\u017e povedou k selh\u00e1n\u00ed.<\/p>\n<h3>Bezpe\u010dnost<\/h3>\n<p>Bezpe\u010dnost je p\u0159i n\u00e1vrhu hydraulick\u00fdch v\u00e1lc\u016f v\u017edy kl\u00ed\u010dov\u00fdm hlediskem. Prvky, jako jsou p\u0159etlakov\u00e9 ventily a mechanismy ochrany proti p\u0159et\u00ed\u017een\u00ed, pom\u00e1haj\u00ed p\u0159edch\u00e1zet nehod\u00e1m a po\u0161kozen\u00ed za\u0159\u00edzen\u00ed. Zaji\u0161t\u011bn\u00ed toho, aby v\u00e1lec v\u00fdlo\u017en\u00edku spl\u0148oval bezpe\u010dnostn\u00ed normy, je nezbytn\u00e9 pro ochranu obsluhy a dodr\u017eov\u00e1n\u00ed pr\u016fmyslov\u00fdch p\u0159edpis\u016f.<\/p>\n<h3>Udr\u017eovatelnost<\/h3>\n<p>Snadn\u00e1 \u00fadr\u017eba by m\u011bla b\u00fdt kl\u00ed\u010dov\u00fdm faktorem p\u0159i konstrukci v\u00e1lce v\u00fdlo\u017en\u00edku. To zahrnuje zaji\u0161t\u011bn\u00ed p\u0159\u00edstupnosti pro b\u011b\u017en\u00e9 kontroly, opravy a v\u00fdm\u011bnu t\u011bsn\u011bn\u00ed nebo jin\u00fdch sou\u010d\u00e1st\u00ed. Dob\u0159e navr\u017een\u00fd v\u00e1lec zjednodu\u0161uje \u00fadr\u017ebu, zkracuje prostoje a zvy\u0161uje celkovou efektivitu.<\/p>\n<p><img decoding=\"async\" src=\"https:\/\/www.hydraulic-cylinders.net\/wp-content\/uploads\/2025\/04\/songte-oil-pipes-and-spare-parts.webp\" alt=\"Hydraulick\u00e9 d\u00edly\"><\/p>\n<h2>T\u011bsn\u011bn\u00ed a maz\u00e1n\u00ed<\/h2>\n<p>Spr\u00e1vn\u00e9 t\u011bsn\u011bn\u00ed a maz\u00e1n\u00ed jsou kl\u00ed\u010dov\u00fdmi aspekty pro udr\u017een\u00ed funk\u010dnosti a \u017eivotnosti v\u00e1lce v\u00fdlo\u017en\u00edku. K zabr\u00e1n\u011bn\u00ed \u00faniku hydraulick\u00e9 kapaliny a z\u00e1rove\u0148 k zaji\u0161t\u011bn\u00ed plynul\u00e9ho provozu se pou\u017e\u00edvaj\u00ed r\u016fzn\u00e9 t\u011bsnic\u00ed prvky, jako jsou t\u011bsn\u011bn\u00ed p\u00edst\u016f a p\u00edstnic. T\u011bsn\u011bn\u00ed vyroben\u00e1 z odoln\u00fdch materi\u00e1l\u016f, jako je polyuretan a nitrilov\u00e1 pry\u017e, jsou up\u0159ednost\u0148ov\u00e1na pro svou odolnost v\u016f\u010di opot\u0159eben\u00ed a vliv\u016fm prost\u0159ed\u00ed.<\/p>\n<p>T\u011bleso v\u00e1lce a z\u00e1vitov\u00e9 koncov\u00e9 plochy jsou nav\u00edc pe\u010dliv\u011b opracov\u00e1ny pro zv\u00fd\u0161en\u00ed odolnosti proti opot\u0159eben\u00ed. Pravideln\u00e9 maz\u00e1n\u00ed vhodn\u00fdm hydraulick\u00fdm olejem je nezbytn\u00e9 pro sn\u00ed\u017een\u00ed t\u0159en\u00ed a zaji\u0161t\u011bn\u00ed plynul\u00e9ho pohybu uvnit\u0159 v\u00e1lce. Pl\u00e1novan\u00e9 kontroly \u00fadr\u017eby by m\u011bly zahrnovat maz\u00e1n\u00ed, aby se zabr\u00e1nilo p\u0159ed\u010dasn\u00e9mu opot\u0159eben\u00ed a prodlou\u017eila se \u017eivotnost v\u00e1lce.<\/p>\n<h2>Pravideln\u00e1 kontrola a preventivn\u00ed \u00fadr\u017eba<\/h2>\n<ul>\n<li><strong>Pravideln\u00e9 kontroly:<\/strong> Prov\u00e1d\u011bjte pravideln\u00e9 kontroly, abyste odhalili jak\u00e9koli zn\u00e1mky opot\u0159eben\u00ed, net\u011bsnost\u00ed nebo po\u0161kozen\u00ed. V\u010dasn\u00e9 odhalen\u00ed m\u016f\u017ee zabr\u00e1nit v\u00fdznamn\u00fdm poruch\u00e1m a prostoj\u016fm.<\/li>\n<li><strong>Vhodn\u00e9 maz\u00e1n\u00ed:<\/strong> Ujist\u011bte se, \u017ee hladina hydraulick\u00e9ho oleje je spr\u00e1vn\u00e1 a vhodn\u00e1 pro provozn\u00ed podm\u00ednky. Pravideln\u011b promaz\u00e1vejte v\u00e1lec, aby byl zaji\u0161t\u011bn hladk\u00fd chod.<\/li>\n<li><strong>V\u00fdm\u011bna t\u011bsn\u011bn\u00ed:<\/strong> Zkontrolujte t\u011bsn\u011bn\u00ed, zda nejsou opot\u0159ebovan\u00e1, a v p\u0159\u00edpad\u011b pot\u0159eby je vym\u011b\u0148te, abyste zabr\u00e1nili net\u011bsnostem. Pravideln\u00e1 \u00fadr\u017eba t\u011bsn\u011bn\u00ed je z\u00e1sadn\u00ed pro v\u00fdkon v\u00e1lce.<\/li>\n<\/ul>\n<h2>Pokyny k instalaci<\/h2>\n<p>Spr\u00e1vn\u00e1 instalace v\u00e1lce v\u00fdlo\u017en\u00edku je z\u00e1sadn\u00ed pro optim\u00e1ln\u00ed v\u00fdkon. Za\u010dn\u011bte t\u00edm, \u017ee se ujist\u00edte, \u017ee v\u0161echny mont\u00e1\u017en\u00ed povrchy jsou \u010dist\u00e9 a bez ne\u010distot. V\u00e1lec p\u0159esn\u011b vyrovnejte s mont\u00e1\u017en\u00edmi konzolami a k \u200b\u200bjeho zaji\u0161t\u011bn\u00ed pou\u017eijte vhodn\u00fd mont\u00e1\u017en\u00ed materi\u00e1l.<\/p>\n<p>Je d\u016fle\u017eit\u00e9 vyhnout se nespr\u00e1vn\u00e9mu vyrovn\u00e1n\u00ed, kter\u00e9 m\u016f\u017ee v\u00e9st k p\u0159ed\u010dasn\u00e9mu opot\u0159eben\u00ed a po\u0161kozen\u00ed v\u00e1lce. B\u011bhem instalace pou\u017e\u00edvejte vhodn\u00e9 mont\u00e1\u017en\u00ed podp\u011bry, abyste zajistili spr\u00e1vn\u00e9 vyrovn\u00e1n\u00ed. P\u0159i utahov\u00e1n\u00ed \u0161roub\u016f dodr\u017eujte pokyny v\u00fdrobce ohledn\u011b nastaven\u00ed utahovac\u00edho momentu a ujist\u011bte se, \u017ee v\u0161echna hydraulick\u00e1 spojen\u00ed jsou t\u011bsn\u00e1 a bez \u00fanik\u016f.<\/p>\n<p>Po instalaci zkontrolujte t\u011bsnost hydraulick\u00e9ho syst\u00e9mu a otestujte funk\u010dnost v\u00e1lce v\u00fdlo\u017en\u00edku za zat\u00ed\u017een\u00ed. B\u011bhem provozu pravideln\u011b sledujte v\u00e1lec, abyste zajistili jeho spr\u00e1vn\u00fd a efektivn\u00ed provoz.<\/p>\n<h2>B\u011b\u017en\u00e9 \u00fakoly \u00fadr\u017eby<\/h2>\n<ul>\n<li><strong>Pravideln\u00e9 kontroly:<\/strong> Napl\u00e1nujte si \u010dast\u00e9 kontroly, abyste zkontrolovali zn\u00e1mky net\u011bsnost\u00ed, opot\u0159eben\u00ed nebo po\u0161kozen\u00ed. Tyto kontroly jsou z\u00e1sadn\u00ed pro udr\u017een\u00ed optim\u00e1ln\u00edho v\u00fdkonu a prevenci poruch.<\/li>\n<li><strong>Vhodn\u00e9 maz\u00e1n\u00ed:<\/strong> Zajist\u011bte dopln\u011bn\u00ed hydraulick\u00e9ho oleje a dostate\u010dn\u00e9 maz\u00e1n\u00ed v\u00e1lce, aby se minimalizovalo t\u0159en\u00ed a opot\u0159eben\u00ed.<\/li>\n<li><strong>V\u00fdm\u011bna t\u011bsn\u011bn\u00ed:<\/strong> Pravideln\u011b kontrolujte opot\u0159eben\u00ed t\u011bsn\u011bn\u00ed a v p\u0159\u00edpad\u011b pot\u0159eby je vym\u011b\u0148te. \u00da\u010dinn\u00e9 ut\u011bsn\u011bn\u00ed je z\u00e1sadn\u00ed pro udr\u017een\u00ed tlaku v syst\u00e9mu a prevenci \u00fanik\u016f kapalin.<\/li>\n<\/ul>\n<p>Spr\u00e1vn\u00e1 instalace, maz\u00e1n\u00ed a se\u0159\u00edzen\u00ed jsou nezbytn\u00e9 pro dlouhou \u017eivotnost v\u00e1lce v\u00fdlo\u017en\u00edku. Spr\u00e1vn\u00e9 vyrovn\u00e1n\u00ed v\u00e1lce b\u011bhem instalace minimalizuje nam\u00e1h\u00e1n\u00ed a potenci\u00e1ln\u00ed po\u0161kozen\u00ed. Pro zaji\u0161t\u011bn\u00ed spolehliv\u00e9ho provozu dodr\u017eujte doporu\u010den\u00e9 postupy pro kontrolu, opravu a v\u00fdm\u011bnu sou\u010d\u00e1st\u00ed.<\/p>\n<p><img decoding=\"async\" src=\"https:\/\/www.hydraulic-cylinders.net\/wp-content\/uploads\/2025\/04\/songte-chushion-collar.webp\" alt=\"Pol\u0161t\u00e1\u0159ov\u00fd l\u00edmec\"><\/p>\n<h2>Bezpe\u010dnostn\u00ed aspekty a faktory prost\u0159ed\u00ed<\/h2>\n<p>P\u0159i pou\u017e\u00edv\u00e1n\u00ed hydraulick\u00fdch v\u00e1lc\u016f je nutn\u00e9 up\u0159ednost\u0148ovat bezpe\u010dnostn\u00ed opat\u0159en\u00ed. \u0158\u00e1dn\u00e9 pro\u0161kolen\u00ed obsluhy v oblasti bezpe\u010dn\u00e9 manipulace a provozu m\u016f\u017ee p\u0159edej\u00edt nehod\u00e1m. V\u017edy zajist\u011bte, aby byl hydraulick\u00fd syst\u00e9m udr\u017eov\u00e1n v souladu s pokyny v\u00fdrobce, a bu\u010fte si v\u011bdomi potenci\u00e1ln\u00edch nebezpe\u010d\u00ed spojen\u00fdch s \u00faniky hydraulick\u00e9 kapaliny, kter\u00e9 mohou p\u0159edstavovat rizika pro \u017eivotn\u00ed prost\u0159ed\u00ed.<\/p>\n<p>Zav\u00e1d\u011bn\u00ed bezpe\u010dnostn\u00edch protokol\u016f a prov\u00e1d\u011bn\u00ed pravideln\u00fdch \u0161kolen\u00ed m\u016f\u017ee d\u00e1le zv\u00fd\u0161it bezpe\u010dnost na pracovi\u0161ti a zajistit, aby si zam\u011bstnanci byli v\u011bdomi osv\u011bd\u010den\u00fdch postup\u016f p\u0159i obsluze stroj\u016f vybaven\u00fdch v\u00e1lci v\u00fdlo\u017en\u00edku.<\/p>\n<h2>Diagnostika z\u00e1vad a b\u011b\u017en\u00e9 probl\u00e9my<\/h2>\n<ul>\n<li><strong>\u00danik:<\/strong> Jedn\u00edm z nej\u010dast\u011bj\u0161\u00edch probl\u00e9m\u016f je \u00fanik hydraulick\u00e9 kapaliny, kter\u00fd m\u016f\u017ee b\u00fdt zp\u016fsoben opot\u0159ebovan\u00fdmi t\u011bsn\u011bn\u00edmi nebo po\u0161kozen\u00fdmi armaturami. Pravideln\u00e9 kontroly pomohou tyto probl\u00e9my v\u010das odhalit.<\/li>\n<li><strong>Pomal\u00fd provoz:<\/strong> Pokud se v\u00e1lec v\u00fdlo\u017en\u00edku pohybuje pomalu nebo v\u00e1h\u00e1, m\u016f\u017ee to znamenat n\u00edzkou hladinu hydraulick\u00e9 kapaliny nebo vzduch zachycen\u00fd v syst\u00e9mu. Zkontrolujte hladiny kapalin a v p\u0159\u00edpad\u011b pot\u0159eby syst\u00e9m odvzdu\u0161n\u011bte.<\/li>\n<li><strong>Neobvykl\u00e9 zvuky:<\/strong> Jak\u00e9koli sk\u0159\u00edpav\u00e9 nebo klepav\u00e9 zvuky b\u011bhem provozu mohou znamenat vnit\u0159n\u00ed po\u0161kozen\u00ed nebo nespr\u00e1vn\u00e9 vyrovn\u00e1n\u00ed. To vy\u017eaduje okam\u017eitou pozornost, aby se zabr\u00e1nilo dal\u0161\u00edmu po\u0161kozen\u00ed.<\/li>\n<\/ul>\n<h2>Tipy pro \u0159e\u0161en\u00ed probl\u00e9m\u016f<\/h2>\n<p>Pro efektivn\u00ed diagnostiku a \u0159e\u0161en\u00ed probl\u00e9m\u016f s v\u00e1lcem v\u00fdlo\u017en\u00edku za\u010dn\u011bte kontrolou viditeln\u00fdch zn\u00e1mek po\u0161kozen\u00ed nebo opot\u0159eben\u00ed. Pravideln\u00e9 pl\u00e1ny \u00fadr\u017eby mohou pomoci p\u0159edch\u00e1zet b\u011b\u017en\u00fdm probl\u00e9m\u016fm a zajistit, aby byly potenci\u00e1ln\u00ed probl\u00e9my \u0159e\u0161eny d\u0159\u00edve, ne\u017e se zhor\u0161\u00ed.<\/p>\n<p>Zva\u017ete zaveden\u00ed programu preventivn\u00ed \u00fadr\u017eby, kter\u00fd zahrnuje pravideln\u00e9 kontroly, maz\u00e1n\u00ed a kontroly t\u011bsn\u011bn\u00ed, abyste minimalizovali prostoje a maximalizovali \u017eivotnost v\u00e1lce v\u00fdlo\u017en\u00edku.<\/p>\n<p><img decoding=\"async\" src=\"https:\/\/www.hydraulic-cylinders.net\/wp-content\/uploads\/2025\/04\/songte-bushings-with-all-kinds-of-excavator-models.webp\" alt=\"Pouzdra pro modely bagr\u016f\"><\/p>\n<h2>O n\u00e1s<\/h2>\n<p>Jsme p\u0159edn\u00edm v\u00fdrobcem n\u00e1hradn\u00edch hydraulick\u00fdch v\u00e1lc\u016f a nab\u00edz\u00edme \u0161irokou \u0161k\u00e1lu produkt\u016f, kter\u00e9 uspokojuj\u00ed r\u016fzn\u00e9 pot\u0159eby trhu. Na\u0161e spole\u010dnost se etablovala jako jeden z p\u0159edn\u00edch v\u00fdrobc\u016f a velkoobchodn\u00edk\u016f s hydraulick\u00fdmi v\u00e1lci v tuzemsku i v zahrani\u010d\u00ed.<\/p>\n<p>Dodr\u017eujeme z\u00e1vazek k vynikaj\u00edc\u00ed kvalit\u011b, kter\u00fd je podpo\u0159en zdokonalenou v\u00fdrobn\u00ed d\u00edlnou a strategi\u00ed \u0159\u00edzen\u00ed pr\u016fmyslov\u00e9 v\u00fdroby. Na\u0161e investice do technick\u00fdch talent\u016f, pokro\u010dil\u00e9ho digit\u00e1ln\u00edho v\u00fdrobn\u00edho za\u0159\u00edzen\u00ed a komplexn\u00edho testovac\u00edho syst\u00e9mu neust\u00e1le roz\u0161i\u0159uj\u00ed na\u0161e v\u00fdrobn\u00ed kapacity.<\/p>\n<p>S d\u016frazem na efektivitu, p\u0159esnost a kvalitu se sna\u017e\u00edme uspokojit rozmanit\u00e9 pot\u0159eby na\u0161ich z\u00e1kazn\u00edk\u016f prost\u0159ednictv\u00edm slu\u017eeb a \u0159e\u0161en\u00ed na m\u00edru. Na\u0161e oddanost inovac\u00edm a zlep\u0161ov\u00e1n\u00ed n\u00e1m zaji\u0161\u0165uje, \u017ee z\u016fst\u00e1v\u00e1me v pop\u0159ed\u00ed odv\u011btv\u00ed hydraulick\u00fdch v\u00e1lc\u016f.<\/p>\n<p><img decoding=\"async\" src=\"https:\/\/www.hydraulic-cylinders.net\/wp-content\/uploads\/2025\/04\/songte-company-4.webp\" alt=\"P\u0159ehled spole\u010dnosti\"><br \/>\n<img decoding=\"async\" src=\"https:\/\/www.hydraulic-cylinders.net\/wp-content\/uploads\/2025\/04\/songte-company-3.webp\" alt=\"V\u00fdrobn\u00ed z\u00e1vod\"><\/p>\n<p>Autor: lyl<\/p>","protected":false},"excerpt":{"rendered":"<p>Boom Cylinder For Kobelco Middle Excavator SK210LC-8-10 Introduction to the Boom Cylinder The Boom Cylinder is an essential hydraulic component designed for use in Kobelco Middle Excavators, specifically the SK210LC-8-10 models. This hydraulic cylinder plays a vital role in the operation of heavy machinery, allowing the boom to lift, lower, and tilt efficiently. The functionality [&hellip;]<\/p>","protected":false},"featured_media":17867,"comment_status":"open","ping_status":"closed","template":"","meta":{"_et_pb_use_builder":"","_et_pb_old_content":"","_et_gb_content_width":""},"product_brand":[],"product_cat":[1546],"product_tag":[1547,1496],"class_list":{"0":"post-19076","1":"product","2":"type-product","3":"status-publish","4":"has-post-thumbnail","6":"product_cat-boom-cylinders","7":"product_tag-boom-cylinders","8":"product_tag-hydraulic-cylinders","10":"first","11":"instock","12":"shipping-taxable","13":"product-type-simple"},"amp_enabled":true,"_links":{"self":[{"href":"https:\/\/www.hydraulic-cylinders.net\/cs\/wp-json\/wp\/v2\/product\/19076","targetHints":{"allow":["GET"]}}],"collection":[{"href":"https:\/\/www.hydraulic-cylinders.net\/cs\/wp-json\/wp\/v2\/product"}],"about":[{"href":"https:\/\/www.hydraulic-cylinders.net\/cs\/wp-json\/wp\/v2\/types\/product"}],"replies":[{"embeddable":true,"href":"https:\/\/www.hydraulic-cylinders.net\/cs\/wp-json\/wp\/v2\/comments?post=19076"}],"wp:featuredmedia":[{"embeddable":true,"href":"https:\/\/www.hydraulic-cylinders.net\/cs\/wp-json\/wp\/v2\/media\/17867"}],"wp:attachment":[{"href":"https:\/\/www.hydraulic-cylinders.net\/cs\/wp-json\/wp\/v2\/media?parent=19076"}],"wp:term":[{"taxonomy":"product_brand","embeddable":true,"href":"https:\/\/www.hydraulic-cylinders.net\/cs\/wp-json\/wp\/v2\/product_brand?post=19076"},{"taxonomy":"product_cat","embeddable":true,"href":"https:\/\/www.hydraulic-cylinders.net\/cs\/wp-json\/wp\/v2\/product_cat?post=19076"},{"taxonomy":"product_tag","embeddable":true,"href":"https:\/\/www.hydraulic-cylinders.net\/cs\/wp-json\/wp\/v2\/product_tag?post=19076"}],"curies":[{"name":"wp","href":"https:\/\/api.w.org\/{rel}","templated":true}]}}