{"id":19084,"date":"2025-04-07T06:12:05","date_gmt":"2025-04-07T06:12:05","guid":{"rendered":"https:\/\/www.hydraulic-cylinders.net\/product\/boom-cylinder-for-kobelco-large-excavator-sk450-6-6e\/"},"modified":"2025-04-07T06:12:07","modified_gmt":"2025-04-07T06:12:07","slug":"boom-cylinder-for-kobelco-large-excavator-sk450-6-6e","status":"publish","type":"product","link":"https:\/\/www.hydraulic-cylinders.net\/cs\/produkt\/boom-cylinder-for-kobelco-large-excavator-sk450-6-6e\/","title":{"rendered":"V\u00e1lec v\u00fdlo\u017en\u00edku pro velk\u00e9 rypadlo Kobelco SK450-6-6E"},"content":{"rendered":"<h1>V\u00e1lec v\u00fdlo\u017en\u00edku pro velk\u00e9 rypadlo Kobelco SK450-6-6E<\/h1>\n<h2>P\u0159ehled produktu<\/h2>\n<p>Hydraulick\u00fd v\u00e1lec v\u00fdlo\u017en\u00edku pro velk\u00e9 rypadlo Kobelco SK450-6-6E je kl\u00ed\u010dovou sou\u010d\u00e1st\u00ed t\u011b\u017ek\u00fdch stroj\u016f, speci\u00e1ln\u011b navr\u017eenou pro ovl\u00e1d\u00e1n\u00ed pohybu v\u00fdlo\u017en\u00edku v rypadlech. Tento hydraulick\u00fd v\u00e1lec hraje kl\u00ed\u010dovou roli v r\u016fzn\u00fdch aplikac\u00edch a umo\u017e\u0148uje efektivn\u00ed provoz a man\u00e9vrovatelnost stroje. V\u00e1lec v\u00fdlo\u017en\u00edku umo\u017e\u0148uje zved\u00e1n\u00ed, spou\u0161t\u011bn\u00ed a nakl\u00e1p\u011bn\u00ed v\u00fdlo\u017en\u00edku, co\u017e usnad\u0148uje r\u016fzn\u00e9 \u00fakoly manipulace s materi\u00e1lem na stavb\u00e1ch a demolic\u00edch.<\/p>\n<p>V podstat\u011b je v\u00e1lec v\u00fdlo\u017en\u00edku typ hydraulick\u00e9ho aktu\u00e1toru, kter\u00fd p\u0159em\u011b\u0148uje hydraulickou energii na mechanick\u00fd pohyb. Je speci\u00e1ln\u011b navr\u017een tak, aby odolal n\u00e1ro\u010dn\u00fdm po\u017eadavk\u016fm t\u011b\u017ek\u00e9ho provozu a zajistil spolehlivost a efektivitu p\u0159i \u00fakolech, jako je kop\u00e1n\u00ed, zved\u00e1n\u00ed a p\u0159eprava materi\u00e1l\u016f. Vyu\u017eit\u00edm hydraulick\u00e9ho tlaku umo\u017e\u0148uje tato sou\u010d\u00e1st plynul\u00e9 a p\u0159esn\u00e9 ovl\u00e1d\u00e1n\u00ed pohyb\u016f v\u00fdlo\u017en\u00edku rypadla, co\u017e v\u00fdrazn\u011b zvy\u0161uje produktivitu.<\/p>\n<p><img decoding=\"async\" src=\"https:\/\/www.hydraulic-cylinders.net\/wp-content\/uploads\/2025\/04\/songte-company-1.webp\" alt=\"V\u00e1lec v\u00fdlo\u017en\u00edku\" \/><\/p>\n<h2>Vlastnosti v\u00e1lce v\u00fdlo\u017en\u00edku<\/h2>\n<ul>\n<li><strong>Vysok\u00e1 pevnost a trvanlivost:<\/strong> V\u00e1lec v\u00fdlo\u017en\u00edku je vyroben z vysokopevnostn\u00ed oceli nebo hlin\u00edku a je navr\u017een tak, aby odolal vysok\u00e9mu tlaku a velk\u00e9mu zat\u00ed\u017een\u00ed, tak\u017ee je vhodn\u00fd pro n\u00e1ro\u010dn\u00e9 pracovn\u00ed prost\u0159ed\u00ed. Jeho konstrukce zohled\u0148uje odolnost proti opot\u0159eben\u00ed a korozi, aby se prodlou\u017eila jeho \u017eivotnost.<\/li>\n<li><strong>Efektivn\u00ed hydraulick\u00fd provoz:<\/strong> V\u00e1lec vyu\u017e\u00edv\u00e1 tlak hydraulick\u00e9ho oleje k usnadn\u011bn\u00ed plynul\u00e9ho vysouv\u00e1n\u00ed a zasouv\u00e1n\u00ed, co\u017e umo\u017e\u0148uje rychlou reakci na povely obsluhy. To poskytuje zna\u010dnou tla\u010dnou a ta\u017enou s\u00edlu, d\u00edky \u010demu\u017e je ide\u00e1ln\u00ed pro manipulaci s t\u011b\u017ek\u00fdmi p\u0159edm\u011bty a slo\u017eit\u00e9 \u00fakoly.<\/li>\n<li><strong>R\u016fzn\u00e9 typy:<\/strong> K dispozici jsou varianty s jedno\u010dinn\u00fdmi (hydraulicky ovl\u00e1dan\u00e9 v jednom sm\u011bru) nebo dvoj\u010dinn\u00fdmi (hydraulicky ovl\u00e1dan\u00e9 v obou sm\u011brech) v\u00e1lci, kter\u00e9 spl\u0148uj\u00ed r\u016fzn\u00e9 provozn\u00ed po\u017eadavky. N\u011bkter\u00e9 modely jsou teleskopick\u00e9, co\u017e nab\u00edz\u00ed v\u011bt\u0161\u00ed v\u00fdsuv bez zv\u011bt\u0161en\u00ed vn\u011bj\u0161\u00edch rozm\u011br\u016f, co\u017e je ide\u00e1ln\u00ed pro aplikace s omezen\u00fdm prostorem.<\/li>\n<li><strong>Zak\u00e1zkov\u00e1 v\u00fdroba:<\/strong> Na\u0161e spole\u010dnost se specializuje na v\u00fdrobu v\u00e1lc\u016f pro v\u00fdlo\u017en\u00edky, kter\u00e9 dok\u00e1\u017e\u00ed dokonale nahradit st\u00e1vaj\u00edc\u00ed hydraulick\u00e9 v\u00e1lce v r\u016fzn\u00fdch aplikac\u00edch.<\/li>\n<\/ul>\n<p><img decoding=\"async\" src=\"https:\/\/www.hydraulic-cylinders.net\/wp-content\/uploads\/2025\/04\/songte-cylinder-head-with-all-kinds-excavator-models.webp\" alt=\"Hlava v\u00e1lc\u016f\" \/><\/p>\n<h2>Aplikace v\u00e1lce v\u00fdlo\u017en\u00edku<\/h2>\n<h3>Stavebn\u00ed stroje<\/h3>\n<p>U bagr\u016f je v\u00e1lec v\u00fdlo\u017en\u00edku nezbytn\u00fd pro kop\u00e1n\u00ed, nakl\u00e1d\u00e1n\u00ed a p\u0159emis\u0165ov\u00e1n\u00ed zeminy nebo suti. Jeho p\u0159esn\u00e9 ovl\u00e1d\u00e1n\u00ed umo\u017e\u0148uje efektivn\u00ed v\u00fdkop, zat\u00edmco u rypadlo-naklada\u010d\u016f pom\u00e1h\u00e1 jak p\u0159i kop\u00e1n\u00ed, tak p\u0159i zved\u00e1n\u00ed.<\/p>\n<h3>Zem\u011bd\u011blsk\u00e9 stroje<\/h3>\n<p>V\u00e1lec v\u00fdlo\u017en\u00edku, pou\u017e\u00edvan\u00fd v \u010deln\u00edch naklada\u010d\u00edch, usnad\u0148uje \u0161krab\u00e1n\u00ed, zved\u00e1n\u00ed a p\u0159epravu zeminy, sena a dal\u0161\u00edch materi\u00e1l\u016f, \u010d\u00edm\u017e v\u00fdrazn\u011b zvy\u0161uje produktivitu na farm\u00e1ch a zem\u011bd\u011blsk\u00fdch ploch\u00e1ch.<\/p>\n<h3>Bagry<\/h3>\n<p>V\u00e1lec v\u00fdlo\u017en\u00edku umo\u017e\u0148uje l\u017e\u00edci proniknout do zem\u011b, co\u017e usnad\u0148uje efektivn\u00ed v\u00fdkop. Jeho schopnost ovl\u00e1dat \u00fahel a v\u00fd\u0161ku v\u00fdlo\u017en\u00edku zvy\u0161uje provozn\u00ed efektivitu.<\/p>\n<h3>Naklada\u010de<\/h3>\n<p>U \u010deln\u00edch naklada\u010d\u016f pom\u00e1haj\u00ed v\u00e1lce v\u00fdlo\u017en\u00edku p\u0159i zved\u00e1n\u00ed a vykl\u00e1p\u011bn\u00ed materi\u00e1l\u016f, \u010d\u00edm\u017e zaji\u0161\u0165uj\u00ed plynul\u00fd provoz a vy\u0161\u0161\u00ed produktivitu p\u0159i nakl\u00e1d\u00e1n\u00ed.<\/p>\n<h2>Konstruk\u010dn\u00ed aspekty a krit\u00e9ria v\u00fdb\u011bru<\/h2>\n<h3>Nosnost<\/h3>\n<p>Nosnost v\u00e1lce v\u00fdlo\u017en\u00edku je prvo\u0159ad\u00e1, proto\u017ee mus\u00ed spl\u0148ovat po\u017eadavky na zved\u00e1n\u00ed a manipulaci s t\u011b\u017ek\u00fdmi b\u0159emeny v r\u016fzn\u00fdch aplikac\u00edch. V\u00fdb\u011br v\u00e1lce s vhodnou nosnost\u00ed zaji\u0161\u0165uje bezpe\u010dnost a provozn\u00ed efektivitu.<\/p>\n<h3>T\u011bsnic\u00ed v\u00fdkon<\/h3>\n<p>T\u011bsn\u011bn\u00ed je u hydraulick\u00fdch v\u00e1lc\u016f z\u00e1sadn\u00ed. \u00da\u010dinn\u00e1 t\u011bsn\u011bn\u00ed zabra\u0148uj\u00ed \u00faniku hydraulick\u00e9 kapaliny, zaji\u0161\u0165uj\u00ed plynul\u00fd provoz a udr\u017euj\u00ed tlak. V\u00fdb\u011br vysoce kvalitn\u00edch t\u011bsn\u011bn\u00ed zm\u00edr\u0148uje opot\u0159eben\u00ed a prodlu\u017euje \u017eivotnost v\u00e1lce.<\/p>\n<h3>Trvanlivost<\/h3>\n<p>Odolnost je nezbytn\u00e1 pro jakoukoli hydraulickou sou\u010d\u00e1st. V\u00e1lec v\u00fdlo\u017en\u00edku mus\u00ed odol\u00e1vat opot\u0159eben\u00ed v d\u016fsledku neust\u00e1l\u00e9ho pou\u017e\u00edv\u00e1n\u00ed v n\u00e1ro\u010dn\u00fdch podm\u00ednk\u00e1ch. V\u00fdb\u011br materi\u00e1l\u016f s vysokou odolnost\u00ed proti opot\u0159eben\u00ed p\u0159isp\u00edv\u00e1 k dlouh\u00e9 \u017eivotnosti v\u00e1lce.<\/p>\n<h3>Bezpe\u010dnostn\u00ed prvky<\/h3>\n<p>Za\u010dlen\u011bn\u00ed bezpe\u010dnostn\u00edch prvk\u016f do konstrukce v\u00e1lce v\u00fdlo\u017en\u00edku je nezbytn\u00e9 pro prevenci nehod b\u011bhem provozu. Prvky, jako jsou p\u0159etlakov\u00e9 ventily a robustn\u00ed konstrukce, zvy\u0161uj\u00ed provozn\u00ed bezpe\u010dnost.<\/p>\n<h3>P\u0159\u00edstupnost \u00fadr\u017eby<\/h3>\n<p>Snadn\u00e1 \u00fadr\u017eba je p\u0159i v\u00fdb\u011bru v\u00e1lce v\u00fdlo\u017en\u00edku kl\u00ed\u010dov\u00fdm faktorem. Konstrukce, kter\u00e1 umo\u017e\u0148uje snadn\u00e9 kontroly, opravy a v\u00fdm\u011bnu sou\u010d\u00e1st\u00ed, m\u016f\u017ee v\u00fdrazn\u011b zkr\u00e1tit prostoje a prodlou\u017eit \u017eivotnost v\u00e1lce.<\/p>\n<p><img decoding=\"async\" src=\"https:\/\/www.hydraulic-cylinders.net\/wp-content\/uploads\/2025\/04\/songte-oil-pipes-and-spare-parts.webp\" alt=\"Olejov\u00e9 trubky a n\u00e1hradn\u00ed d\u00edly\" \/><\/p>\n<h2>T\u011bsn\u011bn\u00ed a maz\u00e1n\u00ed<\/h2>\n<p>Pro zaji\u0161t\u011bn\u00ed optim\u00e1ln\u00edho v\u00fdkonu se pou\u017e\u00edvaj\u00ed r\u016fzn\u00e9 t\u011bsnic\u00ed komponenty, v\u010detn\u011b t\u011bsn\u011bn\u00ed p\u00edst\u016f a t\u011bsn\u011bn\u00ed p\u00edstnic. T\u011bsn\u011bn\u00ed vyroben\u00e1 z odoln\u00fdch materi\u00e1l\u016f, jako je polyuretan a nitrilov\u00e1 pry\u017e, jsou nezbytn\u00e1 pro prevenci \u00fanik\u016f hydraulick\u00e9 kapaliny a udr\u017een\u00ed tlaku. T\u011bleso v\u00e1lce a z\u00e1vitov\u00e9 koncov\u00e9 plochy jsou nav\u00edc p\u0159esn\u011b obr\u00e1b\u011bny pro zv\u00fd\u0161en\u00ed odolnosti proti opot\u0159eben\u00ed. Pravideln\u00e9 maz\u00e1n\u00ed hydraulick\u00fdm olejem je z\u00e1sadn\u00ed pro minimalizaci t\u0159en\u00ed a prevenci opot\u0159eben\u00ed, \u010d\u00edm\u017e se zaji\u0161\u0165uje hladk\u00fd chod v\u00e1lce v\u00fdlo\u017en\u00edku.<\/p>\n<h2>Preventivn\u00ed \u00fadr\u017ebov\u00e1 opat\u0159en\u00ed<\/h2>\n<ul>\n<li><strong>Pravideln\u00e9 kontroly:<\/strong> Prov\u00e1d\u011bn\u00ed pravideln\u00fdch kontrol pom\u00e1h\u00e1 identifikovat potenci\u00e1ln\u00ed probl\u00e9my d\u0159\u00edve, ne\u017e se zhor\u0161\u00ed, a zaji\u0161\u0165uje tak dlouhou \u017eivotnost v\u00e1lce v\u00fdlo\u017en\u00edku.<\/li>\n<li><strong>Spr\u00e1vn\u00e9 maz\u00e1n\u00ed:<\/strong> Zaji\u0161t\u011bn\u00ed dostate\u010dn\u00e9ho maz\u00e1n\u00ed pohybliv\u00fdch \u010d\u00e1st\u00ed je nezbytn\u00e9 pro hladk\u00fd provoz a sn\u00ed\u017een\u00ed opot\u0159eben\u00ed.<\/li>\n<li><strong>V\u00fdm\u011bna t\u011bsn\u011bn\u00ed:<\/strong> Pravideln\u00e1 v\u00fdm\u011bna opot\u0159ebovan\u00fdch t\u011bsn\u011bn\u00ed zabra\u0148uje \u00fanik\u016fm hydraulick\u00e9 kapaliny a udr\u017euje optim\u00e1ln\u00ed v\u00fdkon.<\/li>\n<\/ul>\n<h2>Pokyny k instalaci<\/h2>\n<p>Spr\u00e1vn\u00e1 instalace v\u00e1lce v\u00fdlo\u017en\u00edku je z\u00e1sadn\u00ed pro optim\u00e1ln\u00ed funk\u010dnost. Za\u010dn\u011bte t\u00edm, \u017ee se ujist\u00edte, \u017ee v\u0161echny sou\u010d\u00e1sti jsou \u010dist\u00e9 a bez ne\u010distot. V\u00e1lec p\u0159esn\u011b vyrovnejte s mont\u00e1\u017en\u00edmi body, abyste zabr\u00e1nili jeho nespr\u00e1vn\u00e9mu vyrovn\u00e1n\u00ed. K pevn\u00e9mu upevn\u011bn\u00ed v\u00e1lce pou\u017eijte vhodn\u00e9 mont\u00e1\u017en\u00ed konzoly. Pro zaji\u0161t\u011bn\u00ed bezpe\u010dn\u00e9ho spojen\u00ed dodr\u017eujte specifikace v\u00fdrobce ohledn\u011b nastaven\u00ed utahovac\u00edho momentu. Nakonec p\u0159ed pln\u00fdm pou\u017eit\u00edm v\u00e1lce otestujte jeho funkci, abyste se ujistili, \u017ee funguje podle o\u010dek\u00e1v\u00e1n\u00ed. Dodr\u017eov\u00e1n\u00ed t\u011bchto pokyn\u016f maximalizuje \u00fa\u010dinnost a \u017eivotnost v\u00e1lce v\u00fdlo\u017en\u00edku.<\/p>\n<h2>B\u011b\u017en\u00e9 \u00fakoly \u00fadr\u017eby<\/h2>\n<h3>Pravideln\u00e9 kontroly<\/h3>\n<p>Prov\u00e1d\u011bn\u00ed pravideln\u00fdch kontrol hydraulick\u00e9ho syst\u00e9mu je z\u00e1sadn\u00ed pro odhalen\u00ed opot\u0159eben\u00ed a potenci\u00e1ln\u00edch poruch. B\u011bhem provozu hledejte zn\u00e1mky net\u011bsnost\u00ed, prasklin nebo neobvykl\u00fdch zvuk\u016f. V\u010dasn\u00e1 detekce umo\u017e\u0148uje v\u010dasn\u00e9 opravy, minimalizuje prostoje a n\u00e1klady.<\/p>\n<h3>Spr\u00e1vn\u00e9 maz\u00e1n\u00ed<\/h3>\n<p>Zaji\u0161t\u011bn\u00ed dostate\u010dn\u00e9ho maz\u00e1n\u00ed v\u0161ech pohybliv\u00fdch \u010d\u00e1st\u00ed je z\u00e1sadn\u00ed pro udr\u017een\u00ed hladk\u00e9ho provozu. Pou\u017e\u00edvejte doporu\u010den\u00e9 typy hydraulick\u00e9ho oleje a dodr\u017eujte pl\u00e1n maz\u00e1n\u00ed, abyste zabr\u00e1nili opot\u0159eben\u00ed a prodlou\u017eili \u017eivotnost v\u00e1lce.<\/p>\n<h3>V\u00fdm\u011bna t\u011bsn\u011bn\u00ed a kontroly kalibrace<\/h3>\n<p>Postupem \u010dasu se t\u011bsn\u011bn\u00ed mohou opot\u0159ebovat a je nutn\u00e9 je vym\u011bnit. Pravideln\u011b kontrolujte stav t\u011bsn\u011bn\u00ed a v p\u0159\u00edpad\u011b pot\u0159eby je vym\u011b\u0148ujte. Kalibra\u010dn\u00ed kontroly zaji\u0161\u0165uj\u00ed, \u017ee hydraulick\u00fd syst\u00e9m pracuje v r\u00e1mci stanoven\u00fdch parametr\u016f, co\u017e zvy\u0161uje v\u00fdkon a bezpe\u010dnost.<\/p>\n<p><img decoding=\"async\" src=\"https:\/\/www.hydraulic-cylinders.net\/wp-content\/uploads\/2025\/04\/songte-chushion-collar.webp\" alt=\"Pol\u0161t\u00e1\u0159ov\u00fd l\u00edmec\" \/><\/p>\n<h2>Bezpe\u010dnostn\u00ed aspekty a faktory prost\u0159ed\u00ed<\/h2>\n<p>P\u0159i pr\u00e1ci s hydraulick\u00fdmi syst\u00e9my jsou bezpe\u010dnostn\u00ed opat\u0159en\u00ed prvo\u0159ad\u00e1. Obsluha by m\u011bla b\u00fdt pro\u0161kolena v bezpe\u010dn\u00fdch provozn\u00edch postupech a m\u011bla by si b\u00fdt v\u011bdoma potenci\u00e1ln\u00edch nebezpe\u010d\u00ed spojen\u00fdch s hydraulick\u00fdmi stroji. Zaveden\u00ed bezpe\u010dnostn\u00edch protokol\u016f minimalizuje rizika a chr\u00e1n\u00ed jak person\u00e1l, tak za\u0159\u00edzen\u00ed.<\/p>\n<h2>Diagnostika z\u00e1vad a b\u011b\u017en\u00e9 probl\u00e9my<\/h2>\n<ul>\n<li><strong>Hydraulick\u00e9 net\u011bsnosti:<\/strong> Tento probl\u00e9m m\u016f\u017ee vzniknout v d\u016fsledku opot\u0159ebovan\u00fdch t\u011bsn\u011bn\u00ed nebo po\u0161kozen\u00fdch hadic. Pravideln\u00e9 kontroly mohou pomoci v\u010das odhalit net\u011bsnosti a zabr\u00e1nit tak ztr\u00e1t\u011b hydraulick\u00e9 kapaliny a tlaku.<\/li>\n<li><strong>Nekonzistentn\u00ed v\u00fdkon:<\/strong> Pokud v\u00e1lec v\u00fdlo\u017en\u00edku pracuje nepravideln\u011b, m\u016f\u017ee to znamenat probl\u00e9my s hydraulickou kapalinou nebo vnit\u0159n\u00edmi sou\u010d\u00e1stmi. Pravideln\u00e1 \u00fadr\u017eba m\u016f\u017ee odhalit hlavn\u00ed p\u0159\u00ed\u010diny a obnovit funk\u010dnost.<\/li>\n<li><strong>Hlu\u010dn\u00fd provoz:<\/strong> Neobvykl\u00e9 zvuky b\u011bhem provozu mohou signalizovat vnit\u0159n\u00ed po\u0161kozen\u00ed nebo nedostatek maz\u00e1n\u00ed. Prozkoum\u00e1n\u00ed zdroje hluku m\u016f\u017ee pomoci p\u0159edej\u00edt dal\u0161\u00edmu po\u0161kozen\u00ed.<\/li>\n<\/ul>\n<h2>Tipy a \u0159e\u0161en\u00ed probl\u00e9m\u016f<\/h2>\n<p>Aby bylo mo\u017en\u00e9 efektivn\u011b diagnostikovat a \u0159e\u0161it probl\u00e9my, m\u011bli by se oper\u00e1to\u0159i sezn\u00e1mit s provozem hydraulick\u00e9ho syst\u00e9mu. Pravideln\u011b kontrolujte hladinu kapalin a opot\u0159eben\u00ed t\u011bsn\u011bn\u00ed. V p\u0159\u00edpad\u011b probl\u00e9m\u016f se \u0159i\u010fte pokyny v\u00fdrobce pro postupy odstra\u0148ov\u00e1n\u00ed probl\u00e9m\u016f. Prov\u00e1d\u011bjte preventivn\u00ed opat\u0159en\u00ed, jako je pravideln\u00e1 \u00fadr\u017eba, abyste minimalizovali riziko b\u011b\u017en\u00fdch probl\u00e9m\u016f.<\/p>\n<p><img decoding=\"async\" src=\"https:\/\/www.hydraulic-cylinders.net\/wp-content\/uploads\/2025\/04\/songte-bushings-with-all-kinds-of-excavator-models.webp\" alt=\"Pouzdra\" \/><\/p>\n<h2>P\u0159ehled spole\u010dnosti<\/h2>\n<p>Jsme v\u00fdrobce specializuj\u00edc\u00ed se na n\u00e1hradn\u00ed hydraulick\u00e9 v\u00e1lce, kter\u00fd nab\u00edz\u00ed komplexn\u00ed sortiment produkt\u016f a st\u00e1v\u00e1 se jedn\u00edm z p\u0159edn\u00edch v\u00fdrobc\u016f a velkoobchodn\u00edk\u016f na dom\u00e1c\u00edm i mezin\u00e1rodn\u00edm trhu. N\u00e1\u0161 z\u00e1vazek k vynikaj\u00edc\u00ed kvalit\u011b je zako\u0159en\u011bn v na\u0161\u00ed propracovan\u00e9 strategii \u0159\u00edzen\u00ed v\u00fdroby. Vyu\u017e\u00edv\u00e1me technologick\u00e9 talenty, \u0161pi\u010dkov\u00e9 digit\u00e1ln\u00ed v\u00fdrobn\u00ed za\u0159\u00edzen\u00ed a profesion\u00e1ln\u00ed testovac\u00ed syst\u00e9my, abychom neust\u00e1le vylep\u0161ovali na\u0161i v\u00fdrobn\u00ed platformu s c\u00edlem zlep\u0161it kvalitu v\u00fdrobk\u016f. Na\u0161e robustn\u00ed kreativn\u00ed schopnosti n\u00e1m umo\u017e\u0148uj\u00ed efektivn\u011b uspokojovat rozmanit\u00e9 pot\u0159eby z\u00e1kazn\u00edk\u016f.<\/p>\n<h3>Odbornost a mezin\u00e1rodn\u00ed certifikace<\/h3>\n<p>Na\u0161e odborn\u00e9 znalosti ve v\u00fdrob\u011b hydraulick\u00fdch v\u00e1lc\u016f jsou podlo\u017eeny mezin\u00e1rodn\u00edmi certifikacemi, kter\u00e9 zaji\u0161\u0165uj\u00ed, \u017ee na\u0161e v\u00fdrobky spl\u0148uj\u00ed glob\u00e1ln\u00ed standardy kvality. To zaru\u010duje spolehlivost a v\u00fdkon a d\u00e1v\u00e1 z\u00e1kazn\u00edk\u016fm d\u016fv\u011bru v na\u0161i nab\u00eddku.<\/p>\n<h3>Zak\u00e1zkov\u00e9 slu\u017eby<\/h3>\n<p>Nab\u00edz\u00edme \u0159e\u0161en\u00ed na m\u00edru, kter\u00e1 spl\u0148uj\u00ed specifick\u00e9 provozn\u00ed po\u017eadavky, a zaji\u0161\u0165ujeme tak, aby na\u0161i klienti obdr\u017eeli hydraulick\u00e9 v\u00e1lce, kter\u00e9 dokonale odpov\u00eddaj\u00ed pot\u0159eb\u00e1m jejich stroj\u016f a aplikac\u00ed.<\/p>\n<h3>V\u00fdrobn\u00ed za\u0159\u00edzen\u00ed<\/h3>\n<p>Na\u0161e nejmodern\u011bj\u0161\u00ed v\u00fdrobn\u00ed za\u0159\u00edzen\u00ed umo\u017e\u0148uje vysokou p\u0159esnost a efektivitu v\u00fdrobn\u00edch proces\u016f a zaji\u0161\u0165uje tak nejvy\u0161\u0161\u00ed kvalitu hydraulick\u00fdch v\u00e1lc\u016f.<\/p>\n<h3>Poprodejn\u00ed servis<\/h3>\n<p>Jsme hrd\u00ed na to, \u017ee poskytujeme v\u00fdjime\u010dn\u00fd poprodejn\u00ed servis a zaji\u0161\u0165ujeme, aby na\u0161i z\u00e1kazn\u00edci dost\u00e1vali nep\u0159etr\u017eitou podporu a pomoc po celou dobu \u017eivotn\u00edho cyklu na\u0161ich produkt\u016f.<\/p>\n<p><img decoding=\"async\" src=\"https:\/\/www.hydraulic-cylinders.net\/wp-content\/uploads\/2025\/04\/songte-company-4.webp\" alt=\"P\u0159ehled spole\u010dnosti 1\" \/><br \/>\n<img decoding=\"async\" src=\"https:\/\/www.hydraulic-cylinders.net\/wp-content\/uploads\/2025\/04\/songte-company-3.webp\" alt=\"P\u0159ehled spole\u010dnosti 2\" \/><\/p>\n<p>Autor: lyl<\/p>","protected":false},"excerpt":{"rendered":"<p>Boom Cylinder For Kobelco Large Excavator SK450-6-6E Product Overview The Boom Cylinder for Kobelco Large Excavator SK450-6-6E is a vital component in heavy machinery, specifically designed for controlling the boom&#8217;s movement in excavators. This hydraulic cylinder plays a crucial role in various applications, allowing for efficient operation and maneuverability of the machine. The boom cylinder [&hellip;]<\/p>","protected":false},"featured_media":17875,"comment_status":"open","ping_status":"closed","template":"","meta":{"_et_pb_use_builder":"","_et_pb_old_content":"","_et_gb_content_width":""},"product_brand":[],"product_cat":[1546],"product_tag":[1547,1496],"class_list":{"0":"post-19084","1":"product","2":"type-product","3":"status-publish","4":"has-post-thumbnail","6":"product_cat-boom-cylinders","7":"product_tag-boom-cylinders","8":"product_tag-hydraulic-cylinders","10":"first","11":"instock","12":"shipping-taxable","13":"product-type-simple"},"amp_enabled":true,"_links":{"self":[{"href":"https:\/\/www.hydraulic-cylinders.net\/cs\/wp-json\/wp\/v2\/product\/19084","targetHints":{"allow":["GET"]}}],"collection":[{"href":"https:\/\/www.hydraulic-cylinders.net\/cs\/wp-json\/wp\/v2\/product"}],"about":[{"href":"https:\/\/www.hydraulic-cylinders.net\/cs\/wp-json\/wp\/v2\/types\/product"}],"replies":[{"embeddable":true,"href":"https:\/\/www.hydraulic-cylinders.net\/cs\/wp-json\/wp\/v2\/comments?post=19084"}],"wp:featuredmedia":[{"embeddable":true,"href":"https:\/\/www.hydraulic-cylinders.net\/cs\/wp-json\/wp\/v2\/media\/17875"}],"wp:attachment":[{"href":"https:\/\/www.hydraulic-cylinders.net\/cs\/wp-json\/wp\/v2\/media?parent=19084"}],"wp:term":[{"taxonomy":"product_brand","embeddable":true,"href":"https:\/\/www.hydraulic-cylinders.net\/cs\/wp-json\/wp\/v2\/product_brand?post=19084"},{"taxonomy":"product_cat","embeddable":true,"href":"https:\/\/www.hydraulic-cylinders.net\/cs\/wp-json\/wp\/v2\/product_cat?post=19084"},{"taxonomy":"product_tag","embeddable":true,"href":"https:\/\/www.hydraulic-cylinders.net\/cs\/wp-json\/wp\/v2\/product_tag?post=19084"}],"curies":[{"name":"wp","href":"https:\/\/api.w.org\/{rel}","templated":true}]}}