{"id":19094,"date":"2025-04-07T06:12:30","date_gmt":"2025-04-07T06:12:30","guid":{"rendered":"https:\/\/www.hydraulic-cylinders.net\/product\/boom-cylinder-for-yugong-wy15-7\/"},"modified":"2025-04-07T06:12:32","modified_gmt":"2025-04-07T06:12:32","slug":"boom-cylinder-for-yugong-wy15-7","status":"publish","type":"product","link":"https:\/\/www.hydraulic-cylinders.net\/cs\/produkt\/boom-cylinder-for-yugong-wy15-7\/","title":{"rendered":"V\u00e1lec v\u00fdlo\u017en\u00edku pro Yugong WY15-7"},"content":{"rendered":"<h1>V\u00e1lec v\u00fdlo\u017en\u00edku pro Yugong WY15-7<\/h1>\n<h2>P\u0159ehled produktu<\/h2>\n<p>Hydraulick\u00fd v\u00e1lec v\u00fdlo\u017en\u00edku pro Yugong WY15-7 je specializovan\u00fd hydraulick\u00fd v\u00e1lec ur\u010den\u00fd pro ovl\u00e1d\u00e1n\u00ed pohybu l\u017e\u00edc v r\u016fzn\u00fdch t\u011b\u017ek\u00fdch stroj\u00edch. Hydraulick\u00e9 v\u00e1lce jsou kl\u00ed\u010dov\u00fdmi sou\u010d\u00e1stmi hydraulick\u00fdch syst\u00e9m\u016f, kter\u00e9 umo\u017e\u0148uj\u00ed p\u0159esn\u00e9 ovl\u00e1d\u00e1n\u00ed pohybu a polohov\u00e1n\u00ed za\u0159\u00edzen\u00ed. Tento konkr\u00e9tn\u00ed v\u00e1lec v\u00fdlo\u017en\u00edku je ned\u00edlnou sou\u010d\u00e1st\u00ed funkce rypadel, r\u00fdpadel-naklada\u010d\u016f a \u010deln\u00edch naklada\u010d\u016f a umo\u017e\u0148uje efektivn\u00ed zved\u00e1n\u00ed, spou\u0161t\u011bn\u00ed a nakl\u00e1p\u011bn\u00ed l\u017e\u00edce, \u010d\u00edm\u017e usnad\u0148uje manipulaci s materi\u00e1lem.<\/p>\n<p>Hydraulick\u00e9 v\u00e1lce kore\u010dk\u016f jsou speci\u00e1ln\u011b pou\u017e\u00edvan\u00e9 k ovl\u00e1d\u00e1n\u00ed \u010dinnosti rypn\u00fdch a zvedac\u00edch za\u0159\u00edzen\u00ed a slou\u017e\u00ed jako p\u00e1te\u0159 mnoha operac\u00ed stavebn\u00edch a zem\u011bd\u011blsk\u00fdch stroj\u016f. V\u00fdkon hydraulick\u00e9ho syst\u00e9mu v kombinaci s mechanickou v\u00fdhodou poskytovanou v\u00e1lcem umo\u017e\u0148uje snadnou manipulaci s t\u011b\u017ek\u00fdmi b\u0159emeny. S d\u016frazem na spolehlivost a v\u00fdkon zaji\u0161\u0165uje v\u00e1lec v\u00fdlo\u017en\u00edku pro Yugong WY15-7, \u017ee obsluha m\u016f\u017ee vykon\u00e1vat \u00fakoly bezpe\u010dn\u011b a efektivn\u011b.<\/p>\n<p><img decoding=\"async\" src=\"https:\/\/www.hydraulic-cylinders.net\/wp-content\/uploads\/2025\/04\/songte-company-1.webp\" alt=\"V\u00e1lec v\u00fdlo\u017en\u00edku pro Yugong WY15-7\"><\/p>\n<h2>Vlastnosti v\u00e1lce v\u00fdlo\u017en\u00edku pro Yugong WY15-7<\/h2>\n<ul>\n<li><strong>Vysok\u00e1 pevnost a trvanlivost:<\/strong> Tato l\u00e1hev, vyroben\u00e1 z vysokopevnostn\u00ed oceli nebo hlin\u00edku, odol\u00e1 vysok\u00e9mu tlaku a velk\u00e9mu zat\u00ed\u017een\u00ed, tak\u017ee je vhodn\u00e1 pro n\u00e1ro\u010dn\u00e9 pracovn\u00ed prost\u0159ed\u00ed. Konstrukce zohled\u0148uje odolnost proti opot\u0159eben\u00ed a korozi, co\u017e prodlu\u017euje jej\u00ed \u017eivotnost.<\/li>\n<li><strong>Efektivn\u00ed hydraulick\u00fd provoz:<\/strong> Tento v\u00e1lec vyu\u017e\u00edv\u00e1 hydraulick\u00fd tlak oleje k dosa\u017een\u00ed plynul\u00e9ho zasouv\u00e1n\u00ed a vysouv\u00e1n\u00ed, rychle reaguje na povely obsluhy a poskytuje silnou tlakovou a ta\u017enou s\u00edlu, ide\u00e1ln\u00ed pro manipulaci s t\u011b\u017ek\u00fdmi a slo\u017eit\u00fdmi \u00fakoly.<\/li>\n<li><strong>R\u016fzn\u00e9 mo\u017enosti:<\/strong> V\u00e1lec v\u00fdlo\u017en\u00edku je k dispozici v jedno\u010dinn\u00e9m (hydraulicky ovl\u00e1dan\u00fd v jednom sm\u011bru) nebo dvoj\u010dinn\u00e9m (hydraulicky ovl\u00e1dan\u00fd v obou sm\u011brech) proveden\u00ed, aby spl\u0148oval r\u016fzn\u00e9 provozn\u00ed po\u017eadavky. N\u011bkter\u00e9 modely jsou vybaveny teleskopickou konstrukc\u00ed, kter\u00e1 umo\u017e\u0148uje v\u011bt\u0161\u00ed vysunut\u00ed bez zv\u011bt\u0161en\u00ed vn\u011bj\u0161\u00edch rozm\u011br\u016f, co\u017e je ide\u00e1ln\u00ed pro aplikace s omezen\u00fdm prostorem.<\/li>\n<li><strong>P\u0159esn\u00e9 stroj\u00edrenstv\u00ed:<\/strong> Ka\u017ed\u00fd v\u00e1lec je vyroben s p\u0159esnost\u00ed, aby byl zaji\u0161t\u011bn optim\u00e1ln\u00ed v\u00fdkon a dlouh\u00e1 \u017eivotnost, a to d\u00edky vyu\u017eit\u00ed pokro\u010dil\u00fdch technologi\u00ed ve v\u00fdrobn\u00edm procesu.<\/li>\n<li><strong>Kompatibilita:<\/strong> Na\u0161e produkty slou\u017e\u00ed jako perfektn\u00ed n\u00e1hrada za r\u016fzn\u00e9 hydraulick\u00e9 v\u00e1lce a zaji\u0161\u0165uj\u00ed tak bezprobl\u00e9movou integraci a provoz nap\u0159\u00ed\u010d r\u016fzn\u00fdmi modely stroj\u016f.<\/li>\n<\/ul>\n<p><img decoding=\"async\" src=\"https:\/\/www.hydraulic-cylinders.net\/wp-content\/uploads\/2025\/04\/songte-cylinder-head-with-all-kinds-excavator-models.webp\" alt=\"Kompatibilita s modely bagr\u016f\"><\/p>\n<h2>Pou\u017eit\u00ed v\u00e1lce v\u00fdlo\u017en\u00edku pro Yugong WY15-7<\/h2>\n<h3>Stavebn\u00ed stroje<\/h3>\n<p>U bagr\u016f hraje v\u00e1lec v\u00fdlo\u017en\u00edku z\u00e1sadn\u00ed roli p\u0159i kop\u00e1n\u00ed, nakl\u00e1d\u00e1n\u00ed a p\u0159emis\u0165ov\u00e1n\u00ed zeminy nebo suti. Umo\u017e\u0148uje p\u0159esn\u00e9 ovl\u00e1d\u00e1n\u00ed polohy l\u017e\u00edce, co\u017e umo\u017e\u0148uje obsluze pracovat efektivn\u011b a \u00fa\u010dinn\u011b. U r\u00fdpadlo-naklada\u010d\u016f pom\u00e1h\u00e1 v\u00e1lec l\u017e\u00edce nejen p\u0159i v\u00fdkopu, ale i p\u0159i zved\u00e1n\u00ed, tak\u017ee je nezbytn\u00fd pro prov\u00e1d\u011bn\u00ed r\u016fzn\u00fdch \u00fakol\u016f na staveni\u0161t\u00edch.<\/p>\n<h3>Zem\u011bd\u011blsk\u00e9 stroje<\/h3>\n<p>U \u010deln\u00edch naklada\u010d\u016f je v\u00e1lec v\u00fdlo\u017en\u00edku kl\u00ed\u010dov\u00fd pro nab\u00edr\u00e1n\u00ed, zved\u00e1n\u00ed a p\u0159epravu zeminy, sena a dal\u0161\u00edch materi\u00e1l\u016f. Tato hydraulick\u00e1 sou\u010d\u00e1st zaji\u0161\u0165uje rychl\u00e9 a minim\u00e1ln\u00ed \u00fasil\u00ed p\u0159i prov\u00e1d\u011bn\u00ed zem\u011bd\u011blsk\u00fdch \u00fakon\u016f, co\u017e zvy\u0161uje produktivitu v zem\u011bd\u011blsk\u00fdch operac\u00edch.<\/p>\n<h3>Bagry<\/h3>\n<p>V\u00e1lec v\u00fdlo\u017en\u00edku usnad\u0148uje kop\u00e1n\u00ed t\u00edm, \u017ee umo\u017e\u0148uje l\u017e\u00edci efektivn\u011b pronikat do p\u016fdy. Tato konstrukce je z\u00e1sadn\u00ed pro dosa\u017een\u00ed hlubok\u00fdch v\u00fdkop\u016f a zaji\u0161t\u011bn\u00ed toho, aby obsluha mohla vykon\u00e1vat sv\u00e9 \u00fakoly bez nadm\u011brn\u00e9ho nam\u00e1h\u00e1n\u00ed stroje.<\/p>\n<h3>Naklada\u010de<\/h3>\n<p>U \u010deln\u00edch naklada\u010d\u016f je v\u00e1lec v\u00fdlo\u017en\u00edku zodpov\u011bdn\u00fd za efektivn\u00ed zved\u00e1n\u00ed a vykl\u00e1p\u011bn\u00ed b\u0159emen. Jeho spolehliv\u00fd v\u00fdkon zaji\u0161\u0165uje rychl\u00fd p\u0159esun materi\u00e1l\u016f, \u010d\u00edm\u017e se zkracuj\u00ed prostoje a zvy\u0161uje celkov\u00e1 produktivita na staveni\u0161ti.<\/p>\n<h2>Konstruk\u010dn\u00ed aspekty a krit\u00e9ria v\u00fdb\u011bru<\/h2>\n<h3>Nosnost<\/h3>\n<p>P\u0159i v\u00fdb\u011bru v\u00e1lce v\u00fdlo\u017en\u00edku je jedn\u00edm z hlavn\u00edch krit\u00e9ri\u00ed jeho nosnost. V\u00e1lec mus\u00ed b\u00fdt schopen un\u00e9st maxim\u00e1ln\u00ed hmotnost, kterou zvl\u00e1dne b\u011bhem provozu. To zahrnuje vyhodnocen\u00ed specifikac\u00ed hydraulick\u00e9ho syst\u00e9mu a zaji\u0161t\u011bn\u00ed toho, aby v\u00e1lec mohl dodat po\u017eadovanou s\u00edlu bez kompromis\u016f v oblasti bezpe\u010dnosti nebo v\u00fdkonu. D\u016fkladn\u00e1 anal\u00fdza po\u017eadavk\u016f na zat\u00ed\u017een\u00ed je nezbytn\u00e1 pro prevenci selh\u00e1n\u00ed v\u00e1lce a zaji\u0161t\u011bn\u00ed bezpe\u010dn\u00e9ho provozu.<\/p>\n<h3>T\u011bsnic\u00ed v\u00fdkon<\/h3>\n<p>T\u011bsn\u011bn\u00ed je kritick\u00fdm aspektem konstrukce hydraulick\u00e9ho v\u00e1lce. Pro udr\u017een\u00ed optim\u00e1ln\u00edho v\u00fdkonu a \u00fa\u010dinnosti mus\u00ed t\u011bsn\u011bn\u00ed zabr\u00e1nit \u00faniku hydraulick\u00e9 kapaliny a z\u00e1rove\u0148 umo\u017enit plynul\u00fd pohyb v\u00e1lce. Vysoce kvalitn\u00ed t\u011bsn\u011bn\u00ed (jako jsou p\u00edstn\u00ed a p\u00edstn\u00ed t\u011bsn\u011bn\u00ed) vyroben\u00e1 z odoln\u00fdch materi\u00e1l\u016f, jako je polyuretan nebo nitrilov\u00e1 pry\u017e, jsou nezbytn\u00e1 pro udr\u017een\u00ed tlaku a minimalizaci opot\u0159eben\u00ed. Spr\u00e1vn\u00e9 t\u011bsn\u011bn\u00ed p\u0159isp\u00edv\u00e1 k dlouh\u00e9 \u017eivotnosti sou\u010d\u00e1sti a cel\u00e9ho hydraulick\u00e9ho syst\u00e9mu.<\/p>\n<h3>Trvanlivost<\/h3>\n<p>Trvanlivost je pro hydraulick\u00e9 v\u00e1lce kl\u00ed\u010dov\u00e1, zejm\u00e9na v n\u00e1ro\u010dn\u00fdch prost\u0159ed\u00edch. Materi\u00e1ly pou\u017eit\u00e9 p\u0159i v\u00fdrob\u011b mus\u00ed odol\u00e1vat opot\u0159eben\u00ed, korozi a vystaven\u00ed extr\u00e9mn\u00edm podm\u00ednk\u00e1m. B\u011b\u017en\u011b se pou\u017e\u00edv\u00e1 vysokopevnostn\u00ed ocel nebo hlin\u00edk s povrchov\u00fdmi \u00fapravami pro zv\u00fd\u0161en\u00ed odolnosti v\u016f\u010di od\u011bru a vliv\u016fm prost\u0159ed\u00ed. Volba odoln\u00fdch materi\u00e1l\u016f zaji\u0161\u0165uje, \u017ee v\u00e1lec bude spolehliv\u011b fungovat po celou dobu sv\u00e9 zam\u00fd\u0161len\u00e9 \u017eivotnosti.<\/p>\n<h3>Bezpe\u010dnostn\u00ed prvky<\/h3>\n<p>Bezpe\u010dnost je p\u0159i pr\u00e1ci s t\u011b\u017ek\u00fdmi stroji prvo\u0159ad\u00e1. V\u00e1lec v\u00fdlo\u017en\u00edku by m\u011bl b\u00fdt vybaven bezpe\u010dnostn\u00edmi prvky, jako jsou p\u0159etlakov\u00e9 ventily, kter\u00e9 zabra\u0148uj\u00ed p\u0159etlaku, a tak\u00e9 bezpe\u010dnostn\u00edmi pojistkami, kter\u00e9 dok\u00e1\u017e\u00ed v\u00e1lec zablokovat v p\u0159\u00edpad\u011b ztr\u00e1ty hydraulick\u00e9ho tlaku. Tyto prvky chr\u00e1n\u00ed obsluhu i za\u0159\u00edzen\u00ed p\u0159ed mo\u017en\u00fdmi nehodami nebo zran\u011bn\u00edmi.<\/p>\n<h3>Udr\u017eovatelnost<\/h3>\n<p>Snadn\u00e1 \u00fadr\u017eba je dal\u0161\u00edm kl\u00ed\u010dov\u00fdm hlediskem p\u0159i konstrukci hydraulick\u00e9ho v\u00e1lce. V\u00e1lec by m\u011bl umo\u017e\u0148ovat jednoduch\u00e9 \u00fadr\u017eb\u00e1\u0159sk\u00e9 \u00fakony, jako je v\u00fdm\u011bna oleje, t\u011bsn\u011bn\u00ed a kontroly. P\u0159\u00edstupn\u00e1 konstrukce m\u016f\u017ee v\u00fdrazn\u011b sn\u00ed\u017eit prostoje a n\u00e1klady na \u00fadr\u017ebu a zajistit, aby obsluha mohla udr\u017eovat sv\u00e9 stroje v optim\u00e1ln\u00edm provozn\u00edm stavu s minim\u00e1ln\u00edmi obt\u00ed\u017eemi.<\/p>\n<p><img decoding=\"async\" src=\"https:\/\/www.hydraulic-cylinders.net\/wp-content\/uploads\/2025\/04\/songte-oil-pipes-and-spare-parts.webp\" alt=\"N\u00e1hradn\u00ed d\u00edly pro hydraulick\u00e9 v\u00e1lce\"><\/p>\n<h2>T\u011bsn\u011bn\u00ed a maz\u00e1n\u00ed<\/h2>\n<p>\u00da\u010dinn\u00e9 t\u011bsn\u011bn\u00ed a maz\u00e1n\u00ed jsou nezbytn\u00e9 pro optim\u00e1ln\u00ed v\u00fdkon hydraulick\u00fdch v\u00e1lc\u016f. R\u016fzn\u00e9 t\u011bsnic\u00ed prvky, jako jsou t\u011bsn\u011bn\u00ed p\u00edst\u016f a p\u00edstnic, hraj\u00ed kl\u00ed\u010dovou roli v udr\u017eov\u00e1n\u00ed tlaku a prevenci \u00fanik\u016f. T\u011bsn\u011bn\u00ed vyroben\u00e1 z materi\u00e1l\u016f odoln\u00fdch proti opot\u0159eben\u00ed, jako je polyuretan a nitrilov\u00e1 pry\u017e, se b\u011b\u017en\u011b pou\u017e\u00edvaj\u00ed d\u00edky sv\u00e9 odolnosti a flexibilit\u011b.<\/p>\n<p>T\u011bleso v\u00e1lce a z\u00e1vitov\u00e9 koncov\u00e9 plochy proch\u00e1zej\u00ed jemn\u00fdm obr\u00e1b\u011bn\u00edm, aby se zv\u00fd\u0161ila odolnost proti opot\u0159eben\u00ed a zajistilo spr\u00e1vn\u00e9 usazen\u00ed. Pravideln\u00e9 maz\u00e1n\u00ed hydraulick\u00fdm olejem je nezbytn\u00e9 pro minimalizaci t\u0159en\u00ed a opot\u0159eben\u00ed, co\u017e p\u0159isp\u00edv\u00e1 k dlouh\u00e9 \u017eivotnosti a \u00fa\u010dinnosti hydraulick\u00e9ho syst\u00e9mu. Spr\u00e1vn\u00e9 postupy maz\u00e1n\u00ed pom\u00e1haj\u00ed udr\u017eovat optim\u00e1ln\u00ed v\u00fdkon v\u00e1lce a p\u0159edch\u00e1zet p\u0159ed\u010dasn\u00e9mu selh\u00e1n\u00ed, co\u017e v kone\u010dn\u00e9m d\u016fsledku sni\u017euje n\u00e1klady na \u00fadr\u017ebu.<\/p>\n<h2>Pravideln\u00e1 kontrola a preventivn\u00ed \u00fadr\u017eba<\/h2>\n<ul>\n<li><strong>Vizu\u00e1ln\u00ed kontroly:<\/strong> Pravideln\u00e9 vizu\u00e1ln\u00ed kontroly by m\u011bly b\u00fdt prov\u00e1d\u011bny, aby se zkontrolovaly p\u0159\u00edpadn\u00e9 zn\u00e1mky opot\u0159eben\u00ed, net\u011bsnost\u00ed nebo fyzick\u00e9ho po\u0161kozen\u00ed. V\u010dasn\u00e1 identifikace probl\u00e9m\u016f m\u016f\u017ee zabr\u00e1nit dal\u0161\u00edmu po\u0161kozen\u00ed a n\u00e1kladn\u00fdm oprav\u00e1m.<\/li>\n<li><strong>\u00dadr\u017eba maz\u00e1n\u00ed:<\/strong> Zaji\u0161t\u011bn\u00ed dostate\u010dn\u00e9ho mno\u017estv\u00ed hydraulick\u00e9ho oleje a jeho pravideln\u00e9 v\u00fdm\u011bny je z\u00e1sadn\u00ed pro udr\u017een\u00ed \u00fa\u010dinnosti v\u00e1lce. Zanedb\u00e1n\u00ed maz\u00e1n\u00ed m\u016f\u017ee v\u00e9st ke zv\u00fd\u0161en\u00e9mu opot\u0159eben\u00ed.<\/li>\n<li><strong>V\u00fdm\u011bna t\u011bsn\u011bn\u00ed:<\/strong> Postupem \u010dasu se t\u011bsn\u011bn\u00ed mohou opot\u0159ebovat a pro udr\u017een\u00ed optim\u00e1ln\u00edho t\u011bsnic\u00edho v\u00fdkonu je nutn\u00e9 je vym\u011bnit. Pravideln\u00e9 kontroly mohou pomoci identifikovat, kdy je t\u0159eba t\u011bsn\u011bn\u00ed vym\u011bnit.<\/li>\n<\/ul>\n<h2>Pokyny k instalaci<\/h2>\n<p>Spr\u00e1vn\u00e1 instalace v\u00e1lce v\u00fdlo\u017en\u00edku pro Yugong WY15-7 je nezbytn\u00e1 pro jeho v\u00fdkon a dlouhou \u017eivotnost. Za\u010dn\u011bte t\u00edm, \u017ee se ujist\u00edte, \u017ee pracovn\u00ed prostor je \u010dist\u00fd a bez ne\u010distot. V\u00e1lec p\u0159esn\u011b vyrovnejte s mont\u00e1\u017en\u00edmi konzolami, abyste zabr\u00e1nili nespr\u00e1vn\u00e9mu vyrovn\u00e1n\u00ed, kter\u00e9 by mohlo v\u00e9st k p\u0159ed\u010dasn\u00e9mu opot\u0159eben\u00ed. Pro pevn\u00e9 upevn\u011bn\u00ed v\u00e1lce se doporu\u010duje pou\u017e\u00edt vhodn\u00e9 mont\u00e1\u017en\u00ed konzoly.<\/p>\n<p>B\u011bhem instalace se ujist\u011bte, \u017ee jsou v\u0161echna hydraulick\u00e1 spojen\u00ed t\u011bsn\u00e1 a bez \u00fanik\u016f. Zkontrolujte hladinu hydraulick\u00e9 kapaliny a ujist\u011bte se, \u017ee je syst\u00e9m odvzdu\u0161n\u011bn. Po instalaci prove\u010fte d\u016fkladnou kontrolu a provozn\u00ed zkou\u0161ku, abyste se ujistili, \u017ee v\u00e1lec pracuje hladce a efektivn\u011b. Spr\u00e1vn\u00e1 instalace nejen zvy\u0161uje v\u00fdkon, ale tak\u00e9 v\u00fdrazn\u011b prodlu\u017euje \u017eivotnost hydraulick\u00e9ho v\u00e1lce.<\/p>\n<h2>B\u011b\u017en\u00e9 \u00fakoly \u00fadr\u017eby<\/h2>\n<h3>Pravideln\u00e9 kontroly<\/h3>\n<p>Prov\u00e1d\u011bn\u00ed pravideln\u00fdch kontrol je z\u00e1sadn\u00ed pro identifikaci potenci\u00e1ln\u00edch probl\u00e9m\u016f d\u0159\u00edve, ne\u017e se vyhrot\u00ed. Obsluha by m\u011bla pravideln\u011b kontrolovat, zda se neobjevuj\u00ed zn\u00e1mky \u00faniku hydraulick\u00e9 kapaliny, opot\u0159eben\u00ed nebo po\u0161kozen\u00ed v\u00e1lce. V\u010dasn\u00e9 odhalen\u00ed probl\u00e9m\u016f m\u016f\u017ee u\u0161et\u0159it \u010das a n\u00e1klady na opravy a zajistit, aby hydraulick\u00fd syst\u00e9m z\u016fstal funk\u010dn\u00ed a bezpe\u010dn\u00fd.<\/p>\n<h3>Vhodn\u00e9 maz\u00e1n\u00ed<\/h3>\n<p>Spr\u00e1vn\u00e9 maz\u00e1n\u00ed hydraulick\u00e9ho v\u00e1lce je nezbytn\u00e9 pro jeho funk\u010dnost. Pravideln\u011b kontrolujte hladinu hydraulick\u00e9 kapaliny a v p\u0159\u00edpad\u011b pot\u0159eby ji dopl\u0148ujte. Pou\u017eit\u00ed spr\u00e1vn\u00e9ho typu hydraulick\u00e9ho oleje zajist\u00ed hladk\u00fd a efektivn\u00ed chod v\u00e1lce a sn\u00ed\u017e\u00ed opot\u0159eben\u00ed vnit\u0159n\u00edch sou\u010d\u00e1st\u00ed.<\/p>\n<h3>V\u00fdm\u011bna t\u011bsn\u011bn\u00ed a kontroly kalibrace<\/h3>\n<p>Postupem \u010dasu se t\u011bsn\u011bn\u00ed mohou opot\u0159ebovat a pro udr\u017een\u00ed optim\u00e1ln\u00edho v\u00fdkonu je nutn\u00e9 je vym\u011bnit. Za\u010dle\u0148te pravideln\u00e9 kontroly k posouzen\u00ed stavu t\u011bsn\u011bn\u00ed a v p\u0159\u00edpad\u011b pot\u0159eby prove\u010fte jejich v\u00fdm\u011bnu. D\u00e1le pravideln\u011b kalibrujte hydraulick\u00fd syst\u00e9m, abyste zajistili spr\u00e1vnou a efektivn\u00ed funkci v\u0161ech sou\u010d\u00e1st\u00ed, co\u017e zv\u00fd\u0161\u00ed celkov\u00fd v\u00fdkon stroje.<\/p>\n<p><img decoding=\"async\" src=\"https:\/\/www.hydraulic-cylinders.net\/wp-content\/uploads\/2025\/04\/songte-chushion-collar.webp\" alt=\"Pol\u0161t\u00e1\u0159ov\u00fd l\u00edmec pro hydraulick\u00fd v\u00e1lec\"><\/p>\n<h2>Bezpe\u010dnostn\u00ed aspekty a faktory prost\u0159ed\u00ed<\/h2>\n<p>Zav\u00e1d\u011bn\u00ed bezpe\u010dnostn\u00edch opat\u0159en\u00ed p\u0159i pou\u017e\u00edv\u00e1n\u00ed hydraulick\u00fdch v\u00e1lc\u016f je z\u00e1sadn\u00ed pro prevenci nehod a zaji\u0161t\u011bn\u00ed bezpe\u010dnosti obsluhy. Obsluha by m\u011bla b\u00fdt pro\u0161kolena, aby rozum\u011bla rizik\u016fm spojen\u00fdm s hydraulick\u00fdmi syst\u00e9my, v\u010detn\u011b mo\u017enosti n\u00e1hl\u00fdch poruch nebo \u00fanik\u016f hydraulick\u00e9 kapaliny. Spr\u00e1vn\u00e1 \u00fadr\u017eba hydraulick\u00e9ho syst\u00e9mu nejen zlep\u0161uje jeho v\u00fdkon, ale tak\u00e9 sni\u017euje riziko kontaminace \u017eivotn\u00edho prost\u0159ed\u00ed hydraulick\u00fdmi kapalinami.<\/p>\n<h2>Diagnostika z\u00e1vad a b\u011b\u017en\u00e9 probl\u00e9my<\/h2>\n<ul>\n<li><strong>\u00daniky hydraulick\u00e9 kapaliny:<\/strong> Jedn\u00edm z nej\u010dast\u011bj\u0161\u00edch probl\u00e9m\u016f s hydraulick\u00fdmi v\u00e1lci je \u00fanik kapaliny. M\u016f\u017ee vzniknout v d\u016fsledku opot\u0159ebovan\u00fdch t\u011bsn\u011bn\u00ed nebo po\u0161kozen\u00fdch sou\u010d\u00e1st\u00ed. Pravideln\u00e9 kontroly by se m\u011bly zam\u011b\u0159it na integritu t\u011bsn\u011bn\u00ed a stav v\u00e1lce, aby se p\u0159ede\u0161lo \u00fanik\u016fm.<\/li>\n<li><strong>Nekonzistentn\u00ed pohyb:<\/strong> Pokud se v\u00e1lec nevysouv\u00e1 ani nezasouv\u00e1 plynule, m\u016f\u017ee to znamenat n\u00edzkou hladinu hydraulick\u00e9 kapaliny, vzduch v syst\u00e9mu nebo vnit\u0159n\u00ed opot\u0159eben\u00ed. Kontrola hladiny kapalin a odvzdu\u0161n\u011bn\u00ed mohou tento probl\u00e9m \u010dasto vy\u0159e\u0161it.<\/li>\n<li><strong>P\u0159eh\u0159\u00e1t\u00ed:<\/strong> K p\u0159eh\u0159\u00e1t\u00ed m\u016f\u017ee doj\u00edt v d\u016fsledku nadm\u011brn\u00e9ho zat\u00ed\u017een\u00ed nebo nedostate\u010dn\u00e9ho maz\u00e1n\u00ed. Sledov\u00e1n\u00ed provozn\u00edch podm\u00ednek a zaji\u0161t\u011bn\u00ed spr\u00e1vn\u00e9ho maz\u00e1n\u00ed m\u016f\u017ee pomoci p\u0159edej\u00edt p\u0159eh\u0159\u00e1t\u00ed a n\u00e1sledn\u00e9mu po\u0161kozen\u00ed.<\/li>\n<\/ul>\n<h2>Tipy pro \u0159e\u0161en\u00ed probl\u00e9m\u016f<\/h2>\n<p>P\u0159i diagnostice probl\u00e9m\u016f s v\u00e1lcem v\u00fdlo\u017en\u00edku je d\u016fle\u017eit\u00e9 systematicky identifikovat potenci\u00e1ln\u00ed probl\u00e9my. Za\u010dn\u011bte kontrolou hladiny kapalin a kontrolou net\u011bsnost\u00ed. Pokud p\u0159\u00edznaky p\u0159etrv\u00e1vaj\u00ed, zkontrolujte hydraulick\u00fd syst\u00e9m, zda neobsahuje vzduchov\u00e9 kapsy nebo nerovnom\u011brn\u00fd tlak. Pravideln\u00e1 \u00fadr\u017eba a v\u010dasn\u00e9 opravy jsou nezbytn\u00e9 pro minimalizaci probl\u00e9m\u016f a zaji\u0161t\u011bn\u00ed efektivn\u00edho provozu.<\/p>\n<p>Preventivn\u00ed opat\u0159en\u00ed, jako je dodr\u017eov\u00e1n\u00ed pl\u00e1novan\u00e9 \u00fadr\u017eby a udr\u017eov\u00e1n\u00ed \u010distoty hydraulick\u00e9ho syst\u00e9mu, mohou v\u00fdrazn\u011b sn\u00ed\u017eit pravd\u011bpodobnost vzniku z\u00e1va\u017en\u00fdch probl\u00e9m\u016f. Spr\u00e1vnou \u00fadr\u017ebou v\u00e1lce mohou obsluha prodlou\u017eit jeho \u017eivotnost a spolehlivost.<\/p>\n<p><img decoding=\"async\" src=\"https:\/\/www.hydraulic-cylinders.net\/wp-content\/uploads\/2025\/04\/songte-bushings-with-all-kinds-of-excavator-models.webp\" alt=\"Pouzdra pro modely bagr\u016f\"><\/p>\n<h2>O na\u0161\u00ed spole\u010dnosti<\/h2>\n<p>Jsme p\u0159edn\u00edm v\u00fdrobcem a velkoobchodn\u00edkem hydraulick\u00fdch v\u00e1lc\u016f a specializujeme se na poskytov\u00e1n\u00ed vysoce kvalitn\u00edch alternativ pro r\u016fzn\u00e9 hydraulick\u00e9 komponenty. Na\u0161e \u0161irok\u00e1 \u0161k\u00e1la produkt\u016f n\u00e1s etablovala jako v\u00fdznamn\u00e9ho hr\u00e1\u010de na dom\u00e1c\u00edm i mezin\u00e1rodn\u00edm trhu. Jsme odhodl\u00e1ni k dokonalosti a vyu\u017e\u00edv\u00e1me propracovan\u00e9 v\u00fdrobn\u00ed strategie a pokro\u010dil\u00e9 postupy \u0159\u00edzen\u00ed v\u00fdroby.<\/p>\n<p>Na\u0161e nab\u00eddka je podpo\u0159ena kvalifikovan\u00fdmi techniky, nejmodern\u011bj\u0161\u00edm v\u00fdrobn\u00edm za\u0159\u00edzen\u00edm a komplexn\u00edmi testovac\u00edmi syst\u00e9my, kter\u00e9 roz\u0161i\u0159uj\u00ed na\u0161e v\u00fdrobn\u00ed kapacity. Sna\u017e\u00edme se uspokojovat rozmanit\u00e9 pot\u0159eby z\u00e1kazn\u00edk\u016f s efektivitou, p\u0159esnost\u00ed a kvalitou a zaji\u0161\u0165ujeme, aby na\u0161e produkty spl\u0148ovaly mezin\u00e1rodn\u00ed standardy a certifikace.<\/p>\n<p><img decoding=\"async\" src=\"https:\/\/www.hydraulic-cylinders.net\/wp-content\/uploads\/2025\/04\/songte-company-4.webp\" alt=\"Vybaven\u00ed na\u0161\u00ed spole\u010dnosti\"><br \/>\n<img decoding=\"async\" src=\"https:\/\/www.hydraulic-cylinders.net\/wp-content\/uploads\/2025\/04\/songte-company-3.webp\" alt=\"V\u00fdrobn\u00ed proces\"><\/p>\n<p>Autor: lyl<\/p>","protected":false},"excerpt":{"rendered":"<p>Boom Cylinder For Yugong WY15-7 Product Overview The Boom Cylinder for Yugong WY15-7 is a specialized hydraulic cylinder designed for controlling the movement of buckets in various heavy machinery. Hydraulic cylinders are critical components in hydraulic systems, allowing for precise control of the movement and positioning of equipment. This particular boom cylinder is integral to [&hellip;]<\/p>","protected":false},"featured_media":17870,"comment_status":"open","ping_status":"closed","template":"","meta":{"_et_pb_use_builder":"","_et_pb_old_content":"","_et_gb_content_width":""},"product_brand":[],"product_cat":[1546],"product_tag":[1547,1496],"class_list":{"0":"post-19094","1":"product","2":"type-product","3":"status-publish","4":"has-post-thumbnail","6":"product_cat-boom-cylinders","7":"product_tag-boom-cylinders","8":"product_tag-hydraulic-cylinders","10":"first","11":"instock","12":"shipping-taxable","13":"product-type-simple"},"amp_enabled":true,"_links":{"self":[{"href":"https:\/\/www.hydraulic-cylinders.net\/cs\/wp-json\/wp\/v2\/product\/19094","targetHints":{"allow":["GET"]}}],"collection":[{"href":"https:\/\/www.hydraulic-cylinders.net\/cs\/wp-json\/wp\/v2\/product"}],"about":[{"href":"https:\/\/www.hydraulic-cylinders.net\/cs\/wp-json\/wp\/v2\/types\/product"}],"replies":[{"embeddable":true,"href":"https:\/\/www.hydraulic-cylinders.net\/cs\/wp-json\/wp\/v2\/comments?post=19094"}],"wp:featuredmedia":[{"embeddable":true,"href":"https:\/\/www.hydraulic-cylinders.net\/cs\/wp-json\/wp\/v2\/media\/17870"}],"wp:attachment":[{"href":"https:\/\/www.hydraulic-cylinders.net\/cs\/wp-json\/wp\/v2\/media?parent=19094"}],"wp:term":[{"taxonomy":"product_brand","embeddable":true,"href":"https:\/\/www.hydraulic-cylinders.net\/cs\/wp-json\/wp\/v2\/product_brand?post=19094"},{"taxonomy":"product_cat","embeddable":true,"href":"https:\/\/www.hydraulic-cylinders.net\/cs\/wp-json\/wp\/v2\/product_cat?post=19094"},{"taxonomy":"product_tag","embeddable":true,"href":"https:\/\/www.hydraulic-cylinders.net\/cs\/wp-json\/wp\/v2\/product_tag?post=19094"}],"curies":[{"name":"wp","href":"https:\/\/api.w.org\/{rel}","templated":true}]}}