{"id":19095,"date":"2025-04-07T06:12:32","date_gmt":"2025-04-07T06:12:32","guid":{"rendered":"https:\/\/www.hydraulic-cylinders.net\/product\/boom-cylinder-for-yugong-wy75-7-8\/"},"modified":"2025-04-07T06:12:34","modified_gmt":"2025-04-07T06:12:34","slug":"boom-cylinder-for-yugong-wy75-7-8","status":"publish","type":"product","link":"https:\/\/www.hydraulic-cylinders.net\/cs\/produkt\/boom-cylinder-for-yugong-wy75-7-8\/","title":{"rendered":"V\u00e1lec v\u00fdlo\u017en\u00edku pro Yugong WY75-7-8"},"content":{"rendered":"<h1>V\u00e1lec v\u00fdlo\u017en\u00edku pro Yugong WY75-7-8<\/h1>\n<h2>\u00davod k v\u00e1lci v\u00fdlo\u017en\u00edku<\/h2>\n<p>Hydraulick\u00fd v\u00e1lec v\u00fdlo\u017en\u00edku je specializovan\u00fd hydraulick\u00fd v\u00e1lec, kter\u00fd hraje kl\u00ed\u010dovou roli v \u0159\u00edzen\u00ed pohybu l\u017e\u00edc v r\u016fzn\u00fdch t\u011b\u017ek\u00fdch stroj\u00edch, jako jsou rypadla, r\u00fdpadlo-naklada\u010de a \u010deln\u00ed naklada\u010de. Tato hydraulick\u00e1 sou\u010d\u00e1st umo\u017e\u0148uje l\u017e\u00edci zvedat, spou\u0161t\u011bt a nakl\u00e1n\u011bt, co\u017e usnad\u0148uje efektivn\u00ed manipulaci s materi\u00e1lem. V\u00e1lce l\u017e\u00edce jsou navr\u017eeny tak, aby poskytovaly siln\u00e9 a p\u0159esn\u00e9 pohyby, a proto jsou nezbytn\u00e9 pro stavebn\u00ed, zem\u011bd\u011blsk\u00e9 a pr\u016fmyslov\u00e9 aplikace.<\/p>\n<p><img decoding=\"async\" src=\"https:\/\/www.hydraulic-cylinders.net\/wp-content\/uploads\/2025\/04\/songte-company-1.webp\" alt=\"V\u00e1lec v\u00fdlo\u017en\u00edku pro bagry\"><\/p>\n<h3>Definice a p\u0159ehled<\/h3>\n<p>V hydraulick\u00fdch syst\u00e9mech je v\u00e1lec v\u00fdlo\u017en\u00edku nezbytn\u00fd pro prov\u00e1d\u011bn\u00ed t\u011b\u017ek\u00fdch \u00fakol\u016f. Tento v\u00e1lec pracuje s vyu\u017eit\u00edm tlakov\u00e9 hydraulick\u00e9 kapaliny k vytv\u00e1\u0159en\u00ed pohybu. Schopnost vysouvat a zasouvat v\u00e1lec se prom\u00edt\u00e1 do v\u0161estrannosti l\u017e\u00edce p\u0159i efektivn\u00ed manipulaci s r\u016fzn\u00fdmi materi\u00e1ly. A\u0165 u\u017e se jedn\u00e1 o kop\u00e1n\u00ed do zem\u011b nebo zved\u00e1n\u00ed t\u011b\u017ek\u00fdch b\u0159emen, v\u00fdkon v\u00e1lce v\u00fdlo\u017en\u00edku je kl\u00ed\u010dov\u00fd pro ur\u010den\u00ed celkov\u00e9 \u00fa\u010dinnosti stroje.<\/p>\n<h2>Vlastnosti v\u00e1lce v\u00fdlo\u017en\u00edku<\/h2>\n<ul>\n<li><strong>Vysok\u00e1 pevnost a trvanlivost:<\/strong> V\u00e1lec v\u00fdlo\u017en\u00edku, obvykle vyroben\u00fd z vysokopevnostn\u00ed oceli nebo hlin\u00edku, odol\u00e1 vysok\u00fdm tlak\u016fm a velk\u00e9mu zat\u00ed\u017een\u00ed, tak\u017ee je vhodn\u00fd pro n\u00e1ro\u010dn\u00e9 pracovn\u00ed prost\u0159ed\u00ed. Konstrukce tak\u00e9 klade d\u016fraz na odolnost proti opot\u0159eben\u00ed a korozi, aby se prodlou\u017eila jeho \u017eivotnost.<\/li>\n<li><strong>Efektivn\u00ed hydraulick\u00fd provoz:<\/strong> V\u00e1lec vyu\u017e\u00edv\u00e1 hydraulick\u00fd tlak oleje k dosa\u017een\u00ed plynul\u00e9ho a citliv\u00e9ho vysouv\u00e1n\u00ed a zasouv\u00e1n\u00ed, co\u017e poskytuje robustn\u00ed tla\u010dnou a ta\u017enou s\u00edlu nezbytnou pro zvl\u00e1d\u00e1n\u00ed t\u011b\u017ek\u00fdch nebo slo\u017eit\u00fdch \u00fakol\u016f.<\/li>\n<li><strong>R\u016fzn\u00e9 typy:<\/strong> V\u00e1lec v\u00fdlo\u017en\u00edku, kter\u00fd je k dispozici v jedno\u010dinn\u00e9m (ovl\u00e1daj\u00edc\u00edm se jedn\u00edm sm\u011brem) nebo dvoj\u010dinn\u00e9m (ovl\u00e1daj\u00edc\u00edm se ob\u011bma sm\u011bry), lze p\u0159izp\u016fsobit r\u016fzn\u00fdm provozn\u00edm pot\u0159eb\u00e1m. N\u011bkter\u00e9 modely jsou teleskopick\u00e9, co\u017e umo\u017e\u0148uje v\u011bt\u0161\u00ed vysunut\u00ed bez zv\u011bt\u0161en\u00ed vn\u011bj\u0161\u00edch rozm\u011br\u016f, a proto jsou ide\u00e1ln\u00ed pro aplikace s omezen\u00fdm prostorem.<\/li>\n<li><strong>Zak\u00e1zkov\u00e1 v\u00fdroba:<\/strong> Specializujeme se na v\u00fdrobu tohoto produktu a zaji\u0161\u0165ujeme, aby na\u0161e v\u00e1lce mohly dokonale nahradit st\u00e1vaj\u00edc\u00ed hydraulick\u00e9 v\u00e1lce ve stroj\u00edch a poskytovaly spolehliv\u00fd v\u00fdkon.<\/li>\n<li><strong>Kompatibilita s r\u016fzn\u00fdmi modely:<\/strong> Na\u0161e v\u00e1lce v\u00fdlo\u017en\u00edku jsou navr\u017eeny tak, aby bezprobl\u00e9mov\u011b fungovaly s r\u016fzn\u00fdmi modely rypadel, co\u017e zaji\u0161\u0165uje v\u0161estrannost v r\u016fzn\u00fdch aplikac\u00edch.<\/li>\n<\/ul>\n<p><img decoding=\"async\" src=\"https:\/\/www.hydraulic-cylinders.net\/wp-content\/uploads\/2025\/04\/songte-cylinder-head-with-all-kinds-excavator-models.webp\" alt=\"Kompatibilita v\u00e1lc\u016f v\u00fdlo\u017en\u00edku\"><\/p>\n<h2>Sc\u00e9n\u00e1\u0159e aplikac\u00ed<\/h2>\n<h3>Stavebn\u00ed stroje<\/h3>\n<p>V\u00e1lce v\u00fdlo\u017en\u00edku se nach\u00e1zej\u00ed p\u0159edev\u0161\u00edm v bagrech, kde hraj\u00ed kl\u00ed\u010dovou roli p\u0159i kop\u00e1n\u00ed, nakl\u00e1d\u00e1n\u00ed a p\u0159emis\u0165ov\u00e1n\u00ed zeminy nebo suti. Poskytuj\u00ed pot\u0159ebnou s\u00edlu k pronik\u00e1n\u00ed do p\u016fdy a zved\u00e1n\u00ed materi\u00e1l\u016f, co\u017e je \u010din\u00ed neoceniteln\u00fdmi na staveni\u0161t\u00edch. U rypadlo-naklada\u010d\u016f pom\u00e1haj\u00ed v\u00e1lce v\u00fdlo\u017en\u00edku nejen p\u0159i v\u00fdkopov\u00fdch, ale i p\u0159i zved\u00e1n\u00ed, co\u017e zvy\u0161uje jejich u\u017eite\u010dnost.<\/p>\n<h3>Zem\u011bd\u011blsk\u00e9 stroje<\/h3>\n<p>U \u010deln\u00edch naklada\u010d\u016f se v\u00e1lce v\u00fdlo\u017en\u00edku pou\u017e\u00edvaj\u00ed k efektivn\u00edmu nab\u00edr\u00e1n\u00ed, zved\u00e1n\u00ed a p\u0159eprav\u011b p\u016fdy, sena a dal\u0161\u00edch materi\u00e1l\u016f. Jejich konstrukce usnad\u0148uje man\u00e9vrovatelnost a manipulaci se zem\u011bd\u011blsk\u00fdmi produkty, co\u017e v\u00fdrazn\u011b zvy\u0161uje produktivitu na farm\u00e1ch.<\/p>\n<h3>Bagry<\/h3>\n<p>U rypadel umo\u017e\u0148uj\u00ed v\u00e1lce v\u00fdlo\u017en\u00edku l\u017e\u00edci efektivn\u00ed pronik\u00e1n\u00ed do p\u016fdy, co\u017e zlep\u0161uje ryc\u00ed \u010dinnost. To umo\u017e\u0148uje hlub\u0161\u00ed a efektivn\u011bj\u0161\u00ed v\u00fdkopov\u00e9 pr\u00e1ce, kter\u00e9 jsou kl\u00ed\u010dov\u00e9 pro p\u0159\u00edpravu staveni\u0161t\u011b v r\u016fzn\u00fdch stavebn\u00edch projektech.<\/p>\n<h3>Naklada\u010de<\/h3>\n<p>U \u010deln\u00edch naklada\u010d\u016f pom\u00e1haj\u00ed v\u00e1lce v\u00fdlo\u017en\u00edku efektivn\u011b zvedat a vykl\u00e1dat b\u0159emena. Poskytuj\u00ed pot\u0159ebn\u00fd v\u00fdkon pro manipulaci s t\u011b\u017ek\u00fdmi materi\u00e1ly a zaji\u0161\u0165uj\u00ed plynul\u00fd chod b\u011bhem nakl\u00e1dky a vykl\u00e1dky.<\/p>\n<h2>Konstruk\u010dn\u00ed aspekty a krit\u00e9ria v\u00fdb\u011bru<\/h2>\n<h3>Nosnost<\/h3>\n<p>P\u0159i v\u00fdb\u011bru v\u00e1lce v\u00fdlo\u017en\u00edku je prvo\u0159ad\u00e9 pochopen\u00ed jeho nosnosti. V\u00e1lec mus\u00ed b\u00fdt schopen zvl\u00e1dnout maxim\u00e1ln\u00ed o\u010dek\u00e1van\u00e9 zat\u00ed\u017een\u00ed bez kompromis\u016f v oblasti bezpe\u010dnosti nebo v\u00fdkonu. V\u00fdrobci poskytuj\u00ed specifikace, kter\u00e9 podrobn\u011b uv\u00e1d\u011bj\u00ed maxim\u00e1ln\u00ed zat\u00ed\u017een\u00ed, kter\u00e9 v\u00e1lec zvl\u00e1dne, a kter\u00e9 by m\u011bly odpov\u00eddat provozn\u00edm po\u017eadavk\u016fm stroje.<\/p>\n<h3>T\u011bsn\u011bn\u00ed a trvanlivost<\/h3>\n<p>T\u011bsn\u011bn\u00ed je kl\u00ed\u010dov\u00fdm aspektem konstrukce v\u00e1lc\u016f v\u00fdlo\u017en\u00edku. \u00da\u010dinn\u00e1 t\u011bsn\u011bn\u00ed zabra\u0148uj\u00ed \u00fanik\u016fm hydraulick\u00e9 kapaliny, \u010d\u00edm\u017e zaji\u0161\u0165uj\u00ed optim\u00e1ln\u00ed v\u00fdkon a dlouhou \u017eivotnost. T\u011bsn\u011bn\u00ed vyroben\u00e1 z odoln\u00fdch materi\u00e1l\u016f, jako je polyuretan nebo nitrilov\u00e1 pry\u017e, zvy\u0161uj\u00ed odolnost v\u00e1lce v\u016f\u010di opot\u0159eben\u00ed a vliv\u016fm prost\u0159ed\u00ed a chr\u00e1n\u00ed tak jeho funk\u010dnost v pr\u016fb\u011bhu \u010dasu. Pravideln\u00e9 kontroly a \u00fadr\u017eba t\u011bsn\u011bn\u00ed jsou nezbytn\u00e9 pro zamezen\u00ed provozn\u00edch poruch.<\/p>\n<h3>Bezpe\u010dnostn\u00ed prvky<\/h3>\n<p>Bezpe\u010dnost je p\u0159i konstrukci hydraulick\u00fdch v\u00e1lc\u016f prim\u00e1rn\u00edm hlediskem. Prvky, jako jsou p\u0159etlakov\u00e9 ventily, mohou zabr\u00e1nit p\u0159et\u00ed\u017een\u00ed, zat\u00edmco robustn\u00ed konstruk\u010dn\u00ed materi\u00e1ly zvy\u0161uj\u00ed schopnost v\u00e1lce odol\u00e1vat vysok\u00e9mu tlaku. Tyto prvky jsou kl\u00ed\u010dov\u00e9 pro zaji\u0161t\u011bn\u00ed bezpe\u010dn\u00e9ho provozu, zejm\u00e9na v n\u00e1ro\u010dn\u00fdch prost\u0159ed\u00edch. Pravideln\u00e1 \u00fadr\u017eba by m\u011bla zahrnovat kontroly, kter\u00e9 identifikuj\u00ed p\u0159\u00edpadn\u00e1 bezpe\u010dnostn\u00ed rizika.<\/p>\n<h3>\u00dadr\u017eba a opravitelnost<\/h3>\n<p>Dal\u0161\u00edm d\u016fle\u017eit\u00fdm faktorem je snadn\u00e1 \u00fadr\u017eba a opravy. Dob\u0159e navr\u017een\u00fd v\u00e1lec v\u00fdlo\u017en\u00edku by m\u011bl nab\u00edzet snadn\u00fd p\u0159\u00edstup ke sv\u00fdm sou\u010d\u00e1st\u00edm pro opravu nebo v\u00fdm\u011bnu. Pro zaji\u0161t\u011bn\u00ed trval\u00e9 funk\u010dnosti a v\u00fdkonu by m\u011bly b\u00fdt stanoveny pravideln\u00e9 pl\u00e1ny \u00fadr\u017eby, v\u010detn\u011b kontrol a v\u00fdm\u011bny d\u00edl\u016f.<\/p>\n<p><img decoding=\"async\" src=\"https:\/\/www.hydraulic-cylinders.net\/wp-content\/uploads\/2025\/04\/songte-oil-pipes-and-spare-parts.webp\" alt=\"D\u00edly hydraulick\u00e9ho v\u00e1lce\"><\/p>\n<h2>T\u011bsn\u011bn\u00ed a maz\u00e1n\u00ed<\/h2>\n<p>V\u00fdkon v\u00e1lce v\u00fdlo\u017en\u00edku do zna\u010dn\u00e9 m\u00edry z\u00e1vis\u00ed na \u00fa\u010dinn\u00e9m t\u011bsn\u011bn\u00ed a maz\u00e1n\u00ed. K udr\u017een\u00ed hydraulick\u00e9ho tlaku a ochran\u011b p\u0159ed vn\u011bj\u0161\u00edmi ne\u010distotami se pou\u017e\u00edvaj\u00ed r\u016fzn\u00e1 t\u011bsn\u011bn\u00ed, jako jsou p\u00edstn\u00ed t\u011bsn\u011bn\u00ed a t\u011bsn\u011bn\u00ed p\u00edstnice. T\u011bsn\u011bn\u00ed vyroben\u00e1 z materi\u00e1l\u016f odoln\u00fdch proti opot\u0159eben\u00ed, jako je polyuretan a nitrilov\u00e1 pry\u017e, jsou up\u0159ednost\u0148ov\u00e1na kv\u016fli sv\u00e9 dlouh\u00e9 \u017eivotnosti a spolehlivosti.<\/p>\n<p>T\u011bleso v\u00e1lce a z\u00e1vitov\u00e9 koncov\u00e9 plochy jsou nav\u00edc p\u0159esn\u011b obr\u00e1b\u011bny pro zv\u00fd\u0161en\u00ed odolnosti proti opot\u0159eben\u00ed. Pravideln\u00e9 maz\u00e1n\u00ed vhodn\u00fdm hydraulick\u00fdm olejem je nezbytn\u00e9 pro hladk\u00fd chod pohybliv\u00fdch \u010d\u00e1st\u00ed, co\u017e sni\u017euje t\u0159en\u00ed a opot\u0159eben\u00ed.<\/p>\n<h2>Preventivn\u00ed \u00fadr\u017ebov\u00e1 opat\u0159en\u00ed<\/h2>\n<ul>\n<li><strong>Pravideln\u00e9 kontroly:<\/strong> Pravideln\u00e9 kontroly net\u011bsnost\u00ed, koroze a opot\u0159eben\u00ed jsou nezbytn\u00e9 pro identifikaci probl\u00e9m\u016f d\u0159\u00edve, ne\u017e se vyhrot\u00ed. Zkontrolujte t\u011bsn\u011bn\u00ed a armatury, zda nevykazuj\u00ed zn\u00e1mky opot\u0159eben\u00ed, a v p\u0159\u00edpad\u011b pot\u0159eby je vym\u011b\u0148te.<\/li>\n<li><strong>Maz\u00e1n\u00ed:<\/strong> Zajist\u011bte spr\u00e1vn\u00e9 maz\u00e1n\u00ed v doporu\u010den\u00fdch intervalech, aby se zachoval v\u00fdkon v\u00e1lce. Pou\u017e\u00edvejte p\u0159edepsan\u00fd hydraulick\u00fd olej, abyste p\u0159ede\u0161li probl\u00e9m\u016fm s kompatibilitou.<\/li>\n<li><strong>V\u00fdm\u011bna t\u011bsn\u011bn\u00ed:<\/strong> V r\u00e1mci \u00fadr\u017eby pl\u00e1nujte pravideln\u00e9 v\u00fdm\u011bny t\u011bsn\u011bn\u00ed, abyste zajistili optim\u00e1ln\u00ed v\u00fdkon a zabr\u00e1nili net\u011bsnostem. Sledujte degradaci t\u011bsn\u011bn\u00ed, zejm\u00e9na v n\u00e1ro\u010dn\u00fdch podm\u00ednk\u00e1ch.<\/li>\n<\/ul>\n<h2>Pokyny k instalaci<\/h2>\n<p>Spr\u00e1vn\u00e1 instalace v\u00e1lce v\u00fdlo\u017en\u00edku je z\u00e1sadn\u00ed pro optim\u00e1ln\u00ed v\u00fdkon. P\u0159ed instalac\u00ed se ujist\u011bte, \u017ee jsou v\u0161echny sou\u010d\u00e1sti \u010dist\u00e9 a bez ne\u010distot. Pro p\u0159esn\u00e9 vyrovn\u00e1n\u00ed v\u00e1lce ve stroji pou\u017eijte vhodn\u00e9 n\u00e1stroje pro vyrovn\u00e1n\u00ed. Pro zaji\u0161t\u011bn\u00ed v\u00e1lce na m\u00edst\u011b se doporu\u010duje pou\u017e\u00edt vhodn\u00e9 mont\u00e1\u017en\u00ed konzoly, kter\u00e9 zabr\u00e1n\u00ed jeho nespr\u00e1vn\u00e9mu vyrovn\u00e1n\u00ed b\u011bhem provozu.<\/p>\n<p>P\u0159i upev\u0148ov\u00e1n\u00ed v\u00e1lce dodr\u017eujte pokyny v\u00fdrobce ohledn\u011b nastaven\u00ed utahovac\u00edho momentu, abyste p\u0159ede\u0161li po\u0161kozen\u00ed. Po instalaci zkontrolujte t\u011bsnost hydraulick\u00fdch spoj\u016f a ujist\u011bte se, \u017ee je dostate\u010dn\u00e1 hladina hydraulick\u00e9 kapaliny. P\u0159ed pln\u00fdm provozn\u00edm pou\u017eit\u00edm otestujte funk\u010dnost v\u00e1lce za kontrolovan\u00fdch podm\u00ednek, abyste se ujistili o spr\u00e1vn\u00e9 instalaci.<\/p>\n<h2>B\u011b\u017en\u00e9 \u00fakoly \u00fadr\u017eby<\/h2>\n<h3>Pravideln\u00e9 kontroly<\/h3>\n<p>Pro v\u010dasnou identifikaci potenci\u00e1ln\u00edch probl\u00e9m\u016f je z\u00e1sadn\u00ed prov\u00e1d\u011bt pravideln\u00e9 kontroly. Kontrolujte zn\u00e1mky opot\u0159eben\u00ed, net\u011bsnost\u00ed a po\u0161kozen\u00ed hydraulick\u00e9ho syst\u00e9mu. Pravideln\u00e9 kontroly pom\u00e1haj\u00ed udr\u017eovat celkov\u00fd stav stroj\u016f v dobr\u00e9m stavu a zaji\u0161\u0165uj\u00ed bezpe\u010dn\u00fd provoz.<\/p>\n<h3>Spr\u00e1vn\u00e9 maz\u00e1n\u00ed<\/h3>\n<p>Spr\u00e1vn\u00e9 maz\u00e1n\u00ed je nezbytn\u00e9 pro minimalizaci t\u0159en\u00ed a opot\u0159eben\u00ed mezi pohybliv\u00fdmi \u010d\u00e1stmi. Zajist\u011bte dostate\u010dnou hladinu hydraulick\u00e9ho oleje a pou\u017e\u00edvejte doporu\u010den\u00fd typ oleje pro maz\u00e1n\u00ed. Nedostate\u010dn\u00e9 maz\u00e1n\u00ed m\u016f\u017ee v\u00e9st k p\u0159ed\u010dasn\u00e9mu opot\u0159eben\u00ed a poru\u0161e v\u00e1lce.<\/p>\n<h3>V\u00fdm\u011bna t\u011bsn\u011bn\u00ed a kontrola kalibrace<\/h3>\n<p>Pravideln\u011b vym\u011b\u0148ujte opot\u0159ebovan\u00e1 t\u011bsn\u011bn\u00ed, abyste udr\u017eeli hydraulick\u00fd tlak a zabr\u00e1nili \u00fanik\u016fm. Kalibra\u010dn\u00ed kontroly by m\u011bly b\u00fdt prov\u00e1d\u011bny, aby se zajistilo, \u017ee v\u00e1lec pracuje v r\u00e1mci stanoven\u00fdch parametr\u016f. Spr\u00e1vn\u00e9 ut\u011bsn\u011bn\u00ed a kalibrace jsou nezbytn\u00e9 pro prodlou\u017een\u00ed \u017eivotnosti v\u00e1lce v\u00fdlo\u017en\u00edku.<\/p>\n<p><img decoding=\"async\" src=\"https:\/\/www.hydraulic-cylinders.net\/wp-content\/uploads\/2025\/04\/songte-chushion-collar.webp\" alt=\"Tlumi\u010d v\u00e1lce v\u00fdlo\u017en\u00edku\"><\/p>\n<h2>Bezpe\u010dnostn\u00ed aspekty a faktory prost\u0159ed\u00ed<\/h2>\n<p>P\u0159i pou\u017e\u00edv\u00e1n\u00ed v\u00e1lc\u016f v\u00fdlo\u017en\u00edku je nezbytn\u00e9 dodr\u017eovat bezpe\u010dnostn\u00ed opat\u0159en\u00ed, aby se p\u0159ede\u0161lo nehod\u00e1m. Obsluha by m\u011bla nosit vhodn\u00e9 osobn\u00ed ochrann\u00e9 prost\u0159edky (OOP) a dodr\u017eovat bezpe\u010dnostn\u00ed protokoly, aby se minimalizovala rizika b\u011bhem provozu. Faktory prost\u0159ed\u00ed, jako jsou extr\u00e9mn\u00ed teploty, mohou ovlivnit vlastnosti hydraulick\u00e9 kapaliny a t\u00edm i v\u00fdkon. Pro zachov\u00e1n\u00ed \u00fa\u010dinnosti se ujist\u011bte, \u017ee je v\u00e1lec vhodn\u00fd pro dan\u00e9 provozn\u00ed prost\u0159ed\u00ed.<\/p>\n<h2>Odstra\u0148ov\u00e1n\u00ed probl\u00e9m\u016f a b\u011b\u017en\u00e9 probl\u00e9my<\/h2>\n<ul>\n<li><strong>\u00danik:<\/strong> Pokud zjist\u00edte net\u011bsnosti, zkontrolujte t\u011bsn\u011bn\u00ed a armatury, zda nejsou opot\u0159ebovan\u00e9. Po\u0161kozen\u00e9 sou\u010d\u00e1sti ihned vym\u011b\u0148te, abyste zabr\u00e1nili \u00faniku hydraulick\u00e9 kapaliny.<\/li>\n<li><strong>Ztr\u00e1ta v\u00fdkonu:<\/strong> Sn\u00ed\u017een\u00ed v\u00fdkonu m\u016f\u017ee nazna\u010dovat n\u00edzkou hladinu hydraulick\u00e9 kapaliny nebo vnit\u0159n\u00ed po\u0161kozen\u00ed. Zkontrolujte hladiny kapalin a v p\u0159\u00edpad\u011b pot\u0159eby zva\u017ete proveden\u00ed vnit\u0159n\u00edch kontrol.<\/li>\n<li><strong>Neobvykl\u00e9 zvuky:<\/strong> Hluky b\u011bhem provozu mohou nazna\u010dovat p\u0159\u00edtomnost vzduchu v syst\u00e9mu nebo opot\u0159ebovan\u00e9 sou\u010d\u00e1sti. Odvzdu\u0161n\u011bte hydraulick\u00fd syst\u00e9m a zkontrolujte, zda nedo\u0161lo k mechanick\u00fdm probl\u00e9m\u016fm.<\/li>\n<\/ul>\n<p>Zaveden\u00ed preventivn\u00edch opat\u0159en\u00ed m\u016f\u017ee v\u00fdrazn\u011b sn\u00ed\u017eit v\u00fdskyt t\u011bchto probl\u00e9m\u016f a zajistit hladk\u00fd chod v\u00e1lce v\u00fdlo\u017en\u00edku.<\/p>\n<p><img decoding=\"async\" src=\"https:\/\/www.hydraulic-cylinders.net\/wp-content\/uploads\/2025\/04\/songte-bushings-with-all-kinds-of-excavator-models.webp\" alt=\"Pouzdra v\u00e1lc\u016f v\u00fdlo\u017en\u00edku\"><\/p>\n<h2>O na\u0161\u00ed spole\u010dnosti<\/h2>\n<p>Jsme p\u0159edn\u00edm v\u00fdrobcem n\u00e1hradn\u00edch hydraulick\u00fdch v\u00e1lc\u016f a nab\u00edz\u00edme komplexn\u00ed sortiment produkt\u016f, kter\u00e9 uspokoj\u00ed jak dom\u00e1c\u00ed, tak mezin\u00e1rodn\u00ed trhy. N\u00e1\u0161 z\u00e1vazek k dokonalosti se odr\u00e1\u017e\u00ed v na\u0161ich nejmodern\u011bj\u0161\u00edch v\u00fdrobn\u00edch postupech, kter\u00e9 jsou poh\u00e1n\u011bny strategi\u00ed pe\u010dliv\u00e9ho \u0159\u00edzen\u00ed v\u00fdroby.<\/p>\n<p>S d\u016frazem na kvalitu vyu\u017e\u00edv\u00e1me pokro\u010dil\u00e9 technologie, kvalifikovan\u00fd person\u00e1l a robustn\u00ed testovac\u00ed syst\u00e9m k vylep\u0161en\u00ed na\u0161\u00ed v\u00fdrobn\u00ed platformy. Tento integrovan\u00fd p\u0159\u00edstup n\u00e1m umo\u017e\u0148uje uspokojovat rozmanit\u00e9 pot\u0159eby z\u00e1kazn\u00edk\u016f s vysokou efektivitou, p\u0159esnost\u00ed a kvalitou.<\/p>\n<p>N\u00e1\u0161 z\u00e1vazek poskytovat profesion\u00e1ln\u00ed slu\u017eby je podpo\u0159en mezin\u00e1rodn\u00edmi certifikacemi, kter\u00e9 n\u00e1m umo\u017e\u0148uj\u00ed nab\u00edzet \u0159e\u0161en\u00ed na m\u00edru, je\u017e odpov\u00eddaj\u00ed oborov\u00fdm standard\u016fm. Prioritou je spokojenost z\u00e1kazn\u00edk\u016f prost\u0159ednictv\u00edm pohotov\u00e9 poprodejn\u00ed podpory a slu\u017eeb na m\u00edru, \u010d\u00edm\u017e zaji\u0161\u0165ujeme, aby na\u0161i klienti obdr\u017eeli ty nejlep\u0161\u00ed produkty pro sv\u00e9 aplikace.<\/p>\n<p><img decoding=\"async\" src=\"https:\/\/www.hydraulic-cylinders.net\/wp-content\/uploads\/2025\/04\/songte-company-4.webp\" alt=\"P\u0159ehled na\u0161\u00ed spole\u010dnosti\"><br \/>\n<img decoding=\"async\" src=\"https:\/\/www.hydraulic-cylinders.net\/wp-content\/uploads\/2025\/04\/songte-company-3.webp\" alt=\"Za\u0159\u00edzen\u00ed spole\u010dnosti\"><\/p>\n<p>Autor: lyl<\/p>","protected":false},"excerpt":{"rendered":"<p>Boom Cylinder For Yugong WY75-7-8 Introduction to Boom Cylinder A boom cylinder is a specialized hydraulic cylinder that plays a critical role in controlling the movement of buckets in various heavy machinery such as excavators, backhoe loaders, and front loaders. This hydraulic component enables the bucket to lift, lower, and tilt, facilitating efficient material handling [&hellip;]<\/p>","protected":false},"featured_media":17871,"comment_status":"open","ping_status":"closed","template":"","meta":{"_et_pb_use_builder":"","_et_pb_old_content":"","_et_gb_content_width":""},"product_brand":[],"product_cat":[1546],"product_tag":[1547,1496],"class_list":{"0":"post-19095","1":"product","2":"type-product","3":"status-publish","4":"has-post-thumbnail","6":"product_cat-boom-cylinders","7":"product_tag-boom-cylinders","8":"product_tag-hydraulic-cylinders","10":"first","11":"instock","12":"shipping-taxable","13":"product-type-simple"},"amp_enabled":true,"_links":{"self":[{"href":"https:\/\/www.hydraulic-cylinders.net\/cs\/wp-json\/wp\/v2\/product\/19095","targetHints":{"allow":["GET"]}}],"collection":[{"href":"https:\/\/www.hydraulic-cylinders.net\/cs\/wp-json\/wp\/v2\/product"}],"about":[{"href":"https:\/\/www.hydraulic-cylinders.net\/cs\/wp-json\/wp\/v2\/types\/product"}],"replies":[{"embeddable":true,"href":"https:\/\/www.hydraulic-cylinders.net\/cs\/wp-json\/wp\/v2\/comments?post=19095"}],"wp:featuredmedia":[{"embeddable":true,"href":"https:\/\/www.hydraulic-cylinders.net\/cs\/wp-json\/wp\/v2\/media\/17871"}],"wp:attachment":[{"href":"https:\/\/www.hydraulic-cylinders.net\/cs\/wp-json\/wp\/v2\/media?parent=19095"}],"wp:term":[{"taxonomy":"product_brand","embeddable":true,"href":"https:\/\/www.hydraulic-cylinders.net\/cs\/wp-json\/wp\/v2\/product_brand?post=19095"},{"taxonomy":"product_cat","embeddable":true,"href":"https:\/\/www.hydraulic-cylinders.net\/cs\/wp-json\/wp\/v2\/product_cat?post=19095"},{"taxonomy":"product_tag","embeddable":true,"href":"https:\/\/www.hydraulic-cylinders.net\/cs\/wp-json\/wp\/v2\/product_tag?post=19095"}],"curies":[{"name":"wp","href":"https:\/\/api.w.org\/{rel}","templated":true}]}}