{"id":19097,"date":"2025-04-07T06:12:41","date_gmt":"2025-04-07T06:12:41","guid":{"rendered":"https:\/\/www.hydraulic-cylinders.net\/product\/boom-cylinder-for-yugong-wy150-8\/"},"modified":"2025-04-07T06:12:50","modified_gmt":"2025-04-07T06:12:50","slug":"boom-cylinder-for-yugong-wy150-8","status":"publish","type":"product","link":"https:\/\/www.hydraulic-cylinders.net\/cs\/produkt\/boom-cylinder-for-yugong-wy150-8\/","title":{"rendered":"V\u00e1lec v\u00fdlo\u017en\u00edku pro Yugong WY150-8"},"content":{"rendered":"<h1>V\u00e1lec v\u00fdlo\u017en\u00edku pro Yugong WY150-8<\/h1>\n<h2>P\u0159ehled produktu<\/h2>\n<p>Hydraulick\u00fd v\u00e1lec v\u00fdlo\u017en\u00edku, speci\u00e1ln\u011b navr\u017een\u00fd pro Yugong WY150-8, je nezbytnou sou\u010d\u00e1st\u00ed hydraulick\u00fdch syst\u00e9m\u016f pou\u017e\u00edvan\u00fdch v t\u011b\u017ek\u00fdch stroj\u00edch. V\u00e1lec kope\u010dku neboli v\u00e1lec v\u00fdlo\u017en\u00edku je typ hydraulick\u00e9ho v\u00e1lce, kter\u00fd je kl\u00ed\u010dov\u00fd pro ovl\u00e1d\u00e1n\u00ed pohybu kope\u010dk\u016f v r\u016fzn\u00fdch t\u011b\u017ek\u00fdch stroj\u00edch, jako jsou bagry, rypadla a \u010deln\u00ed naklada\u010de. Umo\u017e\u0148uje l\u017e\u00edci zvedat, spou\u0161t\u011bt a nakl\u00e1n\u011bt, co\u017e usnad\u0148uje efektivn\u00ed manipulaci s materi\u00e1lem. Tyto hydraulick\u00e9 v\u00e1lce funguj\u00ed na principu p\u0159em\u011bny hydraulick\u00e9 energie na mechanickou energii, co\u017e umo\u017e\u0148uje p\u0159esn\u00e9 pohyby v n\u00e1ro\u010dn\u00fdch prost\u0159ed\u00edch.<\/p>\n<p><img decoding=\"async\" src=\"https:\/\/www.hydraulic-cylinders.net\/wp-content\/uploads\/2025\/04\/songte-company-1.webp\" alt=\"Hydraulick\u00fd v\u00e1lec\"><\/p>\n<h3>Kl\u00ed\u010dov\u00e9 vlastnosti v\u00e1lce v\u00fdlo\u017en\u00edku<\/h3>\n<ul>\n<li><strong>Vysok\u00e1 pevnost a trvanlivost:<\/strong> Tato v\u00e1lec, vyroben\u00e1 z vysokopevnostn\u00ed oceli nebo hlin\u00edku, je navr\u017eena tak, aby odolala vysok\u00e9mu tlaku a velk\u00e9mu zat\u00ed\u017een\u00ed, a je tak vhodn\u00e1 pro n\u00e1ro\u010dn\u00e9 pracovn\u00ed podm\u00ednky. Konstrukce tak\u00e9 zahrnuje odolnost proti opot\u0159eben\u00ed a korozi pro prodlou\u017een\u00ed jej\u00ed \u017eivotnosti.<\/li>\n<li><strong>Efektivn\u00ed hydraulick\u00fd provoz:<\/strong> D\u00edky tlaku hydraulick\u00e9ho oleje dosahuje v\u00e1lec plynul\u00e9ho vysouv\u00e1n\u00ed a zasouv\u00e1n\u00ed, rychle reaguje na \u0159\u00eddic\u00ed povely a poskytuje siln\u00e9 tlakov\u00e9 a ta\u017en\u00e9 s\u00edly nezbytn\u00e9 pro zvl\u00e1d\u00e1n\u00ed t\u011b\u017ek\u00fdch a slo\u017eit\u00fdch operac\u00ed.<\/li>\n<li><strong>R\u016fzn\u00e9 typy:<\/strong> V\u00e1lec v\u00fdlo\u017en\u00edku je k dispozici v jedno\u010dinn\u00e9m (vyu\u017e\u00edv\u00e1 hydraulickou s\u00edlu v jednom sm\u011bru) nebo dvoj\u010dinn\u00e9m (vyu\u017e\u00edv\u00e1 hydraulickou s\u00edlu v obou sm\u011brech) proveden\u00ed, kter\u00e9 vyhovuj\u00ed r\u016fzn\u00fdm provozn\u00edm pot\u0159eb\u00e1m. N\u011bkter\u00e9 modely jsou teleskopick\u00e9, co\u017e umo\u017e\u0148uje v\u011bt\u0161\u00ed vysunut\u00ed bez zv\u011bt\u0161en\u00ed vn\u011bj\u0161\u00edch rozm\u011br\u016f, co\u017e je ide\u00e1ln\u00ed pro aplikace s omezen\u00fdm prostorem.<\/li>\n<li><strong>Zak\u00e1zkov\u00e1 v\u00fdroba:<\/strong> Na\u0161e spole\u010dnost vyr\u00e1b\u00ed tento produkt, kter\u00fd dokonale nahrazuje st\u00e1vaj\u00edc\u00ed hydraulick\u00e9 v\u00e1lce p\u0159esn\u00fdm in\u017een\u00fdrstv\u00edm a \u0159e\u0161en\u00edmi na m\u00edru.<\/li>\n<\/ul>\n<p><img decoding=\"async\" src=\"https:\/\/www.hydraulic-cylinders.net\/wp-content\/uploads\/2025\/04\/songte-cylinder-head-with-all-kinds-excavator-models.webp\" alt=\"Modely bagr\u016f\"><\/p>\n<h2>Aplikace v\u00e1lce v\u00fdlo\u017en\u00edku<\/h2>\n<h3>Stavebn\u00ed stroje<\/h3>\n<p>U bagr\u016f je v\u00e1lec v\u00fdlo\u017en\u00edku nezbytn\u00fd pro kop\u00e1n\u00ed, nakl\u00e1d\u00e1n\u00ed a p\u0159esouv\u00e1n\u00ed zeminy nebo suti. Umo\u017e\u0148uje l\u017e\u00edci efektivn\u011b pronikat do zeminy, co\u017e z n\u00ed \u010din\u00ed nepostradatelnou sou\u010d\u00e1st procesu v\u00fdkopu. R\u00fdpadla nav\u00edc vyu\u017e\u00edvaj\u00ed v\u00e1lec v\u00fdlo\u017en\u00edku nejen pro kop\u00e1n\u00ed, ale tak\u00e9 pro zved\u00e1n\u00ed, \u010d\u00edm\u017e zvy\u0161uj\u00ed celkovou produktivitu a funk\u010dnost stroje.<\/p>\n<h3>Zem\u011bd\u011blsk\u00e9 stroje<\/h3>\n<p>\u010celn\u00ed naklada\u010de vybaven\u00e9 v\u00e1lci v\u00fdlo\u017en\u00edku hraj\u00ed v zem\u011bd\u011blsk\u00e9m sektoru kl\u00ed\u010dovou roli. Tyto v\u00e1lce usnad\u0148uj\u00ed nab\u00edr\u00e1n\u00ed, zved\u00e1n\u00ed a p\u0159epravu p\u016fdy, sena a r\u016fzn\u00fdch materi\u00e1l\u016f, co\u017e v\u00fdznamn\u011b p\u0159isp\u00edv\u00e1 k efektivit\u011b zem\u011bd\u011blstv\u00ed. Jejich robustn\u00ed konstrukce zaji\u0161\u0165uje spolehliv\u00fd v\u00fdkon p\u0159i r\u016fzn\u00fdch zem\u011bd\u011blsk\u00fdch \u00fakonech, od p\u0159epravy krmiva a\u017e po manipulaci s plodinami.<\/p>\n<h3>Funk\u010dnost bagru<\/h3>\n<p>U rypadel umo\u017e\u0148uj\u00ed v\u00e1lce kore\u010dk\u016f rypadla efektivn\u00ed pronik\u00e1n\u00ed kore\u010dk\u016f do p\u016fdy. Tento hydraulick\u00fd mechanismus zvy\u0161uje ryc\u00ed schopnosti stroje a zaji\u0161\u0165uje, \u017ee zvl\u00e1dne n\u00e1ro\u010dn\u00fd ter\u00e9n a maximalizuje produktivitu b\u011bhem provozu.<\/p>\n<h3>Operace naklada\u010de<\/h3>\n<p>U \u010deln\u00edch naklada\u010d\u016f pom\u00e1haj\u00ed v\u00e1lce v\u00fdlo\u017en\u00edku efektivn\u011b zvedat a vykl\u00e1p\u011bt b\u0159emena. Tato funkce je kl\u00ed\u010dov\u00e1 pro r\u016fzn\u00e9 aplikace, v\u010detn\u011b stavebnictv\u00ed, krajin\u00e1\u0159stv\u00ed a manipulace s materi\u00e1lem, kde je nezbytn\u00e1 p\u0159esn\u00e1 kontrola nad \u0159\u00edzen\u00edm b\u0159emene.<\/p>\n<h2>Konstruk\u010dn\u00ed aspekty a krit\u00e9ria v\u00fdb\u011bru<\/h2>\n<h3>Nosnost<\/h3>\n<p>P\u0159i n\u00e1vrhu v\u00e1lce v\u00fdlo\u017en\u00edku je nosnost prvo\u0159ad\u00e1. Vztahuje se na maxim\u00e1ln\u00ed hmotnost, kterou m\u016f\u017ee v\u00e1lec zvednout nebo un\u00e9st bez rizika selh\u00e1n\u00ed. Spr\u00e1vn\u00e9 posouzen\u00ed po\u017eadavk\u016f na zat\u00ed\u017een\u00ed zaji\u0161\u0165uje, \u017ee v\u00e1lec bude ve sv\u00e9m provozn\u00edm prost\u0159ed\u00ed fungovat efektivn\u011b a bezpe\u010dn\u011b.<\/p>\n<h3>T\u011bsnic\u00ed mechanismy<\/h3>\n<p>\u00da\u010dinn\u00e9 t\u011bsn\u011bn\u00ed je kl\u00ed\u010dov\u00e9 pro v\u00fdkon hydraulick\u00fdch v\u00e1lc\u016f. Volba t\u011bsn\u011bn\u00ed, v\u010detn\u011b p\u00edstn\u00edch a p\u00edstn\u00edch t\u011bsn\u011bn\u00ed, v\u00fdznamn\u011b ovliv\u0148uje schopnost v\u00e1lce udr\u017eovat tlak a zabr\u00e1nit \u00fanik\u016fm. Materi\u00e1ly jako polyuretan a nitrilov\u00e1 pry\u017e se \u010dasto vol\u00ed kv\u016fli jejich odolnosti proti opot\u0159eben\u00ed a trvanlivosti.<\/p>\n<h3>Trvanlivost<\/h3>\n<p>Trvanlivost je kl\u00ed\u010dov\u00fdm faktorem p\u0159i konstrukci v\u00e1lce v\u00fdlo\u017en\u00edku. Mus\u00ed odol\u00e1vat n\u00e1ro\u010dn\u00fdm provozn\u00edm podm\u00ednk\u00e1m, v\u010detn\u011b vystaven\u00ed extr\u00e9mn\u00edm teplot\u00e1m, vlhkosti a korozivn\u00edm materi\u00e1l\u016fm. Pou\u017eit\u00ed vysoce kvalitn\u00edch materi\u00e1l\u016f a ochrann\u00fdch povlak\u016f zvy\u0161uje odolnost a \u017eivotnost v\u00e1lce.<\/p>\n<h3>Bezpe\u010dnostn\u00ed prvky<\/h3>\n<p>Bezpe\u010dnost je u hydraulick\u00fdch syst\u00e9m\u016f nanejv\u00fd\u0161 d\u016fle\u017eit\u00e1. Konstruk\u010dn\u00ed aspekty mus\u00ed zahrnovat prvky, kter\u00e9 zabra\u0148uj\u00ed nadm\u011brn\u00e9mu prota\u017een\u00ed, n\u00e1hl\u00fdm poruch\u00e1m a zaji\u0161\u0165uj\u00ed bezpe\u010dn\u00fd provoz za r\u016fzn\u00fdch podm\u00ednek. Implementace pojistn\u00fdch ventil\u016f a mechanism\u016f pro potla\u010den\u00ed tlaku zvy\u0161uje provozn\u00ed bezpe\u010dnost.<\/p>\n<h3>\u00dadr\u017eba a provozuschopnost<\/h3>\n<p>Konstrukce v\u00e1lce v\u00fdlo\u017en\u00edku s ohledem na \u00fadr\u017ebu zjednodu\u0161uje servis a prodlu\u017euje jeho \u017eivotnost. Vlastnosti, jako jsou snadno p\u0159\u00edstupn\u00e9 komponenty a zjednodu\u0161en\u00e9 procesy v\u00fdm\u011bny t\u011bsn\u011bn\u00ed, jsou nezbytn\u00e9 pro minimalizaci prostoj\u016f a zaji\u0161t\u011bn\u00ed efektivn\u00edho provozu.<\/p>\n<p><img decoding=\"async\" src=\"https:\/\/www.hydraulic-cylinders.net\/wp-content\/uploads\/2025\/04\/songte-oil-pipes-and-spare-parts.webp\" alt=\"N\u00e1hradn\u00ed d\u00edly\"><\/p>\n<h2>T\u011bsn\u011bn\u00ed a maz\u00e1n\u00ed<\/h2>\n<p>T\u011bsn\u011bn\u00ed a maz\u00e1n\u00ed jsou kl\u00ed\u010dov\u00fdmi sou\u010d\u00e1stmi \u00fadr\u017eby hydraulick\u00fdch v\u00e1lc\u016f. R\u016fzn\u00e1 t\u011bsn\u011bn\u00ed, jako jsou p\u00edstn\u00ed t\u011bsn\u011bn\u00ed a t\u011bsn\u011bn\u00ed p\u00edstnice, jsou nezbytn\u00e1 pro udr\u017een\u00ed integrity hydraulick\u00e9ho syst\u00e9mu. T\u011bsn\u011bn\u00ed vyroben\u00e1 z odoln\u00fdch materi\u00e1l\u016f, jako je polyuretan a nitrilov\u00e1 pry\u017e, poskytuj\u00ed vynikaj\u00edc\u00ed odolnost proti opot\u0159eben\u00ed a zaji\u0161\u0165uj\u00ed dlouhodob\u00fd v\u00fdkon. T\u011bleso v\u00e1lce a z\u00e1vitov\u00e9 koncov\u00e9 plochy proch\u00e1zej\u00ed p\u0159esn\u00fdm obr\u00e1b\u011bn\u00edm pro zv\u00fd\u0161en\u00ed odolnosti proti opot\u0159eben\u00ed a spolehlivosti. Pravideln\u00e9 maz\u00e1n\u00ed vhodn\u00fdm hydraulick\u00fdm olejem je nezbytn\u00e9 pro minimalizaci t\u0159en\u00ed a opot\u0159eben\u00ed a zaji\u0161t\u011bn\u00ed plynul\u00e9ho provozu. Spr\u00e1vn\u00e9 postupy maz\u00e1n\u00ed prodlu\u017euj\u00ed \u017eivotnost v\u00e1lce a udr\u017euj\u00ed konzistentn\u00ed v\u00fdkon.<\/p>\n<h2>Preventivn\u00ed \u00fadr\u017ebov\u00e1 opat\u0159en\u00ed<\/h2>\n<ul>\n<li><strong>Pravideln\u00e9 kontroly:<\/strong> Prov\u00e1d\u011bn\u00ed pravideln\u00fdch kontrol v\u00e1lce v\u00fdlo\u017en\u00edku, zda nevykazuje zn\u00e1mky opot\u0159eben\u00ed, net\u011bsnost\u00ed nebo po\u0161kozen\u00ed, je z\u00e1sadn\u00ed. Pravideln\u00e9 kontroly pom\u00e1haj\u00ed identifikovat potenci\u00e1ln\u00ed probl\u00e9my d\u0159\u00edve, ne\u017e se zhor\u0161\u00ed, a zaji\u0161\u0165uj\u00ed tak optim\u00e1ln\u00ed v\u00fdkon.<\/li>\n<li><strong>Vhodn\u00e9 maz\u00e1n\u00ed:<\/strong> Udr\u017eov\u00e1n\u00ed spr\u00e1vn\u00e9 hladiny maz\u00e1n\u00ed je nezbytn\u00e9 pro bezprobl\u00e9mov\u00fd provoz hydraulick\u00e9ho syst\u00e9mu. U\u017eivatel\u00e9 by m\u011bli dodr\u017eovat pokyny v\u00fdrobce ohledn\u011b interval\u016f a mno\u017estv\u00ed maz\u00e1n\u00ed, aby se zabr\u00e1nilo opot\u0159eben\u00ed a poruch\u00e1m syst\u00e9mu.<\/li>\n<li><strong>V\u00fdm\u011bna t\u011bsn\u011bn\u00ed:<\/strong> Postupem \u010dasu se t\u011bsn\u011bn\u00ed mohou opot\u0159ebovat a je nutn\u00e9 je vym\u011bnit. Pravideln\u00e9 sledov\u00e1n\u00ed stavu t\u011bsn\u011bn\u00ed a jejich v\u00fdm\u011bna v p\u0159\u00edpad\u011b pot\u0159eby zabra\u0148uje \u00fanik\u016fm a udr\u017euje hydraulick\u00fd tlak.<\/li>\n<\/ul>\n<h2>Pokyny k instalaci<\/h2>\n<p>Spr\u00e1vn\u00e1 instalace v\u00e1lce v\u00fdlo\u017en\u00edku je z\u00e1sadn\u00ed pro jeho funk\u010dnost a dlouhou \u017eivotnost. Za\u010dn\u011bte t\u00edm, \u017ee se ujist\u00edte, \u017ee v\u0161echny komponenty jsou \u010dist\u00e9 a bez ne\u010distot. Spr\u00e1vn\u00e9 vyrovn\u00e1n\u00ed je z\u00e1sadn\u00ed; k zaji\u0161t\u011bn\u00ed v\u00e1lce na m\u00edst\u011b pou\u017eijte vhodn\u00e9 mont\u00e1\u017en\u00ed konzoly a vyhn\u011bte se nespr\u00e1vn\u00e9mu vyrovn\u00e1n\u00ed, kter\u00e9 by mohlo v\u00e9st k p\u0159ed\u010dasn\u00e9mu opot\u0159eben\u00ed. Dodr\u017eujte specifikace v\u00fdrobce ohledn\u011b nastaven\u00ed utahovac\u00edho momentu a po\u017eadavk\u016f na p\u0159ipojen\u00ed. Po instalaci otestujte syst\u00e9m pod n\u00edzk\u00fdm tlakem, abyste zkontrolovali t\u011bsnost a zajistili jeho spr\u00e1vn\u00fd provoz, ne\u017e se pln\u011b pust\u00edte do provozn\u00edch \u00fakol\u016f. Nakonec po instalaci prove\u010fte d\u016fkladnou kontrolu, abyste ov\u011b\u0159ili, zda v\u0161echny komponenty funguj\u00ed podle o\u010dek\u00e1v\u00e1n\u00ed.<\/p>\n<h2>B\u011b\u017en\u00e9 \u00fakoly \u00fadr\u017eby<\/h2>\n<ul>\n<li><strong>Pravideln\u00e9 kontroly:<\/strong> Pravideln\u00e9 kontroly pom\u00e1haj\u00ed v\u010das odhalit opot\u0159eben\u00ed a po\u0161kozen\u00ed. Hledejte net\u011bsnosti, praskliny a zn\u00e1mky nadm\u011brn\u00e9ho opot\u0159eben\u00ed. V\u010dasn\u00e1 detekce m\u016f\u017ee zabr\u00e1nit n\u00e1kladn\u00fdm oprav\u00e1m a prostoj\u016fm.<\/li>\n<li><strong>Spr\u00e1vn\u00e9 maz\u00e1n\u00ed:<\/strong> Maz\u00e1n\u00ed hydraulick\u00fdch sou\u010d\u00e1st\u00ed dle specifikac\u00ed v\u00fdrobce zaji\u0161\u0165uje hladk\u00fd provoz a sni\u017euje opot\u0159eben\u00ed. Pravideln\u00e9 kontroly hladiny maziva jsou nezbytn\u00e9 pro udr\u017een\u00ed optim\u00e1ln\u00edho v\u00fdkonu.<\/li>\n<li><strong>V\u00fdm\u011bna t\u011bsn\u011bn\u00ed:<\/strong> T\u011bsn\u011bn\u00ed by m\u011bla b\u00fdt pravideln\u011b kontrolov\u00e1na a vym\u011bn\u011bna, pokud jsou patrn\u00e9 zn\u00e1mky opot\u0159eben\u00ed. Tento \u00fakol je kl\u00ed\u010dov\u00fd pro udr\u017een\u00ed hydraulick\u00e9ho tlaku a \u00fa\u010dinnosti syst\u00e9mu.<\/li>\n<\/ul>\n<h2>Bezpe\u010dnostn\u00ed aspekty a faktory prost\u0159ed\u00ed<\/h2>\n<p>P\u0159i pr\u00e1ci s hydraulick\u00fdmi syst\u00e9my jsou nezbytn\u00e1 bezpe\u010dnostn\u00ed opat\u0159en\u00ed. Obsluha by m\u011bla b\u00fdt pro\u0161kolena, aby rozum\u011bla rizik\u016fm spojen\u00fdm s hydraulick\u00fdmi v\u00e1lci, v\u010detn\u011b potenci\u00e1ln\u00edch poruch a nebezpe\u010d\u00ed souvisej\u00edc\u00edch s tlakem. B\u011bhem \u00fadr\u017eby by se m\u011bly pou\u017e\u00edvat vhodn\u00e9 osobn\u00ed ochrann\u00e9 prost\u0159edky (OOP), aby se sn\u00ed\u017eilo riziko zran\u011bn\u00ed. D\u00e1le je t\u0159eba zohlednit environment\u00e1ln\u00ed aspekty, jako je spr\u00e1vn\u00e1 likvidace hydraulick\u00fdch kapalin a opot\u0159ebovan\u00fdch sou\u010d\u00e1st\u00ed, aby se zabr\u00e1nilo kontaminaci, a dodr\u017eov\u00e1n\u00ed environment\u00e1ln\u00edch p\u0159edpis\u016f.<\/p>\n<h2>Odstra\u0148ov\u00e1n\u00ed probl\u00e9m\u016f a b\u011b\u017en\u00e9 probl\u00e9my<\/h2>\n<ul>\n<li><strong>\u00danik:<\/strong> \u00daniky, kter\u00e9 jsou b\u011b\u017en\u011b zp\u016fsobeny opot\u0159ebovan\u00fdmi t\u011bsn\u011bn\u00edmi nebo po\u0161kozen\u00fdmi armaturami, mohou v\u00e9st k probl\u00e9m\u016fm s v\u00fdkonem. Pravideln\u00e1 kontrola t\u011bsn\u011bn\u00ed a armatur je nezbytn\u00e1 pro v\u010dasnou detekci.<\/li>\n<li><strong>Pomal\u00fd provoz:<\/strong> Pokud se v\u00e1lec v\u00fdlo\u017en\u00edku ot\u00e1\u010d\u00ed pomaleji ne\u017e obvykle, m\u016f\u017ee to znamenat n\u00edzkou hladinu hydraulick\u00e9 kapaliny nebo ucpan\u00fd filtr. Kontrola hladiny kapalin a v\u00fdm\u011bna filtr\u016f m\u016f\u017ee tento probl\u00e9m vy\u0159e\u0161it.<\/li>\n<li><strong>Neobvykl\u00e9 zvuky:<\/strong> Hluky b\u011bhem provozu mohou signalizovat vnit\u0159n\u00ed po\u0161kozen\u00ed nebo nedostate\u010dn\u00e9 maz\u00e1n\u00ed. Aby se zabr\u00e1nilo dal\u0161\u00edmu po\u0161kozen\u00ed, doporu\u010duje se okam\u017eit\u011b zastavit provoz a zkontrolovat v\u00e1lec.<\/li>\n<\/ul>\n<h2>Tipy pro \u0159e\u0161en\u00ed probl\u00e9m\u016f<\/h2>\n<p>Pro efektivn\u00ed diagnostiku a \u0159e\u0161en\u00ed probl\u00e9m\u016f s v\u00e1lcem v\u00fdlo\u017en\u00edku postupujte takto: identifikujte p\u0159\u00edznaky a \u0159i\u010fte se v\u00fd\u0161e uveden\u00fdmi b\u011b\u017en\u00fdmi probl\u00e9my. Prove\u010fte d\u016fkladnou vizu\u00e1ln\u00ed kontrolu net\u011bsnost\u00ed nebo po\u0161kozen\u00ed a zkontrolujte hladinu hydraulick\u00e9 kapaliny. Ujist\u011bte se, \u017ee v\u0161echna t\u011bsn\u011bn\u00ed a spoje jsou bezpe\u010dn\u00e9. Prov\u00e1d\u011bjte preventivn\u00ed opat\u0159en\u00ed, jako je pravideln\u00e1 \u00fadr\u017eba a v\u010dasn\u00e1 v\u00fdm\u011bna opot\u0159ebovan\u00fdch sou\u010d\u00e1st\u00ed, abyste minimalizovali potenci\u00e1ln\u00ed probl\u00e9my. Veden\u00ed den\u00edku \u00fadr\u017eby m\u016f\u017ee pomoci sledovat probl\u00e9my v pr\u016fb\u011bhu \u010dasu, co\u017e umo\u017e\u0148uje v p\u0159\u00edpad\u011b pot\u0159eby p\u0159ij\u00edmat proaktivn\u00ed opat\u0159en\u00ed.<\/p>\n<p><img decoding=\"async\" src=\"https:\/\/www.hydraulic-cylinders.net\/wp-content\/uploads\/2025\/04\/songte-bushings-with-all-kinds-of-excavator-models.webp\" alt=\"Modely bagr\u016f\"><\/p>\n<h2>O na\u0161\u00ed spole\u010dnosti<\/h2>\n<p>Jsme p\u0159edn\u00edm v\u00fdrobcem a velkoobchodn\u00edm distributorem n\u00e1hradn\u00edch hydraulick\u00fdch v\u00e1lc\u016f a poskytujeme komplexn\u00ed sortiment produkt\u016f na dom\u00e1c\u00edm i mezin\u00e1rodn\u00edm trhu. N\u00e1\u0161 z\u00e1vazek k dokonalosti je patrn\u00fd v na\u0161ich propracovan\u00fdch v\u00fdrobn\u00edch procesech, podpo\u0159en\u00fdch pokro\u010dil\u00fdmi technologiemi a kvalifikovan\u00fdmi odborn\u00edky. Neust\u00e1le vylep\u0161ujeme na\u0161e v\u00fdrobn\u00ed kapacity integrac\u00ed nejmodern\u011bj\u0161\u00edho vybaven\u00ed a robustn\u00edho syst\u00e9mu kontroly kvality. Na\u0161e zam\u011b\u0159en\u00ed na vysokou efektivitu, p\u0159esnost a kvalitu n\u00e1m umo\u017e\u0148uje uspokojovat rozmanit\u00e9 pot\u0159eby na\u0161ich z\u00e1kazn\u00edk\u016f. Nab\u00edz\u00edme tak\u00e9 zak\u00e1zkov\u00e1 \u0159e\u0161en\u00ed p\u0159izp\u016fsoben\u00e1 specifick\u00fdm provozn\u00edm po\u017eadavk\u016fm, abychom zajistili, \u017ee na\u0161i klienti obdr\u017e\u00ed ty nejlep\u0161\u00ed mo\u017en\u00e9 produkty a slu\u017eby.<\/p>\n<p><img decoding=\"async\" src=\"https:\/\/www.hydraulic-cylinders.net\/wp-content\/uploads\/2025\/04\/songte-company-4.webp\" alt=\"P\u0159ehled spole\u010dnosti\"><br \/>\n<img decoding=\"async\" src=\"https:\/\/www.hydraulic-cylinders.net\/wp-content\/uploads\/2025\/04\/songte-company-3.webp\" alt=\"V\u00fdroba spole\u010dnosti\"><\/p>\n<p>Autor: lyl<\/p>","protected":false},"excerpt":{"rendered":"<p>Boom Cylinder For Yugong WY150-8 Product Overview The Boom Cylinder, specifically designed for the Yugong WY150-8, is an essential component in hydraulic systems utilized in heavy machinery. A bucket cylinder, or boom cylinder, is a type of hydraulic cylinder that is crucial in controlling the movement of buckets in various heavy equipment such as excavators, [&hellip;]<\/p>","protected":false},"featured_media":17873,"comment_status":"open","ping_status":"closed","template":"","meta":{"_et_pb_use_builder":"","_et_pb_old_content":"","_et_gb_content_width":""},"product_brand":[],"product_cat":[1546],"product_tag":[1547,1496],"class_list":{"0":"post-19097","1":"product","2":"type-product","3":"status-publish","4":"has-post-thumbnail","6":"product_cat-boom-cylinders","7":"product_tag-boom-cylinders","8":"product_tag-hydraulic-cylinders","10":"first","11":"instock","12":"shipping-taxable","13":"product-type-simple"},"amp_enabled":true,"_links":{"self":[{"href":"https:\/\/www.hydraulic-cylinders.net\/cs\/wp-json\/wp\/v2\/product\/19097","targetHints":{"allow":["GET"]}}],"collection":[{"href":"https:\/\/www.hydraulic-cylinders.net\/cs\/wp-json\/wp\/v2\/product"}],"about":[{"href":"https:\/\/www.hydraulic-cylinders.net\/cs\/wp-json\/wp\/v2\/types\/product"}],"replies":[{"embeddable":true,"href":"https:\/\/www.hydraulic-cylinders.net\/cs\/wp-json\/wp\/v2\/comments?post=19097"}],"wp:featuredmedia":[{"embeddable":true,"href":"https:\/\/www.hydraulic-cylinders.net\/cs\/wp-json\/wp\/v2\/media\/17873"}],"wp:attachment":[{"href":"https:\/\/www.hydraulic-cylinders.net\/cs\/wp-json\/wp\/v2\/media?parent=19097"}],"wp:term":[{"taxonomy":"product_brand","embeddable":true,"href":"https:\/\/www.hydraulic-cylinders.net\/cs\/wp-json\/wp\/v2\/product_brand?post=19097"},{"taxonomy":"product_cat","embeddable":true,"href":"https:\/\/www.hydraulic-cylinders.net\/cs\/wp-json\/wp\/v2\/product_cat?post=19097"},{"taxonomy":"product_tag","embeddable":true,"href":"https:\/\/www.hydraulic-cylinders.net\/cs\/wp-json\/wp\/v2\/product_tag?post=19097"}],"curies":[{"name":"wp","href":"https:\/\/api.w.org\/{rel}","templated":true}]}}