{"id":19107,"date":"2025-04-07T06:13:13","date_gmt":"2025-04-07T06:13:13","guid":{"rendered":"https:\/\/www.hydraulic-cylinders.net\/product\/boom-cylinder-for-volvo-small-excavator-ec140b\/"},"modified":"2025-04-07T06:13:15","modified_gmt":"2025-04-07T06:13:15","slug":"boom-cylinder-for-volvo-small-excavator-ec140b","status":"publish","type":"product","link":"https:\/\/www.hydraulic-cylinders.net\/cs\/produkt\/boom-cylinder-for-volvo-small-excavator-ec140b\/","title":{"rendered":"V\u00e1lec v\u00fdlo\u017en\u00edku pro mal\u00e9 rypadlo Volvo EC140B"},"content":{"rendered":"<h1>V\u00e1lec v\u00fdlo\u017en\u00edku pro mal\u00e9 rypadlo Volvo EC140B<\/h1>\n<h2>\u00davod k v\u00e1lc\u016fm v\u00fdlo\u017en\u00edku<\/h2>\n<p>Hydraulick\u00fd v\u00e1lec v\u00fdlo\u017en\u00edku je kl\u00ed\u010dovou sou\u010d\u00e1st\u00ed hydraulick\u00fdch syst\u00e9m\u016f t\u011b\u017ek\u00fdch stroj\u016f, speci\u00e1ln\u011b navr\u017eenou pro ovl\u00e1d\u00e1n\u00ed pohybu l\u017e\u00edce nebo v\u00fdlo\u017en\u00edku. U stroj\u016f, jako jsou rypadla, bagry a \u010deln\u00ed naklada\u010de, umo\u017e\u0148uje v\u00e1lec v\u00fdlo\u017en\u00edku zved\u00e1n\u00ed, spou\u0161t\u011bn\u00ed a nakl\u00e1p\u011bn\u00ed l\u017e\u00edce, co\u017e efektivn\u011b usnad\u0148uje manipulaci s materi\u00e1lem. V\u00e1lec l\u017e\u00edce je v podstat\u011b typ hydraulick\u00e9ho v\u00e1lce, kter\u00fd poskytuje pot\u0159ebnou s\u00edlu k prov\u00e1d\u011bn\u00ed t\u011bchto operac\u00ed. Vyu\u017eit\u00edm hydraulick\u00e9ho tlaku dod\u00e1v\u00e1 v\u00e1lec v\u00fdlo\u017en\u00edku v\u00fdkon pot\u0159ebn\u00fd k prov\u00e1d\u011bn\u00ed r\u016fzn\u00fdch \u00fakol\u016f, co\u017e z n\u011bj \u010din\u00ed nepostradatelnou sou\u010d\u00e1st stavebn\u00edch a zem\u011bd\u011blsk\u00fdch stroj\u016f.<\/p>\n<p><img decoding=\"async\" src=\"https:\/\/www.hydraulic-cylinders.net\/wp-content\/uploads\/2025\/04\/songte-company-1.webp\" alt=\"V\u00e1lec v\u00fdlo\u017en\u00edku pro bagry\" \/><\/p>\n<h2>Vlastnosti v\u00e1lce v\u00fdlo\u017en\u00edku<\/h2>\n<ul>\n<li><strong>Vysok\u00e1 pevnost a trvanlivost:<\/strong> V\u00e1lec v\u00fdlo\u017en\u00edku, obvykle vyroben\u00fd z vysokopevnostn\u00ed oceli nebo hlin\u00edku, je navr\u017een tak, aby odolal vysok\u00fdm tlak\u016fm a velk\u00e9mu zat\u00ed\u017een\u00ed. Jeho konstrukce tak\u00e9 zohled\u0148uje odolnost proti opot\u0159eben\u00ed a korozi, co\u017e prodlu\u017euje jeho \u017eivotnost.<\/li>\n<li><strong>Efektivn\u00ed hydraulick\u00fd provoz:<\/strong> V\u00e1lec v\u00fdlo\u017en\u00edku zaji\u0161\u0165uje d\u00edky tlaku hydraulick\u00e9ho oleje plynul\u00e9 vysouv\u00e1n\u00ed a zasouv\u00e1n\u00ed, co\u017e umo\u017e\u0148uje rychlou reakci na povely obsluhy a poskytuje zna\u010dn\u00e9 s\u00edly pro tla\u010den\u00ed a tah vhodn\u00e9 pro t\u011b\u017ek\u00e9 zdvihac\u00ed \u00fakony.<\/li>\n<li><strong>R\u016fzn\u00e9 typy:<\/strong> V\u00e1lce v\u00fdlo\u017en\u00edku jsou k dispozici v jedno\u010dinn\u00e9m (ovl\u00e1daj\u00edc\u00edm se v jednom sm\u011bru) i dvoj\u010dinn\u00e9m (ovl\u00e1daj\u00edc\u00edm se ve dvou sm\u011brech) proveden\u00ed, aby spl\u0148ovaly r\u016fzn\u00e9 provozn\u00ed pot\u0159eby. N\u011bkter\u00e9 modely jsou teleskopick\u00e9, co\u017e umo\u017e\u0148uje v\u011bt\u0161\u00ed vysunut\u00ed bez zv\u011bt\u0161en\u00ed vn\u011bj\u0161\u00edch rozm\u011br\u016f, a proto jsou ide\u00e1ln\u00ed pro aplikace s omezen\u00fdm prostorem.<\/li>\n<\/ul>\n<p>Na\u0161e produkty dok\u00e1\u017e\u00ed tyto hydraulick\u00e9 v\u00e1lce dokonale nahradit.<\/p>\n<p><img decoding=\"async\" src=\"https:\/\/www.hydraulic-cylinders.net\/wp-content\/uploads\/2025\/04\/songte-cylinder-head-with-all-kinds-excavator-models.webp\" alt=\"Modely bagr\u016f\" \/><\/p>\n<h2>Sc\u00e9n\u00e1\u0159e aplikac\u00ed<\/h2>\n<h3>Stavebn\u00ed stroje<\/h3>\n<p>U bagr\u016f jsou v\u00e1lce v\u00fdlo\u017en\u00edku nezbytn\u00e9 pro kop\u00e1n\u00ed, nakl\u00e1d\u00e1n\u00ed a p\u0159emis\u0165ov\u00e1n\u00ed zeminy nebo suti. Umo\u017e\u0148uj\u00ed l\u017e\u00edci efektivn\u011b pronikat do zem\u011b, co\u017e umo\u017e\u0148uje efektivn\u00ed v\u00fdkopov\u00e9 pr\u00e1ce. U rypadlo-naklada\u010d\u016f v\u00e1lec v\u00fdlo\u017en\u00edku pom\u00e1h\u00e1 jak p\u0159i kop\u00e1n\u00ed, tak p\u0159i zved\u00e1n\u00ed, co\u017e z n\u011bj \u010din\u00ed v\u0161estrann\u00fd n\u00e1stroj na staveni\u0161t\u00edch.<\/p>\n<h3>Zem\u011bd\u011blsk\u00e9 stroje<\/h3>\n<p>U \u010deln\u00edch naklada\u010d\u016f se v\u00e1lce v\u00fdlo\u017en\u00edku pou\u017e\u00edvaj\u00ed k nab\u00edr\u00e1n\u00ed, zved\u00e1n\u00ed a p\u0159eprav\u011b zeminy, sena a dal\u0161\u00edch materi\u00e1l\u016f. Jejich robustn\u00ed konstrukce umo\u017e\u0148uje spolehliv\u00fd provoz p\u0159i r\u016fzn\u00fdch zem\u011bd\u011blsk\u00fdch \u00fakonech a zvy\u0161uje produktivitu a efektivitu.<\/p>\n<h3>Bagry<\/h3>\n<p>Schopnost v\u00e1lce v\u00fdlo\u017en\u00edku umo\u017enit l\u017e\u00edci proniknout do p\u016fdy je nezbytn\u00e1 pro efektivn\u00ed v\u00fdkopov\u00e9 \u010dinnosti. Hydraulick\u00e1 s\u00edla generovan\u00e1 v\u00e1lcem v\u00fdlo\u017en\u00edku usnad\u0148uje hlubok\u00e9 kop\u00e1n\u00ed, co\u017e z n\u011bj \u010din\u00ed nepostradatelnou sou\u010d\u00e1st v\u00fdkopov\u00fdch prac\u00ed.<\/p>\n<h3>Naklada\u010de<\/h3>\n<p>U \u010deln\u00edch naklada\u010d\u016f p\u0159isp\u00edvaj\u00ed v\u00e1lce v\u00fdlo\u017en\u00edku k efektivn\u00edmu zved\u00e1n\u00ed a vykl\u00e1p\u011bn\u00ed b\u0159emen. Zaji\u0161\u0165uj\u00ed, aby stroj zvl\u00e1dl t\u011b\u017ek\u00e9 materi\u00e1ly a z\u00e1rove\u0148 si zachoval stabilitu a ovladatelnost b\u011bhem provozu.<\/p>\n<h2>Konstruk\u010dn\u00ed aspekty a krit\u00e9ria v\u00fdb\u011bru<\/h2>\n<ul>\n<li><strong>Nosnost:<\/strong> Jedn\u00edm z hlavn\u00edch faktor\u016f p\u0159i v\u00fdb\u011bru v\u00e1lce v\u00fdlo\u017en\u00edku je jeho nosnost. V\u00e1lec mus\u00ed b\u00fdt schopen zvl\u00e1dnout maxim\u00e1ln\u00ed zat\u00ed\u017een\u00ed o\u010dek\u00e1van\u00e9 b\u011bhem provozu. Je nezbytn\u00e9 \u0159\u00eddit se specifikacemi v\u00fdrobce, abyste se ujistili, \u017ee vybran\u00fd v\u00e1lec tyto po\u017eadavky spl\u0148uje. Nosnost je ovlivn\u011bna materi\u00e1lem v\u00e1lce, konstrukc\u00ed a hydraulick\u00fdmi specifikacemi. D\u016fkladn\u00e9 pochopen\u00ed provozn\u00edch po\u017eadavk\u016f stroje je z\u00e1sadn\u00ed pro v\u00fdb\u011br vhodn\u00e9ho v\u00e1lce.<\/li>\n<li><strong>T\u011bsn\u011bn\u00ed:<\/strong> Kvalita t\u011bsn\u011bn\u00ed je pro efektivn\u00ed provoz v\u00e1lce v\u00fdlo\u017en\u00edku z\u00e1sadn\u00ed. Vysoce kvalitn\u00ed t\u011bsn\u011bn\u00ed zabra\u0148uje \u00fanik\u016fm hydraulick\u00e9 kapaliny, kter\u00e9 mohou zhor\u0161it funk\u010dnost a v\u00e9st k provozn\u00edm poruch\u00e1m. V z\u00e1vislosti na konkr\u00e9tn\u00ed aplikaci by se m\u011bly pou\u017e\u00edvat r\u016fzn\u00e9 typy t\u011bsn\u011bn\u00ed, v\u010detn\u011b p\u00edstn\u00edch a p\u00edstn\u00edch t\u011bsn\u011bn\u00ed. Pro jejich odolnost proti opot\u0159eben\u00ed se doporu\u010duj\u00ed materi\u00e1ly, jako je polyuretan a nitrilov\u00e1 pry\u017e. Pravideln\u00e1 kontrola a v\u00fdm\u011bna t\u011bsn\u011bn\u00ed je nezbytn\u00e1 pro udr\u017een\u00ed hydraulick\u00e9 \u00fa\u010dinnosti a prevenci kontaminace.<\/li>\n<li><strong>Trvanlivost:<\/strong> Trvanlivost v\u00e1lce v\u00fdlo\u017en\u00edku je z\u00e1sadn\u00ed, proto\u017ee mus\u00ed odol\u00e1vat n\u00e1ro\u010dn\u00fdm provozn\u00edm podm\u00ednk\u00e1m. Faktory, jako je vystaven\u00ed vlhkosti, ne\u010distot\u00e1m a extr\u00e9mn\u00edm teplot\u00e1m, mohou ovlivnit \u017eivotnost v\u00e1lce. V\u00fdb\u011br materi\u00e1lu a ochrann\u00fdch povlak\u016f hraje v\u00fdznamnou roli p\u0159i zvy\u0161ov\u00e1n\u00ed odolnosti. Nav\u00edc za\u010dlen\u011bn\u00ed konstruk\u010dn\u00edch prvk\u016f, kter\u00e9 zm\u00edr\u0148uj\u00ed opot\u0159eben\u00ed, m\u016f\u017ee v\u00fdrazn\u011b prodlou\u017eit \u017eivotnost v\u00e1lce.<\/li>\n<li><strong>Bezpe\u010dnost:<\/strong> Bezpe\u010dnostn\u00ed prvky jsou v hydraulick\u00fdch syst\u00e9mech z\u00e1sadn\u00ed. V\u00e1lec v\u00fdlo\u017en\u00edku by m\u011bl obsahovat vestav\u011bn\u00e9 bezpe\u010dnostn\u00ed mechanismy, kter\u00e9 zabra\u0148uj\u00ed n\u00e1hodn\u00e9mu ovl\u00e1d\u00e1n\u00ed a zaji\u0161\u0165uj\u00ed kontrolovan\u00fd pohyb. Funkce nouzov\u00e9ho zastaven\u00ed a p\u0159etlakov\u00e9 ventily by m\u011bly b\u00fdt standardn\u00ed sou\u010d\u00e1st\u00ed, aby se zm\u00edrnila rizika spojen\u00e1 s poruchou hydraulick\u00e9ho syst\u00e9mu. M\u011bly by se prov\u00e1d\u011bt pravideln\u00e9 bezpe\u010dnostn\u00ed kontroly, aby se zajistilo, \u017ee v\u0161echny bezpe\u010dnostn\u00ed prvky funguj\u00ed spr\u00e1vn\u011b.<\/li>\n<li><strong>\u00dadr\u017eba:<\/strong> Snadn\u00e1 \u00fadr\u017eba je dal\u0161\u00edm d\u016fle\u017eit\u00fdm aspektem, kter\u00fd je t\u0159eba zv\u00e1\u017eit. V\u00e1lec v\u00fdlo\u017en\u00edku by m\u011bl b\u00fdt navr\u017een tak, aby byl zaji\u0161t\u011bn snadn\u00fd p\u0159\u00edstup ke komponent\u016fm, kter\u00e9 vy\u017eaduj\u00ed pravidelnou \u00fadr\u017ebu, jako jsou t\u011bsn\u011bn\u00ed a mazac\u00ed body. Pl\u00e1n \u00fadr\u017eby by m\u011bl zahrnovat pokyny pro pravideln\u00e9 kontroly, aby byl zaji\u0161t\u011bn optim\u00e1ln\u00ed v\u00fdkon a dlouh\u00e1 \u017eivotnost.<\/li>\n<\/ul>\n<p><img decoding=\"async\" src=\"https:\/\/www.hydraulic-cylinders.net\/wp-content\/uploads\/2025\/04\/songte-oil-pipes-and-spare-parts.webp\" alt=\"Olejov\u00e9 trubky a n\u00e1hradn\u00ed d\u00edly\" \/><\/p>\n<h2>T\u011bsn\u011bn\u00ed a maz\u00e1n\u00ed<\/h2>\n<p>\u00da\u010dinnost v\u00e1lce v\u00fdlo\u017en\u00edku do zna\u010dn\u00e9 m\u00edry z\u00e1vis\u00ed na pou\u017eit\u00ed spr\u00e1vn\u00fdch t\u011bsnic\u00edch materi\u00e1l\u016f a metod maz\u00e1n\u00ed. R\u016fzn\u00e1 t\u011bsn\u011bn\u00ed, jako jsou p\u00edstn\u00ed a p\u00edstn\u00ed t\u011bsn\u011bn\u00ed, jsou nezbytn\u00e1 pro udr\u017een\u00ed hydraulick\u00e9 kapaliny ve v\u00e1lci. V\u00fdb\u011br t\u011bsn\u011bn\u00ed vyroben\u00fdch z odoln\u00fdch materi\u00e1l\u016f, jako je polyuretan a nitrilov\u00e1 pry\u017e, zvy\u0161uje jejich odolnost proti opot\u0159eben\u00ed. T\u011bleso v\u00e1lce a z\u00e1vitov\u00e9 koncov\u00e9 plochy by nav\u00edc m\u011bly b\u00fdt p\u0159esn\u011b obrobeny, aby se zlep\u0161ila odolnost proti opot\u0159eben\u00ed a zajistilo se t\u011bsn\u00e9 ut\u011bsn\u011bn\u00ed. Pravideln\u00e9 maz\u00e1n\u00ed hydraulick\u00fdm olejem je nezbytn\u00e9 pro minimalizaci t\u0159en\u00ed a prevenci p\u0159ed\u010dasn\u00e9ho opot\u0159eben\u00ed, \u010d\u00edm\u017e se zajist\u00ed hladk\u00fd provoz hydraulick\u00e9ho syst\u00e9mu.<\/p>\n<h2>Pravideln\u00e1 kontrola a preventivn\u00ed \u00fadr\u017eba<\/h2>\n<ul>\n<li><strong>Pravideln\u00e9 kontroly:<\/strong> Prov\u00e1d\u011bjte pravideln\u00e9 kontroly, abyste identifikovali zn\u00e1mky opot\u0159eben\u00ed, net\u011bsnost\u00ed nebo po\u0161kozen\u00ed. Tento proaktivn\u00ed p\u0159\u00edstup pom\u00e1h\u00e1 odhalit potenci\u00e1ln\u00ed probl\u00e9my d\u0159\u00edve, ne\u017e se vyhrot\u00ed a povedou k n\u00e1kladn\u00fdm oprav\u00e1m.<\/li>\n<li><strong>Spr\u00e1vn\u00e9 maz\u00e1n\u00ed:<\/strong> Zajist\u011bte udr\u017eov\u00e1n\u00ed hladiny hydraulick\u00e9ho oleje a pravideln\u00e9 maz\u00e1n\u00ed. Nedostate\u010dn\u00e9 maz\u00e1n\u00ed m\u016f\u017ee v\u00e9st ke zv\u00fd\u0161en\u00e9mu t\u0159en\u00ed a p\u0159ed\u010dasn\u00e9mu selh\u00e1n\u00ed v\u00e1lce.<\/li>\n<li><strong>V\u00fdm\u011bna t\u011bsn\u011bn\u00ed:<\/strong> Sledujte stav t\u011bsn\u011bn\u00ed a v p\u0159\u00edpad\u011b pot\u0159eby je vym\u011b\u0148te. Opot\u0159ebovan\u00e1 t\u011bsn\u011bn\u00ed mohou v\u00e9st k net\u011bsnostem a sn\u00ed\u017een\u00ed hydraulick\u00e9 \u00fa\u010dinnosti, co\u017e m\u00e1 vliv na celkov\u00fd v\u00fdkon.<\/li>\n<\/ul>\n<h2>Pokyny k instalaci<\/h2>\n<p>Spr\u00e1vn\u00e1 instalace v\u00e1lce v\u00fdlo\u017en\u00edku je z\u00e1sadn\u00ed pro zaji\u0161t\u011bn\u00ed optim\u00e1ln\u00edho v\u00fdkonu. Za\u010dn\u011bte p\u0159esn\u00fdm vyrovn\u00e1n\u00edm v\u00e1lce s mont\u00e1\u017en\u00edmi konzolami, abyste p\u0159ede\u0161li probl\u00e9m\u016fm s nespr\u00e1vn\u00fdm vyrovn\u00e1n\u00edm. Pro pevn\u00e9 upevn\u011bn\u00ed v\u00e1lce se doporu\u010duje pou\u017e\u00edt vhodn\u00e9 mont\u00e1\u017en\u00ed konzoly. B\u011bhem instalace se ujist\u011bte, \u017ee jsou v\u0161echna hydraulick\u00e1 spojen\u00ed t\u011bsn\u00e1 a bez \u00fanik\u016f. Po instalaci prove\u010fte d\u016fkladnou kontrolu, abyste ov\u011b\u0159ili, zda v\u00e1lec funguje hladce a bez jak\u00fdchkoli p\u0159ek\u00e1\u017eek. B\u011bhem provozu pravideln\u011b kontrolujte vyrovn\u00e1n\u00ed, abyste se ujistili, \u017ee v\u00e1lec si zachov\u00e1v\u00e1 svou zam\u00fd\u0161lenou dr\u00e1hu a funkci. Spr\u00e1vn\u00e1 instalace nejen zlep\u0161uje funk\u010dnost, ale tak\u00e9 zvy\u0161uje bezpe\u010dnost b\u011bhem provozu.<\/p>\n<h2>B\u011b\u017en\u00e9 \u00fakoly \u00fadr\u017eby<\/h2>\n<ul>\n<li><strong>Pravideln\u00e1 kontrola:<\/strong> Prov\u00e1d\u011bn\u00ed pravideln\u00fdch kontrol je z\u00e1sadn\u00ed pro v\u010dasnou identifikaci opot\u0159eben\u00ed. Kontrolujte zn\u00e1mky net\u011bsnost\u00ed, koroze nebo po\u0161kozen\u00ed v\u00e1lce a jeho sou\u010d\u00e1st\u00ed. V\u010dasn\u00e1 detekce umo\u017e\u0148uje v\u010dasnou \u00fadr\u017ebu a prevenci z\u00e1va\u017en\u00fdch poruch.<\/li>\n<li><strong>Vhodn\u00e9 maz\u00e1n\u00ed:<\/strong> Zajist\u011bte dostate\u010dnou hladinu hydraulick\u00e9ho oleje a \u0159\u00e1dn\u00fd servis mazac\u00edch m\u00edst. Pravideln\u00e9 maz\u00e1n\u00ed sni\u017euje t\u0159en\u00ed a opot\u0159eben\u00ed, \u010d\u00edm\u017e prodlu\u017euje \u017eivotnost v\u00e1lce.<\/li>\n<li><strong>V\u00fdm\u011bna a kalibrace t\u011bsn\u011bn\u00ed:<\/strong> Sledujte opot\u0159eben\u00ed t\u011bsn\u011bn\u00ed a v p\u0159\u00edpad\u011b pot\u0159eby je vym\u011b\u0148te. Kalibrace hydraulick\u00e9ho syst\u00e9mu zaji\u0161\u0165uje optim\u00e1ln\u00ed v\u00fdkon a p\u0159edch\u00e1z\u00ed provozn\u00edm probl\u00e9m\u016fm.<\/li>\n<\/ul>\n<p><img decoding=\"async\" src=\"https:\/\/www.hydraulic-cylinders.net\/wp-content\/uploads\/2025\/04\/songte-chushion-collar.webp\" alt=\"Pol\u0161t\u00e1\u0159ov\u00fd l\u00edmec\" \/><\/p>\n<h2>Bezpe\u010dnostn\u00ed aspekty a faktory prost\u0159ed\u00ed<\/h2>\n<p>P\u0159i pr\u00e1ci s hydraulick\u00fdmi syst\u00e9my jsou bezpe\u010dnostn\u00ed opat\u0159en\u00ed prvo\u0159ad\u00e1. Obsluha by m\u011bla b\u00fdt pro\u0161kolena v bezpe\u010dn\u00fdch postupech manipulace, aby se minimalizovaly nehody. Pou\u017e\u00edv\u00e1n\u00ed osobn\u00edch ochrann\u00fdch prost\u0159edk\u016f (OOP) je nezbytn\u00e9 pro ochranu p\u0159ed potenci\u00e1ln\u00edmi nebezpe\u010d\u00edmi spojen\u00fdmi s vysokotlak\u00fdmi syst\u00e9my. Krom\u011b toho je nutn\u00e9 p\u0159i konstrukci a provozu v\u00e1lc\u016f v\u00fdlo\u017en\u00edku zohlednit faktory prost\u0159ed\u00ed, jako je vystaven\u00ed extr\u00e9mn\u00edm pov\u011btrnostn\u00edm podm\u00ednk\u00e1m, aby byla zaji\u0161t\u011bna jejich \u017eivotnost a spolehlivost.<\/p>\n<h2>Odstra\u0148ov\u00e1n\u00ed probl\u00e9m\u016f a b\u011b\u017en\u00e9 probl\u00e9my<\/h2>\n<ul>\n<li><strong>Hydraulick\u00e9 net\u011bsnosti:<\/strong> Zkontrolujte net\u011bsnosti hydraulick\u00e9ho syst\u00e9mu, kter\u00e9 mohou b\u00fdt zp\u016fsobeny opot\u0159ebovan\u00fdmi t\u011bsn\u011bn\u00edmi nebo po\u0161kozen\u00fdmi hadicemi. Pro udr\u017een\u00ed hydraulick\u00e9ho tlaku a \u00fa\u010dinnosti syst\u00e9mu je nezbytn\u00e9 v\u010dasn\u00e9 odstran\u011bn\u00ed net\u011bsnost\u00ed.<\/li>\n<li><strong>Pomal\u00fd pohyb v\u00e1lce:<\/strong> Pokud se v\u00e1lec pohybuje pomalu, m\u016f\u017ee to znamenat n\u00edzkou hladinu hydraulick\u00e9 kapaliny nebo vzduch v hydraulick\u00fdch potrub\u00edch. Zkontrolujte hladiny kapalin a v p\u0159\u00edpad\u011b pot\u0159eby syst\u00e9m odvzdu\u0161n\u011bte.<\/li>\n<li><strong>Nadm\u011brn\u00fd hluk:<\/strong> Neobvykl\u00e9 zvuky b\u011bhem provozu mohou signalizovat vnit\u0159n\u00ed opot\u0159eben\u00ed nebo hydraulickou kavitaci. Prozkoumejte zdroj hluku a prove\u010fte pot\u0159ebn\u00e9 opravy.<\/li>\n<\/ul>\n<p>Aby mohli provozovatel\u00e9 efektivn\u011b \u0159e\u0161it probl\u00e9my, m\u011bli by v\u00e9st z\u00e1znamy o v\u00fdkonnostn\u00edch metrik\u00e1ch a prov\u00e1d\u011bt pravideln\u00e9 kontroly syst\u00e9mu, aby v\u010das odhalili nesrovnalosti. Preventivn\u00ed opat\u0159en\u00ed, jako je b\u011b\u017en\u00e1 \u00fadr\u017eba a kontroly, mohou v\u00fdrazn\u011b sn\u00ed\u017eit pravd\u011bpodobnost provozn\u00edch probl\u00e9m\u016f.<\/p>\n<p><img decoding=\"async\" src=\"https:\/\/www.hydraulic-cylinders.net\/wp-content\/uploads\/2025\/04\/songte-bushings-with-all-kinds-of-excavator-models.webp\" alt=\"Pouzdra pro bagry\" \/><\/p>\n<h2>O na\u0161\u00ed spole\u010dnosti<\/h2>\n<p>Jsme p\u0159edn\u00edm v\u00fdrobcem n\u00e1hradn\u00edch hydraulick\u00fdch v\u00e1lc\u016f a nab\u00edz\u00edme \u0161irokou \u0161k\u00e1lu produkt\u016f, kter\u00e9 n\u00e1s etablovaly jako kl\u00ed\u010dov\u00e9ho hr\u00e1\u010de na dom\u00e1c\u00edm i mezin\u00e1rodn\u00edm trhu. N\u00e1\u0161 z\u00e1vazek k dokonalosti se odr\u00e1\u017e\u00ed v na\u0161ich detailn\u00edch v\u00fdrobn\u00edch procesech a na\u0161\u00ed strategii p\u0159esn\u00e9ho \u0159\u00edzen\u00ed v\u00fdroby. Neust\u00e1le vylep\u0161ujeme na\u0161e v\u00fdrobn\u00ed kapacity integrac\u00ed kvalifikovan\u00e9ho technick\u00e9ho person\u00e1lu, pokro\u010dil\u00e9ho digit\u00e1ln\u00edho v\u00fdrobn\u00edho za\u0159\u00edzen\u00ed a profesion\u00e1ln\u00edch testovac\u00edch syst\u00e9m\u016f. Toto neochv\u011bjn\u00e9 \u00fasil\u00ed o kvalitu n\u00e1m umo\u017e\u0148uje efektivn\u011b a p\u0159esn\u011b uspokojovat rozmanit\u00e9 pot\u0159eby z\u00e1kazn\u00edk\u016f.<\/p>\n<p>Na\u0161e spole\u010dnost klade d\u016fraz na profesionalitu, mezin\u00e1rodn\u00ed certifikaci, slu\u017eby na m\u00edru, modern\u00ed v\u00fdrobn\u00ed za\u0159\u00edzen\u00ed a komplexn\u00ed poprodejn\u00ed podporu, co\u017e n\u00e1s stav\u00ed do role d\u016fv\u011bryhodn\u00e9ho partnera na trhu s hydraulick\u00fdmi v\u00e1lci.<\/p>\n<p><img decoding=\"async\" src=\"https:\/\/www.hydraulic-cylinders.net\/wp-content\/uploads\/2025\/04\/songte-company-4.webp\" alt=\"Provoz spole\u010dnosti\" \/><br \/>\n<img decoding=\"async\" src=\"https:\/\/www.hydraulic-cylinders.net\/wp-content\/uploads\/2025\/04\/songte-company-3.webp\" alt=\"Za\u0159\u00edzen\u00ed spole\u010dnosti\" \/><\/p>\n<p>Autor: lyl<\/p>","protected":false},"excerpt":{"rendered":"<p>Boom Cylinder For Volvo Small Excavator EC140B Introduction to Boom Cylinders The boom cylinder is a crucial component in the hydraulic systems of heavy machinery, specifically designed to control the movement of the bucket or boom. In machines like excavators, backhoes, and front loaders, the boom cylinder allows for lifting, lowering, and tilting of the [&hellip;]<\/p>","protected":false},"featured_media":17868,"comment_status":"open","ping_status":"closed","template":"","meta":{"_et_pb_use_builder":"","_et_pb_old_content":"","_et_gb_content_width":""},"product_brand":[],"product_cat":[1546],"product_tag":[1547,1496],"class_list":{"0":"post-19107","1":"product","2":"type-product","3":"status-publish","4":"has-post-thumbnail","6":"product_cat-boom-cylinders","7":"product_tag-boom-cylinders","8":"product_tag-hydraulic-cylinders","10":"first","11":"instock","12":"shipping-taxable","13":"product-type-simple"},"amp_enabled":true,"_links":{"self":[{"href":"https:\/\/www.hydraulic-cylinders.net\/cs\/wp-json\/wp\/v2\/product\/19107","targetHints":{"allow":["GET"]}}],"collection":[{"href":"https:\/\/www.hydraulic-cylinders.net\/cs\/wp-json\/wp\/v2\/product"}],"about":[{"href":"https:\/\/www.hydraulic-cylinders.net\/cs\/wp-json\/wp\/v2\/types\/product"}],"replies":[{"embeddable":true,"href":"https:\/\/www.hydraulic-cylinders.net\/cs\/wp-json\/wp\/v2\/comments?post=19107"}],"wp:featuredmedia":[{"embeddable":true,"href":"https:\/\/www.hydraulic-cylinders.net\/cs\/wp-json\/wp\/v2\/media\/17868"}],"wp:attachment":[{"href":"https:\/\/www.hydraulic-cylinders.net\/cs\/wp-json\/wp\/v2\/media?parent=19107"}],"wp:term":[{"taxonomy":"product_brand","embeddable":true,"href":"https:\/\/www.hydraulic-cylinders.net\/cs\/wp-json\/wp\/v2\/product_brand?post=19107"},{"taxonomy":"product_cat","embeddable":true,"href":"https:\/\/www.hydraulic-cylinders.net\/cs\/wp-json\/wp\/v2\/product_cat?post=19107"},{"taxonomy":"product_tag","embeddable":true,"href":"https:\/\/www.hydraulic-cylinders.net\/cs\/wp-json\/wp\/v2\/product_tag?post=19107"}],"curies":[{"name":"wp","href":"https:\/\/api.w.org\/{rel}","templated":true}]}}