{"id":19184,"date":"2025-04-07T06:17:04","date_gmt":"2025-04-07T06:17:04","guid":{"rendered":"https:\/\/www.hydraulic-cylinders.net\/product\/boom-cylinder-for-xcmg-small-excavator-xe65ca\/"},"modified":"2025-04-07T06:17:06","modified_gmt":"2025-04-07T06:17:06","slug":"boom-cylinder-for-xcmg-small-excavator-xe65ca","status":"publish","type":"product","link":"https:\/\/www.hydraulic-cylinders.net\/cs\/produkt\/boom-cylinder-for-xcmg-small-excavator-xe65ca\/","title":{"rendered":"V\u00e1lec v\u00fdlo\u017en\u00edku pro mal\u00e9 rypadlo XCMG XE65CA"},"content":{"rendered":"<h1>V\u00e1lec v\u00fdlo\u017en\u00edku pro mal\u00e9 rypadlo XCMG XE65CA<\/h1>\n<h2>P\u0159ehled produktu<\/h2>\n<p>Hydraulick\u00fd v\u00e1lec v\u00fdlo\u017en\u00edku pro mal\u00e9 rypadlo XCMG XE65CA je z\u00e1kladn\u00ed sou\u010d\u00e1st\u00ed hydraulick\u00e9ho syst\u00e9mu rypadel. Tento hydraulick\u00fd v\u00e1lec je speci\u00e1ln\u011b navr\u017een pro ovl\u00e1d\u00e1n\u00ed pohybu v\u00fdlo\u017en\u00edku, co\u017e umo\u017e\u0148uje jeho zved\u00e1n\u00ed, spou\u0161t\u011bn\u00ed a nakl\u00e1p\u011bn\u00ed. Tato schopnost je kl\u00ed\u010dov\u00e1 pro r\u016fzn\u00e9 \u00fakoly manipulace s materi\u00e1lem ve stavebnictv\u00ed a p\u0159i provozu t\u011b\u017ek\u00fdch stroj\u016f. V\u00e1lec v\u00fdlo\u017en\u00edku hraje z\u00e1sadn\u00ed roli v efektivn\u00edm provozu za\u0159\u00edzen\u00ed, jako jsou rypadla, r\u00fdpadlo-naklada\u010de a \u010deln\u00ed naklada\u010de. Usnadn\u011bn\u00edm p\u0159esn\u00e9ho pohybu v\u00fdlo\u017en\u00edku tento hydraulick\u00fd v\u00e1lec zvy\u0161uje celkov\u00fd v\u00fdkon a produktivitu stroje.<\/p>\n<p><img decoding=\"async\" src=\"https:\/\/www.hydraulic-cylinders.net\/wp-content\/uploads\/2025\/04\/songte-company-1.webp\" alt=\"V\u00e1lec v\u00fdlo\u017en\u00edku\"><\/p>\n<h3>Definice a funk\u010dnost<\/h3>\n<p>Hydraulick\u00e9 v\u00e1lce, jako nap\u0159\u00edklad v\u00e1lec v\u00fdlo\u017en\u00edku, jsou za\u0159\u00edzen\u00ed, kter\u00e1 p\u0159em\u011b\u0148uj\u00ed hydraulickou energii na mechanickou energii. Jsou navr\u017eeny tak, aby generovaly line\u00e1rn\u00ed pohyb vyu\u017eit\u00edm tlaku hydraulick\u00e9 kapaliny. V\u00e1lec v\u00fdlo\u017en\u00edku umo\u017e\u0148uje plynul\u00fd chod v\u00fdlo\u017en\u00edku rypadla, co\u017e umo\u017e\u0148uje obsluze prov\u00e1d\u011bt \u0159adu \u00fakol\u016f, v\u010detn\u011b efektivn\u00edho kop\u00e1n\u00ed, zved\u00e1n\u00ed a p\u0159emis\u0165ov\u00e1n\u00ed materi\u00e1l\u016f.<\/p>\n<h2>Vlastnosti v\u00e1lce v\u00fdlo\u017en\u00edku<\/h2>\n<ul>\n<li><strong>Vysok\u00e1 pevnost a trvanlivost:<\/strong> Tyto v\u00e1lce, vyroben\u00e9 z vysokopevnostn\u00ed oceli nebo hlin\u00edku, odol\u00e1vaj\u00ed vysok\u00e9mu tlaku a velk\u00e9mu zat\u00ed\u017een\u00ed, d\u00edky \u010demu\u017e jsou vhodn\u00e9 pro n\u00e1ro\u010dn\u00e9 pracovn\u00ed prost\u0159ed\u00ed. Jsou navr\u017eeny s ohledem na odolnost proti opot\u0159eben\u00ed a korozi, aby se prodlou\u017eila jejich \u017eivotnost.<\/li>\n<li><strong>Efektivn\u00ed hydraulick\u00fd provoz:<\/strong> D\u00edky tlaku hydraulick\u00e9ho oleje zaji\u0161\u0165uje v\u00e1lec plynul\u00e9 vysouv\u00e1n\u00ed a zasouv\u00e1n\u00ed, co\u017e umo\u017e\u0148uje rychl\u00e9 reakce na \u0159\u00eddic\u00ed povely a dosahuje siln\u00fdch tlakov\u00fdch a ta\u017en\u00fdch sil, ide\u00e1ln\u00edch pro zvl\u00e1d\u00e1n\u00ed t\u011b\u017ek\u00fdch a slo\u017eit\u00fdch \u00fakol\u016f.<\/li>\n<li><strong>R\u016fzn\u00e9 typy:<\/strong> V z\u00e1vislosti na provozn\u00edch pot\u0159eb\u00e1ch si u\u017eivatel\u00e9 mohou vybrat mezi jedno\u010dinn\u00fdmi (pracuj\u00edc\u00edmi v jednom sm\u011bru) nebo dvoj\u010dinn\u00fdmi (pracuj\u00edc\u00edmi v obou sm\u011brech) v\u00e1lci. N\u011bkter\u00e9 modely jsou teleskopick\u00e9, co\u017e umo\u017e\u0148uje v\u011bt\u0161\u00ed v\u00fdsuv bez zv\u011bt\u0161en\u00ed vn\u011bj\u0161\u00edch rozm\u011br\u016f, a proto jsou vhodn\u00e9 pro aplikace s omezen\u00fdm prostorem.<\/li>\n<li><strong>Vynikaj\u00edc\u00ed t\u011bsnic\u00ed v\u00fdkon:<\/strong> Tyto v\u00e1lce jsou navr\u017eeny tak, aby minimalizovaly \u00faniky a zajistily efektivn\u00ed provoz, a pou\u017e\u00edvaj\u00ed vysoce kvalitn\u00ed t\u011bsn\u011bn\u00ed, kter\u00e1 udr\u017euj\u00ed tlak a integritu kapaliny.<\/li>\n<li><strong>P\u0159izp\u016fsobiteln\u00e9 mo\u017enosti:<\/strong> Na\u0161e v\u00e1lce lze p\u0159izp\u016fsobit specifick\u00fdm po\u017eadavk\u016fm aplikace, co\u017e zaji\u0161\u0165uje bezprobl\u00e9movou integraci a v\u00fdkon v r\u016fzn\u00fdch stroj\u00edch.<\/li>\n<\/ul>\n<p><img decoding=\"async\" src=\"https:\/\/www.hydraulic-cylinders.net\/wp-content\/uploads\/2025\/04\/songte-cylinder-head-with-all-kinds-excavator-models.webp\" alt=\"Hlava v\u00e1lc\u016f\"><\/p>\n<h2>Aplikace v\u00e1lce v\u00fdlo\u017en\u00edku<\/h2>\n<h3>Stavebn\u00ed stroje<\/h3>\n<p>U bagr\u016f jsou v\u00e1lce v\u00fdlo\u017en\u00edku kl\u00ed\u010dov\u00e9 pro kop\u00e1n\u00ed, nakl\u00e1d\u00e1n\u00ed a p\u0159epravu zeminy nebo suti. Umo\u017e\u0148uj\u00ed efektivn\u00ed pohyb v\u00fdlo\u017en\u00edku, co\u017e obsluze umo\u017e\u0148uje p\u0159esn\u011b prov\u00e1d\u011bt r\u016fzn\u00e9 \u00fakoly. U rypadlo-naklada\u010d\u016f v\u00e1lec v\u00fdlo\u017en\u00edku pom\u00e1h\u00e1 jak p\u0159i v\u00fdkopu, tak p\u0159i zved\u00e1n\u00ed, co\u017e zvy\u0161uje v\u0161estrannost na staveni\u0161t\u00edch.<\/p>\n<h3>Zem\u011bd\u011blsk\u00e9 stroje<\/h3>\n<p>U \u010deln\u00edch naklada\u010d\u016f jsou v\u00e1lce v\u00fdlo\u017en\u00edku zodpov\u011bdn\u00e9 za nab\u00edr\u00e1n\u00ed, zved\u00e1n\u00ed a p\u0159epravu zeminy, sena a dal\u0161\u00edch materi\u00e1l\u016f. Jejich schopnost plynule fungovat p\u0159i prom\u011bnliv\u00e9m zat\u00ed\u017een\u00ed je pro zem\u011bd\u011blsk\u00e9 \u00fakoly z\u00e1sadn\u00ed, co\u017e je \u010din\u00ed nepostradateln\u00fdmi pro zem\u011bd\u011blce a zem\u011bd\u011blsk\u00e9 dodavatele.<\/p>\n<h3>V\u00fdkopov\u00e9 pr\u00e1ce<\/h3>\n<p>V\u00e1lec v\u00fdlo\u017en\u00edku umo\u017e\u0148uje rypadl\u016fm efektivn\u011b pronikat do zem\u011b, co\u017e umo\u017e\u0148uje efektivn\u00ed kop\u00e1n\u00ed. Tato schopnost je z\u00e1sadn\u00ed ve stavebnictv\u00ed, ter\u00e9nn\u00edch \u00faprav\u00e1ch a p\u0159\u00edprav\u011b staveni\u0161\u0165, kde je vy\u017eadov\u00e1no p\u0159esn\u00e9 odstra\u0148ov\u00e1n\u00ed zeminy.<\/p>\n<h3>Na\u010d\u00edt\u00e1n\u00ed operac\u00ed<\/h3>\n<p>U \u010deln\u00edch naklada\u010d\u016f pom\u00e1haj\u00ed v\u00e1lce v\u00fdlo\u017en\u00edku efektivn\u011b zvedat a vykl\u00e1p\u011bt b\u0159emena. Tato funkce je obzvl\u00e1\u0161t\u011b d\u016fle\u017eit\u00e1 ve stavebnictv\u00ed a manipulaci s materi\u00e1lem, kde jsou kl\u00ed\u010dov\u00e9 efektivita a rychlost.<\/p>\n<h2>Konstruk\u010dn\u00ed aspekty a krit\u00e9ria v\u00fdb\u011bru<\/h2>\n<h3>Nosnost<\/h3>\n<p>P\u0159i v\u00fdb\u011bru v\u00e1lce v\u00fdlo\u017en\u00edku je nezbytn\u00e9 zv\u00e1\u017eit jeho nosnost, kter\u00e1 p\u0159\u00edmo ovliv\u0148uje jeho schopnost bezpe\u010dn\u011b a efektivn\u011b vykon\u00e1vat \u00fakoly. V\u00e1lec mus\u00ed b\u00fdt navr\u017een tak, aby zvl\u00e1dl maxim\u00e1ln\u00ed hmotnost, s n\u00ed\u017e se setk\u00e1 b\u011bhem provozu, a aby byla zaji\u0161t\u011bna jak bezpe\u010dnost, tak spolehlivost.<\/p>\n<h3>T\u011bsn\u011bn\u00ed a trvanlivost<\/h3>\n<p>T\u011bsnic\u00ed syst\u00e9m v hydraulick\u00e9m v\u00e1lci je z\u00e1sadn\u00ed pro udr\u017een\u00ed provozn\u00ed \u00fa\u010dinnosti. Vysoce kvalitn\u00ed t\u011bsn\u011bn\u00ed zabra\u0148uje \u00faniku kapaliny, co\u017e m\u016f\u017ee v\u00e9st ke sn\u00ed\u017een\u00ed v\u00fdkonu a potenci\u00e1ln\u00edmu selh\u00e1n\u00ed stroj\u016f. Materi\u00e1ly pou\u017eit\u00e9 v t\u011bchto t\u011bsn\u011bn\u00edch mus\u00ed tak\u00e9 odol\u00e1vat n\u00e1ro\u010dn\u00fdm pracovn\u00edm podm\u00ednk\u00e1m, co\u017e zaji\u0161\u0165uje dlouhodobou \u017eivotnost.<\/p>\n<h3>Bezpe\u010dnostn\u00ed prvky<\/h3>\n<p>Bezpe\u010dnost je u hydraulick\u00fdch syst\u00e9m\u016f prvo\u0159ad\u00e1. Konstrukce mus\u00ed zahrnovat bezpe\u010dnostn\u00ed prvky a mechanismy pro sn\u00ed\u017een\u00ed tlaku, aby se zabr\u00e1nilo nehod\u00e1m v d\u016fsledku p\u0159et\u00ed\u017een\u00ed nebo hydraulick\u00fdch poruch. Zaji\u0161t\u011bn\u00ed t\u011bchto bezpe\u010dnostn\u00edch prvk\u016f je nezbytn\u00e9 pro bezpe\u010dnost obsluhy i za\u0159\u00edzen\u00ed.<\/p>\n<h3>\u00dadr\u017eba a opravy<\/h3>\n<p>Snadn\u00e1 \u00fadr\u017eba je dal\u0161\u00edm d\u016fle\u017eit\u00fdm aspektem, kter\u00fd je t\u0159eba zv\u00e1\u017eit. Hydraulick\u00e9 v\u00e1lce by m\u011bly b\u00fdt navr\u017eeny pro snadnou kontrolu a servis, co\u017e by umo\u017e\u0148ovalo pravideln\u00e9 kontroly \u00fadr\u017eby bez v\u00fdznamn\u00fdch prostoj\u016f. Toto hledisko zvy\u0161uje \u017eivotnost a spolehlivost za\u0159\u00edzen\u00ed.<\/p>\n<p><img decoding=\"async\" src=\"https:\/\/www.hydraulic-cylinders.net\/wp-content\/uploads\/2025\/04\/songte-oil-pipes-and-spare-parts.webp\" alt=\"Olejov\u00e9 trubky a n\u00e1hradn\u00ed d\u00edly\"><\/p>\n<h2>T\u011bsn\u011bn\u00ed a maz\u00e1n\u00ed hydraulick\u00e9ho v\u00e1lce<\/h2>\n<p>T\u011bsnic\u00ed syst\u00e9m v\u00e1lc\u016f v\u00fdlo\u017en\u00edku zahrnuje r\u016fzn\u00e9 t\u011bsnic\u00ed prvky, jako jsou t\u011bsn\u011bn\u00ed p\u00edst\u016f a t\u011bsn\u011bn\u00ed p\u00edstnic, kter\u00e9 jsou z\u00e1sadn\u00ed pro udr\u017een\u00ed integrity hydraulick\u00e9 kapaliny. T\u011bsn\u011bn\u00ed vyroben\u00e1 z materi\u00e1l\u016f, jako je polyuretan a nitrilov\u00e1 pry\u017e, jsou vyb\u00edr\u00e1na pro sv\u00e9 vlastnosti odoln\u00e9 proti opot\u0159eben\u00ed. T\u011bleso v\u00e1lce a z\u00e1vitov\u00e9 koncov\u00e9 plochy jsou d\u00e1le jemn\u011b obr\u00e1b\u011bny pro zv\u00fd\u0161en\u00ed odolnosti proti opot\u0159eben\u00ed. Pravideln\u00e9 maz\u00e1n\u00ed vhodn\u00fdm mno\u017estv\u00edm hydraulick\u00e9ho oleje je nezbytn\u00e9 pro zaji\u0161t\u011bn\u00ed plynul\u00e9ho provozu a prodlou\u017een\u00ed \u017eivotnosti t\u011bsn\u011bn\u00ed a v\u00e1lce.<\/p>\n<h2>Preventivn\u00ed \u00fadr\u017ebov\u00e1 opat\u0159en\u00ed<\/h2>\n<ul>\n<li><strong>Pravideln\u00e9 kontroly:<\/strong> Prov\u00e1d\u011bjte pravideln\u00e9 kontroly, abyste zjistili opot\u0159eben\u00ed t\u011bsn\u011bn\u00ed, armatur a t\u011blesa v\u00e1lce. Pravideln\u00e1 kontrola net\u011bsnost\u00ed a po\u0161kozen\u00ed m\u016f\u017ee zabr\u00e1nit dal\u0161\u00edmu zhor\u0161ov\u00e1n\u00ed stavu a n\u00e1kladn\u00fdm oprav\u00e1m.<\/li>\n<li><strong>Vhodn\u00e9 maz\u00e1n\u00ed:<\/strong> Zajist\u011bte dostate\u010dn\u00e9 maz\u00e1n\u00ed hydraulick\u00e9ho v\u00e1lce, aby se zabr\u00e1nilo t\u0159en\u00ed a opot\u0159eben\u00ed. Pro udr\u017een\u00ed optim\u00e1ln\u00edho v\u00fdkonu pou\u017e\u00edvejte pouze doporu\u010den\u00e1 maziva.<\/li>\n<li><strong>V\u00fdm\u011bna t\u011bsn\u011bn\u00ed:<\/strong> Pravideln\u011b vym\u011b\u0148ujte t\u011bsn\u011bn\u00ed na z\u00e1klad\u011b pou\u017e\u00edv\u00e1n\u00ed a opot\u0159eben\u00ed. Pravideln\u00e1 v\u00fdm\u011bna opot\u0159ebovan\u00fdch t\u011bsn\u011bn\u00ed zaji\u0161\u0165uje efektivn\u00ed provoz hydraulick\u00e9ho syst\u00e9mu a zabra\u0148uje \u00fanik\u016fm.<\/li>\n<\/ul>\n<h2>Pokyny k instalaci v\u00e1lce v\u00fdlo\u017en\u00edku<\/h2>\n<p>Spr\u00e1vn\u00e1 instalace v\u00e1lce v\u00fdlo\u017en\u00edku je nezbytn\u00e1 pro optim\u00e1ln\u00ed v\u00fdkon. Za\u010dn\u011bte t\u00edm, \u017ee se ujist\u00edte, \u017ee v\u0161echny mont\u00e1\u017en\u00ed povrchy jsou \u010dist\u00e9 a bez ne\u010distot. V\u00e1lec p\u0159esn\u011b vyrovnejte s mont\u00e1\u017en\u00edmi konzolami pomoc\u00ed vhodn\u00fdch mont\u00e1\u017en\u00edch p\u0159\u00edpravk\u016f nebo up\u00ednac\u00edch prvk\u016f, abyste b\u011bhem mont\u00e1\u017ee zachovali vyrovn\u00e1n\u00ed. V\u00e1lec zajist\u011bte pomoc\u00ed specifikovan\u00fdch upev\u0148ovac\u00edch prvk\u016f a nastaven\u00ed utahovac\u00edho momentu od v\u00fdrobce. P\u0159ed testov\u00e1n\u00edm syst\u00e9mu pod provozn\u00edm zat\u00ed\u017een\u00edm ov\u011b\u0159te, zda jsou v\u0161echna hydraulick\u00e1 p\u0159ipojen\u00ed t\u011bsn\u00e1 a bez \u00fanik\u016f. Pravideln\u011b kontrolujte instalaci, zda nevykazuje zn\u00e1mky nesouososti nebo opot\u0159eben\u00ed, a pro udr\u017een\u00ed v\u00fdkonu v\u010das \u0159e\u0161te probl\u00e9my.<\/p>\n<h2>B\u011b\u017en\u00e9 \u00fakoly \u00fadr\u017eby<\/h2>\n<h3>Pravideln\u00e9 kontroly<\/h3>\n<p>Pravideln\u00e9 kontroly v\u00e1lce v\u00fdlo\u017en\u00edku jsou z\u00e1sadn\u00ed pro identifikaci potenci\u00e1ln\u00edch probl\u00e9m\u016f d\u0159\u00edve, ne\u017e se zhor\u0161\u00ed. Zkontrolujte, zda na t\u011blese v\u00e1lce nejsou patrn\u00e9 zn\u00e1mky opot\u0159eben\u00ed, jako jsou \u0161kr\u00e1bance nebo prom\u00e1\u010dkliny, a zkontrolujte t\u011bsn\u011bn\u00ed, zda neunikaj\u00ed kapaliny. V\u010dasn\u00e9 odhalen\u00ed probl\u00e9m\u016f umo\u017e\u0148uje preventivn\u00ed opat\u0159en\u00ed a zaji\u0161\u0165uje efektivn\u00ed a bezpe\u010dn\u00fd provoz v\u00e1lce.<\/p>\n<h3>Vhodn\u00e9 maz\u00e1n\u00ed<\/h3>\n<p>Udr\u017eov\u00e1n\u00ed spr\u00e1vn\u00e9ho maz\u00e1n\u00ed je z\u00e1sadn\u00ed pro dlouhou \u017eivotnost hydraulick\u00e9ho v\u00e1lce. Zajist\u011bte, aby byl pou\u017e\u00edv\u00e1n spr\u00e1vn\u00fd typ hydraulick\u00e9ho oleje a aby byl pravideln\u011b dopl\u0148ov\u00e1n podle doporu\u010den\u00ed v\u00fdrobce. Spr\u00e1vn\u00e9 maz\u00e1n\u00ed minimalizuje t\u0159en\u00ed a opot\u0159eben\u00ed, \u010d\u00edm\u017e zvy\u0161uje v\u00fdkon a \u017eivotnost v\u00e1lce.<\/p>\n<h3>V\u00fdm\u011bna t\u011bsn\u011bn\u00ed a kontroly kalibrace<\/h3>\n<p>Pravideln\u011b kontrolujte stav t\u011bsn\u011bn\u00ed a v p\u0159\u00edpad\u011b pot\u0159eby je vym\u011b\u0148te, abyste zabr\u00e1nili net\u011bsnostem. Kalibra\u010dn\u00ed kontroly zaji\u0161\u0165uj\u00ed, \u017ee v\u00e1lec pracuje v r\u00e1mci sv\u00fdch konstruk\u010dn\u00edch specifikac\u00ed a udr\u017euje spr\u00e1vn\u00fd tlak a funk\u010dnost. Tento proces je nezbytn\u00fd pro zaji\u0161t\u011bn\u00ed efektivn\u00edho provozu a prevenci mechanick\u00fdch poruch.<\/p>\n<p><img decoding=\"async\" src=\"https:\/\/www.hydraulic-cylinders.net\/wp-content\/uploads\/2025\/04\/songte-chushion-collar.webp\" alt=\"Pol\u0161t\u00e1\u0159ov\u00fd l\u00edmec\"><\/p>\n<h2>Bezpe\u010dnostn\u00ed aspekty a faktory prost\u0159ed\u00ed<\/h2>\n<p>P\u0159i pr\u00e1ci s hydraulick\u00fdmi syst\u00e9my je z\u00e1sadn\u00ed up\u0159ednostnit bezpe\u010dnostn\u00ed opat\u0159en\u00ed. Obsluha by m\u011bla b\u00fdt pro\u0161kolena v bezpe\u010dn\u00e9 manipulaci s hydraulick\u00fdm za\u0159\u00edzen\u00edm a m\u011bla by si b\u00fdt v\u011bdoma potenci\u00e1ln\u00edch rizik spojen\u00fdch s \u00faniky hydraulick\u00e9 kapaliny. Zav\u00e1d\u011bn\u00ed bezpe\u010dnostn\u00edch protokol\u016f, jako je pou\u017e\u00edv\u00e1n\u00ed osobn\u00edch ochrann\u00fdch prost\u0159edk\u016f (OOP) a prov\u00e1d\u011bn\u00ed pravideln\u00fdch bezpe\u010dnostn\u00edch audit\u016f, m\u016f\u017ee pomoci zm\u00edrnit rizika a zajistit bezpe\u010dn\u00e9 pracovn\u00ed prost\u0159ed\u00ed.<\/p>\n<h2>Odstra\u0148ov\u00e1n\u00ed probl\u00e9m\u016f a b\u011b\u017en\u00e9 probl\u00e9my<\/h2>\n<ul>\n<li><strong>Ztr\u00e1ta v\u00fdkonu:<\/strong> Pokud v\u00e1lec v\u00fdlo\u017en\u00edku vykazuje ztr\u00e1tu v\u00fdkonu nebo pomal\u00fd pohyb, m\u016f\u017ee to znamenat n\u00edzkou hladinu hydraulick\u00e9 kapaliny nebo vzduch v syst\u00e9mu. Zkontrolujte hladiny kapalin a v p\u0159\u00edpad\u011b pot\u0159eby syst\u00e9m odvzdu\u0161n\u011bte.<\/li>\n<li><strong>\u00danik:<\/strong> \u00daniky hydraulick\u00e9 kapaliny mohou ovlivnit v\u00fdkon v\u00e1lce. Zkontrolujte t\u011bsn\u011bn\u00ed a spoje, zda nejsou opot\u0159ebovan\u00e9 nebo po\u0161kozen\u00e9, a vym\u011b\u0148te v\u0161echny vadn\u00e9 sou\u010d\u00e1sti.<\/li>\n<li><strong>Nespr\u00e1vn\u00e9 zarovn\u00e1n\u00ed:<\/strong> Pokud v\u00e1lec nefunguje hladce, zkontrolujte spr\u00e1vn\u00e9 vyrovn\u00e1n\u00ed mont\u00e1\u017en\u00edch konzol a samotn\u00e9ho v\u00e1lce. Nespr\u00e1vn\u00e9 vyrovn\u00e1n\u00ed m\u016f\u017ee zp\u016fsobit nerovnom\u011brn\u00e9 opot\u0159eben\u00ed a potenci\u00e1ln\u00ed po\u0161kozen\u00ed.<\/li>\n<\/ul>\n<p>Aby bylo mo\u017en\u00e9 efektivn\u011b diagnostikovat a \u0159e\u0161it probl\u00e9my, m\u011bli by se oper\u00e1to\u0159i sezn\u00e1mit s b\u011b\u017en\u00fdmi provozn\u00edmi parametry hydraulick\u00e9ho syst\u00e9mu. Pravideln\u00e9 \u0161kolen\u00ed a \u00fadr\u017eba mohou v\u00fdrazn\u011b sn\u00ed\u017eit v\u00fdskyt probl\u00e9m\u016f a zajistit hladk\u00fd provoz.<\/p>\n<p><img decoding=\"async\" src=\"https:\/\/www.hydraulic-cylinders.net\/wp-content\/uploads\/2025\/04\/songte-bushings-with-all-kinds-of-excavator-models.webp\" alt=\"Pouzdra s modely bagr\u016f\"><\/p>\n<h2>O na\u0161\u00ed spole\u010dnosti<\/h2>\n<p>Jsme p\u0159edn\u00edm v\u00fdrobcem a velkoobchodn\u00edkem hydraulick\u00fdch v\u00e1lc\u016f a specializujeme se na dod\u00e1vky vysoce kvalitn\u00edch n\u00e1hrad pro r\u016fzn\u00e9 hydraulick\u00e9 syst\u00e9my. N\u00e1\u0161 \u0161irok\u00fd sortiment produkt\u016f n\u00e1s etabloval jako kl\u00ed\u010dov\u00e9ho hr\u00e1\u010de na dom\u00e1c\u00edm i mezin\u00e1rodn\u00edm trhu. Db\u00e1me na vynikaj\u00edc\u00ed kvalitu a vyu\u017e\u00edv\u00e1me propracovanou strategii \u0159\u00edzen\u00ed v\u00fdroby. Na\u0161e spole\u010dnost neust\u00e1le vylep\u0161uje svou v\u00fdrobn\u00ed platformu prost\u0159ednictv\u00edm pokro\u010dil\u00fdch technologi\u00ed, \u0161pi\u010dkov\u00e9ho v\u00fdrobn\u00edho za\u0159\u00edzen\u00ed a profesion\u00e1ln\u00edch testovac\u00edch syst\u00e9m\u016f.<\/p>\n<p>Na\u0161e schopnosti zahrnuj\u00ed:<\/p>\n<ul>\n<li><strong>Odborn\u00e9 znalosti:<\/strong> N\u00e1\u0161 t\u00fdm se skl\u00e1d\u00e1 z kvalifikovan\u00fdch odborn\u00edk\u016f s rozs\u00e1hl\u00fdmi zku\u0161enostmi v oblasti hydraulick\u00fdch syst\u00e9m\u016f.<\/li>\n<li><strong>Mezin\u00e1rodn\u00ed certifikace:<\/strong> Na\u0161e v\u00fdrobky spl\u0148uj\u00ed mezin\u00e1rodn\u00ed standardy, co\u017e zaru\u010duje spolehlivost a bezpe\u010dnost.<\/li>\n<li><strong>Slu\u017eby p\u0159izp\u016fsoben\u00ed:<\/strong> Nab\u00edz\u00edme \u0159e\u0161en\u00ed \u0161it\u00e1 na m\u00edru, kter\u00e1 spl\u0148uj\u00ed specifick\u00e9 pot\u0159eby z\u00e1kazn\u00edk\u016f a provozn\u00ed po\u017eadavky.<\/li>\n<li><strong>Nejmodern\u011bj\u0161\u00ed vybaven\u00ed:<\/strong> Na\u0161e v\u00fdrobn\u00ed za\u0159\u00edzen\u00ed je vybaveno modern\u00edmi stroji pro zv\u00fd\u0161en\u00ed efektivity a p\u0159esnosti v\u00fdroby.<\/li>\n<li><strong>Komplexn\u00ed poprodejn\u00ed podpora:<\/strong> Zav\u00e1zali jsme se poskytovat v\u00fdjime\u010dn\u00fd z\u00e1kaznick\u00fd servis a podporu a zajistit spokojenost po celou dobu \u017eivotn\u00edho cyklu produktu.<\/li>\n<\/ul>\n<p><img decoding=\"async\" src=\"https:\/\/www.hydraulic-cylinders.net\/wp-content\/uploads\/2025\/04\/songte-company-4.webp\" alt=\"P\u0159ehled spole\u010dnosti\"><br \/>\n<img decoding=\"async\" src=\"https:\/\/www.hydraulic-cylinders.net\/wp-content\/uploads\/2025\/04\/songte-company-3.webp\" alt=\"Za\u0159\u00edzen\u00ed spole\u010dnosti\"><\/p>\n<p>Autor: lyl<\/p>","protected":false},"excerpt":{"rendered":"<p>Boom Cylinder For XCMG Small Excavator XE65CA Product Overview The Boom Cylinder for XCMG Small Excavator XE65CA is an essential component in the hydraulic system of excavators. This hydraulic cylinder is specifically designed to control the movement of the boom, allowing it to lift, lower, and tilt. This capability is crucial for various material handling [&hellip;]<\/p>","protected":false},"featured_media":17870,"comment_status":"open","ping_status":"closed","template":"","meta":{"_et_pb_use_builder":"","_et_pb_old_content":"","_et_gb_content_width":""},"product_brand":[],"product_cat":[1546],"product_tag":[1547,1496],"class_list":{"0":"post-19184","1":"product","2":"type-product","3":"status-publish","4":"has-post-thumbnail","6":"product_cat-boom-cylinders","7":"product_tag-boom-cylinders","8":"product_tag-hydraulic-cylinders","10":"first","11":"instock","12":"shipping-taxable","13":"product-type-simple"},"amp_enabled":true,"_links":{"self":[{"href":"https:\/\/www.hydraulic-cylinders.net\/cs\/wp-json\/wp\/v2\/product\/19184","targetHints":{"allow":["GET"]}}],"collection":[{"href":"https:\/\/www.hydraulic-cylinders.net\/cs\/wp-json\/wp\/v2\/product"}],"about":[{"href":"https:\/\/www.hydraulic-cylinders.net\/cs\/wp-json\/wp\/v2\/types\/product"}],"replies":[{"embeddable":true,"href":"https:\/\/www.hydraulic-cylinders.net\/cs\/wp-json\/wp\/v2\/comments?post=19184"}],"wp:featuredmedia":[{"embeddable":true,"href":"https:\/\/www.hydraulic-cylinders.net\/cs\/wp-json\/wp\/v2\/media\/17870"}],"wp:attachment":[{"href":"https:\/\/www.hydraulic-cylinders.net\/cs\/wp-json\/wp\/v2\/media?parent=19184"}],"wp:term":[{"taxonomy":"product_brand","embeddable":true,"href":"https:\/\/www.hydraulic-cylinders.net\/cs\/wp-json\/wp\/v2\/product_brand?post=19184"},{"taxonomy":"product_cat","embeddable":true,"href":"https:\/\/www.hydraulic-cylinders.net\/cs\/wp-json\/wp\/v2\/product_cat?post=19184"},{"taxonomy":"product_tag","embeddable":true,"href":"https:\/\/www.hydraulic-cylinders.net\/cs\/wp-json\/wp\/v2\/product_tag?post=19184"}],"curies":[{"name":"wp","href":"https:\/\/api.w.org\/{rel}","templated":true}]}}