{"id":19189,"date":"2025-04-07T06:17:15","date_gmt":"2025-04-07T06:17:15","guid":{"rendered":"https:\/\/www.hydraulic-cylinders.net\/product\/boom-cylinder-for-xcmg-middle-excavator-xe225ca\/"},"modified":"2025-04-07T06:17:18","modified_gmt":"2025-04-07T06:17:18","slug":"boom-cylinder-for-xcmg-middle-excavator-xe225ca","status":"publish","type":"product","link":"https:\/\/www.hydraulic-cylinders.net\/cs\/produkt\/boom-cylinder-for-xcmg-middle-excavator-xe225ca\/","title":{"rendered":"V\u00e1lec v\u00fdlo\u017en\u00edku pro st\u0159edn\u00ed bagr XCMG XE225CA"},"content":{"rendered":"<h1>V\u00e1lec v\u00fdlo\u017en\u00edku pro st\u0159edn\u00ed bagr XCMG XE225CA<\/h1>\n<h2>P\u0159ehled produktu<\/h2>\n<p>Hydraulick\u00fd v\u00e1lec v\u00fdlo\u017en\u00edku pro st\u0159edov\u00fd bagr XCMG XE225CA je specializovan\u00fd hydraulick\u00fd v\u00e1lec ur\u010den\u00fd k ovl\u00e1d\u00e1n\u00ed pohybu r\u016fzn\u00fdch t\u011b\u017ek\u00fdch stroj\u016f, jako jsou bagry, rypadla a \u010deln\u00ed naklada\u010de. Tento hydraulick\u00fd v\u00e1lec usnad\u0148uje zved\u00e1n\u00ed, spou\u0161t\u011bn\u00ed a nakl\u00e1p\u011bn\u00ed v\u00fdlo\u017en\u00edku, co\u017e je nezbytn\u00e9 pro efektivn\u00ed manipulaci s materi\u00e1lem.<\/p>\n<p>Jako kl\u00ed\u010dov\u00e1 sou\u010d\u00e1st hydraulick\u00e9ho syst\u00e9mu umo\u017e\u0148uje v\u00e1lec v\u00fdlo\u017en\u00edku plynul\u00fd a p\u0159esn\u00fd pohyb, co\u017e zaji\u0161\u0165uje, \u017ee obsluha m\u016f\u017ee efektivn\u011b zvl\u00e1dat t\u011b\u017ek\u00e9 n\u00e1klady a prov\u00e1d\u011bt slo\u017eit\u00e9 operace. Konstrukce v\u00e1lce v\u00fdlo\u017en\u00edku odr\u00e1\u017e\u00ed jeho funk\u010dnost a zaji\u0161\u0165uje pevnost a spolehlivost v n\u00e1ro\u010dn\u00fdch prost\u0159ed\u00edch. Tento hydraulick\u00fd v\u00e1lec obvykle pracuje pod vysok\u00fdm tlakem a mus\u00ed odol\u00e1vat zna\u010dn\u00e9mu zat\u00ed\u017een\u00ed, co\u017e klade d\u016fraz na jeho odolnost a v\u00fdkon.<\/p>\n<p><img decoding=\"async\" src=\"https:\/\/www.hydraulic-cylinders.net\/wp-content\/uploads\/2025\/04\/songte-company-1.webp\" alt=\"Obr\u00e1zek v\u00e1lce v\u00fdlo\u017en\u00edku\"><\/p>\n<h2>Vlastnosti v\u00e1lce v\u00fdlo\u017en\u00edku<\/h2>\n<ul>\n<li><strong>Vysok\u00e1 pevnost a trvanlivost:<\/strong> Tyto v\u00e1lce, vyroben\u00e9 z vysokopevnostn\u00ed oceli nebo hlin\u00edku, odol\u00e1vaj\u00ed vysok\u00e9mu tlaku a velk\u00e9mu zat\u00ed\u017een\u00ed a z\u00e1rove\u0148 jsou odoln\u00e9 v\u016f\u010di opot\u0159eben\u00ed a korozi, \u010d\u00edm\u017e se prodlu\u017euje jejich \u017eivotnost.<\/li>\n<li><strong>Efektivn\u00ed hydraulick\u00fd provoz:<\/strong> V\u00e1lec v\u00fdlo\u017en\u00edku vyu\u017e\u00edv\u00e1 hydraulick\u00fd tlak oleje k usnadn\u011bn\u00ed plynul\u00e9ho vysouv\u00e1n\u00ed a zasouv\u00e1n\u00ed, co\u017e zaji\u0161\u0165uje rychlou odezvu na ovl\u00e1dac\u00ed povely a siln\u00e9 tlakov\u00e9 a ta\u017en\u00e9 s\u00edly pro manipulaci s t\u011b\u017ek\u00fdmi materi\u00e1ly.<\/li>\n<li><strong>R\u016fzn\u00e9 typy:<\/strong> K dispozici v jedno\u010dinn\u00e9m (s vyu\u017eit\u00edm hydraulick\u00e9 s\u00edly v jednom sm\u011bru) nebo dvoj\u010dinn\u00e9m (s vyu\u017eit\u00edm hydraulick\u00e9 s\u00edly v obou sm\u011brech) proveden\u00ed, p\u0159i\u010dem\u017e n\u011bkter\u00e9 modely jsou vybaveny teleskopickou konstrukc\u00ed pro v\u011bt\u0161\u00ed dosah bez zv\u011bt\u0161en\u00ed vn\u011bj\u0161\u00edch rozm\u011br\u016f.<\/li>\n<li><strong>Vylep\u0161en\u00e1 technologie t\u011bsn\u011bn\u00ed:<\/strong> Vybaveno pokro\u010dil\u00fdmi t\u011bsnic\u00edmi syst\u00e9my, kter\u00e9 zabra\u0148uj\u00ed \u00faniku hydraulick\u00e9 kapaliny, \u010d\u00edm\u017e zaji\u0161\u0165uj\u00ed optim\u00e1ln\u00ed v\u00fdkon a sni\u017euj\u00ed n\u00e1roky na \u00fadr\u017ebu.<\/li>\n<li><strong>P\u0159izp\u016fsobiteln\u00e9 mo\u017enosti:<\/strong> \u0158e\u0161en\u00ed \u0161it\u00e1 na m\u00edru pro r\u016fzn\u00e9 aplikace a stroje, kter\u00e1 zaji\u0161\u0165uj\u00ed kompatibilitu a v\u00fdkon nap\u0159\u00ed\u010d r\u016fzn\u00fdmi modely rypadel a t\u011b\u017ek\u00e9 techniky.<\/li>\n<\/ul>\n<h2>V\u00fdrobn\u00ed kapacity<\/h2>\n<p>Na\u0161e spole\u010dnost se specializuje na v\u00fdrobu vysoce kvalitn\u00edch hydraulick\u00fdch v\u00e1lc\u016f, v\u010detn\u011b v\u00e1lce v\u00fdlo\u017en\u00edku pro st\u0159edov\u00fd bagr XCMG XE225CA. Dok\u00e1\u017eeme vyrobit v\u00e1lce, kter\u00e9 dokonale nahrad\u00ed st\u00e1vaj\u00edc\u00ed hydraulick\u00e9 syst\u00e9my a zajist\u00ed bezprobl\u00e9movou integraci a funk\u010dnost.<\/p>\n<p><img decoding=\"async\" src=\"https:\/\/www.hydraulic-cylinders.net\/wp-content\/uploads\/2025\/04\/songte-cylinder-head-with-all-kinds-excavator-models.webp\" alt=\"Modely bagr\u016f\"><\/p>\n<h2>Sc\u00e9n\u00e1\u0159e aplikac\u00ed<\/h2>\n<h3>Stavebn\u00ed stroje<\/h3>\n<p>U bagr\u016f jsou v\u00e1lce v\u00fdlo\u017en\u00edku nezbytn\u00e9 pro kop\u00e1n\u00ed, nakl\u00e1d\u00e1n\u00ed a p\u0159emis\u0165ov\u00e1n\u00ed zeminy nebo suti. Jejich v\u00fdkon p\u0159\u00edmo ovliv\u0148uje efektivitu stavebn\u00edch projekt\u016f. Schopnost zvedat a nakl\u00e1n\u011bt zaji\u0161\u0165uje, \u017ee obsluha m\u016f\u017ee s bagrem efektivn\u011b man\u00e9vrovat, co\u017e z n\u011bj \u010din\u00ed kl\u00ed\u010dovou sou\u010d\u00e1st ve stavebnictv\u00ed.<\/p>\n<h3>Zem\u011bd\u011blsk\u00e9 stroje<\/h3>\n<p>U \u010deln\u00edch naklada\u010d\u016f pom\u00e1h\u00e1 v\u00e1lec v\u00fdlo\u017en\u00edku p\u0159i nab\u00edr\u00e1n\u00ed, zved\u00e1n\u00ed a p\u0159eprav\u011b zeminy, sena a dal\u0161\u00edch materi\u00e1l\u016f. Tato funkce je kl\u00ed\u010dov\u00e1 pro zv\u00fd\u0161en\u00ed produktivity na farm\u00e1ch a umo\u017e\u0148uje rychlou a efektivn\u00ed manipulaci se sypk\u00fdmi materi\u00e1ly.<\/p>\n<h3>Bagry<\/h3>\n<p>U rypadel umo\u017e\u0148uje v\u00e1lec v\u00fdlo\u017en\u00edku efektivn\u00ed pronik\u00e1n\u00ed l\u017e\u00edce do zem\u011b, co\u017e usnad\u0148uje kop\u00e1n\u00ed. Tato schopnost z n\u011bj \u010din\u00ed nepostradatelnou sou\u010d\u00e1st zemn\u00edch prac\u00ed, kde je vy\u017eadov\u00e1no p\u0159esn\u00e9 ovl\u00e1d\u00e1n\u00ed pro minimalizaci naru\u0161en\u00ed a maximalizaci v\u00fdkonu.<\/p>\n<h3>Naklada\u010de<\/h3>\n<p>U \u010deln\u00edch naklada\u010d\u016f pom\u00e1h\u00e1 v\u00e1lec v\u00fdlo\u017en\u00edku efektivn\u011b zvedat a vykl\u00e1dat b\u0159emena. To zaji\u0161\u0165uje rychl\u00fd p\u0159esun materi\u00e1l\u016f z jednoho m\u00edsta na druh\u00e9, co\u017e zvy\u0161uje celkovou provozn\u00ed produktivitu.<\/p>\n<h2>\u00davahy o designu<\/h2>\n<h3>Nosnost<\/h3>\n<p>Jedn\u00edm z hlavn\u00edch konstruk\u010dn\u00edch hledisek pro v\u00e1lec v\u00fdlo\u017en\u00edku je jeho nosnost. Mus\u00ed b\u00fdt navr\u017een tak, aby zvl\u00e1dl maxim\u00e1ln\u00ed hmotnost, s n\u00ed\u017e se b\u011bhem provozu setk\u00e1. To zahrnuje nejen zvedac\u00ed s\u00edlu, ale tak\u00e9 potenci\u00e1ln\u00ed dynamick\u00e9 zat\u00ed\u017een\u00ed, kter\u00e9 m\u016f\u017ee b\u011bhem provozu vzniknout. Spr\u00e1vn\u00e9 v\u00fdpo\u010dty a v\u00fdb\u011br materi\u00e1lu jsou nezbytn\u00e9 pro zaji\u0161t\u011bn\u00ed spolehlivosti a bezpe\u010dnosti.<\/p>\n<h3>T\u011bsn\u011bn\u00ed<\/h3>\n<p>Technologie t\u011bsn\u011bn\u00ed je u hydraulick\u00fdch v\u00e1lc\u016f z\u00e1sadn\u00ed, aby se zabr\u00e1nilo \u00faniku kapaliny a kontaminaci. Konstrukce by m\u011bla zahrnovat vysoce kvalitn\u00ed t\u011bsn\u011bn\u00ed, kter\u00e1 odol\u00e1vaj\u00ed provozn\u00edm tlak\u016fm a teplot\u00e1m. Spr\u00e1vn\u00e9 t\u011bsn\u011bn\u00ed zaji\u0161\u0165uje efektivn\u00ed v\u00fdkon, sni\u017euje \u010detnost \u00fadr\u017eby a prodlu\u017euje \u017eivotnost v\u00e1lce.<\/p>\n<h3>Trvanlivost<\/h3>\n<p>Trvanlivost je z\u00e1kladem konstrukce hydraulick\u00fdch v\u00e1lc\u016f. M\u011bly by b\u00fdt vyrobeny z robustn\u00edch materi\u00e1l\u016f, kter\u00e9 odol\u00e1vaj\u00ed opot\u0159eben\u00ed v d\u016fsledku nep\u0159etr\u017eit\u00e9ho pou\u017e\u00edv\u00e1n\u00ed v n\u00e1ro\u010dn\u00fdch podm\u00ednk\u00e1ch. To zahrnuje zohledn\u011bn\u00ed faktor\u016f prost\u0159ed\u00ed, jako jsou teplotn\u00ed extr\u00e9my, vlhkost a vystaven\u00ed korozivn\u00edm l\u00e1tk\u00e1m.<\/p>\n<h3>Bezpe\u010dnost<\/h3>\n<p>Do konstrukce by m\u011bly b\u00fdt integrov\u00e1ny bezpe\u010dnostn\u00ed prvky, aby se p\u0159ede\u0161lo nehod\u00e1m b\u011bhem provozu. Mohou to b\u00fdt p\u0159etlakov\u00e9 ventily a bezpe\u010dnostn\u00ed blokovac\u00ed za\u0159\u00edzen\u00ed, kter\u00e1 zabra\u0148uj\u00ed provozu stroje za nebezpe\u010dn\u00fdch podm\u00ednek. Zaji\u0161t\u011bn\u00ed bezpe\u010dnosti v hydraulick\u00e9 konstrukci nen\u00ed jen z\u00e1konn\u00fdm po\u017eadavkem, ale tak\u00e9 mor\u00e1ln\u00ed povinnost\u00ed chr\u00e1nit obsluhu a kolemjdouc\u00ed.<\/p>\n<h3>\u00dadr\u017eba<\/h3>\n<p>Navrhov\u00e1n\u00ed s ohledem na \u00fadr\u017ebu je nezbytn\u00e9 pro zaji\u0161t\u011bn\u00ed dlouh\u00e9 \u017eivotnosti hydraulick\u00fdch v\u00e1lc\u016f. To zahrnuje funkce, kter\u00e9 usnad\u0148uj\u00ed v\u00fdm\u011bnu t\u011bsn\u011bn\u00ed, kontrolu sou\u010d\u00e1st\u00ed a dopl\u0148ov\u00e1n\u00ed hydraulick\u00fdch kapalin. U\u017eivatelsky p\u0159\u00edv\u011btiv\u00e1 konstrukce m\u016f\u017ee v\u00fdrazn\u011b zkr\u00e1tit prostoje a zv\u00fd\u0161it produktivitu.<\/p>\n<p><img decoding=\"async\" src=\"https:\/\/www.hydraulic-cylinders.net\/wp-content\/uploads\/2025\/04\/songte-oil-pipes-and-spare-parts.webp\" alt=\"Hydraulick\u00e9 d\u00edly\"><\/p>\n<h2>T\u011bsn\u011bn\u00ed a maz\u00e1n\u00ed<\/h2>\n<p>\u00da\u010dinn\u00e9 t\u011bsn\u011bn\u00ed a maz\u00e1n\u00ed jsou kl\u00ed\u010dov\u00e9 pro optim\u00e1ln\u00ed v\u00fdkon hydraulick\u00fdch v\u00e1lc\u016f. K udr\u017een\u00ed tlaku ve v\u00e1lci a z\u00e1rove\u0148 k zabr\u00e1n\u011bn\u00ed \u00faniku hydraulick\u00e9 kapaliny se pou\u017e\u00edvaj\u00ed r\u016fzn\u00e1 t\u011bsn\u011bn\u00ed, jako jsou p\u00edstn\u00ed t\u011bsn\u011bn\u00ed a t\u011bsn\u011bn\u00ed p\u00edstnice. Vysoce v\u00fdkonn\u00e9 materi\u00e1ly, jako je polyuretan a nitrilov\u00e1 pry\u017e, se b\u011b\u017en\u011b pou\u017e\u00edvaj\u00ed kv\u016fli sv\u00e9 odolnosti proti od\u011bru a t\u011bsnic\u00edm schopnostem.<\/p>\n<p>T\u011bleso v\u00e1lce a z\u00e1vitov\u00e9 koncov\u00e9 plochy jsou p\u0159esn\u011b obr\u00e1b\u011bny pro zv\u00fd\u0161en\u00ed odolnosti proti opot\u0159eben\u00ed a zaji\u0161t\u011bn\u00ed dokonal\u00e9ho uchycen\u00ed t\u011bsn\u011bn\u00ed. Pravideln\u00e1 \u00fadr\u017eba by m\u011bla zahrnovat v\u010dasn\u00e9 dopl\u0148ov\u00e1n\u00ed hydraulick\u00e9ho oleje pro maz\u00e1n\u00ed pohybliv\u00fdch \u010d\u00e1st\u00ed, \u010d\u00edm\u017e se zabr\u00e1n\u00ed t\u0159en\u00ed a opot\u0159eben\u00ed.<\/p>\n<h2>Pravideln\u00e1 kontrola a preventivn\u00ed \u00fadr\u017eba<\/h2>\n<ul>\n<li><strong>Pravideln\u00e9 kontroly:<\/strong> Prov\u00e1d\u011bn\u00ed pravideln\u00fdch kontrol net\u011bsnost\u00ed, opot\u0159eben\u00ed a dal\u0161\u00edch zn\u00e1mek potenci\u00e1ln\u00ed poruchy je z\u00e1sadn\u00ed. Oper\u00e1to\u0159i by m\u011bli b\u00fdt pro\u0161koleni v rozpozn\u00e1v\u00e1n\u00ed v\u010dasn\u00fdch varovn\u00fdch sign\u00e1l\u016f probl\u00e9m\u016f a jejich okam\u017eit\u00e9m hl\u00e1\u0161en\u00ed.<\/li>\n<li><strong>Spr\u00e1vn\u00e9 maz\u00e1n\u00ed:<\/strong> Spr\u00e1vn\u00e9 maz\u00e1n\u00ed hydraulick\u00e9ho v\u00e1lce zabra\u0148uje nadm\u011brn\u00e9mu opot\u0159eben\u00ed a prodlu\u017euje jeho \u017eivotnost. Pravideln\u00e9 kontroly hladiny a stavu maziva jsou nezbytn\u00e9.<\/li>\n<li><strong>V\u00fdm\u011bna t\u011bsn\u011bn\u00ed:<\/strong> Postupem \u010dasu se t\u011bsn\u011bn\u00ed mohou opot\u0159ebovat a pro zachov\u00e1n\u00ed v\u00fdkonu je nutn\u00e9 je vym\u011bnit. Stanoven\u00ed harmonogramu kontrol a v\u00fdm\u011bn t\u011bsn\u011bn\u00ed m\u016f\u017ee pomoci p\u0159edej\u00edt provozn\u00edm poruch\u00e1m.<\/li>\n<\/ul>\n<h2>Pokyny k instalaci<\/h2>\n<p>Spr\u00e1vn\u00e1 instalace v\u00e1lce v\u00fdlo\u017en\u00edku je nezbytn\u00e1 pro jeho funk\u010dnost a dlouhou \u017eivotnost. Nejprve se ujist\u011bte, \u017ee mont\u00e1\u017en\u00ed povrchy jsou \u010dist\u00e9 a bez ne\u010distot. Pro p\u0159esn\u00e9 usazen\u00ed v\u00e1lce pou\u017eijte vhodn\u00e9 vyrovn\u00e1vac\u00ed n\u00e1stroje, abyste zabr\u00e1nili zbyte\u010dn\u00e9mu nam\u00e1h\u00e1n\u00ed b\u011bhem provozu. Pro zaji\u0161t\u011bn\u00ed podpory a stability se doporu\u010duje pou\u017e\u00edt vhodn\u00e9 mont\u00e1\u017en\u00ed konzoly.<\/p>\n<p>Dodr\u017eujte specifikace v\u00fdrobce pro hydraulick\u00e9 p\u0159ipojen\u00ed a zajist\u011bte bezpe\u010dn\u00e9 upevn\u011bn\u00ed, aby se zabr\u00e1nilo \u00fanik\u016fm. Po instalaci p\u0159ed zah\u00e1jen\u00edm provozu zkontrolujte v\u0161echna p\u0159ipojen\u00ed a vyrovn\u00e1n\u00ed v\u00e1lce. Pravideln\u011b kontrolujte instalaci, zda b\u011bhem pou\u017e\u00edv\u00e1n\u00ed nevykazuje zn\u00e1mky opot\u0159eben\u00ed nebo nespr\u00e1vn\u00e9ho vyrovn\u00e1n\u00ed.<\/p>\n<h2>B\u011b\u017en\u00e9 \u00fakoly \u00fadr\u017eby<\/h2>\n<ul>\n<li><strong>Pravideln\u00e9 kontroly:<\/strong> Pravideln\u00e9 kontroly zn\u00e1mek opot\u0159eben\u00ed a po\u0161kozen\u00ed mohou v budoucnu p\u0159edej\u00edt v\u011bt\u0161\u00edm probl\u00e9m\u016fm. Oper\u00e1to\u0159i mus\u00ed b\u00fdt pro\u0161koleni, aby rozpoznali, na co si d\u00e1t pozor.<\/li>\n<li><strong>Vhodn\u00e9 maz\u00e1n\u00ed:<\/strong> Pravideln\u00e9 maz\u00e1n\u00ed je nezbytn\u00e9 pro udr\u017een\u00ed hladk\u00e9ho provozu a prevenci po\u0161kozen\u00ed pohybliv\u00fdch \u010d\u00e1st\u00ed. Obsluha by m\u011bla dodr\u017eovat pl\u00e1n maz\u00e1n\u00ed podle pou\u017e\u00edv\u00e1n\u00ed.<\/li>\n<li><strong>V\u00fdm\u011bna t\u011bsn\u011bn\u00ed a kontroly kalibrace:<\/strong> T\u011bsn\u011bn\u00ed by m\u011bla b\u00fdt kontrolov\u00e1na a v p\u0159\u00edpad\u011b pot\u0159eby vym\u011b\u0148ov\u00e1na, aby se zabr\u00e1nilo net\u011bsnostem. Kalibra\u010dn\u00ed kontroly hydraulick\u00e9ho syst\u00e9mu zaji\u0161\u0165uj\u00ed, \u017ee v\u00e1lec pracuje v r\u00e1mci doporu\u010den\u00fdch parametr\u016f.<\/li>\n<\/ul>\n<p><img decoding=\"async\" src=\"https:\/\/www.hydraulic-cylinders.net\/wp-content\/uploads\/2025\/04\/songte-chushion-collar.webp\" alt=\"Pol\u0161t\u00e1\u0159ov\u00fd l\u00edmec\"><\/p>\n<h2>Bezpe\u010dnostn\u00ed aspekty a faktory prost\u0159ed\u00ed<\/h2>\n<p>P\u0159i pr\u00e1ci s hydraulick\u00fdmi syst\u00e9my jsou bezpe\u010dnostn\u00ed opat\u0159en\u00ed prvo\u0159ad\u00e1. Obsluha by m\u011bla b\u00fdt pro\u0161kolena v bezpe\u010dn\u00e9m pou\u017e\u00edv\u00e1n\u00ed za\u0159\u00edzen\u00ed a m\u011bla by si b\u00fdt v\u011bdoma potenci\u00e1ln\u00edch nebezpe\u010d\u00ed spojen\u00fdch s hydraulick\u00fdmi syst\u00e9my. Zaveden\u00ed standardn\u00edch provozn\u00edch postup\u016f m\u016f\u017ee v\u00fdrazn\u011b sn\u00ed\u017eit riziko nehod. D\u00e1le je t\u0159eba zv\u00e1\u017eit faktory \u017eivotn\u00edho prost\u0159ed\u00ed, jako jsou metody likvidace hydraulick\u00fdch kapalin a materi\u00e1l\u016f, a to v souladu s m\u00edstn\u00edmi p\u0159edpisy, aby se minimalizoval dopad na \u017eivotn\u00ed prost\u0159ed\u00ed.<\/p>\n<h2>Odstra\u0148ov\u00e1n\u00ed probl\u00e9m\u016f a b\u011b\u017en\u00e9 probl\u00e9my<\/h2>\n<ul>\n<li><strong>\u00danik:<\/strong> Jedn\u00edm z b\u011b\u017en\u00fdch probl\u00e9m\u016f je net\u011bsnost, \u010dasto zp\u016fsoben\u00e1 opot\u0159ebovan\u00fdmi t\u011bsn\u011bn\u00edmi nebo po\u0161kozen\u00fdmi sou\u010d\u00e1stmi. Identifikace zdroje net\u011bsnosti je pro efektivn\u00ed opravy z\u00e1sadn\u00ed.<\/li>\n<li><strong>\u0160patn\u00fd v\u00fdkon:<\/strong> Pokud v\u00e1lec v\u00fdlo\u017en\u00edku nereaguje o\u010dek\u00e1van\u00fdm zp\u016fsobem, m\u016f\u017ee to b\u00fdt zp\u016fsobeno nedostatkem hydraulick\u00e9 kapaliny nebo vzduchem zachycen\u00fdm v syst\u00e9mu. M\u016f\u017ee b\u00fdt nutn\u00e9 syst\u00e9m odvzdu\u0161nit.<\/li>\n<li><strong>Podivn\u00e9 zvuky:<\/strong> Neobvykl\u00e9 zvuky mohou nazna\u010dovat mechanick\u00e9 probl\u00e9my, jako je kavitace nebo vnit\u0159n\u00ed po\u0161kozen\u00ed, co\u017e vy\u017eaduje okam\u017eitou kontrolu.<\/li>\n<\/ul>\n<h2>Tipy pro \u0159e\u0161en\u00ed probl\u00e9m\u016f<\/h2>\n<p>Pro efektivn\u00ed diagnostiku probl\u00e9m\u016f s v\u00e1lcem v\u00fdlo\u017en\u00edku by oper\u00e1to\u0159i m\u011bli dodr\u017eovat systematick\u00fd p\u0159\u00edstup. Za\u010dn\u011bte vizu\u00e1ln\u00ed kontrolou, abyste identifikovali jak\u00e9koli zjevn\u00e9 zn\u00e1mky opot\u0159eben\u00ed nebo po\u0161kozen\u00ed. V p\u0159\u00edpad\u011b net\u011bsnosti ur\u010dete zdroj a posu\u010fte, zda je nutn\u00e1 v\u00fdm\u011bna t\u011bsn\u011bn\u00ed nebo oprava sou\u010d\u00e1sti.<\/p>\n<p>V p\u0159\u00edpad\u011b probl\u00e9m\u016f s v\u00fdkonem zkontrolujte hladinu kapalin a ujist\u011bte se, \u017ee v syst\u00e9mu nejsou \u017e\u00e1dn\u00e9 vzduchov\u00e9 kapsy. Zaveden\u00ed preventivn\u00edch opat\u0159en\u00ed, jako jsou pravideln\u00e9 kontroly \u00fadr\u017eby, m\u016f\u017ee pomoci minimalizovat potenci\u00e1ln\u00ed probl\u00e9my a prodlou\u017eit \u017eivotnost hydraulick\u00e9ho syst\u00e9mu.<\/p>\n<p><img decoding=\"async\" src=\"https:\/\/www.hydraulic-cylinders.net\/wp-content\/uploads\/2025\/04\/songte-bushings-with-all-kinds-of-excavator-models.webp\" alt=\"Pouzdra s modely bagr\u016f\"><\/p>\n<h2>P\u0159ehled spole\u010dnosti<\/h2>\n<p>Jsme p\u0159edn\u00ed v\u00fdrobce a velkoobchodn\u00edk hydraulick\u00fdch v\u00e1lc\u016f, specializuj\u00edc\u00ed se na poskytov\u00e1n\u00ed vysoce kvalitn\u00edch \u0159e\u0161en\u00ed pro r\u016fzn\u00e9 pr\u016fmyslov\u00e9 aplikace. N\u00e1\u0161 z\u00e1vazek k dokonalosti n\u00e1m vynesl d\u016fv\u011bryhodn\u00e9 jm\u00e9no na dom\u00e1c\u00edm i mezin\u00e1rodn\u00edm trhu. Dodr\u017eujeme p\u0159\u00edsn\u00e9 standardy kvality a pou\u017e\u00edv\u00e1me pokro\u010dil\u00e9 v\u00fdrobn\u00ed strategie, vyu\u017e\u00edv\u00e1me kvalifikovan\u00fd person\u00e1l a nejmodern\u011bj\u0161\u00ed v\u00fdrobn\u00ed za\u0159\u00edzen\u00ed.<\/p>\n<p>N\u00e1\u0161 rozs\u00e1hl\u00fd sortiment produkt\u016f a mo\u017enosti p\u0159izp\u016fsoben\u00ed n\u00e1m zaji\u0161\u0165uj\u00ed, \u017ee dok\u00e1\u017eeme efektivn\u011b uspokojit rozmanit\u00e9 pot\u0159eby z\u00e1kazn\u00edk\u016f. S pevnou v\u00edrou ve vysokou efektivitu, p\u0159esnost a kvalitu se sna\u017e\u00edme uspokojit rozmanit\u00e9 po\u017eadavky na\u0161ich klient\u016f a z\u00e1rove\u0148 neust\u00e1le zlep\u0161ovat na\u0161e v\u00fdrobn\u00ed kapacity.<\/p>\n<p><img decoding=\"async\" src=\"https:\/\/www.hydraulic-cylinders.net\/wp-content\/uploads\/2025\/04\/songte-company-4.webp\" alt=\"P\u0159ehled spole\u010dnosti 1\"><br \/>\n<img decoding=\"async\" src=\"https:\/\/www.hydraulic-cylinders.net\/wp-content\/uploads\/2025\/04\/songte-company-3.webp\" alt=\"P\u0159ehled spole\u010dnosti 2\"><\/p>\n<p>Autor: lyl<\/p>","protected":false},"excerpt":{"rendered":"<p>Boom Cylinder For XCMG Middle Excavator XE225CA Product Overview The Boom Cylinder for XCMG Middle Excavator XE225CA is a specialized hydraulic cylinder designed to control the movement of various heavy machinery, such as excavators, backhoes, and front loaders. This hydraulic cylinder facilitates the lifting, lowering, and tilting of the boom, making it essential for efficient [&hellip;]<\/p>","protected":false},"featured_media":17875,"comment_status":"open","ping_status":"closed","template":"","meta":{"_et_pb_use_builder":"","_et_pb_old_content":"","_et_gb_content_width":""},"product_brand":[],"product_cat":[1546],"product_tag":[1547,1496],"class_list":{"0":"post-19189","1":"product","2":"type-product","3":"status-publish","4":"has-post-thumbnail","6":"product_cat-boom-cylinders","7":"product_tag-boom-cylinders","8":"product_tag-hydraulic-cylinders","10":"first","11":"instock","12":"shipping-taxable","13":"product-type-simple"},"amp_enabled":true,"_links":{"self":[{"href":"https:\/\/www.hydraulic-cylinders.net\/cs\/wp-json\/wp\/v2\/product\/19189","targetHints":{"allow":["GET"]}}],"collection":[{"href":"https:\/\/www.hydraulic-cylinders.net\/cs\/wp-json\/wp\/v2\/product"}],"about":[{"href":"https:\/\/www.hydraulic-cylinders.net\/cs\/wp-json\/wp\/v2\/types\/product"}],"replies":[{"embeddable":true,"href":"https:\/\/www.hydraulic-cylinders.net\/cs\/wp-json\/wp\/v2\/comments?post=19189"}],"wp:featuredmedia":[{"embeddable":true,"href":"https:\/\/www.hydraulic-cylinders.net\/cs\/wp-json\/wp\/v2\/media\/17875"}],"wp:attachment":[{"href":"https:\/\/www.hydraulic-cylinders.net\/cs\/wp-json\/wp\/v2\/media?parent=19189"}],"wp:term":[{"taxonomy":"product_brand","embeddable":true,"href":"https:\/\/www.hydraulic-cylinders.net\/cs\/wp-json\/wp\/v2\/product_brand?post=19189"},{"taxonomy":"product_cat","embeddable":true,"href":"https:\/\/www.hydraulic-cylinders.net\/cs\/wp-json\/wp\/v2\/product_cat?post=19189"},{"taxonomy":"product_tag","embeddable":true,"href":"https:\/\/www.hydraulic-cylinders.net\/cs\/wp-json\/wp\/v2\/product_tag?post=19189"}],"curies":[{"name":"wp","href":"https:\/\/api.w.org\/{rel}","templated":true}]}}