{"id":19195,"date":"2025-04-07T06:17:31","date_gmt":"2025-04-07T06:17:31","guid":{"rendered":"https:\/\/www.hydraulic-cylinders.net\/product\/boom-cylinder-for-xcmg-middle-excavator-xe260cll\/"},"modified":"2025-04-07T06:17:34","modified_gmt":"2025-04-07T06:17:34","slug":"boom-cylinder-for-xcmg-middle-excavator-xe260cll","status":"publish","type":"product","link":"https:\/\/www.hydraulic-cylinders.net\/cs\/produkt\/boom-cylinder-for-xcmg-middle-excavator-xe260cll\/","title":{"rendered":"V\u00e1lec v\u00fdlo\u017en\u00edku pro st\u0159edn\u00ed bagr XCMG XE260CLL"},"content":{"rendered":"<h1>V\u00e1lec v\u00fdlo\u017en\u00edku pro st\u0159edn\u00ed bagr XCMG XE260CLL<\/h1>\n<h2>P\u0159ehled produktu<\/h2>\n<p>Hydraulick\u00fd v\u00e1lec v\u00fdlo\u017en\u00edku pro st\u0159edov\u00fd bagr XCMG XE260CLL je kl\u00ed\u010dovou sou\u010d\u00e1st\u00ed hydraulick\u00fdch syst\u00e9m\u016f rypadel. Tento hydraulick\u00fd v\u00e1lec je speci\u00e1ln\u011b navr\u017een pro ovl\u00e1d\u00e1n\u00ed pohybu v\u00fdlo\u017en\u00edku, co\u017e umo\u017e\u0148uje jeho p\u0159esn\u00e9 zved\u00e1n\u00ed, spou\u0161t\u011bn\u00ed a nakl\u00e1p\u011bn\u00ed. Tyto funkce jsou nezbytn\u00e9 pro r\u016fzn\u00e9 \u00fakoly manipulace s materi\u00e1lem a zaji\u0161\u0165uj\u00ed efektivitu a \u00fa\u010dinnost provozu.<\/p>\n<p><img decoding=\"async\" src=\"https:\/\/www.hydraulic-cylinders.net\/wp-content\/uploads\/2025\/04\/songte-company-1.webp\" alt=\"V\u00e1lec v\u00fdlo\u017en\u00edku pro bagr\" \/><\/p>\n<h3>Definice a funkce<\/h3>\n<p>Hydraulick\u00e9 v\u00e1lce v\u00fdlo\u017en\u00edku hraj\u00ed z\u00e1sadn\u00ed roli v t\u011b\u017ek\u00fdch stroj\u00edch, zejm\u00e9na v bagrech, rypadlech-naklada\u010d\u00edch a \u010deln\u00edch naklada\u010d\u00edch. Usnad\u0148uj\u00ed pohyb v\u00fdlo\u017en\u00edku a umo\u017e\u0148uj\u00ed obsluze prov\u00e1d\u011bt z\u00e1kladn\u00ed \u00fakoly, jako je kop\u00e1n\u00ed, zved\u00e1n\u00ed a p\u0159eprava materi\u00e1l\u016f. Tlak v hydraulick\u00e9m syst\u00e9mu umo\u017e\u0148uje plynul\u00fd a kontrolovan\u00fd pohyb, d\u00edky \u010demu\u017e jsou tyto v\u00e1lce nepostradateln\u00e9 ve stavebn\u00edch a zem\u011bd\u011blsk\u00fdch stroj\u00edch.<\/p>\n<h2>Kl\u00ed\u010dov\u00e9 vlastnosti<\/h2>\n<ul>\n<li><strong>Vysok\u00e1 pevnost a trvanlivost:<\/strong> Tyto v\u00e1lce, vyroben\u00e9 z vysokopevnostn\u00ed oceli nebo hlin\u00edku, odol\u00e1vaj\u00ed vysok\u00e9mu tlaku a velk\u00e9mu zat\u00ed\u017een\u00ed, tak\u017ee jsou vhodn\u00e9 pro n\u00e1ro\u010dn\u00e9 pracovn\u00ed prost\u0159ed\u00ed.<\/li>\n<li><strong>Efektivn\u00ed hydraulick\u00fd provoz:<\/strong> Vyu\u017eit\u00ed hydraulick\u00e9ho tlaku oleje umo\u017e\u0148uje plynul\u00e9 vysouv\u00e1n\u00ed a zasouv\u00e1n\u00ed a poskytuje siln\u00e9 tlakov\u00e9 a ta\u017en\u00e9 s\u00edly nezbytn\u00e9 pro zved\u00e1n\u00ed t\u011b\u017ek\u00fdch b\u0159emen a slo\u017eit\u00e9 \u00fakoly.<\/li>\n<li><strong>R\u016fzn\u00e9 typy:<\/strong> Tyto v\u00e1lce, kter\u00e9 jsou k dispozici v jedno\u010dinn\u00e9m nebo dvoj\u010dinn\u00e9m proveden\u00ed, lze p\u0159izp\u016fsobit r\u016fzn\u00fdm provozn\u00edm pot\u0159eb\u00e1m. N\u011bkter\u00e9 modely jsou teleskopick\u00e9, co\u017e umo\u017e\u0148uje del\u0161\u00ed dosah bez zv\u011bt\u0161en\u00ed vn\u011bj\u0161\u00edch rozm\u011br\u016f.<\/li>\n<li><strong>Snadn\u00e1 instalace:<\/strong> Navr\u017eeno pro kompatibilitu s r\u016fzn\u00fdmi modely bagr\u016f, co\u017e zaji\u0161\u0165uje snadn\u00e9 procesy v\u00fdm\u011bny a instalace.<\/li>\n<li><strong>Snadn\u00e1 \u00fadr\u017eba:<\/strong> Obsahuje funkce, kter\u00e9 zjednodu\u0161uj\u00ed kontrolu a \u00fadr\u017ebu a prodlu\u017euj\u00ed \u017eivotnost v\u00e1lce.<\/li>\n<\/ul>\n<p>Na\u0161e produkty dok\u00e1\u017e\u00ed dokonale nahradit st\u00e1vaj\u00edc\u00ed hydraulick\u00e9 v\u00e1lce a zajist\u00ed tak optim\u00e1ln\u00ed v\u00fdkon a spolehlivost.<\/p>\n<p><img decoding=\"async\" src=\"https:\/\/www.hydraulic-cylinders.net\/wp-content\/uploads\/2025\/04\/songte-cylinder-head-with-all-kinds-excavator-models.webp\" alt=\"Hlava v\u00e1lc\u016f bagru\" \/><\/p>\n<h2>Sc\u00e9n\u00e1\u0159e aplikac\u00ed<\/h2>\n<h3>Stavebn\u00ed stroje<\/h3>\n<p>U bagr\u016f jsou v\u00e1lce v\u00fdlo\u017en\u00edku nezbytn\u00e9 pro kop\u00e1n\u00ed, nakl\u00e1d\u00e1n\u00ed a p\u0159emis\u0165ov\u00e1n\u00ed zeminy nebo suti. Jejich schopnost p\u0159esn\u011b ovl\u00e1dat polohu v\u00fdlo\u017en\u00edku umo\u017e\u0148uje efektivn\u00ed v\u00fdkopov\u00e9 pr\u00e1ce a manipulaci s materi\u00e1lem, co\u017e je \u010din\u00ed nepostradateln\u00fdmi pro stavebn\u00ed projekty.<\/p>\n<h3>Zem\u011bd\u011blsk\u00e9 stroje<\/h3>\n<p>U \u010deln\u00edch naklada\u010d\u016f usnad\u0148uj\u00ed v\u00e1lce v\u00fdlo\u017en\u00edku nab\u00edr\u00e1n\u00ed, zved\u00e1n\u00ed a p\u0159epravu zeminy, sena a dal\u0161\u00edch materi\u00e1l\u016f. Jejich robustn\u00ed konstrukce zaji\u0161\u0165uje, \u017ee zvl\u00e1dnou n\u00e1roky zem\u011bd\u011blsk\u00fdch \u00fakol\u016f a zvy\u0161uj\u00ed efektivitu a produktivitu na farm\u00e1ch.<\/p>\n<h3>Bagry<\/h3>\n<p>V\u00e1lce v\u00fdlo\u017en\u00edku jsou kl\u00ed\u010dov\u00e9 pro dosa\u017een\u00ed kopac\u00edch pohyb\u016f u bagr\u016f, proto\u017ee umo\u017e\u0148uj\u00ed l\u017e\u00edci efektivn\u011b pronikat do p\u016fdy. Tato funkce je nezbytn\u00e1 pro r\u016fzn\u00e9 v\u00fdkopov\u00e9 projekty, a\u0165 u\u017e se jedn\u00e1 o ter\u00e9nn\u00ed \u00fapravy, stavebnictv\u00ed nebo demolice.<\/p>\n<h3>Naklada\u010de<\/h3>\n<p>U \u010deln\u00edch naklada\u010d\u016f pom\u00e1haj\u00ed v\u00e1lce v\u00fdlo\u017en\u00edku efektivn\u011b zvedat a vykl\u00e1p\u011bt b\u0159emena. Jejich v\u00fdkonn\u00fd provoz je nezbytn\u00fd pro manipulaci s t\u011b\u017ek\u00fdmi materi\u00e1ly a zaji\u0161\u0165uje rychl\u00e9 a efektivn\u00ed dokon\u010den\u00ed \u00fakol\u016f.<\/p>\n<h2>Konstruk\u010dn\u00ed aspekty a krit\u00e9ria v\u00fdb\u011bru<\/h2>\n<h3>Nosnost<\/h3>\n<p>P\u0159i v\u00fdb\u011bru v\u00e1lce v\u00fdlo\u017en\u00edku je kl\u00ed\u010dov\u00e9 pochopen\u00ed jeho nosnosti. Tato specifikace ur\u010duje, jakou hmotnost m\u016f\u017ee v\u00e1lec bezpe\u010dn\u011b zvednout a manipulovat. Je nezbytn\u00e9 vybrat v\u00e1lec, kter\u00fd spl\u0148uje nebo p\u0159ekra\u010duje po\u017eadavky konkr\u00e9tn\u00ed aplikace, aby se p\u0159ede\u0161lo poruch\u00e1m a byla zaji\u0161t\u011bna bezpe\u010dnost. P\u0159et\u00ed\u017een\u00ed v\u00e1lce m\u016f\u017ee v\u00e9st ke katastrofick\u00fdm poruch\u00e1m, proto je nezbytn\u00e9 pravideln\u011b posuzovat hmotnost materi\u00e1l\u016f.<\/p>\n<h3>T\u011bsnic\u00ed v\u00fdkon<\/h3>\n<p>T\u011bsn\u011bn\u00ed je dal\u0161\u00edm d\u016fle\u017eit\u00fdm aspektem hydraulick\u00fdch v\u00e1lc\u016f. Spr\u00e1vn\u00e1 t\u011bsn\u011bn\u00ed zabra\u0148uj\u00ed \u00fanik\u016fm a udr\u017euj\u00ed tlak v syst\u00e9mu. Vysoce kvalitn\u00ed t\u011bsn\u011bn\u00ed vyroben\u00e1 z odoln\u00fdch materi\u00e1l\u016f jsou nezbytn\u00e1 pro zaji\u0161t\u011bn\u00ed spolehliv\u00e9ho provozu. \u0160patn\u00e9 t\u011bsn\u011bn\u00ed m\u016f\u017ee v\u00e9st ke ztr\u00e1t\u011b hydraulick\u00e9 kapaliny, sn\u00ed\u017een\u00e9 \u00fa\u010dinnosti a ohro\u017een\u00ed \u017eivotn\u00edho prost\u0159ed\u00ed, co\u017e zd\u016fraz\u0148uje d\u016fle\u017eitost pou\u017e\u00edv\u00e1n\u00ed vysoce kvalitn\u00edch t\u011bsnic\u00edch komponent\u016f.<\/p>\n<h3>Trvanlivost<\/h3>\n<p>Trvanlivost je v\u00fdznamn\u00fdm faktorem p\u0159i konstrukci hydraulick\u00fdch v\u00e1lc\u016f. Tyto komponenty jsou vystaveny n\u00e1ro\u010dn\u00fdm provozn\u00edm podm\u00ednk\u00e1m, v\u010detn\u011b extr\u00e9mn\u00edch teplot, prachu a vlhkosti. V\u00fdb\u011br materi\u00e1l\u016f a konstrukc\u00ed, kter\u00e9 zvy\u0161uj\u00ed odolnost, je z\u00e1sadn\u00ed pro dlouhodob\u00fd v\u00fdkon. Pravideln\u00e9 kontroly a \u00fadr\u017eba mohou d\u00e1le prodlou\u017eit \u017eivotnost v\u00e1lce a zajistit jeho optim\u00e1ln\u00ed v\u00fdkon v pr\u016fb\u011bhu \u010dasu.<\/p>\n<h3>Bezpe\u010dnostn\u00ed prvky<\/h3>\n<p>Bezpe\u010dnost je u hydraulick\u00fdch syst\u00e9m\u016f prvo\u0159ad\u00e1. V\u00e1lce v\u00fdlo\u017en\u00edku by m\u011bly b\u00fdt vybaveny bezpe\u010dnostn\u00edmi prvky, jako jsou p\u0159etlakov\u00e9 ventily, aby se zabr\u00e1nilo p\u0159etlaku. Spr\u00e1vn\u00e1 instalace a pravideln\u00e9 kontroly \u00fadr\u017eby mohou nav\u00edc pomoci zm\u00edrnit rizika spojen\u00e1 s poruchami hydraulick\u00e9ho syst\u00e9mu. Obsluha by m\u011bla b\u00fdt pro\u0161kolena v rozpozn\u00e1v\u00e1n\u00ed zn\u00e1mek opot\u0159eben\u00ed nebo poruchy, aby se podpo\u0159ilo bezpe\u010dn\u00e9 pracovn\u00ed prost\u0159ed\u00ed.<\/p>\n<h3>Provozuschopnost<\/h3>\n<p>Konstrukce hydraulick\u00fdch v\u00e1lc\u016f pro snadnou \u00fadr\u017ebu zvy\u0161uje jejich provozuschopnost, sni\u017euje prostoje a n\u00e1klady na opravy. Prvky, jako jsou p\u0159\u00edstupn\u00e1 t\u011bsn\u011bn\u00ed a komponenty, usnad\u0148uj\u00ed rychl\u00e9 opravy nebo v\u00fdm\u011bny. M\u011bly by b\u00fdt stanoveny pravideln\u00e9 pl\u00e1ny \u00fadr\u017eby, aby se zajistilo, \u017ee jak\u00e9koli opot\u0159eben\u00ed bude v\u010das \u0159e\u0161eno, a t\u00edm se prodlou\u017e\u00ed \u017eivotnost za\u0159\u00edzen\u00ed.<\/p>\n<p><img decoding=\"async\" src=\"https:\/\/www.hydraulic-cylinders.net\/wp-content\/uploads\/2025\/04\/songte-oil-pipes-and-spare-parts.webp\" alt=\"Hydraulick\u00e9 n\u00e1hradn\u00ed d\u00edly\" \/><\/p>\n<h2>T\u011bsn\u011bn\u00ed a maz\u00e1n\u00ed<\/h2>\n<p>\u00da\u010dinn\u00e9 t\u011bsn\u011bn\u00ed a maz\u00e1n\u00ed jsou nezbytn\u00e9 pro optim\u00e1ln\u00ed v\u00fdkon v\u00e1lc\u016f v\u00fdlo\u017en\u00edku. Pro udr\u017een\u00ed integrity hydraulick\u00e9ho syst\u00e9mu se pou\u017e\u00edvaj\u00ed r\u016fzn\u00e9 t\u011bsnic\u00ed komponenty, jako jsou t\u011bsn\u011bn\u00ed p\u00edst\u016f a p\u00edstnic. V\u00fdb\u011br t\u011bsn\u011bn\u00ed vyroben\u00fdch z materi\u00e1l\u016f odoln\u00fdch proti opot\u0159eben\u00ed, jako je polyuretan nebo nitrilov\u00e1 pry\u017e, zvy\u0161uje trvanlivost a v\u00fdkon. T\u011bleso v\u00e1lce a z\u00e1vitov\u00e9 koncov\u00e9 plochy by m\u011bly b\u00fdt jemn\u011b opracov\u00e1ny, aby se zlep\u0161ila odolnost proti opot\u0159eben\u00ed.<\/p>\n<p>Pravideln\u00e9 maz\u00e1n\u00ed je tak\u00e9 z\u00e1sadn\u00ed. Pro zaji\u0161t\u011bn\u00ed plynul\u00e9ho provozu a zabr\u00e1n\u011bn\u00ed nadm\u011brn\u00e9mu opot\u0159eben\u00ed je nutn\u00e9 pravideln\u011b dopl\u0148ovat dostate\u010dn\u00e9 mno\u017estv\u00ed hydraulick\u00e9ho oleje. Udr\u017eov\u00e1n\u00ed spr\u00e1vn\u00e9 hladiny a kvality oleje je nezbytn\u00e9 pro dlouhou \u017eivotnost hydraulick\u00fdch komponent\u016f.<\/p>\n<h2>Pravideln\u00e9 kontroly a preventivn\u00ed \u00fadr\u017eba<\/h2>\n<ul>\n<li><strong>Pravideln\u00e9 kontroly:<\/strong> Kontrola hydraulick\u00fdch v\u00e1lc\u016f, zda nevykazuj\u00ed t\u011bsnost, opot\u0159eben\u00ed a po\u0161kozen\u00ed, je nezbytn\u00e1. Obsluha by m\u011bla pravideln\u011b prov\u00e1d\u011bt vizu\u00e1ln\u00ed kontroly, aby identifikovala potenci\u00e1ln\u00ed probl\u00e9my d\u0159\u00edve, ne\u017e se zhor\u0161\u00ed.<\/li>\n<li><strong>Vhodn\u00e9 maz\u00e1n\u00ed:<\/strong> Zaji\u0161t\u011bn\u00ed dostate\u010dn\u00e9ho maz\u00e1n\u00ed hydraulick\u00fdch v\u00e1lc\u016f je z\u00e1sadn\u00ed pro hladk\u00fd provoz a prevenci opot\u0159eben\u00ed. To zahrnuje kontrolu hladiny oleje a jeho v\u00fdm\u011bnu v p\u0159\u00edpad\u011b pot\u0159eby.<\/li>\n<li><strong>V\u00fdm\u011bna t\u011bsn\u011bn\u00ed:<\/strong> Pravideln\u00e1 v\u00fdm\u011bna t\u011bsn\u011bn\u00ed m\u016f\u017ee zabr\u00e1nit \u00fanik\u016fm hydraulick\u00e9 kapaliny a udr\u017eet \u00fa\u010dinnost syst\u00e9mu. Obsluha by m\u011bla b\u00fdt pro\u0161kolena v rozpozn\u00e1n\u00ed pot\u0159eby v\u00fdm\u011bny t\u011bsn\u011bn\u00ed, aby se p\u0159ede\u0161lo poruch\u00e1m syst\u00e9mu.<\/li>\n<\/ul>\n<h2>Pokyny k instalaci<\/h2>\n<p>Spr\u00e1vn\u00e1 instalace v\u00e1lc\u016f v\u00fdlo\u017en\u00edku je z\u00e1sadn\u00ed pro zaji\u0161t\u011bn\u00ed optim\u00e1ln\u00edho v\u00fdkonu. P\u0159i instalaci je nezbytn\u00e9 spr\u00e1vn\u011b zarovnat v\u00e1lec s upev\u0148ovac\u00edmi body. Nespr\u00e1vn\u00e9 zarovn\u00e1n\u00ed m\u016f\u017ee zp\u016fsobit p\u0159ed\u010dasn\u00e9 opot\u0159eben\u00ed nebo selh\u00e1n\u00ed v\u00e1lce. B\u011bhem instalace pou\u017eijte k zaji\u0161t\u011bn\u00ed v\u00e1lce na m\u00edst\u011b vhodn\u00e9 mont\u00e1\u017en\u00ed konzoly.<\/p>\n<p>V\u017edy se \u0159i\u010fte pokyny v\u00fdrobce, kde naleznete konkr\u00e9tn\u00ed pokyny k instalaci a specifikace utahovac\u00edho momentu. Po instalaci zkontrolujte t\u011bsnost a ujist\u011bte se, \u017ee hydraulick\u00fd syst\u00e9m funguje spr\u00e1vn\u011b. Pravideln\u011b sledujte v\u00fdkon v\u00e1lce, abyste v\u010das odhalili p\u0159\u00edpadn\u00e9 probl\u00e9my.<\/p>\n<h2>\u00dakoly \u00fadr\u017eby<\/h2>\n<ul>\n<li><strong>Pravideln\u00e9 kontroly:<\/strong> Prov\u00e1d\u011bjte pravideln\u00e9 kontroly, abyste identifikovali jak\u00e9koli abnorm\u00e1ln\u00ed p\u0159\u00edznaky, jako jsou net\u011bsnosti nebo neobvykl\u00e9 zvuky. To pom\u00e1h\u00e1 v\u010das \u0159e\u0161it potenci\u00e1ln\u00ed probl\u00e9my.<\/li>\n<li><strong>Spr\u00e1vn\u00e9 maz\u00e1n\u00ed:<\/strong> Ujist\u011bte se, \u017ee hydraulick\u00fd olej je na spr\u00e1vn\u00e9 hladin\u011b a \u017ee je \u010dist\u00fd. Pro udr\u017een\u00ed v\u00fdkonu pou\u017e\u00edvejte olej doporu\u010den\u00fd v\u00fdrobcem.<\/li>\n<li><strong>V\u00fdm\u011bna a kalibrace t\u011bsn\u011bn\u00ed:<\/strong> Pravideln\u011b kontrolujte opot\u0159eben\u00ed t\u011bsn\u011bn\u00ed a v p\u0159\u00edpad\u011b pot\u0159eby je vym\u011b\u0148te. Kalibra\u010dn\u00ed kontroly zaji\u0161\u0165uj\u00ed, \u017ee syst\u00e9m pracuje v r\u00e1mci stanoven\u00fdch parametr\u016f, co\u017e zvy\u0161uje bezpe\u010dnost a v\u00fdkon.<\/li>\n<\/ul>\n<p>Spr\u00e1vn\u00e1 instalace, maz\u00e1n\u00ed a se\u0159\u00edzen\u00ed jsou z\u00e1sadn\u00ed pro dlouhou \u017eivotnost hydraulick\u00fdch v\u00e1lc\u016f. B\u011bhem instalace zajist\u011bte spr\u00e1vn\u00e9 vyrovn\u00e1n\u00ed a k upevn\u011bn\u00ed v\u00e1lce pou\u017eijte spr\u00e1vn\u00e9 mont\u00e1\u017en\u00ed konzoly. Dodr\u017eujte doporu\u010den\u00e9 postupy kontroly, opravy a v\u00fdm\u011bny a zva\u017ete na\u0161e slu\u017eby repase, abyste prodlou\u017eili \u017eivotnost va\u0161ich hydraulick\u00fdch komponent\u016f.<\/p>\n<p><img decoding=\"async\" src=\"https:\/\/www.hydraulic-cylinders.net\/wp-content\/uploads\/2025\/04\/songte-chushion-collar.webp\" alt=\"Pol\u0161t\u00e1\u0159ov\u00fd l\u00edmec\" \/><\/p>\n<h2>Bezpe\u010dnostn\u00ed aspekty a faktory prost\u0159ed\u00ed<\/h2>\n<p>P\u0159i pr\u00e1ci s hydraulick\u00fdmi syst\u00e9my je kl\u00ed\u010dov\u00e9 up\u0159ednost\u0148ovat bezpe\u010dnost. Obsluha by m\u011bla v\u017edy nosit vhodn\u00e9 osobn\u00ed ochrann\u00e9 prost\u0159edky a b\u00fdt pro\u0161kolena v nouzov\u00fdch postupech. Krom\u011b toho je pro sn\u00ed\u017een\u00ed rizik spojen\u00fdch s poruchami hydraulick\u00fdch syst\u00e9m\u016f nezbytn\u00e9 zav\u00e1d\u011bt bezpe\u010dnostn\u00ed opat\u0159en\u00ed, jako je pravideln\u00e1 kontrola t\u011bsnosti a \u00fadr\u017eba za\u0159\u00edzen\u00ed.<\/p>\n<h2>Odstra\u0148ov\u00e1n\u00ed probl\u00e9m\u016f a b\u011b\u017en\u00e9 probl\u00e9my<\/h2>\n<ul>\n<li><strong>\u00danik:<\/strong> Jeden z nej\u010dast\u011bj\u0161\u00edch probl\u00e9m\u016f s hydraulick\u00fdmi v\u00e1lci. Zkontrolujte t\u011bsn\u011bn\u00ed a armatury, zda nejsou opot\u0159ebovan\u00e9 nebo po\u0161kozen\u00e9, a v p\u0159\u00edpad\u011b pot\u0159eby je vym\u011b\u0148te.<\/li>\n<li><strong>Nedostate\u010dn\u00fd v\u00fdkon:<\/strong> Pokud se v\u00e1lec nezved\u00e1 nebo nepohybuje podle o\u010dek\u00e1v\u00e1n\u00ed, zkontrolujte hladinu hydraulick\u00e9 kapaliny a hledejte ucp\u00e1n\u00ed v potrub\u00ed.<\/li>\n<li><strong>Neobvykl\u00e9 zvuky:<\/strong> Sk\u0159\u00edpav\u00e9 nebo sy\u010div\u00e9 zvuky mohou signalizovat vzduch v syst\u00e9mu nebo n\u00edzkou hladinu provozn\u00edch kapalin. Tyto probl\u00e9my neprodlen\u011b pro\u0161et\u0159ete a odstra\u0148te.<\/li>\n<\/ul>\n<h3>Tipy pro \u0159e\u0161en\u00ed probl\u00e9m\u016f<\/h3>\n<p>Pokud se vyskytnou probl\u00e9my s v\u00e1lcem v\u00fdlo\u017en\u00edku, za\u010dn\u011bte kontrolou net\u011bsnost\u00ed nebo prasklin v t\u011bsn\u011bn\u00ed. Ujist\u011bte se, \u017ee hydraulick\u00e1 kapalina je na spr\u00e1vn\u00e9 hladin\u011b a bez kontaminant\u016f. Pravideln\u00e1 \u00fadr\u017eba m\u016f\u017ee zm\u00edrnit mnoho b\u011b\u017en\u00fdch probl\u00e9m\u016f, proto si stanovte pl\u00e1n pravideln\u00fdch kontrol, abyste v\u010das odhalili potenci\u00e1ln\u00ed probl\u00e9my.<\/p>\n<p><img decoding=\"async\" src=\"https:\/\/www.hydraulic-cylinders.net\/wp-content\/uploads\/2025\/04\/songte-bushings-with-all-kinds-of-excavator-models.webp\" alt=\"Pouzdra pro bagry\" \/><\/p>\n<h2>O n\u00e1s<\/h2>\n<p>Jsme p\u0159edn\u00edm v\u00fdrobcem n\u00e1hradn\u00edch hydraulick\u00fdch v\u00e1lc\u016f a nab\u00edz\u00edme komplexn\u00ed sortiment produkt\u016f na dom\u00e1c\u00edm i mezin\u00e1rodn\u00edm trhu. N\u00e1\u0161 z\u00e1vazek k dokonalosti je podpo\u0159en propracovanou v\u00fdrobn\u00ed strategi\u00ed, kter\u00e1 vyu\u017e\u00edv\u00e1 kvalifikovan\u00fd person\u00e1l, pokro\u010dil\u00e9 digit\u00e1ln\u00ed v\u00fdrobn\u00ed za\u0159\u00edzen\u00ed a profesion\u00e1ln\u00ed testovac\u00ed syst\u00e9my. Neust\u00e1le vylep\u0161ujeme na\u0161e v\u00fdrobn\u00ed kapacity, abychom efektivn\u011b a p\u0159esn\u011b uspokojovali rozmanit\u00e9 pot\u0159eby z\u00e1kazn\u00edk\u016f.<\/p>\n<p>Na\u0161e zam\u011b\u0159en\u00ed na kvalitu zaji\u0161\u0165uje dodr\u017eov\u00e1n\u00ed mezin\u00e1rodn\u00edch standard\u016f a na\u0161e zak\u00e1zkov\u00e9 slu\u017eby n\u00e1m umo\u017e\u0148uj\u00ed uspokojit specifick\u00e9 po\u017eadavky. Na\u0161e nejmodern\u011bj\u0161\u00ed v\u00fdrobn\u00ed za\u0159\u00edzen\u00ed a robustn\u00ed poprodejn\u00ed podpora poskytuj\u00ed na\u0161im klient\u016fm d\u016fv\u011bru v jejich investice.<\/p>\n<p><img decoding=\"async\" src=\"https:\/\/www.hydraulic-cylinders.net\/wp-content\/uploads\/2025\/04\/songte-company-4.webp\" alt=\"Obr\u00e1zek spole\u010dnosti 1\" \/><br \/>\n<img decoding=\"async\" src=\"https:\/\/www.hydraulic-cylinders.net\/wp-content\/uploads\/2025\/04\/songte-company-3.webp\" alt=\"Obr\u00e1zek spole\u010dnosti 2\" \/><\/p>\n<p>Autor: lyl<\/p>","protected":false},"excerpt":{"rendered":"<p>Boom Cylinder For XCMG Middle Excavator XE260CLL Product Overview The Boom Cylinder for XCMG Middle Excavator XE260CLL is a crucial component in the hydraulic systems of excavators. This hydraulic cylinder is specifically designed to control the movement of the boom, enabling it to lift, lower, and tilt with precision. These functions are essential for various [&hellip;]<\/p>","protected":false},"featured_media":17881,"comment_status":"open","ping_status":"closed","template":"","meta":{"_et_pb_use_builder":"","_et_pb_old_content":"","_et_gb_content_width":""},"product_brand":[],"product_cat":[1546],"product_tag":[1547,1496],"class_list":{"0":"post-19195","1":"product","2":"type-product","3":"status-publish","4":"has-post-thumbnail","6":"product_cat-boom-cylinders","7":"product_tag-boom-cylinders","8":"product_tag-hydraulic-cylinders","10":"first","11":"instock","12":"shipping-taxable","13":"product-type-simple"},"amp_enabled":true,"_links":{"self":[{"href":"https:\/\/www.hydraulic-cylinders.net\/cs\/wp-json\/wp\/v2\/product\/19195","targetHints":{"allow":["GET"]}}],"collection":[{"href":"https:\/\/www.hydraulic-cylinders.net\/cs\/wp-json\/wp\/v2\/product"}],"about":[{"href":"https:\/\/www.hydraulic-cylinders.net\/cs\/wp-json\/wp\/v2\/types\/product"}],"replies":[{"embeddable":true,"href":"https:\/\/www.hydraulic-cylinders.net\/cs\/wp-json\/wp\/v2\/comments?post=19195"}],"wp:featuredmedia":[{"embeddable":true,"href":"https:\/\/www.hydraulic-cylinders.net\/cs\/wp-json\/wp\/v2\/media\/17881"}],"wp:attachment":[{"href":"https:\/\/www.hydraulic-cylinders.net\/cs\/wp-json\/wp\/v2\/media?parent=19195"}],"wp:term":[{"taxonomy":"product_brand","embeddable":true,"href":"https:\/\/www.hydraulic-cylinders.net\/cs\/wp-json\/wp\/v2\/product_brand?post=19195"},{"taxonomy":"product_cat","embeddable":true,"href":"https:\/\/www.hydraulic-cylinders.net\/cs\/wp-json\/wp\/v2\/product_cat?post=19195"},{"taxonomy":"product_tag","embeddable":true,"href":"https:\/\/www.hydraulic-cylinders.net\/cs\/wp-json\/wp\/v2\/product_tag?post=19195"}],"curies":[{"name":"wp","href":"https:\/\/api.w.org\/{rel}","templated":true}]}}