{"id":19197,"date":"2025-04-07T06:17:36","date_gmt":"2025-04-07T06:17:36","guid":{"rendered":"https:\/\/www.hydraulic-cylinders.net\/product\/boom-cylinder-for-xcmg-large-excavator-xe470ck\/"},"modified":"2025-04-07T06:17:38","modified_gmt":"2025-04-07T06:17:38","slug":"boom-cylinder-for-xcmg-large-excavator-xe470ck","status":"publish","type":"product","link":"https:\/\/www.hydraulic-cylinders.net\/cs\/produkt\/boom-cylinder-for-xcmg-large-excavator-xe470ck\/","title":{"rendered":"V\u00e1lec v\u00fdlo\u017en\u00edku pro velk\u00e9 rypadlo XCMG XE470CK"},"content":{"rendered":"<h1>V\u00e1lec v\u00fdlo\u017en\u00edku pro velk\u00e9 rypadlo XCMG XE470CK<\/h1>\n<h2>P\u0159ehled produktu<\/h2>\n<p>Hydraulick\u00fd v\u00e1lec v\u00fdlo\u017en\u00edku pro velk\u00e9 rypadlo XCMG XE470CK je specializovan\u00fd hydraulick\u00fd v\u00e1lec ur\u010den\u00fd k \u0159\u00edzen\u00ed pohybu v\u00fdlo\u017en\u00edku rypadla. Tento v\u00e1lec hraje kl\u00ed\u010dovou roli v hydraulick\u00fdch syst\u00e9mech, usnad\u0148uje zved\u00e1n\u00ed, spou\u0161t\u011bn\u00ed a nakl\u00e1p\u011bn\u00ed v\u00fdlo\u017en\u00edku, co\u017e je nezbytn\u00e9 pro r\u016fzn\u00e9 \u00fakoly manipulace s materi\u00e1lem.<\/p>\n<p><img decoding=\"async\" src=\"https:\/\/www.hydraulic-cylinders.net\/wp-content\/uploads\/2025\/04\/songte-company-1.webp\" alt=\"V\u00e1lec v\u00fdlo\u017en\u00edku pro bagr\" \/><\/p>\n<h3>Definice a \u00fa\u010del<\/h3>\n<p>Hydraulick\u00fd v\u00e1lec v\u00fdlo\u017en\u00edku je typ hydraulick\u00e9ho v\u00e1lce, kter\u00fd se speci\u00e1ln\u011b pou\u017e\u00edv\u00e1 k ovl\u00e1d\u00e1n\u00ed pohybu l\u017e\u00edce v t\u011b\u017ek\u00fdch stroj\u00edch, jako jsou bagry, rypadla a \u010deln\u00ed naklada\u010de. Umo\u017e\u0148uje p\u0159esn\u00e9 operace a umo\u017e\u0148uje v\u00fdlo\u017en\u00edku vykon\u00e1vat funkce, jako je kop\u00e1n\u00ed, zved\u00e1n\u00ed a p\u0159emis\u0165ov\u00e1n\u00ed materi\u00e1l\u016f. Jeho integrace do hydraulick\u00fdch syst\u00e9m\u016f je z\u00e1sadn\u00ed, proto\u017ee zaji\u0161\u0165uje plynul\u00fd provoz za podm\u00ednek vysok\u00e9ho tlaku a zat\u00ed\u017een\u00ed. Konstrukce v\u00e1lce v\u00fdlo\u017en\u00edku zohled\u0148uje faktory, jako je pevnost, trvanlivost a odolnost proti opot\u0159eben\u00ed, \u010d\u00edm\u017e se prodlu\u017euje jeho \u017eivotnost v n\u00e1ro\u010dn\u00fdch pracovn\u00edch podm\u00ednk\u00e1ch.<\/p>\n<h2>Vlastnosti v\u00e1lce v\u00fdlo\u017en\u00edku<\/h2>\n<ul>\n<li><strong>Vysok\u00e1 pevnost a trvanlivost:<\/strong> V\u00e1lec v\u00fdlo\u017en\u00edku je vyroben z vysokopevnostn\u00ed oceli nebo hlin\u00edku, tak\u017ee odol\u00e1 vysok\u00fdm tlak\u016fm a t\u011b\u017ek\u00fdm z\u00e1t\u011b\u017e\u00edm a z\u00e1rove\u0148 je odoln\u00fd v\u016f\u010di opot\u0159eben\u00ed a korozi.<\/li>\n<li><strong>Efektivn\u00ed hydraulick\u00fd provoz:<\/strong> Vyu\u017e\u00edv\u00e1 hydraulick\u00fd tlak oleje pro plynul\u00e9 vysouv\u00e1n\u00ed a zasouv\u00e1n\u00ed, rychle reaguje na ovl\u00e1dac\u00ed povely a poskytuje siln\u00e9 s\u00edly tla\u010den\u00ed a tahu, ide\u00e1ln\u00ed pro zvl\u00e1d\u00e1n\u00ed t\u011b\u017ek\u00fdch a slo\u017eit\u00fdch \u00fakol\u016f.<\/li>\n<li><strong>R\u016fzn\u00e9 typy:<\/strong> K dispozici v jedno\u010dinn\u00e9m (s hydraulick\u00fdm pohonem v jednom sm\u011bru) nebo dvoj\u010dinn\u00e9m (s hydraulick\u00fdm pohonem v obou sm\u011brech) proveden\u00ed pro spln\u011bn\u00ed r\u016fzn\u00fdch provozn\u00edch pot\u0159eb, p\u0159i\u010dem\u017e n\u011bkter\u00e9 modely maj\u00ed teleskopickou konstrukci pro roz\u0161\u00ed\u0159en\u00fd dosah bez zv\u011bt\u0161en\u00ed vn\u011bj\u0161\u00edch rozm\u011br\u016f.<\/li>\n<\/ul>\n<h2>V\u00fdrobn\u00ed kapacita<\/h2>\n<p>Specializujeme se na v\u00fdrobu v\u00e1lc\u016f v\u00fdlo\u017en\u00edku, co\u017e zaji\u0161\u0165uje, \u017ee na\u0161e produkty dok\u00e1\u017e\u00ed dokonale nahradit st\u00e1vaj\u00edc\u00ed hydraulick\u00e9 v\u00e1lce bez kompromis\u016f v oblasti kvality nebo v\u00fdkonu.<\/p>\n<p><img decoding=\"async\" src=\"https:\/\/www.hydraulic-cylinders.net\/wp-content\/uploads\/2025\/04\/songte-cylinder-head-with-all-kinds-excavator-models.webp\" alt=\"Kompatibilita model\u016f bagr\u016f\" \/><\/p>\n<h2>Aplikace v\u00e1lce v\u00fdlo\u017en\u00edku<\/h2>\n<h3>Stavebn\u00ed stroje<\/h3>\n<p>U bagr\u016f jsou v\u00e1lce v\u00fdlo\u017en\u00edku nezbytn\u00e9 pro kop\u00e1n\u00ed, nakl\u00e1d\u00e1n\u00ed a p\u0159epravu zeminy nebo suti. Usnad\u0148uj\u00ed efektivn\u00ed v\u00fdkop t\u00edm, \u017ee umo\u017e\u0148uj\u00ed l\u017e\u00edci proniknout do zem\u011b a efektivn\u011b zvedat materi\u00e1ly. U rypadlo-naklada\u010d\u016f v\u00e1lec v\u00fdlo\u017en\u00edku pom\u00e1h\u00e1 jak p\u0159i v\u00fdkopov\u00fdch, tak i zdvi\u017en\u00fdch operac\u00edch, \u010d\u00edm\u017e zvy\u0161uje produktivitu na staveni\u0161t\u00edch.<\/p>\n<h3>Zem\u011bd\u011blsk\u00e9 stroje<\/h3>\n<p>U \u010deln\u00edch naklada\u010d\u016f se v\u00e1lce v\u00fdlo\u017en\u00edku pou\u017e\u00edvaj\u00ed k nab\u00edr\u00e1n\u00ed, zved\u00e1n\u00ed a p\u0159eprav\u011b p\u016fdy, sena a dal\u0161\u00edch materi\u00e1l\u016f. Jejich schopnost zvl\u00e1dat t\u011b\u017ek\u00e9 n\u00e1klady je \u010din\u00ed neoceniteln\u00fdmi v zem\u011bd\u011blsk\u00fdch operac\u00edch, kde je efektivita kl\u00ed\u010dov\u00e1 pro \u00fakoly, jako je s\u00e1zen\u00ed, sklize\u0148 a p\u0159eprava materi\u00e1lu.<\/p>\n<h3>Bagry<\/h3>\n<p>U rypadel umo\u017e\u0148uje v\u00e1lec v\u00fdlo\u017en\u00edku l\u017e\u00edci efektivn\u00ed pronik\u00e1n\u00ed do p\u016fdy, co\u017e umo\u017e\u0148uje rychl\u00e9 a efektivn\u00ed kop\u00e1n\u00ed. Tato funkce je z\u00e1sadn\u00ed ve stavebn\u00edch a zemn\u00edch projektech, kde \u010das a efektivita p\u0159\u00edmo ovliv\u0148uj\u00ed produktivitu a n\u00e1klady.<\/p>\n<h3>Naklada\u010de<\/h3>\n<p>U \u010deln\u00edch naklada\u010d\u016f pom\u00e1haj\u00ed v\u00e1lce v\u00fdlo\u017en\u00edku efektivn\u011b zvedat a vykl\u00e1p\u011bt b\u0159emena. Jejich konstrukce zaji\u0161\u0165uje, \u017ee zvl\u00e1dnou nam\u00e1h\u00e1n\u00ed p\u0159i zved\u00e1n\u00ed t\u011b\u017ek\u00fdch materi\u00e1l\u016f a z\u00e1rove\u0148 si zachovaj\u00ed stabilitu a kontrolu b\u011bhem provozu.<\/p>\n<h2>\u00davahy o designu<\/h2>\n<ul>\n<li><strong>Nosnost:<\/strong> Konstrukce mus\u00ed b\u00fdt p\u0159izp\u016fsobena maxim\u00e1ln\u00edmu zat\u00ed\u017een\u00ed, kter\u00e9 v\u00e1lec zvl\u00e1dne v re\u00e1ln\u00fdch aplikac\u00edch, a mus\u00ed tak b\u00fdt zaji\u0161t\u011bna bezpe\u010dnost a spolehlivost.<\/li>\n<li><strong>T\u011bsn\u011bn\u00ed:<\/strong> \u00da\u010dinn\u00e9 t\u011bsnic\u00ed mechanismy jsou z\u00e1sadn\u00ed pro zabr\u00e1n\u011bn\u00ed \u00faniku hydraulick\u00e9 kapaliny, kter\u00fd m\u016f\u017ee ohrozit \u00fa\u010dinnost syst\u00e9mu a v\u00e9st k poruch\u00e1m.<\/li>\n<li><strong>Trvanlivost:<\/strong> Pou\u017eit\u00e9 materi\u00e1ly a konstruk\u010dn\u00ed techniky mus\u00ed zvy\u0161ovat odolnost v\u00e1lce v\u016f\u010di opot\u0159eben\u00ed a vliv\u016fm prost\u0159ed\u00ed, a t\u00edm prodlu\u017eovat \u017eivotnost v\u00fdrobku.<\/li>\n<li><strong>Bezpe\u010dnost:<\/strong> M\u011bly by b\u00fdt za\u010dlen\u011bny bezpe\u010dnostn\u00ed prvky, kter\u00e9 chr\u00e1n\u00ed jak strojn\u00ed za\u0159\u00edzen\u00ed, tak i obsluhu, a minimalizuj\u00ed tak riziko nehod b\u011bhem provozu.<\/li>\n<li><strong>\u00dadr\u017eba:<\/strong> Konstrukce by m\u011bla umo\u017e\u0148ovat snadnou \u00fadr\u017ebu a opravy, v\u010detn\u011b p\u0159\u00edstupu pro kontroly a v\u00fdm\u011bnu t\u011bsn\u011bn\u00ed a dal\u0161\u00edch sou\u010d\u00e1st\u00ed.<\/li>\n<\/ul>\n<p><img decoding=\"async\" src=\"https:\/\/www.hydraulic-cylinders.net\/wp-content\/uploads\/2025\/04\/songte-oil-pipes-and-spare-parts.webp\" alt=\"Sou\u010d\u00e1sti hydraulick\u00e9ho syst\u00e9mu\" \/><\/p>\n<h2>T\u011bsn\u011bn\u00ed a maz\u00e1n\u00ed<\/h2>\n<p>Spr\u00e1vn\u00e9 t\u011bsn\u011bn\u00ed a maz\u00e1n\u00ed jsou z\u00e1sadn\u00ed pro efektivn\u00ed provoz v\u00e1lce v\u00fdlo\u017en\u00edku. K zabr\u00e1n\u011bn\u00ed \u00faniku hydraulick\u00e9 kapaliny se pou\u017e\u00edvaj\u00ed r\u016fzn\u00e9 t\u011bsnic\u00ed prvky, jako jsou t\u011bsn\u011bn\u00ed p\u00edst\u016f a t\u011bsn\u011bn\u00ed p\u00edstnic. T\u011bsn\u011bn\u00ed jsou obvykle vyrobena z odoln\u00fdch materi\u00e1l\u016f, jako je polyuretan a nitrilov\u00e1 pry\u017e, kter\u00e9 odol\u00e1vaj\u00ed opot\u0159eben\u00ed a degradaci prost\u0159ed\u00ed. T\u011bleso v\u00e1lce a z\u00e1vitov\u00e9 konce jsou jemn\u011b opracov\u00e1ny pro zv\u00fd\u0161en\u00ed odolnosti. Pravideln\u00e9 maz\u00e1n\u00ed hydraulick\u00fdm olejem je nezbytn\u00e9 pro udr\u017een\u00ed plynul\u00e9ho provozu a prodlou\u017een\u00ed \u017eivotnosti v\u00e1lce.<\/p>\n<h2>Preventivn\u00ed \u00fadr\u017ebov\u00e1 opat\u0159en\u00ed<\/h2>\n<ul>\n<li><strong>Pravideln\u00e9 kontroly:<\/strong> Prov\u00e1d\u011bn\u00ed pravideln\u00fdch kontrol pom\u00e1h\u00e1 identifikovat opot\u0159eben\u00ed a potenci\u00e1ln\u00ed poruchy d\u0159\u00edve, ne\u017e se zhor\u0161\u00ed, a zaji\u0161\u0165uje tak optim\u00e1ln\u00ed v\u00fdkon a bezpe\u010dnost.<\/li>\n<li><strong>Spr\u00e1vn\u00e9 maz\u00e1n\u00ed:<\/strong> D\u016fsledn\u00e9 maz\u00e1n\u00ed pohybliv\u00fdch \u010d\u00e1st\u00ed je nezbytn\u00e9 pro sn\u00ed\u017een\u00ed t\u0159en\u00ed, prevenci opot\u0159eben\u00ed a udr\u017een\u00ed optim\u00e1ln\u00ed funkce hydraulick\u00e9ho syst\u00e9mu.<\/li>\n<li><strong>V\u00fdm\u011bna t\u011bsn\u011bn\u00ed:<\/strong> Pravideln\u00e1 v\u00fdm\u011bna opot\u0159ebovan\u00fdch t\u011bsn\u011bn\u00ed m\u016f\u017ee zabr\u00e1nit net\u011bsnostem a udr\u017eet \u00fa\u010dinnost hydraulick\u00e9ho syst\u00e9mu.<\/li>\n<\/ul>\n<h2>Pokyny k instalaci<\/h2>\n<p>P\u0159i instalaci v\u00e1lce v\u00fdlo\u017en\u00edku dodr\u017eujte pro optim\u00e1ln\u00ed v\u00fdkon tyto kroky:<\/p>\n<ol>\n<li><strong>P\u0159\u00edprava:<\/strong> Vy\u010dist\u011bte m\u00edsto instalace a ujist\u011bte se, \u017ee v\u0161echny povrchy jsou bez ne\u010distot.<\/li>\n<li><strong>Zarovn\u00e1n\u00ed:<\/strong> Spr\u00e1vn\u011b vyrovnejte v\u00e1lec s mont\u00e1\u017en\u00edmi konzolami, abyste zabr\u00e1nili nadm\u011brn\u00e9mu nam\u00e1h\u00e1n\u00ed v\u00e1lce.<\/li>\n<li><strong>Bezpe\u010dn\u00e1 mont\u00e1\u017e:<\/strong> Pou\u017eijte vhodn\u00e9 mont\u00e1\u017en\u00ed konzoly k pevn\u00e9mu upevn\u011bn\u00ed v\u00e1lce na m\u00edst\u011b a zabr\u00e1\u0148te jeho pohybu b\u011bhem provozu.<\/li>\n<li><strong>Hydraulick\u00e9 p\u0159ipojen\u00ed:<\/strong> P\u0159ipojte hydraulick\u00e9 potrub\u00ed a ujist\u011bte se, \u017ee nedoch\u00e1z\u00ed k \u00fanik\u016fm, a dodr\u017eujte pokyny v\u00fdrobce ohledn\u011b nastaven\u00ed utahovac\u00edho momentu.<\/li>\n<li><strong>Testov\u00e1n\u00ed:<\/strong> Po instalaci prove\u010fte d\u016fkladn\u00fd test, abyste se ujistili o spr\u00e1vn\u00e9 funkci, a v p\u0159\u00edpad\u011b pot\u0159eby upravte nastaven\u00ed.<\/li>\n<\/ol>\n<h2>B\u011b\u017en\u00e9 \u00fakoly \u00fadr\u017eby<\/h2>\n<ul>\n<li><strong>Pravideln\u00e9 kontroly:<\/strong> Pravideln\u00e9 kontroly zaji\u0161\u0165uj\u00ed efektivn\u00ed fungov\u00e1n\u00ed v\u00e1lce a pom\u00e1haj\u00ed odhalit probl\u00e9my d\u0159\u00edve, ne\u017e se stanou v\u00e1\u017en\u00fdmi.<\/li>\n<li><strong>Vhodn\u00e9 maz\u00e1n\u00ed:<\/strong> Zaji\u0161t\u011bn\u00ed dobr\u00e9ho maz\u00e1n\u00ed v\u00e1lce sni\u017euje opot\u0159eben\u00ed a prodlu\u017euje jeho \u017eivotnost, tak\u017ee pravideln\u00e9 maz\u00e1n\u00ed je prioritou.<\/li>\n<li><strong>V\u00fdm\u011bna t\u011bsn\u011bn\u00ed:<\/strong> \u010cast\u00e9 kontroly opot\u0159eben\u00ed t\u011bsn\u011bn\u00ed a v\u010dasn\u00e1 v\u00fdm\u011bna pom\u00e1haj\u00ed udr\u017eovat hydraulickou \u00fa\u010dinnost a p\u0159edch\u00e1zet \u00fanik\u016fm.<\/li>\n<\/ul>\n<h2>Bezpe\u010dnostn\u00ed aspekty<\/h2>\n<p>Bezpe\u010dnostn\u00ed opat\u0159en\u00ed jsou p\u0159i pr\u00e1ci s hydraulick\u00fdmi v\u00e1lci z\u00e1sadn\u00ed. Spr\u00e1vn\u00e1 manipulace, v\u010detn\u011b pou\u017e\u00edv\u00e1n\u00ed osobn\u00edch ochrann\u00fdch prost\u0159edk\u016f (OOP) a dodr\u017eov\u00e1n\u00ed bezpe\u010dnostn\u00edch protokol\u016f provozu, m\u016f\u017ee zm\u00edrnit rizika. Zajist\u011bte, aby v\u0161ichni oper\u00e1to\u0159i byli pro\u0161koleni v bezpe\u010dn\u00fdch provozn\u00edch postupech, aby se p\u0159ede\u0161lo nehod\u00e1m a zran\u011bn\u00edm.<\/p>\n<h2>Diagnostika z\u00e1vad a b\u011b\u017en\u00e9 probl\u00e9my<\/h2>\n<ul>\n<li><strong>\u00daniky hydraulick\u00e9 kapaliny:<\/strong> Hledejte zn\u00e1mky net\u011bsnost\u00ed kolem t\u011bsn\u011bn\u00ed a spoj\u016f; to m\u016f\u017ee znamenat opot\u0159ebovan\u00e1 t\u011bsn\u011bn\u00ed nebo uvoln\u011bn\u00e9 spoje.<\/li>\n<li><strong>Pomal\u00fd provoz:<\/strong> Pokud v\u00e1lec pracuje pomalu, m\u016f\u017ee to b\u00fdt zp\u016fsobeno n\u00edzkou hladinou hydraulick\u00e9 kapaliny nebo jej\u00edm zne\u010di\u0161t\u011bn\u00edm.<\/li>\n<li><strong>Neo\u010dek\u00e1van\u00e9 pohyby:<\/strong> Nepravideln\u00e9 pohyby v\u00e1lc\u016f mohou b\u00fdt zn\u00e1mkou vnit\u0159n\u00edho po\u0161kozen\u00ed nebo vzduchu zachycen\u00e9ho v hydraulick\u00e9m syst\u00e9mu.<\/li>\n<\/ul>\n<h2>Tipy pro \u0159e\u0161en\u00ed probl\u00e9m\u016f<\/h2>\n<p>Pro efektivn\u00ed diagnostiku a \u0159e\u0161en\u00ed probl\u00e9m\u016f:<\/p>\n<ol>\n<li>Zkontrolujte hladinu a kvalitu hydraulick\u00e9 kapaliny a v p\u0159\u00edpad\u011b pot\u0159eby kontaminovanou kapalinu vym\u011b\u0148te.<\/li>\n<li>Zkontrolujte t\u011bsn\u011bn\u00ed a armatury, zda nejsou opot\u0159ebovan\u00e9, a vym\u011b\u0148te je, abyste zabr\u00e1nili budouc\u00edm \u00fanik\u016fm.<\/li>\n<li>Odvzdu\u0161n\u011bte hydraulick\u00fd syst\u00e9m, abyste odstranili zachycen\u00fd vzduch, kter\u00fd by mohl ovlivnit v\u00fdkon.<\/li>\n<\/ol>\n<p><img decoding=\"async\" src=\"https:\/\/www.hydraulic-cylinders.net\/wp-content\/uploads\/2025\/04\/songte-bushings-with-all-kinds-of-excavator-models.webp\" alt=\"Modely pouzder bagr\u016f\" \/><\/p>\n<h2>P\u0159ehled spole\u010dnosti<\/h2>\n<p>Jsme v\u00fdrobcem n\u00e1hradn\u00edch d\u00edl\u016f pro hydraulick\u00e9 v\u00e1lce a nab\u00edz\u00edme komplexn\u00ed sortiment produkt\u016f, d\u00edky \u010demu\u017e jsme jedn\u00edm z p\u0159edn\u00edch v\u00fdrobc\u016f a velkoobchodn\u00edk\u016f na dom\u00e1c\u00edm i mezin\u00e1rodn\u00edm trhu. Dodr\u017eujeme strategii excelence prost\u0159ednictv\u00edm p\u0159esn\u00e9ho \u0159\u00edzen\u00ed v\u00fdroby a neust\u00e1le vylep\u0161ujeme na\u0161i v\u00fdrobn\u00ed platformu. N\u00e1\u0161 z\u00e1vazek k vysok\u00e9 efektivit\u011b, p\u0159esnosti a kvalit\u011b zaji\u0161\u0165uje, \u017ee spl\u0148ujeme rozmanit\u00e9 pot\u0159eby z\u00e1kazn\u00edk\u016f.<\/p>\n<h3>Profesionalita a certifikace<\/h3>\n<p>Na\u0161e produkty spl\u0148uj\u00ed mezin\u00e1rodn\u00ed standardy a nab\u00edz\u00edme slu\u017eby p\u0159izp\u016fsoben\u00ed specifick\u00fdm po\u017eadavk\u016fm. Na\u0161e modern\u00ed v\u00fdrobn\u00ed za\u0159\u00edzen\u00ed spolu s pe\u010dliv\u00fdm poprodejn\u00edm servisem zaru\u010duj\u00ed spokojenost z\u00e1kazn\u00edk\u016f.<\/p>\n<p><img decoding=\"async\" src=\"https:\/\/www.hydraulic-cylinders.net\/wp-content\/uploads\/2025\/04\/songte-company-4.webp\" alt=\"Za\u0159\u00edzen\u00ed spole\u010dnosti\" \/><br \/>\n<img decoding=\"async\" src=\"https:\/\/www.hydraulic-cylinders.net\/wp-content\/uploads\/2025\/04\/songte-company-3.webp\" alt=\"Produkce spole\u010dnosti\" \/><\/p>\n<p>Autor: lyl<\/p>","protected":false},"excerpt":{"rendered":"<p>Boom Cylinder For XCMG Large Excavator XE470CK Product Overview The Boom Cylinder for the XCMG Large Excavator XE470CK is a specialized hydraulic cylinder designed to manage the motion of the excavator&#8217;s boom. This cylinder plays a crucial role in hydraulic systems, facilitating the lifting, lowering, and tilting of the boom, which is essential for various [&hellip;]<\/p>","protected":false},"featured_media":17868,"comment_status":"open","ping_status":"closed","template":"","meta":{"_et_pb_use_builder":"","_et_pb_old_content":"","_et_gb_content_width":""},"product_brand":[],"product_cat":[1546],"product_tag":[1547,1496],"class_list":{"0":"post-19197","1":"product","2":"type-product","3":"status-publish","4":"has-post-thumbnail","6":"product_cat-boom-cylinders","7":"product_tag-boom-cylinders","8":"product_tag-hydraulic-cylinders","10":"first","11":"instock","12":"shipping-taxable","13":"product-type-simple"},"amp_enabled":true,"_links":{"self":[{"href":"https:\/\/www.hydraulic-cylinders.net\/cs\/wp-json\/wp\/v2\/product\/19197","targetHints":{"allow":["GET"]}}],"collection":[{"href":"https:\/\/www.hydraulic-cylinders.net\/cs\/wp-json\/wp\/v2\/product"}],"about":[{"href":"https:\/\/www.hydraulic-cylinders.net\/cs\/wp-json\/wp\/v2\/types\/product"}],"replies":[{"embeddable":true,"href":"https:\/\/www.hydraulic-cylinders.net\/cs\/wp-json\/wp\/v2\/comments?post=19197"}],"wp:featuredmedia":[{"embeddable":true,"href":"https:\/\/www.hydraulic-cylinders.net\/cs\/wp-json\/wp\/v2\/media\/17868"}],"wp:attachment":[{"href":"https:\/\/www.hydraulic-cylinders.net\/cs\/wp-json\/wp\/v2\/media?parent=19197"}],"wp:term":[{"taxonomy":"product_brand","embeddable":true,"href":"https:\/\/www.hydraulic-cylinders.net\/cs\/wp-json\/wp\/v2\/product_brand?post=19197"},{"taxonomy":"product_cat","embeddable":true,"href":"https:\/\/www.hydraulic-cylinders.net\/cs\/wp-json\/wp\/v2\/product_cat?post=19197"},{"taxonomy":"product_tag","embeddable":true,"href":"https:\/\/www.hydraulic-cylinders.net\/cs\/wp-json\/wp\/v2\/product_tag?post=19197"}],"curies":[{"name":"wp","href":"https:\/\/api.w.org\/{rel}","templated":true}]}}