{"id":19205,"date":"2025-04-07T06:18:03","date_gmt":"2025-04-07T06:18:03","guid":{"rendered":"https:\/\/www.hydraulic-cylinders.net\/product\/boom-cylinder-for-xcmg-large-excavator-xe490ck\/"},"modified":"2025-04-07T06:18:06","modified_gmt":"2025-04-07T06:18:06","slug":"boom-cylinder-for-xcmg-large-excavator-xe490ck","status":"publish","type":"product","link":"https:\/\/www.hydraulic-cylinders.net\/cs\/produkt\/boom-cylinder-for-xcmg-large-excavator-xe490ck\/","title":{"rendered":"V\u00e1lec v\u00fdlo\u017en\u00edku pro velk\u00e9 rypadlo XCMG XE490CK"},"content":{"rendered":"<h1>V\u00e1lec v\u00fdlo\u017en\u00edku pro velk\u00e9 rypadlo XCMG XE490CK<\/h1>\n<h2>P\u0159ehled produktu<\/h2>\n<p>The Boom Cylinder for XCMG Large Excavator XE490CK is a specialized hydraulic cylinder designed to control the movement of the excavator&#8217;s boom. It plays a crucial role in the hydraulic system, enabling the boom to raise, lower, and tilt, which facilitates various material handling tasks. This hydraulic cylinder is essential for heavy machinery such as excavators, backhoe loaders, and front loaders, allowing operators to efficiently lift and manipulate heavy loads.<\/p>\n<p><img decoding=\"async\" src=\"https:\/\/www.hydraulic-cylinders.net\/wp-content\/uploads\/2025\/04\/songte-company-1.webp\" alt=\"Obr\u00e1zek hydraulick\u00e9ho v\u00e1lce\"><\/p>\n<h3>Definice a funk\u010dnost<\/h3>\n<p>Hydraulick\u00fd v\u00e1lec l\u017e\u00edce, zn\u00e1m\u00fd tak\u00e9 jako v\u00e1lec v\u00fdlo\u017en\u00edku, je typ hydraulick\u00e9ho v\u00e1lce speci\u00e1ln\u011b navr\u017een\u00e9ho pro ovl\u00e1d\u00e1n\u00ed pohybu l\u017e\u00edce v t\u011b\u017ek\u00fdch stroj\u00edch. Funguje na principech hydrauliky a vyu\u017e\u00edv\u00e1 tlakovou hydraulickou kapalinu k zaji\u0161t\u011bn\u00ed pot\u0159ebn\u00e9 s\u00edly pro zved\u00e1n\u00ed a spou\u0161t\u011bn\u00ed l\u017e\u00edce. P\u0159em\u011bnou hydraulick\u00e9ho tlaku na mechanickou s\u00edlu v\u00e1lec v\u00fdlo\u017en\u00edku zvy\u0161uje provozn\u00ed schopnosti stavebn\u00edch stroj\u016f a zaji\u0161\u0165uje efektivn\u00ed a \u00fa\u010dinn\u00fd v\u00fdkon v r\u016fzn\u00fdch aplikac\u00edch.<\/p>\n<h2>Kl\u00ed\u010dov\u00e9 vlastnosti v\u00e1lce v\u00fdlo\u017en\u00edku<\/h2>\n<ul>\n<li><strong>Vysok\u00e1 pevnost a trvanlivost:<\/strong> Tato l\u00e1hev je vyrobena z vysokopevnostn\u00ed oceli nebo hlin\u00edku, tak\u017ee odol\u00e1 vysok\u00e9mu tlaku a velk\u00e9mu zat\u00ed\u017een\u00ed, tak\u017ee je vhodn\u00e1 pro n\u00e1ro\u010dn\u00e9 pracovn\u00ed prost\u0159ed\u00ed.<\/li>\n<li><strong>Efektivn\u00ed hydraulick\u00fd provoz:<\/strong> V\u00e1lec vyu\u017e\u00edv\u00e1 tlak hydraulick\u00e9 kapaliny pro plynul\u00e9 vysouv\u00e1n\u00ed a zasouv\u00e1n\u00ed, co\u017e zaji\u0161\u0165uje rychlou reakci na povely obsluhy a silnou ta\u017enou s\u00edlu pro n\u00e1ro\u010dn\u00e9 \u00fakoly.<\/li>\n<li><strong>R\u016fzn\u00e9 typy:<\/strong> K dispozici v jedno\u010dinn\u00e9m (vyu\u017e\u00edvaj\u00edc\u00edm hydraulick\u00fd tlak v jednom sm\u011bru) nebo dvoj\u010dinn\u00e9m (vyu\u017e\u00edvaj\u00edc\u00edm hydraulick\u00fd tlak v obou sm\u011brech) proveden\u00ed pro spln\u011bn\u00ed rozmanit\u00fdch provozn\u00edch pot\u0159eb.<\/li>\n<li><strong>Kompaktn\u00ed design:<\/strong> N\u011bkter\u00e9 modely maj\u00ed teleskopickou konstrukci, kter\u00e1 umo\u017e\u0148uje v\u011bt\u0161\u00ed v\u00fdsuv bez zv\u011bt\u0161en\u00ed vn\u011bj\u0161\u00edch rozm\u011br\u016f, a proto jsou vhodn\u00e9 pro aplikace s omezen\u00fdm prostorem.<\/li>\n<li><strong>Odolnost proti korozi:<\/strong> Navr\u017eeno z materi\u00e1l\u016f, kter\u00e9 odol\u00e1vaj\u00ed opot\u0159eben\u00ed a korozi, co\u017e zaru\u010duje dlouhou \u017eivotnost a spolehlivost v n\u00e1ro\u010dn\u00fdch podm\u00ednk\u00e1ch.<\/li>\n<\/ul>\n<p>Na\u0161e produkty dok\u00e1\u017e\u00ed tyto hydraulick\u00e9 v\u00e1lce dokonale nahradit a zajist\u00ed tak bezprobl\u00e9movou integraci a v\u00fdkon.<\/p>\n<p><img decoding=\"async\" src=\"https:\/\/www.hydraulic-cylinders.net\/wp-content\/uploads\/2025\/04\/songte-cylinder-head-with-all-kinds-excavator-models.webp\" alt=\"Modely bagr\u016f\"><\/p>\n<h2>Sc\u00e9n\u00e1\u0159e aplikac\u00ed<\/h2>\n<h3>Stavebn\u00ed stroje<\/h3>\n<p>U bagr\u016f jsou v\u00e1lce v\u00fdlo\u017en\u00edku kl\u00ed\u010dov\u00e9 pro kop\u00e1n\u00ed, nakl\u00e1d\u00e1n\u00ed a p\u0159emis\u0165ov\u00e1n\u00ed zeminy nebo suti. Poskytuj\u00ed pot\u0159ebnou s\u00edlu pro zved\u00e1n\u00ed t\u011b\u017ek\u00fdch b\u0159emen a p\u0159esn\u00e9 man\u00e9vrov\u00e1n\u00ed s l\u017e\u00edc\u00ed, co\u017e je \u010din\u00ed nepostradateln\u00fdmi pro stavebn\u00ed \u00fakoly.<\/p>\n<h3>Zem\u011bd\u011blsk\u00e9 stroje<\/h3>\n<p>\u010celn\u00ed naklada\u010de vyu\u017e\u00edvaj\u00ed v\u00e1lce v\u00fdlo\u017en\u00edku k nab\u00edr\u00e1n\u00ed, zved\u00e1n\u00ed a p\u0159eprav\u011b zeminy, sena a dal\u0161\u00edch materi\u00e1l\u016f. Jejich schopnost plnit v\u00edce funkc\u00ed z nich \u010din\u00ed cenn\u00e9 n\u00e1stroje v zem\u011bd\u011blsk\u00fdch operac\u00edch.<\/p>\n<h3>Bagry<\/h3>\n<p>U bagr\u016f umo\u017e\u0148uj\u00ed v\u00e1lce v\u00fdlo\u017en\u00edku l\u017e\u00edci efektivn\u00ed pronik\u00e1n\u00ed do p\u016fdy a dosahov\u00e1n\u00ed siln\u00fdch kopac\u00edch pohyb\u016f. Tato funkce je z\u00e1sadn\u00ed pro rozs\u00e1hl\u00e9 v\u00fdkopov\u00e9 projekty, kter\u00e9 zaji\u0161\u0165uj\u00ed efektivn\u00ed provoz.<\/p>\n<h3>Naklada\u010de<\/h3>\n<p>U \u010deln\u00edch naklada\u010d\u016f pom\u00e1haj\u00ed v\u00e1lce v\u00fdlo\u017en\u00edku efektivn\u011b zvedat a vykl\u00e1p\u011bt materi\u00e1ly. Jejich spolehlivost a pevnost umo\u017e\u0148uj\u00ed efektivn\u00ed manipulaci s r\u016fzn\u00fdmi u\u017eite\u010dn\u00fdmi b\u0159emeny a zvy\u0161uj\u00ed produktivitu na staveni\u0161ti.<\/p>\n<h2>Konstruk\u010dn\u00ed aspekty a krit\u00e9ria v\u00fdb\u011bru<\/h2>\n<h3>Nosnost<\/h3>\n<p>Nosnost v\u00e1lce v\u00fdlo\u017en\u00edku je prvo\u0159ad\u00e1, proto\u017ee ur\u010duje maxim\u00e1ln\u00ed hmotnost, kterou zvl\u00e1dne bez kompromis\u016f v oblasti v\u00fdkonu. In\u017een\u00fd\u0159i mus\u00ed posoudit o\u010dek\u00e1van\u00e9 zat\u00ed\u017een\u00ed b\u011bhem provozu, aby mohli vybrat v\u00e1lec, kter\u00fd tyto po\u017eadavky spl\u0148uje nebo p\u0159ekra\u010duje. V\u00e1lec s nedostate\u010dnou nosnost\u00ed m\u016f\u017ee v\u00e9st k poru\u0161e, co\u017e m\u00e1 za n\u00e1sledek n\u00e1kladn\u00e9 zpo\u017ed\u011bn\u00ed a opravy.<\/p>\n<h3>Integrita t\u011bsn\u011bn\u00ed<\/h3>\n<p>Integrita t\u011bsn\u011bn\u00ed je z\u00e1sadn\u00ed pro prevenci \u00fanik\u016f hydraulick\u00e9 kapaliny, kter\u00e9 mohou v\u00e9st k poruch\u00e1m syst\u00e9mu a ohro\u017een\u00ed \u017eivotn\u00edho prost\u0159ed\u00ed. Mus\u00ed b\u00fdt pou\u017eita vysoce kvalitn\u00ed t\u011bsn\u011bn\u00ed, kter\u00e1 zajist\u00ed, \u017ee odol\u00e1vaj\u00ed kol\u00eds\u00e1n\u00ed tlaku a teplot. Pravideln\u00e9 kontroly \u00fadr\u017eby jsou nezbytn\u00e9 pro zaji\u0161t\u011bn\u00ed neporu\u0161enosti a funk\u010dnosti t\u011bsn\u011bn\u00ed.<\/p>\n<h3>Trvanlivost<\/h3>\n<p>Trvanlivost je z\u00e1sadn\u00ed pro zaji\u0161t\u011bn\u00ed dlouhodob\u00e9ho v\u00fdkonu p\u0159i n\u00e1ro\u010dn\u00e9m pou\u017e\u00edv\u00e1n\u00ed. Materi\u00e1ly pou\u017eit\u00e9 p\u0159i v\u00fdrob\u011b v\u00e1lc\u016f v\u00fdlo\u017en\u00edku by m\u011bly b\u00fdt odoln\u00e9 v\u016f\u010di opot\u0159eben\u00ed, korozi a \u00fanav\u011b materi\u00e1lu. V\u00fdb\u011br v\u00e1lc\u016f s pokro\u010dil\u00fdmi povlaky a robustn\u00edmi materi\u00e1ly m\u016f\u017ee v\u00fdrazn\u011b prodlou\u017eit jejich \u017eivotnost a sn\u00ed\u017eit \u010detnost v\u00fdm\u011bn a oprav.<\/p>\n<h3>Bezpe\u010dnostn\u00ed prvky<\/h3>\n<p>Bezpe\u010dnost je u hydraulick\u00fdch syst\u00e9m\u016f nejvy\u0161\u0161\u00ed prioritou. V\u00e1lce v\u00fdlo\u017en\u00edku by m\u011bly b\u00fdt navr\u017eeny s bezpe\u010dnostn\u00edmi mechanismy, kter\u00e9 zabra\u0148uj\u00ed n\u00e1hodn\u00e9mu selh\u00e1n\u00ed. Prvky, jako jsou p\u0159etlakov\u00e9 ventily a senzory p\u0159et\u00ed\u017een\u00ed, mohou poskytnout dal\u0161\u00ed vrstvy ochrany a zajistit bezpe\u010dn\u00fd provoz t\u011b\u017ek\u00fdch stroj\u016f.<\/p>\n<h3>P\u0159\u00edstupnost \u00fadr\u017eby<\/h3>\n<p>Navr\u017een\u00ed hydraulick\u00fdch v\u00e1lc\u016f pro snadnou \u00fadr\u017ebu m\u016f\u017ee u\u0161et\u0159it \u010das a n\u00e1klady na pr\u00e1ci. Prvky, jako jsou odn\u00edmateln\u00e9 koncov\u00e9 krytky a snadno p\u0159\u00edstupn\u00e9 body pro maz\u00e1n\u00ed, mohou usnadnit pravidelnou \u00fadr\u017ebu a pomoci prodlou\u017eit \u017eivotnost za\u0159\u00edzen\u00ed.<\/p>\n<p><img decoding=\"async\" src=\"https:\/\/www.hydraulic-cylinders.net\/wp-content\/uploads\/2025\/04\/songte-oil-pipes-and-spare-parts.webp\" alt=\"Hydraulick\u00e9 d\u00edly\"><\/p>\n<h2>T\u011bsn\u011bn\u00ed a maz\u00e1n\u00ed<\/h2>\n<p>\u00da\u010dinn\u00e9 t\u011bsn\u011bn\u00ed a maz\u00e1n\u00ed jsou pro v\u00fdkon hydraulick\u00fdch v\u00e1lc\u016f z\u00e1sadn\u00ed. R\u016fzn\u00e9 t\u011bsnic\u00ed prvky, jako jsou t\u011bsn\u011bn\u00ed p\u00edst\u016f a p\u00edstnic, by m\u011bly b\u00fdt vyrobeny z odoln\u00fdch materi\u00e1l\u016f, jako je polyuretan nebo nitrilov\u00e1 pry\u017e, aby odol\u00e1valy opot\u0159eben\u00ed. T\u011bleso v\u00e1lce a z\u00e1vitov\u00e9 konce mus\u00ed b\u00fdt jemn\u011b opracov\u00e1ny, aby se zv\u00fd\u0161ila odolnost proti opot\u0159eben\u00ed a zajistil se hladk\u00fd provoz.<\/p>\n<p>Pravideln\u00e9 maz\u00e1n\u00ed hydraulick\u00fdm olejem je nezbytn\u00e9 pro minimalizaci t\u0159en\u00ed a opot\u0159eben\u00ed uvnit\u0159 v\u00e1lce. Obsluha by si m\u011bla zav\u00e9st rutinu pro kontrolu hladiny oleje a jeho dopl\u0148ov\u00e1n\u00ed dle pot\u0159eby, aby se udr\u017eel optim\u00e1ln\u00ed v\u00fdkon v\u00e1lce.<\/p>\n<h2>Pravideln\u00e1 kontrola a preventivn\u00ed \u00fadr\u017eba<\/h2>\n<ul>\n<li><strong>Pravideln\u00e9 kontroly:<\/strong> Pravideln\u00e9 kontroly v\u00e1lce v\u00fdlo\u017en\u00edku by m\u011bly b\u00fdt prov\u00e1d\u011bny, aby se odhalily jak\u00e9koli zn\u00e1mky opot\u0159eben\u00ed nebo po\u0161kozen\u00ed. Tento proaktivn\u00ed p\u0159\u00edstup m\u016f\u017ee zabr\u00e1nit z\u00e1va\u017en\u00fdm poruch\u00e1m d\u0159\u00edve, ne\u017e k nim dojde.<\/li>\n<li><strong>Vhodn\u00e9 maz\u00e1n\u00ed:<\/strong> Zaji\u0161t\u011bn\u00ed dostate\u010dn\u00e9ho maz\u00e1n\u00ed hydraulick\u00e9ho v\u00e1lce je nezbytn\u00e9 pro sn\u00ed\u017een\u00ed t\u0159en\u00ed a prodlou\u017een\u00ed jeho \u017eivotnosti. Obsluha by m\u011bla dodr\u017eovat doporu\u010den\u00ed v\u00fdrobce ohledn\u011b interval\u016f maz\u00e1n\u00ed.<\/li>\n<li><strong>V\u00fdm\u011bna t\u011bsn\u011bn\u00ed:<\/strong> T\u011bsn\u011bn\u00ed by m\u011bla b\u00fdt pravideln\u011b kontrolov\u00e1na, zda nevykazuj\u00ed zn\u00e1mky opot\u0159eben\u00ed, a v p\u0159\u00edpad\u011b pot\u0159eby vym\u011bn\u011bna. T\u00edm se zabr\u00e1n\u00ed \u00fanik\u016fm a udr\u017e\u00ed se integrita hydraulick\u00e9ho syst\u00e9mu.<\/li>\n<\/ul>\n<h3>Pokyny k instalaci<\/h3>\n<p>Spr\u00e1vn\u00e1 instalace v\u00e1lce v\u00fdlo\u017en\u00edku je z\u00e1sadn\u00ed pro optim\u00e1ln\u00ed v\u00fdkon. P\u0159i instalaci se ujist\u011bte, \u017ee je v\u00e1lec spr\u00e1vn\u011b zarovn\u00e1n s upev\u0148ovac\u00edmi body stroje. Nespr\u00e1vn\u00e9 zarovn\u00e1n\u00ed m\u016f\u017ee zp\u016fsobit zbyte\u010dn\u00e9 opot\u0159eben\u00ed a provozn\u00ed probl\u00e9my.<\/p>\n<p>It is advisable to use appropriate mounting brackets to secure the cylinder in place. During installation, double-check all connections and ensure that there are no leaks before putting the equipment into operation. Following the manufacturer&#8217;s guidelines for installation can help avoid common pitfalls and ensure safe operation.<\/p>\n<h2>\u00dakoly \u00fadr\u017eby<\/h2>\n<ul>\n<li><strong>Pravideln\u00e9 kontroly:<\/strong> Prov\u00e1d\u011bn\u00ed pravideln\u00fdch kontrol umo\u017e\u0148uje v\u010dasn\u00e9 odhalen\u00ed potenci\u00e1ln\u00edch probl\u00e9m\u016f. Zkontrolujte v\u00e1lec, zda nevykazuje zn\u00e1mky po\u0161kozen\u00ed, net\u011bsnost\u00ed nebo abnorm\u00e1ln\u00edho opot\u0159eben\u00ed. Pravideln\u00e9 kontroly mohou zabr\u00e1nit neo\u010dek\u00e1van\u00fdm poruch\u00e1m b\u011bhem provozu.<\/li>\n<li><strong>Spr\u00e1vn\u00e9 maz\u00e1n\u00ed:<\/strong> Udr\u017eov\u00e1n\u00ed dostate\u010dn\u00e9ho maz\u00e1n\u00ed je nezbytn\u00e9 pro hladk\u00fd chod v\u00e1lce. Ujist\u011bte se, \u017ee hydraulick\u00e1 kapalina je na spr\u00e1vn\u00e9 hladin\u011b a \u017ee pou\u017eit\u00e9 mazivo je vhodn\u00e9 pro dan\u00fd typ v\u00e1lce.<\/li>\n<li><strong>V\u00fdm\u011bna t\u011bsn\u011bn\u00ed:<\/strong> T\u011bsn\u011bn\u00ed by m\u011bla b\u00fdt vym\u011b\u0148ov\u00e1na v r\u00e1mci pravideln\u00e9 \u00fadr\u017eby. Opot\u0159ebovan\u00e1 t\u011bsn\u011bn\u00ed mohou v\u00e9st k net\u011bsnostem, sni\u017eovat \u00fa\u010dinnost a potenci\u00e1ln\u011b po\u0161kozovat hydraulick\u00fd syst\u00e9m.<\/li>\n<\/ul>\n<h2>Bezpe\u010dnostn\u00ed aspekty a faktory prost\u0159ed\u00ed<\/h2>\n<p>P\u0159i pr\u00e1ci s hydraulick\u00fdmi syst\u00e9my je nezbytn\u00e9 up\u0159ednostnit bezpe\u010dnostn\u00ed opat\u0159en\u00ed. Obsluha by m\u011bla p\u0159i pr\u00e1ci s hydraulick\u00fdmi stroji nosit vhodn\u00e9 osobn\u00ed ochrann\u00e9 prost\u0159edky (OOP), aby se sn\u00ed\u017eilo riziko zran\u011bn\u00ed. Pochopen\u00ed potenci\u00e1ln\u00edch nebezpe\u010d\u00ed spojen\u00fdch s \u00faniky hydraulick\u00e9 kapaliny a vysokotlak\u00fdmi syst\u00e9my m\u016f\u017ee pomoci p\u0159edch\u00e1zet nehod\u00e1m.<\/p>\n<p>Krom\u011b toho je pro minimalizaci dopadu na \u017eivotn\u00ed prost\u0159ed\u00ed nezbytn\u00e1 spr\u00e1vn\u00e1 likvidace hydraulick\u00fdch kapalin a po\u0161kozen\u00fdch sou\u010d\u00e1st\u00ed. Dodr\u017eov\u00e1n\u00ed m\u00edstn\u00edch p\u0159edpis\u016f pro nakl\u00e1d\u00e1n\u00ed s nebezpe\u010dn\u00fdm odpadem je kl\u00ed\u010dov\u00e9 pro udr\u017een\u00ed bezpe\u010dn\u00e9ho pracovn\u00edho prost\u0159ed\u00ed.<\/p>\n<h2>Odstra\u0148ov\u00e1n\u00ed probl\u00e9m\u016f a b\u011b\u017en\u00e9 probl\u00e9my<\/h2>\n<ul>\n<li><strong>\u00danik:<\/strong> Jedn\u00edm z nej\u010dast\u011bj\u0161\u00edch probl\u00e9m\u016f je net\u011bsnost, \u010dasto zp\u016fsoben\u00e1 opot\u0159ebovan\u00fdmi t\u011bsn\u011bn\u00edmi nebo armaturami. Pravideln\u00e9 kontroly mohou pomoci v\u010das odhalit net\u011bsnosti a umo\u017enit v\u010dasn\u00e9 opravy.<\/li>\n<li><strong>Pomal\u00fd provoz:<\/strong> Pokud se v\u00e1lec v\u00fdlo\u017en\u00edku ot\u00e1\u010d\u00ed pomalu, m\u016f\u017ee to znamenat nedostatek hydraulick\u00e9 kapaliny nebo ucpan\u00e9 potrub\u00ed. Tento probl\u00e9m lze vy\u0159e\u0161it kontrolou hladiny kapalin a zaji\u0161t\u011bn\u00edm, aby nedo\u0161lo k p\u0159ek\u00e1\u017ek\u00e1m.<\/li>\n<li><strong>Neobvykl\u00e9 zvuky:<\/strong> Zvuky jako sk\u0159\u00edp\u00e1n\u00ed nebo prask\u00e1n\u00ed mohou nazna\u010dovat mechanickou z\u00e1vadu nebo nedostatek maz\u00e1n\u00ed. Okam\u017eit\u00e1 kontrola a \u00fadr\u017eba mohou zabr\u00e1nit dal\u0161\u00edmu po\u0161kozen\u00ed.<\/li>\n<\/ul>\n<p>Aby mohli oper\u00e1to\u0159i efektivn\u011b diagnostikovat a \u0159e\u0161it probl\u00e9my, m\u011bli by se sezn\u00e1mit s fungov\u00e1n\u00edm syst\u00e9mu a v p\u0159\u00edpad\u011b pot\u0159eby vyhledat odbornou pomoc, aby se p\u0159ede\u0161lo zhor\u0161en\u00ed probl\u00e9m\u016f.<\/p>\n<p><img decoding=\"async\" src=\"https:\/\/www.hydraulic-cylinders.net\/wp-content\/uploads\/2025\/04\/songte-bushings-with-all-kinds-of-excavator-models.webp\" alt=\"Pouzdra pro bagry\"><\/p>\n<h2>P\u0159ehled spole\u010dnosti<\/h2>\n<p>Jsme p\u0159edn\u00edm v\u00fdrobcem alternativn\u00edch hydraulick\u00fdch v\u00e1lc\u016f a nab\u00edz\u00edme \u0161irokou \u0161k\u00e1lu produkt\u016f, kter\u00e9 spl\u0148uj\u00ed pot\u0159eby dom\u00e1c\u00edho i mezin\u00e1rodn\u00edho trhu. N\u00e1\u0161 z\u00e1vazek k dokonalosti se odr\u00e1\u017e\u00ed v na\u0161ich propracovan\u00fdch strategi\u00edch \u0159\u00edzen\u00ed v\u00fdroby, kter\u00e9 vyu\u017e\u00edvaj\u00ed pokro\u010dil\u00e9 v\u00fdrobn\u00ed technologie a syst\u00e9my kontroly kvality.<\/p>\n<p>Na\u0161e spole\u010dnost se py\u0161n\u00ed sv\u00fdmi technick\u00fdmi znalostmi, \u0161pi\u010dkov\u00fdmi digit\u00e1ln\u00edmi v\u00fdrobn\u00edmi mo\u017enostmi a profesion\u00e1ln\u00edmi testovac\u00edmi syst\u00e9my, kter\u00e9 n\u00e1m umo\u017e\u0148uj\u00ed neust\u00e1le zlep\u0161ovat na\u0161e v\u00fdrobn\u00ed procesy. Toto odhodl\u00e1n\u00ed n\u00e1m umo\u017e\u0148uje uspokojovat rozmanit\u00e9 po\u017eadavky na\u0161ich z\u00e1kazn\u00edk\u016f s vysokou efektivitou, p\u0159esnost\u00ed a kvalitou.<\/p>\n<p>Nab\u00edz\u00edme mezin\u00e1rodn\u00ed certifikace, zak\u00e1zkov\u00e9 slu\u017eby p\u0159izp\u016fsoben\u00e9 pot\u0159eb\u00e1m klient\u016f a robustn\u00ed poprodejn\u00ed podporu k zaji\u0161t\u011bn\u00ed spokojenosti z\u00e1kazn\u00edk\u016f. Na\u0161e v\u00fdrobn\u00ed za\u0159\u00edzen\u00ed jsou vybavena nejmodern\u011bj\u0161\u00edmi stroji, kter\u00e9 spl\u0148uj\u00ed oborov\u00e9 standardy, co\u017e zaji\u0161\u0165uje, \u017ee na\u0161e produkty z\u016fst\u00e1vaj\u00ed na \u0161pici inovac\u00ed.<\/p>\n<p><img decoding=\"async\" src=\"https:\/\/www.hydraulic-cylinders.net\/wp-content\/uploads\/2025\/04\/songte-company-4.webp\" alt=\"P\u0159ehled spole\u010dnosti\"><br \/>\n<img decoding=\"async\" src=\"https:\/\/www.hydraulic-cylinders.net\/wp-content\/uploads\/2025\/04\/songte-company-3.webp\" alt=\"V\u00fdrobn\u00ed za\u0159\u00edzen\u00ed\"><\/p>\n<p>Autor: lyl<\/p>","protected":false},"excerpt":{"rendered":"<p>Boom Cylinder For XCMG Large Excavator XE490CK Product Overview The Boom Cylinder for XCMG Large Excavator XE490CK is a specialized hydraulic cylinder designed to control the movement of the excavator&#8217;s boom. It plays a crucial role in the hydraulic system, enabling the boom to raise, lower, and tilt, which facilitates various material handling tasks. This [&hellip;]<\/p>","protected":false},"featured_media":17876,"comment_status":"open","ping_status":"closed","template":"","meta":{"_et_pb_use_builder":"","_et_pb_old_content":"","_et_gb_content_width":""},"product_brand":[],"product_cat":[1546],"product_tag":[1547,1496],"class_list":{"0":"post-19205","1":"product","2":"type-product","3":"status-publish","4":"has-post-thumbnail","6":"product_cat-boom-cylinders","7":"product_tag-boom-cylinders","8":"product_tag-hydraulic-cylinders","10":"first","11":"instock","12":"shipping-taxable","13":"product-type-simple"},"amp_enabled":true,"_links":{"self":[{"href":"https:\/\/www.hydraulic-cylinders.net\/cs\/wp-json\/wp\/v2\/product\/19205","targetHints":{"allow":["GET"]}}],"collection":[{"href":"https:\/\/www.hydraulic-cylinders.net\/cs\/wp-json\/wp\/v2\/product"}],"about":[{"href":"https:\/\/www.hydraulic-cylinders.net\/cs\/wp-json\/wp\/v2\/types\/product"}],"replies":[{"embeddable":true,"href":"https:\/\/www.hydraulic-cylinders.net\/cs\/wp-json\/wp\/v2\/comments?post=19205"}],"wp:featuredmedia":[{"embeddable":true,"href":"https:\/\/www.hydraulic-cylinders.net\/cs\/wp-json\/wp\/v2\/media\/17876"}],"wp:attachment":[{"href":"https:\/\/www.hydraulic-cylinders.net\/cs\/wp-json\/wp\/v2\/media?parent=19205"}],"wp:term":[{"taxonomy":"product_brand","embeddable":true,"href":"https:\/\/www.hydraulic-cylinders.net\/cs\/wp-json\/wp\/v2\/product_brand?post=19205"},{"taxonomy":"product_cat","embeddable":true,"href":"https:\/\/www.hydraulic-cylinders.net\/cs\/wp-json\/wp\/v2\/product_cat?post=19205"},{"taxonomy":"product_tag","embeddable":true,"href":"https:\/\/www.hydraulic-cylinders.net\/cs\/wp-json\/wp\/v2\/product_tag?post=19205"}],"curies":[{"name":"wp","href":"https:\/\/api.w.org\/{rel}","templated":true}]}}