{"id":19211,"date":"2025-04-07T06:18:21","date_gmt":"2025-04-07T06:18:21","guid":{"rendered":"https:\/\/www.hydraulic-cylinders.net\/product\/boom-cylinder-for-zoomlion-small-excavator-ze60e\/"},"modified":"2025-04-07T06:18:23","modified_gmt":"2025-04-07T06:18:23","slug":"boom-cylinder-for-zoomlion-small-excavator-ze60e","status":"publish","type":"product","link":"https:\/\/www.hydraulic-cylinders.net\/cs\/produkt\/boom-cylinder-for-zoomlion-small-excavator-ze60e\/","title":{"rendered":"V\u00e1lec v\u00fdlo\u017en\u00edku pro mal\u00e9 rypadlo Zoomlion ZE60E"},"content":{"rendered":"<h1>V\u00e1lec v\u00fdlo\u017en\u00edku pro mal\u00e9 rypadlo Zoomlion ZE60E<\/h1>\n<h2>P\u0159ehled produktu<\/h2>\n<p>Hydraulick\u00fd v\u00e1lec v\u00fdlo\u017en\u00edku pro mal\u00e9 rypadlo Zoomlion ZE60E je kl\u00ed\u010dovou sou\u010d\u00e1st\u00ed hydraulick\u00e9ho syst\u00e9mu rypadel. Je speci\u00e1ln\u011b navr\u017een pro ovl\u00e1d\u00e1n\u00ed pohybu v\u00fdlo\u017en\u00edku, co\u017e umo\u017e\u0148uje obsluze efektivn\u011b zvedat, spou\u0161t\u011bt a nakl\u00e1n\u011bt v\u00fdlo\u017en\u00edk. Tento hydraulick\u00fd v\u00e1lec hraje v\u00fdznamnou roli p\u0159i zvy\u0161ov\u00e1n\u00ed provozn\u00edho v\u00fdkonu, zejm\u00e9na p\u0159i t\u011b\u017ek\u00fdch \u00fakolech zahrnuj\u00edc\u00edch v\u00fdkopov\u00e9 pr\u00e1ce a manipulaci s materi\u00e1lem. V\u00e1lec kope\u010dku se pou\u017e\u00edv\u00e1 p\u0159edev\u0161\u00edm v r\u016fzn\u00fdch t\u011b\u017ek\u00fdch stroj\u00edch, v\u010detn\u011b rypadel, r\u00fdpadel-naklada\u010d\u016f a \u010deln\u00edch naklada\u010d\u016f. Umo\u017e\u0148uje p\u0159esn\u00e9 ovl\u00e1d\u00e1n\u00ed pohyb\u016f v\u00fdlo\u017en\u00edku a usnad\u0148uje efektivn\u00ed manipulaci s materi\u00e1lem.<\/p>\n<p><img decoding=\"async\" src=\"https:\/\/www.hydraulic-cylinders.net\/wp-content\/uploads\/2025\/04\/songte-company-1.webp\" alt=\"V\u00e1lec v\u00fdlo\u017en\u00edku\"><\/p>\n<h3>Definice a funk\u010dnost<\/h3>\n<p>Hydraulick\u00fd v\u00e1lec l\u017e\u00edce je typ hydraulick\u00e9ho v\u00e1lce, kter\u00fd je nezbytn\u00fd pro ovl\u00e1d\u00e1n\u00ed pohybu l\u017e\u00edce v t\u011b\u017ek\u00fdch stroj\u00edch. Umo\u017e\u0148uje l\u017e\u00edci vykon\u00e1vat d\u016fle\u017eit\u00e9 funkce, jako je zved\u00e1n\u00ed, spou\u0161t\u011bn\u00ed a nakl\u00e1p\u011bn\u00ed, kter\u00e9 jsou kl\u00ed\u010dov\u00e9 pro efektivn\u00ed manipulaci s materi\u00e1lem. \u010cinnost v\u00e1lce l\u017e\u00edce je z\u00e1visl\u00e1 na hydraulick\u00e9m tlaku, co\u017e umo\u017e\u0148uje plynul\u00e9 a rychl\u00e9 pohyby, kter\u00e9 zvy\u0161uj\u00ed produktivitu na staveni\u0161t\u00edch. Spr\u00e1vn\u00e1 funkce tohoto v\u00e1lce je z\u00e1sadn\u00ed pro efektivn\u00ed provoz rypadel, proto\u017ee p\u0159\u00edmo ovliv\u0148uje hloubku kop\u00e1n\u00ed, nosnost a celkov\u00fd v\u00fdkon staveni\u0161t\u011b.<\/p>\n<h2>Kl\u00ed\u010dov\u00e9 vlastnosti<\/h2>\n<ul>\n<li><strong>Vysok\u00e1 pevnost a trvanlivost:<\/strong> Vyrobeno z vysokopevnostn\u00ed oceli nebo hlin\u00edku, navr\u017eeno tak, aby odolalo vysok\u00e9mu tlaku a t\u011b\u017ek\u00e9mu zat\u00ed\u017een\u00ed a z\u00e1rove\u0148 se p\u0159izp\u016fsobilo n\u00e1ro\u010dn\u00fdm pracovn\u00edm podm\u00ednk\u00e1m.<\/li>\n<li><strong>Efektivn\u00ed hydraulick\u00fd provoz:<\/strong> Vyu\u017e\u00edv\u00e1 hydraulick\u00fd tlak oleje pro plynul\u00e9 vysouv\u00e1n\u00ed a zasouv\u00e1n\u00ed, co\u017e zaji\u0161\u0165uje rychlou odezvu na ovl\u00e1dac\u00ed povely a siln\u00e9 tlakov\u00e9 a ta\u017en\u00e9 s\u00edly.<\/li>\n<li><strong>R\u016fzn\u00e9 typy:<\/strong> K dispozici s jedno\u010dinn\u00fdmi (funguje v jednom sm\u011bru) nebo dvoj\u010dinn\u00fdmi (funguje ve dvou sm\u011brech) v\u00e1lci pro r\u016fzn\u00e9 provozn\u00ed pot\u0159eby, p\u0159i\u010dem\u017e n\u011bkter\u00e9 modely jsou vybaveny teleskopickou konstrukc\u00ed pro del\u0161\u00ed dosah.<\/li>\n<li><strong>V\u0161estrann\u00e9 aplikace:<\/strong> Ide\u00e1ln\u00ed pro r\u016fzn\u00e9 aplikace t\u011b\u017ek\u00fdch stroj\u016f, zaji\u0161\u0165uje kompatibilitu a funk\u010dnost nap\u0159\u00ed\u010d r\u016fzn\u00fdmi modely.<\/li>\n<li><strong>Snadn\u00e1 \u00fadr\u017eba:<\/strong> Navr\u017eeno pro snadnou \u00fadr\u017ebu s p\u0159\u00edstupn\u00fdmi komponenty, co\u017e zaji\u0161\u0165uje prodlou\u017eenou \u017eivotnost a optim\u00e1ln\u00ed provoz.<\/li>\n<\/ul>\n<p>Tento produkt dok\u00e1\u017eeme vyrobit a na\u0161e nab\u00eddka dok\u00e1\u017ee tyto hydraulick\u00e9 v\u00e1lce dokonale nahradit.<\/p>\n<p><img decoding=\"async\" src=\"https:\/\/www.hydraulic-cylinders.net\/wp-content\/uploads\/2025\/04\/songte-cylinder-head-with-all-kinds-excavator-models.webp\" alt=\"Modely v\u00e1lc\u016f pro bagry\"><\/p>\n<h2>Aplikace<\/h2>\n<h3>Stavebn\u00ed stroje<\/h3>\n<p>Ve stavebn\u00edch stroj\u00edch je v\u00e1lec v\u00fdlo\u017en\u00edku ned\u00edlnou sou\u010d\u00e1st\u00ed rypadel a usnad\u0148uje kl\u00ed\u010dov\u00e9 operace, jako je kop\u00e1n\u00ed, nakl\u00e1d\u00e1n\u00ed a p\u0159esun zeminy nebo suti. Tyto v\u00e1lce umo\u017e\u0148uj\u00ed p\u0159esn\u00e9 ovl\u00e1d\u00e1n\u00ed a man\u00e9vrovatelnost, co\u017e zaji\u0161\u0165uje efektivn\u00ed manipulaci s materi\u00e1lem b\u011bhem stavebn\u00edch projekt\u016f. \u00da\u010dinnost v\u00e1lce v\u00fdlo\u017en\u00edku p\u0159\u00edmo ovliv\u0148uje rychlost a kvalitu v\u00fdkopov\u00fdch prac\u00ed, tak\u017ee je nezbytn\u00fd pro t\u011b\u017ek\u00e9 stavebn\u00ed pr\u00e1ce.<\/p>\n<h3>Zem\u011bd\u011blsk\u00e9 stroje<\/h3>\n<p>V zem\u011bd\u011blstv\u00ed se v\u00e1lce v\u00fdlo\u017en\u00edku pou\u017e\u00edvaj\u00ed v \u010deln\u00edch naklada\u010d\u00edch pro \u00fakoly, jako je kop\u00e1n\u00ed, zved\u00e1n\u00ed a p\u0159eprava p\u016fdy, sena a dal\u0161\u00edch materi\u00e1l\u016f. P\u0159esn\u00e9 ovl\u00e1d\u00e1n\u00ed, kter\u00e9 tyto v\u00e1lce nab\u00edzej\u00ed, umo\u017e\u0148uje zem\u011bd\u011blc\u016fm efektivn\u011b hospoda\u0159it s sypk\u00fdmi materi\u00e1ly, co\u017e zvy\u0161uje produktivitu a efektivitu zem\u011bd\u011blsk\u00fdch operac\u00ed. Schopnost pracovat s r\u016fzn\u00fdm zat\u00ed\u017een\u00edm a podm\u00ednkami \u010din\u00ed z v\u00e1lc\u016f v\u00fdlo\u017en\u00edku nepostradateln\u00fd n\u00e1stroj v modern\u00edm zem\u011bd\u011blstv\u00ed.<\/p>\n<h3>Bagry<\/h3>\n<p>U rypadel je v\u00e1lec v\u00fdlo\u017en\u00edku zodpov\u011bdn\u00fd za umo\u017en\u011bn\u00ed kop\u00e1n\u00ed t\u00edm, \u017ee umo\u017e\u0148uje l\u017e\u00edci proniknout do p\u016fdy. Tato funkce je kl\u00ed\u010dov\u00e1 pro r\u016fzn\u00e9 v\u00fdkopov\u00e9 \u00fakoly, v\u010detn\u011b hlouben\u00ed v\u00fdkop\u016f a p\u0159\u00edpravy staveni\u0161t\u011b. Hydraulick\u00e9 ovl\u00e1d\u00e1n\u00ed poskytovan\u00e9 v\u00e1lcem l\u017e\u00edce zvy\u0161uje \u00fa\u010dinnost a v\u00fdkon rypadla a umo\u017e\u0148uje obsluze snadno dos\u00e1hnout po\u017eadovan\u00fdch hloubek a manipulace s materi\u00e1lem.<\/p>\n<h3>Naklada\u010de<\/h3>\n<p>U \u010deln\u00edch naklada\u010d\u016f pom\u00e1haj\u00ed v\u00e1lce v\u00fdlo\u017en\u00edku efektivn\u011b zvedat a vykl\u00e1p\u011bt b\u0159emena. P\u0159esn\u00e9 ovl\u00e1d\u00e1n\u00ed v\u00fdlo\u017en\u00edku zvy\u0161uje schopnost naklada\u010de zvl\u00e1dat t\u011b\u017ek\u00e9 materi\u00e1ly a zaji\u0161\u0165uje efektivn\u00ed prov\u00e1d\u011bn\u00ed vykl\u00e1p\u011bc\u00edch a zdvi\u017en\u00fdch \u00fakol\u016f. Robustn\u00ed konstrukce t\u011bchto v\u00e1lc\u016f zaru\u010duje spolehlivost v n\u00e1ro\u010dn\u00fdch nakl\u00e1dac\u00edch aplikac\u00edch.<\/p>\n<h2>\u00davahy o designu<\/h2>\n<h3>Nosnost<\/h3>\n<p>P\u0159i navrhov\u00e1n\u00ed v\u00e1lc\u016f v\u00fdlo\u017en\u00edku je nosnost kritick\u00fdm faktorem. Toto hledisko zaji\u0161\u0165uje, \u017ee v\u00e1lec zvl\u00e1dne maxim\u00e1ln\u00ed hmotnost, s n\u00ed\u017e se setk\u00e1 b\u011bhem provozu, bez poruchy. In\u017een\u00fd\u0159i mus\u00ed vypo\u010d\u00edtat o\u010dek\u00e1van\u00e9 zat\u00ed\u017een\u00ed a pou\u017e\u00edt bezpe\u010dnostn\u00ed faktory, aby zajistili spolehliv\u00fd provoz v\u00e1lce i v t\u011b\u017ek\u00fdch podm\u00ednk\u00e1ch.<\/p>\n<h3>T\u011bsn\u011bn\u00ed<\/h3>\n<p>\u00da\u010dinn\u00e9 t\u011bsn\u011bn\u00ed je nezbytn\u00e9 pro udr\u017een\u00ed hydraulick\u00e9ho tlaku ve v\u00e1lci. Vysoce kvalitn\u00ed t\u011bsn\u011bn\u00ed zabra\u0148uje \u00fanik\u016fm a zaji\u0161\u0165uje efektivn\u00ed provoz hydraulick\u00e9ho syst\u00e9mu. Pro zv\u00fd\u0161en\u00ed v\u00fdkonu a \u017eivotnosti a sn\u00ed\u017een\u00ed frekvence \u00fadr\u017eby se pou\u017e\u00edvaj\u00ed r\u016fzn\u00e9 t\u011bsnic\u00ed mechanismy, v\u010detn\u011b t\u011bsn\u011bn\u00ed p\u00edst\u016f a p\u00edstnic.<\/p>\n<h3>Trvanlivost<\/h3>\n<p>Trvanlivost je kl\u00ed\u010dov\u00fdm konstruk\u010dn\u00edm krit\u00e9riem pro v\u00e1lce v\u00fdlo\u017en\u00edku. Mus\u00ed odol\u00e1vat n\u00e1ro\u010dn\u00e9mu pracovn\u00edmu prost\u0159ed\u00ed a odol\u00e1vat opot\u0159eben\u00ed zp\u016fsoben\u00e9mu neust\u00e1l\u00fdm pohybem a vystaven\u00edm pov\u011btrnostn\u00edm vliv\u016fm. Pou\u017eit\u00ed vysoce pevn\u00fdch materi\u00e1l\u016f a povlak\u016f prodlu\u017euje \u017eivotnost v\u00e1lc\u016f, co\u017e z nich \u010din\u00ed spolehlivou volbu pro aplikace v t\u011b\u017ek\u00fdch stroj\u00edch.<\/p>\n<h3>Bezpe\u010dnost<\/h3>\n<p>P\u0159i konstrukci v\u00e1lc\u016f v\u00fdlo\u017en\u00edku nelze p\u0159ehl\u00ed\u017eet bezpe\u010dnostn\u00ed aspekty. Pro prevenci katastrofick\u00fdch poruch jsou integrov\u00e1ny prvky, jako jsou p\u0159etlakov\u00e9 ventily a mechanismy ochrany proti p\u0159et\u00ed\u017een\u00ed. Zaji\u0161t\u011bn\u00ed bezpe\u010dnosti b\u011bhem provozu nejen chr\u00e1n\u00ed za\u0159\u00edzen\u00ed, ale tak\u00e9 chr\u00e1n\u00ed obsluhu a person\u00e1l na m\u00edst\u011b.<\/p>\n<h3>\u00dadr\u017eba<\/h3>\n<p>Navrhov\u00e1n\u00ed s ohledem na \u00fadr\u017ebu je kl\u00ed\u010dov\u00e9 pro zaji\u0161t\u011bn\u00ed snadn\u00e9 \u00fadr\u017eby v\u00e1lc\u016f v\u00fdlo\u017en\u00edku. In\u017een\u00fd\u0159i berou v \u00favahu p\u0159\u00edstupnost sou\u010d\u00e1st\u00ed, snadn\u00e9 maz\u00e1n\u00ed a mo\u017enost v\u00fdm\u011bny t\u011bsn\u011bn\u00ed a dal\u0161\u00edch d\u00edl\u016f bez rozs\u00e1hl\u00e9 demont\u00e1\u017ee. Toto zam\u011b\u0159en\u00ed na \u00fadr\u017ebu udr\u017euje stroje v efektivn\u00edm provozu a zkracuje prostoje.<\/p>\n<p><img decoding=\"async\" src=\"https:\/\/www.hydraulic-cylinders.net\/wp-content\/uploads\/2025\/04\/songte-oil-pipes-and-spare-parts.webp\" alt=\"Hydraulick\u00e9 komponenty\"><\/p>\n<h2>T\u011bsn\u011bn\u00ed a maz\u00e1n\u00ed<\/h2>\n<p>Hydraulick\u00fd v\u00e1lec vyu\u017e\u00edv\u00e1 r\u016fzn\u00e9 t\u011bsnic\u00ed komponenty, jako jsou t\u011bsn\u011bn\u00ed p\u00edstu a t\u011bsn\u011bn\u00ed p\u00edstnice, k udr\u017een\u00ed tlaku a zabr\u00e1n\u011bn\u00ed \u00faniku kapaliny. T\u011bsn\u011bn\u00ed vyroben\u00e1 z odoln\u00fdch materi\u00e1l\u016f, jako je polyuretan a nitrilov\u00e1 pry\u017e, jsou vyb\u00edr\u00e1na pro svou odolnost proti opot\u0159eben\u00ed. T\u011bleso v\u00e1lce a z\u00e1vitov\u00e9 koncov\u00e9 plochy jsou nav\u00edc pe\u010dliv\u011b o\u0161et\u0159eny pro zv\u00fd\u0161en\u00ed odolnosti proti opot\u0159eben\u00ed. Pravideln\u00e9 maz\u00e1n\u00ed hydraulick\u00fdm olejem je nezbytn\u00e9 pro zaji\u0161t\u011bn\u00ed plynul\u00e9ho provozu a pro zabr\u00e1n\u011bn\u00ed nadm\u011brn\u00e9mu opot\u0159eben\u00ed t\u011bsn\u011bn\u00ed a pohybliv\u00fdch \u010d\u00e1st\u00ed.<\/p>\n<h2>Preventivn\u00ed \u00fadr\u017ebov\u00e1 opat\u0159en\u00ed<\/h2>\n<ul>\n<li><strong>Pravideln\u00e9 kontroly:<\/strong> Prov\u00e1d\u011bjte pravideln\u00e9 kontroly hydraulick\u00fdch sou\u010d\u00e1st\u00ed, zda nevykazuj\u00ed zn\u00e1mky opot\u0159eben\u00ed nebo po\u0161kozen\u00ed. V\u010dasn\u00e1 identifikace potenci\u00e1ln\u00edch probl\u00e9m\u016f m\u016f\u017ee zabr\u00e1nit n\u00e1kladn\u00fdm oprav\u00e1m a zajistit optim\u00e1ln\u00ed v\u00fdkon.<\/li>\n<li><strong>Vhodn\u00e9 maz\u00e1n\u00ed:<\/strong> Udr\u017eujte spr\u00e1vnou hladinu maz\u00e1n\u00ed v hydraulick\u00e9m syst\u00e9mu, abyste minimalizovali t\u0159en\u00ed a sn\u00ed\u017eili opot\u0159eben\u00ed sou\u010d\u00e1st\u00ed, a prodlou\u017eili tak \u017eivotnost produktu.<\/li>\n<li><strong>V\u00fdm\u011bna t\u011bsn\u011bn\u00ed:<\/strong> Sledujte stav t\u011bsn\u011bn\u00ed a v p\u0159\u00edpad\u011b pot\u0159eby je vym\u011b\u0148ujte, abyste zabr\u00e1nili net\u011bsnostem a udr\u017eeli hydraulickou \u00fa\u010dinnost.<\/li>\n<\/ul>\n<h2>Pokyny k instalaci<\/h2>\n<p>Spr\u00e1vn\u00e1 instalace v\u00e1lce v\u00fdlo\u017en\u00edku je z\u00e1sadn\u00ed pro v\u00fdkon a dlouhou \u017eivotnost. Za\u010dn\u011bte d\u016fkladn\u00fdm prostudov\u00e1n\u00edm instala\u010dn\u00ed p\u0159\u00edru\u010dky v\u00fdrobce a ujist\u011bte se, \u017ee m\u00e1te ve\u0161ker\u00e9 pot\u0159ebn\u00e9 n\u00e1\u0159ad\u00ed a vybaven\u00ed. V\u00e1lec spr\u00e1vn\u011b vyrovnejte s mont\u00e1\u017en\u00edmi konzolami a ujist\u011bte se, \u017ee je bezpe\u010dn\u011b upevn\u011bn a bez jak\u00fdchkoli p\u0159ek\u00e1\u017eek, kter\u00e9 by mohly br\u00e1nit provozu. Na v\u0161echny \u0161rouby a spoje pou\u017eijte vhodn\u00e9 utahovac\u00ed momenty, abyste zabr\u00e1nili jejich uvoln\u011bn\u00ed b\u011bhem provozu. P\u0159ed zah\u00e1jen\u00edm pou\u017e\u00edv\u00e1n\u00ed zkontrolujte t\u011bsnost hydraulick\u00fdch spoj\u016f. D\u00e1le se ujist\u011bte, \u017ee je hydraulick\u00fd syst\u00e9m dostate\u010dn\u011b odvzdu\u0161n\u011bn, aby se zabr\u00e1nilo neefektivn\u00edmu provozu. Po instalaci pravideln\u011b kontrolujte vyrovn\u00e1n\u00ed a stav v\u00e1lce, abyste udr\u017eeli optim\u00e1ln\u00ed v\u00fdkon.<\/p>\n<h2>B\u011b\u017en\u00e9 \u00fakoly \u00fadr\u017eby<\/h2>\n<ul>\n<li><strong>Pravideln\u00e9 kontroly:<\/strong> Napl\u00e1nujte si pravideln\u00e9 kontroly, abyste odhalili jak\u00e9koli zn\u00e1mky opot\u0159eben\u00ed, net\u011bsnosti nebo po\u0161kozen\u00ed, co\u017e umo\u017en\u00ed v\u010dasn\u00e9 opravy a \u00fadr\u017ebu.<\/li>\n<li><strong>Spr\u00e1vn\u00e9 maz\u00e1n\u00ed:<\/strong> Zajist\u011bte dostate\u010dn\u00e9 maz\u00e1n\u00ed pohybliv\u00fdch \u010d\u00e1st\u00ed, abyste minimalizovali t\u0159en\u00ed, zv\u00fd\u0161ili v\u00fdkon a prodlou\u017eili \u017eivotnost hydraulick\u00e9ho syst\u00e9mu.<\/li>\n<li><strong>V\u00fdm\u011bna t\u011bsn\u011bn\u00ed:<\/strong> Sledujte stav t\u011bsn\u011bn\u00ed a v p\u0159\u00edpad\u011b pot\u0159eby je vym\u011b\u0148ujte, abyste udr\u017eeli hydraulickou \u00fa\u010dinnost a zabr\u00e1nili \u00fanik\u016fm.<\/li>\n<\/ul>\n<p>Spr\u00e1vn\u00e1 instalace, maz\u00e1n\u00ed a se\u0159\u00edzen\u00ed jsou z\u00e1sadn\u00ed pro zaji\u0161t\u011bn\u00ed dlouh\u00e9 \u017eivotnosti a \u00fa\u010dinnosti v\u00e1lce v\u00fdlo\u017en\u00edku. B\u011bhem instalace je nezbytn\u00e9 v\u00e1lec spr\u00e1vn\u011b vyrovnat a pou\u017e\u00edt vhodn\u00e9 mont\u00e1\u017en\u00ed konzoly k jeho pevn\u00e9mu upevn\u011bn\u00ed. Pro zaji\u0161t\u011bn\u00ed optim\u00e1ln\u00edho provozu je t\u0159eba pe\u010dliv\u011b dodr\u017eovat doporu\u010den\u00e9 postupy kontroly, opravy a v\u00fdm\u011bny.<\/p>\n<p><img decoding=\"async\" src=\"https:\/\/www.hydraulic-cylinders.net\/wp-content\/uploads\/2025\/04\/songte-chushion-collar.webp\" alt=\"Pol\u0161t\u00e1\u0159ov\u00fd l\u00edmec\"><\/p>\n<h2>Bezpe\u010dnostn\u00ed aspekty a faktory prost\u0159ed\u00ed<\/h2>\n<p>P\u0159i pr\u00e1ci s hydraulick\u00fdmi syst\u00e9my jsou bezpe\u010dnostn\u00ed opat\u0159en\u00ed prvo\u0159ad\u00e1. Obsluha by m\u011bla b\u00fdt pro\u0161kolena v bezpe\u010dn\u00fdch provozn\u00edch postupech a m\u011bla by si b\u00fdt v\u011bdoma potenci\u00e1ln\u00edch nebezpe\u010d\u00ed spojen\u00fdch s pou\u017e\u00edv\u00e1n\u00edm hydraulick\u00fdch v\u00e1lc\u016f. Je nutn\u00e9 nosit vhodn\u00e9 ochrann\u00e9 pom\u016fcky a v pracovn\u00edch z\u00f3n\u00e1ch by m\u011bly b\u00fdt instalov\u00e1ny bezpe\u010dnostn\u00ed z\u00e1brany. P\u0159i v\u00fdb\u011bru materi\u00e1l\u016f pro hydraulick\u00e9 komponenty hraj\u00ed roli i faktory prost\u0159ed\u00ed, aby se zajistilo, \u017ee odol\u00e1vaj\u00ed r\u016fzn\u00fdm podm\u00ednk\u00e1m bez kompromis\u016f v oblasti v\u00fdkonu.<\/p>\n<h2>Diagnostika z\u00e1vad a b\u011b\u017en\u00e9 probl\u00e9my<\/h2>\n<ul>\n<li><strong>\u00danik:<\/strong> Identifikace a \u0159e\u0161en\u00ed \u00fanik\u016f hydraulick\u00e9 kapaliny je z\u00e1sadn\u00ed pro udr\u017een\u00ed \u00fa\u010dinnosti syst\u00e9mu. Mezi b\u011b\u017en\u00e9 p\u0159\u00ed\u010diny pat\u0159\u00ed po\u0161kozen\u00e1 t\u011bsn\u011bn\u00ed nebo armatury, kter\u00e9 vy\u017eaduj\u00ed okam\u017eitou pozornost.<\/li>\n<li><strong>\u0160patn\u00fd v\u00fdkon:<\/strong> Pokud v\u00e1lec nereaguje o\u010dek\u00e1van\u00fdm zp\u016fsobem, zkontrolujte hladinu hydraulick\u00e9 kapaliny, p\u0159\u00edtomnost vzduchu v syst\u00e9mu nebo p\u0159\u00edpadn\u00e9 ucp\u00e1n\u00ed potrub\u00ed.<\/li>\n<li><strong>Podivn\u00e9 zvuky:<\/strong> Neobvykl\u00e9 zvuky z v\u00e1lce mohou nazna\u010dovat vnit\u0159n\u00ed probl\u00e9my nebo nedostate\u010dn\u00e9 maz\u00e1n\u00ed, co\u017e vy\u017eaduje okam\u017eitou kontrolu.<\/li>\n<\/ul>\n<p>Poskytov\u00e1n\u00ed pokyn\u016f k diagnostice a \u0159e\u0161en\u00ed z\u00e1vad m\u016f\u017ee v\u00fdrazn\u011b zv\u00fd\u0161it provozn\u00ed efektivitu. Pravideln\u00e9 kontroly \u00fadr\u017eby a \u0159e\u0161en\u00ed probl\u00e9m\u016f v okam\u017eiku jejich vzniku mohou zabr\u00e1nit v\u011bt\u0161\u00edm probl\u00e9m\u016fm v budoucnu. Zaveden\u00ed preventivn\u00edch opat\u0159en\u00ed m\u016f\u017ee zm\u00edrnit potenci\u00e1ln\u00ed komplikace a zajistit hladk\u00fd a spolehliv\u00fd provoz.<\/p>\n<p><img decoding=\"async\" src=\"https:\/\/www.hydraulic-cylinders.net\/wp-content\/uploads\/2025\/04\/songte-bushings-with-all-kinds-of-excavator-models.webp\" alt=\"Pouzdra pro modely bagr\u016f\"><\/p>\n<h2>P\u0159ehled spole\u010dnosti<\/h2>\n<p>Jsme v\u00fdrobcem n\u00e1hradn\u00edch hydraulick\u00fdch v\u00e1lc\u016f a nab\u00edz\u00edme komplexn\u00ed sortiment produkt\u016f, d\u00edky nim\u017e se \u0159ad\u00edme mezi p\u0159edn\u00ed v\u00fdrobce a velkoobchodn\u00edky s hydraulick\u00fdmi v\u00e1lci na dom\u00e1c\u00edm i mezin\u00e1rodn\u00edm trhu. N\u00e1\u0161 z\u00e1vazek k dokonalosti je zalo\u017een na propracovan\u00fdch v\u00fdrobn\u00edch strategi\u00edch, vyu\u017e\u00edv\u00e1n\u00ed \u0161pi\u010dkov\u00e9ho v\u00fdrobn\u00edho za\u0159\u00edzen\u00ed a profesion\u00e1ln\u00edch testovac\u00edch syst\u00e9m\u016f ke zlep\u0161en\u00ed na\u0161ich v\u00fdrobn\u00edch kapacit.<\/p>\n<p>Na\u0161e spole\u010dnost se zam\u011b\u0159uje nejen na tvorbu vysoce kvalitn\u00edch produkt\u016f, ale tak\u00e9 na poskytov\u00e1n\u00ed zak\u00e1zkov\u00fdch \u0159e\u0161en\u00ed p\u0159izp\u016fsoben\u00fdch specifick\u00fdm pot\u0159eb\u00e1m na\u0161ich klient\u016f. Vlastn\u00edme mezin\u00e1rodn\u00ed certifikace, abychom zajistili, \u017ee na\u0161e produkty spl\u0148uj\u00ed p\u0159\u00edsn\u00e9 standardy kvality. Na\u0161e rozs\u00e1hl\u00e9 investice do modern\u00edho v\u00fdrobn\u00edho za\u0159\u00edzen\u00ed a technologi\u00ed n\u00e1m umo\u017e\u0148uj\u00ed vyr\u00e1b\u011bt hydraulick\u00e9 v\u00e1lce s vysokou \u00fa\u010dinnost\u00ed, p\u0159esnost\u00ed a kvalitou, abychom splnili rozmanit\u00e9 po\u017eadavky z\u00e1kazn\u00edk\u016f.<\/p>\n<p><img decoding=\"async\" src=\"https:\/\/www.hydraulic-cylinders.net\/wp-content\/uploads\/2025\/04\/songte-company-4.webp\" alt=\"P\u0159ehled spole\u010dnosti\"><br \/>\n<img decoding=\"async\" src=\"https:\/\/www.hydraulic-cylinders.net\/wp-content\/uploads\/2025\/04\/songte-company-3.webp\" alt=\"V\u00fdrobn\u00ed za\u0159\u00edzen\u00ed\"><\/p>\n<p>Autor: lyl<\/p>","protected":false},"excerpt":{"rendered":"<p>Boom Cylinder For Zoomlion Small Excavator ZE60E Product Overview The Boom Cylinder for the Zoomlion Small Excavator ZE60E is a crucial component in the hydraulic system of excavators. It is specifically designed to control the movement of the boom, allowing operators to lift, lower, and tilt the boom efficiently. This hydraulic cylinder plays a significant [&hellip;]<\/p>","protected":false},"featured_media":17867,"comment_status":"open","ping_status":"closed","template":"","meta":{"_et_pb_use_builder":"","_et_pb_old_content":"","_et_gb_content_width":""},"product_brand":[],"product_cat":[1546],"product_tag":[1547,1496],"class_list":{"0":"post-19211","1":"product","2":"type-product","3":"status-publish","4":"has-post-thumbnail","6":"product_cat-boom-cylinders","7":"product_tag-boom-cylinders","8":"product_tag-hydraulic-cylinders","10":"first","11":"instock","12":"shipping-taxable","13":"product-type-simple"},"amp_enabled":true,"_links":{"self":[{"href":"https:\/\/www.hydraulic-cylinders.net\/cs\/wp-json\/wp\/v2\/product\/19211","targetHints":{"allow":["GET"]}}],"collection":[{"href":"https:\/\/www.hydraulic-cylinders.net\/cs\/wp-json\/wp\/v2\/product"}],"about":[{"href":"https:\/\/www.hydraulic-cylinders.net\/cs\/wp-json\/wp\/v2\/types\/product"}],"replies":[{"embeddable":true,"href":"https:\/\/www.hydraulic-cylinders.net\/cs\/wp-json\/wp\/v2\/comments?post=19211"}],"wp:featuredmedia":[{"embeddable":true,"href":"https:\/\/www.hydraulic-cylinders.net\/cs\/wp-json\/wp\/v2\/media\/17867"}],"wp:attachment":[{"href":"https:\/\/www.hydraulic-cylinders.net\/cs\/wp-json\/wp\/v2\/media?parent=19211"}],"wp:term":[{"taxonomy":"product_brand","embeddable":true,"href":"https:\/\/www.hydraulic-cylinders.net\/cs\/wp-json\/wp\/v2\/product_brand?post=19211"},{"taxonomy":"product_cat","embeddable":true,"href":"https:\/\/www.hydraulic-cylinders.net\/cs\/wp-json\/wp\/v2\/product_cat?post=19211"},{"taxonomy":"product_tag","embeddable":true,"href":"https:\/\/www.hydraulic-cylinders.net\/cs\/wp-json\/wp\/v2\/product_tag?post=19211"}],"curies":[{"name":"wp","href":"https:\/\/api.w.org\/{rel}","templated":true}]}}