{"id":19212,"date":"2025-04-07T06:18:23","date_gmt":"2025-04-07T06:18:23","guid":{"rendered":"https:\/\/www.hydraulic-cylinders.net\/product\/boom-cylinder-for-zoomlion-small-excavator-ze85e\/"},"modified":"2025-04-07T06:18:26","modified_gmt":"2025-04-07T06:18:26","slug":"boom-cylinder-for-zoomlion-small-excavator-ze85e","status":"publish","type":"product","link":"https:\/\/www.hydraulic-cylinders.net\/cs\/produkt\/boom-cylinder-for-zoomlion-small-excavator-ze85e\/","title":{"rendered":"V\u00e1lec v\u00fdlo\u017en\u00edku pro mal\u00e9 rypadlo Zoomlion ZE85E"},"content":{"rendered":"<h1>V\u00e1lec v\u00fdlo\u017en\u00edku pro mal\u00e9 rypadlo Zoomlion ZE85E<\/h1>\n<h2>Pochopen\u00ed v\u00e1lce v\u00fdlo\u017en\u00edku<\/h2>\n<h3>Definice a p\u0159ehled<\/h3>\n<p>Hydraulick\u00fd v\u00e1lec v\u00fdlo\u017en\u00edku je kl\u00ed\u010dov\u00e1 hydraulick\u00e1 sou\u010d\u00e1st navr\u017een\u00e1 speci\u00e1ln\u011b pro ovl\u00e1d\u00e1n\u00ed pohybu v\u00fdlo\u017en\u00edku v t\u011b\u017ek\u00fdch stroj\u00edch, zejm\u00e9na v rypadlech, jako je Zoomlion Small Excavator ZE85E. Tento hydraulick\u00fd v\u00e1lec umo\u017e\u0148uje zved\u00e1n\u00ed, spou\u0161t\u011bn\u00ed a nakl\u00e1p\u011bn\u00ed v\u00fdlo\u017en\u00edku, co\u017e usnad\u0148uje efektivn\u00ed manipulaci s materi\u00e1lem. Hraje z\u00e1sadn\u00ed roli v hydraulick\u00e9m syst\u00e9mu, p\u0159em\u011b\u0148uje energii hydraulick\u00e9 kapaliny na mechanickou s\u00edlu pro spolehliv\u00e9 a efektivn\u00ed prov\u00e1d\u011bn\u00ed r\u016fzn\u00fdch operac\u00ed.<\/p>\n<p>Jako hydraulick\u00fd v\u00e1lec funguje na principech mechaniky tekutin, kdy je do v\u00e1lce p\u0159iv\u00e1d\u011bn hydraulick\u00fd olej pod tlakem, kter\u00fd vytv\u00e1\u0159\u00ed pohyb. To umo\u017e\u0148uje obsluze p\u0159esn\u011b ovl\u00e1dat v\u00fdlo\u017en\u00edk rypadla, co\u017e je nezbytn\u00e9 pro \u00fakoly, jako je kop\u00e1n\u00ed, zved\u00e1n\u00ed a p\u0159eprava materi\u00e1l\u016f. Konstrukce a funk\u010dnost v\u00e1lce v\u00fdlo\u017en\u00edku jsou kl\u00ed\u010dov\u00e9 pro celkov\u00fd v\u00fdkon a efektivitu rypadla v r\u016fzn\u00fdch aplikac\u00edch.<\/p>\n<p><img decoding=\"async\" src=\"https:\/\/www.hydraulic-cylinders.net\/wp-content\/uploads\/2025\/04\/songte-company-1.webp\" alt=\"V\u00e1lec v\u00fdlo\u017en\u00edku pro bagry\" \/><\/p>\n<h2>Vlastnosti produktu<\/h2>\n<ul>\n<li><strong>Vysok\u00e1 pevnost a trvanlivost:<\/strong> V\u00e1lec v\u00fdlo\u017en\u00edku je vyroben z vysokopevnostn\u00ed oceli nebo hlin\u00edku a odol\u00e1 vysok\u00e9mu tlaku a velk\u00e9mu zat\u00ed\u017een\u00ed, co\u017e zaji\u0161\u0165uje odolnost v n\u00e1ro\u010dn\u00fdch pracovn\u00edch podm\u00ednk\u00e1ch. Jeho konstrukce zahrnuje odolnost proti opot\u0159eben\u00ed a korozi, co\u017e prodlu\u017euje jeho \u017eivotnost.<\/li>\n<li><strong>Efektivn\u00ed hydraulick\u00fd provoz:<\/strong> V\u00e1lec vyu\u017e\u00edv\u00e1 tlak hydraulick\u00e9 kapaliny pro plynul\u00e9 vysouv\u00e1n\u00ed a zasouv\u00e1n\u00ed, rychle reaguje na provozn\u00ed povely a poskytuje silnou ta\u017enou a tla\u010dnou s\u00edlu nezbytnou pro t\u011b\u017ek\u00e9 a slo\u017eit\u00e9 \u00fakoly.<\/li>\n<li><strong>R\u016fzn\u00e9 typy:<\/strong> K dispozici v jedno\u010dinn\u00e9m (funguje v jednom sm\u011bru) nebo dvoj\u010dinn\u00e9m (funguje v obou sm\u011brech) proveden\u00ed pro spln\u011bn\u00ed r\u016fzn\u00fdch provozn\u00edch pot\u0159eb. N\u011bkter\u00e9 modely jsou teleskopick\u00e9, co\u017e umo\u017e\u0148uje v\u011bt\u0161\u00ed vysunut\u00ed bez zv\u011bt\u0161en\u00ed vn\u011bj\u0161\u00edch rozm\u011br\u016f, ide\u00e1ln\u00ed pro aplikace s omezen\u00fdm prostorem.<\/li>\n<li><strong>P\u0159esn\u00e9 stroj\u00edrenstv\u00ed:<\/strong> Ka\u017ed\u00fd v\u00e1lec je navr\u017een s p\u0159\u00edsn\u00fdmi tolerancemi a z vysoce kvalitn\u00edch materi\u00e1l\u016f, co\u017e zaji\u0161\u0165uje spolehliv\u00fd v\u00fdkon i v n\u00e1ro\u010dn\u00fdch podm\u00ednk\u00e1ch.<\/li>\n<li><strong>Kompatibilita s r\u016fzn\u00fdmi modely:<\/strong> Na\u0161e produkty dok\u00e1\u017e\u00ed dokonale nahradit \u0161irokou \u0161k\u00e1lu hydraulick\u00fdch v\u00e1lc\u016f a zajist\u00ed tak bezprobl\u00e9movou integraci a provoz se st\u00e1vaj\u00edc\u00edmi stroji.<\/li>\n<\/ul>\n<p><img decoding=\"async\" src=\"https:\/\/www.hydraulic-cylinders.net\/wp-content\/uploads\/2025\/04\/songte-cylinder-head-with-all-kinds-excavator-models.webp\" alt=\"Modely v\u00e1lc\u016f pro bagry\" \/><\/p>\n<h2>Aplikace v\u00e1lce v\u00fdlo\u017en\u00edku<\/h2>\n<h3>Stavebn\u00ed stroje<\/h3>\n<p>U stavebn\u00edch stroj\u016f, jako jsou bagry, jsou v\u00e1lce v\u00fdlo\u017en\u00edku nezbytn\u00e9 pro v\u00fdkopov\u00e9 pr\u00e1ce, nakl\u00e1d\u00e1n\u00ed a p\u0159emis\u0165ov\u00e1n\u00ed zeminy nebo suti. Poskytuj\u00ed pot\u0159ebnou s\u00edlu pro ryt\u00ed do zem\u011b a zved\u00e1n\u00ed t\u011b\u017ek\u00fdch materi\u00e1l\u016f, co\u017e je \u010din\u00ed nepostradateln\u00fdmi pro stavebn\u00ed projekty. U rypadlo-naklada\u010d\u016f v\u00e1lce v\u00fdlo\u017en\u00edku pom\u00e1haj\u00ed jak p\u0159i v\u00fdkopov\u00fdch operac\u00edch, tak p\u0159i zved\u00e1n\u00ed, \u010d\u00edm\u017e zvy\u0161uj\u00ed v\u0161estrannost stroje.<\/p>\n<h3>Zem\u011bd\u011blsk\u00e9 stroje<\/h3>\n<p>V zem\u011bd\u011blsk\u00fdch stroj\u00edch se v\u00e1lce v\u00fdlo\u017en\u00edku pou\u017e\u00edvaj\u00ed v \u010deln\u00edch naklada\u010d\u00edch k nab\u00edr\u00e1n\u00ed, zved\u00e1n\u00ed a p\u0159eprav\u011b p\u016fdy, sena a dal\u0161\u00edch materi\u00e1l\u016f. Tato schopnost je z\u00e1sadn\u00ed pro efektivn\u00ed zem\u011bd\u011blsk\u00e9 operace a usnad\u0148uje \u00fakoly, jako je nakl\u00e1d\u00e1n\u00ed n\u00e1kladn\u00edch vozidel nebo p\u0159esun z\u00e1sob po farm\u011b.<\/p>\n<h3>Bagry<\/h3>\n<p>U rypadel umo\u017e\u0148uje v\u00e1lec v\u00fdlo\u017en\u00edku kopac\u00ed pohyb t\u00edm, \u017ee umo\u017e\u0148uje l\u017e\u00edci efektivn\u011b pronikat do p\u016fdy. Tato funkce je kl\u00ed\u010dov\u00e1 pro r\u016fzn\u00e9 \u00fakoly, od hlouben\u00ed v\u00fdkop\u016f a\u017e po \u00fapravy ter\u00e9nu, co\u017e z v\u00e1lc\u016f v\u00fdlo\u017en\u00edku d\u011bl\u00e1 kl\u00ed\u010dovou sou\u010d\u00e1st modern\u00edch v\u00fdkopov\u00fdch technik.<\/p>\n<h3>Naklada\u010de<\/h3>\n<p>U \u010deln\u00edch naklada\u010d\u016f pom\u00e1haj\u00ed v\u00e1lce v\u00fdlo\u017en\u00edku efektivn\u011b zvedat a vykl\u00e1dat b\u0159emena. Ovl\u00e1daj\u00ed l\u017e\u00edci pro rychl\u00fd a efektivn\u00ed pohyb materi\u00e1lu, co\u017e je z\u00e1sadn\u00ed pro nakl\u00e1dac\u00ed a vykl\u00e1dac\u00ed operace ve stavebnictv\u00ed a logistice.<\/p>\n<h2>Konstruk\u010dn\u00ed aspekty a krit\u00e9ria v\u00fdb\u011bru<\/h2>\n<h3>Nosnost<\/h3>\n<p>Nosnost v\u00e1lce v\u00fdlo\u017en\u00edku je kritick\u00fdm faktorem p\u0159i jeho konstrukci. Mus\u00ed b\u00fdt schopen zvl\u00e1dnout maxim\u00e1ln\u00ed hmotnost, s n\u00ed\u017e se setk\u00e1 b\u011bhem provozu, bez rizika selh\u00e1n\u00ed. To vy\u017eaduje pe\u010dliv\u00e9 zv\u00e1\u017een\u00ed pevnosti materi\u00e1lu a rozm\u011br\u016f v\u00e1lce, aby byla zaji\u0161t\u011bna bezpe\u010dnost a spolehlivost.<\/p>\n<h3>Integrita t\u011bsn\u011bn\u00ed<\/h3>\n<p>T\u011bsn\u011bn\u00ed je z\u00e1sadn\u00ed pro udr\u017een\u00ed hydraulick\u00e9ho tlaku a prevenci \u00faniku kapaliny. \u00da\u010dinn\u00e1 t\u011bsn\u011bn\u00ed sni\u017euj\u00ed n\u00e1klady na \u00fadr\u017ebu a zvy\u0161uj\u00ed provozn\u00ed efektivitu. Volba t\u011bsnic\u00edch materi\u00e1l\u016f a proveden\u00ed m\u00e1 v\u00fdznamn\u00fd vliv na \u017eivotnost a v\u00fdkon v\u00e1lce.<\/p>\n<h3>Trvanlivost<\/h3>\n<p>Trvanlivost zahrnuje odolnost proti opot\u0159eben\u00ed, korozi a \u00fanav\u011b materi\u00e1lu. V\u00e1lce v\u00fdlo\u017en\u00edku mus\u00ed b\u00fdt navr\u017eeny pro dlouhou \u017eivotnost, zejm\u00e9na v n\u00e1ro\u010dn\u00fdch podm\u00ednk\u00e1ch. V\u00fdb\u011br vysoce kvalitn\u00edch materi\u00e1l\u016f a povrchov\u00fdch \u00faprav zvy\u0161uje trvanlivost a umo\u017e\u0148uje spolehliv\u00fd v\u00fdkon v pr\u016fb\u011bhu \u010dasu.<\/p>\n<h3>Bezpe\u010dnost<\/h3>\n<p>Sou\u010d\u00e1st\u00ed konstrukce v\u00e1lc\u016f v\u00fdlo\u017en\u00edku mus\u00ed b\u00fdt bezpe\u010dnostn\u00ed prvky. Pat\u0159\u00ed sem bezpe\u010dnostn\u00ed mechanismy a mechanismy ochrany proti p\u0159et\u00ed\u017een\u00ed, kter\u00e9 zabra\u0148uj\u00ed nehod\u00e1m b\u011bhem provozu. Dob\u0159e navr\u017een\u00fd v\u00e1lec v\u00fdrazn\u011b zvy\u0161uje bezpe\u010dnost obsluhy a za\u0159\u00edzen\u00ed.<\/p>\n<h3>\u00dadr\u017eba a opravitelnost<\/h3>\n<p>Konstrukce, kter\u00e1 usnad\u0148uje \u00fadr\u017ebu a opravy, je z\u00e1sadn\u00ed. To zahrnuje i mo\u017enost p\u0159\u00edstupu ke kritick\u00fdm komponent\u016fm bez nutnosti demont\u00e1\u017ee cel\u00e9ho za\u0159\u00edzen\u00ed. Pravideln\u00e1 \u00fadr\u017eba m\u016f\u017ee prodlou\u017eit \u017eivotnost v\u00e1lce a zlep\u0161it celkovou provozn\u00ed efektivitu.<\/p>\n<p><img decoding=\"async\" src=\"https:\/\/www.hydraulic-cylinders.net\/wp-content\/uploads\/2025\/04\/songte-oil-pipes-and-spare-parts.webp\" alt=\"D\u00edly hydraulick\u00e9ho v\u00e1lce\" \/><\/p>\n<h2>T\u011bsn\u011bn\u00ed a maz\u00e1n\u00ed<\/h2>\n<p>V\u00fdkon v\u00e1lce v\u00fdlo\u017en\u00edku do zna\u010dn\u00e9 m\u00edry z\u00e1vis\u00ed na \u00fa\u010dinn\u00fdch t\u011bsnic\u00edch a mazac\u00edch syst\u00e9mech. Pou\u017e\u00edvaj\u00ed se r\u016fzn\u00e1 t\u011bsn\u011bn\u00ed, v\u010detn\u011b p\u00edstn\u00edch a p\u00edstn\u00edch t\u011bsn\u011bn\u00ed, kter\u00e1 jsou kl\u00ed\u010dov\u00e1 pro udr\u017een\u00ed hydraulick\u00e9ho tlaku. V\u00fdb\u011br odoln\u00fdch materi\u00e1l\u016f, jako je polyuretan a nitrilov\u00e1 pry\u017e, pro tato t\u011bsn\u011bn\u00ed pom\u00e1h\u00e1 zlep\u0161it odolnost proti opot\u0159eben\u00ed a zaji\u0161\u0165uje del\u0161\u00ed \u017eivotnost.<\/p>\n<p>T\u011bleso v\u00e1lce a z\u00e1vitov\u00e9 konce jsou nav\u00edc \u010dasto podrobeny jemn\u00e9mu obr\u00e1b\u011bn\u00ed, aby se zv\u00fd\u0161ila odolnost proti opot\u0159eben\u00ed. Pravideln\u00e9 maz\u00e1n\u00ed vhodn\u00fdm hydraulick\u00fdm olejem je nezbytn\u00e9, aby se zabr\u00e1nilo t\u0159en\u00ed a hromad\u011bn\u00ed tepla, co\u017e m\u016f\u017ee v\u00e9st k p\u0159ed\u010dasn\u00e9mu opot\u0159eben\u00ed sou\u010d\u00e1st\u00ed v\u00e1lce. \u00da\u010dinn\u00fd mazac\u00ed re\u017eim pom\u00e1h\u00e1 udr\u017eovat optim\u00e1ln\u00ed v\u00fdkon a dlouhou \u017eivotnost v\u00e1lce v\u00fdlo\u017en\u00edku.<\/p>\n<h2>Preventivn\u00ed \u00fadr\u017ebov\u00e1 opat\u0159en\u00ed<\/h2>\n<ul>\n<li><strong>Pravideln\u00e9 kontroly:<\/strong> Pravideln\u011b kontrolujte v\u00e1lec v\u00fdlo\u017en\u00edku, zda nevykazuje zn\u00e1mky opot\u0159eben\u00ed, net\u011bsnosti nebo po\u0161kozen\u00ed. To pom\u00e1h\u00e1 v\u010das identifikovat probl\u00e9my a p\u0159edch\u00e1zet katastrofick\u00fdm poruch\u00e1m.<\/li>\n<li><strong>Vhodn\u00e9 maz\u00e1n\u00ed:<\/strong> Zajist\u011bte, aby byla hladina hydraulick\u00e9ho oleje dostate\u010dn\u00e1 a aby bylo pou\u017eito spr\u00e1vn\u00e9 maz\u00e1n\u00ed, aby se sn\u00ed\u017eilo t\u0159en\u00ed a opot\u0159eben\u00ed t\u011bsn\u011bn\u00ed a pohybliv\u00fdch \u010d\u00e1st\u00ed.<\/li>\n<li><strong>V\u00fdm\u011bna t\u011bsn\u011bn\u00ed:<\/strong> Pravideln\u011b kontrolujte opot\u0159eben\u00ed t\u011bsn\u011bn\u00ed a v p\u0159\u00edpad\u011b pot\u0159eby je vym\u011b\u0148ujte, abyste zachovali hydraulickou integritu a zabr\u00e1nili \u00fanik\u016fm.<\/li>\n<\/ul>\n<h2>Pokyny k instalaci<\/h2>\n<p>Spr\u00e1vn\u00e1 instalace v\u00e1lce v\u00fdlo\u017en\u00edku je z\u00e1sadn\u00ed pro v\u00fdkon a bezpe\u010dnost. Za\u010dn\u011bte t\u00edm, \u017ee se ujist\u00edte, \u017ee je v\u00e1lec spr\u00e1vn\u011b zarovn\u00e1n s ostatn\u00edmi sou\u010d\u00e1stmi rypadla. K zaji\u0161t\u011bn\u00ed v\u00e1lce na m\u00edst\u011b pou\u017eijte vhodn\u00e9 mont\u00e1\u017en\u00ed konzoly, abyste zabr\u00e1nili nam\u00e1h\u00e1n\u00ed hydraulick\u00e9ho potrub\u00ed.<\/p>\n<p>P\u0159i instalaci zkontrolujte, zda se v hydraulick\u00e9m potrub\u00ed nenach\u00e1zej\u00ed p\u0159ek\u00e1\u017eky, kter\u00e9 by mohly ovlivnit v\u00fdkon v\u00e1lce. Ujist\u011bte se, \u017ee v\u0161echny \u0161rouby jsou uta\u017eeny podle specifikac\u00ed v\u00fdrobce a \u017ee hydraulick\u00e9 potrub\u00ed nen\u00ed zalomen\u00e9 nebo ostr\u00e9, co\u017e by mohlo v\u00e9st k net\u011bsnostem.<\/p>\n<p>Po instalaci otestujte pohyb ramene, abyste se ujistili, \u017ee funguje hladce. B\u011bhem prvn\u00edho provozu sledujte jak\u00e9koli neobvykl\u00e9 zvuky nebo pohyby, kter\u00e9 by mohly nazna\u010dovat nespr\u00e1vn\u00e9 vyrovn\u00e1n\u00ed nebo probl\u00e9my s instalac\u00ed. Pravideln\u011b udr\u017eujte instalaci, abyste zajistili jej\u00ed trval\u00fd v\u00fdkon.<\/p>\n<h2>B\u011b\u017en\u00e9 \u00fakoly \u00fadr\u017eby<\/h2>\n<h3>Pravideln\u00e9 kontroly<\/h3>\n<p>Pravideln\u00e9 kontroly zahrnuj\u00ed kontrolu v\u00e1lce v\u00fdlo\u017en\u00edku, zda nevykazuje viditeln\u00e9 po\u0161kozen\u00ed nebo opot\u0159eben\u00ed. Hledejte zn\u00e1mky \u00faniku hydraulick\u00e9 kapaliny, kter\u00e9 by mohly nazna\u010dovat selh\u00e1n\u00ed t\u011bsn\u011bn\u00ed nebo spojen\u00ed. V\u010dasn\u00e9 odhalen\u00ed probl\u00e9m\u016f m\u016f\u017ee zabr\u00e1nit v\u011bt\u0161\u00edm probl\u00e9m\u016fm v budoucnu a zajistit efektivn\u00ed provoz v\u00e1lce.<\/p>\n<h3>Spr\u00e1vn\u00e9 maz\u00e1n\u00ed<\/h3>\n<p>Spr\u00e1vn\u00e9 maz\u00e1n\u00ed je z\u00e1sadn\u00ed pro minimalizaci t\u0159en\u00ed mezi pohybliv\u00fdmi \u010d\u00e1stmi uvnit\u0159 v\u00e1lce. Pravideln\u011b kontrolujte hladinu hydraulick\u00e9ho oleje a v p\u0159\u00edpad\u011b pot\u0159eby jej dopl\u0148ujte. Pro zaji\u0161t\u011bn\u00ed kompatibility a \u00fa\u010dinnosti pou\u017e\u00edvejte maziva doporu\u010den\u00e1 v\u00fdrobcem.<\/p>\n<h3>V\u00fdm\u011bna t\u011bsn\u011bn\u00ed a kontroly kalibrace<\/h3>\n<p>V\u00fdm\u011bna t\u011bsn\u011bn\u00ed je nezbytn\u00e1 pro zachov\u00e1n\u00ed integrity hydraulick\u00e9ho syst\u00e9mu. Napl\u00e1nujte si pravideln\u00e9 kontroly, abyste posoudili stav t\u011bsn\u011bn\u00ed a v p\u0159\u00edpad\u011b pot\u0159eby je vym\u011bnili. M\u011bly by se prov\u00e1d\u011bt tak\u00e9 kalibra\u010dn\u00ed kontroly, aby se zajistilo, \u017ee v\u00e1lec pracuje v r\u00e1mci sv\u00fdch navr\u017een\u00fdch parametr\u016f, a optimalizuje se tak v\u00fdkon a bezpe\u010dnost.<\/p>\n<p><img decoding=\"async\" src=\"https:\/\/www.hydraulic-cylinders.net\/wp-content\/uploads\/2025\/04\/songte-chushion-collar.webp\" alt=\"Instalace v\u00e1lce\" \/><\/p>\n<h2>Bezpe\u010dnostn\u00ed aspekty a faktory prost\u0159ed\u00ed<\/h2>\n<p>P\u0159i pr\u00e1ci s hydraulick\u00fdmi syst\u00e9my jsou bezpe\u010dnostn\u00ed opat\u0159en\u00ed prvo\u0159ad\u00e1. Zaji\u0161t\u011bn\u00ed pro\u0161kolen\u00ed obsluhy v bezpe\u010dn\u00fdch postupech manipulace m\u016f\u017ee v\u00fdrazn\u011b sn\u00ed\u017eit riziko nehod. Pou\u017e\u00edv\u00e1n\u00ed hydraulick\u00fdch kapalin, kter\u00e9 jsou \u0161etrn\u00e9 k \u017eivotn\u00edmu prost\u0159ed\u00ed, nav\u00edc pom\u00e1h\u00e1 zm\u00edr\u0148ovat negativn\u00ed dopady na \u017eivotn\u00ed prost\u0159ed\u00ed a podporuje udr\u017eitelnost provozu.<\/p>\n<h2>Diagnostika z\u00e1vad a b\u011b\u017en\u00e9 probl\u00e9my<\/h2>\n<ul>\n<li><strong>\u00daniky kapalin:<\/strong> Jedn\u00edm z nej\u010dast\u011bj\u0161\u00edch probl\u00e9m\u016f je \u00fanik hydraulick\u00e9 kapaliny. M\u016f\u017ee to b\u00fdt zp\u016fsobeno opot\u0159ebovan\u00fdmi t\u011bsn\u011bn\u00edmi nebo po\u0161kozen\u00fdmi spoji. Pravideln\u00e9 kontroly mohou pomoci v\u010das odhalit net\u011bsnosti.<\/li>\n<li><strong>\u0160patn\u00fd v\u00fdkon:<\/strong> Pokud rameno nereaguje o\u010dek\u00e1van\u00fdm zp\u016fsobem, m\u016f\u017ee to znamenat probl\u00e9my s hydraulick\u00fdm tlakem nebo ucp\u00e1n\u00ed syst\u00e9mu. Je nezbytn\u00e9 zkontrolovat hladinu hydraulick\u00e9ho oleje a stav filtru.<\/li>\n<li><strong>Neobvykl\u00e9 zvuky:<\/strong> Jak\u00e9koli podivn\u00e9 zvuky b\u011bhem provozu mohou nazna\u010dovat mechanick\u00e9 probl\u00e9my. V\u010dasn\u00e9 pro\u0161et\u0159en\u00ed neobvykl\u00fdch zvuk\u016f m\u016f\u017ee zabr\u00e1nit dal\u0161\u00edmu po\u0161kozen\u00ed v\u00e1lce.<\/li>\n<\/ul>\n<h2>Tipy pro \u0159e\u0161en\u00ed probl\u00e9m\u016f<\/h2>\n<p>Pro efektivn\u00ed diagnostiku a \u0159e\u0161en\u00ed probl\u00e9m\u016f za\u010dn\u011bte d\u016fkladnou kontrolou v\u00e1lce a okoln\u00edch sou\u010d\u00e1st\u00ed. Zkontrolujte hladinu hydraulick\u00e9 kapaliny a p\u0159\u00edpadn\u00e9 net\u011bsnosti. Pokud se vyskytnou probl\u00e9my s v\u00fdkonem, zkontrolujte hydraulick\u00fd syst\u00e9m, zda nedoch\u00e1z\u00ed k ucp\u00e1n\u00ed nebo ztr\u00e1t\u011b tlaku.<\/p>\n<p>P\u0159ij\u00edm\u00e1n\u00ed preventivn\u00edch opat\u0159en\u00ed, jako je pravideln\u00e1 \u00fadr\u017eba a monitorov\u00e1n\u00ed, m\u016f\u017ee minimalizovat potenci\u00e1ln\u00ed probl\u00e9my. Sledov\u00e1n\u00ed provozn\u00edch metrik a vytv\u00e1\u0159en\u00ed upozorn\u011bn\u00ed na \u00fakoly \u00fadr\u017eby prodlou\u017e\u00ed \u017eivotnost a spolehlivost v\u00e1lce v\u00fdlo\u017en\u00edku.<\/p>\n<p><img decoding=\"async\" src=\"https:\/\/www.hydraulic-cylinders.net\/wp-content\/uploads\/2025\/04\/songte-bushings-with-all-kinds-of-excavator-models.webp\" alt=\"Pouzdra pro bagry\" \/><\/p>\n<h2>O na\u0161\u00ed spole\u010dnosti<\/h2>\n<p>Jsme p\u0159edn\u00edm v\u00fdrobcem a velkoobchodn\u00edkem n\u00e1hradn\u00edch hydraulick\u00fdch v\u00e1lc\u016f a nab\u00edz\u00edme komplexn\u00ed sortiment produkt\u016f na dom\u00e1c\u00edm i mezin\u00e1rodn\u00edm trhu. N\u00e1\u0161 z\u00e1vazek k v\u00fdjime\u010dn\u00e9 kvalit\u011b je podpo\u0159en propracovan\u00fdm v\u00fdrobn\u00edm procesem a robustn\u00edmi strategiemi \u0159\u00edzen\u00ed v\u00fdroby. Neust\u00e1le vylep\u0161ujeme na\u0161e v\u00fdrobn\u00ed kapacity prost\u0159ednictv\u00edm kvalifikovan\u00e9ho person\u00e1lu, pokro\u010dil\u00e9ho digit\u00e1ln\u00edho v\u00fdrobn\u00edho za\u0159\u00edzen\u00ed a profesion\u00e1ln\u00edch testovac\u00edch syst\u00e9m\u016f.<\/p>\n<p>Na\u0161e zam\u011b\u0159en\u00ed na p\u0159esnost a kvalitu zaji\u0161\u0165uje, \u017ee efektivn\u011b pln\u00edme rozmanit\u00e9 po\u017eadavky z\u00e1kazn\u00edk\u016f. Nab\u00edz\u00edme mezin\u00e1rodn\u00ed certifikace, zak\u00e1zkov\u00e9 slu\u017eby a \u0161irokou \u0161k\u00e1lu produkt\u016f p\u0159izp\u016fsoben\u00fdch r\u016fzn\u00fdm aplikac\u00edm. N\u00e1\u0161 siln\u00fd poprodejn\u00ed servis zaji\u0161\u0165uje, \u017ee z\u00e1kazn\u00edci z\u00edskaj\u00ed trvalou podporu a spokojenost se sv\u00fdmi n\u00e1kupy.<\/p>\n<p><img decoding=\"async\" src=\"https:\/\/www.hydraulic-cylinders.net\/wp-content\/uploads\/2025\/04\/songte-company-4.webp\" alt=\"P\u0159ehled spole\u010dnosti\" \/><br \/>\n<img decoding=\"async\" src=\"https:\/\/www.hydraulic-cylinders.net\/wp-content\/uploads\/2025\/04\/songte-company-3.webp\" alt=\"V\u00fdrobn\u00ed z\u00e1vod\" \/><\/p>\n<p>Autor: lyl<\/p>","protected":false},"excerpt":{"rendered":"<p>Boom Cylinder For Zoomlion Small Excavator ZE85E Understanding the Boom Cylinder Definition and Overview The Boom Cylinder is a critical hydraulic component designed specifically for controlling the movement of the boom in heavy machinery, particularly in excavators like the Zoomlion Small Excavator ZE85E. This hydraulic cylinder enables the boom to raise, lower, and tilt, facilitating [&hellip;]<\/p>","protected":false},"featured_media":17868,"comment_status":"open","ping_status":"closed","template":"","meta":{"_et_pb_use_builder":"","_et_pb_old_content":"","_et_gb_content_width":""},"product_brand":[],"product_cat":[1546],"product_tag":[1547,1496],"class_list":{"0":"post-19212","1":"product","2":"type-product","3":"status-publish","4":"has-post-thumbnail","6":"product_cat-boom-cylinders","7":"product_tag-boom-cylinders","8":"product_tag-hydraulic-cylinders","10":"first","11":"instock","12":"shipping-taxable","13":"product-type-simple"},"amp_enabled":true,"_links":{"self":[{"href":"https:\/\/www.hydraulic-cylinders.net\/cs\/wp-json\/wp\/v2\/product\/19212","targetHints":{"allow":["GET"]}}],"collection":[{"href":"https:\/\/www.hydraulic-cylinders.net\/cs\/wp-json\/wp\/v2\/product"}],"about":[{"href":"https:\/\/www.hydraulic-cylinders.net\/cs\/wp-json\/wp\/v2\/types\/product"}],"replies":[{"embeddable":true,"href":"https:\/\/www.hydraulic-cylinders.net\/cs\/wp-json\/wp\/v2\/comments?post=19212"}],"wp:featuredmedia":[{"embeddable":true,"href":"https:\/\/www.hydraulic-cylinders.net\/cs\/wp-json\/wp\/v2\/media\/17868"}],"wp:attachment":[{"href":"https:\/\/www.hydraulic-cylinders.net\/cs\/wp-json\/wp\/v2\/media?parent=19212"}],"wp:term":[{"taxonomy":"product_brand","embeddable":true,"href":"https:\/\/www.hydraulic-cylinders.net\/cs\/wp-json\/wp\/v2\/product_brand?post=19212"},{"taxonomy":"product_cat","embeddable":true,"href":"https:\/\/www.hydraulic-cylinders.net\/cs\/wp-json\/wp\/v2\/product_cat?post=19212"},{"taxonomy":"product_tag","embeddable":true,"href":"https:\/\/www.hydraulic-cylinders.net\/cs\/wp-json\/wp\/v2\/product_tag?post=19212"}],"curies":[{"name":"wp","href":"https:\/\/api.w.org\/{rel}","templated":true}]}}