{"id":19218,"date":"2025-04-07T06:18:39","date_gmt":"2025-04-07T06:18:39","guid":{"rendered":"https:\/\/www.hydraulic-cylinders.net\/product\/boom-cylinder-for-zoomlion-middle-excavator-ze230elr\/"},"modified":"2025-04-07T06:18:41","modified_gmt":"2025-04-07T06:18:41","slug":"boom-cylinder-for-zoomlion-middle-excavator-ze230elr","status":"publish","type":"product","link":"https:\/\/www.hydraulic-cylinders.net\/cs\/produkt\/boom-cylinder-for-zoomlion-middle-excavator-ze230elr\/","title":{"rendered":"V\u00e1lec v\u00fdlo\u017en\u00edku pro st\u0159edov\u00fd bagr Zoomlion ZE230ELR"},"content":{"rendered":"<h1>V\u00e1lec v\u00fdlo\u017en\u00edku pro st\u0159edov\u00fd bagr Zoomlion ZE230ELR<\/h1>\n<h2>\u00davod k v\u00e1lci v\u00fdlo\u017en\u00edku<\/h2>\n<p>Hydraulick\u00fd v\u00e1lec v\u00fdlo\u017en\u00edku je kl\u00ed\u010dovou sou\u010d\u00e1st\u00ed speci\u00e1ln\u011b navr\u017eenou pro t\u011b\u017ek\u00e9 stroje, zejm\u00e9na pro rypadlo Zoomlion Middle Excavator ZE230ELR. Tento hydraulick\u00fd v\u00e1lec hraje z\u00e1sadn\u00ed roli v \u0159\u00edzen\u00ed pohybu v\u00fdlo\u017en\u00edku rypadla a umo\u017e\u0148uje mu efektivn\u011b zvedat, spou\u0161t\u011bt a nakl\u00e1n\u011bt. Jako hydraulick\u00fd v\u00e1lec vyu\u017e\u00edv\u00e1 tlakovou hydraulickou kapalinu k vytv\u00e1\u0159en\u00ed pohybu a s\u00edly, co\u017e ho \u010din\u00ed nepostradateln\u00fdm p\u0159i r\u016fzn\u00fdch \u00fakonech manipulace s materi\u00e1lem.<\/p>\n<p>Hydraulick\u00fd v\u00e1lec l\u017e\u00edce, stejn\u011b jako v\u00e1lec v\u00fdlo\u017en\u00edku, je ned\u00edlnou sou\u010d\u00e1st\u00ed hydraulick\u00fdch syst\u00e9m\u016f, kter\u00e9 se nach\u00e1zej\u00ed v bagrech, rypadlech a \u010deln\u00edch naklada\u010d\u00edch. Tento typ hydraulick\u00e9ho v\u00e1lce je navr\u017een tak, aby \u0159\u00eddil dynamick\u00e9 pohyby l\u017e\u00edce rypadla a zaji\u0161\u0165oval tak, aby prov\u00e1d\u011bla \u010dinnosti, jako je kop\u00e1n\u00ed, zved\u00e1n\u00ed a vykl\u00e1p\u011bn\u00ed, s p\u0159esnost\u00ed a \u00fa\u010dinnost\u00ed. Konstrukce t\u011bchto v\u00e1lc\u016f jim umo\u017e\u0148uje odolat zna\u010dn\u00fdm sil\u00e1m, kter\u00fdm \u010del\u00ed b\u011bhem provozu, a t\u00edm p\u0159isp\u00edvat k celkov\u00e9 efektivit\u011b a produktivit\u011b stavebn\u00edch a t\u011b\u017ek\u00fdch stroj\u016f.<\/p>\n<p><img decoding=\"async\" src=\"https:\/\/www.hydraulic-cylinders.net\/wp-content\/uploads\/2025\/04\/songte-company-1.webp\" alt=\"Obr\u00e1zek v\u00e1lce v\u00fdlo\u017en\u00edku\"><\/p>\n<h2>Vlastnosti v\u00e1lce v\u00fdlo\u017en\u00edku<\/h2>\n<ul>\n<li><strong>Vysok\u00e1 pevnost a trvanlivost:<\/strong> V\u00e1lec v\u00fdlo\u017en\u00edku je vyroben z vysokopevnostn\u00ed oceli nebo hlin\u00edku a je konstruov\u00e1n tak, aby odolal vysok\u00e9mu tlaku a velk\u00e9mu zat\u00ed\u017een\u00ed. Jeho konstrukce zohled\u0148uje odolnost proti opot\u0159eben\u00ed a korozi, co\u017e prodlu\u017euje jeho \u017eivotnost.<\/li>\n<li><strong>Efektivn\u00ed hydraulick\u00fd provoz:<\/strong> V\u00e1lec vyu\u017e\u00edv\u00e1 tlak hydraulick\u00e9 kapaliny k plynul\u00e9mu vysouv\u00e1n\u00ed a zasouv\u00e1n\u00ed. Rychle reaguje na povely obsluhy a poskytuje zna\u010dnou s\u00edlu pro tla\u010den\u00ed a tah, d\u00edky \u010demu\u017e je vhodn\u00fd pro zvl\u00e1d\u00e1n\u00ed t\u011b\u017ek\u00fdch a slo\u017eit\u00fdch \u00fakol\u016f.<\/li>\n<li><strong>R\u016fzn\u00e9 typy:<\/strong> V\u00e1lec v\u00fdlo\u017en\u00edku je k dispozici v r\u016fzn\u00fdch konfigurac\u00edch, v\u010detn\u011b jedno\u010dinn\u00fdch (funguj\u00edc\u00edch v jednom sm\u011bru) nebo dvoj\u010dinn\u00fdch (funguj\u00edc\u00edch v obou sm\u011brech) model\u016f. N\u011bkter\u00e9 verze jsou teleskopick\u00e9, co\u017e umo\u017e\u0148uje v\u011bt\u0161\u00ed vysunut\u00ed bez zv\u011bt\u0161en\u00ed vn\u011bj\u0161\u00edch rozm\u011br\u016f, ide\u00e1ln\u00ed pro omezen\u00e9 prostory.<\/li>\n<\/ul>\n<p>Na\u0161e spole\u010dnost se specializuje na v\u00fdrobu tohoto produktu a nab\u00edz\u00ed perfektn\u00ed alternativu ke st\u00e1vaj\u00edc\u00edm hydraulick\u00fdm v\u00e1lc\u016fm.<\/p>\n<p><img decoding=\"async\" src=\"https:\/\/www.hydraulic-cylinders.net\/wp-content\/uploads\/2025\/04\/songte-cylinder-head-with-all-kinds-excavator-models.webp\" alt=\"Obr\u00e1zek model\u016f bagr\u016f\"><\/p>\n<h2>Aplikace v\u00e1lce v\u00fdlo\u017en\u00edku<\/h2>\n<h3>Stavebn\u00ed stroje<\/h3>\n<p>Ve stavebn\u00edch stroj\u00edch je v\u00e1lec v\u00fdlo\u017en\u00edku z\u00e1sadn\u00ed pro rypadla, proto\u017ee usnad\u0148uje kop\u00e1n\u00ed, nakl\u00e1d\u00e1n\u00ed a p\u0159epravu zeminy nebo suti. Efektivn\u00ed ovl\u00e1d\u00e1n\u00ed v\u00fdlo\u017en\u00edku umo\u017e\u0148uje obsluze plnit \u00fakoly rychleji a s v\u011bt\u0161\u00ed p\u0159esnost\u00ed, co\u017e zvy\u0161uje celkovou produktivitu na staveni\u0161t\u00edch. U rypadlo-naklada\u010d\u016f pom\u00e1h\u00e1 v\u00e1lec v\u00fdlo\u017en\u00edku jak p\u0159i v\u00fdkopov\u00fdch, tak i p\u0159i zved\u00e1n\u00ed, co\u017e prokazuje jeho v\u0161estrannost a efektivitu v r\u016fzn\u00fdch projektech.<\/p>\n<h3>Zem\u011bd\u011blsk\u00e9 stroje<\/h3>\n<p>U \u010deln\u00edch naklada\u010d\u016f se v\u00e1lce v\u00fdlo\u017en\u00edku pou\u017e\u00edvaj\u00ed k nab\u00edr\u00e1n\u00ed, zved\u00e1n\u00ed a p\u0159eprav\u011b materi\u00e1l\u016f, jako je p\u016fda, seno a dal\u0161\u00ed zem\u011bd\u011blsk\u00e9 produkty. Jejich robustn\u00ed konstrukce jim umo\u017e\u0148uje provoz v n\u00e1ro\u010dn\u00fdch podm\u00ednk\u00e1ch a zaji\u0161\u0165uje efektivn\u00ed prov\u00e1d\u011bn\u00ed \u00fakol\u016f, jako je p\u0159\u00edprava pole a p\u0159eprava materi\u00e1lu.<\/p>\n<h3>Bagry<\/h3>\n<p>U tradi\u010dn\u00edch rypadel umo\u017e\u0148uje v\u00e1lec v\u00fdlo\u017en\u00edku l\u017e\u00edci efektivn\u00ed pronik\u00e1n\u00ed do zem\u011b, co\u017e usnad\u0148uje proces kop\u00e1n\u00ed. Tato funkce je kl\u00ed\u010dov\u00e1 v r\u016fzn\u00fdch aplikac\u00edch, v\u010detn\u011b ter\u00e9nn\u00edch \u00faprav, kop\u00e1n\u00ed z\u00e1klad\u016f a p\u0159\u00edpravy staveni\u0161t\u011b, kde jsou p\u0159esnost a pevnost prvo\u0159ad\u00e9.<\/p>\n<h3>Naklada\u010de<\/h3>\n<p>U \u010deln\u00edch naklada\u010d\u016f pom\u00e1haj\u00ed v\u00e1lce v\u00fdlo\u017en\u00edku efektivn\u011b zvedat a vykl\u00e1p\u011bt b\u0159emena. Jejich schopnost poskytovat zna\u010dnou zvedac\u00ed s\u00edlu zjednodu\u0161uje proces p\u0159epravy materi\u00e1l\u016f, co\u017e vede ke zlep\u0161en\u00ed pracovn\u00edho postupu a provozn\u00ed efektivity p\u0159i stavebn\u00edch a ter\u00e9nn\u00edch prac\u00edch.<\/p>\n<h2>Konstruk\u010dn\u00ed aspekty a krit\u00e9ria v\u00fdb\u011bru<\/h2>\n<h3>Nosnost<\/h3>\n<p>Nosnost v\u00e1lce v\u00fdlo\u017en\u00edku je kritick\u00fdm konstruk\u010dn\u00edm hlediskem. Mus\u00ed b\u00fdt navr\u017een tak, aby zvl\u00e1dl maxim\u00e1ln\u00ed o\u010dek\u00e1van\u00e9 zat\u00ed\u017een\u00ed a z\u00e1rove\u0148 zachoval bezpe\u010dnost a spolehlivost. V\u00fdb\u011br materi\u00e1lu, konstruk\u010dn\u00ed geometrie a celkov\u00e1 konstrukce mus\u00ed odr\u00e1\u017eet zam\u00fd\u0161len\u00e9 pou\u017eit\u00ed a po\u017eadovanou pevnost, aby bylo zaji\u0161t\u011bno, \u017ee v\u00e1lec bude fungovat efektivn\u011b za r\u016fzn\u00fdch podm\u00ednek.<\/p>\n<h3>T\u011bsn\u011bn\u00ed<\/h3>\n<p>\u00da\u010dinn\u00e9 t\u011bsn\u011bn\u00ed je nezbytn\u00e9 pro udr\u017een\u00ed hydraulick\u00e9ho tlaku a prevenci \u00faniku kapaliny. Konstrukce mus\u00ed zahrnovat vysoce kvalitn\u00ed t\u011bsn\u011bn\u00ed, kter\u00e1 odol\u00e1vaj\u00ed provozn\u00edm tlak\u016fm a podm\u00ednk\u00e1m prost\u0159ed\u00ed. Pravideln\u00e9 kontroly a \u00fadr\u017eba t\u011bchto t\u011bsn\u011bn\u00ed jsou nezbytn\u00e9 pro zaji\u0161t\u011bn\u00ed optim\u00e1ln\u00edho v\u00fdkonu a dlouh\u00e9 \u017eivotnosti v\u00e1lce.<\/p>\n<h3>Trvanlivost<\/h3>\n<p>Trvanlivost je z\u00e1kladn\u00edm aspektem konstrukce v\u00e1lce v\u00fdlo\u017en\u00edku. M\u011bl by b\u00fdt odoln\u00fd v\u016f\u010di opot\u0159eben\u00ed a korozi, zejm\u00e9na p\u0159i pou\u017eit\u00ed v n\u00e1ro\u010dn\u00fdch podm\u00ednk\u00e1ch. Volba materi\u00e1l\u016f a ochrann\u00fdch povlak\u016f hraje v\u00fdznamnou roli v prodlou\u017een\u00ed \u017eivotnosti v\u00e1lce a sn\u00ed\u017een\u00ed n\u00e1klad\u016f na \u00fadr\u017ebu.<\/p>\n<h3>Bezpe\u010dnost<\/h3>\n<p>Bezpe\u010dnost je p\u0159i n\u00e1vrhu v\u00e1lce v\u00fdlo\u017en\u00edku prvo\u0159ad\u00e1. In\u017een\u00fd\u0159i mus\u00ed zv\u00e1\u017eit potenci\u00e1ln\u00ed poruchy a za\u010dlenit bezpe\u010dnostn\u00ed prvky ke zm\u00edrn\u011bn\u00ed rizik. Pro zaji\u0161t\u011bn\u00ed bezpe\u010dn\u00e9ho provozu jsou nezbytn\u00e9 tak\u00e9 \u0159\u00e1dn\u00e9 pokyny pro \u00fadr\u017ebu a \u0161kolen\u00ed u\u017eivatel\u016f, kter\u00e9 pom\u00e1haj\u00ed p\u0159edch\u00e1zet nehod\u00e1m a po\u0161kozen\u00ed za\u0159\u00edzen\u00ed.<\/p>\n<h3>Udr\u017eovatelnost<\/h3>\n<p>P\u0159i n\u00e1vrhu by se m\u011blo db\u00e1t tak\u00e9 na \u00fadr\u017ebu v\u00e1lce v\u00fdlo\u017en\u00edku. To zahrnuje snadn\u00fd p\u0159\u00edstup pro kontroly, \u00fadr\u017ebu a opravy. Konstrukce, kter\u00e1 usnad\u0148uje v\u00fdm\u011bnu opot\u0159ebovan\u00fdch d\u00edl\u016f, m\u016f\u017ee v\u00fdrazn\u011b zkr\u00e1tit prostoje a zlep\u0161it efektivitu provozu.<\/p>\n<p><img decoding=\"async\" src=\"https:\/\/www.hydraulic-cylinders.net\/wp-content\/uploads\/2025\/04\/songte-oil-pipes-and-spare-parts.webp\" alt=\"Obr\u00e1zek hydraulick\u00fdch d\u00edl\u016f\"><\/p>\n<h2>T\u011bsn\u011bn\u00ed a maz\u00e1n\u00ed<\/h2>\n<p>\u00da\u010dinn\u00e9 t\u011bsn\u011bn\u00ed a maz\u00e1n\u00ed jsou kl\u00ed\u010dov\u00e9 pro v\u00fdkon v\u00e1lce v\u00fdlo\u017en\u00edku. K zabr\u00e1n\u011bn\u00ed \u00faniku hydraulick\u00e9 kapaliny se pou\u017e\u00edvaj\u00ed r\u016fzn\u00e9 t\u011bsnic\u00ed prvky, jako jsou t\u011bsn\u011bn\u00ed p\u00edst\u016f a p\u00edstnic. T\u011bsn\u011bn\u00ed vyroben\u00e1 z odoln\u00fdch materi\u00e1l\u016f, jako je polyuretan a nitrilov\u00e1 pry\u017e, jsou up\u0159ednost\u0148ov\u00e1na kv\u016fli jejich vynikaj\u00edc\u00ed odolnosti proti opot\u0159eben\u00ed. Povrchy t\u011blesa v\u00e1lce a z\u00e1vitov\u00fdch konc\u016f proch\u00e1zej\u00ed jemn\u00fdm opracov\u00e1n\u00edm pro zv\u00fd\u0161en\u00ed odolnosti.<\/p>\n<p>Pravideln\u00e9 maz\u00e1n\u00ed hydraulick\u00fdm olejem je nav\u00edc nezbytn\u00e9 pro zaji\u0161t\u011bn\u00ed plynul\u00e9ho provozu a minimalizaci opot\u0159eben\u00ed. Obsluha by m\u011bla b\u00fdt pro\u0161kolena v d\u016fle\u017eitosti udr\u017eov\u00e1n\u00ed spr\u00e1vn\u00e9 hladiny oleje a pou\u017e\u00edv\u00e1n\u00ed vhodn\u00fdch typ\u016f hydraulick\u00fdch kapalin pro optim\u00e1ln\u00ed v\u00fdkon v\u00e1lc\u016f.<\/p>\n<h2>Pravideln\u00e1 kontrola a preventivn\u00ed \u00fadr\u017eba<\/h2>\n<ul>\n<li><strong>Pravideln\u00e9 kontroly:<\/strong> Prov\u00e1d\u011bjte pravideln\u00e9 kontroly v\u00e1lce v\u00fdlo\u017en\u00edku, zda nevykazuje zn\u00e1mky opot\u0159eben\u00ed, net\u011bsnosti nebo po\u0161kozen\u00ed. Je t\u0159eba okam\u017eit\u011b p\u0159ijmout opat\u0159en\u00ed k \u0159e\u0161en\u00ed v\u0161ech probl\u00e9m\u016f zji\u0161t\u011bn\u00fdch b\u011bhem kontrol, aby se zabr\u00e1nilo dal\u0161\u00edmu po\u0161kozen\u00ed.<\/li>\n<li><strong>Spr\u00e1vn\u00e9 maz\u00e1n\u00ed:<\/strong> Zajist\u011bte, aby byl hydraulick\u00fd syst\u00e9m dostate\u010dn\u011b maz\u00e1n podle specifikac\u00ed v\u00fdrobce. To zahrnuje kontrolu hladiny oleje a v\u00fdm\u011bnu kapalin dle pot\u0159eby pro udr\u017een\u00ed v\u00fdkonu.<\/li>\n<li><strong>V\u00fdm\u011bna t\u011bsn\u011bn\u00ed:<\/strong> Sledujte opot\u0159eben\u00ed t\u011bsn\u011bn\u00ed a v p\u0159\u00edpad\u011b pot\u0159eby je vym\u011b\u0148te, abyste zabr\u00e1nili \u00faniku hydraulick\u00e9 kapaliny. Pravideln\u00e9 kontroly t\u011bsn\u011bn\u00ed jsou z\u00e1sadn\u00ed pro zachov\u00e1n\u00ed integrity hydraulick\u00e9ho syst\u00e9mu.<\/li>\n<\/ul>\n<h2>Pokyny pro spr\u00e1vnou instalaci<\/h2>\n<p>Spr\u00e1vn\u00e1 instalace v\u00e1lce v\u00fdlo\u017en\u00edku je z\u00e1sadn\u00ed pro zaji\u0161t\u011bn\u00ed jeho funk\u010dnosti a dlouh\u00e9 \u017eivotnosti. Za\u010dn\u011bte pe\u010dliv\u00fdm srovn\u00e1n\u00edm v\u00e1lce s mont\u00e1\u017en\u00edmi body a ujist\u011bte se, \u017ee je \u0159\u00e1dn\u011b podep\u0159en vhodn\u00fdmi konzolami. Nespr\u00e1vn\u00e9 srovn\u00e1n\u00ed m\u016f\u017ee v\u00e9st k p\u0159ed\u010dasn\u00e9mu opot\u0159eben\u00ed a potenci\u00e1ln\u00edmu selh\u00e1n\u00ed v\u00e1lce.<\/p>\n<p>B\u011bhem instalace je nezbytn\u00e9 dodr\u017eovat pokyny v\u00fdrobce, v\u010detn\u011b specifikac\u00ed utahovac\u00edho momentu pro \u0161rouby a spoje. Po instalaci prove\u010fte d\u016fkladnou kontrolu, abyste ov\u011b\u0159ili, zda jsou v\u0161echny komponenty bezpe\u010dn\u00e9 a spr\u00e1vn\u011b zarovnan\u00e9. Po instalaci by m\u011bl b\u00fdt hydraulick\u00fd syst\u00e9m napln\u011bn doporu\u010den\u00fdm olejem a syst\u00e9m by m\u011bl b\u00fdt odvzdu\u0161n\u011bn, aby byl zaji\u0161t\u011bn optim\u00e1ln\u00ed provoz.<\/p>\n<h2>B\u011b\u017en\u00e9 \u00fakoly \u00fadr\u017eby<\/h2>\n<ul>\n<li><strong>Pravideln\u00e9 kontroly:<\/strong> Prov\u00e1d\u011bn\u00ed pravideln\u00fdch kontrol umo\u017e\u0148uje obsluze identifikovat potenci\u00e1ln\u00ed probl\u00e9my d\u0159\u00edve, ne\u017e se vyhrot\u00ed. Zkontrolujte hydraulick\u00e9 potrub\u00ed, t\u011bsn\u011bn\u00ed a spoje, zda nevykazuj\u00ed zn\u00e1mky opot\u0159eben\u00ed nebo po\u0161kozen\u00ed.<\/li>\n<li><strong>Vhodn\u00e9 maz\u00e1n\u00ed:<\/strong> Udr\u017eov\u00e1n\u00ed spr\u00e1vn\u00e9ho maz\u00e1n\u00ed je z\u00e1sadn\u00ed pro hladk\u00fd chod v\u00e1lce v\u00fdlo\u017en\u00edku. Pou\u017e\u00edvejte spr\u00e1vn\u00fd typ hydraulick\u00e9ho oleje a ujist\u011bte se, \u017ee je jeho hladina dostate\u010dn\u00e1.<\/li>\n<li><strong>V\u00fdm\u011bna t\u011bsn\u011bn\u00ed a kontroly kalibrace:<\/strong> Pravideln\u011b kontrolujte opot\u0159eben\u00ed t\u011bsn\u011bn\u00ed a v p\u0159\u00edpad\u011b pot\u0159eby je vym\u011b\u0148te. Kalibra\u010dn\u00ed kontroly nav\u00edc zaji\u0161\u0165uj\u00ed, aby v\u00e1lec fungoval v r\u00e1mci stanoven\u00fdch parametr\u016f, \u010d\u00edm\u017e se p\u0159edch\u00e1z\u00ed nesouososti a provozn\u00ed neefektivnosti.<\/li>\n<\/ul>\n<p>B\u011bhem instalace je kl\u00ed\u010dov\u00e9 spr\u00e1vn\u00e9 vyrovn\u00e1n\u00ed v\u00e1lce. Pro pevn\u00e9 upevn\u011bn\u00ed v\u00e1lce se doporu\u010duje pou\u017e\u00edt vhodn\u00e9 mont\u00e1\u017en\u00ed konzoly. Spr\u00e1vn\u00e9 specifikace utahovac\u00edho momentu b\u011bhem instalace tak\u00e9 p\u0159isp\u00edvaj\u00ed k dlouhodob\u00e9 funk\u010dnosti v\u00e1lce. Pravideln\u00e1 \u00fadr\u017eba, v\u010detn\u011b kontrol a v\u010dasn\u00fdch oprav, je nezbytn\u00e1 pro prodlou\u017een\u00ed \u017eivotnosti v\u00e1lce v\u00fdlo\u017en\u00edku.<\/p>\n<p><img decoding=\"async\" src=\"https:\/\/www.hydraulic-cylinders.net\/wp-content\/uploads\/2025\/04\/songte-chushion-collar.webp\" alt=\"Obr\u00e1zek pol\u0161t\u00e1\u0159ov\u00e9ho l\u00edmce\"><\/p>\n<h2>Bezpe\u010dnostn\u00ed aspekty a faktory prost\u0159ed\u00ed<\/h2>\n<p>P\u0159i pou\u017e\u00edv\u00e1n\u00ed v\u00e1lce v\u00fdlo\u017en\u00edku jsou bezpe\u010dnostn\u00ed opat\u0159en\u00ed prvo\u0159ad\u00e1. Obsluha by m\u011bla b\u00fdt pro\u0161kolena ve spr\u00e1vn\u00fdch technik\u00e1ch manipulace, aby se minimalizovalo riziko nehod. Dodr\u017eov\u00e1n\u00ed bezpe\u010dnostn\u00edch protokol\u016f, jako je no\u0161en\u00ed ochrann\u00fdch pom\u016fcek a dodr\u017eov\u00e1n\u00ed provozn\u00edch pokyn\u016f, je nezbytn\u00e9 pro prevenci zran\u011bn\u00ed b\u011bhem provozu.<\/p>\n<h2>Odstra\u0148ov\u00e1n\u00ed probl\u00e9m\u016f a b\u011b\u017en\u00e9 probl\u00e9my<\/h2>\n<ul>\n<li><strong>\u00danik kapaliny:<\/strong> Pokud zjist\u00edte \u00faniky hydraulick\u00e9 kapaliny, zkontrolujte opot\u0159eben\u00ed t\u011bsn\u011bn\u00ed a spoj\u016f. Vym\u011b\u0148te po\u0161kozen\u00e9 sou\u010d\u00e1sti, abyste obnovili funk\u010dnost.<\/li>\n<li><strong>\u0160patn\u00fd v\u00fdkon:<\/strong> Pokud v\u00e1lec v\u00fdlo\u017en\u00edku nereaguje efektivn\u011b, zkontrolujte, zda v hydraulick\u00e9m syst\u00e9mu nen\u00ed vzduch nebo zda nen\u00ed dostate\u010dn\u00e1 hladina kapalin. Odvzdu\u0161n\u011bte syst\u00e9m a v p\u0159\u00edpad\u011b pot\u0159eby dopl\u0148te kapaliny.<\/li>\n<li><strong>Hlu\u010dn\u00fd provoz:<\/strong> Neobvykl\u00e9 zvuky mohou nazna\u010dovat vnit\u0159n\u00ed opot\u0159eben\u00ed nebo nedostate\u010dn\u00e9 maz\u00e1n\u00ed. Pravideln\u00e1 \u00fadr\u017eba a maz\u00e1n\u00ed mohou pomoci tyto probl\u00e9my zm\u00edrnit.<\/li>\n<\/ul>\n<p>Aby bylo mo\u017en\u00e9 efektivn\u011b diagnostikovat a \u0159e\u0161it probl\u00e9my s v\u00e1lcem v\u00fdlo\u017en\u00edku, m\u011bli by oper\u00e1to\u0159i v\u00e9st z\u00e1znamy o v\u00fdkonu a v\u0161ech anom\u00e1li\u00edch. Tato dokumentace m\u016f\u017ee pomoci p\u0159i \u0159e\u0161en\u00ed probl\u00e9m\u016f a poskytnout informace o preventivn\u00edch opat\u0159en\u00edch k minimalizaci budouc\u00edch probl\u00e9m\u016f.<\/p>\n<p><img decoding=\"async\" src=\"https:\/\/www.hydraulic-cylinders.net\/wp-content\/uploads\/2025\/04\/songte-bushings-with-all-kinds-of-excavator-models.webp\" alt=\"Obr\u00e1zek pouzder\"><\/p>\n<h2>O na\u0161\u00ed spole\u010dnosti<\/h2>\n<p>Jsme p\u0159edn\u00edm v\u00fdrobcem a velkoobchodn\u00edkem n\u00e1hradn\u00edch hydraulick\u00fdch v\u00e1lc\u016f, uzn\u00e1van\u00fdm na dom\u00e1c\u00edm i mezin\u00e1rodn\u00edm trhu. N\u00e1\u0161 sortiment je rozs\u00e1hl\u00fd a klademe d\u016fraz na vynikaj\u00edc\u00ed kvalitu. Vyu\u017e\u00edv\u00e1me zdokonalen\u00e9 v\u00fdrobn\u00ed d\u00edlny a strategie \u0159\u00edzen\u00ed pr\u016fmyslov\u00e9 v\u00fdroby k neust\u00e1l\u00e9mu zdokonalov\u00e1n\u00ed na\u0161ich v\u00fdrobn\u00edch platforem.<\/p>\n<p>Se zam\u011b\u0159en\u00edm na technologick\u00fd pokrok pou\u017e\u00edv\u00e1me \u0161pi\u010dkov\u00e9 v\u00fdrobn\u00ed za\u0159\u00edzen\u00ed a specializovan\u00e9 testovac\u00ed syst\u00e9my ke zlep\u0161en\u00ed kvality v\u00fdroby. Na\u0161e siln\u00e9 inovativn\u00ed schopnosti n\u00e1m umo\u017e\u0148uj\u00ed uspokojovat rozmanit\u00e9 pot\u0159eby z\u00e1kazn\u00edk\u016f a zajistit vysokou efektivitu, p\u0159esnost a kvalitu na\u0161ich produkt\u016f.<\/p>\n<p>N\u00e1\u0161 z\u00e1vazek k profesionalit\u011b, mezin\u00e1rodn\u00edm certifikac\u00edm, slu\u017eb\u00e1m na m\u00edru, modern\u00edmu v\u00fdrobn\u00edmu vybaven\u00ed a poprodejn\u00ed podpo\u0159e d\u00e1le upev\u0148uje na\u0161i reputaci v oboru.<\/p>\n<p><img decoding=\"async\" src=\"https:\/\/www.hydraulic-cylinders.net\/wp-content\/uploads\/2025\/04\/songte-company-4.webp\" alt=\"Obr\u00e1zek spole\u010dnosti 1\"><br \/>\n<img decoding=\"async\" src=\"https:\/\/www.hydraulic-cylinders.net\/wp-content\/uploads\/2025\/04\/songte-company-3.webp\" alt=\"Obr\u00e1zek spole\u010dnosti 2\"><\/p>\n<p>Autor: lyl<\/p>","protected":false},"excerpt":{"rendered":"<p>Boom Cylinder For Zoomlion Middle Excavator ZE230ELR Introduction to the Boom Cylinder The Boom Cylinder is a crucial component specifically designed for heavy machinery, particularly the Zoomlion Middle Excavator ZE230ELR. This hydraulic cylinder plays an essential role in controlling the movement of the excavator&#8217;s boom, enabling it to lift, lower, and tilt effectively. As a [&hellip;]<\/p>","protected":false},"featured_media":17874,"comment_status":"open","ping_status":"closed","template":"","meta":{"_et_pb_use_builder":"","_et_pb_old_content":"","_et_gb_content_width":""},"product_brand":[],"product_cat":[1546],"product_tag":[1547,1496],"class_list":{"0":"post-19218","1":"product","2":"type-product","3":"status-publish","4":"has-post-thumbnail","6":"product_cat-boom-cylinders","7":"product_tag-boom-cylinders","8":"product_tag-hydraulic-cylinders","10":"first","11":"instock","12":"shipping-taxable","13":"product-type-simple"},"amp_enabled":true,"_links":{"self":[{"href":"https:\/\/www.hydraulic-cylinders.net\/cs\/wp-json\/wp\/v2\/product\/19218","targetHints":{"allow":["GET"]}}],"collection":[{"href":"https:\/\/www.hydraulic-cylinders.net\/cs\/wp-json\/wp\/v2\/product"}],"about":[{"href":"https:\/\/www.hydraulic-cylinders.net\/cs\/wp-json\/wp\/v2\/types\/product"}],"replies":[{"embeddable":true,"href":"https:\/\/www.hydraulic-cylinders.net\/cs\/wp-json\/wp\/v2\/comments?post=19218"}],"wp:featuredmedia":[{"embeddable":true,"href":"https:\/\/www.hydraulic-cylinders.net\/cs\/wp-json\/wp\/v2\/media\/17874"}],"wp:attachment":[{"href":"https:\/\/www.hydraulic-cylinders.net\/cs\/wp-json\/wp\/v2\/media?parent=19218"}],"wp:term":[{"taxonomy":"product_brand","embeddable":true,"href":"https:\/\/www.hydraulic-cylinders.net\/cs\/wp-json\/wp\/v2\/product_brand?post=19218"},{"taxonomy":"product_cat","embeddable":true,"href":"https:\/\/www.hydraulic-cylinders.net\/cs\/wp-json\/wp\/v2\/product_cat?post=19218"},{"taxonomy":"product_tag","embeddable":true,"href":"https:\/\/www.hydraulic-cylinders.net\/cs\/wp-json\/wp\/v2\/product_tag?post=19218"}],"curies":[{"name":"wp","href":"https:\/\/api.w.org\/{rel}","templated":true}]}}