{"id":19226,"date":"2025-04-07T06:19:05","date_gmt":"2025-04-07T06:19:05","guid":{"rendered":"https:\/\/www.hydraulic-cylinders.net\/product\/boom-cylinder-for-zoomlion-large-excavator-ze480esp\/"},"modified":"2025-04-07T06:19:07","modified_gmt":"2025-04-07T06:19:07","slug":"boom-cylinder-for-zoomlion-large-excavator-ze480esp","status":"publish","type":"product","link":"https:\/\/www.hydraulic-cylinders.net\/cs\/produkt\/boom-cylinder-for-zoomlion-large-excavator-ze480esp\/","title":{"rendered":"V\u00e1lec v\u00fdlo\u017en\u00edku pro velk\u00e9 rypadlo Zoomlion ZE480ESP"},"content":{"rendered":"<h1>V\u00e1lec v\u00fdlo\u017en\u00edku pro velk\u00e9 rypadlo Zoomlion ZE480ESP<\/h1>\n<h2>\u00davod k v\u00e1lci v\u00fdlo\u017en\u00edku<\/h2>\n<p>Hydraulick\u00fd v\u00e1lec v\u00fdlo\u017en\u00edku je kl\u00ed\u010dovou sou\u010d\u00e1st\u00ed velk\u00fdch rypadel, speci\u00e1ln\u011b navr\u017eenou pro model Zoomlion ZE480ESP. Tento hydraulick\u00fd v\u00e1lec hraje kl\u00ed\u010dovou roli v \u0159\u00edzen\u00ed pohybu v\u00fdlo\u017en\u00edku rypadla a umo\u017e\u0148uje mu efektivn\u00ed zved\u00e1n\u00ed, spou\u0161t\u011bn\u00ed a nakl\u00e1p\u011bn\u00ed. Vyu\u017eit\u00edm hydraulick\u00e9ho tlaku umo\u017e\u0148uje v\u00e1lec v\u00fdlo\u017en\u00edku p\u0159esnou manipulaci s t\u011b\u017ek\u00fdmi b\u0159emeny, co\u017e z n\u011bj \u010din\u00ed nezbytnou sou\u010d\u00e1st manipulace s materi\u00e1lem ve stavebnictv\u00ed a v\u00fdkopov\u00fdch prac\u00edch.<\/p>\n<p><img decoding=\"async\" src=\"https:\/\/www.hydraulic-cylinders.net\/wp-content\/uploads\/2025\/04\/songte-company-1.webp\" alt=\"Obr\u00e1zek v\u00e1lce v\u00fdlo\u017en\u00edku\"><\/p>\n<h2>Vlastnosti v\u00e1lce v\u00fdlo\u017en\u00edku<\/h2>\n<ul>\n<li><strong>Vysok\u00e1 pevnost a trvanlivost:<\/strong> V\u00e1lec v\u00fdlo\u017en\u00edku je vyroben z vysokopevnostn\u00ed oceli nebo hlin\u00edku a je navr\u017een tak, aby odolal vysok\u00e9mu tlaku a velk\u00e9mu zat\u00ed\u017een\u00ed. Je navr\u017een tak, aby odolal n\u00e1ro\u010dn\u00fdm pracovn\u00edm podm\u00ednk\u00e1m a z\u00e1rove\u0148 byl odoln\u00fd v\u016f\u010di opot\u0159eben\u00ed a korozi, \u010d\u00edm\u017e se prodlu\u017euje jeho \u017eivotnost.<\/li>\n<li><strong>Efektivn\u00ed hydraulick\u00fd provoz:<\/strong> Tento v\u00e1lec vyu\u017e\u00edv\u00e1 hydraulick\u00fd tlak oleje pro plynul\u00e9 vysouv\u00e1n\u00ed a zasouv\u00e1n\u00ed. Rychle reaguje na ovl\u00e1dac\u00ed povely a poskytuje robustn\u00ed funkce pro tla\u010den\u00ed a tah\u00e1n\u00ed, ide\u00e1ln\u00ed pro manipulaci s t\u011b\u017ek\u00fdmi p\u0159edm\u011bty a slo\u017eit\u00e9 \u00fakoly.<\/li>\n<li><strong>R\u016fzn\u00e9 typy:<\/strong> V\u00e1lec v\u00fdlo\u017en\u00edku je k dispozici v jedno\u010dinn\u00e9m (funguje v jednom sm\u011bru) nebo dvoj\u010dinn\u00e9m (funguje v obou sm\u011brech) proveden\u00ed. N\u011bkter\u00e9 modely jsou teleskopick\u00e9, co\u017e umo\u017e\u0148uje v\u011bt\u0161\u00ed vysunut\u00ed bez zv\u011bt\u0161en\u00ed vn\u011bj\u0161\u00edch rozm\u011br\u016f, co\u017e je ide\u00e1ln\u00ed pro aplikace s omezen\u00fdm prostorem.<\/li>\n<li><strong>P\u0159esn\u00e9 stroj\u00edrenstv\u00ed:<\/strong> Ka\u017ed\u00fd v\u00e1lec je vyroben s pe\u010dlivou pozornost\u00ed k detailu, co\u017e zaji\u0161\u0165uje kompatibilitu s r\u016fzn\u00fdmi modely bagr\u016f a provozn\u00ed efektivitu.<\/li>\n<li><strong>Zak\u00e1zkov\u00e1 v\u00fdroba:<\/strong> Specializujeme se na v\u00fdrobu v\u00e1lc\u016f v\u00fdlo\u017en\u00edku, kter\u00e9 dokonale nahrazuj\u00ed st\u00e1vaj\u00edc\u00ed hydraulick\u00e9 v\u00e1lce a zaji\u0161\u0165uj\u00ed tak bezprobl\u00e9movou integraci do va\u0161ich stroj\u016f.<\/li>\n<\/ul>\n<p><img decoding=\"async\" src=\"https:\/\/www.hydraulic-cylinders.net\/wp-content\/uploads\/2025\/04\/songte-cylinder-head-with-all-kinds-excavator-models.webp\" alt=\"Obr\u00e1zek v\u00fdm\u011bny v\u00e1lce v\u00fdlo\u017en\u00edku\"><\/p>\n<h2>Sc\u00e9n\u00e1\u0159e aplikac\u00ed<\/h2>\n<h3>Stavebn\u00ed stroje<\/h3>\n<p>Na staveni\u0161t\u00edch se v\u00e1lce v\u00fdlo\u017en\u00edku nach\u00e1zej\u00ed v bagrech, kde jsou nezbytn\u00e9 pro kop\u00e1n\u00ed, nakl\u00e1d\u00e1n\u00ed a p\u0159emis\u0165ov\u00e1n\u00ed zeminy nebo suti. U rypadlo-naklada\u010d\u016f pom\u00e1h\u00e1 v\u00e1lec kore\u010dkov\u00e9ho ramene p\u0159i v\u00fdkopov\u00fdch i zved\u00e1n\u00ed a poskytuje pot\u0159ebnou s\u00edlu pro efektivn\u00ed dokon\u010den\u00ed projekt\u016f.<\/p>\n<h3>Zem\u011bd\u011blsk\u00e9 stroje<\/h3>\n<p>U \u010deln\u00edch naklada\u010d\u016f usnad\u0148uj\u00ed v\u00e1lce v\u00fdlo\u017en\u00edku nab\u00edr\u00e1n\u00ed, zved\u00e1n\u00ed a p\u0159epravu zeminy, sena a dal\u0161\u00edch materi\u00e1l\u016f. Jejich \u00fa\u010dinnost zaji\u0161\u0165uje rychl\u00e9 a efektivn\u00ed prov\u00e1d\u011bn\u00ed zem\u011bd\u011blsk\u00fdch \u00fakol\u016f, co\u017e zvy\u0161uje produktivitu na farm\u00e1ch.<\/p>\n<h3>Bagry<\/h3>\n<p>V\u00e1lec v\u00fdlo\u017en\u00edku umo\u017e\u0148uje rypadl\u016fm efektivn\u011b pronikat do p\u016fdy a dosahovat hlubok\u00fdch kopac\u00edch akc\u00ed, kter\u00e9 jsou nezbytn\u00e9 pro r\u016fzn\u00e9 stavebn\u00ed projekty. Jejich konstrukce zaji\u0161\u0165uje optim\u00e1ln\u00ed v\u00fdkon b\u011bhem v\u00fdkopov\u00fdch prac\u00ed a umo\u017e\u0148uje obsluze maximalizovat jejich produktivitu.<\/p>\n<h3>Naklada\u010de<\/h3>\n<p>U naklada\u010d\u016f jsou v\u00e1lce v\u00fdlo\u017en\u00edku zodpov\u011bdn\u00e9 za efektivn\u00ed zved\u00e1n\u00ed a vykl\u00e1p\u011bn\u00ed b\u0159emen. Jejich robustn\u00ed konstrukce zaji\u0161\u0165uje snadnou manipulaci s t\u011b\u017ek\u00fdmi materi\u00e1ly, co\u017e umo\u017e\u0148uje efektivn\u00ed p\u0159epravu a likvidaci materi\u00e1l\u016f na staveni\u0161ti.<\/p>\n<h2>Konstruk\u010dn\u00ed aspekty a krit\u00e9ria v\u00fdb\u011bru<\/h2>\n<h3>Nosnost<\/h3>\n<p>P\u0159i v\u00fdb\u011bru v\u00e1lce v\u00fdlo\u017en\u00edku je t\u0159eba zv\u00e1\u017eit jeho nosnost. Je nezbytn\u00e9, aby v\u00e1lec odolal maxim\u00e1ln\u00edmu zat\u00ed\u017een\u00ed, kter\u00e9mu bude b\u011bhem provozu vystaven. To nejen zaji\u0161\u0165uje bezpe\u010dnost, ale tak\u00e9 zvy\u0161uje \u00fa\u010dinnost a \u017eivotnost za\u0159\u00edzen\u00ed. Dob\u0159e navr\u017een\u00fd v\u00e1lec zvl\u00e1d\u00e1 dynamick\u00e9 zat\u00ed\u017een\u00ed a zaji\u0161\u0165uje stabilitu po celou dobu provozu.<\/p>\n<h3>T\u011bsn\u011bn\u00ed<\/h3>\n<p>\u00da\u010dinn\u00e9 ut\u011bsn\u011bn\u00ed je z\u00e1sadn\u00ed pro udr\u017een\u00ed hydraulick\u00e9ho tlaku ve v\u00e1lci. V\u00fdb\u011br vysoce kvalitn\u00edch t\u011bsn\u011bn\u00ed, jako jsou p\u00edstn\u00ed a p\u00edstn\u00ed t\u011bsn\u011bn\u00ed, s pou\u017eit\u00edm materi\u00e1l\u016f jako polyuretan nebo nitrilov\u00e1 pry\u017e, m\u016f\u017ee v\u00fdrazn\u011b zv\u00fd\u0161it v\u00fdkon a spolehlivost. Spr\u00e1vn\u00e9 ut\u011bsn\u011bn\u00ed zabra\u0148uje \u00faniku kapaliny a kontaminaci a zaji\u0161\u0165uje tak optim\u00e1ln\u00ed funk\u010dnost.<\/p>\n<h3>Trvanlivost<\/h3>\n<p>V konstrukci je zohledn\u011bna odolnost, kter\u00e1 zaji\u0161\u0165uje, \u017ee v\u00e1lec odol\u00e1 n\u00e1ro\u010dn\u00fdm podm\u00ednk\u00e1m. Vlastnosti, jako je odolnost proti korozi a opot\u0159eben\u00ed, jsou z\u00e1sadn\u00ed pro prodlou\u017een\u00ed \u017eivotnosti za\u0159\u00edzen\u00ed. V\u00fdrobci by m\u011bli up\u0159ednost\u0148ovat pou\u017e\u00edv\u00e1n\u00ed materi\u00e1l\u016f a povlak\u016f, kter\u00e9 odol\u00e1vaj\u00ed extr\u00e9mn\u00edm podm\u00ednk\u00e1m.<\/p>\n<h3>Bezpe\u010dnost<\/h3>\n<p>Bezpe\u010dnostn\u00ed prvky jsou p\u0159i konstrukci hydraulick\u00fdch v\u00e1lc\u016f prvo\u0159ad\u00e9. V\u00e1lec by m\u011bl obsahovat bezpe\u010dnostn\u00ed syst\u00e9my a syst\u00e9my ochrany proti p\u0159et\u00ed\u017een\u00ed, aby se zabr\u00e1nilo katastrof\u00e1ln\u00edm poruch\u00e1m b\u011bhem provozu. Pravideln\u00e9 bezpe\u010dnostn\u00ed kontroly mohou zm\u00edrnit rizika spojen\u00e1 s hydraulick\u00fdmi operacemi.<\/p>\n<h3>Udr\u017eovatelnost<\/h3>\n<p>Dal\u0161\u00edm kl\u00ed\u010dov\u00fdm faktorem je snadn\u00e1 \u00fadr\u017eba. Dob\u0159e navr\u017een\u00fd v\u00e1lec v\u00fdlo\u017en\u00edku by m\u011bl umo\u017e\u0148ovat rychl\u00e9 kontroly a opravy a minimalizovat tak prostoje. Prvky, jako jsou snadn\u00fd p\u0159\u00edstup k maz\u00e1n\u00ed a kontrole, mohou v\u00fdrazn\u011b zv\u00fd\u0161it efektivitu b\u011b\u017en\u00fdch \u00fadr\u017eb\u00e1\u0159sk\u00fdch \u00fakon\u016f.<\/p>\n<p><img decoding=\"async\" src=\"https:\/\/www.hydraulic-cylinders.net\/wp-content\/uploads\/2025\/04\/songte-oil-pipes-and-spare-parts.webp\" alt=\"Obr\u00e1zek d\u00edl\u016f v\u00e1lce v\u00fdlo\u017en\u00edku\"><\/p>\n<h2>T\u011bsn\u011bn\u00ed a maz\u00e1n\u00ed<\/h2>\n<p>Spr\u00e1vn\u00e9 t\u011bsn\u011bn\u00ed a maz\u00e1n\u00ed jsou z\u00e1sadn\u00ed pro v\u00fdkon v\u00e1lc\u016f v\u00fdlo\u017en\u00edku. R\u016fzn\u00e1 t\u011bsn\u011bn\u00ed, jako jsou p\u00edstn\u00ed t\u011bsn\u011bn\u00ed a t\u011bsn\u011bn\u00ed p\u00edstnice, jsou nezbytn\u00e1 pro udr\u017een\u00ed hydraulick\u00e9 integrity. Volba odoln\u00fdch materi\u00e1l\u016f, jako je polyuretan a nitril, m\u016f\u017ee zajistit \u00fa\u010dinn\u00e9 ut\u011bsn\u011bn\u00ed proti opot\u0159eben\u00ed. T\u011bleso v\u00e1lce a z\u00e1vitov\u00e9 konce by nav\u00edc m\u011bly b\u00fdt jemn\u011b opracov\u00e1ny, aby se zv\u00fd\u0161ila odolnost proti opot\u0159eben\u00ed.<\/p>\n<p>Pravideln\u00e9 maz\u00e1n\u00ed hydraulick\u00fdm olejem je nezbytn\u00e9 a vy\u017eaduje pravideln\u00e9 kontroly, aby byla zaji\u0161t\u011bna dostate\u010dn\u00e1 hladina oleje. Spr\u00e1vn\u00e9 maz\u00e1n\u00ed sni\u017euje t\u0159en\u00ed, prodlu\u017euje \u017eivotnost v\u00e1lce a zaji\u0161\u0165uje hladk\u00fd chod. Nedostate\u010dn\u00e9 maz\u00e1n\u00ed m\u016f\u017ee v\u00e9st ke zv\u00fd\u0161en\u00e9mu opot\u0159eben\u00ed a potenci\u00e1ln\u00edm poruch\u00e1m.<\/p>\n<h2>Preventivn\u00ed \u00fadr\u017ebov\u00e1 opat\u0159en\u00ed<\/h2>\n<ul>\n<li><strong>Pravideln\u00e9 kontroly:<\/strong> Prov\u00e1d\u011bjte pravideln\u00e9 kontroly, abyste identifikovali jak\u00e9koli zn\u00e1mky opot\u0159eben\u00ed nebo po\u0161kozen\u00ed. Tento proaktivn\u00ed p\u0159\u00edstup pom\u00e1h\u00e1 v\u010das odhalit potenci\u00e1ln\u00ed probl\u00e9my a p\u0159edch\u00e1zet z\u00e1va\u017en\u00fdm poruch\u00e1m.<\/li>\n<li><strong>Vhodn\u00e9 maz\u00e1n\u00ed:<\/strong> Zajist\u011bte spr\u00e1vnou a v\u010dasnou aplikaci maziv, aby se udr\u017eela optim\u00e1ln\u00ed funkce v\u00e1lce a zabr\u00e1nilo se p\u0159ed\u010dasn\u00e9mu opot\u0159eben\u00ed.<\/li>\n<li><strong>V\u00fdm\u011bna t\u011bsn\u011bn\u00ed:<\/strong> Pravideln\u011b kontrolujte a v p\u0159\u00edpad\u011b pot\u0159eby vym\u011b\u0148ujte t\u011bsn\u011bn\u00ed, aby byla zachov\u00e1na hydraulick\u00e1 integrita. Opot\u0159ebovan\u00e1 t\u011bsn\u011bn\u00ed mohou v\u00e9st k net\u011bsnostem a sn\u00ed\u017een\u00ed \u00fa\u010dinnosti.<\/li>\n<\/ul>\n<h2>Pokyny k instalaci<\/h2>\n<p>Spr\u00e1vn\u00e1 instalace v\u00e1lce v\u00fdlo\u017en\u00edku je z\u00e1sadn\u00ed pro jeho v\u00fdkon. Nejprve se ujist\u011bte, \u017ee m\u00e1te k dispozici vhodn\u00e9 n\u00e1stroje a vybaven\u00ed pro instalaci. Za\u010dn\u011bte spr\u00e1vn\u00fdm vyrovn\u00e1n\u00edm v\u00e1lce s mont\u00e1\u017en\u00edmi body na bagru. Je nezbytn\u00e9 pou\u017e\u00edt vhodn\u00e9 mont\u00e1\u017en\u00ed konzoly k zaji\u0161t\u011bn\u00ed v\u00e1lce na m\u00edst\u011b, aby se zabr\u00e1nilo jak\u00e9mukoli nespr\u00e1vn\u00e9mu vyrovn\u00e1n\u00ed, kter\u00e9 by mohlo v\u00e9st k provozn\u00edm probl\u00e9m\u016fm.<\/p>\n<p>Po zarovn\u00e1n\u00ed rovnom\u011brn\u011b ut\u00e1hn\u011bte \u0161rouby, abyste zabr\u00e1nili nam\u00e1h\u00e1n\u00ed v\u00e1lce. Po instalaci p\u0159ed testov\u00e1n\u00edm hydraulick\u00e9ho syst\u00e9mu znovu zkontrolujte zarovn\u00e1n\u00ed. Tento krok zajist\u00ed, \u017ee v\u00e1lec bude fungovat hladce a bez jak\u00fdchkoli p\u0159ek\u00e1\u017eek.<\/p>\n<p>D\u00e1le si prostudujte specifikace v\u00fdrobce ohledn\u011b nastaven\u00ed utahovac\u00edho momentu a mont\u00e1\u017en\u00edch konfigurac\u00ed, abyste zajistili dodr\u017eov\u00e1n\u00ed bezpe\u010dnostn\u00edch norem a provozn\u00ed efektivity.<\/p>\n<h2>B\u011b\u017en\u00e9 \u00fakoly \u00fadr\u017eby<\/h2>\n<ul>\n<li><strong>Pravideln\u00e9 kontroly:<\/strong> Pravideln\u011b kontrolujte v\u00e1lec v\u00fdlo\u017en\u00edku, zda nevykazuje zn\u00e1mky po\u0161kozen\u00ed nebo opot\u0159eben\u00ed. Tento postup pom\u00e1h\u00e1 v\u010das odhalit potenci\u00e1ln\u00ed probl\u00e9my a zaji\u0161\u0165uje bezpe\u010dnost a spolehlivost.<\/li>\n<li><strong>Vhodn\u00e9 maz\u00e1n\u00ed:<\/strong> Pro hladk\u00fd provoz je nezbytn\u00e9 zajistit dostate\u010dn\u00e9 maz\u00e1n\u00ed v\u00e1lce. Pou\u017e\u00edvejte doporu\u010den\u00fd hydraulick\u00fd olej a dodr\u017eujte pl\u00e1n \u00fadr\u017eby.<\/li>\n<li><strong>V\u00fdm\u011bna t\u011bsn\u011bn\u00ed:<\/strong> T\u011bsn\u011bn\u00ed by m\u011bla b\u00fdt pravideln\u011b kontrolov\u00e1na a v p\u0159\u00edpad\u011b opot\u0159eben\u00ed nebo po\u0161kozen\u00ed vym\u011bn\u011bna. Tento \u00fakol je z\u00e1sadn\u00ed pro prevenci \u00fanik\u016f a udr\u017een\u00ed tlaku v syst\u00e9mu.<\/li>\n<\/ul>\n<p>Spr\u00e1vn\u00e1 instalace, maz\u00e1n\u00ed a se\u0159\u00edzen\u00ed jsou z\u00e1sadn\u00ed pro dlouhou \u017eivotnost v\u00e1lce v\u00fdlo\u017en\u00edku. Spr\u00e1vn\u00e9 se\u0159\u00edzen\u00ed b\u011bhem instalace zabra\u0148uje nadm\u011brn\u00e9mu nam\u00e1h\u00e1n\u00ed v\u00e1lce, zat\u00edmco \u00fa\u010dinn\u00e9 maz\u00e1n\u00ed sni\u017euje opot\u0159eben\u00ed a udr\u017euje v\u00fdkon. Doporu\u010duje se tak\u00e9 dodr\u017eovat spr\u00e1vn\u00e9 protokoly kontroly a oprav, aby se prodlou\u017eila celkov\u00e1 \u017eivotnost a spolehlivost za\u0159\u00edzen\u00ed.<\/p>\n<p><img decoding=\"async\" src=\"https:\/\/www.hydraulic-cylinders.net\/wp-content\/uploads\/2025\/04\/songte-chushion-collar.webp\" alt=\"Obr\u00e1zek instalace v\u00e1lce\"><\/p>\n<h2>Bezpe\u010dnostn\u00ed aspekty a faktory prost\u0159ed\u00ed<\/h2>\n<p>P\u0159i pr\u00e1ci s hydraulick\u00fdmi v\u00e1lci jsou bezpe\u010dnostn\u00ed opat\u0159en\u00ed prvo\u0159ad\u00e1. Obsluha by m\u011bla b\u00fdt pro\u0161kolena ve spr\u00e1vn\u00e9 manipulaci a obsluze hydraulick\u00fdch syst\u00e9m\u016f, aby se minimalizovalo riziko nehod. D\u00e1le je nutn\u00e9 dodr\u017eovat v\u0161echny bezpe\u010dnostn\u00ed protokoly, v\u010detn\u011b no\u0161en\u00ed vhodn\u00fdch osobn\u00edch ochrann\u00fdch prost\u0159edk\u016f (OOP) a zaji\u0161t\u011bn\u00ed \u0159\u00e1dn\u00e9 \u00fadr\u017eby stroj\u016f, aby se p\u0159ede\u0161lo poruch\u00e1m.<\/p>\n<h2>Odstra\u0148ov\u00e1n\u00ed probl\u00e9m\u016f a b\u011b\u017en\u00e9 probl\u00e9my<\/h2>\n<h3>B\u011b\u017en\u00e9 probl\u00e9my<\/h3>\n<ul>\n<li><strong>\u00danik:<\/strong> Jedn\u00edm z nej\u010dast\u011bj\u0161\u00edch probl\u00e9m\u016f s hydraulick\u00fdmi v\u00e1lci je net\u011bsnost, \u010dasto zp\u016fsoben\u00e1 opot\u0159ebovan\u00fdmi t\u011bsn\u011bn\u00edmi nebo nespr\u00e1vnou instalac\u00ed.<\/li>\n<li><strong>Sn\u00ed\u017een\u00fd v\u00fdkon:<\/strong> K tomu m\u016f\u017ee doj\u00edt kv\u016fli n\u00edzk\u00e9 hladin\u011b hydraulick\u00e9 kapaliny nebo kontaminaci v syst\u00e9mu.<\/li>\n<li><strong>Hluk b\u011bhem provozu:<\/strong> Neobvykl\u00e9 zvuky mohou nazna\u010dovat vnit\u0159n\u00ed po\u0161kozen\u00ed nebo probl\u00e9my s maz\u00e1n\u00edm.<\/li>\n<\/ul>\n<h3>Tipy pro \u0159e\u0161en\u00ed probl\u00e9m\u016f<\/h3>\n<p>Pro efektivn\u00ed diagnostiku a \u0159e\u0161en\u00ed probl\u00e9m\u016f je nezbytn\u00e9 prov\u00e9st d\u016fkladn\u00e9 kontroly hydraulick\u00e9ho syst\u00e9mu. Za\u010dn\u011bte identifikac\u00ed p\u0159\u00edpadn\u00fdch net\u011bsnost\u00ed a v\u00fdm\u011bnou vadn\u00fdch t\u011bsn\u011bn\u00ed. Pokud je v\u00fdkon sn\u00ed\u017een, zkontrolujte hladinu a kvalitu kapaliny a ujist\u011bte se, \u017ee hydraulick\u00fd olej je \u010dist\u00fd a na spr\u00e1vn\u00e9 \u00farovni. V p\u0159\u00edpad\u011b probl\u00e9m\u016f s hlukem zkontrolujte v\u00e1lec, zda nevykazuje zn\u00e1mky opot\u0159eben\u00ed nebo nedostate\u010dn\u00e9ho maz\u00e1n\u00ed, a p\u0159\u00edpadn\u00e9 probl\u00e9my neprodlen\u011b \u0159e\u0161te, aby byla zachov\u00e1na funk\u010dnost.<\/p>\n<p>Zav\u00e1d\u011bn\u00ed preventivn\u00edch opat\u0159en\u00ed, jako je pravideln\u00e1 \u00fadr\u017eba a kontroly, m\u016f\u017ee v\u00fdrazn\u011b sn\u00ed\u017eit pravd\u011bpodobnost v\u00fdskytu t\u011bchto b\u011b\u017en\u00fdch probl\u00e9m\u016f, a t\u00edm zv\u00fd\u0161it spolehlivost hydraulick\u00fdch syst\u00e9m\u016f.<\/p>\n<p><img decoding=\"async\" src=\"https:\/\/www.hydraulic-cylinders.net\/wp-content\/uploads\/2025\/04\/songte-bushings-with-all-kinds-of-excavator-models.webp\" alt=\"Obr\u00e1zek b\u011b\u017en\u00fdch probl\u00e9m\u016f\"><\/p>\n<h2>O na\u0161\u00ed spole\u010dnosti<\/h2>\n<p>Jsme p\u0159edn\u00edm v\u00fdrobcem n\u00e1hradn\u00edch hydraulick\u00fdch v\u00e1lc\u016f a nab\u00edz\u00edme \u0161irokou \u0161k\u00e1lu produkt\u016f pro dom\u00e1c\u00ed i mezin\u00e1rodn\u00ed trhy. N\u00e1\u0161 z\u00e1vazek k dokonalosti n\u00e1s vede k vyu\u017e\u00edv\u00e1n\u00ed propracovan\u00fdch v\u00fdrobn\u00edch strategi\u00ed spolu s pokro\u010dil\u00fdmi technologiemi v \u0159\u00edzen\u00ed v\u00fdroby.<\/p>\n<p>Na\u0161e za\u0159\u00edzen\u00ed jsou vybavena \u0161pi\u010dkov\u00fdm v\u00fdrobn\u00edm vybaven\u00edm a profesion\u00e1ln\u00edm testovac\u00edm syst\u00e9mem, co\u017e n\u00e1m umo\u017e\u0148uje neust\u00e1le zlep\u0161ovat na\u0161e v\u00fdrobn\u00ed kapacity. Jsme hrd\u00ed na to, \u017ee poskytujeme vysokou efektivitu, p\u0159esnost a kvalitu a uspokojujeme rozmanit\u00e9 pot\u0159eby z\u00e1kazn\u00edk\u016f.<\/p>\n<p>Krom\u011b toho poskytujeme slu\u017eby na m\u00edru, mezin\u00e1rodn\u00ed certifikace a robustn\u00ed poprodejn\u00ed podporu, co\u017e zaji\u0161\u0165uje spokojenost klient\u016f a d\u016fv\u011bru v na\u0161e produkty.<\/p>\n<p><img decoding=\"async\" src=\"https:\/\/www.hydraulic-cylinders.net\/wp-content\/uploads\/2025\/04\/songte-company-4.webp\" alt=\"Obr\u00e1zek s p\u0159ehledem spole\u010dnosti\"><br \/>\n<img decoding=\"async\" src=\"https:\/\/www.hydraulic-cylinders.net\/wp-content\/uploads\/2025\/04\/songte-company-3.webp\" alt=\"Obr\u00e1zek v\u00fdrobn\u00edho za\u0159\u00edzen\u00ed\"><\/p>\n<p>Autor lyl<\/p>","protected":false},"excerpt":{"rendered":"<p>Boom Cylinder For Zoomlion Large Excavator ZE480ESP Introduction to Boom Cylinder The Boom Cylinder is a vital component in large excavators, specifically designed for the Zoomlion ZE480ESP model. This hydraulic cylinder plays a crucial role in controlling the movement of the excavator&#8217;s boom, enabling it to lift, lower, and tilt effectively. By utilizing hydraulic pressure, [&hellip;]<\/p>","protected":false},"featured_media":17867,"comment_status":"open","ping_status":"closed","template":"","meta":{"_et_pb_use_builder":"","_et_pb_old_content":"","_et_gb_content_width":""},"product_brand":[],"product_cat":[1546],"product_tag":[1547,1496],"class_list":{"0":"post-19226","1":"product","2":"type-product","3":"status-publish","4":"has-post-thumbnail","6":"product_cat-boom-cylinders","7":"product_tag-boom-cylinders","8":"product_tag-hydraulic-cylinders","10":"first","11":"instock","12":"shipping-taxable","13":"product-type-simple"},"amp_enabled":true,"_links":{"self":[{"href":"https:\/\/www.hydraulic-cylinders.net\/cs\/wp-json\/wp\/v2\/product\/19226","targetHints":{"allow":["GET"]}}],"collection":[{"href":"https:\/\/www.hydraulic-cylinders.net\/cs\/wp-json\/wp\/v2\/product"}],"about":[{"href":"https:\/\/www.hydraulic-cylinders.net\/cs\/wp-json\/wp\/v2\/types\/product"}],"replies":[{"embeddable":true,"href":"https:\/\/www.hydraulic-cylinders.net\/cs\/wp-json\/wp\/v2\/comments?post=19226"}],"wp:featuredmedia":[{"embeddable":true,"href":"https:\/\/www.hydraulic-cylinders.net\/cs\/wp-json\/wp\/v2\/media\/17867"}],"wp:attachment":[{"href":"https:\/\/www.hydraulic-cylinders.net\/cs\/wp-json\/wp\/v2\/media?parent=19226"}],"wp:term":[{"taxonomy":"product_brand","embeddable":true,"href":"https:\/\/www.hydraulic-cylinders.net\/cs\/wp-json\/wp\/v2\/product_brand?post=19226"},{"taxonomy":"product_cat","embeddable":true,"href":"https:\/\/www.hydraulic-cylinders.net\/cs\/wp-json\/wp\/v2\/product_cat?post=19226"},{"taxonomy":"product_tag","embeddable":true,"href":"https:\/\/www.hydraulic-cylinders.net\/cs\/wp-json\/wp\/v2\/product_tag?post=19226"}],"curies":[{"name":"wp","href":"https:\/\/api.w.org\/{rel}","templated":true}]}}