{"id":19229,"date":"2025-04-07T06:19:14","date_gmt":"2025-04-07T06:19:14","guid":{"rendered":"https:\/\/www.hydraulic-cylinders.net\/product\/boom-cylinder-for-zoomlion-large-excavator-ze700esp\/"},"modified":"2025-04-07T06:19:17","modified_gmt":"2025-04-07T06:19:17","slug":"boom-cylinder-for-zoomlion-large-excavator-ze700esp","status":"publish","type":"product","link":"https:\/\/www.hydraulic-cylinders.net\/cs\/produkt\/boom-cylinder-for-zoomlion-large-excavator-ze700esp\/","title":{"rendered":"V\u00e1lec v\u00fdlo\u017en\u00edku pro velk\u00e9 rypadlo Zoomlion ZE700ESP"},"content":{"rendered":"<h1>V\u00e1lec v\u00fdlo\u017en\u00edku pro velk\u00e9 rypadlo Zoomlion ZE700ESP<\/h1>\n<h2>\u00davod k v\u00e1lci v\u00fdlo\u017en\u00edku<\/h2>\n<p>Hydraulick\u00fd v\u00e1lec v\u00fdlo\u017en\u00edku je kl\u00ed\u010dovou sou\u010d\u00e1st\u00ed t\u011b\u017ek\u00fdch stroj\u016f, zejm\u00e9na u rypadel, jako je Zoomlion Large Excavator ZE700ESP. Tento hydraulick\u00fd v\u00e1lec hraje z\u00e1sadn\u00ed roli v \u0159\u00edzen\u00ed pohybu ramene v\u00fdlo\u017en\u00edku a umo\u017e\u0148uje mu zved\u00e1n\u00ed, spou\u0161t\u011bn\u00ed a nakl\u00e1p\u011bn\u00ed podle pot\u0159eby pro r\u016fzn\u00e9 operace. P\u0159esn\u00fd pohyb usnadn\u011bn\u00fd v\u00e1lcem v\u00fdlo\u017en\u00edku je kl\u00ed\u010dov\u00fd pro efektivn\u00ed a bezpe\u010dnou pr\u00e1ci, jako je kop\u00e1n\u00ed, zved\u00e1n\u00ed a p\u0159eprava materi\u00e1l\u016f.<\/p>\n<p><img decoding=\"async\" src=\"https:\/\/www.hydraulic-cylinders.net\/wp-content\/uploads\/2025\/04\/songte-company-1.webp\" alt=\"V\u00e1lec v\u00fdlo\u017en\u00edku pro bagry\"><\/p>\n<h3>Funkce a pou\u017eit\u00ed v\u00e1lc\u016f v\u00fdlo\u017en\u00edku<\/h3>\n<p>V hydraulick\u00e9m syst\u00e9mu je v\u00e1lec v\u00fdlo\u017en\u00edku zodpov\u011bdn\u00fd za p\u0159evod hydraulick\u00e9ho tlaku na mechanickou s\u00edlu, co\u017e umo\u017e\u0148uje t\u011b\u017ek\u00e9 technice prov\u00e1d\u011bt slo\u017eit\u00e9 \u00fakoly. Umo\u017e\u0148uje obsluze ovl\u00e1dat polohu a \u00fahel v\u00fdlo\u017en\u00edku, co\u017e usnad\u0148uje man\u00e9vrov\u00e1n\u00ed kolem p\u0159ek\u00e1\u017eek a efektivn\u00ed prov\u00e1d\u011bn\u00ed \u00fakol\u016f na staveni\u0161ti. V\u00e1lec v\u00fdlo\u017en\u00edku je obvykle navr\u017een tak, aby odolal vysok\u00fdm tlak\u016fm a velk\u00e9mu zat\u00ed\u017een\u00ed, co\u017e zaji\u0161\u0165uje jeho odolnost a spolehlivost.<\/p>\n<h2>Vlastnosti v\u00e1lce v\u00fdlo\u017en\u00edku<\/h2>\n<ul>\n<li><strong>Vysok\u00e1 pevnost a trvanlivost:<\/strong> V\u00e1lec v\u00fdlo\u017en\u00edku je vyroben z vysokopevnostn\u00ed oceli nebo hlin\u00edku a je konstruov\u00e1n tak, aby odolal vysok\u00e9mu tlaku a velk\u00e9mu zat\u00ed\u017een\u00ed, tak\u017ee je vhodn\u00fd pro n\u00e1ro\u010dn\u00e9 pracovn\u00ed prost\u0159ed\u00ed.<\/li>\n<li><strong>Efektivn\u00ed hydraulick\u00fd provoz:<\/strong> V\u00e1lec vyu\u017e\u00edv\u00e1 hydraulick\u00fd tlak oleje pro plynul\u00e9 a rychl\u00e9 vysouv\u00e1n\u00ed a zasouv\u00e1n\u00ed, co\u017e zaji\u0161\u0165uje siln\u00e9 tlakov\u00e9 a ta\u017en\u00e9 s\u00edly nezbytn\u00e9 pro n\u00e1ro\u010dn\u00e9 \u00fakoly.<\/li>\n<li><strong>R\u016fzn\u00e9 typy:<\/strong> V\u00e1lce v\u00fdlo\u017en\u00edku, kter\u00e9 jsou k dispozici v jedno\u010dinn\u00e9m a dvoj\u010dinn\u00e9m proveden\u00ed, lze p\u0159izp\u016fsobit specifick\u00fdm provozn\u00edm po\u017eadavk\u016fm.<\/li>\n<li><strong>Prostorov\u011b \u00fasporn\u00fd design:<\/strong> N\u011bkter\u00e9 modely maj\u00ed teleskopick\u00e9 proveden\u00ed, kter\u00e9 umo\u017e\u0148uje v\u011bt\u0161\u00ed v\u00fdsuv bez zv\u011bt\u0161en\u00ed vn\u011bj\u0161\u00edch rozm\u011br\u016f, co\u017e je ide\u00e1ln\u00ed pro omezen\u00e9 prostory.<\/li>\n<li><strong>Odolnost proti korozi:<\/strong> Navr\u017eeno s antikorozn\u00edmi prvky pro prodlou\u017een\u00ed \u017eivotnosti a minimalizaci n\u00e1rok\u016f na \u00fadr\u017ebu.<\/li>\n<\/ul>\n<h3>Na\u0161e v\u00fdrobn\u00ed kapacity<\/h3>\n<p>Specializujeme se na v\u00fdrobu vysoce kvalitn\u00edch v\u00e1lc\u016f v\u00fdlo\u017en\u00edku, kter\u00e9 dok\u00e1\u017e\u00ed dokonale nahradit st\u00e1vaj\u00edc\u00ed hydraulick\u00e9 v\u00e1lce v r\u016fzn\u00fdch aplikac\u00edch a zaji\u0161\u0165uj\u00ed tak optim\u00e1ln\u00ed v\u00fdkon a dlouhou \u017eivotnost.<\/p>\n<p><img decoding=\"async\" src=\"https:\/\/www.hydraulic-cylinders.net\/wp-content\/uploads\/2025\/04\/songte-cylinder-head-with-all-kinds-excavator-models.webp\" alt=\"Modely bagr\u016f s v\u00e1lci v\u00fdlo\u017en\u00edku\"><\/p>\n<h2>Sc\u00e9n\u00e1\u0159e aplikac\u00ed<\/h2>\n<h3>Stavebn\u00ed stroje<\/h3>\n<p>Ve stavebnictv\u00ed jsou v\u00e1lce v\u00fdlo\u017en\u00edku ned\u00edlnou sou\u010d\u00e1st\u00ed rypadel, kde hraj\u00ed kl\u00ed\u010dovou roli p\u0159i kop\u00e1n\u00ed, nakl\u00e1d\u00e1n\u00ed a p\u0159emis\u0165ov\u00e1n\u00ed zeminy nebo suti. Umo\u017e\u0148uj\u00ed obsluze prov\u00e1d\u011bt p\u0159esn\u00e9 pohyby nezbytn\u00e9 pro v\u00fdkopov\u00e9 pr\u00e1ce a usnad\u0148uj\u00ed efektivn\u00ed zved\u00e1n\u00ed t\u011b\u017ek\u00fdch b\u0159emen.<\/p>\n<h3>Zem\u011bd\u011blsk\u00e9 stroje<\/h3>\n<p>V zem\u011bd\u011blstv\u00ed se v\u00e1lce v\u00fdlo\u017en\u00edku pou\u017e\u00edvaj\u00ed v \u010deln\u00edch naklada\u010d\u00edch k nab\u00edr\u00e1n\u00ed, zved\u00e1n\u00ed a p\u0159eprav\u011b p\u016fdy, sena a r\u016fzn\u00fdch dal\u0161\u00edch materi\u00e1l\u016f. Jejich efektivn\u00ed provoz umo\u017e\u0148uje zefektivn\u011bn\u00ed proces\u016f nakl\u00e1d\u00e1n\u00ed a vykl\u00e1d\u00e1n\u00ed, co\u017e zvy\u0161uje produktivitu na farm\u00e1ch.<\/p>\n<h3>Bagry<\/h3>\n<p>V\u00e1lec v\u00fdlo\u017en\u00edku je nezbytn\u00fd pro to, aby l\u017e\u00edce rypadla mohla proniknout do zem\u011b a prov\u00e1d\u011bt d\u016fle\u017eit\u00e9 kopac\u00ed \u010dinnosti. Tato schopnost je kl\u00ed\u010dov\u00e1 pro r\u016fzn\u00e9 v\u00fdkopov\u00e9 \u00fakoly pot\u0159ebn\u00e9 ve stavebn\u00edch a krajin\u00e1\u0159sk\u00fdch projektech.<\/p>\n<h3>Naklada\u010de<\/h3>\n<p>U \u010deln\u00edch naklada\u010d\u016f pom\u00e1haj\u00ed v\u00e1lce v\u00fdlo\u017en\u00edku efektivn\u011b zvedat a vykl\u00e1p\u011bt b\u0159emena. Jejich robustn\u00ed konstrukce jim umo\u017e\u0148uje manipulovat s t\u011b\u017ek\u00fdmi materi\u00e1ly a zaji\u0161\u0165uje efektivn\u00ed a bezpe\u010dn\u00e9 prov\u00e1d\u011bn\u00ed operac\u00ed.<\/p>\n<h2>Konstruk\u010dn\u00ed aspekty a krit\u00e9ria v\u00fdb\u011bru<\/h2>\n<h3>Nosnost<\/h3>\n<p>P\u0159i v\u00fdb\u011bru v\u00e1lce v\u00fdlo\u017en\u00edku je z\u00e1sadn\u00ed pochopen\u00ed jeho nosnosti. V\u00e1lec mus\u00ed b\u00fdt schopen bezpe\u010dn\u011b un\u00e9st hmotnost b\u0159emen, kter\u00e1 bude manipulovat. To zahrnuje zv\u00e1\u017een\u00ed faktor\u016f, jako je maxim\u00e1ln\u00ed hmotnost, kterou v\u00fdlo\u017en\u00edk zvedne, a dynamick\u00e9 zat\u00ed\u017een\u00ed p\u016fsob\u00edc\u00ed b\u011bhem provozu.<\/p>\n<h3>T\u011bsn\u011bn\u00ed<\/h3>\n<p>T\u011bsnic\u00ed schopnosti v\u00e1lce v\u00fdlo\u017en\u00edku jsou pro jeho v\u00fdkon z\u00e1sadn\u00ed. Vysoce kvalitn\u00ed t\u011bsn\u011bn\u00ed zabra\u0148uj\u00ed \u00fanik\u016fm hydraulick\u00e9 kapaliny a udr\u017euj\u00ed tlak v syst\u00e9mu. To je obzvl\u00e1\u0161t\u011b d\u016fle\u017eit\u00e9 pro prevenci \u00faniku hydraulick\u00e9 kapaliny, co\u017e m\u016f\u017ee v\u00e9st ke sn\u00ed\u017een\u00ed \u00fa\u010dinnosti a mo\u017en\u00e9mu po\u0161kozen\u00ed za\u0159\u00edzen\u00ed.<\/p>\n<h3>Trvanlivost<\/h3>\n<p>Odolnost je z\u00e1sadn\u00ed vlastnost\u00ed v\u00e1lce v\u00fdlo\u017en\u00edku, zejm\u00e9na v n\u00e1ro\u010dn\u00fdch provozn\u00edch prost\u0159ed\u00edch. Materi\u00e1ly pou\u017eit\u00e9 p\u0159i v\u00fdrob\u011b mus\u00ed odol\u00e1vat opot\u0159eben\u00ed a tak\u00e9 vystaven\u00ed drsn\u00fdm podm\u00ednk\u00e1m, jako jsou ne\u010distoty, vlhkost a kol\u00eds\u00e1n\u00ed teplot.<\/p>\n<h3>Bezpe\u010dnostn\u00ed prvky<\/h3>\n<p>P\u0159i navrhov\u00e1n\u00ed v\u00e1lc\u016f v\u00fdlo\u017en\u00edku s ohledem na bezpe\u010dnost je prvo\u0159ad\u00e9. Prvky, jako jsou integrovan\u00e9 pojistn\u00e9 ventily, mohou zabr\u00e1nit p\u0159et\u00ed\u017een\u00ed a zajistit, aby za\u0159\u00edzen\u00ed b\u011bhem zved\u00e1n\u00ed a spou\u0161t\u011bn\u00ed fungovalo v bezpe\u010dn\u00fdch parametrech, a t\u00edm chr\u00e1nilo jak stroje, tak i obsluhu.<\/p>\n<h3>P\u0159\u00edstupnost \u00fadr\u017eby<\/h3>\n<p>Snadn\u00e1 \u00fadr\u017eba je dal\u0161\u00edm d\u016fle\u017eit\u00fdm konstruk\u010dn\u00edm hlediskem. V\u00e1lce v\u00fdlo\u017en\u00edku by m\u011bly b\u00fdt navr\u017eeny tak, aby umo\u017e\u0148ovaly snadn\u00fd p\u0159\u00edstup ke kritick\u00fdm komponent\u016fm pro kontrolu a servis. Dob\u0159e napl\u00e1novan\u00e1 strategie \u00fadr\u017eby m\u016f\u017ee prodlou\u017eit \u017eivotnost v\u00e1lce a zv\u00fd\u0161it celkovou spolehlivost za\u0159\u00edzen\u00ed.<\/p>\n<p><img decoding=\"async\" src=\"https:\/\/www.hydraulic-cylinders.net\/wp-content\/uploads\/2025\/04\/songte-oil-pipes-and-spare-parts.webp\" alt=\"Hydraulick\u00e9 d\u00edly a p\u0159\u00edslu\u0161enstv\u00ed\"><\/p>\n<h2>T\u011bsn\u011bn\u00ed a maz\u00e1n\u00ed<\/h2>\n<p>\u00da\u010dinnost v\u00e1lce v\u00fdlo\u017en\u00edku je v\u00fdznamn\u011b ovlivn\u011bna jeho t\u011bsnic\u00edmi a mazac\u00edmi syst\u00e9my. K zaji\u0161t\u011bn\u00ed integrity hydraulick\u00e9 kapaliny se pou\u017e\u00edvaj\u00ed r\u016fzn\u00e1 t\u011bsn\u011bn\u00ed, jako jsou p\u00edstn\u00ed t\u011bsn\u011bn\u00ed a t\u011bsn\u011bn\u00ed p\u00edstnice. Materi\u00e1ly jako polyuretan a nitrilov\u00e1 pry\u017e se b\u011b\u017en\u011b pou\u017e\u00edvaj\u00ed pro sv\u00e9 vlastnosti odoln\u00e9 proti opot\u0159eben\u00ed. Povrchy v\u00e1lce a z\u00e1vitov\u00fdch konc\u016f jsou pe\u010dliv\u011b opracov\u00e1ny, aby se zv\u00fd\u0161ila odolnost proti opot\u0159eben\u00ed. Pravideln\u00e9 maz\u00e1n\u00ed hydraulick\u00fdm olejem je nezbytn\u00e9 pro udr\u017een\u00ed optim\u00e1ln\u00edho v\u00fdkonu a sn\u00ed\u017een\u00ed t\u0159en\u00ed mezi pohybliv\u00fdmi \u010d\u00e1stmi.<\/p>\n<h2>Preventivn\u00ed \u00fadr\u017ebov\u00e1 opat\u0159en\u00ed<\/h2>\n<ul>\n<li><strong>Pravideln\u00e9 kontroly:<\/strong> Prov\u00e1d\u011bjte pravideln\u00e9 kontroly, abyste odhalili jak\u00e9koli zn\u00e1mky opot\u0159eben\u00ed nebo po\u0161kozen\u00ed, co\u017e m\u016f\u017ee v budoucnu p\u0159edej\u00edt z\u00e1va\u017en\u011bj\u0161\u00edm probl\u00e9m\u016fm.<\/li>\n<li><strong>Spr\u00e1vn\u00e9 maz\u00e1n\u00ed:<\/strong> Zajist\u011bte udr\u017eov\u00e1n\u00ed hladiny hydraulick\u00e9ho oleje a v p\u0159\u00edpad\u011b pot\u0159eby proma\u017ete pohybliv\u00e9 \u010d\u00e1sti, abyste sn\u00ed\u017eili t\u0159en\u00ed a prodlou\u017eili \u017eivotnost.<\/li>\n<li><strong>V\u00fdm\u011bna t\u011bsn\u011bn\u00ed:<\/strong> Pravideln\u011b kontrolujte opot\u0159eben\u00ed t\u011bsn\u011bn\u00ed a v p\u0159\u00edpad\u011b pot\u0159eby je vym\u011b\u0148te, abyste zabr\u00e1nili net\u011bsnostem a udr\u017eeli hydraulick\u00fd tlak.<\/li>\n<\/ul>\n<h2>Pokyny k instalaci<\/h2>\n<p>Spr\u00e1vn\u00e1 instalace v\u00e1lce v\u00fdlo\u017en\u00edku je z\u00e1sadn\u00ed pro jeho v\u00fdkon. Za\u010dn\u011bte t\u00edm, \u017ee se ujist\u00edte, \u017ee mont\u00e1\u017en\u00ed povrchy jsou \u010dist\u00e9 a bez ne\u010distot. V\u00e1lec pe\u010dliv\u011b vyrovnejte, abyste zabr\u00e1nili jeho nespr\u00e1vn\u00e9mu vyrovn\u00e1n\u00ed, kter\u00e9 by mohlo v\u00e9st k p\u0159ed\u010dasn\u00e9mu opot\u0159eben\u00ed nebo poru\u0161e. K zaji\u0161t\u011bn\u00ed v\u00e1lce pou\u017eijte vhodn\u00e9 mont\u00e1\u017en\u00ed konzoly a ujist\u011bte se, \u017ee je pevn\u011b uta\u017een. Po instalaci zkontrolujte, zda nedoch\u00e1z\u00ed k hydraulick\u00fdm net\u011bsnostem, a ujist\u011bte se, \u017ee jsou hydraulick\u00e1 potrub\u00ed spr\u00e1vn\u011b p\u0159ipojena. Dodr\u017een\u00ed t\u011bchto krok\u016f pom\u016f\u017ee dos\u00e1hnout optim\u00e1ln\u00edho v\u00fdkonu v\u00e1lce v\u00fdlo\u017en\u00edku.<\/p>\n<h2>B\u011b\u017en\u00e9 \u00fakoly \u00fadr\u017eby<\/h2>\n<ul>\n<li><strong>Pravideln\u00e9 kontroly:<\/strong> Prov\u00e1d\u011bn\u00ed \u010dast\u00fdch kontrol m\u016f\u017ee pomoci identifikovat potenci\u00e1ln\u00ed probl\u00e9my d\u0159\u00edve, ne\u017e se stanou z\u00e1va\u017en\u00fdmi. Zkontrolujte v\u00e1lec, zda nevykazuje zn\u00e1mky net\u011bsnost\u00ed t\u011bsn\u011bn\u00ed nebo fyzick\u00e9ho po\u0161kozen\u00ed.<\/li>\n<li><strong>Vhodn\u00e9 maz\u00e1n\u00ed:<\/strong> Zajist\u011bte, aby byl v\u00e1lec v\u00fdlo\u017en\u00edku dostate\u010dn\u011b promaz\u00e1n spr\u00e1vn\u00fdm typem hydraulick\u00e9ho oleje, aby se sn\u00ed\u017eilo opot\u0159eben\u00ed vnit\u0159n\u00edch sou\u010d\u00e1st\u00ed.<\/li>\n<li><strong>V\u00fdm\u011bna t\u011bsn\u011bn\u00ed:<\/strong> Pravideln\u011b vym\u011b\u0148ujte t\u011bsn\u011bn\u00ed v r\u00e1mci preventivn\u00ed \u00fadr\u017eby, abyste udr\u017eeli hydraulick\u00fd tlak a \u00fa\u010dinnost.<\/li>\n<\/ul>\n<h2>Bezpe\u010dnostn\u00ed aspekty a faktory prost\u0159ed\u00ed<\/h2>\n<p>P\u0159i pou\u017e\u00edv\u00e1n\u00ed v\u00e1lc\u016f v\u00fdlo\u017en\u00edku je nezbytn\u00e9 dodr\u017eovat bezpe\u010dnostn\u00ed opat\u0159en\u00ed, aby se p\u0159ede\u0161lo nehod\u00e1m a zran\u011bn\u00edm. Obsluha by m\u011bla b\u00fdt pro\u0161kolena ve spr\u00e1vn\u00e9 manipulaci a obsluze, aby byla zaji\u0161t\u011bna bezpe\u010dnost p\u0159i zdvihac\u00edch a p\u0159epravn\u00edch \u00fakonech. D\u00e1le je t\u0159eba zv\u00e1\u017eit dopad hydraulick\u00fdch kapalin na \u017eivotn\u00ed prost\u0159ed\u00ed a zav\u00e9st vhodn\u00e9 metody likvidace, aby se minimalizovaly ekologick\u00e9 \u0161kody.<\/p>\n<h2>Odstra\u0148ov\u00e1n\u00ed probl\u00e9m\u016f a b\u011b\u017en\u00e9 probl\u00e9my<\/h2>\n<ul>\n<li><strong>Hydraulick\u00e9 net\u011bsnosti:<\/strong> Pokud si v\u0161imnete poklesu hladiny hydraulick\u00e9 kapaliny, zkontrolujte t\u011bsn\u011bn\u00ed a spoje, zda nedoch\u00e1z\u00ed k \u00fanik\u016fm, a okam\u017eit\u011b vym\u011b\u0148te v\u0161echny po\u0161kozen\u00e9 d\u00edly.<\/li>\n<li><strong>Pomal\u00fd provoz:<\/strong> Pomal\u00e1 odezva v\u00e1lce v\u00fdlo\u017en\u00edku m\u016f\u017ee signalizovat n\u00edzkou hladinu hydraulick\u00e9 kapaliny nebo vzduch v syst\u00e9mu. Zkontrolujte a v p\u0159\u00edpad\u011b pot\u0159eby dopl\u0148te hydraulickou kapalinu.<\/li>\n<li><strong>Neobvykl\u00e9 zvuky:<\/strong> Pokud b\u011bhem provozu usly\u0161\u00edte sk\u0159\u00edp\u00e1n\u00ed nebo jin\u00e9 abnorm\u00e1ln\u00ed zvuky, p\u0159esta\u0148te za\u0159\u00edzen\u00ed pou\u017e\u00edvat a zkontrolujte, zda nen\u00ed uvnit\u0159 po\u0161kozeno nebo zda nedo\u0161lo k nespr\u00e1vn\u00e9mu vyrovn\u00e1n\u00ed.<\/li>\n<\/ul>\n<h2>Tipy pro \u0159e\u0161en\u00ed probl\u00e9m\u016f<\/h2>\n<p>Pro efektivn\u00ed diagnostiku a \u0159e\u0161en\u00ed probl\u00e9m\u016f s v\u00e1lcem v\u00fdlo\u017en\u00edku za\u010dn\u011bte kontrolou hladiny hydraulick\u00e9 kapaliny a kontrolou net\u011bsnost\u00ed. Pravideln\u00e1 preventivn\u00ed \u00fadr\u017eba m\u016f\u017ee pomoci minimalizovat potenci\u00e1ln\u00ed probl\u00e9my t\u00edm, \u017ee \u0159e\u0161\u00ed opot\u0159eben\u00ed d\u0159\u00edve, ne\u017e se vyhrot\u00ed. Dodr\u017eov\u00e1n\u00ed spr\u00e1vn\u00fdch postup\u016f skladov\u00e1n\u00ed a manipulace tak\u00e9 zajist\u00ed, \u017ee v\u00e1lec z\u016fstane v optim\u00e1ln\u00edm stavu.<\/p>\n<p><img decoding=\"async\" src=\"https:\/\/www.hydraulic-cylinders.net\/wp-content\/uploads\/2025\/04\/songte-bushings-with-all-kinds-of-excavator-models.webp\" alt=\"Pouzdra pro modely bagr\u016f\"><\/p>\n<h2>P\u0159ehled spole\u010dnosti<\/h2>\n<p>Jsme p\u0159edn\u00edm v\u00fdrobcem n\u00e1hradn\u00edch hydraulick\u00fdch v\u00e1lc\u016f, kter\u00fd z\u00e1sobuje dom\u00e1c\u00ed i mezin\u00e1rodn\u00ed trhy. Na\u0161e \u0161irok\u00e1 nab\u00eddka produkt\u016f n\u00e1s \u0159ad\u00ed mezi p\u0159edn\u00ed v\u00fdrobce a velkoobchodn\u00ed distributory hydraulick\u00fdch v\u00e1lc\u016f. Dodr\u017eujeme p\u0159\u00edsn\u00e9 standardy kvality a pou\u017e\u00edv\u00e1me sofistikovan\u00e9 strategie \u0159\u00edzen\u00ed v\u00fdroby. Na\u0161i kvalifikovan\u00ed pracovn\u00edci, modern\u00ed digit\u00e1ln\u00ed v\u00fdrobn\u00ed za\u0159\u00edzen\u00ed a profesion\u00e1ln\u00ed kontroln\u00ed syst\u00e9my neust\u00e1le zvy\u0161uj\u00ed na\u0161e v\u00fdrobn\u00ed kapacity a zaji\u0161\u0165uj\u00ed vysokou efektivitu, p\u0159esnost a kvalitu, abychom splnili rozmanit\u00e9 pot\u0159eby z\u00e1kazn\u00edk\u016f.<\/p>\n<p><img decoding=\"async\" src=\"https:\/\/www.hydraulic-cylinders.net\/wp-content\/uploads\/2025\/04\/songte-company-4.webp\" alt=\"P\u0159ehled spole\u010dnosti\"><br \/>\n<img decoding=\"async\" src=\"https:\/\/www.hydraulic-cylinders.net\/wp-content\/uploads\/2025\/04\/songte-company-3.webp\" alt=\"V\u00fdrobn\u00ed za\u0159\u00edzen\u00ed\"><\/p>\n<p>Jsme hrd\u00ed na na\u0161i profesionalitu, mezin\u00e1rodn\u00ed certifikace, mo\u017enosti zak\u00e1zkov\u00e9ho servisu, nejmodern\u011bj\u0161\u00ed v\u00fdrobn\u00ed za\u0159\u00edzen\u00ed a komplexn\u00ed poprodejn\u00ed podporu.<\/p>\n<p>Autor: lyl<\/p>","protected":false},"excerpt":{"rendered":"<p>Boom Cylinder For Zoomlion Large Excavator ZE700ESP Introduction to the Boom Cylinder The boom cylinder is a vital component in heavy machinery, particularly in excavators like the Zoomlion Large Excavator ZE700ESP. This hydraulic cylinder plays an essential role in controlling the movement of the boom arm, allowing it to lift, lower, and tilt as needed [&hellip;]<\/p>","protected":false},"featured_media":17870,"comment_status":"open","ping_status":"closed","template":"","meta":{"_et_pb_use_builder":"","_et_pb_old_content":"","_et_gb_content_width":""},"product_brand":[],"product_cat":[1546],"product_tag":[1547,1496],"class_list":{"0":"post-19229","1":"product","2":"type-product","3":"status-publish","4":"has-post-thumbnail","6":"product_cat-boom-cylinders","7":"product_tag-boom-cylinders","8":"product_tag-hydraulic-cylinders","10":"first","11":"instock","12":"shipping-taxable","13":"product-type-simple"},"amp_enabled":true,"_links":{"self":[{"href":"https:\/\/www.hydraulic-cylinders.net\/cs\/wp-json\/wp\/v2\/product\/19229","targetHints":{"allow":["GET"]}}],"collection":[{"href":"https:\/\/www.hydraulic-cylinders.net\/cs\/wp-json\/wp\/v2\/product"}],"about":[{"href":"https:\/\/www.hydraulic-cylinders.net\/cs\/wp-json\/wp\/v2\/types\/product"}],"replies":[{"embeddable":true,"href":"https:\/\/www.hydraulic-cylinders.net\/cs\/wp-json\/wp\/v2\/comments?post=19229"}],"wp:featuredmedia":[{"embeddable":true,"href":"https:\/\/www.hydraulic-cylinders.net\/cs\/wp-json\/wp\/v2\/media\/17870"}],"wp:attachment":[{"href":"https:\/\/www.hydraulic-cylinders.net\/cs\/wp-json\/wp\/v2\/media?parent=19229"}],"wp:term":[{"taxonomy":"product_brand","embeddable":true,"href":"https:\/\/www.hydraulic-cylinders.net\/cs\/wp-json\/wp\/v2\/product_brand?post=19229"},{"taxonomy":"product_cat","embeddable":true,"href":"https:\/\/www.hydraulic-cylinders.net\/cs\/wp-json\/wp\/v2\/product_cat?post=19229"},{"taxonomy":"product_tag","embeddable":true,"href":"https:\/\/www.hydraulic-cylinders.net\/cs\/wp-json\/wp\/v2\/product_tag?post=19229"}],"curies":[{"name":"wp","href":"https:\/\/api.w.org\/{rel}","templated":true}]}}