{"id":19234,"date":"2025-04-07T06:19:26","date_gmt":"2025-04-07T06:19:26","guid":{"rendered":"https:\/\/www.hydraulic-cylinders.net\/product\/boom-cylinder-for-sunward-small-excavator-swe150elr\/"},"modified":"2025-04-07T06:19:29","modified_gmt":"2025-04-07T06:19:29","slug":"boom-cylinder-for-sunward-small-excavator-swe150elr","status":"publish","type":"product","link":"https:\/\/www.hydraulic-cylinders.net\/cs\/produkt\/boom-cylinder-for-sunward-small-excavator-swe150elr\/","title":{"rendered":"V\u00e1lec v\u00fdlo\u017en\u00edku pro mal\u00e9 rypadlo Sunward SWE150ELR"},"content":{"rendered":"<h1>V\u00e1lec v\u00fdlo\u017en\u00edku pro mal\u00e9 rypadlo Sunward SWE150ELR<\/h1>\n<h2>\u00davod k v\u00e1lc\u016fm v\u00fdlo\u017en\u00edku<\/h2>\n<p>Hydraulick\u00fd v\u00e1lec v\u00fdlo\u017en\u00edku pro mal\u00e9 rypadlo Sunward SWE150ELR je nezbytn\u00e1 hydraulick\u00e1 sou\u010d\u00e1st ur\u010den\u00e1 k usnadn\u011bn\u00ed pohybu v\u00fdlo\u017en\u00edku rypadla. Tento typ hydraulick\u00e9ho v\u00e1lce, speci\u00e1ln\u011b navr\u017een\u00fd pro ovl\u00e1d\u00e1n\u00ed \u010dinnosti v\u00fdlo\u017en\u00edku, hraje z\u00e1sadn\u00ed roli v r\u016fzn\u00fdch aplikac\u00edch t\u011b\u017ek\u00fdch stroj\u016f. Umo\u017e\u0148uje v\u00fdlo\u017en\u00edku zvedat, spou\u0161t\u011bt a nakl\u00e1n\u011bt, co\u017e zefektiv\u0148uje manipulaci s materi\u00e1lem.<\/p>\n<p><img decoding=\"async\" src=\"https:\/\/www.hydraulic-cylinders.net\/wp-content\/uploads\/2025\/04\/songte-company-1.webp\" alt=\"V\u00e1lec v\u00fdlo\u017en\u00edku pro bagr\" \/><\/p>\n<h3>Co je to v\u00e1lec v\u00fdlo\u017en\u00edku?<\/h3>\n<p>Hydraulick\u00fd v\u00e1lec v\u00fdlo\u017en\u00edku je specializovan\u00fd hydraulick\u00fd v\u00e1lec, kter\u00fd umo\u017e\u0148uje p\u0159esn\u00fd pohyb v\u00fdlo\u017en\u00edku v t\u011b\u017ek\u00fdch stroj\u00edch, jako jsou bagry, rypadla-naklada\u010de a \u010deln\u00ed naklada\u010de. Je zodpov\u011bdn\u00fd za vysouv\u00e1n\u00ed a zasouv\u00e1n\u00ed v\u00fdlo\u017en\u00edku, co\u017e umo\u017e\u0148uje obsluze dos\u00e1hnout r\u016fzn\u00fdch v\u00fd\u0161ek a hloubek. Ve stavebn\u00edch a v\u00fdkopov\u00fdch prac\u00edch je funk\u010dnost v\u00e1lce v\u00fdlo\u017en\u00edku kl\u00ed\u010dov\u00e1 pro prov\u00e1d\u011bn\u00ed p\u0159esn\u00fdch kopac\u00edch, zved\u00e1n\u00ed a p\u0159epravn\u00edch \u00fakol\u016f.<\/p>\n<h2>Vlastnosti v\u00e1lce v\u00fdlo\u017en\u00edku<\/h2>\n<ul>\n<li><strong>Vysok\u00e1 pevnost a trvanlivost:<\/strong> V\u00e1lec v\u00fdlo\u017en\u00edku je vyroben z vysokopevnostn\u00ed oceli nebo hlin\u00edku a odol\u00e1 vysok\u00fdm tlak\u016fm a t\u011b\u017ek\u00fdm z\u00e1t\u011b\u017e\u00edm, tak\u017ee je navr\u017een tak, aby vydr\u017eel n\u00e1ro\u010dn\u00e9 pracovn\u00ed prost\u0159ed\u00ed.<\/li>\n<li><strong>Efektivn\u00ed hydraulick\u00fd provoz:<\/strong> Vyu\u017e\u00edv\u00e1 tlak hydraulick\u00e9 kapaliny pro plynul\u00e9 vysouv\u00e1n\u00ed a zasouv\u00e1n\u00ed, co\u017e umo\u017e\u0148uje rychlou reakci na povely obsluhy a poskytuje siln\u00fd tlak a tah.<\/li>\n<li><strong>R\u016fzn\u00e9 typy:<\/strong> K dispozici v jedno\u010dinn\u00e9m a dvoj\u010dinn\u00e9m proveden\u00ed, kter\u00e9 spl\u0148uj\u00ed r\u016fzn\u00e9 provozn\u00ed pot\u0159eby, p\u0159i\u010dem\u017e n\u011bkter\u00e9 modely jsou teleskopick\u00e9 pro del\u0161\u00ed dosah ve st\u00edsn\u011bn\u00fdch prostorech.<\/li>\n<li><strong>Odolnost proti korozi:<\/strong> Navr\u017eeno s pou\u017eit\u00edm materi\u00e1l\u016f a povlak\u016f, kter\u00e9 zabra\u0148uj\u00ed korozi a opot\u0159eben\u00ed, \u010d\u00edm\u017e zaji\u0161\u0165uj\u00ed dlouhou \u017eivotnost a sni\u017euj\u00ed n\u00e1klady na \u00fadr\u017ebu.<\/li>\n<li><strong>Snadn\u00e1 \u00fadr\u017eba:<\/strong> Funkce, kter\u00e9 umo\u017e\u0148uj\u00ed snadnou kontrolu a \u00fadr\u017ebu, zkracuj\u00ed prostoje a zvy\u0161uj\u00ed produktivitu.<\/li>\n<\/ul>\n<p>Na\u0161e spole\u010dnost dok\u00e1\u017ee tento produkt vyrobit a na\u0161e nab\u00eddka dokonale nahrazuje st\u00e1vaj\u00edc\u00ed hydraulick\u00e9 v\u00e1lce.<\/p>\n<p><img decoding=\"async\" src=\"https:\/\/www.hydraulic-cylinders.net\/wp-content\/uploads\/2025\/04\/songte-cylinder-head-with-all-kinds-excavator-models.webp\" alt=\"Modely bagr\u016f\" \/><\/p>\n<h2>Aplikace v\u00e1lce v\u00fdlo\u017en\u00edku<\/h2>\n<h3>Stavebn\u00ed stroje<\/h3>\n<p>U bagr\u016f jsou v\u00e1lce v\u00fdlo\u017en\u00edku kl\u00ed\u010dov\u00e9 pro kop\u00e1n\u00ed, nakl\u00e1d\u00e1n\u00ed a p\u0159emis\u0165ov\u00e1n\u00ed zeminy nebo suti. Poskytuj\u00ed pot\u0159ebnou s\u00edlu k pronik\u00e1n\u00ed do tvrd\u00fdch materi\u00e1l\u016f, co\u017e umo\u017e\u0148uje efektivn\u00ed provoz na staveni\u0161t\u00edch. V\u0161estrannost v\u00e1lc\u016f v\u00fdlo\u017en\u00edku jim umo\u017e\u0148uje p\u0159izp\u016fsobit se r\u016fzn\u00fdm \u00fakol\u016fm a zv\u00fd\u0161it celkovou produktivitu.<\/p>\n<h3>Zem\u011bd\u011blsk\u00e9 stroje<\/h3>\n<p>U \u010deln\u00edch naklada\u010d\u016f usnad\u0148uj\u00ed v\u00e1lce v\u00fdlo\u017en\u00edku nab\u00edr\u00e1n\u00ed, zved\u00e1n\u00ed a p\u0159epravu zeminy, sena a dal\u0161\u00edch materi\u00e1l\u016f. Jejich robustn\u00ed konstrukce zaji\u0161\u0165uje spolehliv\u00fd v\u00fdkon, zejm\u00e9na v zem\u011bd\u011blsk\u00fdch aplikac\u00edch, kde se \u010dasto prov\u00e1d\u00ed zved\u00e1n\u00ed t\u011b\u017ek\u00fdch b\u0159emen.<\/p>\n<h3>Bagry<\/h3>\n<p>U bagr\u016f umo\u017e\u0148uj\u00ed v\u00e1lce v\u00fdlo\u017en\u00edku efektivn\u00ed pronik\u00e1n\u00ed l\u017e\u00edce do zem\u011b a snadn\u00e9 prov\u00e1d\u011bn\u00ed kop\u00e1n\u00ed. Jejich konstrukce zaji\u0161\u0165uje, \u017ee obsluha m\u016f\u017ee p\u0159esn\u011b ovl\u00e1dat hloubku a \u00fahel v\u00fdkopu.<\/p>\n<h3>Naklada\u010de<\/h3>\n<p>U \u010deln\u00edch naklada\u010d\u016f pom\u00e1haj\u00ed v\u00e1lce v\u00fdlo\u017en\u00edku efektivn\u011b zvedat a vykl\u00e1p\u011bt b\u0159emena. Hydraulick\u00fd v\u00fdkon poskytovan\u00fd t\u011bmito v\u00e1lci umo\u017e\u0148uje obsluze manipulovat se sypk\u00fdmi materi\u00e1ly s minim\u00e1ln\u00edm \u00fasil\u00edm, co\u017e zvy\u0161uje celkovou efektivitu na pracovi\u0161ti.<\/p>\n<h2>Konstruk\u010dn\u00ed aspekty a krit\u00e9ria v\u00fdb\u011bru<\/h2>\n<h3>Nosnost<\/h3>\n<p>Nosnost v\u00e1lce v\u00fdlo\u017en\u00edku je kl\u00ed\u010dov\u00fdm faktorem, proto\u017ee ur\u010duje maxim\u00e1ln\u00ed hmotnost, kterou lze bezpe\u010dn\u011b zvednout. V\u00fdb\u011br v\u00e1lce s vhodnou nosnost\u00ed zaji\u0161\u0165uje, \u017ee za\u0159\u00edzen\u00ed m\u016f\u017ee vykon\u00e1vat sv\u00e9 zam\u00fd\u0161len\u00e9 \u00fakoly bez rizika selh\u00e1n\u00ed.<\/p>\n<h3>T\u011bsn\u011bn\u00ed<\/h3>\n<p>\u00da\u010dinn\u00e9 t\u011bsn\u011bn\u00ed je nezbytn\u00e9 pro udr\u017een\u00ed hydraulick\u00e9ho tlaku a prevenci \u00fanik\u016f. V\u00fdb\u011br vysoce kvalitn\u00edch t\u011bsn\u011bn\u00ed, jako jsou p\u00edstn\u00ed a p\u00edstn\u00ed t\u011bsn\u011bn\u00ed, je kl\u00ed\u010dov\u00fd pro zaji\u0161t\u011bn\u00ed dlouh\u00e9 \u017eivotnosti a \u00fa\u010dinnosti hydraulick\u00e9ho syst\u00e9mu.<\/p>\n<h3>Trvanlivost<\/h3>\n<p>Trvanlivost je kl\u00ed\u010dov\u00fdm faktorem p\u0159i konstrukci v\u00e1lc\u016f v\u00fdlo\u017en\u00edku. Materi\u00e1ly mus\u00ed odol\u00e1vat opot\u0159eben\u00ed vlivem prost\u0159ed\u00ed, v\u010detn\u011b koroze zp\u016fsoben\u00e9 vystaven\u00edm pov\u011btrnostn\u00edm vliv\u016fm. Spr\u00e1vn\u00e9 konstruk\u010dn\u00ed \u0159e\u0161en\u00ed a v\u00fdb\u011br materi\u00e1l\u016f jsou z\u00e1sadn\u00ed pro prodlou\u017een\u00ed \u017eivotnosti t\u011bchto sou\u010d\u00e1st\u00ed.<\/p>\n<h3>Bezpe\u010dnost<\/h3>\n<p>Sou\u010d\u00e1st\u00ed konstrukce v\u00e1lc\u016f v\u00fdlo\u017en\u00edku mus\u00ed b\u00fdt bezpe\u010dnostn\u00ed prvky, v\u010detn\u011b p\u0159etlakov\u00fdch ventil\u016f a syst\u00e9m\u016f ochrany proti p\u0159et\u00ed\u017een\u00ed. Tyto prvky pom\u00e1haj\u00ed p\u0159edch\u00e1zet nehod\u00e1m a zaji\u0161\u0165uj\u00ed bezpe\u010dn\u00fd provoz za v\u0161ech podm\u00ednek.<\/p>\n<h3>Udr\u017eovatelnost<\/h3>\n<p>Snadn\u00e1 \u00fadr\u017eba je z\u00e1sadn\u00ed pro minimalizaci prostoj\u016f v provozu. Konstruk\u010dn\u00ed aspekty by m\u011bly zahrnovat p\u0159\u00edstupnost pro kontroly a opravy, jako\u017e i vym\u011bniteln\u00e9 komponenty pro usnadn\u011bn\u00ed b\u011b\u017en\u00e9 \u00fadr\u017eby.<\/p>\n<p><img decoding=\"async\" src=\"https:\/\/www.hydraulic-cylinders.net\/wp-content\/uploads\/2025\/04\/songte-oil-pipes-and-spare-parts.webp\" alt=\"Hydraulick\u00e9 komponenty\" \/><\/p>\n<h2>T\u011bsn\u011bn\u00ed a maz\u00e1n\u00ed hydraulick\u00e9ho v\u00e1lce<\/h2>\n<p>Spr\u00e1vn\u00e9 t\u011bsn\u011bn\u00ed a maz\u00e1n\u00ed jsou z\u00e1sadn\u00ed pro funk\u010dnost hydraulick\u00fdch v\u00e1lc\u016f. K udr\u017een\u00ed tlaku a zabr\u00e1n\u011bn\u00ed \u00fanik\u016fm se pou\u017e\u00edvaj\u00ed r\u016fzn\u00e1 t\u011bsn\u011bn\u00ed, jako jsou p\u00edstn\u00ed a p\u00edstn\u00ed t\u011bsn\u011bn\u00ed. V\u00fdb\u011br odoln\u00fdch materi\u00e1l\u016f, jako je polyuretan a nitrilov\u00e1 pry\u017e, zaji\u0161\u0165uje dlouhou \u017eivotnost a odolnost proti opot\u0159eben\u00ed.<\/p>\n<p>T\u011bleso v\u00e1lce a z\u00e1vitov\u00e9 povrchy proch\u00e1zej\u00ed jemn\u00fdm opracov\u00e1n\u00edm pro zv\u00fd\u0161en\u00ed odolnosti proti opot\u0159eben\u00ed. Pravideln\u00e9 maz\u00e1n\u00ed hydraulick\u00fdm olejem je nezbytn\u00e9 pro zaji\u0161t\u011bn\u00ed plynul\u00e9ho provozu a prevenci po\u0161kozen\u00ed zp\u016fsoben\u00e9ho t\u0159en\u00edm.<\/p>\n<h2>Pravideln\u00e1 kontrola a preventivn\u00ed \u00fadr\u017eba<\/h2>\n<ul>\n<li><strong>Pravideln\u00e9 kontroly:<\/strong> Prov\u00e1d\u011bjte pravideln\u00e9 kontroly k identifikaci opot\u0159eben\u00ed a po\u0161kozen\u00ed. To zahrnuje kontrolu net\u011bsnost\u00ed, ov\u011b\u0159en\u00ed integrity t\u011bsn\u011bn\u00ed a zaji\u0161t\u011bn\u00ed se\u0159\u00edzen\u00ed v\u00e1lc\u016f.<\/li>\n<li><strong>Spr\u00e1vn\u00e9 maz\u00e1n\u00ed:<\/strong> Zajist\u011bte, aby byla hladina hydraulick\u00e9ho oleje dostate\u010dn\u00e1 a aby byly mazac\u00ed body pravideln\u011b servisov\u00e1ny, aby byl zaji\u0161t\u011bn hladk\u00fd provoz.<\/li>\n<li><strong>V\u00fdm\u011bna t\u011bsn\u011bn\u00ed:<\/strong> Sledujte stav t\u011bsn\u011bn\u00ed a v p\u0159\u00edpad\u011b pot\u0159eby je vym\u011b\u0148ujte, abyste zabr\u00e1nili \u00fanik\u016fm a udr\u017eeli v\u00fdkon v\u00e1lce.<\/li>\n<\/ul>\n<h2>Pokyny k instalaci v\u00e1lce v\u00fdlo\u017en\u00edku<\/h2>\n<p>Spr\u00e1vn\u00e1 instalace v\u00e1lce v\u00fdlo\u017en\u00edku je z\u00e1sadn\u00ed pro optim\u00e1ln\u00ed v\u00fdkon. Za\u010dn\u011bte t\u00edm, \u017ee se ujist\u00edte, \u017ee mont\u00e1\u017en\u00ed povrchy jsou \u010dist\u00e9 a bez ne\u010distot. Pe\u010dliv\u011b vyrovnejte v\u00e1lec s mont\u00e1\u017en\u00edmi konzolami, abyste p\u0159ede\u0161li nespr\u00e1vn\u00e9mu vyrovn\u00e1n\u00ed, kter\u00e9 m\u016f\u017ee v\u00e9st k p\u0159ed\u010dasn\u00e9mu opot\u0159eben\u00ed.<\/p>\n<p>Pro pevn\u00e9 upevn\u011bn\u00ed v\u00e1lce pou\u017eijte vhodn\u00e9 mont\u00e1\u017en\u00ed konzoly. Po instalaci dvakr\u00e1t zkontrolujte t\u011bsnost v\u0161ech spoj\u016f a hydraulick\u00fdch potrub\u00ed. Dodr\u017eujte pokyny v\u00fdrobce ohledn\u011b nastaven\u00ed utahovac\u00edho momentu a postupu instalace, abyste zajistili, \u017ee v\u00e1lec funguje spr\u00e1vn\u011b.<\/p>\n<h2>\u00dakoly \u00fadr\u017eby<\/h2>\n<ul>\n<li><strong>Pravideln\u00e9 kontroly:<\/strong> Prov\u00e1d\u011bjte pravideln\u00e9 kontroly hydraulick\u00e9ho syst\u00e9mu, abyste identifikovali potenci\u00e1ln\u00ed probl\u00e9my d\u0159\u00edve, ne\u017e se rozvinou do v\u011bt\u0161\u00edch probl\u00e9m\u016f.<\/li>\n<li><strong>Spr\u00e1vn\u00e9 maz\u00e1n\u00ed:<\/strong> Udr\u017eujte dostate\u010dnou hladinu maz\u00e1n\u00ed, abyste sn\u00ed\u017eili t\u0159en\u00ed a opot\u0159eben\u00ed pohybliv\u00fdch \u010d\u00e1st\u00ed, co\u017e je nezbytn\u00e9 pro prodlou\u017een\u00ed \u017eivotnosti v\u00e1lce.<\/li>\n<li><strong>V\u00fdm\u011bna t\u011bsn\u011bn\u00ed a kontroly kalibrace:<\/strong> Pravideln\u011b vym\u011b\u0148ujte opot\u0159ebovan\u00e1 t\u011bsn\u011bn\u00ed a prov\u00e1d\u011bjte kalibra\u010dn\u00ed kontroly, abyste zajistili p\u0159esnou kontrolu nad hydraulick\u00fdm syst\u00e9mem.<\/li>\n<\/ul>\n<h2>Bezpe\u010dnostn\u00ed aspekty a faktory prost\u0159ed\u00ed<\/h2>\n<p>P\u0159i pou\u017e\u00edv\u00e1n\u00ed hydraulick\u00fdch v\u00e1lc\u016f je dodr\u017eov\u00e1n\u00ed bezpe\u010dnostn\u00edch opat\u0159en\u00ed prvo\u0159ad\u00e9. Obsluha mus\u00ed b\u00fdt pro\u0161kolena ve spr\u00e1vn\u00fdch technik\u00e1ch manipulace, aby se minimalizovalo riziko. Zaji\u0161t\u011bn\u00ed dobr\u00e9ho stavu v\u0161ech sou\u010d\u00e1st\u00ed nav\u00edc pom\u00e1h\u00e1 p\u0159edch\u00e1zet nehod\u00e1m a ohro\u017een\u00ed \u017eivotn\u00edho prost\u0159ed\u00ed.<\/p>\n<h2>Diagnostika z\u00e1vad a b\u011b\u017en\u00e9 probl\u00e9my<\/h2>\n<ul>\n<li><strong>Net\u011bsn\u00edc\u00ed t\u011bsn\u011bn\u00ed:<\/strong> Jedn\u00edm z nej\u010dast\u011bj\u0161\u00edch probl\u00e9m\u016f jsou net\u011bsnosti t\u011bsn\u011bn\u00ed, kter\u00e9 mohou v\u00e9st ke sn\u00ed\u017een\u00ed v\u00fdkonu. Pravideln\u00e1 kontrola t\u011bsn\u011bn\u00ed je nezbytn\u00e1 pro v\u010dasn\u00e9 odhalen\u00ed tohoto probl\u00e9mu.<\/li>\n<li><strong>Tlakov\u00e9 poklesy:<\/strong> N\u00e1hl\u00fd pokles tlaku m\u016f\u017ee signalizovat poruchu hydraulick\u00e9ho syst\u00e9mu. \u0158e\u0161en\u00ed probl\u00e9m\u016f by m\u011blo zahrnovat kontrolu hladiny kapalin a hled\u00e1n\u00ed net\u011bsnost\u00ed.<\/li>\n<li><strong>Nereaguj\u00edc\u00ed operace:<\/strong> Pokud v\u00e1lec nereaguje na povely, m\u016f\u017ee to znamenat zablokov\u00e1n\u00ed nebo probl\u00e9m s hydraulick\u00fdm \u010derpadlem. Pro diagnostiku p\u0159\u00ed\u010diny je nutn\u00e1 d\u016fkladn\u00e1 kontrola.<\/li>\n<\/ul>\n<h2>Tipy pro \u0159e\u0161en\u00ed probl\u00e9m\u016f<\/h2>\n<p>Pro efektivn\u00ed diagnostiku a \u0159e\u0161en\u00ed probl\u00e9m\u016f s v\u00e1lcem v\u00fdlo\u017en\u00edku za\u010dn\u011bte kontrolou hladiny kapalin a zaji\u0161t\u011bn\u00edm, \u017ee v syst\u00e9mu nejsou \u017e\u00e1dn\u00e9 net\u011bsnosti. Pravideln\u00e9 postupy \u00fadr\u017eby, jako je \u010di\u0161t\u011bn\u00ed a servis, mohou p\u0159edej\u00edt mnoha b\u011b\u017en\u00fdm probl\u00e9m\u016fm.<\/p>\n<p>Zav\u00e1d\u011bjte preventivn\u00ed opat\u0159en\u00ed, jako je pou\u017e\u00edv\u00e1n\u00ed kvalitn\u00ed hydraulick\u00e9 kapaliny a dodr\u017eov\u00e1n\u00ed pokyn\u016f v\u00fdrobce pro provoz. Pravideln\u00e9 \u0161kolen\u00ed obsluhy m\u016f\u017ee tak\u00e9 minimalizovat lidsk\u00e9 chyby a prodlou\u017eit \u017eivotnost hydraulick\u00fdch komponent\u016f.<\/p>\n<p><img decoding=\"async\" src=\"https:\/\/www.hydraulic-cylinders.net\/wp-content\/uploads\/2025\/04\/songte-bushings-with-all-kinds-of-excavator-models.webp\" alt=\"Pouzdra pro bagry\" \/><\/p>\n<h2>O na\u0161\u00ed spole\u010dnosti<\/h2>\n<p>Jsme p\u0159edn\u00edm v\u00fdrobcem n\u00e1hradn\u00edch hydraulick\u00fdch v\u00e1lc\u016f a nab\u00edz\u00edme komplexn\u00ed sortiment produkt\u016f, kter\u00e9 uspokoj\u00ed jak dom\u00e1c\u00ed, tak mezin\u00e1rodn\u00ed trhy. N\u00e1\u0161 z\u00e1vazek k vynikaj\u00edc\u00ed kvalit\u011b je podpo\u0159en propracovanou v\u00fdrobn\u00ed strategi\u00ed, kter\u00e1 klade d\u016fraz na p\u0159esnost a efektivitu.<\/p>\n<p>Vyu\u017e\u00edv\u00e1me nejmodern\u011bj\u0161\u00ed v\u00fdrobn\u00ed za\u0159\u00edzen\u00ed a kvalifikovanou pracovn\u00ed s\u00edlu, abychom neust\u00e1le vylep\u0161ovali na\u0161e v\u00fdrobn\u00ed kapacity, abychom uspokojili rozmanit\u00e9 pot\u0159eby na\u0161ich z\u00e1kazn\u00edk\u016f. Na\u0161e oddanost kvalit\u011b je d\u00e1le podpo\u0159ena mezin\u00e1rodn\u00edmi certifikacemi, kter\u00e9 zaji\u0161\u0165uj\u00ed, \u017ee na\u0161e produkty spl\u0148uj\u00ed nejvy\u0161\u0161\u00ed standardy.<\/p>\n<p>Nab\u00edz\u00edme tak\u00e9 slu\u017eby na m\u00edru, kter\u00e9 spl\u0148uj\u00ed specifick\u00e9 po\u017eadavky klient\u016f, a poskytujeme v\u00fdjime\u010dnou poprodejn\u00ed podporu pro udr\u017een\u00ed siln\u00fdch vztah\u016f se z\u00e1kazn\u00edky.<\/p>\n<p><img decoding=\"async\" src=\"https:\/\/www.hydraulic-cylinders.net\/wp-content\/uploads\/2025\/04\/songte-company-4.webp\" alt=\"Na\u0161e spole\u010dnost\" \/><br \/>\n<img decoding=\"async\" src=\"https:\/\/www.hydraulic-cylinders.net\/wp-content\/uploads\/2025\/04\/songte-company-3.webp\" alt=\"Produkce spole\u010dnosti\" \/><\/p>\n<p>Autor: lyl<\/p>","protected":false},"excerpt":{"rendered":"<p>Boom Cylinder For Sunward Small Excavator SWE150ELR Introduction to Boom Cylinders The Boom Cylinder for Sunward Small Excavator SWE150ELR is an essential hydraulic component designed to facilitate the movement of excavators&#8217; boom. This type of hydraulic cylinder, specifically crafted to control the action of the boom, plays a vital role in various heavy machinery applications. [&hellip;]<\/p>","protected":false},"featured_media":17875,"comment_status":"open","ping_status":"closed","template":"","meta":{"_et_pb_use_builder":"","_et_pb_old_content":"","_et_gb_content_width":""},"product_brand":[],"product_cat":[1546],"product_tag":[1547,1496],"class_list":{"0":"post-19234","1":"product","2":"type-product","3":"status-publish","4":"has-post-thumbnail","6":"product_cat-boom-cylinders","7":"product_tag-boom-cylinders","8":"product_tag-hydraulic-cylinders","10":"first","11":"instock","12":"shipping-taxable","13":"product-type-simple"},"amp_enabled":true,"_links":{"self":[{"href":"https:\/\/www.hydraulic-cylinders.net\/cs\/wp-json\/wp\/v2\/product\/19234","targetHints":{"allow":["GET"]}}],"collection":[{"href":"https:\/\/www.hydraulic-cylinders.net\/cs\/wp-json\/wp\/v2\/product"}],"about":[{"href":"https:\/\/www.hydraulic-cylinders.net\/cs\/wp-json\/wp\/v2\/types\/product"}],"replies":[{"embeddable":true,"href":"https:\/\/www.hydraulic-cylinders.net\/cs\/wp-json\/wp\/v2\/comments?post=19234"}],"wp:featuredmedia":[{"embeddable":true,"href":"https:\/\/www.hydraulic-cylinders.net\/cs\/wp-json\/wp\/v2\/media\/17875"}],"wp:attachment":[{"href":"https:\/\/www.hydraulic-cylinders.net\/cs\/wp-json\/wp\/v2\/media?parent=19234"}],"wp:term":[{"taxonomy":"product_brand","embeddable":true,"href":"https:\/\/www.hydraulic-cylinders.net\/cs\/wp-json\/wp\/v2\/product_brand?post=19234"},{"taxonomy":"product_cat","embeddable":true,"href":"https:\/\/www.hydraulic-cylinders.net\/cs\/wp-json\/wp\/v2\/product_cat?post=19234"},{"taxonomy":"product_tag","embeddable":true,"href":"https:\/\/www.hydraulic-cylinders.net\/cs\/wp-json\/wp\/v2\/product_tag?post=19234"}],"curies":[{"name":"wp","href":"https:\/\/api.w.org\/{rel}","templated":true}]}}