{"id":19240,"date":"2025-04-07T06:22:29","date_gmt":"2025-04-07T06:22:29","guid":{"rendered":"https:\/\/www.hydraulic-cylinders.net\/product\/boom-cylinder-for-sunward-middle-excavator-swe26olc\/"},"modified":"2025-04-07T06:22:32","modified_gmt":"2025-04-07T06:22:32","slug":"boom-cylinder-for-sunward-middle-excavator-swe26olc","status":"publish","type":"product","link":"https:\/\/www.hydraulic-cylinders.net\/cs\/produkt\/boom-cylinder-for-sunward-middle-excavator-swe26olc\/","title":{"rendered":"V\u00e1lec v\u00fdlo\u017en\u00edku pro st\u0159edn\u00ed bagr Sunward SWE26OLC"},"content":{"rendered":"<h1>V\u00e1lec v\u00fdlo\u017en\u00edku pro st\u0159edn\u00ed bagr Sunward SWE26OLC<\/h1>\n<h2>P\u0159ehled produktu<\/h2>\n<p>Hydraulick\u00fd v\u00e1lec v\u00fdlo\u017en\u00edku pro rypadlo Sunward Middle Excavator SWE26OLC je specializovan\u00fd hydraulick\u00fd v\u00e1lec ur\u010den\u00fd k ovl\u00e1d\u00e1n\u00ed pohybu l\u017e\u00edce v t\u011b\u017ek\u00fdch stroj\u00edch, jako jsou rypadla, rypadla-naklada\u010de a \u010deln\u00ed naklada\u010de. Tento hydraulick\u00fd v\u00e1lec hraje kl\u00ed\u010dovou roli p\u0159i zved\u00e1n\u00ed, spou\u0161t\u011bn\u00ed a nakl\u00e1p\u011bn\u00ed l\u017e\u00edce, co\u017e usnad\u0148uje r\u016fzn\u00e9 \u00fakoly manipulace s materi\u00e1lem. V\u00e1lec l\u017e\u00edce, typ hydraulick\u00e9ho v\u00e1lce, je nezbytn\u00fd pro efektivn\u00ed provoz ve stavebn\u00edch a v\u00fdkopov\u00fdch projektech a umo\u017e\u0148uje obsluze prov\u00e1d\u011bt \u00fakoly s p\u0159esnost\u00ed a rychlost\u00ed.<\/p>\n<p><img decoding=\"async\" src=\"https:\/\/www.hydraulic-cylinders.net\/wp-content\/uploads\/2025\/04\/songte-company-1.webp\" alt=\"Obr\u00e1zek v\u00e1lce v\u00fdlo\u017en\u00edku\"><\/p>\n<h2>Kl\u00ed\u010dov\u00e9 vlastnosti<\/h2>\n<ul>\n<li><strong>Vysok\u00e1 pevnost a trvanlivost:<\/strong> Tyto v\u00e1lce, obvykle vyroben\u00e9 z vysokopevnostn\u00ed oceli nebo hlin\u00edku, odol\u00e1vaj\u00ed vysok\u00e9mu tlaku a velk\u00e9mu zat\u00ed\u017een\u00ed, tak\u017ee jsou vhodn\u00e9 pro n\u00e1ro\u010dn\u00e9 pracovn\u00ed prost\u0159ed\u00ed. Jsou navr\u017eeny s ohledem na odolnost proti opot\u0159eben\u00ed a korozi, co\u017e prodlu\u017euje jejich \u017eivotnost.<\/li>\n<li><strong>Efektivn\u00ed hydraulick\u00fd provoz:<\/strong> D\u00edky plynul\u00e9mu vysouv\u00e1n\u00ed a zasouv\u00e1n\u00ed s vyu\u017eit\u00edm hydraulick\u00e9ho tlaku oleje dok\u00e1\u017e\u00ed v\u00e1lce rychle reagovat na \u0159\u00eddic\u00ed povely a poskytovat silnou tla\u010dnou a ta\u017enou s\u00edlu, ide\u00e1ln\u00ed pro manipulaci s t\u011b\u017ek\u00fdmi materi\u00e1ly a slo\u017eit\u00e9 \u00fakoly.<\/li>\n<li><strong>R\u016fzn\u00e9 typy:<\/strong> K dispozici s jedno\u010dinn\u00fdmi (hydraulick\u00e9 v jednom sm\u011bru) nebo dvoj\u010dinn\u00fdmi (hydraulick\u00e9 v obou sm\u011brech) v\u00e1lci, kter\u00e9 spl\u0148uj\u00ed r\u016fzn\u00e9 provozn\u00ed pot\u0159eby. N\u011bkter\u00e9 modely jsou teleskopick\u00e9, co\u017e umo\u017e\u0148uje v\u011bt\u0161\u00ed vysunut\u00ed bez zv\u011bt\u0161en\u00ed vn\u011bj\u0161\u00edch rozm\u011br\u016f, a jsou vhodn\u00e9 pro aplikace s omezen\u00fdm prostorem.<\/li>\n<\/ul>\n<p>Tento produkt dok\u00e1\u017eeme vyrobit a na\u0161e produkty dok\u00e1\u017e\u00ed tyto hydraulick\u00e9 v\u00e1lce dokonale nahradit.<\/p>\n<p><img decoding=\"async\" src=\"https:\/\/www.hydraulic-cylinders.net\/wp-content\/uploads\/2025\/04\/songte-cylinder-head-with-all-kinds-excavator-models.webp\" alt=\"Modely bagr\u016f\"><\/p>\n<h2>Sc\u00e9n\u00e1\u0159e aplikac\u00ed<\/h2>\n<h3>Stavebn\u00ed stroje<\/h3>\n<p>U bagr\u016f jsou v\u00e1lce v\u00fdlo\u017en\u00edku kl\u00ed\u010dov\u00e9 pro kop\u00e1n\u00ed, nakl\u00e1d\u00e1n\u00ed a p\u0159emis\u0165ov\u00e1n\u00ed zeminy nebo suti. Umo\u017e\u0148uj\u00ed l\u017e\u00edci efektivn\u011b pronikat do zem\u011b, co\u017e obsluze umo\u017e\u0148uje efektivn\u011b prov\u00e1d\u011bt v\u00fdkopov\u00e9 pr\u00e1ce.<\/p>\n<h3>Zem\u011bd\u011blsk\u00e9 stroje<\/h3>\n<p>V \u010deln\u00edch naklada\u010d\u00edch se pou\u017e\u00edvaj\u00ed v\u00e1lce v\u00fdlo\u017en\u00edku, kter\u00e9 pom\u00e1haj\u00ed p\u0159i nab\u00edr\u00e1n\u00ed, zved\u00e1n\u00ed a p\u0159eprav\u011b zeminy, sena a dal\u0161\u00edch materi\u00e1l\u016f. Jejich hydraulick\u00fd mechanismus umo\u017e\u0148uje plynul\u00fd provoz p\u0159i prov\u00e1d\u011bn\u00ed zem\u011bd\u011blsk\u00fdch \u00fakol\u016f.<\/p>\n<h3>Bagry<\/h3>\n<p>U bagr\u016f usnad\u0148uj\u00ed v\u00e1lce kore\u010dk\u016f kopac\u00ed pohyby a umo\u017e\u0148uj\u00ed kore\u010dce efektivn\u011b pronikat do p\u016fdy, co\u017e je \u010din\u00ed nezbytn\u00fdmi pro v\u00fdkopov\u00e9 pr\u00e1ce.<\/p>\n<h3>Naklada\u010de<\/h3>\n<p>U \u010deln\u00edch naklada\u010d\u016f pom\u00e1haj\u00ed efektivn\u011b zvedat a vykl\u00e1dat materi\u00e1ly, co\u017e prokazuje jejich v\u0161estrannost v r\u016fzn\u00fdch stavebn\u00edch a zem\u011bd\u011blsk\u00fdch aplikac\u00edch.<\/p>\n<h2>\u00davahy o designu<\/h2>\n<h3>Nosnost<\/h3>\n<p>Nosnost v\u00e1lce v\u00fdlo\u017en\u00edku je kritick\u00fdm faktorem, proto\u017ee ur\u010duje, kolik hmotnosti dok\u00e1\u017ee v\u00e1lec efektivn\u011b zvednout a s jakou manipulac\u00ed. Materi\u00e1ly pou\u017eit\u00e9 p\u0159i konstrukci v\u00e1lce, jako je vysokopevnostn\u00ed ocel, p\u0159isp\u00edvaj\u00ed k jeho schopnosti odolat zna\u010dn\u00e9mu zat\u00ed\u017een\u00ed bez deformace nebo selh\u00e1n\u00ed. Dostate\u010dn\u00e1 nosnost zaji\u0161\u0165uje, \u017ee rypadlo m\u016f\u017ee bezpe\u010dn\u011b a efektivn\u011b prov\u00e1d\u011bt zam\u00fd\u0161len\u00e9 operace, a t\u00edm zvy\u0161ovat produktivitu na staveni\u0161ti.<\/p>\n<h3>T\u011bsn\u011bn\u00ed<\/h3>\n<p>\u00da\u010dinn\u00e9 t\u011bsn\u011bn\u00ed je u hydraulick\u00fdch v\u00e1lc\u016f nezbytn\u00e9, aby se zabr\u00e1nilo \u00faniku kapaliny, co\u017e m\u016f\u017ee v\u00e9st ke sn\u00ed\u017een\u00ed v\u00fdkonu a provozn\u00edm rizik\u016fm. Pou\u017eit\u00ed vysoce kvalitn\u00edch t\u011bsn\u011bn\u00ed, jako jsou p\u00edstn\u00ed a p\u00edstn\u00ed t\u011bsn\u011bn\u00ed, vyroben\u00fdch z odoln\u00fdch materi\u00e1l\u016f, jako je polyuretan a nitrilov\u00e1 pry\u017e, zaji\u0161\u0165uje, \u017ee hydraulick\u00e1 kapalina z\u016fst\u00e1v\u00e1 uvnit\u0159 v\u00e1lce pod tlakem. Spr\u00e1vn\u00e9 t\u011bsn\u011bn\u00ed nejen zvy\u0161uje \u00fa\u010dinnost hydraulick\u00e9ho syst\u00e9mu, ale tak\u00e9 prodlu\u017euje \u017eivotnost v\u00e1lce minimalizac\u00ed opot\u0159eben\u00ed.<\/p>\n<h3>Trvanlivost<\/h3>\n<p>Trvanlivost je dal\u0161\u00edm kritick\u00fdm konstruk\u010dn\u00edm hlediskem, proto\u017ee hydraulick\u00e9 v\u00e1lce \u010dasto pracuj\u00ed v n\u00e1ro\u010dn\u00fdch podm\u00ednk\u00e1ch, kde je b\u011b\u017en\u00e9 vystaven\u00ed ne\u010distot\u00e1m, vlhkosti a extr\u00e9mn\u00edm teplot\u00e1m. Konstrukce zahrnuje ot\u011bruvzdorn\u00e9 povlaky a robustn\u00ed materi\u00e1ly pro prodlou\u017een\u00ed \u017eivotnosti v\u00e1lce. Odoln\u00fd hydraulick\u00fd v\u00e1lec sni\u017euje pot\u0159ebu \u00fadr\u017eby a zaji\u0161\u0165uje konzistentn\u00ed v\u00fdkon po del\u0161\u00ed dobu, \u010d\u00edm\u017e minimalizuje prostoje a provozn\u00ed n\u00e1klady.<\/p>\n<h2>T\u011bsn\u011bn\u00ed a maz\u00e1n\u00ed<\/h2>\n<p>T\u011bsn\u011bn\u00ed a maz\u00e1n\u00ed jsou nezbytn\u00e9 pro optim\u00e1ln\u00ed v\u00fdkon hydraulick\u00fdch v\u00e1lc\u016f. K zabr\u00e1n\u011bn\u00ed \u00faniku hydraulick\u00e9 kapaliny se pou\u017e\u00edvaj\u00ed r\u016fzn\u00e9 t\u011bsnic\u00ed prvky, jako jsou t\u011bsn\u011bn\u00ed p\u00edst\u016f a t\u011bsn\u011bn\u00ed p\u00edstnic. V\u00fdb\u011br t\u011bsn\u011bn\u00ed vyroben\u00fdch z materi\u00e1l\u016f odoln\u00fdch proti opot\u0159eben\u00ed, jako je polyuretan a nitrilov\u00e1 pry\u017e, je z\u00e1sadn\u00ed pro zaji\u0161t\u011bn\u00ed dlouh\u00e9 \u017eivotnosti a spolehlivosti. T\u011bleso v\u00e1lce a z\u00e1vitov\u00e9 koncov\u00e9 plochy proch\u00e1zej\u00ed jemn\u00fdm obr\u00e1b\u011bn\u00edm pro zv\u00fd\u0161en\u00ed odolnosti proti opot\u0159eben\u00ed. Pravideln\u00e9 maz\u00e1n\u00ed vhodn\u00fdm hydraulick\u00fdm olejem je nezbytn\u00e9 pro sn\u00ed\u017een\u00ed t\u0159en\u00ed a prevenci opot\u0159eben\u00ed sou\u010d\u00e1st\u00ed, \u010d\u00edm\u017e se zajist\u00ed hladk\u00fd chod a prodlou\u017e\u00ed \u017eivotnost v\u00e1lce.<\/p>\n<h2>Preventivn\u00ed \u00fadr\u017ebov\u00e1 opat\u0159en\u00ed<\/h2>\n<ul>\n<li><strong>Pravideln\u00e9 kontroly:<\/strong> Prov\u00e1d\u011bjte pravideln\u00e9 kontroly, abyste v\u010das odhalili p\u0159\u00edpadn\u00e9 probl\u00e9my. Pat\u0159\u00ed sem kontrola opot\u0159eben\u00ed t\u011bsn\u011bn\u00ed, kontrola net\u011bsnost\u00ed a zaji\u0161t\u011bn\u00ed spr\u00e1vn\u00e9 funkce v\u0161ech sou\u010d\u00e1st\u00ed.<\/li>\n<li><strong>V\u010dasn\u00e9 maz\u00e1n\u00ed:<\/strong> Zajist\u011bte udr\u017eov\u00e1n\u00ed hladiny hydraulick\u00e9ho oleje a maz\u00e1n\u00ed podle pot\u0159eby, aby se zabr\u00e1nilo nadm\u011brn\u00e9mu opot\u0159eben\u00ed pohybliv\u00fdch \u010d\u00e1st\u00ed.<\/li>\n<li><strong>V\u00fdm\u011bna t\u011bsn\u011bn\u00ed:<\/strong> Sledujte t\u011bsn\u011bn\u00ed, zda nevykazuj\u00ed zn\u00e1mky opot\u0159eben\u00ed, a v p\u0159\u00edpad\u011b pot\u0159eby je vym\u011b\u0148te, aby se zachovala integrita syst\u00e9mu a zabr\u00e1nilo se \u00fanik\u016fm.<\/li>\n<\/ul>\n<h2>Pokyny k instalaci<\/h2>\n<p>Spr\u00e1vn\u00e1 instalace v\u00e1lce v\u00fdlo\u017en\u00edku je z\u00e1sadn\u00ed pro optim\u00e1ln\u00ed v\u00fdkon. Za\u010dn\u011bte t\u00edm, \u017ee se ujist\u00edte, \u017ee mont\u00e1\u017en\u00ed povrchy jsou \u010dist\u00e9 a bez ne\u010distot. K upevn\u011bn\u00ed v\u00e1lce pou\u017eijte vhodn\u00e9 mont\u00e1\u017en\u00ed konzoly a ujist\u011bte se, \u017ee je spr\u00e1vn\u011b zarovn\u00e1n s hydraulick\u00fdm syst\u00e9mem rypadla. V\u017edy se \u0159i\u010fte specifikacemi v\u00fdrobce ohledn\u011b nastaven\u00ed utahovac\u00edho momentu a postupu instalace. Po instalaci prove\u010fte d\u016fkladnou kontrolu, abyste se ujistili, \u017ee v\u0161echna p\u0159ipojen\u00ed jsou bezpe\u010dn\u00e1 a \u017ee nedoch\u00e1z\u00ed k \u017e\u00e1dn\u00fdm net\u011bsnostem. P\u0159ed op\u011btovn\u00fdm uveden\u00edm za\u0159\u00edzen\u00ed do provozu otestujte hydraulick\u00fd syst\u00e9m, abyste se ujistili o jeho spr\u00e1vn\u00e9 funkci.<\/p>\n<h2>B\u011b\u017en\u00e9 \u00fakoly \u00fadr\u017eby<\/h2>\n<ul>\n<li><strong>Pravideln\u00e9 kontroly:<\/strong> Prov\u00e1d\u011bjte pl\u00e1novan\u00e9 kontroly hydraulick\u00fdch v\u00e1lc\u016f, abyste zkontrolovali, zda nevykazuj\u00ed zn\u00e1mky opot\u0159eben\u00ed nebo po\u0161kozen\u00ed. Hledejte p\u0159\u00edpadn\u00e9 net\u011bsnosti kolem t\u011bsn\u011bn\u00ed a ujist\u011bte se, \u017ee v\u0161echny pohybliv\u00e9 \u010d\u00e1sti funguj\u00ed hladce.<\/li>\n<li><strong>Vhodn\u00e9 maz\u00e1n\u00ed:<\/strong> Zajist\u011bte pravideln\u00e9 dopl\u0148ov\u00e1n\u00ed hydraulick\u00e9ho oleje a proma\u017ete pohybliv\u00e9 \u010d\u00e1sti, abyste minimalizovali t\u0159en\u00ed a opot\u0159eben\u00ed, kter\u00e9 m\u016f\u017ee v\u00e9st k p\u0159ed\u010dasn\u00e9mu selh\u00e1n\u00ed.<\/li>\n<li><strong>V\u00fdm\u011bna t\u011bsn\u011bn\u00ed a kontroly kalibrace:<\/strong> Pravideln\u011b kontrolujte stav t\u011bsn\u011bn\u00ed a v p\u0159\u00edpad\u011b pot\u0159eby je vym\u011b\u0148ujte. Kalibrace hydraulick\u00e9ho syst\u00e9mu je tak\u00e9 nezbytn\u00e1 pro zaji\u0161t\u011bn\u00ed toho, aby v\u00e1lec fungoval v r\u00e1mci specifikovan\u00fdch parametr\u016f.<\/li>\n<\/ul>\n<h2>Bezpe\u010dnostn\u00ed aspekty a faktory prost\u0159ed\u00ed<\/h2>\n<p>Zav\u00e1d\u011bn\u00ed bezpe\u010dnostn\u00edch opat\u0159en\u00ed p\u0159i pou\u017e\u00edv\u00e1n\u00ed v\u00e1lc\u016f v\u00fdlo\u017en\u00edku je z\u00e1sadn\u00ed pro prevenci nehod. Obsluha by m\u011bla b\u00fdt pro\u0161kolena v bezpe\u010dn\u00fdch provozn\u00edch postupech a m\u011bla by nosit vhodn\u00e9 osobn\u00ed ochrann\u00e9 prost\u0159edky (OOP). Pravideln\u00e9 bezpe\u010dnostn\u00ed audity mohou nav\u00edc pomoci identifikovat potenci\u00e1ln\u00ed nebezpe\u010d\u00ed souvisej\u00edc\u00ed s hydraulick\u00fdm syst\u00e9mem. Pro sn\u00ed\u017een\u00ed dopadu provozu hydraulick\u00fdch v\u00e1lc\u016f na \u017eivotn\u00ed prost\u0159ed\u00ed by se m\u011bly zohlednit i faktory prost\u0159ed\u00ed, jako je spr\u00e1vn\u00e1 likvidace hydraulick\u00fdch kapalin a recyklace materi\u00e1l\u016f.<\/p>\n<h2>Odstra\u0148ov\u00e1n\u00ed probl\u00e9m\u016f a b\u011b\u017en\u00e9 probl\u00e9my<\/h2>\n<ul>\n<li><strong>\u00danik:<\/strong> K \u00faniku m\u016f\u017ee doch\u00e1zet v d\u016fsledku opot\u0159ebovan\u00fdch t\u011bsn\u011bn\u00ed nebo po\u0161kozen\u00fdch t\u011bles v\u00e1lc\u016f. Zkontrolujte t\u011bsn\u011bn\u00ed a v p\u0159\u00edpad\u011b pot\u0159eby je vym\u011b\u0148te a opravte nebo vym\u011b\u0148te po\u0161kozen\u00e9 v\u00e1lce.<\/li>\n<li><strong>Sn\u00ed\u017een\u00fd v\u00fdkon:<\/strong> Sn\u00ed\u017een\u00ed v\u00fdkonu m\u016f\u017ee nazna\u010dovat n\u00edzkou hladinu hydraulick\u00e9 kapaliny nebo vnit\u0159n\u00ed po\u0161kozen\u00ed. Zkontrolujte hladiny kapalin a prohl\u00e9dn\u011bte v\u00e1lec, zda nevykazuje zn\u00e1mky opot\u0159eben\u00ed.<\/li>\n<li><strong>Neobvykl\u00e9 zvuky:<\/strong> Pokud v\u00e1lec b\u011bhem provozu vyd\u00e1v\u00e1 neobvykl\u00e9 zvuky, m\u016f\u017ee to znamenat p\u0159\u00edtomnost vzduchu v hydraulick\u00e9m syst\u00e9mu nebo vnit\u0159n\u00ed opot\u0159eben\u00ed. Odvzdu\u0161n\u011bte syst\u00e9m a zkontrolujte, zda nejsou jeho sou\u010d\u00e1sti po\u0161kozen\u00e9.<\/li>\n<\/ul>\n<p>Pro efektivn\u00ed diagnostiku a \u0159e\u0161en\u00ed probl\u00e9m\u016f ve\u010fte d\u016fkladn\u00e9 z\u00e1znamy o \u00fadr\u017eb\u011b a prov\u00e1d\u011bjte pravideln\u00e9 preventivn\u00ed kontroly. V\u010dasn\u00e1 identifikace probl\u00e9m\u016f m\u016f\u017ee minimalizovat prostoje a prodlou\u017eit \u017eivotnost hydraulick\u00fdch v\u00e1lc\u016f.<\/p>\n<p><img decoding=\"async\" src=\"https:\/\/www.hydraulic-cylinders.net\/wp-content\/uploads\/2025\/04\/songte-bushings-with-all-kinds-of-excavator-models.webp\" alt=\"Pouzdra pro bagry\"><\/p>\n<h2>P\u0159edstaven\u00ed spole\u010dnosti<\/h2>\n<p>Jsme p\u0159edn\u00edm v\u00fdrobcem a velkoobchodn\u00edkem n\u00e1hradn\u00edch hydraulick\u00fdch v\u00e1lc\u016f a nab\u00edz\u00edme \u0161irokou \u0161k\u00e1lu produkt\u016f, kter\u00e9 spl\u0148uj\u00ed r\u016fzn\u00e9 pot\u0159eby na dom\u00e1c\u00edm i mezin\u00e1rodn\u00edm trhu. N\u00e1\u0161 z\u00e1vazek k dokonalosti n\u00e1s \u017eene k zam\u011b\u0159en\u00ed na vysoce kvalitn\u00ed v\u00fdrobn\u00ed procesy podporovan\u00e9 pokro\u010dil\u00fdm digit\u00e1ln\u00edm v\u00fdrobn\u00edm za\u0159\u00edzen\u00edm a profesion\u00e1ln\u00edmi testovac\u00edmi syst\u00e9my. Neust\u00e1le vylep\u0161ujeme na\u0161e v\u00fdrobn\u00ed kapacity, abychom poskytovali vysokou efektivitu, p\u0159esnost a kvalitu a spl\u0148ovali tak rozmanit\u00e9 po\u017eadavky na\u0161ich z\u00e1kazn\u00edk\u016f. Na\u0161e odborn\u00e9 znalosti sahaj\u00ed do profesion\u00e1ln\u00edch slu\u017eeb, mezin\u00e1rodn\u00edch certifikac\u00ed a \u0159e\u0161en\u00ed na m\u00edru, abychom zajistili spokojenost a spolehlivost.<\/p>\n<p><img decoding=\"async\" src=\"https:\/\/www.hydraulic-cylinders.net\/wp-content\/uploads\/2025\/04\/songte-company-4.webp\" alt=\"P\u0159ehled spole\u010dnosti\"><br \/>\n<img decoding=\"async\" src=\"https:\/\/www.hydraulic-cylinders.net\/wp-content\/uploads\/2025\/04\/songte-company-3.webp\" alt=\"V\u00fdrobn\u00ed z\u00e1vod\"><\/p>\n<p>Autor: lyl<\/p>","protected":false},"excerpt":{"rendered":"<p>Boom Cylinder For Sunward Middle Excavator SWE26OLC Product Overview The Boom Cylinder for Sunward Middle Excavator SWE26OLC is a specialized hydraulic cylinder designed to control the movement of the bucket in heavy machinery such as excavators, backhoe loaders, and front loaders. This hydraulic cylinder plays a crucial role in enabling the bucket to lift, lower, [&hellip;]<\/p>","protected":false},"featured_media":17880,"comment_status":"open","ping_status":"closed","template":"","meta":{"_et_pb_use_builder":"","_et_pb_old_content":"","_et_gb_content_width":""},"product_brand":[],"product_cat":[1546],"product_tag":[1547,1496],"class_list":{"0":"post-19240","1":"product","2":"type-product","3":"status-publish","4":"has-post-thumbnail","6":"product_cat-boom-cylinders","7":"product_tag-boom-cylinders","8":"product_tag-hydraulic-cylinders","10":"first","11":"instock","12":"shipping-taxable","13":"product-type-simple"},"amp_enabled":true,"_links":{"self":[{"href":"https:\/\/www.hydraulic-cylinders.net\/cs\/wp-json\/wp\/v2\/product\/19240","targetHints":{"allow":["GET"]}}],"collection":[{"href":"https:\/\/www.hydraulic-cylinders.net\/cs\/wp-json\/wp\/v2\/product"}],"about":[{"href":"https:\/\/www.hydraulic-cylinders.net\/cs\/wp-json\/wp\/v2\/types\/product"}],"replies":[{"embeddable":true,"href":"https:\/\/www.hydraulic-cylinders.net\/cs\/wp-json\/wp\/v2\/comments?post=19240"}],"wp:featuredmedia":[{"embeddable":true,"href":"https:\/\/www.hydraulic-cylinders.net\/cs\/wp-json\/wp\/v2\/media\/17880"}],"wp:attachment":[{"href":"https:\/\/www.hydraulic-cylinders.net\/cs\/wp-json\/wp\/v2\/media?parent=19240"}],"wp:term":[{"taxonomy":"product_brand","embeddable":true,"href":"https:\/\/www.hydraulic-cylinders.net\/cs\/wp-json\/wp\/v2\/product_brand?post=19240"},{"taxonomy":"product_cat","embeddable":true,"href":"https:\/\/www.hydraulic-cylinders.net\/cs\/wp-json\/wp\/v2\/product_cat?post=19240"},{"taxonomy":"product_tag","embeddable":true,"href":"https:\/\/www.hydraulic-cylinders.net\/cs\/wp-json\/wp\/v2\/product_tag?post=19240"}],"curies":[{"name":"wp","href":"https:\/\/api.w.org\/{rel}","templated":true}]}}