{"id":19264,"date":"2025-04-07T06:23:42","date_gmt":"2025-04-07T06:23:42","guid":{"rendered":"https:\/\/www.hydraulic-cylinders.net\/product\/boom-cylinder-for-lishide-large-excavator-sc300-8\/"},"modified":"2025-04-07T06:23:45","modified_gmt":"2025-04-07T06:23:45","slug":"boom-cylinder-for-lishide-large-excavator-sc300-8","status":"publish","type":"product","link":"https:\/\/www.hydraulic-cylinders.net\/cs\/produkt\/boom-cylinder-for-lishide-large-excavator-sc300-8\/","title":{"rendered":"V\u00e1lec v\u00fdlo\u017en\u00edku pro velk\u00e9 rypadlo Lishide SC300.8"},"content":{"rendered":"<h1>V\u00e1lec v\u00fdlo\u017en\u00edku pro velk\u00e9 rypadlo Lishide SC300.8<\/h1>\n<h2>P\u0159ehled produktu<\/h2>\n<p>Hydraulick\u00fd v\u00e1lec v\u00fdlo\u017en\u00edku pro velk\u00e9 rypadlo Lishide SC300.8 je z\u00e1kladn\u00ed sou\u010d\u00e1st\u00ed hydraulick\u00e9ho syst\u00e9mu t\u011b\u017ek\u00fdch stroj\u016f, speci\u00e1ln\u011b navr\u017een\u00e9ho pro ovl\u00e1d\u00e1n\u00ed pohybu v\u00fdlo\u017en\u00edku rypadla. Tento hydraulick\u00fd v\u00e1lec je kl\u00ed\u010dov\u00fd pro zved\u00e1n\u00ed, spou\u0161t\u011bn\u00ed a nakl\u00e1p\u011bn\u00ed v\u00fdlo\u017en\u00edku, co\u017e usnad\u0148uje efektivn\u00ed manipulaci s materi\u00e1lem. Jako specializovan\u00fd hydraulick\u00fd v\u00e1lec hraje kl\u00ed\u010dovou roli v r\u016fzn\u00fdch aplikac\u00edch, jako je v\u00fdkop, nakl\u00e1d\u00e1n\u00ed a p\u0159eprava materi\u00e1l\u016f.<\/p>\n<p>Hydraulick\u00fd v\u00e1lec kore\u010dkov\u00e9ho v\u00e1lce, navr\u017een\u00fd tak, aby odolal prost\u0159ed\u00ed s vysok\u00fdm tlakem, zaji\u0161\u0165uje optim\u00e1ln\u00ed v\u00fdkon a odolnost. Jeho funk\u010dnost p\u0159esahuje pouh\u00fd pohyb; je ned\u00edlnou sou\u010d\u00e1st\u00ed maximalizace \u00fa\u010dinnosti a \u00fa\u010dinnosti t\u011b\u017ek\u00fdch stroj\u016f. D\u00edky hydraulick\u00e9mu syst\u00e9mu mohou oper\u00e1to\u0159i dosahovat plynul\u00fdch a p\u0159esn\u00fdch pohyb\u016f, co\u017e z n\u011bj \u010din\u00ed nepostradatelnou sou\u010d\u00e1st stavebn\u00edch a v\u00fdkopov\u00fdch projekt\u016f.<\/p>\n<p><img decoding=\"async\" src=\"https:\/\/www.hydraulic-cylinders.net\/wp-content\/uploads\/2025\/04\/songte-company-1.webp\" alt=\"V\u00e1lec v\u00fdlo\u017en\u00edku pro bagry\"><\/p>\n<h2>Kl\u00ed\u010dov\u00e9 vlastnosti<\/h2>\n<ul>\n<li>\n<h3>Vysok\u00e1 pevnost a trvanlivost<\/h3>\n<p>V\u00e1lec v\u00fdlo\u017en\u00edku, vyroben\u00fd z vysokopevnostn\u00ed oceli nebo hlin\u00edku, je navr\u017een tak, aby odolal vysok\u00fdm tlak\u016fm a velk\u00e9mu zat\u00ed\u017een\u00ed. Jeho konstrukce zohled\u0148uje odolnost proti opot\u0159eben\u00ed a korozi, \u010d\u00edm\u017e se prodlu\u017euje jeho \u017eivotnost v n\u00e1ro\u010dn\u00fdch pracovn\u00edch podm\u00ednk\u00e1ch.<\/p>\n<\/li>\n<li>\n<h3>Efektivn\u00ed hydraulick\u00fd provoz<\/h3>\n<p>D\u00edky tlaku hydraulick\u00e9ho oleje umo\u017e\u0148uje v\u00e1lec plynul\u00e9 vysouv\u00e1n\u00ed a zasouv\u00e1n\u00ed a rychle reaguje na \u0159\u00eddic\u00ed povely. Tato schopnost poskytuje silnou tla\u010dnou a ta\u017enou s\u00edlu, ide\u00e1ln\u00ed pro manipulaci s t\u011b\u017ek\u00fdmi materi\u00e1ly a slo\u017eit\u00e9 \u00fakoly.<\/p>\n<\/li>\n<li>\n<h3>R\u016fznorod\u00e9 typy<\/h3>\n<p>V\u00e1lec v\u00fdlo\u017en\u00edku lze zvolit v jedno\u010dinn\u00e9m (hydraulick\u00e9 pou\u017eit\u00ed v jednom sm\u011bru) nebo dvoj\u010dinn\u00e9m (hydraulick\u00e9 pou\u017eit\u00ed v obou sm\u011brech), co\u017e vyhovuje r\u016fzn\u00fdm provozn\u00edm po\u017eadavk\u016fm. N\u011bkter\u00e9 modely maj\u00ed teleskopickou konstrukci, kter\u00e1 umo\u017e\u0148uje v\u011bt\u0161\u00ed v\u00fdsuv bez zv\u011bt\u0161en\u00ed vn\u011bj\u0161\u00edch rozm\u011br\u016f, a proto jsou vhodn\u00e9 pro aplikace s omezen\u00fdm prostorem.<\/p>\n<\/li>\n<\/ul>\n<p>Na\u0161e v\u00fdrobn\u00ed kapacity n\u00e1m umo\u017e\u0148uj\u00ed vyrobit tento produkt tak, aby dokonale nahradil st\u00e1vaj\u00edc\u00ed hydraulick\u00e9 v\u00e1lce a zajistil bezprobl\u00e9movou integraci do va\u0161ich stroj\u016f.<\/p>\n<p><img decoding=\"async\" src=\"https:\/\/www.hydraulic-cylinders.net\/wp-content\/uploads\/2025\/04\/songte-cylinder-head-with-all-kinds-excavator-models.webp\" alt=\"Kompatibilita model\u016f bagr\u016f\"><\/p>\n<h2>Sc\u00e9n\u00e1\u0159e aplikac\u00ed<\/h2>\n<ul>\n<li>\n<h3>Stavebn\u00ed stroje<\/h3>\n<p>U bagr\u016f je v\u00e1lec v\u00fdlo\u017en\u00edku nezbytn\u00fd pro kop\u00e1n\u00ed, nakl\u00e1d\u00e1n\u00ed a p\u0159esouv\u00e1n\u00ed zeminy nebo suti. Jeho p\u0159esn\u00e9 ovl\u00e1d\u00e1n\u00ed pohybu v\u00fdlo\u017en\u00edku zvy\u0161uje produktivitu a efektivitu na staveni\u0161t\u00edch. U rypadlo-naklada\u010d\u016f pom\u00e1h\u00e1 p\u0159i kop\u00e1n\u00ed i zved\u00e1n\u00ed, co\u017e zaji\u0161\u0165uje v\u0161estrannost provozu.<\/p>\n<\/li>\n<li>\n<h3>Zem\u011bd\u011blsk\u00e9 stroje<\/h3>\n<p>U \u010deln\u00edch naklada\u010d\u016f je v\u00e1lec v\u00fdlo\u017en\u00edku zodpov\u011bdn\u00fd za nab\u00edr\u00e1n\u00ed, zved\u00e1n\u00ed a p\u0159epravu p\u016fdy, sena a dal\u0161\u00edch materi\u00e1l\u016f. Tato funkce je nezbytn\u00e1 pro efektivn\u00ed zem\u011bd\u011blsk\u00e9 operace, proto\u017ee umo\u017e\u0148uje zem\u011bd\u011blc\u016fm efektivn\u011b hospoda\u0159it s materi\u00e1ly a sni\u017eovat n\u00e1klady na pracovn\u00ed s\u00edlu.<\/p>\n<\/li>\n<li>\n<h3>Bagry<\/h3>\n<p>U rypadel umo\u017e\u0148uje v\u00e1lec l\u017e\u00edce proniknout do p\u016fdy, co\u017e umo\u017e\u0148uje efektivn\u00ed kop\u00e1n\u00ed. Hydraulick\u00fd syst\u00e9m zaji\u0161\u0165uje, \u017ee rypadlo m\u016f\u017ee snadno vykon\u00e1vat n\u00e1ro\u010dn\u00e9 \u00fakoly, co\u017e z n\u011bj \u010din\u00ed nepostradateln\u00e9 pro zemn\u00ed pr\u00e1ce.<\/p>\n<\/li>\n<li>\n<h3>Naklada\u010de<\/h3>\n<p>U \u010deln\u00edch naklada\u010d\u016f usnad\u0148uje v\u00e1lec v\u00fdlo\u017en\u00edku zved\u00e1n\u00ed a vykl\u00e1p\u011bn\u00ed materi\u00e1l\u016f. Tato funkce zaji\u0161\u0165uje efektivn\u00ed provoz naklada\u010d\u016f, maximalizaci produktivity a minimalizaci prostoj\u016f b\u011bhem provozu.<\/p>\n<\/li>\n<\/ul>\n<h2>Konstruk\u010dn\u00ed aspekty a krit\u00e9ria v\u00fdb\u011bru<\/h2>\n<ul>\n<li>\n<h3>Nosnost<\/h3>\n<p>P\u0159i v\u00fdb\u011bru v\u00e1lce v\u00fdlo\u017en\u00edku je nosnost kritick\u00fdm faktorem. Mus\u00ed b\u00fdt schopen zvl\u00e1dnout hmotnost p\u0159epravovan\u00fdch materi\u00e1l\u016f a zajistit tak bezpe\u010dn\u00fd a efektivn\u00ed provoz za\u0159\u00edzen\u00ed. Technici mus\u00ed vypo\u010d\u00edtat o\u010dek\u00e1van\u00e9 zat\u00ed\u017een\u00ed a zvolit v\u00e1lce, kter\u00e9 tyto po\u017eadavky p\u0159ekra\u010duj\u00ed, aby se p\u0159ede\u0161lo poruch\u00e1m.<\/p>\n<\/li>\n<li>\n<h3>T\u011bsn\u011bn\u00ed<\/h3>\n<p>\u00da\u010dinn\u00e9 t\u011bsn\u011bn\u00ed je u hydraulick\u00fdch v\u00e1lc\u016f z\u00e1sadn\u00ed, aby se zabr\u00e1nilo \u00faniku kapaliny a udr\u017eel tlak. Vysoce kvalitn\u00ed t\u011bsn\u011bn\u00ed vyroben\u00e1 z odoln\u00fdch materi\u00e1l\u016f, jako je polyuretan a nitrilov\u00e1 pry\u017e, zaji\u0161\u0165uj\u00ed efektivn\u00ed provoz hydraulick\u00e9ho syst\u00e9mu. Konstrukce v\u00e1lce by m\u011bla zahrnovat prvky, kter\u00e9 zvy\u0161uj\u00ed t\u011bsnic\u00ed v\u00fdkon a sni\u017euj\u00ed opot\u0159eben\u00ed.<\/p>\n<\/li>\n<li>\n<h3>Trvanlivost<\/h3>\n<p>Robustn\u00ed konstrukce je nezbytn\u00e1 pro to, aby v\u00e1lec v\u00fdlo\u017en\u00edku odolal n\u00e1ro\u010dn\u00fdm provozn\u00edm podm\u00ednk\u00e1m. To zahrnuje aspekty odolnosti proti opot\u0159eben\u00ed, ochrany proti korozi a schopnosti odol\u00e1vat mechanick\u00e9mu nam\u00e1h\u00e1n\u00ed. Dob\u0159e navr\u017een\u00fd v\u00e1lec bude m\u00edt del\u0161\u00ed \u017eivotnost, co\u017e v pr\u016fb\u011bhu \u010dasu sn\u00ed\u017e\u00ed n\u00e1klady na \u00fadr\u017ebu.<\/p>\n<\/li>\n<li>\n<h3>Bezpe\u010dnost<\/h3>\n<p>Bezpe\u010dnostn\u00ed prvky by m\u011bly b\u00fdt integrov\u00e1ny do konstrukce hydraulick\u00fdch v\u00e1lc\u016f. Pat\u0159\u00ed sem pojistn\u00e9 ventily, kter\u00e9 zabra\u0148uj\u00ed p\u0159etlaku, a tak\u00e9 bezpe\u010dnostn\u00ed mechanismy, kter\u00e9 zaji\u0161\u0165uj\u00ed bezpe\u010dn\u00fd provoz za\u0159\u00edzen\u00ed i v nouzov\u00fdch situac\u00edch. In\u017een\u00fd\u0159i mus\u00ed up\u0159ednost\u0148ovat bezpe\u010dnost, aby chr\u00e1nili obsluhu a za\u0159\u00edzen\u00ed b\u011bhem provozu.<\/p>\n<\/li>\n<li>\n<h3>Udr\u017eovatelnost<\/h3>\n<p>Konstrukce by m\u011bla usnad\u0148ovat \u00fadr\u017ebu a opravy. To zahrnuje p\u0159\u00edstupnost pro kontroly, mo\u017enost rychl\u00e9 v\u00fdm\u011bny t\u011bsn\u011bn\u00ed a mo\u017enosti maz\u00e1n\u00ed. V\u00e1lec, kter\u00fd se snadno udr\u017euje, zajist\u00ed del\u0161\u00ed provozn\u00ed \u017eivotnost a zkr\u00e1t\u00ed prostoje, \u010d\u00edm\u017e se zv\u00fd\u0161\u00ed celkov\u00e1 produktivita.<\/p>\n<\/li>\n<\/ul>\n<p><img decoding=\"async\" src=\"https:\/\/www.hydraulic-cylinders.net\/wp-content\/uploads\/2025\/04\/songte-oil-pipes-and-spare-parts.webp\" alt=\"N\u00e1hradn\u00ed d\u00edly pro hydraulick\u00e9 v\u00e1lce\"><\/p>\n<h2>T\u011bsn\u011bn\u00ed a maz\u00e1n\u00ed<\/h2>\n<p>T\u011bsn\u011bn\u00ed je kl\u00ed\u010dov\u00fdm aspektem konstrukce v\u00e1lce v\u00fdlo\u017en\u00edku. R\u016fzn\u00e1 t\u011bsn\u011bn\u00ed, jako jsou t\u011bsn\u011bn\u00ed p\u00edst\u016f a t\u011bsn\u011bn\u00ed p\u00edstnic, hraj\u00ed z\u00e1sadn\u00ed roli v prevenci \u00fanik\u016f hydraulick\u00e9 kapaliny. V\u00fdb\u011br t\u011bsn\u011bn\u00ed vyroben\u00fdch z materi\u00e1l\u016f odoln\u00fdch proti od\u011bru, jako je polyuretan a nitrilov\u00e1 pry\u017e, zvy\u0161uje odolnost a v\u00fdkon. T\u011bleso v\u00e1lce a z\u00e1vitov\u00e9 koncov\u00e9 plochy jsou nav\u00edc jemn\u011b opracov\u00e1ny pro zv\u00fd\u0161en\u00ed odolnosti proti opot\u0159eben\u00ed.<\/p>\n<p>Pravideln\u00e9 maz\u00e1n\u00ed je nezbytn\u00e9 pro udr\u017een\u00ed optim\u00e1ln\u00edho v\u00fdkonu. To zahrnuje pravideln\u00e9 dopl\u0148ov\u00e1n\u00ed hydraulick\u00e9ho oleje pro zaji\u0161t\u011bn\u00ed plynul\u00e9ho provozu a prevenci opot\u0159eben\u00ed pohybliv\u00fdch \u010d\u00e1st\u00ed. Spr\u00e1vn\u00e9 postupy maz\u00e1n\u00ed v\u00fdznamn\u011b p\u0159isp\u00edvaj\u00ed k prodlou\u017een\u00ed \u017eivotnosti v\u00e1lce v\u00fdlo\u017en\u00edku.<\/p>\n<h2>Pravideln\u00e1 \u00fadr\u017eba<\/h2>\n<ul>\n<li>\n<h3>Pravideln\u00e9 kontroly<\/h3>\n<p>Prov\u00e1d\u011bjte pravideln\u00e9 kontroly, abyste zkontrolovali zn\u00e1mky opot\u0159eben\u00ed, net\u011bsnost\u00ed nebo po\u0161kozen\u00ed. Mezi b\u011b\u017en\u00e9 oblasti, kter\u00e9 je t\u0159eba kontrolovat, pat\u0159\u00ed t\u011bsn\u011bn\u00ed, mont\u00e1\u017en\u00ed body a potrub\u00ed. V\u010dasn\u00e9 odhalen\u00ed probl\u00e9m\u016f m\u016f\u017ee zabr\u00e1nit n\u00e1kladn\u00fdm oprav\u00e1m a prostoj\u016fm a zajistit, \u017ee za\u0159\u00edzen\u00ed z\u016fstane provozuschopn\u00e9.<\/p>\n<\/li>\n<li>\n<h3>Spr\u00e1vn\u00e9 maz\u00e1n\u00ed<\/h3>\n<p>Zajist\u011bte, aby hydraulick\u00fd olej byl na spr\u00e1vn\u00e9 hladin\u011b a aby byl vym\u011b\u0148ov\u00e1n podle doporu\u010den\u00ed v\u00fdrobce. Spr\u00e1vn\u00e9 maz\u00e1n\u00ed minimalizuje t\u0159en\u00ed a opot\u0159eben\u00ed, prodlu\u017euje \u017eivotnost hydraulick\u00fdch sou\u010d\u00e1st\u00ed a udr\u017euje optim\u00e1ln\u00ed provoz.<\/p>\n<\/li>\n<li>\n<h3>V\u00fdm\u011bna t\u011bsn\u011bn\u00ed<\/h3>\n<p>Pravideln\u011b kontrolujte opot\u0159eben\u00ed t\u011bsn\u011bn\u00ed a v p\u0159\u00edpad\u011b pot\u0159eby je vym\u011b\u0148te. Opot\u0159ebovan\u00e1 t\u011bsn\u011bn\u00ed mohou v\u00e9st k net\u011bsnostem a sn\u00ed\u017een\u00ed hydraulick\u00e9 \u00fa\u010dinnosti, proto je v\u010dasn\u00e1 v\u00fdm\u011bna z\u00e1sadn\u00ed. Dodr\u017eov\u00e1n\u00ed systematick\u00e9ho p\u0159\u00edstupu k v\u00fdm\u011bn\u011b t\u011bsn\u011bn\u00ed zaji\u0161\u0165uje, \u017ee v\u00e1lec pracuje s maxim\u00e1ln\u00edm v\u00fdkonem.<\/p>\n<\/li>\n<\/ul>\n<p><img decoding=\"async\" src=\"https:\/\/www.hydraulic-cylinders.net\/wp-content\/uploads\/2025\/04\/songte-chushion-collar.webp\" alt=\"Hydraulick\u00fd v\u00e1lec s tlumi\u010dem\"><\/p>\n<h2>Pokyny k instalaci<\/h2>\n<p>Spr\u00e1vn\u00e1 instalace v\u00e1lce v\u00fdlo\u017en\u00edku je nezbytn\u00e1 pro zaji\u0161t\u011bn\u00ed jeho efektivn\u00edho provozu. Za\u010dn\u011bte spr\u00e1vn\u00fdm vyrovn\u00e1n\u00edm v\u00e1lce s mont\u00e1\u017en\u00edmi body na stroji. K zaji\u0161t\u011bn\u00ed v\u00e1lce na m\u00edst\u011b pou\u017eijte vhodn\u00e9 mont\u00e1\u017en\u00ed konzoly a ujist\u011bte se, \u017ee nedoch\u00e1z\u00ed k \u017e\u00e1dn\u00e9mu vych\u00fdlen\u00ed, kter\u00e9 by mohlo v\u00e9st k p\u0159ed\u010dasn\u00e9mu opot\u0159eben\u00ed nebo poru\u0161e.<\/p>\n<p>Je nezbytn\u00e9 dodr\u017eovat specifikace v\u00fdrobce ohledn\u011b nastaven\u00ed utahovac\u00edho momentu a postup\u016f mont\u00e1\u017ee. Po instalaci prove\u010fte funk\u010dn\u00ed zkou\u0161ku, abyste se ujistili, \u017ee v\u00e1lec pracuje hladce a spr\u00e1vn\u011b reaguje na \u0159\u00eddic\u00ed vstupy. D\u016fle\u017eit\u00e1 je tak\u00e9 kontrola t\u011bsnosti a ov\u011b\u0159en\u00ed neporu\u0161enosti t\u011bsn\u011bn\u00ed a armatur.<\/p>\n<h2>B\u011b\u017en\u00e9 \u00fakoly \u00fadr\u017eby<\/h2>\n<ul>\n<li>\n<h3>Pravideln\u00e9 kontroly<\/h3>\n<p>Pravideln\u00e9 kontroly v\u00e1lce v\u00fdlo\u017en\u00edku mohou pomoci identifikovat potenci\u00e1ln\u00ed probl\u00e9my d\u0159\u00edve, ne\u017e se stanou z\u00e1va\u017en\u00fdmi. Hledejte zn\u00e1mky opot\u0159eben\u00ed, net\u011bsnost\u00ed nebo po\u0161kozen\u00ed a neprodlen\u011b je \u0159e\u0161te, abyste zachovali optim\u00e1ln\u00ed v\u00fdkon.<\/p>\n<\/li>\n<li>\n<h3>Spr\u00e1vn\u00e9 maz\u00e1n\u00ed<\/h3>\n<p>Udr\u017eov\u00e1n\u00ed spr\u00e1vn\u00e9 hladiny hydraulick\u00e9ho oleje je nezbytn\u00e9 pro plynul\u00fd chod v\u00e1lce v\u00fdlo\u017en\u00edku. Pravideln\u011b kontrolujte a v p\u0159\u00edpad\u011b pot\u0159eby dopl\u0148ujte hydraulick\u00fd olej a zajist\u011bte, aby v\u00e1lec z\u016fstal dob\u0159e promazan\u00fd, aby se zabr\u00e1nilo t\u0159en\u00ed a opot\u0159eben\u00ed.<\/p>\n<\/li>\n<li>\n<h3>V\u00fdm\u011bna t\u011bsn\u011bn\u00ed<\/h3>\n<p>T\u011bsn\u011bn\u00ed jsou kl\u00ed\u010dov\u00e1 pro udr\u017een\u00ed hydraulick\u00e9ho tlaku ve v\u00e1lci. T\u011bsn\u011bn\u00ed kontrolujte b\u011bhem pravideln\u00e9 \u00fadr\u017eby a v p\u0159\u00edpad\u011b pot\u0159eby je vym\u011b\u0148ujte, abyste zabr\u00e1nili \u00fanik\u016fm a zajistili \u00fa\u010dinnost hydraulick\u00e9ho syst\u00e9mu.<\/p>\n<\/li>\n<\/ul>\n<p>Spr\u00e1vn\u00e1 instalace, maz\u00e1n\u00ed a se\u0159\u00edzen\u00ed jsou z\u00e1sadn\u00ed pro prodlou\u017een\u00ed \u017eivotnosti v\u00e1lce v\u00fdlo\u017en\u00edku. Spr\u00e1vn\u00e9 vyrovn\u00e1n\u00ed b\u011bhem instalace sni\u017euje riziko probl\u00e9m\u016f s nespr\u00e1vn\u00fdm vyrovn\u00e1n\u00edm a vhodn\u00e9 mont\u00e1\u017en\u00ed prvky zaji\u0161\u0165uj\u00ed stabilitu.<\/p>\n<h2>Bezpe\u010dnostn\u00ed aspekty a faktory prost\u0159ed\u00ed<\/h2>\n<p>Zaji\u0161t\u011bn\u00ed bezpe\u010dnosti p\u0159i pou\u017e\u00edv\u00e1n\u00ed hydraulick\u00fdch v\u00e1lc\u016f je prvo\u0159ad\u00e9. Obsluha mus\u00ed b\u00fdt pro\u0161kolena v dodr\u017eov\u00e1n\u00ed bezpe\u010dnostn\u00edch protokol\u016f p\u0159i obsluze stroj\u016f, kter\u00e9 vyu\u017e\u00edvaj\u00ed v\u00e1lce v\u00fdlo\u017en\u00edku. To zahrnuje pochopen\u00ed potenci\u00e1ln\u00edch nebezpe\u010d\u00ed spojen\u00fdch s hydraulick\u00fdmi syst\u00e9my a pou\u017e\u00edv\u00e1n\u00ed nezbytn\u00fdch bezpe\u010dnostn\u00edch opat\u0159en\u00ed.<\/p>\n<h2>Diagnostika z\u00e1vad a b\u011b\u017en\u00e9 probl\u00e9my<\/h2>\n<ul>\n<li>\n<h3>\u00danik<\/h3>\n<p>Net\u011bsnost je jedn\u00edm z nej\u010dast\u011bj\u0161\u00edch probl\u00e9m\u016f, s nimi\u017e se hydraulick\u00e9 v\u00e1lce pot\u00fdkaj\u00ed. M\u016f\u017ee vzniknout v d\u016fsledku po\u0161kozen\u00fdch t\u011bsn\u011bn\u00ed, nespr\u00e1vn\u00e9 instalace nebo opot\u0159eben\u00ed v pr\u016fb\u011bhu \u010dasu. Pravideln\u00e9 kontroly jsou z\u00e1sadn\u00ed pro v\u010dasnou detekci a v\u010dasn\u00e9 \u0159e\u0161en\u00ed net\u011bsnost\u00ed m\u016f\u017ee zabr\u00e1nit dal\u0161\u00edmu po\u0161kozen\u00ed hydraulick\u00e9ho syst\u00e9mu.<\/p>\n<\/li>\n<li>\n<h3>Sn\u00ed\u017een\u00fd v\u00fdkon<\/h3>\n<p>Znateln\u00e9 sn\u00ed\u017een\u00ed v\u00fdkonu m\u016f\u017ee nazna\u010dovat probl\u00e9my v hydraulick\u00e9m syst\u00e9mu. To m\u016f\u017ee b\u00fdt zp\u016fsobeno n\u00edzkou hladinou hydraulick\u00e9 kapaliny, vzduchem v syst\u00e9mu nebo po\u0161kozen\u00edm vnit\u0159n\u00edho v\u00e1lce. \u0158e\u0161en\u00ed t\u011bchto probl\u00e9m\u016f zahrnuje kontrolu hladiny kapalin a kontrolu, zda nedo\u0161lo k ucp\u00e1n\u00ed nebo po\u0161kozen\u00ed.<\/p>\n<\/li>\n<li>\n<h3>Nerovnom\u011brn\u00fd pohyb<\/h3>\n<p>Pokud se v\u00e1lec v\u00fdlo\u017en\u00edku pohybuje nerovnom\u011brn\u011b, m\u016f\u017ee to b\u00fdt zn\u00e1mkou nespr\u00e1vn\u00e9ho vyrovn\u00e1n\u00ed nebo vnit\u0159n\u00edho opot\u0159eben\u00ed. Tento stav m\u016f\u017ee v\u00e9st k neefektivn\u00edmu provozu a zv\u00fd\u0161en\u00e9mu opot\u0159eben\u00ed dal\u0161\u00edch sou\u010d\u00e1st\u00ed. \u00daprava vyrovn\u00e1n\u00ed a kontrola opot\u0159eben\u00ed mohou pomoci tento probl\u00e9m vy\u0159e\u0161it.<\/p>\n<\/li>\n<\/ul>\n<p>V\u010dasn\u00e1 diagnostika a \u0159e\u0161en\u00ed t\u011bchto probl\u00e9m\u016f m\u016f\u017ee pomoci udr\u017eet \u00fa\u010dinnost a \u017eivotnost v\u00e1lce v\u00fdlo\u017en\u00edku.<\/p>\n<p><img decoding=\"async\" src=\"https:\/\/www.hydraulic-cylinders.net\/wp-content\/uploads\/2025\/04\/songte-bushings-with-all-kinds-of-excavator-models.webp\" alt=\"Pouzdra pro bagry\"><\/p>\n<h2>Z\u00e1v\u011br<\/h2>\n<p>Jsme p\u0159edn\u00edm v\u00fdrobcem n\u00e1hradn\u00edch hydraulick\u00fdch v\u00e1lc\u016f a v\u011bnujeme se poskytov\u00e1n\u00ed \u0161irok\u00e9 \u0161k\u00e1ly vysoce kvalitn\u00edch produkt\u016f na dom\u00e1c\u00edm i mezin\u00e1rodn\u00edm trhu. N\u00e1\u0161 z\u00e1vazek k vynikaj\u00edc\u00ed kvalit\u011b je podpo\u0159en pe\u010dlivou strategi\u00ed \u0159\u00edzen\u00ed v\u00fdroby, kter\u00e1 zaji\u0161\u0165uje, \u017ee na\u0161e produkty spl\u0148uj\u00ed nejvy\u0161\u0161\u00ed standardy.<\/p>\n<p>Na\u0161e odborn\u00e9 znalosti sahaj\u00ed a\u017e po \u0159e\u0161en\u00ed na m\u00edru p\u0159izp\u016fsoben\u00e1 specifick\u00fdm pot\u0159eb\u00e1m klient\u016f, podpo\u0159en\u00e1 modern\u00edm v\u00fdrobn\u00edm za\u0159\u00edzen\u00edm a profesion\u00e1ln\u00edmi testovac\u00edmi syst\u00e9my. Se zam\u011b\u0159en\u00edm na efektivitu, p\u0159esnost a kvalitu se sna\u017e\u00edme uspokojit rozmanit\u00e9 po\u017eadavky z\u00e1kazn\u00edk\u016f a zajistit jejich spokojenost.<\/p>\n<p><img decoding=\"async\" src=\"https:\/\/www.hydraulic-cylinders.net\/wp-content\/uploads\/2025\/04\/songte-company-4.webp\" alt=\"V\u00fdroba spole\u010dnosti\"><br \/>\n<img decoding=\"async\" src=\"https:\/\/www.hydraulic-cylinders.net\/wp-content\/uploads\/2025\/04\/songte-company-3.webp\" alt=\"Firemn\u00ed slu\u017eby\"><\/p>\n<p>Autor: lyl<\/p>","protected":false},"excerpt":{"rendered":"<p>Boom Cylinder For Lishide Large Excavator SC300.8 Product Overview The Boom Cylinder for the Lishide Large Excavator SC300.8 is an essential component in the hydraulic system of heavy machinery, specifically designed for controlling the movement of the excavator&#8217;s boom. This hydraulic cylinder is crucial in enabling the boom to lift, lower, and tilt, facilitating efficient [&hellip;]<\/p>","protected":false},"featured_media":17874,"comment_status":"open","ping_status":"closed","template":"","meta":{"_et_pb_use_builder":"","_et_pb_old_content":"","_et_gb_content_width":""},"product_brand":[],"product_cat":[1546],"product_tag":[1547,1496],"class_list":{"0":"post-19264","1":"product","2":"type-product","3":"status-publish","4":"has-post-thumbnail","6":"product_cat-boom-cylinders","7":"product_tag-boom-cylinders","8":"product_tag-hydraulic-cylinders","10":"first","11":"instock","12":"shipping-taxable","13":"product-type-simple"},"amp_enabled":true,"_links":{"self":[{"href":"https:\/\/www.hydraulic-cylinders.net\/cs\/wp-json\/wp\/v2\/product\/19264","targetHints":{"allow":["GET"]}}],"collection":[{"href":"https:\/\/www.hydraulic-cylinders.net\/cs\/wp-json\/wp\/v2\/product"}],"about":[{"href":"https:\/\/www.hydraulic-cylinders.net\/cs\/wp-json\/wp\/v2\/types\/product"}],"replies":[{"embeddable":true,"href":"https:\/\/www.hydraulic-cylinders.net\/cs\/wp-json\/wp\/v2\/comments?post=19264"}],"wp:featuredmedia":[{"embeddable":true,"href":"https:\/\/www.hydraulic-cylinders.net\/cs\/wp-json\/wp\/v2\/media\/17874"}],"wp:attachment":[{"href":"https:\/\/www.hydraulic-cylinders.net\/cs\/wp-json\/wp\/v2\/media?parent=19264"}],"wp:term":[{"taxonomy":"product_brand","embeddable":true,"href":"https:\/\/www.hydraulic-cylinders.net\/cs\/wp-json\/wp\/v2\/product_brand?post=19264"},{"taxonomy":"product_cat","embeddable":true,"href":"https:\/\/www.hydraulic-cylinders.net\/cs\/wp-json\/wp\/v2\/product_cat?post=19264"},{"taxonomy":"product_tag","embeddable":true,"href":"https:\/\/www.hydraulic-cylinders.net\/cs\/wp-json\/wp\/v2\/product_tag?post=19264"}],"curies":[{"name":"wp","href":"https:\/\/api.w.org\/{rel}","templated":true}]}}