{"id":19283,"date":"2025-04-07T06:24:47","date_gmt":"2025-04-07T06:24:47","guid":{"rendered":"https:\/\/www.hydraulic-cylinders.net\/product\/boom-cylinder-for-lovol-large-excavator-fr370\/"},"modified":"2025-04-07T06:24:50","modified_gmt":"2025-04-07T06:24:50","slug":"boom-cylinder-for-lovol-large-excavator-fr370","status":"publish","type":"product","link":"https:\/\/www.hydraulic-cylinders.net\/cs\/produkt\/boom-cylinder-for-lovol-large-excavator-fr370\/","title":{"rendered":"V\u00e1lec v\u00fdlo\u017en\u00edku pro velk\u00e9 rypadlo Lovol FR370"},"content":{"rendered":"<h1>V\u00e1lec v\u00fdlo\u017en\u00edku pro velk\u00e9 rypadlo Lovol FR370<\/h1>\n<h2>Definice a p\u0159ehled produktu<\/h2>\n<p>Hydraulick\u00fd v\u00e1lec v\u00fdlo\u017en\u00edku pro velk\u00e9 rypadlo Lovol FR370 je kl\u00ed\u010dovou sou\u010d\u00e1st\u00ed hydraulick\u00fdch syst\u00e9m\u016f, speci\u00e1ln\u011b navr\u017eenou pro ovl\u00e1d\u00e1n\u00ed pohybu v\u00fdlo\u017en\u00edku u rypadel. Tyto v\u00e1lce umo\u017e\u0148uj\u00ed zved\u00e1n\u00ed, spou\u0161t\u011bn\u00ed a nakl\u00e1p\u011bn\u00ed v\u00fdlo\u017en\u00edku, co\u017e usnad\u0148uje r\u016fzn\u00e9 \u00fakoly manipulace s materi\u00e1lem. Jako hydraulick\u00fd v\u00e1lec hraje v\u00e1lec v\u00fdlo\u017en\u00edku z\u00e1sadn\u00ed roli ve v\u00fdkonu a efektivit\u011b t\u011b\u017ek\u00fdch stroj\u016f, jako jsou rypadla, r\u00fdpadlo-naklada\u010de a \u010deln\u00ed naklada\u010de.<\/p>\n<p>Tento typ v\u00e1lce je navr\u017een tak, aby zvl\u00e1dal zna\u010dn\u00e9 s\u00edly generovan\u00e9 b\u011bhem provozu a zajistil tak p\u0159esn\u00e9 ovl\u00e1d\u00e1n\u00ed a pohyb. Konstrukce v\u00e1lce v\u00fdlo\u017en\u00edku umo\u017e\u0148uje plynul\u00fd a efektivn\u00ed provoz, co\u017e z n\u011bj \u010din\u00ed nepostradatelnou sou\u010d\u00e1st stavebn\u00edch a v\u00fdkopov\u00fdch prac\u00ed.<\/p>\n<p><img decoding=\"async\" src=\"https:\/\/www.hydraulic-cylinders.net\/wp-content\/uploads\/2025\/04\/songte-company-1.webp\" alt=\"V\u00e1lec v\u00fdlo\u017en\u00edku pro bagr\"><\/p>\n<h2>Kl\u00ed\u010dov\u00e9 vlastnosti v\u00e1lce v\u00fdlo\u017en\u00edku<\/h2>\n<ul>\n<li>\n<h3>Vysok\u00e1 pevnost a trvanlivost<\/h3>\n<p>Tyto v\u00e1lce, vyroben\u00e9 z vysokopevnostn\u00ed oceli nebo hlin\u00edku, jsou schopny odolat vysok\u00e9mu tlaku a velk\u00e9mu zat\u00ed\u017een\u00ed a p\u0159izp\u016fsobit se n\u00e1ro\u010dn\u00e9mu pracovn\u00edmu prost\u0159ed\u00ed. Jejich konstrukce zahrnuje prvky odoln\u00e9 proti opot\u0159eben\u00ed a korozi, kter\u00e9 prodlu\u017euj\u00ed \u017eivotnost v\u00fdrobku.<\/p>\n<\/li>\n<li>\n<h3>Efektivn\u00ed hydraulick\u00fd provoz<\/h3>\n<p>V\u00e1lec v\u00fdlo\u017en\u00edku vyu\u017e\u00edv\u00e1 hydraulick\u00fd tlak oleje pro plynul\u00e9 vysouv\u00e1n\u00ed a zasouv\u00e1n\u00ed, co\u017e umo\u017e\u0148uje rychlou reakci na povely obsluhy a poskytuje siln\u00e9 tla\u010dn\u00e9 a ta\u017en\u00e9 s\u00edly vhodn\u00e9 pro manipulaci s t\u011b\u017ek\u00fdmi a slo\u017eit\u00fdmi \u00fakoly.<\/p>\n<\/li>\n<li>\n<h3>R\u016fznorod\u00e9 typy<\/h3>\n<p>Tyto v\u00e1lce jsou k dispozici v jedno\u010dinn\u00e9m (hydraulicky ovl\u00e1dan\u00e9 v jednom sm\u011bru) nebo dvoj\u010dinn\u00e9m (hydraulicky ovl\u00e1dan\u00e9 v obou sm\u011brech) proveden\u00ed a lze je vybrat na z\u00e1klad\u011b specifick\u00fdch provozn\u00edch pot\u0159eb. N\u011bkter\u00e9 modely maj\u00ed teleskopickou konstrukci, kter\u00e1 umo\u017e\u0148uje v\u011bt\u0161\u00ed vysunut\u00ed bez zv\u011bt\u0161en\u00ed vn\u011bj\u0161\u00edch rozm\u011br\u016f, co\u017e je ide\u00e1ln\u00ed pro aplikace s omezen\u00fdm prostorem.<\/p>\n<\/li>\n<li>\n<h3>P\u0159esn\u00e9 stroj\u00edrenstv\u00ed<\/h3>\n<p>Na\u0161e v\u00e1lce jsou vyr\u00e1b\u011bny s p\u0159esnost\u00ed, aby byl zaji\u0161t\u011bn konzistentn\u00ed v\u00fdkon. Konstruk\u010dn\u00ed proces zahrnuje p\u0159\u00edsn\u00e9 testov\u00e1n\u00ed a kontrolu kvality, abychom splnili pr\u016fmyslov\u00e9 standardy.<\/p>\n<\/li>\n<li>\n<h3>Kompatibilita<\/h3>\n<p>Tento produkt dok\u00e1\u017eeme vyrobit s perfektn\u00ed kompatibilitou pro r\u016fzn\u00e9 hydraulick\u00e9 v\u00e1lce, co\u017e zaji\u0161\u0165uje bezprobl\u00e9movou integraci se st\u00e1vaj\u00edc\u00edmi stroji.<\/p>\n<\/li>\n<\/ul>\n<p><img decoding=\"async\" src=\"https:\/\/www.hydraulic-cylinders.net\/wp-content\/uploads\/2025\/04\/songte-cylinder-head-with-all-kinds-excavator-models.webp\" alt=\"Kompatibilita hydraulick\u00fdch v\u00e1lc\u016f\"><\/p>\n<h2>Sc\u00e9n\u00e1\u0159e pou\u017eit\u00ed v\u00e1lce v\u00fdlo\u017en\u00edku<\/h2>\n<ul>\n<li>\n<h3>Stavebn\u00ed stroje<\/h3>\n<p>U bagr\u016f jsou v\u00e1lce v\u00fdlo\u017en\u00edku nezbytn\u00e9 pro kop\u00e1n\u00ed, nakl\u00e1d\u00e1n\u00ed a p\u0159emis\u0165ov\u00e1n\u00ed zeminy nebo suti. Jejich schopnost zaji\u0161\u0165ovat p\u0159esn\u00fd pohyb umo\u017e\u0148uje efektivn\u00ed v\u00fdkop a manipulaci s materi\u00e1lem, co\u017e z nich \u010din\u00ed kl\u00ed\u010dov\u00e9 sou\u010d\u00e1sti stavebn\u00edch stroj\u016f.<\/p>\n<\/li>\n<li>\n<h3>R\u00fdpadlo-naklada\u010de<\/h3>\n<p>U r\u00fdpadlo-naklada\u010d\u016f pom\u00e1haj\u00ed v\u00e1lce v\u00fdlo\u017en\u00edku jak p\u0159i kop\u00e1n\u00ed, tak p\u0159i zved\u00e1n\u00ed. Umo\u017e\u0148uj\u00ed obsluze vykon\u00e1vat \u0161irokou \u0161k\u00e1lu \u00fakol\u016f, od kop\u00e1n\u00ed v\u00fdkop\u016f a\u017e po zved\u00e1n\u00ed t\u011b\u017ek\u00fdch materi\u00e1l\u016f, a t\u00edm zvy\u0161uj\u00ed produktivitu na staveni\u0161t\u00edch.<\/p>\n<\/li>\n<li>\n<h3>Zem\u011bd\u011blsk\u00e9 stroje<\/h3>\n<p>U \u010deln\u00edch naklada\u010d\u016f se v\u00e1lce v\u00fdlo\u017en\u00edku pou\u017e\u00edvaj\u00ed k nab\u00edr\u00e1n\u00ed, zved\u00e1n\u00ed a p\u0159eprav\u011b zeminy, sena a dal\u0161\u00edch materi\u00e1l\u016f. Jejich hydraulick\u00e1 s\u00edla umo\u017e\u0148uje efektivn\u00ed zvl\u00e1d\u00e1n\u00ed zem\u011bd\u011blsk\u00fdch \u00fakol\u016f, co\u017e je \u010din\u00ed neoceniteln\u00fdmi v zem\u011bd\u011blsk\u00fdch operac\u00edch.<\/p>\n<\/li>\n<li>\n<h3>Bagry<\/h3>\n<p>V\u00e1lce v\u00fdlo\u017en\u00edku usnad\u0148uj\u00ed ryp\u00e1n\u00ed t\u00edm, \u017ee umo\u017e\u0148uj\u00ed l\u017e\u00edci efektivn\u011b pronikat do p\u016fdy. Tato funkce je z\u00e1sadn\u00ed pro dosa\u017een\u00ed optim\u00e1ln\u00edho ryc\u00edho v\u00fdkonu a minimalizaci provozn\u00ed doby.<\/p>\n<\/li>\n<li>\n<h3>Naklada\u010de<\/h3>\n<p>U \u010deln\u00edch naklada\u010d\u016f pom\u00e1haj\u00ed v\u00e1lce v\u00fdlo\u017en\u00edku efektivn\u011b zvedat a vykl\u00e1p\u011bt materi\u00e1ly. Jejich konstrukce zaji\u0161\u0165uje plynul\u00fd provoz, p\u0159isp\u00edv\u00e1 k rychlej\u0161\u00edm dob\u00e1m cykl\u016f a vy\u0161\u0161\u00ed produktivit\u011b.<\/p>\n<\/li>\n<\/ul>\n<h2>Konstruk\u010dn\u00ed aspekty a krit\u00e9ria v\u00fdb\u011bru<\/h2>\n<ul>\n<li>\n<h3>Nosnost<\/h3>\n<p>P\u0159i v\u00fdb\u011bru v\u00e1lce v\u00fdlo\u017en\u00edku je z\u00e1sadn\u00ed zv\u00e1\u017eit jeho nosnost. V\u00e1lec mus\u00ed b\u00fdt schopen zvl\u00e1dnout maxim\u00e1ln\u00ed zat\u00ed\u017een\u00ed o\u010dek\u00e1van\u00e9 b\u011bhem provozu. To zaji\u0161\u0165uje bezpe\u010dnost a v\u00fdkon, proto\u017ee nedostate\u010dn\u00e1 nosnost by mohla v\u00e9st k selh\u00e1n\u00ed v\u00e1lce a po\u0161kozen\u00ed za\u0159\u00edzen\u00ed.<\/p>\n<\/li>\n<li>\n<h3>T\u011bsn\u011bn\u00ed<\/h3>\n<p>T\u011bsnic\u00ed syst\u00e9m je z\u00e1sadn\u00ed pro udr\u017een\u00ed hydraulick\u00e9ho tlaku a prevenci \u00fanik\u016f. Pro zaji\u0161t\u011bn\u00ed optim\u00e1ln\u00edho v\u00fdkonu jsou nezbytn\u00e1 \u00fa\u010dinn\u00e1 t\u011bsn\u011bn\u00ed, jako jsou t\u011bsn\u011bn\u00ed p\u00edst\u016f a p\u00edstnic. Volba materi\u00e1l\u016f pro t\u011bsn\u011bn\u00ed, jako je polyuretan nebo nitrilov\u00e1 pry\u017e, p\u0159\u00edmo ovliv\u0148uje \u017eivotnost a \u00fa\u010dinnost.<\/p>\n<\/li>\n<li>\n<h3>Trvanlivost<\/h3>\n<p>Trvanlivost v\u00e1lce v\u00fdlo\u017en\u00edku je prvo\u0159ad\u00e1, zejm\u00e9na v n\u00e1ro\u010dn\u00fdch pracovn\u00edch podm\u00ednk\u00e1ch. Faktory, jako je odolnost proti opot\u0159eben\u00ed a korozi, jsou z\u00e1sadn\u00edmi konstruk\u010dn\u00edmi aspekty. Odoln\u00fd v\u00e1lec minimalizuje prostoje z d\u016fvodu oprav a v\u00fdm\u011bn, \u010d\u00edm\u017e zvy\u0161uje celkovou produktivitu.<\/p>\n<\/li>\n<li>\n<h3>Bezpe\u010dnost<\/h3>\n<p>Bezpe\u010dnostn\u00ed prvky by m\u011bly b\u00fdt ned\u00edlnou sou\u010d\u00e1st\u00ed konstrukce v\u00e1lce v\u00fdlo\u017en\u00edku. Mohou zahrnovat p\u0159etlakov\u00e9 ventily a bezpe\u010dnostn\u00ed z\u00e1mky, kter\u00e9 zabra\u0148uj\u00ed nekontrolovan\u00fdm pohyb\u016fm. Zaveden\u00ed \u00fa\u010dinn\u00fdch bezpe\u010dnostn\u00edch opat\u0159en\u00ed sni\u017euje riziko nehod a zaji\u0161\u0165uje bezpe\u010dnost obsluhy.<\/p>\n<\/li>\n<li>\n<h3>\u00dadr\u017eba<\/h3>\n<p>Snadn\u00e1 \u00fadr\u017eba je dal\u0161\u00edm d\u016fle\u017eit\u00fdm konstruk\u010dn\u00edm hlediskem. V\u00e1lec by m\u011bl b\u00fdt navr\u017een pro snadnou kontrolu a servis. To zahrnuje prvky, jako jsou snadno p\u0159\u00edstupn\u00e9 mazac\u00ed body a jasn\u00e9 pokyny pro pravideln\u00e9 \u00fadr\u017eb\u00e1\u0159sk\u00e9 \u00fakony, kter\u00e9 pom\u00e1haj\u00ed prodlou\u017eit \u017eivotnost v\u00e1lce.<\/p>\n<\/li>\n<\/ul>\n<p><img decoding=\"async\" src=\"https:\/\/www.hydraulic-cylinders.net\/wp-content\/uploads\/2025\/04\/songte-oil-pipes-and-spare-parts.webp\" alt=\"D\u00edly hydraulick\u00e9ho v\u00e1lce\"><\/p>\n<h2>T\u011bsn\u011bn\u00ed a maz\u00e1n\u00ed v\u00e1lce<\/h2>\n<p>T\u011bsn\u011bn\u00ed a maz\u00e1n\u00ed hydraulick\u00fdch v\u00e1lc\u016f jsou kl\u00ed\u010dov\u00e9 pro jejich spr\u00e1vnou funkci a dlouhou \u017eivotnost. K udr\u017een\u00ed hydraulick\u00e9ho tlaku a zabr\u00e1n\u011bn\u00ed \u00faniku kapaliny se pou\u017e\u00edvaj\u00ed r\u016fzn\u00e9 t\u011bsnic\u00ed komponenty, jako jsou t\u011bsn\u011bn\u00ed p\u00edst\u016f a p\u00edstnic. V\u00fdb\u011br spr\u00e1vn\u00fdch t\u011bsnic\u00edch materi\u00e1l\u016f, jako je polyuretan a nitrilov\u00e1 pry\u017e, zaji\u0161\u0165uje odolnost proti opot\u0159eben\u00ed. T\u011bleso v\u00e1lce a z\u00e1vitov\u00e9 koncov\u00e9 plochy proch\u00e1zej\u00ed p\u0159esn\u00fdm obr\u00e1b\u011bn\u00edm pro zv\u00fd\u0161en\u00ed odolnosti proti opot\u0159eben\u00ed.<\/p>\n<p>Pravideln\u00e9 maz\u00e1n\u00ed je nezbytn\u00e9; proto je nutn\u00e9 hydraulick\u00fd olej dostate\u010dn\u011b dopl\u0148ovat, aby byl udr\u017een optim\u00e1ln\u00ed v\u00fdkon. Spr\u00e1vn\u00e9 maz\u00e1n\u00ed minimalizuje t\u0159en\u00ed, zabra\u0148uje opot\u0159eben\u00ed a prodlu\u017euje \u017eivotnost hydraulick\u00e9ho v\u00e1lce. Aby se p\u0159ede\u0161lo probl\u00e9m\u016fm s v\u00fdkonem, doporu\u010duje se pravideln\u00e1 kontrola hladiny oleje a neporu\u0161enosti t\u011bsn\u011bn\u00ed.<\/p>\n<h2>Pravideln\u00e1 kontrola a preventivn\u00ed \u00fadr\u017eba<\/h2>\n<ul>\n<li>\n<h3>Pravideln\u00e9 kontroly<\/h3>\n<p>Prov\u00e1d\u011bjte pravideln\u00e9 kontroly v\u00e1lce v\u00fdlo\u017en\u00edku, zda nevykazuje zn\u00e1mky opot\u0159eben\u00ed, po\u0161kozen\u00ed nebo net\u011bsnosti. V\u010dasn\u00e9 odhalen\u00ed probl\u00e9m\u016f m\u016f\u017ee zabr\u00e1nit z\u00e1va\u017en\u011bj\u0161\u00edm probl\u00e9m\u016fm v budoucnu. Hledejte viditeln\u00e9 zn\u00e1mky \u00faniku hydraulick\u00e9ho oleje, praskliny v t\u011blese v\u00e1lce a nepravideln\u00e9 pohyby b\u011bhem provozu.<\/p>\n<\/li>\n<li>\n<h3>Spr\u00e1vn\u00e9 maz\u00e1n\u00ed<\/h3>\n<p>Zajist\u011bte, aby byl hydraulick\u00fd v\u00e1lec v\u017edy \u0159\u00e1dn\u011b maz\u00e1n. Pou\u017e\u00edvejte doporu\u010den\u00fd hydraulick\u00fd olej a pravideln\u011b kontrolujte jeho hladinu. Dostate\u010dn\u00e9 maz\u00e1n\u00ed pom\u00e1h\u00e1 sni\u017eovat opot\u0159eben\u00ed a zabra\u0148uje p\u0159eh\u0159\u00e1t\u00ed, co\u017e p\u0159isp\u00edv\u00e1 k del\u0161\u00ed \u017eivotnosti v\u00e1lce.<\/p>\n<\/li>\n<li>\n<h3>V\u00fdm\u011bna t\u011bsn\u011bn\u00ed<\/h3>\n<p>Pravideln\u011b sledujte stav t\u011bsn\u011bn\u00ed. Vym\u011b\u0148ujte t\u011bsn\u011bn\u00ed, kter\u00e1 vykazuj\u00ed zn\u00e1mky opot\u0159eben\u00ed nebo po\u0161kozen\u00ed, aby se udr\u017eel hydraulick\u00fd tlak a zabr\u00e1nilo se \u00fanik\u016fm. Spr\u00e1vn\u011b udr\u017eovan\u00e1 t\u011bsn\u011bn\u00ed jsou kl\u00ed\u010dov\u00e1 pro efektivn\u00ed provoz hydraulick\u00e9ho syst\u00e9mu.<\/p>\n<\/li>\n<\/ul>\n<h2>Pokyny k instalaci v\u00e1lce v\u00fdlo\u017en\u00edku<\/h2>\n<p>Spr\u00e1vn\u00e1 instalace v\u00e1lce v\u00fdlo\u017en\u00edku je nezbytn\u00e1 pro optim\u00e1ln\u00ed v\u00fdkon a bezpe\u010dnost. Za\u010dn\u011bte t\u00edm, \u017ee se ujist\u00edte, \u017ee mont\u00e1\u017en\u00ed body jsou \u010dist\u00e9 a bez ne\u010distot. V\u00e1lec spr\u00e1vn\u011b vyrovnejte s mont\u00e1\u017en\u00edmi konzolami pomoc\u00ed vhodn\u00e9ho n\u00e1\u0159ad\u00ed, abyste zajistili spr\u00e1vnou polohu. Pro pevn\u00e9 upevn\u011bn\u00ed v\u00e1lce pou\u017eijte vhodn\u00e9 mont\u00e1\u017en\u00ed konzoly.<\/p>\n<p>B\u011bhem instalace kontrolujte spr\u00e1vn\u00e9 vyrovn\u00e1n\u00ed; nespr\u00e1vn\u00e9 vyrovn\u00e1n\u00ed m\u016f\u017ee v\u00e9st k nadm\u011brn\u00e9mu opot\u0159eben\u00ed nebo poru\u0161e. Po instalaci vyzkou\u0161ejte v\u00e1lec za norm\u00e1ln\u00edch provozn\u00edch podm\u00ednek a v\u0161\u00edmejte si neobvykl\u00fdch zvuk\u016f nebo hydraulick\u00fdch net\u011bsnost\u00ed. Po instalaci v\u00e1lec pravideln\u011b kalibrujte, abyste zachovali jeho \u00fa\u010dinnost a bezpe\u010dnost.<\/p>\n<h2>B\u011b\u017en\u00e9 \u00fakoly \u00fadr\u017eby<\/h2>\n<ul>\n<li>\n<h3>Rutinn\u00ed kontroly<\/h3>\n<p>Pravideln\u011b kontrolujte hydraulick\u00fd v\u00e1lec, zda nevykazuje zn\u00e1mky opot\u0159eben\u00ed, net\u011bsnost\u00ed nebo po\u0161kozen\u00ed. To zahrnuje kontrolu stavu t\u011bsn\u011bn\u00ed, integrity t\u011blesa v\u00e1lce a hladiny kapalin. V\u010dasn\u00e1 identifikace probl\u00e9m\u016f m\u016f\u017ee zabr\u00e1nit n\u00e1kladn\u00fdm oprav\u00e1m a prostoj\u016fm.<\/p>\n<\/li>\n<li>\n<h3>Spr\u00e1vn\u00e9 maz\u00e1n\u00ed<\/h3>\n<p>Zajist\u011bte, aby byl v\u00e1lec dostate\u010dn\u011b maz\u00e1n spr\u00e1vn\u00fdm typem hydraulick\u00e9ho oleje. Pravideln\u00e9 maz\u00e1n\u00ed sni\u017euje t\u0159en\u00ed a opot\u0159eben\u00ed, \u010d\u00edm\u017e zvy\u0161uje v\u00fdkon a \u017eivotnost v\u00e1lce. Udr\u017eujte spr\u00e1vnou hladinu oleje, abyste p\u0159ede\u0161li provozn\u00edm probl\u00e9m\u016fm.<\/p>\n<\/li>\n<li>\n<h3>V\u00fdm\u011bna t\u011bsn\u011bn\u00ed<\/h3>\n<p>Pravideln\u011b kontrolujte opot\u0159eben\u00ed t\u011bsn\u011bn\u00ed a v p\u0159\u00edpad\u011b pot\u0159eby je vym\u011b\u0148te. \u00da\u010dinn\u00e1 t\u011bsn\u011bn\u00ed jsou z\u00e1sadn\u00ed pro udr\u017een\u00ed hydraulick\u00e9ho tlaku a zaji\u0161t\u011bn\u00ed efektivn\u00edho provozu. Spr\u00e1vn\u00e1 \u00fadr\u017eba t\u011bsn\u011bn\u00ed pom\u00e1h\u00e1 p\u0159edch\u00e1zet net\u011bsnostem a selh\u00e1n\u00ed v\u00e1lc\u016f.<\/p>\n<\/li>\n<\/ul>\n<p><img decoding=\"async\" src=\"https:\/\/www.hydraulic-cylinders.net\/wp-content\/uploads\/2025\/04\/songte-chushion-collar.webp\" alt=\"Pol\u0161t\u00e1\u0159ov\u00fd l\u00edmec pro hydraulick\u00fd v\u00e1lec\"><\/p>\n<h2>Bezpe\u010dnostn\u00ed aspekty a faktory prost\u0159ed\u00ed<\/h2>\n<p>P\u0159i pou\u017e\u00edv\u00e1n\u00ed hydraulick\u00fdch v\u00e1lc\u016f jsou bezpe\u010dnostn\u00ed opat\u0159en\u00ed prvo\u0159ad\u00e1. Obsluha by m\u011bla v\u017edy nosit vhodn\u00e9 osobn\u00ed ochrann\u00e9 prost\u0159edky (OOP) a dodr\u017eovat bezpe\u010dnostn\u00ed protokoly, aby minimalizovala rizika. Pochopen\u00ed provozn\u00edch limit\u016f hydraulick\u00e9ho syst\u00e9mu je z\u00e1sadn\u00ed pro prevenci nehod a zaji\u0161t\u011bn\u00ed bezpe\u010dn\u00e9ho pou\u017e\u00edv\u00e1n\u00ed v r\u016fzn\u00fdch prost\u0159ed\u00edch.<\/p>\n<p>Faktory prost\u0159ed\u00ed, jako jsou teplotn\u00ed v\u00fdkyvy a vystaven\u00ed korozivn\u00edm l\u00e1tk\u00e1m, mohou ovlivnit v\u00fdkon hydraulick\u00fdch v\u00e1lc\u016f. V\u00fdb\u011br materi\u00e1l\u016f, kter\u00e9 t\u011bmto podm\u00ednk\u00e1m odol\u00e1vaj\u00ed, zvy\u0161uje trvanlivost a bezpe\u010dnost. Pravideln\u00e9 kontroly a \u00fadr\u017eba d\u00e1le zm\u00edrn\u00ed rizika spojen\u00e1 s vystaven\u00edm prost\u0159ed\u00ed.<\/p>\n<h2>Odstra\u0148ov\u00e1n\u00ed probl\u00e9m\u016f a b\u011b\u017en\u00e9 probl\u00e9my<\/h2>\n<ul>\n<li>\n<h3>\u00danik hydraulick\u00e9 kapaliny<\/h3>\n<p>K \u00fanik\u016fm m\u016f\u017ee doch\u00e1zet v d\u016fsledku opot\u0159ebovan\u00fdch t\u011bsn\u011bn\u00ed nebo po\u0161kozen\u00ed samotn\u00e9ho v\u00e1lce. Zkontrolujte t\u011bsn\u011bn\u00ed a t\u011bleso v\u00e1lce, zda nevykazuj\u00ed viditeln\u00e9 po\u0161kozen\u00ed, a probl\u00e9m napravte. Opot\u0159ebovan\u00e1 t\u011bsn\u011bn\u00ed ihned vym\u011b\u0148te, aby se zachoval hydraulick\u00fd tlak a \u00fa\u010dinnost.<\/p>\n<\/li>\n<li>\n<h3>Pomal\u00fd nebo nereaguj\u00edc\u00ed provoz<\/h3>\n<p>Pomal\u00fd provoz m\u016f\u017ee signalizovat n\u00edzkou hladinu hydraulick\u00e9 kapaliny nebo vzduch v syst\u00e9mu. Zkontrolujte hladiny kapalin a v p\u0159\u00edpad\u011b pot\u0159eby je dopl\u0148te. Pokud je p\u0159\u00edtomen vzduch, odvzdu\u0161n\u011bte syst\u00e9m podle pokyn\u016f v\u00fdrobce, aby se obnovila spr\u00e1vn\u00e1 funk\u010dnost.<\/p>\n<\/li>\n<li>\n<h3>Nadm\u011brn\u00fd hluk b\u011bhem provozu<\/h3>\n<p>Neobvykl\u00e9 zvuky mohou signalizovat vnit\u0159n\u00ed opot\u0159eben\u00ed nebo n\u00edzkou hladinu maz\u00e1n\u00ed. Prozkoumejte zdroj hluku a zajist\u011bte dostate\u010dn\u00e9 maz\u00e1n\u00ed. Pravideln\u00e1 \u00fadr\u017eba m\u016f\u017ee pomoci p\u0159edej\u00edt probl\u00e9m\u016fm, kter\u00e9 vedou k hluku b\u011bhem provozu.<\/p>\n<\/li>\n<\/ul>\n<p><img decoding=\"async\" src=\"https:\/\/www.hydraulic-cylinders.net\/wp-content\/uploads\/2025\/04\/songte-bushings-with-all-kinds-of-excavator-models.webp\" alt=\"Pouzdra pro hydraulick\u00e9 v\u00e1lce\"><\/p>\n<h2>Tipy a \u0159e\u0161en\u00ed probl\u00e9m\u016f<\/h2>\n<p>Pro efektivn\u00ed \u0159e\u0161en\u00ed probl\u00e9m\u016f zachov\u00e1vejte systematick\u00fd p\u0159\u00edstup k diagnostice probl\u00e9m\u016f. Za\u010dn\u011bte identifikac\u00ed p\u0159\u00edznak\u016f, jako je \u00fanik kapaliny nebo nereaguj\u00edc\u00ed pohyb, a vysledujte je a\u017e k jejich zdroji. Zav\u00e1d\u011bn\u00ed preventivn\u00edch opat\u0159en\u00ed \u00fadr\u017eby v prvn\u00ed \u0159ad\u011b sn\u00ed\u017e\u00ed potenci\u00e1ln\u00ed probl\u00e9my. Pravideln\u00e9 kontroly a \u0159e\u0161en\u00ed drobn\u00fdch probl\u00e9m\u016f d\u0159\u00edve, ne\u017e se vyhrot\u00ed, m\u016f\u017ee v\u00fdrazn\u011b zv\u00fd\u0161it v\u00fdkon a \u017eivotnost v\u00e1lce v\u00fdlo\u017en\u00edku.<\/p>\n<h2>O na\u0161\u00ed spole\u010dnosti<\/h2>\n<p>Jsme p\u0159edn\u00edm v\u00fdrobcem n\u00e1hradn\u00edch hydraulick\u00fdch v\u00e1lc\u016f a nab\u00edz\u00edme komplexn\u00ed sortiment produkt\u016f, d\u00edky kter\u00e9mu jsme se stali jedn\u00edm z p\u0159edn\u00edch v\u00fdrobc\u016f a velkoobchodn\u00edk\u016f na dom\u00e1c\u00edm i mezin\u00e1rodn\u00edm trhu. N\u00e1\u0161 z\u00e1vazek k dokonalosti a propracovan\u00e9 v\u00fdrobn\u00ed strategie zaji\u0161\u0165uj\u00ed nejvy\u0161\u0161\u00ed kvalitu produkt\u016f. Na\u0161i kvalifikovan\u00ed pracovn\u00edci, modern\u00ed digit\u00e1ln\u00ed v\u00fdrobn\u00ed za\u0159\u00edzen\u00ed a profesion\u00e1ln\u00ed testovac\u00ed syst\u00e9my neust\u00e1le zvy\u0161uj\u00ed na\u0161e v\u00fdrobn\u00ed kapacity.<\/p>\n<p>Specializujeme se na poskytov\u00e1n\u00ed \u0159e\u0161en\u00ed na m\u00edru, kter\u00e1 spl\u0148uj\u00ed rozmanit\u00e9 pot\u0159eby klient\u016f, a n\u00e1\u0161 poprodejn\u00ed servis je navr\u017een tak, aby zajistil spokojenost z\u00e1kazn\u00edk\u016f. Na\u0161e oddanost p\u0159esnosti, efektivit\u011b a kvalit\u011b n\u00e1s stav\u00ed mezi d\u016fv\u011bryhodn\u00e9ho partnera v odv\u011btv\u00ed hydraulick\u00fdch v\u00e1lc\u016f.<\/p>\n<p><img decoding=\"async\" src=\"https:\/\/www.hydraulic-cylinders.net\/wp-content\/uploads\/2025\/04\/songte-company-4.webp\" alt=\"P\u0159ehled spole\u010dnosti\"><br \/>\n<img decoding=\"async\" src=\"https:\/\/www.hydraulic-cylinders.net\/wp-content\/uploads\/2025\/04\/songte-company-3.webp\" alt=\"V\u00fdrobn\u00ed z\u00e1vod spole\u010dnosti\"><\/p>\n<p>Autor: lyl<\/p>","protected":false},"excerpt":{"rendered":"<p>Boom Cylinder For Lovol Large Excavator FR370 Product Definition and Overview The Boom Cylinder for Lovol Large Excavator FR370 is a critical component in hydraulic systems, specifically designed to control the movement of the boom on excavators. These cylinders enable the boom to lift, lower, and tilt, facilitating various material handling tasks. As a hydraulic [&hellip;]<\/p>","protected":false},"featured_media":17878,"comment_status":"open","ping_status":"closed","template":"","meta":{"_et_pb_use_builder":"","_et_pb_old_content":"","_et_gb_content_width":""},"product_brand":[],"product_cat":[1546],"product_tag":[1547,1496],"class_list":{"0":"post-19283","1":"product","2":"type-product","3":"status-publish","4":"has-post-thumbnail","6":"product_cat-boom-cylinders","7":"product_tag-boom-cylinders","8":"product_tag-hydraulic-cylinders","10":"first","11":"instock","12":"shipping-taxable","13":"product-type-simple"},"amp_enabled":true,"_links":{"self":[{"href":"https:\/\/www.hydraulic-cylinders.net\/cs\/wp-json\/wp\/v2\/product\/19283","targetHints":{"allow":["GET"]}}],"collection":[{"href":"https:\/\/www.hydraulic-cylinders.net\/cs\/wp-json\/wp\/v2\/product"}],"about":[{"href":"https:\/\/www.hydraulic-cylinders.net\/cs\/wp-json\/wp\/v2\/types\/product"}],"replies":[{"embeddable":true,"href":"https:\/\/www.hydraulic-cylinders.net\/cs\/wp-json\/wp\/v2\/comments?post=19283"}],"wp:featuredmedia":[{"embeddable":true,"href":"https:\/\/www.hydraulic-cylinders.net\/cs\/wp-json\/wp\/v2\/media\/17878"}],"wp:attachment":[{"href":"https:\/\/www.hydraulic-cylinders.net\/cs\/wp-json\/wp\/v2\/media?parent=19283"}],"wp:term":[{"taxonomy":"product_brand","embeddable":true,"href":"https:\/\/www.hydraulic-cylinders.net\/cs\/wp-json\/wp\/v2\/product_brand?post=19283"},{"taxonomy":"product_cat","embeddable":true,"href":"https:\/\/www.hydraulic-cylinders.net\/cs\/wp-json\/wp\/v2\/product_cat?post=19283"},{"taxonomy":"product_tag","embeddable":true,"href":"https:\/\/www.hydraulic-cylinders.net\/cs\/wp-json\/wp\/v2\/product_tag?post=19283"}],"curies":[{"name":"wp","href":"https:\/\/api.w.org\/{rel}","templated":true}]}}