{"id":19311,"date":"2025-04-07T06:26:15","date_gmt":"2025-04-07T06:26:15","guid":{"rendered":"https:\/\/www.hydraulic-cylinders.net\/product\/boom-cylinder-for-xgma-small-excavator-xg808\/"},"modified":"2025-04-07T06:26:27","modified_gmt":"2025-04-07T06:26:27","slug":"boom-cylinder-for-xgma-small-excavator-xg808","status":"publish","type":"product","link":"https:\/\/www.hydraulic-cylinders.net\/cs\/produkt\/boom-cylinder-for-xgma-small-excavator-xg808\/","title":{"rendered":"V\u00e1lec v\u00fdlo\u017en\u00edku pro mal\u00e9 rypadlo XGMA XG808"},"content":{"rendered":"<h1>V\u00e1lec v\u00fdlo\u017en\u00edku pro mal\u00e9 rypadlo XGMA XG808<\/h1>\n<h2>Pochopen\u00ed v\u00e1lce v\u00fdlo\u017en\u00edku<\/h2>\n<p>Hydraulick\u00fd v\u00e1lec v\u00fdlo\u017en\u00edku, speci\u00e1ln\u011b navr\u017een\u00fd pro mal\u00fd bagr XGMA XG808, je kl\u00ed\u010dovou sou\u010d\u00e1st\u00ed hydraulick\u00e9ho syst\u00e9mu t\u011b\u017ek\u00fdch stroj\u016f. Tento hydraulick\u00fd v\u00e1lec je zodpov\u011bdn\u00fd za \u0159\u00edzen\u00ed pohybu v\u00fdlo\u017en\u00edku a umo\u017e\u0148uje p\u0159esn\u00e9 zved\u00e1n\u00ed, spou\u0161t\u011bn\u00ed a nakl\u00e1p\u011bn\u00ed. Hraje z\u00e1sadn\u00ed roli p\u0159i manipulaci s materi\u00e1lem, tak\u017ee je nepostradateln\u00fd pro r\u016fzn\u00e9 aplikace ve stavebnictv\u00ed a zem\u011bd\u011blstv\u00ed.<\/p>\n<p>Tyto v\u00e1lce jsou navr\u017eeny pro provoz za vysok\u00e9ho tlaku a zaji\u0161\u0165uj\u00ed spolehliv\u00fd provoz i v n\u00e1ro\u010dn\u00fdch podm\u00ednk\u00e1ch. D\u00edky vyu\u017eit\u00ed hydraulick\u00e9 kapaliny m\u016f\u017ee v\u00e1lec v\u00fdlo\u017en\u00edku vyv\u00edjet zna\u010dnou s\u00edlu, co\u017e umo\u017e\u0148uje efektivn\u00ed pohyb t\u011b\u017ek\u00fdch b\u0159emen. Konstrukce v\u00e1lce v\u00fdlo\u017en\u00edku se zam\u011b\u0159uje nejen na funk\u010dnost, ale tak\u00e9 na odolnost a \u00fadr\u017ebu, co\u017e zaji\u0161\u0165uje dlouhou \u017eivotnost.<\/p>\n<p><img decoding=\"async\" src=\"https:\/\/www.hydraulic-cylinders.net\/wp-content\/uploads\/2025\/04\/songte-company-1.webp\" alt=\"Obr\u00e1zek v\u00e1lce v\u00fdlo\u017en\u00edku\"><\/p>\n<h2>Kl\u00ed\u010dov\u00e9 vlastnosti v\u00e1lce v\u00fdlo\u017en\u00edku<\/h2>\n<ul>\n<li><strong>Vysok\u00e1 pevnost a trvanlivost:<\/strong> Tato l\u00e1hev, vyroben\u00e1 z vysokopevnostn\u00ed oceli nebo hlin\u00edku, odol\u00e1v\u00e1 vysok\u00e9mu tlaku a velk\u00e9mu zat\u00ed\u017een\u00ed a z\u00e1rove\u0148 je odoln\u00e1 proti opot\u0159eben\u00ed a korozi, \u010d\u00edm\u017e prodlu\u017euje svou \u017eivotnost.<\/li>\n<li><strong>Efektivn\u00ed hydraulick\u00fd provoz:<\/strong> V\u00e1lec v\u00fdlo\u017en\u00edku vyu\u017e\u00edv\u00e1 hydraulick\u00fd tlak pro plynul\u00e9 vysouv\u00e1n\u00ed a zasouv\u00e1n\u00ed, co\u017e umo\u017e\u0148uje rychlou reakci na ovl\u00e1dac\u00ed povely a poskytuje silnou tla\u010dnou a ta\u017enou s\u00edlu.<\/li>\n<li><strong>R\u016fzn\u00e9 typy:<\/strong> Mo\u017enosti zahrnuj\u00ed jedno\u010dinn\u00e9 (vyu\u017e\u00edvaj\u00edc\u00ed hydraulickou s\u00edlu v jednom sm\u011bru) nebo dvoj\u010dinn\u00e9 (vyu\u017e\u00edvaj\u00edc\u00ed hydraulickou s\u00edlu v obou sm\u011brech) v\u00e1lce, p\u0159i\u010dem\u017e n\u011bkter\u00e9 modely jsou navr\u017eeny pro teleskopick\u00fd provoz.<\/li>\n<li><strong>P\u0159izp\u016fsobiteln\u00e1 \u0159e\u0161en\u00ed:<\/strong> Na\u0161e produkty dok\u00e1\u017e\u00ed dokonale nahradit r\u016fzn\u00e9 hydraulick\u00e9 v\u00e1lce na trhu a zaji\u0161\u0165uj\u00ed kompatibilitu s r\u016fzn\u00fdmi modely bagr\u016f.<\/li>\n<li><strong>Snadn\u00e1 \u00fadr\u017eba:<\/strong> Navr\u017eeno s u\u017eivatelsky p\u0159\u00edv\u011btiv\u00fdmi funkcemi pro usnadn\u011bn\u00ed \u00fadr\u017eby a oprav a zaji\u0161t\u011bn\u00ed optim\u00e1ln\u00edho v\u00fdkonu v pr\u016fb\u011bhu \u010dasu.<\/li>\n<\/ul>\n<p><img decoding=\"async\" src=\"https:\/\/www.hydraulic-cylinders.net\/wp-content\/uploads\/2025\/04\/songte-cylinder-head-with-all-kinds-excavator-models.webp\" alt=\"Obr\u00e1zek hlavy v\u00e1lc\u016f\"><\/p>\n<h2>Aplikace v\u00e1lce v\u00fdlo\u017en\u00edku<\/h2>\n<h3>Stavebn\u00ed stroje<\/h3>\n<p>U bagr\u016f jsou v\u00e1lce v\u00fdlo\u017en\u00edku z\u00e1sadn\u00ed pro kop\u00e1n\u00ed, nakl\u00e1d\u00e1n\u00ed a p\u0159emis\u0165ov\u00e1n\u00ed zeminy nebo suti. Umo\u017e\u0148uj\u00ed dos\u00e1hnout v\u00fdlo\u017en\u00edku r\u016fzn\u00fdch v\u00fd\u0161ek a \u00fahl\u016f, co\u017e zefektiv\u0148uje v\u00fdkopov\u00e9 pr\u00e1ce. Schopnost rychle p\u0159ep\u00ednat mezi r\u016fzn\u00fdmi re\u017eimy provozu zvy\u0161uje produktivitu na staveni\u0161t\u00edch.<\/p>\n<h3>Zem\u011bd\u011blsk\u00e9 stroje<\/h3>\n<p>U \u010deln\u00edch naklada\u010d\u016f se v\u00e1lce v\u00fdlo\u017en\u00edku pou\u017e\u00edvaj\u00ed k nab\u00edr\u00e1n\u00ed, zved\u00e1n\u00ed a p\u0159eprav\u011b zeminy, sena a dal\u0161\u00edch materi\u00e1l\u016f. Hydraulick\u00fd syst\u00e9m poskytuje pot\u0159ebnou s\u00edlu pro zved\u00e1n\u00ed t\u011b\u017ek\u00fdch b\u0159emen, co\u017e usnad\u0148uje a zefektiv\u0148uje \u00fakoly, jako je \u010di\u0161t\u011bn\u00ed pozemk\u016f nebo p\u0159eprava z\u00e1sob.<\/p>\n<h3>Bagry<\/h3>\n<p>U rypadel umo\u017e\u0148uje v\u00e1lec v\u00fdlo\u017en\u00edku l\u017e\u00edci efektivn\u00ed pronik\u00e1n\u00ed do p\u016fdy, co\u017e usnad\u0148uje proces v\u00fdkopu. Jeho konstrukce zaji\u0161\u0165uje rovnom\u011brn\u00e9 rozlo\u017een\u00ed sil, co\u017e umo\u017e\u0148uje hlub\u0161\u00ed kop\u00e1n\u00ed a stabiln\u011bj\u0161\u00ed provoz i v n\u00e1ro\u010dn\u00e9m ter\u00e9nu.<\/p>\n<h3>Naklada\u010de<\/h3>\n<p>U \u010deln\u00edch naklada\u010d\u016f pom\u00e1haj\u00ed v\u00e1lce v\u00fdlo\u017en\u00edku efektivn\u011b zvedat a vykl\u00e1p\u011bt b\u0159emena. Jejich schopnost rychl\u00e9ho vysouv\u00e1n\u00ed a zasouv\u00e1n\u00ed znamen\u00e1, \u017ee s materi\u00e1ly lze p\u0159esouvat p\u0159esn\u011b, co\u017e zkracuje prostoje a zvy\u0161uje celkovou produktivitu.<\/p>\n<h2>Konstruk\u010dn\u00ed aspekty a krit\u00e9ria v\u00fdb\u011bru<\/h2>\n<h3>Nosnost<\/h3>\n<p>P\u0159i v\u00fdb\u011bru v\u00e1lce v\u00fdlo\u017en\u00edku je kl\u00ed\u010dov\u00e9 pochopen\u00ed jeho nosnosti. V\u00e1lec mus\u00ed b\u00fdt schopen zvl\u00e1dnout o\u010dek\u00e1vanou hmotnost materi\u00e1l\u016f, kter\u00e9 bude zvedat. P\u0159et\u00ed\u017een\u00ed m\u016f\u017ee v\u00e9st ke katastrof\u00e1ln\u00edm poruch\u00e1m, proto je nezbytn\u00e9 vybrat v\u00e1lec, kter\u00fd spl\u0148uje nebo p\u0159ekra\u010duje po\u017eadovan\u00e9 specifikace.<\/p>\n<h3>T\u011bsn\u011bn\u00ed<\/h3>\n<p>\u00da\u010dinn\u00e9 t\u011bsn\u011bn\u00ed je nezbytn\u00e9 pro zabr\u00e1n\u011bn\u00ed \u00faniku hydraulick\u00e9 kapaliny, kter\u00fd m\u016f\u017ee sn\u00ed\u017eit \u00fa\u010dinnost a v\u00e9st k selh\u00e1n\u00ed sou\u010d\u00e1st\u00ed. Vysoce kvalitn\u00ed t\u011bsn\u011bn\u00ed poskytuj\u00ed spolehliv\u00fd v\u00fdkon a zaji\u0161\u0165uj\u00ed, \u017ee v\u00e1lec pracuje hladce a efektivn\u011b pod vysok\u00fdm tlakem.<\/p>\n<h3>Trvanlivost<\/h3>\n<p>Trvanlivost je kl\u00ed\u010dov\u00e1 pro v\u00e1lce v\u00fdlo\u017en\u00edku, zejm\u00e9na v n\u00e1ro\u010dn\u00fdch pracovn\u00edch podm\u00ednk\u00e1ch. Materi\u00e1ly pou\u017eit\u00e9 p\u0159i v\u00fdrob\u011b by m\u011bly odol\u00e1vat opot\u0159eben\u00ed a korozi, aby se zajistilo, \u017ee si v\u00e1lec zachov\u00e1 sv\u016fj v\u00fdkon po dlouhou dobu. Pravideln\u00e9 kontroly mohou pomoci v\u010das odhalit opot\u0159eben\u00ed a umo\u017enit v\u010dasnou \u00fadr\u017ebu.<\/p>\n<h3>Bezpe\u010dnost<\/h3>\n<p>Do konstrukce v\u00e1lce v\u00fdlo\u017en\u00edku mus\u00ed b\u00fdt integrov\u00e1ny bezpe\u010dnostn\u00ed prvky, kter\u00e9 chr\u00e1n\u00ed obsluhu a za\u0159\u00edzen\u00ed. To zahrnuje zabudov\u00e1n\u00ed p\u0159etlakov\u00fdch ventil\u016f a zaji\u0161t\u011bn\u00ed toho, aby v\u00e1lec byl konstruov\u00e1n tak, aby odolal neo\u010dek\u00e1van\u00e9mu zat\u00ed\u017een\u00ed bez selh\u00e1n\u00ed.<\/p>\n<h3>Provozuschopnost<\/h3>\n<p>V neposledn\u00ed \u0159ad\u011b je kl\u00ed\u010dov\u00fdm faktorem snadn\u00e1 \u00fadr\u017eba. Dob\u0159e navr\u017een\u00fd v\u00e1lec v\u00fdlo\u017en\u00edku by m\u011bl umo\u017e\u0148ovat snadn\u00e9 kontroly, opravy a v\u00fdm\u011bny d\u00edl\u016f, co\u017e by sni\u017eovalo prostoje a n\u00e1klady na \u00fadr\u017ebu po celou dobu \u017eivotnosti za\u0159\u00edzen\u00ed.<\/p>\n<p><img decoding=\"async\" src=\"https:\/\/www.hydraulic-cylinders.net\/wp-content\/uploads\/2025\/04\/songte-oil-pipes-and-spare-parts.webp\" alt=\"Obr\u00e1zek olejov\u00fdch trubek a n\u00e1hradn\u00edch d\u00edl\u016f\"><\/p>\n<h2>T\u011bsn\u011bn\u00ed a maz\u00e1n\u00ed<\/h2>\n<p>\u00da\u010dinn\u00e9 t\u011bsn\u011bn\u00ed a maz\u00e1n\u00ed jsou z\u00e1sadn\u00ed pro v\u00fdkon v\u00e1lc\u016f v\u00fdlo\u017en\u00edku. K udr\u017een\u00ed hydraulick\u00e9ho tlaku a zabr\u00e1n\u011bn\u00ed \u00fanik\u016fm se pou\u017e\u00edvaj\u00ed r\u016fzn\u00e1 t\u011bsn\u011bn\u00ed, jako jsou p\u00edstn\u00ed t\u011bsn\u011bn\u00ed a t\u011bsn\u011bn\u00ed p\u00edstnice. Tato t\u011bsn\u011bn\u00ed jsou obvykle vyrobena z odoln\u00fdch materi\u00e1l\u016f, jako je polyuretan nebo nitrilov\u00e1 pry\u017e, kter\u00e9 nab\u00edzej\u00ed vynikaj\u00edc\u00ed odolnost proti opot\u0159eben\u00ed.<\/p>\n<p>T\u011bleso v\u00e1lce a z\u00e1vitov\u00e9 koncov\u00e9 plochy by m\u011bly b\u00fdt jemn\u011b opracov\u00e1ny, aby se zv\u00fd\u0161ila jejich odolnost proti opot\u0159eben\u00ed. Pravideln\u00e9 maz\u00e1n\u00ed hydraulick\u00fdm olejem je nezbytn\u00e9 pro zaji\u0161t\u011bn\u00ed plynul\u00e9ho provozu a prevenci po\u0161kozen\u00ed t\u0159en\u00edm. Spr\u00e1vn\u00e9 maz\u00e1n\u00ed minimalizuje opot\u0159eben\u00ed a prodlu\u017euje \u017eivotnost v\u00e1lce.<\/p>\n<h2>Pravideln\u00e1 kontrola a preventivn\u00ed \u00fadr\u017eba<\/h2>\n<ul>\n<li><strong>Pl\u00e1novan\u00e9 kontroly:<\/strong> Pravideln\u00e9 kontroly pom\u00e1haj\u00ed identifikovat zn\u00e1mky opot\u0159eben\u00ed nebo po\u0161kozen\u00ed d\u0159\u00edve, ne\u017e povedou k selh\u00e1n\u00ed. Z\u00e1sadn\u00ed je kontrola net\u011bsnost\u00ed, po\u0161kozen\u00ed povrchu a celkov\u00e9ho stavu v\u00e1lce.<\/li>\n<li><strong>\u00dadr\u017eba maz\u00e1n\u00ed:<\/strong> Zaji\u0161t\u011bn\u00ed dostate\u010dn\u00e9ho maz\u00e1n\u00ed v\u00e1lce zabra\u0148uje nadm\u011brn\u00e9mu opot\u0159eben\u00ed a udr\u017euje provozn\u00ed \u00fa\u010dinnost. Pl\u00e1novan\u00e9 kontroly maz\u00e1n\u00ed by m\u011bly b\u00fdt sou\u010d\u00e1st\u00ed b\u011b\u017en\u00e9 \u00fadr\u017eby.<\/li>\n<li><strong>V\u00fdm\u011bna t\u011bsn\u011bn\u00ed:<\/strong> T\u011bsn\u011bn\u00ed by m\u011bla b\u00fdt pravideln\u011b vym\u011b\u0148ov\u00e1na, aby se zachoval jejich v\u00fdkon a zabr\u00e1nilo se \u00fanik\u016fm. Sledov\u00e1n\u00ed stavu t\u011bsn\u011bn\u00ed a jejich v\u00fdm\u011bna v p\u0159\u00edpad\u011b pot\u0159eby je z\u00e1sadn\u00ed pro dlouhodob\u00fd provoz.<\/li>\n<\/ul>\n<h2>Pokyny k instalaci<\/h2>\n<p>Spr\u00e1vn\u00e1 instalace v\u00e1lce v\u00fdlo\u017en\u00edku je nezbytn\u00e1 pro optim\u00e1ln\u00ed v\u00fdkon. Za\u010dn\u011bte t\u00edm, \u017ee se ujist\u00edte, \u017ee v\u0161echny mont\u00e1\u017en\u00ed body jsou \u010dist\u00e9 a bez ne\u010distot. V\u00e1lec spr\u00e1vn\u011b vyrovnejte se st\u00e1vaj\u00edc\u00edmi \u00fachyty stroje a zajist\u011bte jej pomoc\u00ed vhodn\u00fdch podp\u011brn\u00fdch konzol. P\u0159ed spu\u0161t\u011bn\u00edm se ujist\u011bte, \u017ee jsou v\u0161echna hydraulick\u00e1 spojen\u00ed t\u011bsn\u00e1 a t\u011bsn\u00e1, a zkontrolujte spr\u00e1vn\u00e9 nastaven\u00ed tlaku. Dodr\u017een\u00ed t\u011bchto krok\u016f pom\u016f\u017ee zajistit, aby v\u00e1lec fungoval efektivn\u011b a bezpe\u010dn\u011b po celou dobu jeho \u017eivotnosti.<\/p>\n<h2>B\u011b\u017en\u00e9 \u00fakoly \u00fadr\u017eby<\/h2>\n<ul>\n<li><strong>Pravideln\u00e9 kontroly:<\/strong> Prov\u00e1d\u011bn\u00ed pravideln\u00fdch kontrol je z\u00e1sadn\u00ed. B\u011bhem provozu hledejte zn\u00e1mky opot\u0159eben\u00ed, net\u011bsnosti nebo neobvykl\u00e9 zvuky. V\u010dasn\u00e9 odhalen\u00ed probl\u00e9m\u016f m\u016f\u017ee zabr\u00e1nit n\u00e1kladn\u00fdm oprav\u00e1m.<\/li>\n<li><strong>Vhodn\u00e9 maz\u00e1n\u00ed:<\/strong> Pravideln\u011b promaz\u00e1vejte v\u00e1lec, abyste minimalizovali t\u0159en\u00ed a opot\u0159eben\u00ed. Pou\u017e\u00edvejte doporu\u010den\u00fd typ hydraulick\u00e9ho oleje a dodr\u017eujte pokyny v\u00fdrobce ohledn\u011b interval\u016f maz\u00e1n\u00ed.<\/li>\n<li><strong>V\u00fdm\u011bna a kalibrace t\u011bsn\u011bn\u00ed:<\/strong> Sledujte t\u011bsn\u011bn\u00ed, zda nevykazuj\u00ed zn\u00e1mky opot\u0159eben\u00ed, a v p\u0159\u00edpad\u011b pot\u0159eby je vym\u011b\u0148te. Pravideln\u011b kalibrujte hydraulick\u00fd syst\u00e9m, abyste zajistili optim\u00e1ln\u00ed v\u00fdkon a synchronizaci mezi komponenty.<\/li>\n<\/ul>\n<p>Spr\u00e1vn\u00e1 instalace, maz\u00e1n\u00ed a se\u0159\u00edzen\u00ed jsou z\u00e1sadn\u00ed pro zachov\u00e1n\u00ed funk\u010dnosti v\u00e1lce v\u00fdlo\u017en\u00edku. Pou\u017eit\u00ed spr\u00e1vn\u00fdch mont\u00e1\u017en\u00edch konzol a dodr\u017eov\u00e1n\u00ed tip\u016f pro se\u0159\u00edzen\u00ed m\u016f\u017ee v\u00fdrazn\u011b zv\u00fd\u0161it v\u00fdkon a prodlou\u017eit \u017eivotnost v\u00e1lce.<\/p>\n<p><img decoding=\"async\" src=\"https:\/\/www.hydraulic-cylinders.net\/wp-content\/uploads\/2025\/04\/songte-chushion-collar.webp\" alt=\"Obr\u00e1zek pol\u0161t\u00e1\u0159ov\u00e9ho l\u00edmce\"><\/p>\n<h2>Bezpe\u010dnostn\u00ed aspekty a faktory prost\u0159ed\u00ed<\/h2>\n<p>P\u0159i obsluze a \u00fadr\u017eb\u011b v\u00e1lc\u016f v\u00fdlo\u017en\u00edku jsou bezpe\u010dnostn\u00ed opat\u0159en\u00ed prvo\u0159ad\u00e1. V\u017edy dodr\u017eujte pokyny a bezpe\u010dnostn\u00ed protokoly v\u00fdrobce, abyste p\u0159ede\u0161li nehod\u00e1m. B\u011bhem \u00fadr\u017eby by se m\u011bly pou\u017e\u00edvat vhodn\u00e9 ochrann\u00e9 pom\u016fcky. V\u00fdkon mohou ovlivnit i faktory prost\u0159ed\u00ed, jako jsou pov\u011btrnostn\u00ed podm\u00ednky, proto by si obsluha m\u011bla b\u00fdt v\u011bdoma t\u011bchto faktor\u016f a p\u0159ijmout nezbytn\u00e1 opat\u0159en\u00ed.<\/p>\n<h2>\u0158e\u0161en\u00ed b\u011b\u017en\u00fdch probl\u00e9m\u016f<\/h2>\n<ul>\n<li><strong>\u00danik:<\/strong> Pokud doch\u00e1z\u00ed k \u00faniku hydraulick\u00e9 kapaliny, zkontrolujte t\u011bsn\u011bn\u00ed, zda nejsou po\u0161kozen\u00e1, a ujist\u011bte se, \u017ee jsou v\u0161echna spojen\u00ed t\u011bsn\u00e1. Vym\u011b\u0148te opot\u0159ebovan\u00e1 t\u011bsn\u011bn\u00ed a v p\u0159\u00edpad\u011b pot\u0159eby dot\u00e1hn\u011bte spojen\u00ed.<\/li>\n<li><strong>Nekonzistentn\u00ed provoz:<\/strong> Pokud v\u00e1lec nereaguje spr\u00e1vn\u011b, zkontrolujte, zda v hydraulick\u00e9m syst\u00e9mu nen\u00ed vzduch nebo zda nen\u00ed n\u00edzk\u00e1 hladina kapaliny. Odvzdu\u0161n\u011bte syst\u00e9m a zajist\u011bte spr\u00e1vnou hladinu kapalin.<\/li>\n<li><strong>Neo\u010dek\u00e1van\u00e9 zvuky:<\/strong> Neobvykl\u00e9 zvuky mohou nazna\u010dovat vnit\u0159n\u00ed opot\u0159eben\u00ed nebo po\u0161kozen\u00ed. Zkontrolujte v\u00e1lec, zda nen\u00ed opot\u0159ebovan\u00fd, a pokud probl\u00e9m p\u0159etrv\u00e1v\u00e1, zva\u017ete konzultaci s technikem.<\/li>\n<\/ul>\n<p>Pro minimalizaci potenci\u00e1ln\u00edch probl\u00e9m\u016f jsou nezbytn\u00e1 proaktivn\u00ed opat\u0159en\u00ed, jako jsou pravideln\u00e9 kontroly \u00fadr\u017eby a \u0159\u00e1dn\u00e9 \u0161kolen\u00ed obsluhy. Tyto kroky mohou pomoci zajistit hladk\u00fd a efektivn\u00ed provoz v\u00e1lce v\u00fdlo\u017en\u00edku.<\/p>\n<p><img decoding=\"async\" src=\"https:\/\/www.hydraulic-cylinders.net\/wp-content\/uploads\/2025\/04\/songte-bushings-with-all-kinds-of-excavator-models.webp\" alt=\"Obr\u00e1zek pouzder\"><\/p>\n<h2>O na\u0161\u00ed spole\u010dnosti<\/h2>\n<p>Jsme p\u0159edn\u00edm v\u00fdrobcem n\u00e1hradn\u00edch hydraulick\u00fdch v\u00e1lc\u016f a nab\u00edz\u00edme komplexn\u00ed sortiment produkt\u016f. Na\u0161e oddanost dokonalosti n\u00e1s \u0159ad\u00ed mezi p\u0159edn\u00ed v\u00fdrobce a velkoobchodn\u00edky hydraulick\u00fdch v\u00e1lc\u016f na dom\u00e1c\u00edm i mezin\u00e1rodn\u00edm trhu. Zam\u011b\u0159ujeme se na vynikaj\u00edc\u00ed kvalitu, vyu\u017e\u00edv\u00e1me propracovan\u00e9 v\u00fdrobn\u00ed strategie a pokro\u010dil\u00e9 \u0159\u00edzen\u00ed v\u00fdroby. N\u00e1\u0161 zku\u0161en\u00fd technick\u00fd t\u00fdm vyu\u017e\u00edv\u00e1 \u0161pi\u010dkov\u00e9 digit\u00e1ln\u00ed v\u00fdrobn\u00ed za\u0159\u00edzen\u00ed a profesion\u00e1ln\u00ed testovac\u00ed syst\u00e9my ke zlep\u0161en\u00ed na\u0161ich v\u00fdrobn\u00edch kapacit.<\/p>\n<p>Poskytujeme slu\u017eby na m\u00edru, abychom splnili rozmanit\u00e9 pot\u0159eby z\u00e1kazn\u00edk\u016f, a zaji\u0161\u0165ujeme, aby na\u0161e produkty nab\u00edzely vysokou \u00fa\u010dinnost, p\u0159esnost a kvalitu. N\u00e1\u0161 poprodejn\u00ed servis se v\u011bnuje podpo\u0159e na\u0161ich klient\u016f, poskytov\u00e1n\u00ed pomoci s instalac\u00ed, \u00fadr\u017ebou a jak\u00fdmikoli dotazy po zakoupen\u00ed.<\/p>\n<p><img decoding=\"async\" src=\"https:\/\/www.hydraulic-cylinders.net\/wp-content\/uploads\/2025\/04\/songte-company-4.webp\" alt=\"Image spole\u010dnosti\"><br \/>\n<img decoding=\"async\" src=\"https:\/\/www.hydraulic-cylinders.net\/wp-content\/uploads\/2025\/04\/songte-company-3.webp\" alt=\"Image spole\u010dnosti\"><\/p>\n<p>Autor: lyl<\/p>","protected":false},"excerpt":{"rendered":"<p>Boom Cylinder For XGMA Small Excavator XG808 Understanding the Boom Cylinder The boom cylinder, specifically designed for the XGMA Small Excavator XG808, is a crucial component in the hydraulic system of heavy machinery. This hydraulic cylinder is responsible for controlling the movement of the boom, allowing for precise lifting, lowering, and tilting motions. It plays [&hellip;]<\/p>","protected":false},"featured_media":17876,"comment_status":"open","ping_status":"closed","template":"","meta":{"_et_pb_use_builder":"","_et_pb_old_content":"","_et_gb_content_width":""},"product_brand":[],"product_cat":[1546],"product_tag":[1547,1496],"class_list":{"0":"post-19311","1":"product","2":"type-product","3":"status-publish","4":"has-post-thumbnail","6":"product_cat-boom-cylinders","7":"product_tag-boom-cylinders","8":"product_tag-hydraulic-cylinders","10":"first","11":"instock","12":"shipping-taxable","13":"product-type-simple"},"amp_enabled":true,"_links":{"self":[{"href":"https:\/\/www.hydraulic-cylinders.net\/cs\/wp-json\/wp\/v2\/product\/19311","targetHints":{"allow":["GET"]}}],"collection":[{"href":"https:\/\/www.hydraulic-cylinders.net\/cs\/wp-json\/wp\/v2\/product"}],"about":[{"href":"https:\/\/www.hydraulic-cylinders.net\/cs\/wp-json\/wp\/v2\/types\/product"}],"replies":[{"embeddable":true,"href":"https:\/\/www.hydraulic-cylinders.net\/cs\/wp-json\/wp\/v2\/comments?post=19311"}],"wp:featuredmedia":[{"embeddable":true,"href":"https:\/\/www.hydraulic-cylinders.net\/cs\/wp-json\/wp\/v2\/media\/17876"}],"wp:attachment":[{"href":"https:\/\/www.hydraulic-cylinders.net\/cs\/wp-json\/wp\/v2\/media?parent=19311"}],"wp:term":[{"taxonomy":"product_brand","embeddable":true,"href":"https:\/\/www.hydraulic-cylinders.net\/cs\/wp-json\/wp\/v2\/product_brand?post=19311"},{"taxonomy":"product_cat","embeddable":true,"href":"https:\/\/www.hydraulic-cylinders.net\/cs\/wp-json\/wp\/v2\/product_cat?post=19311"},{"taxonomy":"product_tag","embeddable":true,"href":"https:\/\/www.hydraulic-cylinders.net\/cs\/wp-json\/wp\/v2\/product_tag?post=19311"}],"curies":[{"name":"wp","href":"https:\/\/api.w.org\/{rel}","templated":true}]}}