{"id":19316,"date":"2025-04-07T06:26:38","date_gmt":"2025-04-07T06:26:38","guid":{"rendered":"https:\/\/www.hydraulic-cylinders.net\/product\/boom-cylinder-for-xgma-middle-excavator-xg822lc\/"},"modified":"2025-04-07T06:26:41","modified_gmt":"2025-04-07T06:26:41","slug":"boom-cylinder-for-xgma-middle-excavator-xg822lc","status":"publish","type":"product","link":"https:\/\/www.hydraulic-cylinders.net\/cs\/produkt\/boom-cylinder-for-xgma-middle-excavator-xg822lc\/","title":{"rendered":"V\u00e1lec v\u00fdlo\u017en\u00edku pro st\u0159edn\u00ed bagr XGMA XG822LC"},"content":{"rendered":"<h1>V\u00e1lec v\u00fdlo\u017en\u00edku pro st\u0159edn\u00ed bagr XGMA XG822LC<\/h1>\n<h2>P\u0159ehled produktu<\/h2>\n<p>Ten\/Ta\/To <strong>V\u00e1lec v\u00fdlo\u017en\u00edku pro st\u0159edn\u00ed bagr XGMA XG822LC<\/strong> je z\u00e1kladn\u00ed sou\u010d\u00e1st\u00ed hydraulick\u00fdch syst\u00e9m\u016f pou\u017e\u00edvan\u00fdch v t\u011b\u017ek\u00fdch stroj\u00edch. Tento hydraulick\u00fd v\u00e1lec konkr\u00e9tn\u011b \u0159\u00edd\u00ed pohyb v\u00fdlo\u017en\u00edku v bagrech, rypadlech naklada\u010d\u00edch a \u010deln\u00edch naklada\u010d\u00edch. Umo\u017en\u011bn\u00edm zved\u00e1n\u00ed, spou\u0161t\u011bn\u00ed a nakl\u00e1p\u011bn\u00ed v\u00fdlo\u017en\u00edku usnad\u0148uje efektivn\u00ed manipulaci s materi\u00e1lem.<\/p>\n<p><img decoding=\"async\" src=\"https:\/\/www.hydraulic-cylinders.net\/wp-content\/uploads\/2025\/04\/songte-company-1.webp\" alt=\"P\u0159ehled hydraulick\u00fdch v\u00e1lc\u016f\" \/><\/p>\n<h3>Definov\u00e1n\u00ed v\u00e1lce kope\u010dku<\/h3>\n<p>Hydraulick\u00fd v\u00e1lec kope\u010dku je typ hydraulick\u00e9ho v\u00e1lce ur\u010den\u00e9ho k ovl\u00e1d\u00e1n\u00ed pohybu kope\u010dku v t\u011b\u017ek\u00fdch stroj\u00edch. Hraje kl\u00ed\u010dovou roli ve v\u00fdkonu rypadel, kde umo\u017e\u0148uje p\u0159esn\u00e9 kop\u00e1n\u00ed, zved\u00e1n\u00ed a p\u0159epravu materi\u00e1l\u016f. Hydraulick\u00fd tlak generovan\u00fd uvnit\u0159 v\u00e1lce umo\u017e\u0148uje plynul\u00fd a efektivn\u00ed provoz, co\u017e z n\u011bj \u010din\u00ed z\u00e1sadn\u00ed sou\u010d\u00e1st v r\u016fzn\u00fdch stavebn\u00edch a zem\u011bd\u011blsk\u00fdch aplikac\u00edch.<\/p>\n<h2>Vlastnosti produktu<\/h2>\n<ul>\n<li><strong>Vysok\u00e1 pevnost a trvanlivost:<\/strong> Tyto v\u00e1lce, vyroben\u00e9 z vysokopevnostn\u00ed oceli nebo hlin\u00edku, odol\u00e1vaj\u00ed vysok\u00e9mu tlaku a velk\u00e9mu zat\u00ed\u017een\u00ed, tak\u017ee jsou vhodn\u00e9 pro n\u00e1ro\u010dn\u00e9 pracovn\u00ed podm\u00ednky.<\/li>\n<li><strong>Efektivn\u00ed hydraulick\u00fd provoz:<\/strong> D\u00edky tlaku hydraulick\u00e9ho oleje zaji\u0161\u0165uj\u00ed plynul\u00e9 vysouv\u00e1n\u00ed a zasouv\u00e1n\u00ed, co\u017e umo\u017e\u0148uje rychlou reakci na \u0159\u00eddic\u00ed povely.<\/li>\n<li><strong>R\u016fzn\u00e9 typy:<\/strong> K dispozici v jedno\u010dinn\u00e9m nebo dvoj\u010dinn\u00e9m proveden\u00ed pro spln\u011bn\u00ed r\u016fzn\u00fdch provozn\u00edch pot\u0159eb; n\u011bkter\u00e9 modely jsou teleskopick\u00e9, co\u017e umo\u017e\u0148uje v\u011bt\u0161\u00ed v\u00fdsuv bez zv\u011bt\u0161en\u00ed vn\u011bj\u0161\u00edch rozm\u011br\u016f.<\/li>\n<li><strong>Odolnost proti korozi:<\/strong> Tyto v\u00e1lce jsou vyrobeny z materi\u00e1l\u016f odoln\u00fdch proti opot\u0159eben\u00ed a korozi, tak\u017ee maj\u00ed del\u0161\u00ed \u017eivotnost a men\u0161\u00ed n\u00e1roky na \u00fadr\u017ebu.<\/li>\n<li><strong>V\u0161estrann\u00e9 aplikace:<\/strong> Vhodn\u00e9 pro \u0159adu t\u011b\u017ek\u00fdch stroj\u016f a poskytuj\u00edc\u00ed pot\u0159ebnou s\u00edlu pro r\u016fzn\u00e9 \u00fakoly.<\/li>\n<\/ul>\n<h3>V\u00fdrobn\u00ed kapacita<\/h3>\n<p>Specializujeme se na v\u00fdrobu vysoce kvalitn\u00edch v\u00e1lc\u016f v\u00fdlo\u017en\u00edku, kter\u00e9 dok\u00e1\u017e\u00ed dokonale nahradit st\u00e1vaj\u00edc\u00ed hydraulick\u00e9 v\u00e1lce v r\u016fzn\u00fdch stroj\u00edch.<\/p>\n<p><img decoding=\"async\" src=\"https:\/\/www.hydraulic-cylinders.net\/wp-content\/uploads\/2025\/04\/songte-cylinder-head-with-all-kinds-excavator-models.webp\" alt=\"V\u00fdrobn\u00ed kapacity\" \/><\/p>\n<h2>Sc\u00e9n\u00e1\u0159e aplikac\u00ed<\/h2>\n<h3>Stavebn\u00ed stroje<\/h3>\n<p>U bagr\u016f jsou v\u00e1lce v\u00fdlo\u017en\u00edku nezbytn\u00e9 pro kop\u00e1n\u00ed, nakl\u00e1d\u00e1n\u00ed a p\u0159emis\u0165ov\u00e1n\u00ed zeminy nebo suti. Usnad\u0148uj\u00ed r\u016fzn\u00e9 \u010dinnosti a zaji\u0161\u0165uj\u00ed efektivn\u00ed provoz na staveni\u0161t\u00edch. U r\u00fdpadlo-naklada\u010d\u016f nav\u00edc v\u00e1lec kope\u010dku pom\u00e1h\u00e1 p\u0159i kop\u00e1n\u00ed i zved\u00e1n\u00ed, \u010d\u00edm\u017e zvy\u0161uje celkovou produktivitu.<\/p>\n<h3>Zem\u011bd\u011blsk\u00e9 stroje<\/h3>\n<p>U \u010deln\u00edch naklada\u010d\u016f se v\u00e1lce v\u00fdlo\u017en\u00edku pou\u017e\u00edvaj\u00ed k nab\u00edr\u00e1n\u00ed, zved\u00e1n\u00ed a p\u0159eprav\u011b zeminy, sena a dal\u0161\u00edch materi\u00e1l\u016f, co\u017e je \u010din\u00ed nepostradateln\u00fdmi v zem\u011bd\u011blsk\u00fdch operac\u00edch. Jejich spolehliv\u00fd v\u00fdkon zaji\u0161\u0165uje efektivn\u00ed prov\u00e1d\u011bn\u00ed zem\u011bd\u011blsk\u00fdch \u00fakol\u016f.<\/p>\n<h3>Bagry<\/h3>\n<p>V\u00e1lce kore\u010dk\u016f umo\u017e\u0148uj\u00ed rypadl\u016fm efektivn\u011b pronikat do zem\u011b b\u011bhem v\u00fdkopov\u00fdch operac\u00ed. Tato p\u0159esnost je kl\u00ed\u010dov\u00e1 pro dosa\u017een\u00ed po\u017eadovan\u00fdch hloubek a \u0161\u00ed\u0159ek v\u00fdkopu, co\u017e p\u0159isp\u00edv\u00e1 k p\u0159esnosti projektu.<\/p>\n<h3>Naklada\u010de<\/h3>\n<p>U \u010deln\u00edch naklada\u010d\u016f tyto v\u00e1lce pom\u00e1haj\u00ed efektivn\u011b zvedat a vykl\u00e1dat b\u0159emena. Jejich pevnost umo\u017e\u0148uje obsluze manipulovat s t\u011b\u017ek\u00fdmi materi\u00e1ly, co\u017e zvy\u0161uje produktivitu p\u0159i r\u016fzn\u00fdch nakl\u00e1dac\u00edch aplikac\u00edch.<\/p>\n<h2>Konstruk\u010dn\u00ed aspekty a krit\u00e9ria v\u00fdb\u011bru<\/h2>\n<h3>Nosnost<\/h3>\n<p>P\u0159i v\u00fdb\u011bru v\u00e1lce v\u00fdlo\u017en\u00edku je kl\u00ed\u010dov\u00e9 pochopen\u00ed jeho nosnosti. Mus\u00ed b\u00fdt navr\u017een tak, aby zvl\u00e1dl maxim\u00e1ln\u00ed o\u010dek\u00e1van\u00e9 zat\u00ed\u017een\u00ed b\u011bhem provozu. To zaji\u0161\u0165uje bezpe\u010dnost a provozn\u00ed efektivitu a zabra\u0148uje p\u0159ed\u010dasn\u00e9mu selh\u00e1n\u00ed.<\/p>\n<h3>T\u011bsnic\u00ed v\u00fdkon<\/h3>\n<p>T\u011bsn\u011bn\u00ed je pro hydraulick\u00e9 v\u00e1lce nezbytn\u00e9. Vysoce kvalitn\u00ed t\u011bsn\u011bn\u00ed zabra\u0148uje \u00faniku kapaliny a udr\u017euje tlak v syst\u00e9mu. Vhodn\u00e9 t\u011bsnic\u00ed materi\u00e1ly, jako je polyuretan a nitrilov\u00e1 pry\u017e, zvy\u0161uj\u00ed \u017eivotnost a spolehlivost.<\/p>\n<h3>Trvanlivost<\/h3>\n<p>Trvanlivost je kl\u00ed\u010dov\u00fdm faktorem p\u0159i konstrukci v\u00e1lc\u016f v\u00fdlo\u017en\u00edku. Mus\u00ed odol\u00e1vat extr\u00e9mn\u00edm podm\u00ednk\u00e1m, v\u010detn\u011b teplotn\u00edch v\u00fdkyv\u016f, vystaven\u00ed ne\u010distot\u00e1m a mechanick\u00e9mu nam\u00e1h\u00e1n\u00ed. Pou\u017eit\u00e9 materi\u00e1ly a konstruk\u010dn\u00ed techniky v\u00fdrazn\u011b ovliv\u0148uj\u00ed \u017eivotnost v\u00e1lc\u016f.<\/p>\n<h3>Bezpe\u010dnostn\u00ed prvky<\/h3>\n<p>Za\u010dlen\u011bn\u00ed bezpe\u010dnostn\u00edch prvk\u016f do konstrukce, jako je ochrana proti p\u0159et\u00ed\u017een\u00ed a bezpe\u010dnostn\u00ed mechanismy, je z\u00e1sadn\u00ed. Tyto prvky pom\u00e1haj\u00ed p\u0159edch\u00e1zet nehod\u00e1m a poruch\u00e1m za\u0159\u00edzen\u00ed a chr\u00e1n\u00ed jak obsluhu, tak i strojn\u00ed za\u0159\u00edzen\u00ed.<\/p>\n<h3>\u00davahy o \u00fadr\u017eb\u011b<\/h3>\n<p>Choosing a design that allows easy maintenance is crucial. Features such as accessible lubrication points and easy-to-replace seals can reduce downtime and extend the cylinder&#8217;s operational life.<\/p>\n<p><img decoding=\"async\" src=\"https:\/\/www.hydraulic-cylinders.net\/wp-content\/uploads\/2025\/04\/songte-oil-pipes-and-spare-parts.webp\" alt=\"\u00davahy o \u00fadr\u017eb\u011b\" \/><\/p>\n<h2>T\u011bsn\u011bn\u00ed a maz\u00e1n\u00ed<\/h2>\n<p>\u00da\u010dinn\u00e9 t\u011bsn\u011bn\u00ed a maz\u00e1n\u00ed jsou z\u00e1sadn\u00ed pro v\u00fdkon hydraulick\u00fdch v\u00e1lc\u016f. K udr\u017een\u00ed tlaku a zabr\u00e1n\u011bn\u00ed \u00fanik\u016fm se pou\u017e\u00edvaj\u00ed r\u016fzn\u00e1 t\u011bsn\u011bn\u00ed, v\u010detn\u011b p\u00edstn\u00edch a p\u00edstn\u00edch t\u011bsn\u011bn\u00ed. T\u011bsn\u011bn\u00ed vyroben\u00e1 z odoln\u00fdch materi\u00e1l\u016f, jako je polyuretan a nitrilov\u00e1 pry\u017e, zvy\u0161uj\u00ed odolnost proti opot\u0159eben\u00ed a prodlu\u017euj\u00ed \u017eivotnost v\u00e1lc\u016f.<\/p>\n<p>T\u011bleso v\u00e1lce a z\u00e1vitov\u00e9 povrchy jsou nav\u00edc precizn\u011b obr\u00e1b\u011bny pro zlep\u0161en\u00ed odolnosti proti opot\u0159eben\u00ed. Pravideln\u00e9 maz\u00e1n\u00ed hydraulick\u00fdm olejem je nezbytn\u00e9 pro zaji\u0161t\u011bn\u00ed plynul\u00e9ho provozu a sn\u00ed\u017een\u00ed t\u0159en\u00ed, kter\u00e9 m\u016f\u017ee v\u00e9st k p\u0159ed\u010dasn\u00e9mu opot\u0159eben\u00ed.<\/p>\n<h2>Pravideln\u00e1 kontrola a preventivn\u00ed \u00fadr\u017eba<\/h2>\n<ul>\n<li><strong>Vizu\u00e1ln\u00ed kontroly:<\/strong> Pravideln\u011b kontrolujte, zda hydraulick\u00fd v\u00e1lec nevykazuje zn\u00e1mky opot\u0159eben\u00ed, net\u011bsnost\u00ed nebo po\u0161kozen\u00ed. V\u010dasn\u00e9 odhalen\u00ed probl\u00e9m\u016f m\u016f\u017ee zabr\u00e1nit z\u00e1va\u017en\u00fdm poruch\u00e1m.<\/li>\n<li><strong>Kontroly maz\u00e1n\u00ed:<\/strong> Ensure adequate lubrication is applied according to the manufacturer&#8217;s recommendations to maintain smooth operation.<\/li>\n<li><strong>V\u00fdm\u011bna t\u011bsn\u011bn\u00ed:<\/strong> Sledujte opot\u0159eben\u00ed t\u011bsn\u011bn\u00ed a v p\u0159\u00edpad\u011b pot\u0159eby je vym\u011b\u0148te. To pom\u00e1h\u00e1 udr\u017eovat integritu hydraulick\u00e9ho syst\u00e9mu.<\/li>\n<\/ul>\n<h2>Pokyny k instalaci<\/h2>\n<p>Spr\u00e1vn\u00e1 instalace v\u00e1lce v\u00fdlo\u017en\u00edku je z\u00e1sadn\u00ed pro optim\u00e1ln\u00ed v\u00fdkon. Za\u010dn\u011bte t\u00edm, \u017ee se ujist\u00edte, \u017ee v\u0161echny sou\u010d\u00e1sti jsou \u010dist\u00e9 a bez ne\u010distot. V\u00e1lec p\u0159esn\u011b vyrovnejte s mont\u00e1\u017en\u00edmi body a zajist\u011bte jej pomoc\u00ed vhodn\u00fdch mont\u00e1\u017en\u00edch konzol. Ut\u00e1hn\u011bte upev\u0148ovac\u00ed prvky na p\u0159edepsan\u00fd utahovac\u00ed moment, aby se b\u011bhem provozu neuvolnily.<\/p>\n<p>Zkontrolujte spr\u00e1vn\u00e9 vyrovn\u00e1n\u00ed, aby v\u00e1lec fungoval hladce a bez zbyte\u010dn\u00e9ho nam\u00e1h\u00e1n\u00ed. Po instalaci prove\u010fte d\u016fkladnou kontrolu, abyste se ujistili, \u017ee nedoch\u00e1z\u00ed k \u017e\u00e1dn\u00fdm net\u011bsnostem a \u017ee jsou v\u0161echna p\u0159ipojen\u00ed bezpe\u010dn\u00e1. Testov\u00e1n\u00ed provozu za n\u00edzk\u00e9ho tlaku m\u016f\u017ee pomoci identifikovat p\u0159\u00edpadn\u00e9 probl\u00e9my s instalac\u00ed p\u0159ed pln\u00fdm provozem.<\/p>\n<h2>\u00dakoly \u00fadr\u017eby<\/h2>\n<ul>\n<li><strong>Pravideln\u00e9 kontroly:<\/strong> Prov\u00e1d\u011bn\u00ed pravideln\u00fdch vizu\u00e1ln\u00edch kontrol m\u016f\u017ee pomoci odhalit v\u010dasn\u00e9 zn\u00e1mky opot\u0159eben\u00ed nebo po\u0161kozen\u00ed, co\u017e umo\u017e\u0148uje v\u010dasn\u00e9 z\u00e1sahy.<\/li>\n<li><strong>Spr\u00e1vn\u00e9 maz\u00e1n\u00ed:<\/strong> Dodr\u017eov\u00e1n\u00ed doporu\u010den\u00e9ho mazac\u00edho pl\u00e1nu je nezbytn\u00e9 pro udr\u017een\u00ed plynul\u00e9ho chodu v\u00e1lce a prevenci opot\u0159eben\u00ed.<\/li>\n<li><strong>V\u00fdm\u011bna t\u011bsn\u011bn\u00ed:<\/strong> Pravideln\u011b vym\u011b\u0148ujte t\u011bsn\u011bn\u00ed, kter\u00e1 vykazuj\u00ed zn\u00e1mky opot\u0159eben\u00ed, abyste zabr\u00e1nili net\u011bsnostem a udr\u017eeli hydraulick\u00fd tlak.<\/li>\n<\/ul>\n<h2>Bezpe\u010dnostn\u00ed aspekty a faktory prost\u0159ed\u00ed<\/h2>\n<p>Bezpe\u010dnostn\u00ed opat\u0159en\u00ed jsou p\u0159i pr\u00e1ci s hydraulick\u00fdmi v\u00e1lci z\u00e1sadn\u00ed. \u0158\u00e1dn\u00e9 pro\u0161kolen\u00ed obsluhy v oblasti bezpe\u010dn\u00e9 manipulace a provozn\u00edch postup\u016f minimalizuje rizika spojen\u00e1 s hydraulick\u00fdm za\u0159\u00edzen\u00edm. Dodr\u017eov\u00e1n\u00ed environment\u00e1ln\u00edch pokyn\u016f b\u011bhem provozu a \u00fadr\u017eby hydraulick\u00fdch v\u00e1lc\u016f nav\u00edc zaji\u0161\u0165uje soulad s p\u0159edpisy a chr\u00e1n\u00ed jak pracovn\u00edky, tak \u017eivotn\u00ed prost\u0159ed\u00ed.<\/p>\n<h2>Odstra\u0148ov\u00e1n\u00ed probl\u00e9m\u016f a b\u011b\u017en\u00e9 probl\u00e9my<\/h2>\n<ul>\n<li><strong>\u00danik:<\/strong> K \u00fanik\u016fm hydraulick\u00e9 kapaliny m\u016f\u017ee doch\u00e1zet v d\u016fsledku opot\u0159ebovan\u00fdch t\u011bsn\u011bn\u00ed nebo nespr\u00e1vn\u00e9 instalace. To lze diagnostikovat pravideln\u00fdmi vizu\u00e1ln\u00edmi kontrolami a \u0159e\u0161it v\u00fdm\u011bnou t\u011bsn\u011bn\u00ed nebo nov\u00fdm se\u0159\u00edzen\u00edm sou\u010d\u00e1st\u00ed.<\/li>\n<li><strong>Nekonzistentn\u00ed provoz:<\/strong> To m\u016f\u017ee nazna\u010dovat probl\u00e9my s hydraulick\u00fdm tlakem nebo ucp\u00e1n\u00ed. Kontrola hladiny kapalin a filtr\u016f m\u016f\u017ee pomoci probl\u00e9m vy\u0159e\u0161it.<\/li>\n<li><strong>P\u0159eh\u0159\u00e1t\u00ed:<\/strong> P\u0159eh\u0159\u00e1t\u00ed m\u016f\u017ee b\u00fdt zp\u016fsobeno nedostate\u010dn\u00fdm maz\u00e1n\u00edm nebo p\u0159et\u00ed\u017een\u00edm v\u00e1lce. Posouzen\u00ed hladiny maz\u00e1n\u00ed a zaji\u0161t\u011bn\u00ed toho, aby v\u00e1lec fungoval v r\u00e1mci sv\u00e9 nosnosti, m\u016f\u017ee p\u0159eh\u0159\u00e1t\u00ed zabr\u00e1nit.<\/li>\n<\/ul>\n<p>Preventivn\u00ed opat\u0159en\u00ed, jako jsou pravideln\u00e9 kontroly \u00fadr\u017eby a \u0159\u00e1dn\u00e9 \u0161kolen\u00ed obsluhy, jsou nezbytn\u00e1 pro minimalizaci potenci\u00e1ln\u00edch probl\u00e9m\u016f.<\/p>\n<p><img decoding=\"async\" src=\"https:\/\/www.hydraulic-cylinders.net\/wp-content\/uploads\/2025\/04\/songte-bushings-with-all-kinds-of-excavator-models.webp\" alt=\"Odstra\u0148ov\u00e1n\u00ed probl\u00e9m\u016f\" \/><\/p>\n<h2>P\u0159ehled spole\u010dnosti<\/h2>\n<p>Jsme p\u0159edn\u00edm v\u00fdrobcem n\u00e1hradn\u00edch hydraulick\u00fdch v\u00e1lc\u016f a nab\u00edz\u00edme komplexn\u00ed sortiment produkt\u016f. N\u00e1\u0161 z\u00e1vazek k dokonalosti je podpo\u0159en pokro\u010dil\u00fdmi v\u00fdrobn\u00edmi postupy a p\u0159\u00edsn\u00fdmi procesy kontroly kvality.<\/p>\n<p>D\u00edky zam\u011b\u0159en\u00ed na p\u0159esn\u00e9 stroj\u00edrenstv\u00ed a vysoce kvalitn\u00ed materi\u00e1ly spl\u0148uj\u00ed na\u0161e produkty mezin\u00e1rodn\u00ed standardy a certifikace. Nab\u00edz\u00edme \u0159e\u0161en\u00ed na m\u00edru p\u0159izp\u016fsoben\u00e1 individu\u00e1ln\u00edm pot\u0159eb\u00e1m klient\u016f a zaji\u0161\u0165ujeme tak maxim\u00e1ln\u00ed spokojenost.<\/p>\n<p>Na\u0161e nejmodern\u011bj\u0161\u00ed v\u00fdrobn\u00ed z\u00e1vody jsou vybaveny pokro\u010dilou technologi\u00ed a kvalifikovan\u00fdm person\u00e1lem, kter\u00fd se v\u011bnuje udr\u017eov\u00e1n\u00ed nejvy\u0161\u0161\u00edch standard\u016f v\u00fdroby. Jsme hrd\u00ed na na\u0161i v\u00fdjime\u010dnou poprodejn\u00ed podporu a servis, \u010d\u00edm\u017e zaji\u0161\u0165ujeme, aby na\u0161i klienti dost\u00e1vali pr\u016fb\u011b\u017enou pomoc s jejich pot\u0159ebami v oblasti hydraulick\u00fdch v\u00e1lc\u016f.<\/p>\n<p><img decoding=\"async\" src=\"https:\/\/www.hydraulic-cylinders.net\/wp-content\/uploads\/2025\/04\/songte-company-4.webp\" alt=\"P\u0159ehled spole\u010dnosti\" \/><br \/>\n<img decoding=\"async\" src=\"https:\/\/www.hydraulic-cylinders.net\/wp-content\/uploads\/2025\/04\/songte-company-3.webp\" alt=\"P\u0159ehled spole\u010dnosti\" \/><\/p>\n<p>Autor: lyl<\/p>","protected":false},"excerpt":{"rendered":"<p>Boom Cylinder For XGMA Middle Excavator XG822LC Product Overview The Boom Cylinder For XGMA Middle Excavator XG822LC is an essential component in hydraulic systems used in heavy machinery. This hydraulic cylinder specifically controls the movement of the boom in excavators, backhoe loaders, and front loaders. By enabling the boom to lift, lower, and tilt, it [&hellip;]<\/p>","protected":false},"featured_media":17881,"comment_status":"open","ping_status":"closed","template":"","meta":{"_et_pb_use_builder":"","_et_pb_old_content":"","_et_gb_content_width":""},"product_brand":[],"product_cat":[1546],"product_tag":[1547,1496],"class_list":{"0":"post-19316","1":"product","2":"type-product","3":"status-publish","4":"has-post-thumbnail","6":"product_cat-boom-cylinders","7":"product_tag-boom-cylinders","8":"product_tag-hydraulic-cylinders","10":"first","11":"instock","12":"shipping-taxable","13":"product-type-simple"},"amp_enabled":true,"_links":{"self":[{"href":"https:\/\/www.hydraulic-cylinders.net\/cs\/wp-json\/wp\/v2\/product\/19316","targetHints":{"allow":["GET"]}}],"collection":[{"href":"https:\/\/www.hydraulic-cylinders.net\/cs\/wp-json\/wp\/v2\/product"}],"about":[{"href":"https:\/\/www.hydraulic-cylinders.net\/cs\/wp-json\/wp\/v2\/types\/product"}],"replies":[{"embeddable":true,"href":"https:\/\/www.hydraulic-cylinders.net\/cs\/wp-json\/wp\/v2\/comments?post=19316"}],"wp:featuredmedia":[{"embeddable":true,"href":"https:\/\/www.hydraulic-cylinders.net\/cs\/wp-json\/wp\/v2\/media\/17881"}],"wp:attachment":[{"href":"https:\/\/www.hydraulic-cylinders.net\/cs\/wp-json\/wp\/v2\/media?parent=19316"}],"wp:term":[{"taxonomy":"product_brand","embeddable":true,"href":"https:\/\/www.hydraulic-cylinders.net\/cs\/wp-json\/wp\/v2\/product_brand?post=19316"},{"taxonomy":"product_cat","embeddable":true,"href":"https:\/\/www.hydraulic-cylinders.net\/cs\/wp-json\/wp\/v2\/product_cat?post=19316"},{"taxonomy":"product_tag","embeddable":true,"href":"https:\/\/www.hydraulic-cylinders.net\/cs\/wp-json\/wp\/v2\/product_tag?post=19316"}],"curies":[{"name":"wp","href":"https:\/\/api.w.org\/{rel}","templated":true}]}}