{"id":19320,"date":"2025-04-07T06:26:50","date_gmt":"2025-04-07T06:26:50","guid":{"rendered":"https:\/\/www.hydraulic-cylinders.net\/product\/boom-cylinder-for-xgma-large-excavator-xg833eh\/"},"modified":"2025-04-07T06:26:52","modified_gmt":"2025-04-07T06:26:52","slug":"boom-cylinder-for-xgma-large-excavator-xg833eh","status":"publish","type":"product","link":"https:\/\/www.hydraulic-cylinders.net\/cs\/produkt\/boom-cylinder-for-xgma-large-excavator-xg833eh\/","title":{"rendered":"V\u00e1lec v\u00fdlo\u017en\u00edku pro velk\u00e9 rypadlo XGMA XG833EH"},"content":{"rendered":"<h1>V\u00e1lec v\u00fdlo\u017en\u00edku pro velk\u00e9 rypadlo XGMA XG833EH<\/h1>\n<h2>P\u0159ehled produktu<\/h2>\n<p>Hydraulick\u00fd v\u00e1lec v\u00fdlo\u017en\u00edku pro velk\u00e9 rypadlo XGMA XG833EH je kl\u00ed\u010dovou sou\u010d\u00e1st\u00ed hydraulick\u00fdch syst\u00e9m\u016f, speci\u00e1ln\u011b navr\u017eenou pro ovl\u00e1d\u00e1n\u00ed pohybu ramene v\u00fdlo\u017en\u00edku v t\u011b\u017ek\u00fdch stroj\u00edch. Tento hydraulick\u00fd v\u00e1lec umo\u017e\u0148uje vysouv\u00e1n\u00ed, zasouv\u00e1n\u00ed a nakl\u00e1p\u011bn\u00ed v\u00fdlo\u017en\u00edku, co\u017e usnad\u0148uje efektivn\u00ed manipulaci s materi\u00e1lem ve stavebnictv\u00ed, t\u011b\u017eb\u011b a dal\u0161\u00edch t\u011b\u017ek\u00fdch aplikac\u00edch. Hraje z\u00e1sadn\u00ed roli v provozu rypadel, r\u00fdpadlo-naklada\u010d\u016f a \u010deln\u00edch naklada\u010d\u016f a zaji\u0161\u0165uje p\u0159esnost a stabilitu b\u011bhem pou\u017e\u00edv\u00e1n\u00ed.<\/p>\n<p><img decoding=\"async\" src=\"https:\/\/www.hydraulic-cylinders.net\/wp-content\/uploads\/2025\/04\/songte-company-1.webp\" alt=\"V\u00e1lec v\u00fdlo\u017en\u00edku pro bagry\"><\/p>\n<h3>Definice a funk\u010dnost<\/h3>\n<p>Hydraulick\u00fd v\u00e1lec l\u017e\u00edce, co\u017e je typ hydraulick\u00e9ho v\u00e1lce, je speci\u00e1ln\u011b navr\u017een pro \u0159\u00edzen\u00ed pohyb\u016f l\u017e\u00edce u t\u011b\u017ek\u00fdch stroj\u016f. Tyto v\u00e1lce vyu\u017e\u00edvaj\u00ed hydraulickou kapalinu pod tlakem a vytv\u00e1\u0159ej\u00ed silnou s\u00edlu pro zved\u00e1n\u00ed, spou\u0161t\u011bn\u00ed a nakl\u00e1p\u011bn\u00ed l\u017e\u00edce. Jejich konstrukce umo\u017e\u0148uje plynul\u00fd provoz a zvy\u0161uje celkovou \u00fa\u010dinnost za\u0159\u00edzen\u00ed, d\u00edky \u010demu\u017e jsou nezbytn\u00e9 pro r\u016fzn\u00e9 \u00fakoly p\u0159epravy materi\u00e1lu. Hydraulick\u00e9 v\u00e1lce, jako jsou v\u00e1lce v\u00fdlo\u017en\u00edku, jsou nezbytn\u00e9 pro prov\u00e1d\u011bn\u00ed t\u011b\u017ek\u00fdch zved\u00e1n\u00ed a p\u0159emis\u0165ov\u00e1n\u00ed, kde je nezbytn\u00e1 p\u0159esnost a v\u00fdkon.<\/p>\n<h2>Kl\u00ed\u010dov\u00e9 vlastnosti<\/h2>\n<ul>\n<li><strong>Vysok\u00e1 pevnost a trvanlivost:<\/strong> Tyto v\u00e1lce, vyroben\u00e9 z vysokopevnostn\u00ed oceli nebo hlin\u00edku, jsou navr\u017eeny tak, aby odolaly vysok\u00e9mu tlaku a velk\u00e9mu zat\u00ed\u017een\u00ed, vhodn\u00e9 pro n\u00e1ro\u010dn\u00e9 pracovn\u00ed prost\u0159ed\u00ed a s odolnost\u00ed proti opot\u0159eben\u00ed a korozi prodlu\u017euj\u00edc\u00ed \u017eivotnost.<\/li>\n<li><strong>Efektivn\u00ed hydraulick\u00fd provoz:<\/strong> V\u00e1lec pracuje plynule d\u00edky tlaku hydraulick\u00e9ho oleje pro rychlou odezvu a poskytuje impozantn\u00ed tla\u010dnou a ta\u017enou s\u00edlu pro zvl\u00e1d\u00e1n\u00ed t\u011b\u017ek\u00fdch nebo slo\u017eit\u00fdch \u00fakol\u016f.<\/li>\n<li><strong>R\u016fzn\u00e9 typy:<\/strong> K dispozici v jedno\u010dinn\u00e9m (ob\u011bsm\u011brn\u00e9m) nebo dvoj\u010dinn\u00e9m (ob\u011bsm\u011brn\u00e9m) proveden\u00ed, n\u011bkter\u00e9 modely disponuj\u00ed teleskopickou konstrukc\u00ed pro del\u0161\u00ed dosah bez zv\u011bt\u0161en\u00ed vn\u011bj\u0161\u00edch rozm\u011br\u016f, co\u017e je ide\u00e1ln\u00ed pro omezen\u00e9 prostory.<\/li>\n<\/ul>\n<h3>V\u00fdrobn\u00ed kapacity<\/h3>\n<p>Specializujeme se na v\u00fdrobu vysoce kvalitn\u00edch v\u00e1lc\u016f v\u00fdlo\u017en\u00edku, kter\u00e9 dokonale nahrazuj\u00ed st\u00e1vaj\u00edc\u00ed hydraulick\u00e9 v\u00e1lce a zaji\u0161\u0165uj\u00ed optim\u00e1ln\u00ed v\u00fdkon v r\u016fzn\u00fdch aplikac\u00edch.<\/p>\n<p><img decoding=\"async\" src=\"https:\/\/www.hydraulic-cylinders.net\/wp-content\/uploads\/2025\/04\/songte-cylinder-head-with-all-kinds-excavator-models.webp\" alt=\"V\u00fdroba hydraulick\u00fdch v\u00e1lc\u016f\"><\/p>\n<h2>Aplikace<\/h2>\n<h3>Stavebn\u00ed stroje<\/h3>\n<p>U bagr\u016f jsou v\u00e1lce v\u00fdlo\u017en\u00edku nepostradateln\u00e9 pro kop\u00e1n\u00ed, nakl\u00e1d\u00e1n\u00ed a p\u0159emis\u0165ov\u00e1n\u00ed zeminy nebo suti. Umo\u017e\u0148uj\u00ed rameni bagru dos\u00e1hnout a efektivn\u011b proniknout do zem\u011b. U rypadlo-naklada\u010d\u016f tyto v\u00e1lce usnad\u0148uj\u00ed jak v\u00fdkopov\u00e9, tak i zdvihac\u00ed operace, co\u017e z nich \u010din\u00ed v\u0161estrann\u00e9 n\u00e1stroje ve stavebnictv\u00ed.<\/p>\n<h3>Zem\u011bd\u011blsk\u00e9 stroje<\/h3>\n<p>U \u010deln\u00edch naklada\u010d\u016f se v\u00e1lce v\u00fdlo\u017en\u00edku pou\u017e\u00edvaj\u00ed k nab\u00edr\u00e1n\u00ed, zved\u00e1n\u00ed a p\u0159eprav\u011b p\u016fdy, sena a dal\u0161\u00edch materi\u00e1l\u016f, co\u017e hraje kl\u00ed\u010dovou roli v zem\u011bd\u011blsk\u00fdch \u00fakonech. Jejich spolehlivost zaji\u0161\u0165uje, \u017ee zem\u011bd\u011blci mohou efektivn\u011b zvl\u00e1dat svou pracovn\u00ed z\u00e1t\u011b\u017e s minim\u00e1ln\u00edmi prostoji.<\/p>\n<h3>Bagry<\/h3>\n<p>V\u00e1lce v\u00fdlo\u017en\u00edku umo\u017e\u0148uj\u00ed rypadl\u016fm prov\u00e1d\u011bt kopac\u00ed \u010dinnosti t\u00edm, \u017ee umo\u017e\u0148uj\u00ed l\u017e\u00edci proniknout do p\u016fdy. Tato funkce je nezbytn\u00e1 v r\u016fzn\u00fdch v\u00fdkopov\u00fdch projektech, od bytov\u00e9 v\u00fdstavby a\u017e po rozs\u00e1hl\u00e9 infrastrukturn\u00ed projekty.<\/p>\n<h3>Naklada\u010de<\/h3>\n<p>U \u010deln\u00edch naklada\u010d\u016f pom\u00e1haj\u00ed v\u00e1lce v\u00fdlo\u017en\u00edku efektivn\u011b zvedat a vykl\u00e1p\u011bt b\u0159emena. Jejich robustn\u00ed konstrukce zaji\u0161\u0165uje snadnou manipulaci s t\u011b\u017ek\u00fdmi materi\u00e1ly, co\u017e zvy\u0161uje produktivitu na staveni\u0161t\u00edch.<\/p>\n<h2>\u00davahy o n\u00e1vrhu a standardy v\u00fdb\u011bru<\/h2>\n<h3>Nosnost<\/h3>\n<p>P\u0159i navrhov\u00e1n\u00ed v\u00e1lce v\u00fdlo\u017en\u00edku je nosnost kritick\u00fdm faktorem. Ur\u010duje, kolik hmotnosti m\u016f\u017ee v\u00e1lec bezpe\u010dn\u011b zvednout a manipulovat s n\u00edm. Toto zv\u00e1\u017een\u00ed je nezbytn\u00e9 pro zaji\u0161t\u011bn\u00ed bezpe\u010dnosti a funk\u010dnosti t\u011b\u017ek\u00fdch stroj\u016f pou\u017e\u00edvaj\u00edc\u00edch v\u00e1lec. In\u017een\u00fd\u0159i mus\u00ed vypo\u010d\u00edtat maxim\u00e1ln\u00ed zat\u00ed\u017een\u00ed o\u010dek\u00e1van\u00e9 b\u011bhem provozu s ohledem na faktory, jako je rozlo\u017een\u00ed hmotnosti a typ prov\u00e1d\u011bn\u00e9 pr\u00e1ce. Vysok\u00e1 nosnost vy\u017eaduje robustn\u00ed materi\u00e1ly a konstrukci, aby se zabr\u00e1nilo selh\u00e1n\u00ed b\u011bhem pou\u017e\u00edv\u00e1n\u00ed.<\/p>\n<h3>T\u011bsnic\u00ed v\u00fdkon<\/h3>\n<p>T\u011bsn\u011bn\u00ed je u hydraulick\u00fdch v\u00e1lc\u016f z\u00e1sadn\u00ed, aby se zabr\u00e1nilo \u00faniku kapaliny a udr\u017eel tlak. \u00da\u010dinn\u00e1 t\u011bsn\u011bn\u00ed mus\u00ed odol\u00e1vat vysok\u00fdm tlak\u016fm a teplot\u00e1m a z\u00e1rove\u0148 odol\u00e1vat opot\u0159eben\u00ed. T\u011bsn\u011bn\u00ed vyroben\u00e1 z odoln\u00fdch materi\u00e1l\u016f, jako je polyuretan nebo nitrilov\u00e1 pry\u017e, zaji\u0161\u0165uj\u00ed dlouhou \u017eivotnost a \u00fa\u010dinnost. Spr\u00e1vn\u00e9 t\u011bsn\u011bn\u00ed ovliv\u0148uje celkov\u00fd v\u00fdkon a spolehlivost hydraulick\u00e9ho syst\u00e9mu, a proto je p\u0159i jeho konstrukci z\u00e1sadn\u00edm krit\u00e9riem.<\/p>\n<h3>Trvanlivost<\/h3>\n<p>P\u0159i v\u00fdb\u011bru v\u00e1lce v\u00fdlo\u017en\u00edku je prvo\u0159ad\u00e1 odolnost, zejm\u00e9na v n\u00e1ro\u010dn\u00fdch prost\u0159ed\u00edch. Odoln\u00fd v\u00e1lec vydr\u017e\u00ed n\u00e1ro\u010dn\u00e9 podm\u00ednky, jako jsou extr\u00e9mn\u00ed teploty, prach, bl\u00e1to a chemik\u00e1lie. V\u00fdrobci dosahuj\u00ed odolnosti v\u00fdb\u011brem materi\u00e1l\u016f a pokro\u010dil\u00fdmi konstruk\u010dn\u00edmi technikami, co\u017e zaji\u0161\u0165uje, \u017ee v\u00e1lec m\u016f\u017ee spolehliv\u011b fungovat po del\u0161\u00ed dobu.<\/p>\n<h3>Bezpe\u010dnostn\u00ed prvky<\/h3>\n<p>Za\u010dlen\u011bn\u00ed bezpe\u010dnostn\u00edch prvk\u016f do konstrukce v\u00e1lc\u016f v\u00fdlo\u017en\u00edku je z\u00e1sadn\u00ed pro prevenci nehod b\u011bhem provozu. Pojistn\u00e9 ventily, syst\u00e9my pro sn\u00ed\u017een\u00ed tlaku a mechanismy nouzov\u00e9ho zastaven\u00ed p\u0159isp\u00edvaj\u00ed k celkov\u00e9 bezpe\u010dnosti hydraulick\u00fdch syst\u00e9m\u016f. Zaji\u0161t\u011bn\u00ed toho, aby tyto prvky byly sou\u010d\u00e1st\u00ed konstrukce, pom\u00e1h\u00e1 zm\u00edrnit rizika spojen\u00e1 s pou\u017e\u00edv\u00e1n\u00edm t\u011b\u017ek\u00fdch stroj\u016f.<\/p>\n<h3>\u00davahy o \u00fadr\u017eb\u011b<\/h3>\n<p>Konstrukce s ohledem na \u00fadr\u017ebu zaji\u0161\u0165uje snadnou \u00fadr\u017ebu v\u00e1lc\u016f v\u00fdlo\u017en\u00edku. To zahrnuje zaji\u0161t\u011bn\u00ed p\u0159\u00edstupu pro kontroly, maz\u00e1n\u00ed a opravy. Pravideln\u00e1 \u00fadr\u017eba je kl\u00ed\u010dem k prodlou\u017een\u00ed \u017eivotnosti v\u00e1lce a udr\u017een\u00ed jeho v\u00fdkonu. Funkce, kter\u00e9 usnad\u0148uj\u00ed \u00fadr\u017ebu, p\u0159isp\u00edvaj\u00ed k ni\u017e\u0161\u00edm provozn\u00edm n\u00e1klad\u016fm a zv\u00fd\u0161en\u00e9 bezpe\u010dnosti.<\/p>\n<p><img decoding=\"async\" src=\"https:\/\/www.hydraulic-cylinders.net\/wp-content\/uploads\/2025\/04\/songte-oil-pipes-and-spare-parts.webp\" alt=\"D\u00edly hydraulick\u00e9ho v\u00e1lce\"><\/p>\n<h2>T\u011bsn\u011bn\u00ed a maz\u00e1n\u00ed<\/h2>\n<p>\u00da\u010dinn\u00e9 t\u011bsn\u011bn\u00ed a maz\u00e1n\u00ed jsou nezbytn\u00e9 pro optim\u00e1ln\u00ed v\u00fdkon v\u00e1lc\u016f v\u00fdlo\u017en\u00edku. R\u016fzn\u00e9 t\u011bsnic\u00ed komponenty, jako jsou t\u011bsn\u011bn\u00ed p\u00edst\u016f a t\u011bsn\u011bn\u00ed p\u00edstnic, jsou nezbytn\u00e9 pro zabr\u00e1n\u011bn\u00ed \u00faniku hydraulick\u00e9 kapaliny. Pro zaji\u0161t\u011bn\u00ed trvanlivosti se b\u011b\u017en\u011b pou\u017e\u00edvaj\u00ed t\u011bsn\u011bn\u00ed vyroben\u00e1 z materi\u00e1l\u016f odoln\u00fdch proti opot\u0159eben\u00ed, jako je polyuretan a nitrilov\u00e1 pry\u017e. T\u011bleso v\u00e1lce a z\u00e1vitov\u00e9 koncov\u00e9 plochy jsou nav\u00edc jemn\u011b opracov\u00e1ny pro zv\u00fd\u0161en\u00ed odolnosti proti opot\u0159eben\u00ed. Pravideln\u00e9 maz\u00e1n\u00ed hydraulick\u00fdm olejem je nezbytn\u00e9 pro udr\u017een\u00ed plynul\u00e9ho provozu a prevenci opot\u0159eben\u00ed pohybliv\u00fdch \u010d\u00e1st\u00ed, \u010d\u00edm\u017e se zaji\u0161\u0165uje \u017eivotnost v\u00e1lce.<\/p>\n<h2>Preventivn\u00ed \u00fadr\u017ebov\u00e1 opat\u0159en\u00ed<\/h2>\n<ul>\n<li><strong>Pravideln\u00e9 kontroly:<\/strong> Prov\u00e1d\u011bjte pravideln\u00e9 kontroly, abyste v\u010das odhalili opot\u0159eben\u00ed a potenci\u00e1ln\u00ed probl\u00e9my. Pravideln\u00e9 kontroly pom\u00e1haj\u00ed p\u0159edch\u00e1zet z\u00e1va\u017en\u00fdm poruch\u00e1m a prodlu\u017euj\u00ed \u017eivotnost hydraulick\u00e9ho v\u00e1lce.<\/li>\n<li><strong>Vhodn\u00e9 maz\u00e1n\u00ed:<\/strong> Zajist\u011bte, aby byl v\u00e1lec dostate\u010dn\u011b maz\u00e1n spr\u00e1vn\u00fdm typem hydraulick\u00e9ho oleje. Tento postup minimalizuje t\u0159en\u00ed a opot\u0159eben\u00ed pohybliv\u00fdch sou\u010d\u00e1st\u00ed a podporuje efektivn\u00ed provoz.<\/li>\n<li><strong>V\u00fdm\u011bna t\u011bsn\u011bn\u00ed:<\/strong> Sledujte stav t\u011bsn\u011bn\u00ed a v p\u0159\u00edpad\u011b pot\u0159eby je vym\u011b\u0148ujte. Opot\u0159ebovan\u00e1 nebo po\u0161kozen\u00e1 t\u011bsn\u011bn\u00ed mohou v\u00e9st k net\u011bsnostem, co\u017e sni\u017euje v\u00fdkon a bezpe\u010dnost.<\/li>\n<\/ul>\n<h2>Pokyny k instalaci<\/h2>\n<p>Spr\u00e1vn\u00e1 instalace v\u00e1lc\u016f v\u00fdlo\u017en\u00edku je z\u00e1sadn\u00ed pro jejich v\u00fdkon a dlouhou \u017eivotnost. Za\u010dn\u011bte t\u00edm, \u017ee se ujist\u00edte, \u017ee mont\u00e1\u017en\u00ed povrchy jsou \u010dist\u00e9 a bez ne\u010distot. Pou\u017eijte vhodn\u00e9 n\u00e1stroje pro vyrovn\u00e1n\u00ed, abyste zajistili spr\u00e1vn\u00e9 vyrovn\u00e1n\u00ed v\u00e1lce se strojn\u00edm za\u0159\u00edzen\u00edm, abyste zabr\u00e1nili nadm\u011brn\u00e9mu nam\u00e1h\u00e1n\u00ed. P\u0159i upev\u0148ov\u00e1n\u00ed v\u00e1lce pou\u017eijte vhodn\u00e9 mont\u00e1\u017en\u00ed konzole k jeho dostate\u010dn\u00e9 stabilizaci. Dodr\u017eujte specifikace v\u00fdrobce ohledn\u011b nastaven\u00ed utahovac\u00edho momentu, abyste zabr\u00e1nili po\u0161kozen\u00ed v\u00e1lce b\u011bhem instalace. Pravideln\u011b kontrolujte vyrovn\u00e1n\u00ed a zajist\u011bte \u00fachyty, abyste zajistili plynul\u00fd a efektivn\u00ed chod v\u00e1lce.<\/p>\n<h2>B\u011b\u017en\u00e9 \u00fakoly \u00fadr\u017eby<\/h2>\n<h3>Pravideln\u00e9 kontroly<\/h3>\n<p>Prov\u00e1d\u011bn\u00ed pravideln\u00fdch kontrol je z\u00e1sadn\u00ed pro identifikaci potenci\u00e1ln\u00edch probl\u00e9m\u016f d\u0159\u00edve, ne\u017e se vyhrot\u00ed. Zkontrolujte v\u00e1lec, zda nevykazuje zn\u00e1mky opot\u0159eben\u00ed, net\u011bsnost\u00ed nebo koroze. V\u011bnujte velkou pozornost t\u011bsn\u011bn\u00edm a mont\u00e1\u017en\u00edmu materi\u00e1lu, abyste se ujistili, \u017ee v\u0161e funguje spr\u00e1vn\u011b. Ve\u0161ker\u00e9 zji\u0161t\u011bn\u00ed dokumentujte, abyste mohli v pr\u016fb\u011bhu \u010dasu sledovat stav a probl\u00e9my neprodlen\u011b \u0159e\u0161it.<\/p>\n<h3>Vhodn\u00e9 maz\u00e1n\u00ed<\/h3>\n<p>Udr\u017eov\u00e1n\u00ed spr\u00e1vn\u00e9ho maz\u00e1n\u00ed je nezbytn\u00e9 pro hladk\u00fd provoz hydraulick\u00fdch v\u00e1lc\u016f. Pou\u017e\u00edvejte hydraulick\u00fd olej doporu\u010den\u00fd v\u00fdrobcem a ujist\u011bte se, \u017ee je napln\u011bn na spr\u00e1vnou hladinu. Pravideln\u00e9 maz\u00e1n\u00ed sni\u017euje t\u0159en\u00ed a opot\u0159eben\u00ed, co\u017e umo\u017e\u0148uje efektivn\u00ed provoz v\u00e1lce. Stanovte si pl\u00e1n maz\u00e1n\u00ed na z\u00e1klad\u011b pou\u017e\u00edv\u00e1n\u00ed a podm\u00ednek prost\u0159ed\u00ed, abyste zajistili konzistentn\u00ed \u00fadr\u017ebu.<\/p>\n<h3>V\u00fdm\u011bna t\u011bsn\u011bn\u00ed a kontroly kalibrace<\/h3>\n<p>Vym\u011b\u0148te t\u011bsn\u011bn\u00ed p\u0159i prvn\u00edm n\u00e1znaku opot\u0159eben\u00ed nebo net\u011bsnosti, abyste zachovali integritu hydraulick\u00e9ho syst\u00e9mu. Napl\u00e1nujte si pravideln\u00e9 kalibra\u010dn\u00ed kontroly, abyste zajistili, \u017ee v\u00e1lec pracuje v r\u00e1mci stanoven\u00fdch parametr\u016f. Spr\u00e1vn\u00e9 se\u0159\u00edzen\u00ed a funkce jsou nezbytn\u00e9 pro bezpe\u010dnost a v\u00fdkon a jak\u00e9koli odchylky by m\u011bly b\u00fdt okam\u017eit\u011b \u0159e\u0161eny.<\/p>\n<p><img decoding=\"async\" src=\"https:\/\/www.hydraulic-cylinders.net\/wp-content\/uploads\/2025\/04\/songte-chushion-collar.webp\" alt=\"V\u00e1lcov\u00fd pol\u0161t\u00e1\u0159ov\u00fd l\u00edmec\"><\/p>\n<h2>Bezpe\u010dnostn\u00ed aspekty a faktory prost\u0159ed\u00ed<\/h2>\n<p>P\u0159i pou\u017e\u00edv\u00e1n\u00ed hydraulick\u00fdch v\u00e1lc\u016f je nezbytn\u00e9 dodr\u017eovat bezpe\u010dnostn\u00ed opat\u0159en\u00ed, aby se p\u0159ede\u0161lo nehod\u00e1m. Obsluha mus\u00ed b\u00fdt pro\u0161kolena ve spr\u00e1vn\u00e9m pou\u017e\u00edv\u00e1n\u00ed stroj\u016f a rozum\u011bt potenci\u00e1ln\u00edm rizik\u016fm spojen\u00fdm s hydraulick\u00fdmi syst\u00e9my. Pou\u017e\u00edv\u00e1n\u00ed ekologick\u00fdch hydraulick\u00fdch kapalin m\u016f\u017ee nav\u00edc zm\u00edrnit dopad na \u017eivotn\u00ed prost\u0159ed\u00ed a podpo\u0159it udr\u017eitelnost a bezpe\u010dnost provozu.<\/p>\n<h2>\u0158e\u0161en\u00ed b\u011b\u017en\u00fdch probl\u00e9m\u016f<\/h2>\n<ul>\n<li><strong>\u00danik:<\/strong> Pokud si v\u0161imnete \u00faniku hydraulick\u00e9 kapaliny z v\u00e1lce, zkontrolujte t\u011bsn\u011bn\u00ed, zda nejsou po\u0161kozen\u00e1, a v p\u0159\u00edpad\u011b pot\u0159eby je vym\u011b\u0148te. Ujist\u011bte se, \u017ee je v\u00e1lec spr\u00e1vn\u011b nainstalov\u00e1n a \u017ee jsou v\u0161echna spojen\u00ed t\u011bsn\u00e1.<\/li>\n<li><strong>Nedostate\u010dn\u00fd v\u00fdkon:<\/strong> Pokud v\u00e1lec nefunguje podle o\u010dek\u00e1v\u00e1n\u00ed, ov\u011b\u0159te, zda je hladina hydraulick\u00e9 kapaliny dostate\u010dn\u00e1 a zda syst\u00e9m nen\u00ed ucpan\u00fd. Zkontrolujte, zda v hydraulick\u00fdch potrub\u00edch nedoch\u00e1z\u00ed k \u00fanik\u016fm vzduchu.<\/li>\n<li><strong>Podivn\u00e9 zvuky:<\/strong> Neobvykl\u00e9 zvuky b\u011bhem provozu mohou nazna\u010dovat mechanick\u00e9 probl\u00e9my nebo nedostate\u010dn\u00e9 maz\u00e1n\u00ed. Zkontrolujte opot\u0159eben\u00ed a ujist\u011bte se, \u017ee je v\u00e1lec dostate\u010dn\u011b promaz\u00e1n, aby nedo\u0161lo k po\u0161kozen\u00ed.<\/li>\n<\/ul>\n<h2>Tipy pro \u0159e\u0161en\u00ed probl\u00e9m\u016f<\/h2>\n<p>Pro efektivn\u00ed \u0159e\u0161en\u00ed probl\u00e9m\u016f pravideln\u011b prov\u00e1d\u011bjte \u00fadr\u017ebu a kontrolu hydraulick\u00e9ho syst\u00e9mu. Ve\u010fte si z\u00e1znamy o v\u0161ech zji\u0161t\u011bn\u00fdch probl\u00e9mech, abyste identifikovali vzorce, kter\u00e9 by mohly nazna\u010dovat skryt\u00e9 probl\u00e9my. Pro minimalizaci probl\u00e9m\u016f a zaji\u0161t\u011bn\u00ed efektivn\u00edho provozu hydraulick\u00e9ho syst\u00e9mu zav\u00e1d\u011bjte preventivn\u00ed opat\u0159en\u00ed, jako jsou pravideln\u00e9 kontroly a v\u010dasn\u00e1 v\u00fdm\u011bna t\u011bsn\u011bn\u00ed.<\/p>\n<p><img decoding=\"async\" src=\"https:\/\/www.hydraulic-cylinders.net\/wp-content\/uploads\/2025\/04\/songte-bushings-with-all-kinds-of-excavator-models.webp\" alt=\"Pouzdra pro bagry\"><\/p>\n<h2>P\u0159ehled spole\u010dnosti<\/h2>\n<p>Jsme p\u0159edn\u00edm v\u00fdrobcem n\u00e1hradn\u00edch hydraulick\u00fdch v\u00e1lc\u016f a nab\u00edz\u00edme \u0161irokou \u0161k\u00e1lu produkt\u016f, kter\u00e9 uspokoj\u00ed jak dom\u00e1c\u00ed, tak mezin\u00e1rodn\u00ed trh. Na\u0161e spole\u010dnost je odd\u00e1na dokonalosti a vyu\u017e\u00edv\u00e1 propracovan\u00e9 v\u00fdrobn\u00ed strategie a pokro\u010dil\u00e9 technologie k zaji\u0161t\u011bn\u00ed vynikaj\u00edc\u00ed kvality produkt\u016f. N\u00e1\u0161 t\u00fdm se skl\u00e1d\u00e1 ze zku\u0161en\u00fdch profesion\u00e1l\u016f, kte\u0159\u00ed se v\u011bnuj\u00ed vylep\u0161ov\u00e1n\u00ed na\u0161\u00ed v\u00fdrobn\u00ed platformy a zaji\u0161\u0165uj\u00ed, abychom spl\u0148ovali rozmanit\u00e9 pot\u0159eby z\u00e1kazn\u00edk\u016f s vysokou efektivitou, p\u0159esnost\u00ed a kvalitou.<\/p>\n<p><img decoding=\"async\" src=\"https:\/\/www.hydraulic-cylinders.net\/wp-content\/uploads\/2025\/04\/songte-company-4.webp\" alt=\"V\u00fdrobn\u00ed proces spole\u010dnosti\"><br \/>\n<img decoding=\"async\" src=\"https:\/\/www.hydraulic-cylinders.net\/wp-content\/uploads\/2025\/04\/songte-company-3.webp\" alt=\"V\u00fdroba hydraulick\u00fdch v\u00e1lc\u016f\"><\/p>\n<p>N\u00e1\u0161 z\u00e1vazek k profesionalit\u011b se odr\u00e1\u017e\u00ed v na\u0161ich mezin\u00e1rodn\u00edch certifikac\u00edch, zak\u00e1zkov\u00fdch slu\u017eb\u00e1ch, modern\u00edm v\u00fdrobn\u00edm za\u0159\u00edzen\u00ed a robustn\u00ed poprodejn\u00ed podpo\u0159e. Sna\u017e\u00edme se poskytovat \u0159e\u0161en\u00ed p\u0159izp\u016fsoben\u00e1 specifick\u00fdm po\u017eadavk\u016fm na\u0161ich z\u00e1kazn\u00edk\u016f a zajistit jejich spokojenost a dlouhodob\u00fd v\u00fdkon na\u0161ich produkt\u016f.<\/p>\n<p>Autor: lyl<\/p>","protected":false},"excerpt":{"rendered":"<p>Boom Cylinder For XGMA Large Excavator XG833EH Product Overview The Boom Cylinder for the XGMA Large Excavator XG833EH is a crucial component in hydraulic systems, specifically designed to control the movement of the boom arm in heavy machinery. This hydraulic cylinder allows the boom to extend, retract, and tilt, facilitating efficient material handling tasks in [&hellip;]<\/p>","protected":false},"featured_media":17870,"comment_status":"open","ping_status":"closed","template":"","meta":{"_et_pb_use_builder":"","_et_pb_old_content":"","_et_gb_content_width":""},"product_brand":[],"product_cat":[1546],"product_tag":[1547,1496],"class_list":{"0":"post-19320","1":"product","2":"type-product","3":"status-publish","4":"has-post-thumbnail","6":"product_cat-boom-cylinders","7":"product_tag-boom-cylinders","8":"product_tag-hydraulic-cylinders","10":"first","11":"instock","12":"shipping-taxable","13":"product-type-simple"},"amp_enabled":true,"_links":{"self":[{"href":"https:\/\/www.hydraulic-cylinders.net\/cs\/wp-json\/wp\/v2\/product\/19320","targetHints":{"allow":["GET"]}}],"collection":[{"href":"https:\/\/www.hydraulic-cylinders.net\/cs\/wp-json\/wp\/v2\/product"}],"about":[{"href":"https:\/\/www.hydraulic-cylinders.net\/cs\/wp-json\/wp\/v2\/types\/product"}],"replies":[{"embeddable":true,"href":"https:\/\/www.hydraulic-cylinders.net\/cs\/wp-json\/wp\/v2\/comments?post=19320"}],"wp:featuredmedia":[{"embeddable":true,"href":"https:\/\/www.hydraulic-cylinders.net\/cs\/wp-json\/wp\/v2\/media\/17870"}],"wp:attachment":[{"href":"https:\/\/www.hydraulic-cylinders.net\/cs\/wp-json\/wp\/v2\/media?parent=19320"}],"wp:term":[{"taxonomy":"product_brand","embeddable":true,"href":"https:\/\/www.hydraulic-cylinders.net\/cs\/wp-json\/wp\/v2\/product_brand?post=19320"},{"taxonomy":"product_cat","embeddable":true,"href":"https:\/\/www.hydraulic-cylinders.net\/cs\/wp-json\/wp\/v2\/product_cat?post=19320"},{"taxonomy":"product_tag","embeddable":true,"href":"https:\/\/www.hydraulic-cylinders.net\/cs\/wp-json\/wp\/v2\/product_tag?post=19320"}],"curies":[{"name":"wp","href":"https:\/\/api.w.org\/{rel}","templated":true}]}}