{"id":19383,"date":"2025-04-07T06:31:29","date_gmt":"2025-04-07T06:31:29","guid":{"rendered":"https:\/\/www.hydraulic-cylinders.net\/product\/boom-cylinder-for-jonyang-small-excavator-jy615eld\/"},"modified":"2025-04-07T06:31:32","modified_gmt":"2025-04-07T06:31:32","slug":"boom-cylinder-for-jonyang-small-excavator-jy615eld","status":"publish","type":"product","link":"https:\/\/www.hydraulic-cylinders.net\/cs\/produkt\/boom-cylinder-for-jonyang-small-excavator-jy615eld\/","title":{"rendered":"V\u00e1lec v\u00fdlo\u017en\u00edku pro mal\u00e9 rypadlo Jonyang JY615ELD"},"content":{"rendered":"<h1>V\u00e1lec v\u00fdlo\u017en\u00edku pro mal\u00e9 rypadlo Jonyang JY615ELD<\/h1>\n<h2>\u00davod k v\u00e1lc\u016fm v\u00fdlo\u017en\u00edku<\/h2>\n<p>V\u00e1lec v\u00fdlo\u017en\u00edku je kl\u00ed\u010dovou sou\u010d\u00e1st\u00ed hydraulick\u00fdch syst\u00e9m\u016f v t\u011b\u017ek\u00fdch stroj\u00edch, speci\u00e1ln\u011b navr\u017een\u00fd pro ovl\u00e1d\u00e1n\u00ed pohybu l\u017e\u00edc v za\u0159\u00edzen\u00edch, jako jsou rypadla, rypadla-naklada\u010de a \u010deln\u00ed naklada\u010de. Tento hydraulick\u00fd v\u00e1lec usnad\u0148uje zved\u00e1n\u00ed, spou\u0161t\u011bn\u00ed a nakl\u00e1p\u011bn\u00ed l\u017e\u00edce, \u010d\u00edm\u017e zefektiv\u0148uje manipulaci s materi\u00e1lem. Vyu\u017eit\u00edm hydraulick\u00e9 kapaliny pod tlakem tyto v\u00e1lce umo\u017e\u0148uj\u00ed plynul\u00fd pohyb a zna\u010dnou s\u00edlu, co\u017e je nezbytn\u00e9 pro \u00fakoly, jako je kop\u00e1n\u00ed, zved\u00e1n\u00ed a p\u0159eprava materi\u00e1l\u016f.<\/p>\n<p><img decoding=\"async\" src=\"https:\/\/www.hydraulic-cylinders.net\/wp-content\/uploads\/2025\/04\/songte-company-1.webp\" alt=\"Obr\u00e1zek v\u00e1lce v\u00fdlo\u017en\u00edku\"><\/p>\n<h2>Vlastnosti v\u00e1lce v\u00fdlo\u017en\u00edku<\/h2>\n<ul>\n<li><strong>Vysok\u00e1 pevnost a trvanlivost:<\/strong> V\u00e1lec v\u00fdlo\u017en\u00edku je vyroben z vysokopevnostn\u00ed oceli nebo hlin\u00edku a je konstruov\u00e1n tak, aby odolal vysok\u00fdm tlak\u016fm a velk\u00e9mu zat\u00ed\u017een\u00ed, tak\u017ee je vhodn\u00fd pro n\u00e1ro\u010dn\u00e9 pracovn\u00ed prost\u0159ed\u00ed. Jeho konstrukce zohled\u0148uje odolnost proti opot\u0159eben\u00ed a korozi, co\u017e prodlu\u017euje jeho \u017eivotnost.<\/li>\n<li><strong>Efektivn\u00ed hydraulick\u00fd provoz:<\/strong> V\u00e1lec vyu\u017e\u00edv\u00e1 tlak hydraulick\u00e9 kapaliny k dosa\u017een\u00ed plynul\u00e9ho vysouv\u00e1n\u00ed a zasouv\u00e1n\u00ed, rychle reaguje na provozn\u00ed povely a poskytuje zna\u010dnou s\u00edlu tla\u010den\u00ed a tahu, ide\u00e1ln\u00ed pro manipulaci s t\u011b\u017ek\u00fdmi p\u0159edm\u011bty a slo\u017eit\u00e9 \u00fakoly.<\/li>\n<li><strong>R\u016fzn\u00e9 typy:<\/strong> V\u00e1lec v\u00fdlo\u017en\u00edku je k dispozici v jedno\u010dinn\u00e9m (hydraulick\u00fd tlak s vyu\u017eit\u00edm pouze jednoho sm\u011bru) nebo dvoj\u010dinn\u00e9m (hydraulick\u00fd tlak s vyu\u017eit\u00edm obou sm\u011br\u016f), co\u017e mu umo\u017e\u0148uje spl\u0148ovat rozmanit\u00e9 provozn\u00ed pot\u0159eby. N\u011bkter\u00e9 modely jsou teleskopick\u00e9, co\u017e umo\u017e\u0148uje v\u011bt\u0161\u00ed vysunut\u00ed bez zv\u011bt\u0161en\u00ed celkov\u00e9 velikosti, co\u017e je ide\u00e1ln\u00ed pro aplikace s omezen\u00fdm prostorem.<\/li>\n<li><strong>Kompatibilita:<\/strong> Na\u0161e produkty jsou navr\u017eeny tak, aby dokonale nahradily st\u00e1vaj\u00edc\u00ed hydraulick\u00e9 v\u00e1lce v r\u016fzn\u00fdch stroj\u00edch a zajistily tak bezprobl\u00e9movou integraci a v\u00fdkon.<\/li>\n<\/ul>\n<p><img decoding=\"async\" src=\"https:\/\/www.hydraulic-cylinders.net\/wp-content\/uploads\/2025\/04\/songte-cylinder-head-with-all-kinds-excavator-models.webp\" alt=\"Obr\u00e1zek model\u016f bagr\u016f\"><\/p>\n<h2>Aplikace v\u00e1lce v\u00fdlo\u017en\u00edku<\/h2>\n<h3>Stavebn\u00ed stroje<\/h3>\n<p>U bagr\u016f jsou v\u00e1lce v\u00fdlo\u017en\u00edku kl\u00ed\u010dov\u00e9 pro kop\u00e1n\u00ed, nakl\u00e1d\u00e1n\u00ed a p\u0159esouv\u00e1n\u00ed zeminy nebo suti. Umo\u017e\u0148uj\u00ed l\u017e\u00edci efektivn\u011b pronikat do zem\u011b a z\u00e1rove\u0148 ji zvedat pro vysyp\u00e1v\u00e1n\u00ed materi\u00e1l\u016f. U rypadlo-naklada\u010d\u016f pom\u00e1haj\u00ed nejen p\u0159i v\u00fdkopu, ale i p\u0159i zved\u00e1n\u00ed, co\u017e z nich \u010din\u00ed v\u0161estrann\u00e9 stroje na staveni\u0161t\u00edch.<\/p>\n<h3>Zem\u011bd\u011blsk\u00e9 stroje<\/h3>\n<p>U \u010deln\u00edch naklada\u010d\u016f usnad\u0148uj\u00ed v\u00e1lce v\u00fdlo\u017en\u00edku nab\u00edr\u00e1n\u00ed, zved\u00e1n\u00ed a p\u0159epravu zeminy, sena a r\u016fzn\u00fdch dal\u0161\u00edch materi\u00e1l\u016f. Jejich schopnost zvedat a nakl\u00e1n\u011bt lopaty v\u00fdrazn\u011b zvy\u0161uje produktivitu p\u0159i zem\u011bd\u011blsk\u00fdch prac\u00edch a umo\u017e\u0148uje efektivn\u00ed manipulaci s materi\u00e1lem na pol\u00edch a farm\u00e1ch.<\/p>\n<h3>Bagry<\/h3>\n<p>V\u00e1lec v\u00fdlo\u017en\u00edku umo\u017e\u0148uje l\u017e\u00edci efektivn\u011b pronikat do p\u016fdy, co\u017e ji \u010din\u00ed nepostradatelnou pro r\u016fzn\u00e9 v\u00fdkopov\u00e9 pr\u00e1ce. Tato schopnost je kl\u00ed\u010dov\u00e1 pro hlouben\u00ed z\u00e1klad\u016f, v\u00fdkop\u016f a dal\u0161\u00ed zemn\u00ed pr\u00e1ce a poskytuje pot\u0159ebnou pevnost a p\u0159esnost pro efektivn\u00ed provoz.<\/p>\n<h3>Naklada\u010de<\/h3>\n<p>U \u010deln\u00edch naklada\u010d\u016f hraj\u00ed v\u00e1lce v\u00fdlo\u017en\u00edku v\u00fdznamnou roli v efektivn\u00edm zved\u00e1n\u00ed a vykl\u00e1dce materi\u00e1l\u016f. Umo\u017e\u0148uj\u00ed obsluze zvedat t\u011b\u017ek\u00e9 n\u00e1klady do po\u017eadovan\u00e9 v\u00fd\u0161ky pro vykl\u00e1dku, \u010d\u00edm\u017e zvy\u0161uj\u00ed celkovou produktivitu a efektivitu nakl\u00e1dac\u00edch operac\u00ed.<\/p>\n<h2>Konstruk\u010dn\u00ed aspekty a krit\u00e9ria v\u00fdb\u011bru<\/h2>\n<ul>\n<li><strong>Nosnost:<\/strong> V\u00e1lec mus\u00ed b\u00fdt navr\u017een tak, aby zvl\u00e1dl maxim\u00e1ln\u00ed zat\u00ed\u017een\u00ed, kter\u00e9mu bude \u010delit. To zahrnuje v\u00fdb\u011br materi\u00e1l\u016f a v\u00fdrobn\u00edch proces\u016f, kter\u00e9 zajist\u00ed pevnost a spolehlivost za podm\u00ednek vysok\u00e9ho nam\u00e1h\u00e1n\u00ed.<\/li>\n<li><strong>T\u011bsn\u011bn\u00ed:<\/strong> \u00da\u010dinn\u00e9 t\u011bsn\u011bn\u00ed je z\u00e1sadn\u00ed pro prevenci \u00fanik\u016f hydraulick\u00e9 kapaliny. Pro zachov\u00e1n\u00ed integrity v\u00e1lce by se m\u011bla pou\u017e\u00edvat vysoce kvalitn\u00ed t\u011bsn\u011bn\u00ed, jako jsou t\u011bsn\u011bn\u00ed p\u00edst\u016f a p\u00edstnic vyroben\u00e1 z odoln\u00fdch materi\u00e1l\u016f, jako je polyuretan a nitrilov\u00e1 pry\u017e.<\/li>\n<li><strong>Trvanlivost:<\/strong> Konstrukce v\u00e1lce v\u00fdlo\u017en\u00edku by m\u011bla zohled\u0148ovat opot\u0159eben\u00ed v pr\u016fb\u011bhu \u010dasu. To zahrnuje v\u00fdb\u011br materi\u00e1l\u016f a povrchov\u00fdch \u00faprav odoln\u00fdch proti korozi pro prodlou\u017een\u00ed \u017eivotnosti, zejm\u00e9na v n\u00e1ro\u010dn\u00fdch podm\u00ednk\u00e1ch.<\/li>\n<li><strong>Bezpe\u010dnost:<\/strong> M\u011bly by b\u00fdt zahrnuty bezpe\u010dnostn\u00ed prvky, jako jsou p\u0159etlakov\u00e9 ventily a bezpe\u010dnostn\u00ed z\u00e1mky, aby se zabr\u00e1nilo n\u00e1hodn\u00e9mu spu\u0161t\u011bn\u00ed nebo selh\u00e1n\u00ed p\u0159i zved\u00e1n\u00ed t\u011b\u017ek\u00fdch b\u0159emen.<\/li>\n<li><strong>P\u0159\u00edstupnost \u00fadr\u017eby:<\/strong> Dob\u0159e navr\u017een\u00fd v\u00e1lec v\u00fdlo\u017en\u00edku by m\u011bl umo\u017e\u0148ovat snadn\u00fd p\u0159\u00edstup ke komponent\u016fm pro b\u011b\u017enou \u00fadr\u017ebu, co\u017e by zajistilo dlouhou \u017eivotnost a optim\u00e1ln\u00ed v\u00fdkon.<\/li>\n<\/ul>\n<p><img decoding=\"async\" src=\"https:\/\/www.hydraulic-cylinders.net\/wp-content\/uploads\/2025\/04\/songte-oil-pipes-and-spare-parts.webp\" alt=\"Obr\u00e1zek potrub\u00ed hydraulick\u00e9ho oleje\"><\/p>\n<h2>T\u011bsn\u011bn\u00ed a maz\u00e1n\u00ed<\/h2>\n<p>\u00da\u010dinnost hydraulick\u00e9ho v\u00e1lce do zna\u010dn\u00e9 m\u00edry z\u00e1vis\u00ed na jeho t\u011bsnic\u00edch a mazac\u00edch syst\u00e9mech. Vysoce kvalitn\u00ed t\u011bsn\u011bn\u00ed, jako jsou t\u011bsn\u011bn\u00ed p\u00edstu a p\u00edstnice, jsou nezbytn\u00e1 pro udr\u017een\u00ed hydraulick\u00e9ho tlaku a prevenci \u00fanik\u016f. T\u011bsn\u011bn\u00ed vyroben\u00e1 z materi\u00e1l\u016f odoln\u00fdch proti opot\u0159eben\u00ed, jako je polyuretan a nitrilov\u00e1 pry\u017e, zaji\u0161\u0165uj\u00ed dlouhou \u017eivotnost v n\u00e1ro\u010dn\u00fdch provozn\u00edch podm\u00ednk\u00e1ch. Krom\u011b toho mus\u00ed b\u00fdt jak t\u011blo v\u00e1lce, tak i z\u00e1vitov\u00e9 konce pro\u0161ly p\u0159esn\u00fdm obr\u00e1b\u011bn\u00edm, aby se zv\u00fd\u0161ila odolnost proti opot\u0159eben\u00ed. Pravideln\u00e9 maz\u00e1n\u00ed vhodn\u00fdm hydraulick\u00fdm olejem je z\u00e1sadn\u00ed; nejen sni\u017euje t\u0159en\u00ed, ale tak\u00e9 zaji\u0161\u0165uje plynul\u00fd chod a zabra\u0148uje opot\u0159eben\u00ed vnit\u0159n\u00edch sou\u010d\u00e1st\u00ed. Pl\u00e1novan\u00e9 kontroly a v\u010dasn\u00e1 v\u00fdm\u011bna oleje jsou nezbytn\u00e9 pro udr\u017een\u00ed optim\u00e1ln\u00edho v\u00fdkonu a prodlou\u017een\u00ed \u017eivotnosti v\u00e1lce.<\/p>\n<h2>\u00dadr\u017ebov\u00e1 opat\u0159en\u00ed<\/h2>\n<ul>\n<li><strong>Pravideln\u00e9 kontroly:<\/strong> Pravideln\u00e9 kontroly pom\u00e1haj\u00ed identifikovat zn\u00e1mky opot\u0159eben\u00ed nebo po\u0161kozen\u00ed d\u0159\u00edve, ne\u017e se rozvinou ve v\u00e1\u017en\u00e9 probl\u00e9my. Kontrola net\u011bsnost\u00ed, stav t\u011bsn\u011bn\u00ed a posouzen\u00ed hladiny provozn\u00edch kapalin jsou kl\u00ed\u010dov\u00fdmi \u00fakoly \u00fadr\u017eby.<\/li>\n<li><strong>Spr\u00e1vn\u00e9 maz\u00e1n\u00ed:<\/strong> Zaji\u0161t\u011bn\u00ed spr\u00e1vn\u00e9 hladiny a dobr\u00e9ho stavu hydraulick\u00e9ho oleje je z\u00e1sadn\u00ed pro provoz v\u00e1lce v\u00fdlo\u017en\u00edku. Je nezbytn\u00e9 dodr\u017eovat doporu\u010den\u00ed v\u00fdrobce ohledn\u011b typ\u016f olej\u016f a interval\u016f maz\u00e1n\u00ed.<\/li>\n<li><strong>V\u00fdm\u011bna t\u011bsn\u011bn\u00ed:<\/strong> Postupem \u010dasu se t\u011bsn\u011bn\u00ed mohou opot\u0159ebovat a v\u00e9st k net\u011bsnostem. Pro zachov\u00e1n\u00ed integrity a v\u00fdkonu v\u00e1lce je nutn\u00e1 pravideln\u00e1 v\u00fdm\u011bna. Pro zaji\u0161t\u011bn\u00ed kompatibility je d\u016fle\u017eit\u00e9 pou\u017e\u00edvat t\u011bsn\u011bn\u00ed schv\u00e1len\u00e1 v\u00fdrobcem.<\/li>\n<\/ul>\n<h2>Pokyny k instalaci<\/h2>\n<p>Spr\u00e1vn\u00e1 instalace v\u00e1lce v\u00fdlo\u017en\u00edku je z\u00e1sadn\u00ed pro optim\u00e1ln\u00ed v\u00fdkon a dlouhou \u017eivotnost. Za\u010dn\u011bte d\u016fkladn\u00fdm \u010di\u0161t\u011bn\u00edm mont\u00e1\u017en\u00edch povrch\u016f v\u00e1lce a ujist\u011bte se, \u017ee jsou bez ne\u010distot. P\u0159ed upevn\u011bn\u00edm pomoc\u00ed vhodn\u00e9ho kov\u00e1n\u00ed v\u00e1lec \u0159\u00e1dn\u011b vyrovnejte s mont\u00e1\u017en\u00edmi konzolami. Je nezbytn\u00e9 pou\u017e\u00edt mont\u00e1\u017en\u00ed konzoly, kter\u00e9 dostate\u010dn\u011b unesou hmotnost v\u00e1lce a provozn\u00ed s\u00edly. Po instalaci zkontrolujte spr\u00e1vn\u00e9 vyrovn\u00e1n\u00ed a citlivost pohybem hydraulick\u00fdch sou\u010d\u00e1st\u00ed v cel\u00e9m rozsahu jejich pohybu a ujist\u011bte se, \u017ee nejsou \u017e\u00e1dn\u00e9 p\u0159ek\u00e1\u017eky. Dodr\u017eov\u00e1n\u00ed pokyn\u016f pro instalaci pom\u00e1h\u00e1 p\u0159edch\u00e1zet p\u0159ed\u010dasn\u00e9mu opot\u0159eben\u00ed nebo poruch\u00e1m a zaji\u0161\u0165uje bezpe\u010dn\u00fd provoz.<\/p>\n<h2>B\u011b\u017en\u00e9 \u00fakoly \u00fadr\u017eby<\/h2>\n<ul>\n<li><strong>Pravideln\u00e9 kontroly:<\/strong> Pravideln\u00e1 kontrola v\u00e1lce v\u00fdlo\u017en\u00edku a jeho sou\u010d\u00e1st\u00ed pom\u00e1h\u00e1 v\u010das odhalit potenci\u00e1ln\u00ed probl\u00e9my, \u010d\u00edm\u017e se sni\u017euj\u00ed prostoje a n\u00e1klady na opravy. P\u0159i ka\u017ed\u00e9 kontrole hledejte zn\u00e1mky opot\u0159eben\u00ed nebo po\u0161kozen\u00ed.<\/li>\n<li><strong>Spr\u00e1vn\u00e9 maz\u00e1n\u00ed:<\/strong> Dostate\u010dn\u00e9 maz\u00e1n\u00ed je nezbytn\u00e9 pro sn\u00ed\u017een\u00ed t\u0159en\u00ed a opot\u0159eben\u00ed. Zajist\u011bte, aby v\u00e1lec a jeho sou\u010d\u00e1sti byly maz\u00e1ny podle specifikac\u00ed v\u00fdrobce s pou\u017eit\u00edm doporu\u010den\u00fdch maziv.<\/li>\n<li><strong>V\u00fdm\u011bna t\u011bsn\u011bn\u00ed a kontroly kalibrace:<\/strong> Pravideln\u00e1 v\u00fdm\u011bna opot\u0159ebovan\u00fdch t\u011bsn\u011bn\u00ed a prov\u00e1d\u011bn\u00ed kalibra\u010dn\u00edch kontrol m\u016f\u017ee zv\u00fd\u0161it v\u00fdkon a spolehlivost v\u00e1lce v\u00fdlo\u017en\u00edku. Dodr\u017eujte doporu\u010den\u00e9 pl\u00e1ny v\u00fdm\u011bny, abyste p\u0159ede\u0161li net\u011bsnostem a probl\u00e9m\u016fm s v\u00fdkonem.<\/li>\n<\/ul>\n<h2>Bezpe\u010dnostn\u00ed aspekty a faktory prost\u0159ed\u00ed<\/h2>\n<p>P\u0159i pr\u00e1ci s hydraulick\u00fdmi v\u00e1lci je nutn\u00e9 up\u0159ednost\u0148ovat bezpe\u010dnostn\u00ed opat\u0159en\u00ed, aby se p\u0159ede\u0161lo nehod\u00e1m a zajistila bezpe\u010dnost person\u00e1lu. Obsluha by m\u011bla b\u00fdt pro\u0161kolena ve spr\u00e1vn\u00e9 manipulaci a obsluze stroj\u016f vybaven\u00fdch hydraulick\u00fdmi syst\u00e9my. D\u00e1le je nezbytn\u00e9 dodr\u017eovat bezpe\u010dnostn\u00ed protokoly, v\u010detn\u011b no\u0161en\u00ed ochrann\u00fdch pom\u016fcek, prov\u00e1d\u011bn\u00ed kontrol p\u0159ed provozem a pochopen\u00ed nouzov\u00fdch postup\u016f. D\u016fle\u017eit\u00e9 jsou tak\u00e9 environment\u00e1ln\u00ed aspekty, jako je zvl\u00e1d\u00e1n\u00ed rozlit\u00ed hydraulick\u00e9 kapaliny a zaji\u0161t\u011bn\u00ed \u0159\u00e1dn\u00e9 likvidace opot\u0159ebovan\u00fdch sou\u010d\u00e1st\u00ed. Dodr\u017eov\u00e1n\u00ed bezpe\u010dnostn\u00edch a environment\u00e1ln\u00edch pokyn\u016f minimalizuje rizika a podporuje bezpe\u010dn\u011bj\u0161\u00ed pracovn\u00ed prost\u0159ed\u00ed.<\/p>\n<h2>Diagnostika z\u00e1vad a b\u011b\u017en\u00e9 probl\u00e9my<\/h2>\n<ul>\n<li><strong>\u00daniky hydraulick\u00e9 kapaliny:<\/strong> K \u00fanik\u016fm m\u016f\u017ee doch\u00e1zet v d\u016fsledku opot\u0159ebovan\u00fdch t\u011bsn\u011bn\u00ed nebo po\u0161kozen\u00fdch hadicov\u00fdch spoj\u016f. Pravideln\u00e9 kontroly mohou pomoci v\u010das odhalit \u00faniky, zabr\u00e1nit ztr\u00e1t\u011b kapaliny a zajistit optim\u00e1ln\u00ed v\u00fdkon.<\/li>\n<li><strong>Sn\u00ed\u017een\u00fd v\u00fdkon nebo v\u00fdkon:<\/strong> Pokud v\u00e1lec v\u00fdlo\u017en\u00edku nefunguje na pln\u00fd v\u00fdkon, m\u016f\u017ee to signalizovat probl\u00e9my, jako je n\u00edzk\u00e1 hladina hydraulick\u00e9 kapaliny, vzduch v syst\u00e9mu nebo opot\u0159eben\u00ed sou\u010d\u00e1st\u00ed.<\/li>\n<li><strong>Neobvykl\u00e9 zvuky:<\/strong> Zvuky jako sk\u0159\u00edp\u00e1n\u00ed nebo sy\u010den\u00ed mohou nazna\u010dovat probl\u00e9my v hydraulick\u00e9m syst\u00e9mu. V\u010dasn\u00e9 \u0159e\u0161en\u00ed t\u011bchto zvuk\u016f m\u016f\u017ee zabr\u00e1nit dal\u0161\u00edmu po\u0161kozen\u00ed.<\/li>\n<\/ul>\n<h2>Tipy pro \u0159e\u0161en\u00ed probl\u00e9m\u016f<\/h2>\n<p>Pro efektivn\u00ed diagnostiku a \u0159e\u0161en\u00ed probl\u00e9m\u016f s hydraulick\u00fdmi v\u00e1lci za\u010dn\u011bte kontrolou hladiny hydraulick\u00e9 kapaliny a kontrolou net\u011bsnost\u00ed. Nedostatek kapaliny \u0159e\u0161te okam\u017eit\u011b, proto\u017ee n\u00edzk\u00e9 hladiny mohou v\u00fdrazn\u011b ovlivnit v\u00fdkon. Pokud je syst\u00e9m pomal\u00fd, zva\u017ete odvzdu\u0161n\u011bn\u00ed hydraulick\u00e9ho potrub\u00ed, abyste odstranili zachycen\u00fd vzduch. V p\u0159\u00edpad\u011b neobvykl\u00fdch zvuk\u016f zkontrolujte v\u00e1lec a jeho sou\u010d\u00e1sti, zda nejsou opot\u0159ebovan\u00e9 nebo po\u0161kozen\u00e9, a vym\u011b\u0148te v\u0161echny vadn\u00e9 d\u00edly. Preventivn\u00ed opat\u0159en\u00ed, jako je pravideln\u00e1 \u00fadr\u017eba a dodr\u017eov\u00e1n\u00ed provozn\u00edch pokyn\u016f, mohou v\u00fdrazn\u011b sn\u00ed\u017eit pravd\u011bpodobnost vzniku probl\u00e9m\u016f.<\/p>\n<p><img decoding=\"async\" src=\"https:\/\/www.hydraulic-cylinders.net\/wp-content\/uploads\/2025\/04\/songte-bushings-with-all-kinds-of-excavator-models.webp\" alt=\"Obr\u00e1zek pouzder bagru\"><\/p>\n<h2>O na\u0161\u00ed spole\u010dnosti<\/h2>\n<p>Jsme p\u0159edn\u00edm v\u00fdrobcem n\u00e1hradn\u00edch hydraulick\u00fdch v\u00e1lc\u016f s komplexn\u00ed \u0159adou produkt\u016f, kter\u00e1 n\u00e1s etablovala jako kl\u00ed\u010dov\u00e9ho hr\u00e1\u010de na dom\u00e1c\u00edm i mezin\u00e1rodn\u00edm trhu. N\u00e1\u0161 z\u00e1vazek k dokonalosti se odr\u00e1\u017e\u00ed v na\u0161ich pokro\u010dil\u00fdch v\u00fdrobn\u00edch strategi\u00edch a procesech kontroly kvality. Vyu\u017e\u00edv\u00e1me zku\u0161en\u00e9 techniky, \u0161pi\u010dkov\u00e9 digit\u00e1ln\u00ed v\u00fdrobn\u00ed za\u0159\u00edzen\u00ed a profesion\u00e1ln\u00ed testovac\u00ed syst\u00e9my, abychom neust\u00e1le zlep\u0161ovali na\u0161e v\u00fdrobn\u00ed kapacity. Na\u0161\u00edm c\u00edlem je uspokojovat rozmanit\u00e9 pot\u0159eby z\u00e1kazn\u00edk\u016f efektivn\u00edmi, p\u0159esn\u00fdmi a vysoce kvalitn\u00edmi hydraulick\u00fdmi \u0159e\u0161en\u00edmi. Na\u0161e nab\u00eddky jsou podpo\u0159eny odborn\u00fdmi znalostmi, mezin\u00e1rodn\u00edmi certifikacemi a slu\u017ebami na m\u00edru, abychom zajistili optim\u00e1ln\u00ed spokojenost.<\/p>\n<p><img decoding=\"async\" src=\"https:\/\/www.hydraulic-cylinders.net\/wp-content\/uploads\/2025\/04\/songte-company-4.webp\" alt=\"Obr\u00e1zek spole\u010dnosti 1\"><br \/>\n<img decoding=\"async\" src=\"https:\/\/www.hydraulic-cylinders.net\/wp-content\/uploads\/2025\/04\/songte-company-3.webp\" alt=\"Obr\u00e1zek spole\u010dnosti 2\"><\/p>\n<p>Autor: lyl<\/p>","protected":false},"excerpt":{"rendered":"<p>Boom Cylinder For Jonyang Small Excavator JY615ELD Introduction to Boom Cylinders The boom cylinder is a vital component of hydraulic systems in heavy machinery, specifically designed to control the movement of buckets in equipment such as excavators, backhoe loaders, and front loaders. This hydraulic cylinder facilitates the lifting, lowering, and tilting of the bucket, thereby [&hellip;]<\/p>","protected":false},"featured_media":17873,"comment_status":"open","ping_status":"closed","template":"","meta":{"_et_pb_use_builder":"","_et_pb_old_content":"","_et_gb_content_width":""},"product_brand":[],"product_cat":[1546],"product_tag":[1547,1496],"class_list":{"0":"post-19383","1":"product","2":"type-product","3":"status-publish","4":"has-post-thumbnail","6":"product_cat-boom-cylinders","7":"product_tag-boom-cylinders","8":"product_tag-hydraulic-cylinders","10":"first","11":"instock","12":"shipping-taxable","13":"product-type-simple"},"amp_enabled":true,"_links":{"self":[{"href":"https:\/\/www.hydraulic-cylinders.net\/cs\/wp-json\/wp\/v2\/product\/19383","targetHints":{"allow":["GET"]}}],"collection":[{"href":"https:\/\/www.hydraulic-cylinders.net\/cs\/wp-json\/wp\/v2\/product"}],"about":[{"href":"https:\/\/www.hydraulic-cylinders.net\/cs\/wp-json\/wp\/v2\/types\/product"}],"replies":[{"embeddable":true,"href":"https:\/\/www.hydraulic-cylinders.net\/cs\/wp-json\/wp\/v2\/comments?post=19383"}],"wp:featuredmedia":[{"embeddable":true,"href":"https:\/\/www.hydraulic-cylinders.net\/cs\/wp-json\/wp\/v2\/media\/17873"}],"wp:attachment":[{"href":"https:\/\/www.hydraulic-cylinders.net\/cs\/wp-json\/wp\/v2\/media?parent=19383"}],"wp:term":[{"taxonomy":"product_brand","embeddable":true,"href":"https:\/\/www.hydraulic-cylinders.net\/cs\/wp-json\/wp\/v2\/product_brand?post=19383"},{"taxonomy":"product_cat","embeddable":true,"href":"https:\/\/www.hydraulic-cylinders.net\/cs\/wp-json\/wp\/v2\/product_cat?post=19383"},{"taxonomy":"product_tag","embeddable":true,"href":"https:\/\/www.hydraulic-cylinders.net\/cs\/wp-json\/wp\/v2\/product_tag?post=19383"}],"curies":[{"name":"wp","href":"https:\/\/api.w.org\/{rel}","templated":true}]}}