{"id":19411,"date":"2025-04-07T06:33:12","date_gmt":"2025-04-07T06:33:12","guid":{"rendered":"https:\/\/www.hydraulic-cylinders.net\/product\/boom-cylinder-for-bobcat-small-excavator-e32\/"},"modified":"2025-04-07T06:33:14","modified_gmt":"2025-04-07T06:33:14","slug":"boom-cylinder-for-bobcat-small-excavator-e32","status":"publish","type":"product","link":"https:\/\/www.hydraulic-cylinders.net\/cs\/produkt\/boom-cylinder-for-bobcat-small-excavator-e32\/","title":{"rendered":"V\u00e1lec v\u00fdlo\u017en\u00edku pro mal\u00e9 rypadlo Bobcat E32"},"content":{"rendered":"<h1>V\u00e1lec v\u00fdlo\u017en\u00edku pro mal\u00e9 rypadlo Bobcat E32<\/h1>\n<h2>Pochopen\u00ed v\u00e1lce v\u00fdlo\u017en\u00edku<\/h2>\n<p>Hydraulick\u00fd v\u00e1lec v\u00fdlo\u017en\u00edku je kl\u00ed\u010dovou sou\u010d\u00e1st\u00ed hydraulick\u00fdch syst\u00e9m\u016f t\u011b\u017ek\u00fdch stroj\u016f, speci\u00e1ln\u011b navr\u017een\u00fd pro ovl\u00e1d\u00e1n\u00ed pohybu l\u017e\u00edc v bagrech, rypadlech a \u010deln\u00edch naklada\u010d\u00edch. Tento hydraulick\u00fd v\u00e1lec umo\u017e\u0148uje zved\u00e1n\u00ed, spou\u0161t\u011bn\u00ed a nakl\u00e1p\u011bn\u00ed l\u017e\u00edce, co\u017e je nezbytn\u00e9 pro efektivn\u00ed manipulaci s materi\u00e1lem.<\/p>\n<p>Jako typ hydraulick\u00e9ho v\u00e1lce pracuje v\u00e1lec v\u00fdlo\u017en\u00edku pomoc\u00ed tlakov\u00e9 hydraulick\u00e9 kapaliny k vytvo\u0159en\u00ed pohybu. Kdy\u017e obsluha vyd\u00e1 povel, hydraulick\u00e1 kapalina se p\u0159esune do v\u00e1lce, co\u017e zp\u016fsob\u00ed vysunut\u00ed nebo zasunut\u00ed p\u00edstn\u00ed ty\u010de. Tento mechanismus umo\u017e\u0148uje p\u0159esn\u00e9 ovl\u00e1d\u00e1n\u00ed polohy lopaty a zvy\u0161uje funk\u010dnost stroje.<\/p>\n<p>Ve stavebnictv\u00ed je schopnost man\u00e9vrovat s t\u011b\u017ek\u00fdmi b\u0159emeny s p\u0159esnost\u00ed a rychlost\u00ed kl\u00ed\u010dov\u00e1. Role v\u00e1lce v\u00fdlo\u017en\u00edku v dosa\u017een\u00ed tohoto c\u00edle z n\u011bj \u010din\u00ed nepostradatelnou sou\u010d\u00e1st modern\u00edch rypadel, zejm\u00e9na v n\u00e1ro\u010dn\u00fdch pracovn\u00edch prost\u0159ed\u00edch. Jeho konstrukce se zam\u011b\u0159uje na odolnost a efektivitu, co\u017e zaji\u0161\u0165uje, \u017ee obsluha m\u016f\u017ee plnit \u00fakoly s maxim\u00e1ln\u00ed produktivitou.<\/p>\n<p><img decoding=\"async\" src=\"https:\/\/www.hydraulic-cylinders.net\/wp-content\/uploads\/2025\/04\/songte-company-1.webp\" alt=\"V\u00e1lec v\u00fdlo\u017en\u00edku\" \/><\/p>\n<h2>Kl\u00ed\u010dov\u00e9 vlastnosti v\u00e1lce v\u00fdlo\u017en\u00edku<\/h2>\n<ul>\n<li><strong>Vysok\u00e1 pevnost a trvanlivost:<\/strong> V\u00e1lec v\u00fdlo\u017en\u00edku, obvykle vyroben\u00fd z vysokopevnostn\u00ed oceli nebo hlin\u00edku, je navr\u017een tak, aby odolal vysok\u00e9mu tlaku a velk\u00e9mu zat\u00ed\u017een\u00ed, d\u00edky \u010demu\u017e je vhodn\u00fd pro n\u00e1ro\u010dn\u00e9 pracovn\u00ed podm\u00ednky.<\/li>\n<li><strong>Efektivn\u00ed hydraulick\u00fd provoz:<\/strong> V\u00e1lec vyu\u017e\u00edv\u00e1 hydraulick\u00fd tlak oleje pro plynul\u00e9 vysouv\u00e1n\u00ed a zasouv\u00e1n\u00ed, co\u017e zaji\u0161\u0165uje rychlou reakci na provozn\u00ed povely a dod\u00e1v\u00e1 zna\u010dnou s\u00edlu p\u0159i tla\u010den\u00ed a tahu.<\/li>\n<li><strong>R\u016fzn\u00e9 typy:<\/strong> K dispozici jsou jedno\u010dinn\u00e9 nebo dvoj\u010dinn\u00e9 konfigurace, tak\u017ee si u\u017eivatel\u00e9 mohou vybrat typ, kter\u00fd nejl\u00e9pe vyhovuje jejich provozn\u00edm pot\u0159eb\u00e1m. N\u011bkter\u00e9 modely jsou teleskopick\u00e9, co\u017e umo\u017e\u0148uje del\u0161\u00ed dosah bez zv\u011bt\u0161en\u00ed vn\u011bj\u0161\u00edch rozm\u011br\u016f.<\/li>\n<\/ul>\n<p>Specializujeme se na v\u00fdrobu vysoce kvalitn\u00edch v\u00e1lc\u016f v\u00fdlo\u017en\u00edku, kter\u00e9 dok\u00e1\u017e\u00ed bez probl\u00e9m\u016f nahradit st\u00e1vaj\u00edc\u00ed hydraulick\u00e9 v\u00e1lce a zajist\u00ed tak optim\u00e1ln\u00ed v\u00fdkon v r\u016fzn\u00fdch aplikac\u00edch.<\/p>\n<p><img decoding=\"async\" src=\"https:\/\/www.hydraulic-cylinders.net\/wp-content\/uploads\/2025\/04\/songte-cylinder-head-with-all-kinds-excavator-models.webp\" alt=\"Hydraulick\u00e9 v\u00e1lce\" \/><\/p>\n<h2>Aplikace v\u00e1lce v\u00fdlo\u017en\u00edku<\/h2>\n<h3>Stavebn\u00ed stroje<\/h3>\n<p>U bagr\u016f jsou v\u00e1lce v\u00fdlo\u017en\u00edku kl\u00ed\u010dov\u00e9 pro kop\u00e1n\u00ed, nakl\u00e1d\u00e1n\u00ed a p\u0159epravu zeminy nebo suti. Umo\u017e\u0148uj\u00ed p\u0159esn\u00e9 pohyby, co\u017e zaji\u0161\u0165uje, \u017ee obsluha m\u016f\u017ee efektivn\u011b \u0159\u00eddit v\u00fdkopov\u00e9 \u00fakoly bez kompromis\u016f v oblasti bezpe\u010dnosti nebo v\u00fdkonu.<\/p>\n<h3>R\u00fdpadlo-naklada\u010de<\/h3>\n<p>U r\u00fdpadlo-naklada\u010d\u016f v\u00e1lec v\u00fdlo\u017en\u00edku nejen usnad\u0148uje kop\u00e1n\u00ed, ale tak\u00e9 pom\u00e1h\u00e1 p\u0159i zved\u00e1n\u00ed t\u011b\u017ek\u00fdch b\u0159emen. Tato dvoj\u00ed funkce zvy\u0161uje v\u0161estrannost stroje a \u010din\u00ed z n\u011bj cenn\u00fd n\u00e1stroj na jak\u00e9mkoli pracovi\u0161ti, a\u0165 u\u017e se jedn\u00e1 o v\u00fdkopov\u00e9 pr\u00e1ce nebo manipulaci s materi\u00e1lem.<\/p>\n<h3>Zem\u011bd\u011blsk\u00e9 stroje<\/h3>\n<p>U \u010deln\u00edch naklada\u010d\u016f hraj\u00ed v\u00e1lce v\u00fdlo\u017en\u00edku kl\u00ed\u010dovou roli p\u0159i nab\u00edr\u00e1n\u00ed, zved\u00e1n\u00ed a p\u0159eprav\u011b zeminy, sena a dal\u0161\u00edch materi\u00e1l\u016f. Jejich spolehliv\u00fd v\u00fdkon pom\u00e1h\u00e1 zem\u011bd\u011blc\u016fm a zem\u011bd\u011blsk\u00fdm pracovn\u00edk\u016fm optimalizovat jejich produktivitu p\u0159i r\u016fzn\u00fdch \u00fakolech.<\/p>\n<h3>Bagry<\/h3>\n<p>U rypadel je schopnost v\u00e1lce v\u00fdlo\u017en\u00edku umo\u017enit l\u017e\u00edci proniknout do p\u016fdy z\u00e1sadn\u00ed. Tato schopnost je nezbytn\u00e1 pro efektivn\u00ed kop\u00e1n\u00ed, a proto je v\u00e1lec v\u00fdlo\u017en\u00edku ned\u00edlnou sou\u010d\u00e1st\u00ed hydraulick\u00e9ho syst\u00e9mu stroje.<\/p>\n<h3>Naklada\u010de<\/h3>\n<p>U \u010deln\u00edch naklada\u010d\u016f pom\u00e1haj\u00ed v\u00e1lce v\u00fdlo\u017en\u00edku efektivn\u011b zvedat a vykl\u00e1p\u011bt b\u0159emena. Jejich robustn\u00ed konstrukce a spolehliv\u00fd provoz umo\u017e\u0148uj\u00ed obsluze bezpe\u010dn\u011b manipulovat s t\u011b\u017ek\u00fdmi materi\u00e1ly a zaji\u0161\u0165uj\u00ed efektivn\u00ed pracovn\u00ed postup p\u0159i nakl\u00e1d\u00e1n\u00ed.<\/p>\n<h2>Konstruk\u010dn\u00ed aspekty a krit\u00e9ria v\u00fdb\u011bru<\/h2>\n<h3>Nosnost<\/h3>\n<p>P\u0159i v\u00fdb\u011bru v\u00e1lce v\u00fdlo\u017en\u00edku je kl\u00ed\u010dov\u00e9 pochopen\u00ed jeho nosnosti. V\u00e1lec mus\u00ed b\u00fdt schopen zvl\u00e1dnout maxim\u00e1ln\u00ed zat\u00ed\u017een\u00ed o\u010dek\u00e1van\u00e9 b\u011bhem provozu bez rizika selh\u00e1n\u00ed. V\u00fdrobci obvykle uv\u00e1d\u011bj\u00ed jmenovit\u00e9 zat\u00ed\u017een\u00ed a je nezbytn\u00e9 vybrat v\u00e1lec, kter\u00fd p\u0159ekra\u010duje o\u010dek\u00e1van\u00e9 zat\u00ed\u017een\u00ed, aby byla zaji\u0161t\u011bna bezpe\u010dnost a \u017eivotnost.<\/p>\n<h3>T\u011bsnic\u00ed mechanismy<\/h3>\n<p>\u00da\u010dinn\u00e9 ut\u011bsn\u011bn\u00ed je dal\u0161\u00edm kritick\u00fdm faktorem. T\u011bsn\u011bn\u00ed mus\u00ed zabra\u0148ovat \u00fanik\u016fm hydraulick\u00e9 kapaliny a z\u00e1rove\u0148 umo\u017e\u0148ovat plynul\u00fd pohyb. Vysoce kvalitn\u00ed t\u011bsn\u011bn\u00ed sni\u017euj\u00ed opot\u0159eben\u00ed v\u00e1lce a zvy\u0161uj\u00ed celkovou \u00fa\u010dinnost. Pro optim\u00e1ln\u00ed v\u00fdkon jsou nezbytn\u00e9 vhodn\u00e9 t\u011bsnic\u00ed materi\u00e1ly, jako je polyuretan a nitrilov\u00e1 pry\u017e.<\/p>\n<h3>Trvanlivost<\/h3>\n<p>Trvanlivost je prvo\u0159ad\u00e1, zejm\u00e9na v n\u00e1ro\u010dn\u00fdch pracovn\u00edch podm\u00ednk\u00e1ch. Dob\u0159e navr\u017een\u00fd v\u00e1lec v\u00fdlo\u017en\u00edku by m\u011bl odol\u00e1vat od\u011bru, korozi a dal\u0161\u00edm \u0161kodliv\u00fdm \u00fa\u010dink\u016fm vliv\u016f po\u010das\u00ed. Materi\u00e1ly a povlaky, kter\u00e9 zvy\u0161uj\u00ed odolnost, mohou v\u00fdrazn\u011b prodlou\u017eit \u017eivotnost v\u00e1lce.<\/p>\n<h3>Bezpe\u010dnostn\u00ed prvky<\/h3>\n<p>Bezpe\u010dnost je z\u00e1sadn\u00edm faktorem. V\u00e1lce ramen by m\u011bly b\u00fdt vybaveny bezpe\u010dnostn\u00edmi prvky, jako jsou p\u0159etlakov\u00e9 ventily, aby se zabr\u00e1nilo p\u0159etlaku, kter\u00fd m\u016f\u017ee v\u00e9st ke katastrof\u00e1ln\u00edm poruch\u00e1m. Pravideln\u00e9 bezpe\u010dnostn\u00ed kontroly jsou tak\u00e9 nezbytn\u00e9 pro udr\u017een\u00ed provozn\u00ed integrity.<\/p>\n<h3>P\u0159\u00edstupnost \u00fadr\u017eby<\/h3>\n<p>A kone\u010dn\u011b, p\u0159\u00edstupnost pro \u00fadr\u017ebu je kl\u00ed\u010dov\u00e1 pro zaji\u0161t\u011bn\u00ed dlouh\u00e9 \u017eivotnosti v\u00e1lce v\u00fdlo\u017en\u00edku. Konstruk\u010dn\u00ed prvky, kter\u00e9 umo\u017e\u0148uj\u00ed snadnou kontrolu, maz\u00e1n\u00ed a v\u00fdm\u011bnu t\u011bsn\u011bn\u00ed, mohou v dlouhodob\u00e9m horizontu u\u0161et\u0159it \u010das a sn\u00ed\u017eit n\u00e1klady na pr\u00e1ci.<\/p>\n<p><img decoding=\"async\" src=\"https:\/\/www.hydraulic-cylinders.net\/wp-content\/uploads\/2025\/04\/songte-oil-pipes-and-spare-parts.webp\" alt=\"Hydraulick\u00e9 d\u00edly\" \/><\/p>\n<h2>T\u011bsn\u011bn\u00ed a maz\u00e1n\u00ed hydraulick\u00e9ho v\u00e1lce<\/h2>\n<p>Spr\u00e1vn\u00e9 t\u011bsn\u011bn\u00ed a maz\u00e1n\u00ed jsou z\u00e1sadn\u00ed pro funk\u010dnost v\u00e1lce v\u00fdlo\u017en\u00edku. R\u016fzn\u00e9 t\u011bsnic\u00ed prvky, v\u010detn\u011b t\u011bsn\u011bn\u00ed p\u00edst\u016f a t\u011bsn\u011bn\u00ed p\u00edstnic, mus\u00ed b\u00fdt pe\u010dliv\u011b vybr\u00e1ny, aby bylo zaji\u0161t\u011bno, \u017ee odol\u00e1vaj\u00ed provozn\u00edm podm\u00ednk\u00e1m hydraulick\u00e9ho syst\u00e9mu. Materi\u00e1ly jako polyuretan a nitrilov\u00e1 pry\u017e poskytuj\u00ed vynikaj\u00edc\u00ed odolnost proti opot\u0159eben\u00ed a zvy\u0161uj\u00ed \u017eivotnost t\u011bsn\u011bn\u00ed.<\/p>\n<p>T\u011bleso v\u00e1lce a z\u00e1vitov\u00e9 koncov\u00e9 plochy mus\u00ed b\u00fdt p\u0159esn\u011b obrobeny, aby se zlep\u0161ila odolnost proti opot\u0159eben\u00ed a zajistilo t\u011bsn\u00e9 ut\u011bsn\u011bn\u00ed. Pravideln\u00e1 \u00fadr\u017eba by m\u011bla zahrnovat kontrolu opot\u0159eben\u00ed t\u011bsn\u011bn\u00ed a jejich v\u00fdm\u011bnu v p\u0159\u00edpad\u011b pot\u0159eby.<\/p>\n<p>Pravideln\u00e1 dod\u00e1vka hydraulick\u00e9ho oleje je nav\u00edc nezbytn\u00e1 pro maz\u00e1n\u00ed. Obsluha by m\u011bla pravideln\u011b kontrolovat hladinu oleje a zajistit, aby se pou\u017e\u00edval spr\u00e1vn\u00fd typ hydraulick\u00e9 kapaliny, aby se udr\u017eel v\u00fdkon v\u00e1lce.<\/p>\n<h2>Preventivn\u00ed \u00fadr\u017ebov\u00e1 opat\u0159en\u00ed<\/h2>\n<ul>\n<li><strong>Pravideln\u00e9 kontroly:<\/strong> Prov\u00e1d\u011bjte pravideln\u00e9 kontroly, abyste v\u010das odhalili potenci\u00e1ln\u00ed probl\u00e9my. Hledejte zn\u00e1mky opot\u0159eben\u00ed, net\u011bsnost\u00ed nebo po\u0161kozen\u00ed a neprodlen\u011b je \u0159e\u0161te, abyste p\u0159ede\u0161li dal\u0161\u00edm komplikac\u00edm.<\/li>\n<li><strong>Vhodn\u00e9 maz\u00e1n\u00ed:<\/strong> Ujist\u011bte se, \u017ee je v\u00e1lec v\u00fdlo\u017en\u00edku \u0159\u00e1dn\u011b promaz\u00e1n doporu\u010den\u00fdm hydraulick\u00fdm olejem. Nedostate\u010dn\u00e9 maz\u00e1n\u00ed m\u016f\u017ee v\u00e9st ke zv\u00fd\u0161en\u00e9mu opot\u0159eben\u00ed a ovlivnit v\u00fdkon.<\/li>\n<li><strong>V\u00fdm\u011bna t\u011bsn\u011bn\u00ed:<\/strong> Pravideln\u011b kontrolujte stav t\u011bsn\u011bn\u00ed a v p\u0159\u00edpad\u011b pot\u0159eby je vym\u011b\u0148ujte. Opot\u0159ebovan\u00e1 t\u011bsn\u011bn\u00ed mohou v\u00e9st k \u00faniku oleje, sni\u017eovat \u00fa\u010dinnost a zvy\u0161ovat riziko selh\u00e1n\u00ed v\u00e1lce.<\/li>\n<\/ul>\n<h2>Pokyny k instalaci<\/h2>\n<p>Spr\u00e1vn\u00e1 instalace v\u00e1lce v\u00fdlo\u017en\u00edku je z\u00e1sadn\u00ed pro optim\u00e1ln\u00ed v\u00fdkon. Za\u010dn\u011bte t\u00edm, \u017ee se ujist\u00edte, \u017ee v\u0161echny sou\u010d\u00e1sti jsou \u010dist\u00e9 a bez ne\u010distot. V\u00e1lec spr\u00e1vn\u011b vyrovnejte s upev\u0148ovac\u00edmi body na bagru. Pomoc\u00ed vhodn\u00fdch mont\u00e1\u017en\u00edch konzol zajist\u011bte v\u00e1lec na m\u00edst\u011b, aby se zabr\u00e1nilo jeho pohybu b\u011bhem provozu.<\/p>\n<p>Zkontrolujte, zda jsou hydraulick\u00e9 hadice bezpe\u010dn\u011b p\u0159ipojeny a zda nejsou zalomen\u00e9 ani p\u0159ek\u00e1\u017eky v hadic\u00edch. Jakmile je v\u0161e na sv\u00e9m m\u00edst\u011b, je nezbytn\u00e9 naplnit hydraulick\u00fd syst\u00e9m spr\u00e1vnou kapalinou a odvzdu\u0161nit syst\u00e9m, aby se odstranily p\u0159\u00edpadn\u00e9 vzduchov\u00e9 kapsy. Pravideln\u00e9 kontroly po instalaci mohou pomoci zajistit, aby v\u0161e z\u016fstalo bezpe\u010dn\u00e9 a fungovalo podle o\u010dek\u00e1v\u00e1n\u00ed.<\/p>\n<h2>B\u011b\u017en\u00e9 \u00fakoly \u00fadr\u017eby<\/h2>\n<h3>Pravideln\u00e9 kontroly<\/h3>\n<p>Pravideln\u00e9 kontroly v\u00e1lce v\u00fdlo\u017en\u00edku jsou nezbytn\u00e9 pro identifikaci mo\u017en\u00fdch probl\u00e9m\u016f d\u0159\u00edve, ne\u017e se stanou z\u00e1va\u017en\u00fdmi. Zkontrolujte, zda nevykazuje zn\u00e1mky opot\u0159eben\u00ed, net\u011bsnost\u00ed nebo po\u0161kozen\u00ed, a okam\u017eit\u011b \u0159e\u0161te jak\u00e9koli probl\u00e9my. D\u016fsledn\u00fd dohled m\u016f\u017ee zabr\u00e1nit n\u00e1kladn\u00fdm oprav\u00e1m a zajistit bezprobl\u00e9mov\u00fd chod hydraulick\u00e9ho syst\u00e9mu.<\/p>\n<h3>Vhodn\u00e9 maz\u00e1n\u00ed<\/h3>\n<p>Spr\u00e1vn\u00e9 maz\u00e1n\u00ed je z\u00e1sadn\u00ed pro udr\u017een\u00ed v\u00fdkonu v\u00e1lce v\u00fdlo\u017en\u00edku. Ujist\u011bte se, \u017ee hydraulick\u00fd olej je na spr\u00e1vn\u00e9 hladin\u011b a \u017ee spl\u0148uje specifikace v\u00fdrobce. Nedostate\u010dn\u00e9 maz\u00e1n\u00ed m\u016f\u017ee v\u00e9st ke zv\u00fd\u0161en\u00e9mu t\u0159en\u00ed a opot\u0159eben\u00ed, co\u017e m\u016f\u017ee zkr\u00e1tit \u017eivotnost v\u00e1lce.<\/p>\n<h3>V\u00fdm\u011bna t\u011bsn\u011bn\u00ed<\/h3>\n<p>Pravideln\u011b sledujte stav t\u011bsn\u011bn\u00ed. Opot\u0159ebovan\u00e1 nebo po\u0161kozen\u00e1 t\u011bsn\u011bn\u00ed mohou v\u00e9st k \u00fanik\u016fm hydraulick\u00e9 kapaliny, sni\u017eovat \u00fa\u010dinnost a potenci\u00e1ln\u011b zp\u016fsobovat selh\u00e1n\u00ed syst\u00e9mu. Pro udr\u017een\u00ed optim\u00e1ln\u00edho v\u00fdkonu zave\u010fte pravideln\u00e9 kontroly a v\u00fdm\u011bny t\u011bsn\u011bn\u00ed.<\/p>\n<p><img decoding=\"async\" src=\"https:\/\/www.hydraulic-cylinders.net\/wp-content\/uploads\/2025\/04\/songte-chushion-collar.webp\" alt=\"D\u00edly hydraulick\u00e9ho v\u00e1lce\" \/><\/p>\n<h2>Bezpe\u010dnostn\u00ed aspekty a faktory prost\u0159ed\u00ed<\/h2>\n<p>P\u0159i pr\u00e1ci s hydraulick\u00fdmi v\u00e1lci jsou bezpe\u010dnostn\u00ed opat\u0159en\u00ed nanejv\u00fd\u0161 d\u016fle\u017eit\u00e1. Obsluha by m\u011bla v\u017edy nosit vhodn\u00e9 osobn\u00ed ochrann\u00e9 prost\u0159edky (OOP) a zajistit, aby pracovn\u00ed prostor byl bezpe\u010dn\u00fd p\u0159ed nebezpe\u010d\u00edm. Pochopen\u00ed provozn\u00edho tlaku v\u00e1lce v\u00fdlo\u017en\u00edku a jeho dodr\u017eov\u00e1n\u00ed m\u016f\u017ee p\u0159edej\u00edt nehod\u00e1m a poruch\u00e1m za\u0159\u00edzen\u00ed.<\/p>\n<p>D\u00e1le je nezbytn\u00e9 zv\u00e1\u017eit dopad hydraulick\u00fdch kapalin na \u017eivotn\u00ed prost\u0159ed\u00ed. Pou\u017e\u00edv\u00e1n\u00ed biologicky odbourateln\u00fdch hydraulick\u00fdch olej\u016f m\u016f\u017ee zm\u00edrnit environment\u00e1ln\u00ed probl\u00e9my a zajistit soulad s p\u0159edpisy. Pravideln\u00e1 \u00fadr\u017eba a spr\u00e1vn\u00e1 likvidace kapalin m\u016f\u017ee tak\u00e9 pomoci minimalizovat ekologickou stopu.<\/p>\n<h2>Odstra\u0148ov\u00e1n\u00ed probl\u00e9m\u016f a b\u011b\u017en\u00e9 probl\u00e9my<\/h2>\n<ul>\n<li><strong>Sn\u00ed\u017een\u00fd v\u00fdkon:<\/strong> Pokud v\u00e1lec v\u00fdlo\u017en\u00edku nezved\u00e1 podle o\u010dek\u00e1v\u00e1n\u00ed, zkontrolujte hladinu hydraulick\u00e9 kapaliny a net\u011bsnosti v syst\u00e9mu. N\u00edzk\u00e1 hladina kapaliny m\u016f\u017ee negativn\u011b ovlivnit v\u00fdkon.<\/li>\n<li><strong>Net\u011bsnosti t\u011bsn\u011bn\u00ed:<\/strong> Pokud doch\u00e1z\u00ed k \u00faniku hydraulick\u00e9 kapaliny, zkontrolujte t\u011bsn\u011bn\u00ed, zda nejsou po\u0161kozen\u00e1. Opot\u0159ebovan\u00e1 t\u011bsn\u011bn\u00ed by m\u011bla b\u00fdt okam\u017eit\u011b vym\u011bn\u011bna, aby se zabr\u00e1nilo \u00faniku kapaliny.<\/li>\n<li><strong>Hluk b\u011bhem provozu:<\/strong> Neobvykl\u00e9 zvuky mohou nazna\u010dovat vzduch v hydraulick\u00e9m syst\u00e9mu nebo n\u00edzkou hladinu kapaliny. Odvzdu\u0161n\u011bn\u00ed syst\u00e9mu a dopln\u011bn\u00ed hydraulick\u00e9 kapaliny m\u016f\u017ee tyto probl\u00e9my vy\u0159e\u0161it.<\/li>\n<\/ul>\n<h2>Tipy pro \u0159e\u0161en\u00ed probl\u00e9m\u016f<\/h2>\n<p>Aby bylo mo\u017en\u00e9 efektivn\u011b diagnostikovat a vy\u0159e\u0161it probl\u00e9my s v\u00e1lcem v\u00fdlo\u017en\u00edku, m\u011bli by oper\u00e1to\u0159i postupovat systematicky. Za\u010dn\u011bte proch\u00e1zen\u00edm provozn\u00edch manu\u00e1l\u016f a pr\u016fvodc\u016f odstra\u0148ov\u00e1n\u00edm probl\u00e9m\u016f, abyste zjistili konkr\u00e9tn\u00ed p\u0159\u00edznaky. Ve\u010fte si organizovan\u00fd z\u00e1znam o \u00fadr\u017eb\u011b a v\u0161ech zji\u0161t\u011bn\u00fdch probl\u00e9mech, proto\u017ee tyto informace mohou pomoci identifikovat opakuj\u00edc\u00ed se probl\u00e9my.<\/p>\n<p>Prevence je kl\u00ed\u010dov\u00e1. Pravideln\u00e1 \u00fadr\u017eba, v\u010detn\u011b kontrol a maz\u00e1n\u00ed, m\u016f\u017ee pomoci sn\u00ed\u017eit pravd\u011bpodobnost probl\u00e9m\u016f. Oper\u00e1to\u0159i by se tak\u00e9 m\u011bli sezn\u00e1mit s komponenty a funkcemi syst\u00e9mu, aby l\u00e9pe pochopili potenci\u00e1ln\u00ed body selh\u00e1n\u00ed.<\/p>\n<p><img decoding=\"async\" src=\"https:\/\/www.hydraulic-cylinders.net\/wp-content\/uploads\/2025\/04\/songte-bushings-with-all-kinds-of-excavator-models.webp\" alt=\"D\u00edly pro bagry\" \/><\/p>\n<h2>O na\u0161\u00ed spole\u010dnosti<\/h2>\n<p>Jsme p\u0159edn\u00edm v\u00fdrobcem n\u00e1hradn\u00edch hydraulick\u00fdch v\u00e1lc\u016f a nab\u00edz\u00edme \u0161irokou \u0161k\u00e1lu produkt\u016f, kter\u00e9 spl\u0148uj\u00ed rozmanit\u00e9 pot\u0159eby dom\u00e1c\u00edho i mezin\u00e1rodn\u00edho trhu. N\u00e1\u0161 z\u00e1vazek ke kvalit\u011b je patrn\u00fd v na\u0161ich pokro\u010dil\u00fdch v\u00fdrobn\u00edch procesech a nejmodern\u011bj\u0161\u00edm vybaven\u00ed.<\/p>\n<p>Dodr\u017eujeme strategii excelence v \u0159\u00edzen\u00ed v\u00fdroby, zam\u011bstn\u00e1v\u00e1me kvalifikovan\u00e9 techniky a digit\u00e1ln\u00ed v\u00fdrobn\u00ed syst\u00e9my ke zlep\u0161en\u00ed na\u0161ich v\u00fdrobn\u00edch kapacit. Na\u0161e zam\u011b\u0159en\u00ed na kontrolu kvality zaji\u0161\u0165uje, \u017ee ka\u017ed\u00fd produkt spl\u0148uje nejvy\u0161\u0161\u00ed pr\u016fmyslov\u00e9 standardy, co\u017e n\u00e1m umo\u017e\u0148uje uspokojit \u0161irok\u00e9 spektrum po\u017eadavk\u016f z\u00e1kazn\u00edk\u016f.<\/p>\n<p>Na\u0161e spole\u010dnost je tak\u00e9 uzn\u00e1v\u00e1na pro sv\u00e9 rozs\u00e1hl\u00e9 zku\u0161enosti, profesion\u00e1ln\u00ed znalosti a odhodl\u00e1n\u00ed k spokojenosti z\u00e1kazn\u00edk\u016f. Poskytujeme slu\u017eby na m\u00edru, abychom zajistili, \u017ee na\u0161e produkty spl\u0148uj\u00ed specifick\u00e9 pot\u0159eby klient\u016f a z\u00e1rove\u0148 si zachov\u00e1vaj\u00ed p\u0159\u00edsn\u00e9 mezin\u00e1rodn\u00ed certifikace.<\/p>\n<p><img decoding=\"async\" src=\"https:\/\/www.hydraulic-cylinders.net\/wp-content\/uploads\/2025\/04\/songte-company-4.webp\" alt=\"Na\u0161e spole\u010dnost\" \/><br \/>\n<img decoding=\"async\" src=\"https:\/\/www.hydraulic-cylinders.net\/wp-content\/uploads\/2025\/04\/songte-company-3.webp\" alt=\"V\u00fdrobn\u00ed z\u00e1vod\" \/><\/p>\n<p>Autor: lyl<\/p>","protected":false},"excerpt":{"rendered":"<p>Boom Cylinder For Bobcat Small Excavator E32 Understanding the Boom Cylinder The boom cylinder is a vital component in the hydraulic systems of heavy machinery, specifically designed to control the movement of buckets in excavators, backhoes, and front loaders. This hydraulic cylinder enables the bucket to lift, lower, and tilt, making it essential for efficient [&hellip;]<\/p>","protected":false},"featured_media":17871,"comment_status":"open","ping_status":"closed","template":"","meta":{"_et_pb_use_builder":"","_et_pb_old_content":"","_et_gb_content_width":""},"product_brand":[],"product_cat":[1546],"product_tag":[1547,1496],"class_list":{"0":"post-19411","1":"product","2":"type-product","3":"status-publish","4":"has-post-thumbnail","6":"product_cat-boom-cylinders","7":"product_tag-boom-cylinders","8":"product_tag-hydraulic-cylinders","10":"first","11":"instock","12":"shipping-taxable","13":"product-type-simple"},"amp_enabled":true,"_links":{"self":[{"href":"https:\/\/www.hydraulic-cylinders.net\/cs\/wp-json\/wp\/v2\/product\/19411","targetHints":{"allow":["GET"]}}],"collection":[{"href":"https:\/\/www.hydraulic-cylinders.net\/cs\/wp-json\/wp\/v2\/product"}],"about":[{"href":"https:\/\/www.hydraulic-cylinders.net\/cs\/wp-json\/wp\/v2\/types\/product"}],"replies":[{"embeddable":true,"href":"https:\/\/www.hydraulic-cylinders.net\/cs\/wp-json\/wp\/v2\/comments?post=19411"}],"wp:featuredmedia":[{"embeddable":true,"href":"https:\/\/www.hydraulic-cylinders.net\/cs\/wp-json\/wp\/v2\/media\/17871"}],"wp:attachment":[{"href":"https:\/\/www.hydraulic-cylinders.net\/cs\/wp-json\/wp\/v2\/media?parent=19411"}],"wp:term":[{"taxonomy":"product_brand","embeddable":true,"href":"https:\/\/www.hydraulic-cylinders.net\/cs\/wp-json\/wp\/v2\/product_brand?post=19411"},{"taxonomy":"product_cat","embeddable":true,"href":"https:\/\/www.hydraulic-cylinders.net\/cs\/wp-json\/wp\/v2\/product_cat?post=19411"},{"taxonomy":"product_tag","embeddable":true,"href":"https:\/\/www.hydraulic-cylinders.net\/cs\/wp-json\/wp\/v2\/product_tag?post=19411"}],"curies":[{"name":"wp","href":"https:\/\/api.w.org\/{rel}","templated":true}]}}