{"id":19420,"date":"2025-04-07T06:33:42","date_gmt":"2025-04-07T06:33:42","guid":{"rendered":"https:\/\/www.hydraulic-cylinders.net\/product\/boom-cylinder-for-der-der323-8elzm\/"},"modified":"2025-04-07T06:33:44","modified_gmt":"2025-04-07T06:33:44","slug":"boom-cylinder-for-der-der323-8elzm","status":"publish","type":"product","link":"https:\/\/www.hydraulic-cylinders.net\/cs\/produkt\/boom-cylinder-for-der-der323-8elzm\/","title":{"rendered":"V\u00e1lec v\u00fdlo\u017en\u00edku pro DER DER323-8ELZM"},"content":{"rendered":"<h1>V\u00e1lec v\u00fdlo\u017en\u00edku pro DER DER323-8ELZM<\/h1>\n<h2>\u00davod k v\u00e1lci v\u00fdlo\u017en\u00edku<\/h2>\n<p>V\u00e1lec v\u00fdlo\u017en\u00edku, speci\u00e1ln\u011b navr\u017een\u00fd pro model DER DER323-8ELZM, je kl\u00ed\u010dovou sou\u010d\u00e1st\u00ed hydraulick\u00fdch syst\u00e9m\u016f pou\u017e\u00edvan\u00fdch v t\u011b\u017ek\u00fdch stroj\u00edch. Tento hydraulick\u00fd v\u00e1lec umo\u017e\u0148uje \u0159\u00edzen\u00fd pohyb r\u016fzn\u00fdch p\u0159\u00eddavn\u00fdch za\u0159\u00edzen\u00ed, jako jsou l\u017e\u00edce, na za\u0159\u00edzen\u00edch, jako jsou rypadla, r\u00fdpadlo-naklada\u010de a \u010deln\u00ed naklada\u010de. Jeho prim\u00e1rn\u00ed funkc\u00ed je umo\u017enit zved\u00e1n\u00ed, spou\u0161t\u011bn\u00ed a nakl\u00e1p\u011bn\u00ed l\u017e\u00edce, co\u017e usnad\u0148uje efektivn\u00ed manipulaci s materi\u00e1lem.<\/p>\n<p><img decoding=\"async\" src=\"https:\/\/www.hydraulic-cylinders.net\/wp-content\/uploads\/2025\/04\/songte-company-1.webp\" alt=\"Obr\u00e1zek v\u00e1lce v\u00fdlo\u017en\u00edku\" \/><\/p>\n<h3>Pochopen\u00ed kore\u010dkov\u00fdch v\u00e1lc\u016f<\/h3>\n<p>Hydraulick\u00e9 v\u00e1lce kore\u010dk\u016f jsou speci\u00e1ln\u011b navr\u017een\u00e9 pro \u0159\u00edzen\u00ed pohybu kore\u010dk\u016f v t\u011b\u017ek\u00fdch stroj\u00edch. Tyto v\u00e1lce hraj\u00ed kl\u00ed\u010dovou roli v hydraulick\u00fdch syst\u00e9mech t\u00edm, \u017ee poskytuj\u00ed pot\u0159ebnou s\u00edlu pro ovl\u00e1d\u00e1n\u00ed p\u0159\u00edslu\u0161enstv\u00ed. Jejich konstrukce zaji\u0161\u0165uje, \u017ee obsluha m\u016f\u017ee efektivn\u011b man\u00e9vrovat s t\u011b\u017ek\u00fdmi b\u0159emeny, co\u017e je \u010din\u00ed nepostradateln\u00fdmi ve stavebnictv\u00ed a zem\u011bd\u011blstv\u00ed.<\/p>\n<h2>Vlastnosti v\u00e1lce v\u00fdlo\u017en\u00edku<\/h2>\n<ul>\n<li><strong>Vysok\u00e1 pevnost a trvanlivost:<\/strong> Tyto v\u00e1lce, vyroben\u00e9 z vysokopevnostn\u00ed oceli nebo hlin\u00edku, odol\u00e1vaj\u00ed vysok\u00e9mu tlaku a velk\u00e9mu zat\u00ed\u017een\u00ed a jsou navr\u017eeny pro provoz v n\u00e1ro\u010dn\u00fdch podm\u00ednk\u00e1ch a z\u00e1rove\u0148 zaji\u0161\u0165uj\u00ed odolnost proti opot\u0159eben\u00ed a ochranu proti korozi.<\/li>\n<li><strong>Efektivn\u00ed hydraulick\u00fd provoz:<\/strong> D\u00edky hydraulick\u00e9mu tlaku oleje umo\u017e\u0148uje v\u00e1lec v\u00fdlo\u017en\u00edku plynul\u00e9 vysouv\u00e1n\u00ed a zasouv\u00e1n\u00ed, rychle reaguje na ovl\u00e1dac\u00ed povely a poskytuje zna\u010dnou tla\u010dnou a ta\u017enou s\u00edlu, ide\u00e1ln\u00ed pro manipulaci s t\u011b\u017ek\u00fdmi a slo\u017eit\u00fdmi \u00fakoly.<\/li>\n<li><strong>R\u016fzn\u00e9 typy:<\/strong> K dispozici v jedno\u010dinn\u00e9m (ob\u011bsm\u011brn\u00e9m) nebo dvoj\u010dinn\u00e9m (ob\u011bsm\u011brn\u00e9m) proveden\u00ed, p\u0159i\u010dem\u017e n\u011bkter\u00e9 modely nab\u00edzej\u00ed teleskopick\u00e9 mo\u017enosti pro v\u011bt\u0161\u00ed vysunut\u00ed bez zv\u011bt\u0161en\u00ed vn\u011bj\u0161\u00edch rozm\u011br\u016f, vhodn\u00e9 pro aplikace s omezen\u00fdm prostorem.<\/li>\n<\/ul>\n<h2>V\u00fdrobn\u00ed kapacity<\/h2>\n<p>Jsme schopni tento produkt vyrobit, co\u017e zaji\u0161\u0165uje, \u017ee na\u0161e hydraulick\u00e9 v\u00e1lce mohou b\u00fdt perfektn\u00ed n\u00e1hradou za st\u00e1vaj\u00edc\u00ed v\u00e1lce na trhu.<\/p>\n<p><img decoding=\"async\" src=\"https:\/\/www.hydraulic-cylinders.net\/wp-content\/uploads\/2025\/04\/songte-cylinder-head-with-all-kinds-excavator-models.webp\" alt=\"V\u00fdroba hydraulick\u00fdch v\u00e1lc\u016f\" \/><\/p>\n<h2>Aplikace v\u00e1lce v\u00fdlo\u017en\u00edku<\/h2>\n<h3>Stavebn\u00ed stroje<\/h3>\n<p>U bagr\u016f jsou v\u00e1lce v\u00fdlo\u017en\u00edku kl\u00ed\u010dov\u00e9 pro kop\u00e1n\u00ed, nakl\u00e1d\u00e1n\u00ed a p\u0159esouv\u00e1n\u00ed zeminy nebo suti. Usnad\u0148uj\u00ed pohyb l\u017e\u00edce a zaji\u0161\u0165uj\u00ed efektivn\u00ed v\u00fdkopov\u00e9 operace. U rypadlo-naklada\u010d\u016f v\u00e1lec v\u00fdlo\u017en\u00edku pom\u00e1h\u00e1 p\u0159i kop\u00e1n\u00ed i zved\u00e1n\u00ed, \u010d\u00edm\u017e zvy\u0161uje produktivitu na staveni\u0161t\u00edch.<\/p>\n<h3>Zem\u011bd\u011blsk\u00e9 stroje<\/h3>\n<p>U \u010deln\u00edch naklada\u010d\u016f je v\u00e1lec v\u00fdlo\u017en\u00edku nezbytn\u00fd pro nab\u00edr\u00e1n\u00ed, zved\u00e1n\u00ed a p\u0159epravu zeminy, sena a dal\u0161\u00edch materi\u00e1l\u016f. Umo\u017e\u0148uje zem\u011bd\u011blc\u016fm efektivn\u011b manipulovat s velk\u00fdmi n\u00e1klady, \u010d\u00edm\u017e zvy\u0161uje celkovou produktivitu a sni\u017euje manu\u00e1ln\u00ed pr\u00e1ci.<\/p>\n<h3>Provoz bagru<\/h3>\n<p>Rypadla se spol\u00e9haj\u00ed na kore\u010dkov\u00e9 v\u00e1lce, kter\u00e9 efektivn\u011b pronikaj\u00ed do p\u016fdy a umo\u017e\u0148uj\u00ed hlubok\u00e9 kop\u00e1n\u00ed. Jejich robustn\u00ed konstrukce zaji\u0161\u0165uje konzistentn\u00ed v\u00fdkon i p\u0159i dlouhodob\u00e9m pou\u017e\u00edv\u00e1n\u00ed, co\u017e z nich \u010din\u00ed z\u00e1kladn\u00ed sou\u010d\u00e1st stavebnictv\u00ed a t\u011b\u017eebn\u00edch prac\u00ed.<\/p>\n<h3>Funkce zavad\u011b\u010de<\/h3>\n<p>U \u010deln\u00edch naklada\u010d\u016f p\u0159isp\u00edvaj\u00ed v\u00e1lce v\u00fdlo\u017en\u00edku ke zved\u00e1n\u00ed a vykl\u00e1p\u011bn\u00ed materi\u00e1l\u016f. Jejich spolehliv\u00fd v\u00fdkon zaji\u0161\u0165uje efektivn\u00ed manipulaci a p\u0159epravu zbo\u017e\u00ed, co\u017e je \u010din\u00ed ned\u00edlnou sou\u010d\u00e1st\u00ed r\u016fzn\u00fdch nakl\u00e1dac\u00edch operac\u00ed.<\/p>\n<h2>Konstruk\u010dn\u00ed aspekty a krit\u00e9ria v\u00fdb\u011bru<\/h2>\n<ul>\n<li><strong>Nosnost:<\/strong> Nosnost v\u00e1lce v\u00fdlo\u017en\u00edku je prvo\u0159ad\u00fdm faktorem. Mus\u00ed b\u00fdt schopen zvl\u00e1dnout maxim\u00e1ln\u00ed hmotnost materi\u00e1l\u016f a za\u0159\u00edzen\u00ed, se kter\u00fdmi bude pracovat. Pochopen\u00ed rozlo\u017een\u00ed hmotnosti a zaji\u0161t\u011bn\u00ed toho, aby v\u00e1lec spl\u0148oval nebo p\u0159ekra\u010doval tyto specifikace, je z\u00e1sadn\u00ed pro bezpe\u010dn\u00fd a efektivn\u00ed provoz.<\/li>\n<li><strong>T\u011bsn\u011bn\u00ed:<\/strong> Dobr\u00e9 ut\u011bsn\u011bn\u00ed je nezbytn\u00e9 pro prevenci \u00fanik\u016f hydraulick\u00e9 kapaliny, kter\u00e9 mohou v\u00e9st ke sn\u00ed\u017een\u00ed \u00fa\u010dinnosti a mo\u017en\u00e9mu po\u0161kozen\u00ed. Pou\u017eit\u00ed vysoce kvalitn\u00edch t\u011bsn\u011bn\u00ed, kter\u00e1 odol\u00e1vaj\u00ed kol\u00eds\u00e1n\u00ed tlaku a teploty, zaji\u0161\u0165uje dlouhou \u017eivotnost a v\u00fdkon hydraulick\u00e9ho syst\u00e9mu.<\/li>\n<li><strong>Trvanlivost:<\/strong> Materi\u00e1ly pou\u017eit\u00e9 p\u0159i konstrukci v\u00e1lc\u016f v\u00fdlo\u017en\u00edku mus\u00ed b\u00fdt dostate\u010dn\u011b robustn\u00ed, aby odolaly drsn\u00fdm podm\u00ednk\u00e1m prost\u0159ed\u00ed a opot\u0159eben\u00ed. V\u00fdb\u011br v\u00e1lc\u016f vyroben\u00fdch z upraven\u00e9 oceli nebo materi\u00e1l\u016f odoln\u00fdch proti korozi zvy\u0161uje trvanlivost a sni\u017euje pot\u0159ebu \u00fadr\u017eby v pr\u016fb\u011bhu \u010dasu.<\/li>\n<li><strong>Bezpe\u010dnost:<\/strong> Bezpe\u010dnostn\u00ed prvky, jako jsou p\u0159etlakov\u00e9 ventily a ochrana proti p\u0159et\u00ed\u017een\u00ed, jsou nezbytn\u00e9 pro prevenci nehod a selh\u00e1n\u00ed za\u0159\u00edzen\u00ed. N\u00e1le\u017eit\u00e1 pozornost v\u011bnovan\u00e1 bezpe\u010dnostn\u00edm norm\u00e1m b\u011bhem n\u00e1vrhu zaji\u0161\u0165uje bezpe\u010dnost obsluhy a spolehlivost stroje.<\/li>\n<li><strong>\u00dadr\u017eba:<\/strong> Snadn\u00fd p\u0159\u00edstup k servisn\u00edm bod\u016fm a konstrukce v\u00e1lce mohou dramaticky ovlivnit postupy \u00fadr\u017eby. Promy\u0161len\u00e1 konstrukce umo\u017e\u0148uje snadn\u011bj\u0161\u00ed kontroly a opravy, \u010d\u00edm\u017e se zkracuj\u00ed prostoje a zvy\u0161uje produktivita.<\/li>\n<\/ul>\n<p><img decoding=\"async\" src=\"https:\/\/www.hydraulic-cylinders.net\/wp-content\/uploads\/2025\/04\/songte-oil-pipes-and-spare-parts.webp\" alt=\"Obr\u00e1zek n\u00e1vrhu hydraulick\u00e9ho v\u00e1lce\" \/><\/p>\n<h2>T\u011bsn\u011bn\u00ed a maz\u00e1n\u00ed<\/h2>\n<p>\u00da\u010dinnost v\u00e1lce v\u00fdlo\u017en\u00edku do zna\u010dn\u00e9 m\u00edry z\u00e1vis\u00ed na jeho t\u011bsnic\u00edch a mazac\u00edch mechanismech. K zabr\u00e1n\u011bn\u00ed \u00faniku hydraulick\u00e9 kapaliny se pou\u017e\u00edvaj\u00ed r\u016fzn\u00e1 t\u011bsn\u011bn\u00ed, v\u010detn\u011b p\u00edstn\u00edch a p\u00edstn\u00edch t\u011bsn\u011bn\u00ed. T\u011bsn\u011bn\u00ed vyroben\u00e1 z materi\u00e1l\u016f odoln\u00fdch proti opot\u0159eben\u00ed, jako je polyuretan a nitrilov\u00e1 pry\u017e, zvy\u0161uj\u00ed odolnost. T\u011bleso v\u00e1lce a z\u00e1vitov\u00e9 koncov\u00e9 plochy jsou jemn\u011b o\u0161et\u0159eny pro zlep\u0161en\u00ed odolnosti proti opot\u0159eben\u00ed. Pravideln\u00e9 maz\u00e1n\u00ed vhodn\u00fdm mno\u017estv\u00edm hydraulick\u00e9ho oleje je nezbytn\u00e9 pro udr\u017een\u00ed optim\u00e1ln\u00edho v\u00fdkonu a prevenci opot\u0159eben\u00ed.<\/p>\n<h2>Pravideln\u00e1 kontrola a preventivn\u00ed \u00fadr\u017eba<\/h2>\n<ul>\n<li><strong>Rutinn\u00ed kontroly:<\/strong> Pravideln\u00e9 kontroly jsou z\u00e1sadn\u00ed pro v\u010dasnou identifikaci jak\u00fdchkoli zn\u00e1mek opot\u0159eben\u00ed nebo po\u0161kozen\u00ed. Kontrola hladiny hydraulick\u00e9 kapaliny a hled\u00e1n\u00ed net\u011bsnost\u00ed m\u016f\u017ee zabr\u00e1nit vzniku v\u011bt\u0161\u00edch probl\u00e9m\u016f.<\/li>\n<li><strong>Maz\u00e1n\u00ed:<\/strong> Zaji\u0161t\u011bn\u00ed dostate\u010dn\u00e9ho maz\u00e1n\u00ed v\u0161ech pohybliv\u00fdch \u010d\u00e1st\u00ed prodlou\u017e\u00ed \u017eivotnost v\u00e1lce v\u00fdlo\u017en\u00edku. Pou\u017eit\u00ed spr\u00e1vn\u00e9ho typu hydraulick\u00e9 kapaliny a dodr\u017eov\u00e1n\u00ed specifikac\u00ed v\u00fdrobce ohledn\u011b interval\u016f maz\u00e1n\u00ed je z\u00e1sadn\u00ed.<\/li>\n<li><strong>V\u00fdm\u011bna t\u011bsn\u011bn\u00ed:<\/strong> Pravideln\u00e1 v\u00fdm\u011bna t\u011bsn\u011bn\u00ed v r\u00e1mci pl\u00e1nu \u00fadr\u017eby m\u016f\u017ee zabr\u00e1nit net\u011bsnostem a udr\u017eet hydraulickou \u00fa\u010dinnost. Veden\u00ed z\u00e1znam\u016f o v\u00fdm\u011bn\u00e1ch t\u011bsn\u011bn\u00ed pom\u00e1h\u00e1 sledovat stav hydraulick\u00e9ho syst\u00e9mu.<\/li>\n<\/ul>\n<h2>Pokyny k instalaci<\/h2>\n<p>Spr\u00e1vn\u00e1 instalace v\u00e1lce v\u00fdlo\u017en\u00edku je nezbytn\u00e1 pro optim\u00e1ln\u00ed v\u00fdkon. Za\u010dn\u011bte t\u00edm, \u017ee se ujist\u00edte, \u017ee mont\u00e1\u017en\u00ed povrchy jsou \u010dist\u00e9 a bez ne\u010distot. V\u00e1lec pe\u010dliv\u011b vyrovnejte a ujist\u011bte se, \u017ee je rovn\u00fd a spr\u00e1vn\u011b um\u00edst\u011bn\u00fd. K zaji\u0161t\u011bn\u00ed v\u00e1lce na m\u00edst\u011b pou\u017eijte vhodn\u00e9 mont\u00e1\u017en\u00ed konzoly. Dodr\u017eujte pokyny v\u00fdrobce t\u00fdkaj\u00edc\u00ed se specifikac\u00ed utahovac\u00edho momentu pro mont\u00e1\u017en\u00ed \u0161rouby. Po instalaci je nezbytn\u00e9 p\u0159ed zah\u00e1jen\u00edm provozu zkontrolovat t\u011bsnost hydraulick\u00fdch spoj\u016f. Dodr\u017eov\u00e1n\u00ed t\u011bchto pokyn\u016f pom\u016f\u017ee zajistit efektivn\u00ed a bezpe\u010dn\u00fd provoz v\u00e1lce v\u00fdlo\u017en\u00edku.<\/p>\n<h2>B\u011b\u017en\u00e9 \u00fakoly \u00fadr\u017eby<\/h2>\n<ul>\n<li><strong>Pravideln\u00e9 kontroly:<\/strong> Prov\u00e1d\u011bjte pravideln\u00e9 kontroly, abyste v\u010das odhalili jak\u00e9koli anom\u00e1lie. Pravideln\u00e9 kontroly t\u011bsn\u011bn\u00ed a hydraulick\u00fdch potrub\u00ed pom\u00e1haj\u00ed udr\u017eovat integritu syst\u00e9mu.<\/li>\n<li><strong>Spr\u00e1vn\u00e9 maz\u00e1n\u00ed:<\/strong> Ujist\u011bte se, \u017ee hydraulick\u00e1 kapalina je na spr\u00e1vn\u00e9 hladin\u011b a spr\u00e1vn\u00e9ho typu. Pravideln\u00e9 maz\u00e1n\u00ed zv\u00fd\u0161\u00ed v\u00fdkon a \u017eivotnost v\u00e1lce.<\/li>\n<li><strong>V\u00fdm\u011bna t\u011bsn\u011bn\u00ed:<\/strong> Sledujte stav t\u011bsn\u011bn\u00ed a vym\u011b\u0148te je, kdy\u017e se objev\u00ed zn\u00e1mky opot\u0159eben\u00ed. T\u00edm se sni\u017euje riziko net\u011bsnost\u00ed a udr\u017euje se hydraulick\u00e1 \u00fa\u010dinnost.<\/li>\n<\/ul>\n<p>Spr\u00e1vn\u00e9 vyrovn\u00e1n\u00ed v\u00e1lce je b\u011bhem instalace z\u00e1sadn\u00ed. Zajist\u011bte, aby byl v\u00e1lec rovnob\u011b\u017en\u00fd se sm\u011brem zat\u00ed\u017een\u00ed, a vyvarujte se nespr\u00e1vn\u00e9ho vyrovn\u00e1n\u00ed, kter\u00e9 by mohlo v\u00e9st k p\u0159ed\u010dasn\u00e9mu opot\u0159eben\u00ed nebo poru\u0161e. Pro maximalizaci \u017eivotnosti v\u00e1lce v\u00fdlo\u017en\u00edku je t\u0159eba pe\u010dliv\u011b dodr\u017eovat doporu\u010den\u00e9 postupy pro kontrolu, opravu a v\u00fdm\u011bnu.<\/p>\n<p><img decoding=\"async\" src=\"https:\/\/www.hydraulic-cylinders.net\/wp-content\/uploads\/2025\/04\/songte-chushion-collar.webp\" alt=\"Obr\u00e1zek instalace v\u00e1lce\" \/><\/p>\n<h2>Bezpe\u010dnostn\u00ed aspekty a faktory prost\u0159ed\u00ed<\/h2>\n<p>Bezpe\u010dnostn\u00ed opat\u0159en\u00ed jsou p\u0159i obsluze hydraulick\u00fdch v\u00e1lc\u016f prvo\u0159ad\u00e1. Obsluha mus\u00ed nosit vhodn\u00e9 osobn\u00ed ochrann\u00e9 prost\u0159edky a dodr\u017eovat bezpe\u010dnostn\u00ed protokoly, aby se zm\u00edrnila rizika spojen\u00e1 s hydraulick\u00fdmi poruchami. Zaji\u0161t\u011bn\u00ed spr\u00e1vn\u00e9 \u00fadr\u017eby za\u0159\u00edzen\u00ed sni\u017euje pravd\u011bpodobnost nehod. Krom\u011b toho m\u016f\u017ee pov\u011bdom\u00ed o faktorech prost\u0159ed\u00ed, jako jsou teplotn\u00ed v\u00fdkyvy a vystaven\u00ed nebezpe\u010dn\u00fdm materi\u00e1l\u016fm, ovlivnit v\u00fdkon a \u017eivotnost hydraulick\u00fdch komponent\u016f.<\/p>\n<h2>Odstra\u0148ov\u00e1n\u00ed probl\u00e9m\u016f a b\u011b\u017en\u00e9 probl\u00e9my<\/h2>\n<ul>\n<li><strong>Net\u011bsnosti:<\/strong> K \u00fanik\u016fm hydraulick\u00e9 kapaliny m\u016f\u017ee doch\u00e1zet v d\u016fsledku opot\u0159ebovan\u00fdch t\u011bsn\u011bn\u00ed nebo po\u0161kozen\u00fdch hadic. Pro prevenci dal\u0161\u00edho po\u0161kozen\u00ed je z\u00e1sadn\u00ed v\u010dasn\u00e1 identifikace a v\u00fdm\u011bna vadn\u00fdch sou\u010d\u00e1st\u00ed.<\/li>\n<li><strong>Sn\u00ed\u017een\u00fd v\u00fdkon:<\/strong> Pokud je v\u00e1lec v\u00fdlo\u017en\u00edku pomal\u00fd nebo nereaguje, m\u016f\u017ee to znamenat n\u00edzkou hladinu hydraulick\u00e9 kapaliny nebo ucp\u00e1n\u00ed hydraulick\u00e9ho potrub\u00ed. Kontrola a odstran\u011bn\u00ed t\u011bchto probl\u00e9m\u016f je nezbytn\u00e9.<\/li>\n<li><strong>Hluk:<\/strong> Neobvykl\u00e9 zvuky b\u011bhem provozu mohou nazna\u010dovat vnit\u0159n\u00ed opot\u0159eben\u00ed nebo po\u0161kozen\u00ed. Zji\u0161t\u011bn\u00ed zdroje hluku a jeho okam\u017eit\u00e9 \u0159e\u0161en\u00ed m\u016f\u017ee zabr\u00e1nit katastrofick\u00fdm poruch\u00e1m.<\/li>\n<\/ul>\n<p>Efektivn\u00ed odstra\u0148ov\u00e1n\u00ed probl\u00e9m\u016f zahrnuje systematickou kontrolu v\u0161ech sou\u010d\u00e1st\u00ed hydraulick\u00e9ho syst\u00e9mu. Veden\u00ed podrobn\u00fdch z\u00e1znam\u016f o probl\u00e9mech a oprav\u00e1ch m\u016f\u017ee pomoci identifikovat opakuj\u00edc\u00ed se probl\u00e9my a informovat o budouc\u00edch preventivn\u00edch opat\u0159en\u00edch.<\/p>\n<p><img decoding=\"async\" src=\"https:\/\/www.hydraulic-cylinders.net\/wp-content\/uploads\/2025\/04\/songte-bushings-with-all-kinds-of-excavator-models.webp\" alt=\"Obr\u00e1zek pro \u0159e\u0161en\u00ed probl\u00e9m\u016f\" \/><\/p>\n<h2>P\u0159ehled spole\u010dnosti<\/h2>\n<p>Jsme p\u0159edn\u00edm v\u00fdrobcem n\u00e1hradn\u00edch hydraulick\u00fdch v\u00e1lc\u016f, uzn\u00e1van\u00fdm na dom\u00e1c\u00edm i mezin\u00e1rodn\u00edm trhu pro na\u0161i komplexn\u00ed produktovou \u0159adu. N\u00e1\u0161 z\u00e1vazek k dokonalosti je podpo\u0159en propracovanou v\u00fdrobn\u00ed strategi\u00ed, zam\u011b\u0159enou na vysoce kvalitn\u00ed \u0159\u00edzen\u00ed v\u00fdroby. N\u00e1\u0161 t\u00fdm se skl\u00e1d\u00e1 z technick\u00fdch talent\u016f a vyu\u017e\u00edv\u00e1 pokro\u010dil\u00e9 digit\u00e1ln\u00ed v\u00fdrobn\u00ed za\u0159\u00edzen\u00ed a profesion\u00e1ln\u00ed kontroln\u00ed syst\u00e9my k neust\u00e1l\u00e9mu zlep\u0161ov\u00e1n\u00ed na\u0161\u00ed v\u00fdrobn\u00ed platformy. D\u00edky siln\u00e9mu tv\u016fr\u010d\u00edmu potenci\u00e1lu se dr\u017e\u00edme princip\u016f vysok\u00e9 efektivity, p\u0159esnosti a kvality, abychom splnili rozmanit\u00e9 pot\u0159eby z\u00e1kazn\u00edk\u016f.<\/p>\n<p><img decoding=\"async\" src=\"https:\/\/www.hydraulic-cylinders.net\/wp-content\/uploads\/2025\/04\/songte-company-4.webp\" alt=\"Obr\u00e1zek s p\u0159ehledem spole\u010dnosti\" \/><br \/>\n<img decoding=\"async\" src=\"https:\/\/www.hydraulic-cylinders.net\/wp-content\/uploads\/2025\/04\/songte-company-3.webp\" alt=\"Obr\u00e1zek v\u00fdrobn\u00edho za\u0159\u00edzen\u00ed\" \/><\/p>\n<p>Na\u0161e odhodl\u00e1n\u00ed se t\u00fdk\u00e1 odborn\u00fdch znalost\u00ed, mezin\u00e1rodn\u00edch certifikac\u00ed, slu\u017eeb na m\u00edru, modern\u00edho v\u00fdrobn\u00edho za\u0159\u00edzen\u00ed a v\u00fdjime\u010dn\u00e9 poprodejn\u00ed podpory.<\/p>\n<p>Autor: lyl<\/p>","protected":false},"excerpt":{"rendered":"<p>Boom Cylinder For DER DER323-8ELZM Introduction to Boom Cylinder The boom cylinder, specifically designed for the DER DER323-8ELZM model, is a vital component of hydraulic systems utilized in heavy machinery. This hydraulic cylinder allows for the controlled movement of various attachments, such as buckets, on equipment like excavators, backhoe loaders, and front-end loaders. Its primary [&hellip;]<\/p>","protected":false},"featured_media":17880,"comment_status":"open","ping_status":"closed","template":"","meta":{"_et_pb_use_builder":"","_et_pb_old_content":"","_et_gb_content_width":""},"product_brand":[],"product_cat":[1546],"product_tag":[1547,1496],"class_list":{"0":"post-19420","1":"product","2":"type-product","3":"status-publish","4":"has-post-thumbnail","6":"product_cat-boom-cylinders","7":"product_tag-boom-cylinders","8":"product_tag-hydraulic-cylinders","10":"first","11":"instock","12":"shipping-taxable","13":"product-type-simple"},"amp_enabled":true,"_links":{"self":[{"href":"https:\/\/www.hydraulic-cylinders.net\/cs\/wp-json\/wp\/v2\/product\/19420","targetHints":{"allow":["GET"]}}],"collection":[{"href":"https:\/\/www.hydraulic-cylinders.net\/cs\/wp-json\/wp\/v2\/product"}],"about":[{"href":"https:\/\/www.hydraulic-cylinders.net\/cs\/wp-json\/wp\/v2\/types\/product"}],"replies":[{"embeddable":true,"href":"https:\/\/www.hydraulic-cylinders.net\/cs\/wp-json\/wp\/v2\/comments?post=19420"}],"wp:featuredmedia":[{"embeddable":true,"href":"https:\/\/www.hydraulic-cylinders.net\/cs\/wp-json\/wp\/v2\/media\/17880"}],"wp:attachment":[{"href":"https:\/\/www.hydraulic-cylinders.net\/cs\/wp-json\/wp\/v2\/media?parent=19420"}],"wp:term":[{"taxonomy":"product_brand","embeddable":true,"href":"https:\/\/www.hydraulic-cylinders.net\/cs\/wp-json\/wp\/v2\/product_brand?post=19420"},{"taxonomy":"product_cat","embeddable":true,"href":"https:\/\/www.hydraulic-cylinders.net\/cs\/wp-json\/wp\/v2\/product_cat?post=19420"},{"taxonomy":"product_tag","embeddable":true,"href":"https:\/\/www.hydraulic-cylinders.net\/cs\/wp-json\/wp\/v2\/product_tag?post=19420"}],"curies":[{"name":"wp","href":"https:\/\/api.w.org\/{rel}","templated":true}]}}