{"id":19440,"date":"2025-04-07T06:47:38","date_gmt":"2025-04-07T06:47:38","guid":{"rendered":"https:\/\/www.hydraulic-cylinders.net\/product\/boom-cylinder-for-case-small-excavator-cx75\/"},"modified":"2025-04-07T06:47:41","modified_gmt":"2025-04-07T06:47:41","slug":"boom-cylinder-for-case-small-excavator-cx75","status":"publish","type":"product","link":"https:\/\/www.hydraulic-cylinders.net\/cs\/produkt\/boom-cylinder-for-case-small-excavator-cx75\/","title":{"rendered":"V\u00e1lec v\u00fdlo\u017en\u00edku pro mal\u00e9 rypadlo Case CX75"},"content":{"rendered":"<h1>V\u00e1lec v\u00fdlo\u017en\u00edku pro mal\u00e9 rypadlo Case CX75<\/h1>\n<h2>Pochopen\u00ed v\u00e1lce v\u00fdlo\u017en\u00edku<\/h2>\n<p>V\u00e1lec v\u00fdlo\u017en\u00edku, zn\u00e1m\u00fd tak\u00e9 jako v\u00e1lec l\u017e\u00edce, je kl\u00ed\u010dovou sou\u010d\u00e1st\u00ed hydraulick\u00fdch syst\u00e9m\u016f, speci\u00e1ln\u011b navr\u017een\u00fd pro ovl\u00e1d\u00e1n\u00ed pohybu r\u016fzn\u00fdch p\u0159\u00edslu\u0161enstv\u00ed t\u011b\u017ek\u00fdch stroj\u016f, jako jsou rypadla, bagry a \u010deln\u00ed naklada\u010de. Tento hydraulick\u00fd v\u00e1lec umo\u017e\u0148uje l\u017e\u00edci zvedat, spou\u0161t\u011bt a nakl\u00e1n\u011bt, co\u017e usnad\u0148uje efektivn\u00ed manipulaci s materi\u00e1lem. Hraje kl\u00ed\u010dovou roli v provozu za\u0159\u00edzen\u00ed a umo\u017e\u0148uje p\u0159esn\u00e9 pohyby nezbytn\u00e9 ve stavebnictv\u00ed a dal\u0161\u00edch t\u011b\u017ek\u00fdch aplikac\u00edch.<\/p>\n<p>V\u00e1lec v\u00fdlo\u017en\u00edku je nezbytn\u00fd pro \u00fakoly, jako je kop\u00e1n\u00ed a zved\u00e1n\u00ed, kde p\u0159em\u011b\u0148uje hydraulick\u00fd tlak na mechanickou s\u00edlu. Jeho konstrukce obvykle zahrnuje siln\u00e1 t\u011bsn\u011bn\u00ed a robustn\u00ed materi\u00e1ly, kter\u00e9 odol\u00e1vaj\u00ed zna\u010dn\u00e9mu tlaku a t\u011b\u017ek\u00e9mu zat\u00ed\u017een\u00ed. \u00da\u010dinnost v\u00e1lce v\u00fdlo\u017en\u00edku p\u0159\u00edmo ovliv\u0148uje \u00fa\u010dinnost a schopnost stroj\u016f, kter\u00e9 nese.<\/p>\n<p><img decoding=\"async\" src=\"https:\/\/www.hydraulic-cylinders.net\/wp-content\/uploads\/2025\/04\/songte-company-1.webp\" alt=\"V\u00e1lec v\u00fdlo\u017en\u00edku\"><\/p>\n<h2>Kl\u00ed\u010dov\u00e9 vlastnosti v\u00e1lce v\u00fdlo\u017en\u00edku<\/h2>\n<ul>\n<li><strong>Vysok\u00e1 pevnost a trvanlivost:<\/strong> Na\u0161e v\u00e1lce v\u00fdlo\u017en\u00edku jsou vyrobeny z vysokopevnostn\u00ed oceli nebo hlin\u00edku a odol\u00e1vaj\u00ed vysok\u00e9mu tlaku a velk\u00e9mu zat\u00ed\u017een\u00ed, tak\u017ee jsou vhodn\u00e9 do n\u00e1ro\u010dn\u00fdch pracovn\u00edch prost\u0159ed\u00ed.<\/li>\n<li><strong>Efektivn\u00ed hydraulick\u00fd provoz:<\/strong> V\u00e1lec v\u00fdlo\u017en\u00edku s vyu\u017eit\u00edm hydraulick\u00e9ho tlaku oleje zaji\u0161\u0165uje plynul\u00e9 pohyby vysouv\u00e1n\u00ed a zasouv\u00e1n\u00ed a je schopen rychle reagovat na povely obsluhy.<\/li>\n<li><strong>R\u016fzn\u00e9 typy:<\/strong> K dispozici v jedno\u010dinn\u00e9m (funguje v jednom sm\u011bru) nebo dvoj\u010dinn\u00e9m (funguje v obou sm\u011brech) proveden\u00ed, kter\u00e9 vyhovuj\u00ed r\u016fzn\u00fdm provozn\u00edm pot\u0159eb\u00e1m, p\u0159i\u010dem\u017e n\u011bkter\u00e9 modely jsou navr\u017eeny jako teleskopick\u00e9 pro del\u0161\u00ed dosah.<\/li>\n<li><strong>Snadn\u00e1 \u00fadr\u017eba:<\/strong> Na\u0161e v\u00e1lce jsou navr\u017eeny pro snadn\u00fd p\u0159\u00edstup ke komponent\u016fm pro opravy a \u00fadr\u017ebu, co\u017e zaji\u0161\u0165uje dlouhou \u017eivotnost a spolehlivost.<\/li>\n<li><strong>Kompatibilita:<\/strong> Tyto v\u00e1lce v\u00fdlo\u017en\u00edku mohou dokonale nahradit st\u00e1vaj\u00edc\u00ed hydraulick\u00e9 v\u00e1lce v r\u016fzn\u00fdch modelech stroj\u016f a zajistit tak u\u017eivatel\u016fm bezprobl\u00e9mov\u00fd p\u0159echod.<\/li>\n<\/ul>\n<p><img decoding=\"async\" src=\"https:\/\/www.hydraulic-cylinders.net\/wp-content\/uploads\/2025\/04\/songte-cylinder-head-with-all-kinds-excavator-models.webp\" alt=\"Kompatibilita v\u00e1lc\u016f v\u00fdlo\u017en\u00edku\"><\/p>\n<h2>Aplikace v\u00e1lce v\u00fdlo\u017en\u00edku<\/h2>\n<h3>Stavebn\u00ed stroje<\/h3>\n<p>U bagr\u016f jsou v\u00e1lce v\u00fdlo\u017en\u00edku kl\u00ed\u010dov\u00e9 pro kop\u00e1n\u00ed, nakl\u00e1d\u00e1n\u00ed a p\u0159esouv\u00e1n\u00ed zeminy nebo suti. Umo\u017e\u0148uj\u00ed l\u017e\u00edci efektivn\u011b pronikat do zem\u011b, co\u017e usnad\u0148uje pr\u00e1ci na staveni\u0161t\u00edch, kde se \u010dasto prov\u00e1d\u011bj\u00ed zemn\u00ed pr\u00e1ce. Schopnost ovl\u00e1dat v\u00fd\u0161ku a \u00fahel v\u00fdlo\u017en\u00edku je nezbytn\u00e1 pro p\u0159esnost v\u00fdkopov\u00fdch prac\u00ed, co\u017e \u010din\u00ed tyto v\u00e1lce nepostradateln\u00fdmi v modern\u00edch stavebn\u00edch projektech.<\/p>\n<h3>Zem\u011bd\u011blsk\u00e9 stroje<\/h3>\n<p>\u010celn\u00ed naklada\u010de vybaven\u00e9 v\u00e1lci v\u00fdlo\u017en\u00edku se pou\u017e\u00edvaj\u00ed k nab\u00edr\u00e1n\u00ed, zved\u00e1n\u00ed a p\u0159eprav\u011b p\u016fdy, sena a dal\u0161\u00edch materi\u00e1l\u016f. Tyto v\u00e1lce umo\u017e\u0148uj\u00ed zem\u011bd\u011blc\u016fm snadno p\u0159emis\u0165ovat velk\u00e9 mno\u017estv\u00ed materi\u00e1lu, co\u017e zvy\u0161uje produktivitu a efektivitu zem\u011bd\u011blsk\u00fdch operac\u00ed. Flexibilita pohybu umo\u017e\u0148uje prov\u00e1d\u011bt r\u016fzn\u00e9 \u00fakoly, od nakl\u00e1d\u00e1n\u00ed n\u00e1kladn\u00edch vozidel a\u017e po p\u0159\u00edpravu pol\u00ed k set\u00ed.<\/p>\n<h3>Bagry<\/h3>\n<p>U rypadel hraje v\u00e1lec v\u00fdlo\u017en\u00edku z\u00e1sadn\u00ed roli v procesu kop\u00e1n\u00ed. Umo\u017e\u0148uje l\u017e\u00edci efektivn\u011b pronikat do p\u016fdy, co\u017e usnad\u0148uje v\u00fdkop materi\u00e1l\u016f. Hydraulick\u00fd v\u00fdkon poskytovan\u00fd v\u00e1lcem v\u00fdlo\u017en\u00edku zaji\u0161\u0165uje, \u017ee rypadlo zvl\u00e1dne n\u00e1ro\u010dn\u00e9 kopac\u00ed \u00fakoly s minim\u00e1ln\u00edm \u00fasil\u00edm.<\/p>\n<h3>Naklada\u010de<\/h3>\n<p>U \u010deln\u00edch naklada\u010d\u016f pom\u00e1haj\u00ed v\u00e1lce v\u00fdlo\u017en\u00edku efektivn\u011b zvedat a vykl\u00e1dat b\u0159emena. P\u0159esn\u00e9 ovl\u00e1d\u00e1n\u00ed, kter\u00e9 tyto v\u00e1lce poskytuj\u00ed, umo\u017e\u0148uje obsluze opatrn\u011b manipulovat s materi\u00e1lem, p\u0159edch\u00e1zet rozsyp\u00e1n\u00ed a zajistit, aby byl n\u00e1klad um\u00edst\u011bn p\u0159esn\u011b tam, kde je pot\u0159eba. Tato efektivita je kl\u00ed\u010dov\u00e1 jak ve stavebnictv\u00ed, tak p\u0159i manipulaci s materi\u00e1lem.<\/p>\n<h2>Konstruk\u010dn\u00ed aspekty a krit\u00e9ria v\u00fdb\u011bru<\/h2>\n<h3>Nosnost<\/h3>\n<p>P\u0159i v\u00fdb\u011bru v\u00e1lce v\u00fdlo\u017en\u00edku je nezbytn\u00e9 zv\u00e1\u017eit jeho nosnost. V\u00e1lec mus\u00ed b\u00fdt schopen zvl\u00e1dnout maxim\u00e1ln\u00ed hmotnost, s n\u00ed\u017e se setk\u00e1 b\u011bhem provozu. To zaji\u0161\u0165uje bezpe\u010dnost a efektivitu a zabra\u0148uje potenci\u00e1ln\u00edm poruch\u00e1m za\u0159\u00edzen\u00ed, ke kter\u00fdm by mohlo doj\u00edt v d\u016fsledku p\u0159et\u00ed\u017een\u00ed.<\/p>\n<h3>Technologie t\u011bsn\u011bn\u00ed<\/h3>\n<p>\u00da\u010dinn\u00e9 t\u011bsn\u011bn\u00ed je u hydraulick\u00fdch v\u00e1lc\u016f kl\u00ed\u010dov\u00e9, proto\u017ee zabra\u0148uje \u00fanik\u016fm kapaliny, kter\u00e9 mohou sn\u00ed\u017eit v\u00fdkon a tlak. V\u00fdb\u011br t\u011bsn\u011bn\u00ed, v\u010detn\u011b t\u011bsn\u011bn\u00ed p\u00edst\u016f a t\u011bsn\u011bn\u00ed p\u00edstnic, ur\u010duje \u017eivotnost a \u00fa\u010dinnost v\u00e1lce. Vysoce kvalitn\u00ed t\u011bsn\u011bn\u00ed vyroben\u00e1 z materi\u00e1l\u016f, jako je polyuretan nebo nitril, jsou nezbytn\u00e1 pro trvanlivost a odolnost proti opot\u0159eben\u00ed.<\/p>\n<h3>Trvanlivost<\/h3>\n<p>Materi\u00e1ly pou\u017eit\u00e9 p\u0159i konstrukci v\u00e1lce v\u00fdlo\u017en\u00edku mus\u00ed b\u00fdt dostate\u010dn\u011b odoln\u00e9, aby vydr\u017eely n\u00e1ro\u010dn\u00e9 provozn\u00ed podm\u00ednky. V\u00e1lec, kter\u00fd odol\u00e1 korozi, od\u011bru a n\u00e1raz\u016fm, bude m\u00edt del\u0161\u00ed \u017eivotnost, co\u017e sn\u00ed\u017e\u00ed n\u00e1klady na \u00fadr\u017ebu a prostoje.<\/p>\n<h3>Bezpe\u010dnostn\u00ed prvky<\/h3>\n<p>Bezpe\u010dnost je p\u0159i pr\u00e1ci s hydraulick\u00fdmi syst\u00e9my prvo\u0159ad\u00e1. V\u00e1lce v\u00fdlo\u017en\u00edku by m\u011bly b\u00fdt vybaveny prvky, kter\u00e9 zabra\u0148uj\u00ed p\u0159etlaku, jako jsou nap\u0159\u00edklad p\u0159etlakov\u00e9 ventily. Tyto bezpe\u010dnostn\u00ed mechanismy chr\u00e1n\u00ed obsluhu a za\u0159\u00edzen\u00ed p\u0159ed potenci\u00e1ln\u00edmi nebezpe\u010d\u00edmi b\u011bhem provozu.<\/p>\n<h3>P\u0159\u00edstupnost \u00fadr\u017eby<\/h3>\n<p>Navrhov\u00e1n\u00ed s ohledem na \u00fadr\u017ebu je kl\u00ed\u010dov\u00e9 pro zaji\u0161t\u011bn\u00ed snadn\u00e9 \u00fadr\u017eby v\u00e1lc\u016f. Prvky, jako jsou odn\u00edmateln\u00e9 koncov\u00e9 krytky a snadno p\u0159\u00edstupn\u00e9 mazac\u00ed body, mohou v\u00fdrazn\u011b zkr\u00e1tit dobu a n\u00e1klady na \u00fadr\u017ebu a udr\u017eet stroje v provozu po del\u0161\u00ed dobu.<\/p>\n<p><img decoding=\"async\" src=\"https:\/\/www.hydraulic-cylinders.net\/wp-content\/uploads\/2025\/04\/songte-oil-pipes-and-spare-parts.webp\" alt=\"D\u00edly pro \u00fadr\u017ebu hydraulick\u00fdch v\u00e1lc\u016f\"><\/p>\n<h2>T\u011bsn\u011bn\u00ed a maz\u00e1n\u00ed<\/h2>\n<p>\u00da\u010dinn\u00e9 t\u011bsn\u011bn\u00ed a maz\u00e1n\u00ed jsou z\u00e1sadn\u00ed pro v\u00fdkon v\u00e1lc\u016f v\u00fdlo\u017en\u00edku. R\u016fzn\u00e1 t\u011bsn\u011bn\u00ed, v\u010detn\u011b t\u011bsn\u011bn\u00ed p\u00edst\u016f a t\u011bsn\u011bn\u00ed p\u00edstnic, jsou nezbytn\u00e1 pro prevenci \u00faniku hydraulick\u00e9 kapaliny. Pou\u017eit\u00ed odoln\u00fdch materi\u00e1l\u016f, jako je polyuretan a nitrilov\u00e1 pry\u017e, pro t\u011bsn\u011bn\u00ed zvy\u0161uje jejich odolnost proti opot\u0159eben\u00ed, co\u017e p\u0159isp\u00edv\u00e1 k dlouh\u00e9 \u017eivotnosti v\u00e1lce. T\u011bleso v\u00e1lce a z\u00e1vitov\u00e9 koncov\u00e9 plochy proch\u00e1zej\u00ed p\u0159esn\u00fdm obr\u00e1b\u011bn\u00edm pro zlep\u0161en\u00ed odolnosti proti opot\u0159eben\u00ed a zaji\u0161t\u011bn\u00ed optim\u00e1ln\u00edho v\u00fdkonu.<\/p>\n<p>Pravideln\u00e9 maz\u00e1n\u00ed je nezbytn\u00e9 pro udr\u017een\u00ed plynul\u00e9ho provozu. Hydraulick\u00fd olej by m\u011bl b\u00fdt pravideln\u011b dopl\u0148ov\u00e1n, aby se zajistilo dostate\u010dn\u00e9 maz\u00e1n\u00ed v\u0161ech pohybliv\u00fdch \u010d\u00e1st\u00ed, \u010d\u00edm\u017e se sn\u00ed\u017e\u00ed t\u0159en\u00ed a opot\u0159eben\u00ed. Spr\u00e1vn\u00e9 maz\u00e1n\u00ed tak\u00e9 pom\u00e1h\u00e1 s odvodem tepla, udr\u017eov\u00e1n\u00edm optim\u00e1ln\u00edch provozn\u00edch teplot a zabra\u0148uje p\u0159eh\u0159\u00e1t\u00ed.<\/p>\n<h2>Pravideln\u00e1 \u00fadr\u017eba a preventivn\u00ed opat\u0159en\u00ed<\/h2>\n<ul>\n<li><strong>Pravideln\u00e9 kontroly:<\/strong> Prov\u00e1d\u011bn\u00ed \u010dast\u00fdch kontrol m\u016f\u017ee pomoci identifikovat opot\u0159eben\u00ed a potenci\u00e1ln\u00ed selh\u00e1n\u00ed d\u0159\u00edve, ne\u017e se stanou z\u00e1va\u017en\u00fdmi probl\u00e9my. Hledejte zn\u00e1mky net\u011bsnost\u00ed, koroze nebo neobvykl\u00fdch vzorc\u016f opot\u0159eben\u00ed t\u011bsn\u011bn\u00ed a p\u00edstnic.<\/li>\n<li><strong>Vhodn\u00e9 maz\u00e1n\u00ed:<\/strong> Zajist\u011bte pravideln\u00e9 maz\u00e1n\u00ed v\u00e1lce vhodn\u00fdm hydraulick\u00fdm olejem. Nadm\u011brn\u00e9 maz\u00e1n\u00ed m\u016f\u017ee zp\u016fsobit n\u00e1r\u016fst tlaku, zat\u00edmco nedostate\u010dn\u00e9 maz\u00e1n\u00ed m\u016f\u017ee v\u00e9st ke zv\u00fd\u0161en\u00e9mu opot\u0159eben\u00ed a poru\u0161e.<\/li>\n<li><strong>V\u00fdm\u011bna t\u011bsn\u011bn\u00ed:<\/strong> T\u011bsn\u011bn\u00ed by m\u011bla b\u00fdt vym\u011bn\u011bna p\u0159i prvn\u00edm n\u00e1znaku opot\u0159eben\u00ed. Pou\u017eit\u00ed vysoce kvalitn\u00edch n\u00e1hradn\u00edch t\u011bsn\u011bn\u00ed m\u016f\u017ee zabr\u00e1nit net\u011bsnostem a udr\u017eet hydraulick\u00fd tlak.<\/li>\n<\/ul>\n<h2>Pokyny k instalaci<\/h2>\n<p>Spr\u00e1vn\u00e1 instalace v\u00e1lce v\u00fdlo\u017en\u00edku je kl\u00ed\u010dov\u00e1 pro jeho v\u00fdkon a dlouhou \u017eivotnost. Zde jsou kl\u00ed\u010dov\u00e9 kroky, kter\u00e9 je t\u0159eba dodr\u017eet:<\/p>\n<ol>\n<li><strong>P\u0159\u00edprava:<\/strong> Ujist\u011bte se, \u017ee pracovn\u00ed prostor je \u010dist\u00fd a bez ne\u010distot. Zkontrolujte, zda jsou v\u0161echny sou\u010d\u00e1sti kompatibiln\u00ed a v dobr\u00e9m stavu.<\/li>\n<li><strong>Zarovn\u00e1n\u00ed:<\/strong> Spr\u00e1vn\u011b vyrovnejte v\u00e1lec s mont\u00e1\u017en\u00edmi body na stroji. Nespr\u00e1vn\u00e9 vyrovn\u00e1n\u00ed m\u016f\u017ee v\u00e9st k p\u0159ed\u010dasn\u00e9mu opot\u0159eben\u00ed a poru\u0161e.<\/li>\n<li><strong>Mont\u00e1\u017e:<\/strong> K upevn\u011bn\u00ed v\u00e1lce pou\u017eijte vhodn\u00e9 mont\u00e1\u017en\u00ed konzoly. Ujist\u011bte se, \u017ee \u0161rouby jsou uta\u017eeny podle specifikac\u00ed v\u00fdrobce, aby se zabr\u00e1nilo jejich uvoln\u011bn\u00ed b\u011bhem provozu.<\/li>\n<li><strong>Testov\u00e1n\u00ed:<\/strong> Po instalaci prove\u010fte funk\u010dn\u00ed zkou\u0161ku, abyste se ujistili, \u017ee v\u00e1lec funguje hladce a efektivn\u011b.<\/li>\n<\/ol>\n<h2>B\u011b\u017en\u00e9 \u00fakoly \u00fadr\u017eby<\/h2>\n<h3>Pravideln\u00e9 kontroly<\/h3>\n<p>Pravideln\u00e9 kontroly v\u00e1lce v\u00fdlo\u017en\u00edku jsou nezbytn\u00e9 pro v\u010dasnou identifikaci jak\u00fdchkoli zn\u00e1mek opot\u0159eben\u00ed nebo po\u0161kozen\u00ed. Hledejte jak\u00e9koli viditeln\u00e9 net\u011bsnosti, neobvykl\u00e9 zvuky b\u011bhem provozu a ujist\u011bte se, \u017ee jsou v\u0161echna p\u0159ipojen\u00ed bezpe\u010dn\u00e1. Stanovte si pl\u00e1n pravideln\u00fdch kontrol, abyste udr\u017eeli optim\u00e1ln\u00ed v\u00fdkon a p\u0159ede\u0161li neo\u010dek\u00e1van\u00fdm poruch\u00e1m.<\/p>\n<h3>Spr\u00e1vn\u00e9 maz\u00e1n\u00ed<\/h3>\n<p>Udr\u017eov\u00e1n\u00ed spr\u00e1vn\u00e9 hladiny maz\u00e1n\u00ed je z\u00e1sadn\u00ed pro \u00fa\u010dinnost hydraulick\u00e9ho syst\u00e9mu. Pravideln\u011b kontrolujte hladinu hydraulick\u00e9ho oleje a zajist\u011bte, aby byl pou\u017eit spr\u00e1vn\u00fd typ oleje, aby se zabr\u00e1nilo opot\u0159eben\u00ed t\u011bsn\u011bn\u00ed a pohybliv\u00fdch \u010d\u00e1st\u00ed. Efektivn\u00ed mazac\u00ed pl\u00e1n v\u00fdrazn\u011b sn\u00ed\u017e\u00ed riziko poruchy a prodlou\u017e\u00ed \u017eivotnost v\u00e1lce.<\/p>\n<h3>V\u00fdm\u011bna t\u011bsn\u011bn\u00ed a kontroly kalibrace<\/h3>\n<p>T\u011bsn\u011bn\u00ed by m\u011bla b\u00fdt \u010dasto kontrolov\u00e1na, zda nevykazuj\u00ed zn\u00e1mky opot\u0159eben\u00ed, a v p\u0159\u00edpad\u011b pot\u0159eby by m\u011bla b\u00fdt vym\u011b\u0148ov\u00e1na, aby se zachovala hydraulick\u00e1 integrita. Kalibra\u010dn\u00ed kontroly by m\u011bly b\u00fdt prov\u00e1d\u011bny, aby se zajistilo, \u017ee v\u00e1lec pracuje ve spr\u00e1vn\u00e9m rozsahu tlaku. Spr\u00e1vn\u011b kalibrovan\u00e9 v\u00e1lce zvy\u0161uj\u00ed v\u00fdkon a zabra\u0148uj\u00ed provozn\u00edm rizik\u016fm.<\/p>\n<h2>Bezpe\u010dnostn\u00ed aspekty a faktory prost\u0159ed\u00ed<\/h2>\n<p>Pokud jde o pou\u017e\u00edv\u00e1n\u00ed hydraulick\u00fdch v\u00e1lc\u016f, jsou bezpe\u010dnostn\u00ed opat\u0159en\u00ed z\u00e1sadn\u00ed. Obsluha by m\u011bla b\u00fdt v\u017edy pro\u0161kolena v bezpe\u010dn\u00e9m provozu stroj\u016f vybaven\u00fdch hydraulick\u00fdmi syst\u00e9my. To zahrnuje pochopen\u00ed rizik spojen\u00fdch s vysokotlak\u00fdmi syst\u00e9my a dodr\u017eov\u00e1n\u00ed spr\u00e1vn\u00fdch bezpe\u010dnostn\u00edch protokol\u016f, jako je no\u0161en\u00ed ochrann\u00fdch pom\u016fcek a zaji\u0161t\u011bn\u00ed toho, aby se v pracovn\u00ed oblasti nenach\u00e1zely \u017e\u00e1dn\u00e9 p\u0159ihl\u00ed\u017eej\u00edc\u00ed osoby. Krom\u011b toho je z\u00e1sadn\u00ed zohlednit dopad na \u017eivotn\u00ed prost\u0159ed\u00ed; pou\u017e\u00edv\u00e1n\u00ed ekologicky \u0161etrn\u00fdch hydraulick\u00fdch kapalin m\u016f\u017ee minimalizovat rizika spojen\u00e1 s rozlit\u00edm a \u00faniky.<\/p>\n<h2>\u0158e\u0161en\u00ed b\u011b\u017en\u00fdch probl\u00e9m\u016f<\/h2>\n<ul>\n<li><strong>Ztr\u00e1ta tlaku:<\/strong> To m\u016f\u017ee b\u00fdt zp\u016fsobeno net\u011bsnostmi v hydraulick\u00e9m syst\u00e9mu, vzduchem v potrub\u00ed nebo vadn\u00fdmi t\u011bsn\u011bn\u00edmi. Zkontrolujte viditeln\u00e9 net\u011bsnosti a ujist\u011bte se, \u017ee je hladina kapaliny na spr\u00e1vn\u00e9 \u00farovni.<\/li>\n<li><strong>Pomal\u00fd pohyb:<\/strong> Pokud v\u00e1lec reaguje pomalu, m\u016f\u017ee to znamenat pot\u0159ebu maz\u00e1n\u00ed nebo zne\u010di\u0161t\u011bn\u00ed hydraulick\u00e9 kapaliny. Kapalinu zkontrolujte a v p\u0159\u00edpad\u011b pot\u0159eby vym\u011b\u0148te.<\/li>\n<li><strong>Neobvykl\u00e9 zvuky:<\/strong> Sk\u0159\u00edpav\u00e9 nebo cinkav\u00e9 zvuky mohou signalizovat mechanick\u00e9 probl\u00e9my ve v\u00e1lci. Aby se zabr\u00e1nilo dal\u0161\u00edmu po\u0161kozen\u00ed, je nutn\u00e1 okam\u017eit\u00e1 kontrola.<\/li>\n<\/ul>\n<p>Pro \u0159e\u0161en\u00ed t\u011bchto probl\u00e9m\u016f je nezbytn\u00e9 zav\u00e9st preventivn\u00ed opat\u0159en\u00ed, v\u010detn\u011b pravideln\u00fdch kontrol \u00fadr\u017eby, spr\u00e1vn\u00e9ho hospoda\u0159en\u00ed s provozn\u00edmi kapalinami a \u0161kolen\u00ed obsluhy v technik\u00e1ch \u0159e\u0161en\u00ed probl\u00e9m\u016f.<\/p>\n<p><img decoding=\"async\" src=\"https:\/\/www.hydraulic-cylinders.net\/wp-content\/uploads\/2025\/04\/songte-bushings-with-all-kinds-of-excavator-models.webp\" alt=\"\u010cast\u00e9 probl\u00e9my s v\u00e1lci v\u00fdlo\u017en\u00edku\"><\/p>\n<h2>O na\u0161\u00ed spole\u010dnosti<\/h2>\n<p>Jsme p\u0159edn\u00edm v\u00fdrobcem a velkoobchodn\u00edm distributorem n\u00e1hradn\u00edch hydraulick\u00fdch v\u00e1lc\u016f, uzn\u00e1van\u00fdm v tuzemsku i v zahrani\u010d\u00ed. Na\u0161e rozs\u00e1hl\u00e1 produktov\u00e1 \u0159ada n\u00e1s \u0159ad\u00ed mezi p\u0159edn\u00ed v\u00fdrobce na trhu s hydraulick\u00fdmi v\u00e1lci. \u0158\u00edd\u00edme se filozofi\u00ed excelence v kvalit\u011b a spol\u00e9h\u00e1me se na propracovan\u00e9 strategie \u0159\u00edzen\u00ed v\u00fdroby v na\u0161ich nejmodern\u011bj\u0161\u00edch v\u00fdrobn\u00edch z\u00e1vodech.<\/p>\n<p>N\u00e1\u0161 z\u00e1vazek vyu\u017e\u00edvat kvalifikovan\u00fd person\u00e1l, modern\u00ed digit\u00e1ln\u00ed v\u00fdrobn\u00ed za\u0159\u00edzen\u00ed a komplexn\u00ed testovac\u00ed syst\u00e9my n\u00e1m umo\u017e\u0148uje neust\u00e1le zlep\u0161ovat na\u0161e v\u00fdrobn\u00ed kapacity. Up\u0159ednost\u0148ujeme vysokou efektivitu, p\u0159esnost a kvalitu, abychom uspokojili rozmanit\u00e9 pot\u0159eby na\u0161ich z\u00e1kazn\u00edk\u016f.<\/p>\n<p><img decoding=\"async\" src=\"https:\/\/www.hydraulic-cylinders.net\/wp-content\/uploads\/2025\/04\/songte-company-4.webp\" alt=\"Na\u0161e spole\u010dnost\"><br \/>\n<img decoding=\"async\" src=\"https:\/\/www.hydraulic-cylinders.net\/wp-content\/uploads\/2025\/04\/songte-company-3.webp\" alt=\"Na\u0161e v\u00fdrobn\u00ed za\u0159\u00edzen\u00ed\"><\/p>\n<p>Autor: lyl<\/p>","protected":false},"excerpt":{"rendered":"<p>Boom Cylinder For Case Small Excavator CX75 Understanding the Boom Cylinder The boom cylinder, also known as the bucket cylinder, is a vital component in hydraulic systems, specifically designed to control the movement of various heavy machinery attachments like those found on excavators, backhoes, and front loaders. This hydraulic cylinder enables the bucket to lift, [&hellip;]<\/p>","protected":false},"featured_media":17869,"comment_status":"open","ping_status":"closed","template":"","meta":{"_et_pb_use_builder":"","_et_pb_old_content":"","_et_gb_content_width":""},"product_brand":[],"product_cat":[1546],"product_tag":[1547,1496],"class_list":{"0":"post-19440","1":"product","2":"type-product","3":"status-publish","4":"has-post-thumbnail","6":"product_cat-boom-cylinders","7":"product_tag-boom-cylinders","8":"product_tag-hydraulic-cylinders","10":"first","11":"instock","12":"shipping-taxable","13":"product-type-simple"},"amp_enabled":true,"_links":{"self":[{"href":"https:\/\/www.hydraulic-cylinders.net\/cs\/wp-json\/wp\/v2\/product\/19440","targetHints":{"allow":["GET"]}}],"collection":[{"href":"https:\/\/www.hydraulic-cylinders.net\/cs\/wp-json\/wp\/v2\/product"}],"about":[{"href":"https:\/\/www.hydraulic-cylinders.net\/cs\/wp-json\/wp\/v2\/types\/product"}],"replies":[{"embeddable":true,"href":"https:\/\/www.hydraulic-cylinders.net\/cs\/wp-json\/wp\/v2\/comments?post=19440"}],"wp:featuredmedia":[{"embeddable":true,"href":"https:\/\/www.hydraulic-cylinders.net\/cs\/wp-json\/wp\/v2\/media\/17869"}],"wp:attachment":[{"href":"https:\/\/www.hydraulic-cylinders.net\/cs\/wp-json\/wp\/v2\/media?parent=19440"}],"wp:term":[{"taxonomy":"product_brand","embeddable":true,"href":"https:\/\/www.hydraulic-cylinders.net\/cs\/wp-json\/wp\/v2\/product_brand?post=19440"},{"taxonomy":"product_cat","embeddable":true,"href":"https:\/\/www.hydraulic-cylinders.net\/cs\/wp-json\/wp\/v2\/product_cat?post=19440"},{"taxonomy":"product_tag","embeddable":true,"href":"https:\/\/www.hydraulic-cylinders.net\/cs\/wp-json\/wp\/v2\/product_tag?post=19440"}],"curies":[{"name":"wp","href":"https:\/\/api.w.org\/{rel}","templated":true}]}}