{"id":19446,"date":"2025-04-07T06:47:55","date_gmt":"2025-04-07T06:47:55","guid":{"rendered":"https:\/\/www.hydraulic-cylinders.net\/product\/boom-cylinder-for-case-middle-excavator-cx240bhr\/"},"modified":"2025-04-07T06:47:59","modified_gmt":"2025-04-07T06:47:59","slug":"boom-cylinder-for-case-middle-excavator-cx240bhr","status":"publish","type":"product","link":"https:\/\/www.hydraulic-cylinders.net\/cs\/produkt\/boom-cylinder-for-case-middle-excavator-cx240bhr\/","title":{"rendered":"V\u00e1lec v\u00fdlo\u017en\u00edku pro st\u0159edn\u00ed bagr Case CX240BHR"},"content":{"rendered":"<h1>V\u00e1lec v\u00fdlo\u017en\u00edku pro st\u0159edn\u00ed bagr Case CX240BHR<\/h1>\n<h2>\u00davod k v\u00e1lci v\u00fdlo\u017en\u00edku<\/h2>\n<p>Hydraulick\u00fd v\u00e1lec v\u00fdlo\u017en\u00edku je kl\u00ed\u010dovou sou\u010d\u00e1st\u00ed navr\u017eenou speci\u00e1ln\u011b pro rypadlo Case CX240BHR. Tento hydraulick\u00fd v\u00e1lec hraje kl\u00ed\u010dovou roli v \u0159\u00edzen\u00ed pohybu v\u00fdlo\u017en\u00edku rypadla a umo\u017e\u0148uje mu p\u0159esn\u00e9 zved\u00e1n\u00ed, spou\u0161t\u011bn\u00ed a nakl\u00e1p\u011bn\u00ed. Slou\u017e\u00ed jako ned\u00edln\u00e1 sou\u010d\u00e1st hydraulick\u00e9ho syst\u00e9mu, kter\u00e1 umo\u017e\u0148uje efektivn\u00ed v\u00fdkon t\u011b\u017ek\u00fdch stroj\u016f pou\u017e\u00edvan\u00fdch ve stavebnictv\u00ed a zemn\u00edch prac\u00edch.<\/p>\n<p><img decoding=\"async\" src=\"https:\/\/www.hydraulic-cylinders.net\/wp-content\/uploads\/2025\/04\/songte-company-1.webp\" alt=\"Obr\u00e1zek v\u00e1lce v\u00fdlo\u017en\u00edku\" \/><\/p>\n<h3>Definice a p\u0159ehled<\/h3>\n<p>Hydraulick\u00fd v\u00e1lec kope\u010dk\u016f je typ hydraulick\u00e9ho v\u00e1lce ur\u010den\u00e9ho k ovl\u00e1d\u00e1n\u00ed pohybu kope\u010dk\u016f v r\u016fzn\u00fdch t\u011b\u017ek\u00fdch stroj\u00edch, jako jsou bagry, rypadla-naklada\u010de a \u010deln\u00ed naklada\u010de. Jeho prim\u00e1rn\u00ed funkc\u00ed je umo\u017enit zved\u00e1n\u00ed, spou\u0161t\u011bn\u00ed a nakl\u00e1p\u011bn\u00ed kope\u010dku, co\u017e usnad\u0148uje manipulaci s materi\u00e1lem. Tyto v\u00e1lce funguj\u00ed na principu vyu\u017eit\u00ed tlaku hydraulick\u00e9ho oleje k vytvo\u0159en\u00ed pohybu, co\u017e je \u010din\u00ed nepostradateln\u00fdmi pro jakoukoli operaci vy\u017eaduj\u00edc\u00ed zved\u00e1n\u00ed t\u011b\u017ek\u00fdch b\u0159emen nebo p\u0159esn\u00e9 polohov\u00e1n\u00ed.<\/p>\n<h2>Vlastnosti v\u00e1lce v\u00fdlo\u017en\u00edku<\/h2>\n<ul>\n<li><strong>Vysok\u00e1 pevnost a trvanlivost:<\/strong> Obvykle jsou vyrobeny z vysokopevnostn\u00ed oceli nebo hlin\u00edku, co\u017e jim umo\u017e\u0148uje odol\u00e1vat vysok\u00e9mu tlaku a velk\u00e9mu zat\u00ed\u017een\u00ed, a jsou navr\u017eeny pro n\u00e1ro\u010dn\u00e1 pracovn\u00ed prost\u0159ed\u00ed s ohledem na odolnost proti opot\u0159eben\u00ed a korozi pro prodlou\u017een\u00ed \u017eivotnosti.<\/li>\n<li><strong>Efektivn\u00ed hydraulick\u00fd provoz:<\/strong> Vyu\u017e\u00edv\u00e1 hydraulick\u00fd tlak oleje k dosa\u017een\u00ed plynul\u00e9ho vysouv\u00e1n\u00ed a zasouv\u00e1n\u00ed, je schopen rychle reagovat na ovl\u00e1dac\u00ed povely a poskytuje silnou tla\u010dnou a ta\u017enou s\u00edlu vhodnou pro manipulaci s t\u011b\u017ek\u00fdmi p\u0159edm\u011bty a slo\u017eit\u00e9 \u00fakoly.<\/li>\n<li><strong>R\u016fzn\u00e9 typy:<\/strong> K dispozici v jedno\u010dinn\u00e9m (hydraulick\u00e9m v jednom sm\u011bru) nebo dvoj\u010dinn\u00e9m (hydraulick\u00e9m v obou sm\u011brech) proveden\u00ed pro spln\u011bn\u00ed r\u016fzn\u00fdch provozn\u00edch pot\u0159eb. N\u011bkter\u00e9 modely jsou teleskopick\u00e9, co\u017e umo\u017e\u0148uje v\u011bt\u0161\u00ed vysunut\u00ed bez zv\u011bt\u0161en\u00ed vn\u011bj\u0161\u00edch rozm\u011br\u016f, ide\u00e1ln\u00ed pro aplikace s omezen\u00fdm prostorem.<\/li>\n<li><strong>P\u0159izp\u016fsobiteln\u00e9 mo\u017enosti:<\/strong> Navr\u017eeno tak, aby vyhovovalo \u0161irok\u00e9 \u0161k\u00e1le model\u016f bagr\u016f, co\u017e zaji\u0161\u0165uje kompatibilitu a v\u00fdkon, p\u0159izp\u016fsoben\u00e9 specifick\u00fdm po\u017eadavk\u016fm projektu a preferenc\u00edm u\u017eivatele.<\/li>\n<li><strong>Snadn\u00e1 \u00fadr\u017eba:<\/strong> Navr\u017eeno pro snadnou \u00fadr\u017ebu a servis, co\u017e umo\u017e\u0148uje rychl\u00e9 opravy a v\u00fdm\u011bny, minimalizuje prostoje a zaji\u0161\u0165uje dlouhou \u017eivotnost.<\/li>\n<\/ul>\n<p>Na\u0161e produkty dok\u00e1\u017e\u00ed tyto hydraulick\u00e9 v\u00e1lce dokonale nahradit a zajist\u00ed tak optim\u00e1ln\u00ed v\u00fdkon a spolehlivost.<\/p>\n<p><img decoding=\"async\" src=\"https:\/\/www.hydraulic-cylinders.net\/wp-content\/uploads\/2025\/04\/songte-cylinder-head-with-all-kinds-excavator-models.webp\" alt=\"Modely bagr\u016f\" \/><\/p>\n<h2>Aplikace v\u00e1lce v\u00fdlo\u017en\u00edku<\/h2>\n<h3>Stavebn\u00ed stroje<\/h3>\n<p>U bagr\u016f je v\u00e1lec v\u00fdlo\u017en\u00edku kl\u00ed\u010dov\u00fd pro kop\u00e1n\u00ed, nakl\u00e1d\u00e1n\u00ed a p\u0159esouv\u00e1n\u00ed zeminy nebo suti. Umo\u017e\u0148uje zna\u010dnou zvedac\u00ed s\u00edlu, kter\u00e1 je nezbytn\u00e1 pro stavebn\u00ed \u00fakoly vy\u017eaduj\u00edc\u00ed p\u0159esn\u00e9 v\u00fdkopov\u00e9 pr\u00e1ce a manipulaci s materi\u00e1lem. \u00da\u010dinnost t\u011bchto v\u00e1lc\u016f zaji\u0161\u0165uje, \u017ee projekty mohou b\u00fdt dokon\u010deny v\u010das a v r\u00e1mci rozpo\u010dtu.<\/p>\n<h3>Zem\u011bd\u011blsk\u00e9 stroje<\/h3>\n<p>\u010celn\u00ed naklada\u010de vyu\u017e\u00edvaj\u00ed v\u00e1lce v\u00fdlo\u017en\u00edku k nab\u00edr\u00e1n\u00ed, zved\u00e1n\u00ed a p\u0159eprav\u011b zeminy, sena a dal\u0161\u00edch materi\u00e1l\u016f. Hydraulick\u00fd mechanismus poskytuje pot\u0159ebnou s\u00edlu k efektivn\u00edmu prov\u00e1d\u011bn\u00ed t\u011bchto \u00fakol\u016f, co\u017e z nich \u010din\u00ed nepostradateln\u00fd n\u00e1stroj v zem\u011bd\u011blsk\u00fdch operac\u00edch, kde je \u010das a produktivita kritick\u00e1.<\/p>\n<h3>V\u00fdkopov\u00e9 operace<\/h3>\n<p>P\u0159i v\u00fdkopov\u00fdch prac\u00edch umo\u017e\u0148uje v\u00e1lec l\u017e\u00edce proniknout do zem\u011b, co\u017e usnad\u0148uje kop\u00e1n\u00ed. Tento pohyb je z\u00e1sadn\u00ed pro stavebnictv\u00ed, ter\u00e9nn\u00ed \u00fapravy a r\u016fzn\u00e9 zemn\u00ed pr\u00e1ce, kter\u00e9 vy\u017eaduj\u00ed hloubku a p\u0159esnost.<\/p>\n<h3>Funkce zavad\u011b\u010de<\/h3>\n<p>U \u010deln\u00edch naklada\u010d\u016f pom\u00e1haj\u00ed v\u00e1lce v\u00fdlo\u017en\u00edku efektivn\u011b zvedat a vykl\u00e1p\u011bt b\u0159emena. Tento mechanismus zaji\u0161\u0165uje efektivn\u00ed p\u0159epravu materi\u00e1lu z jednoho m\u00edsta na druh\u00e9, co\u017e zvy\u0161uje produktivitu na pracovi\u0161t\u00edch, kde doch\u00e1z\u00ed k \u010dast\u00e9mu p\u0159esunu materi\u00e1lu.<\/p>\n<h2>Konstruk\u010dn\u00ed aspekty a krit\u00e9ria v\u00fdb\u011bru<\/h2>\n<h3>Nosnost<\/h3>\n<p>P\u0159i v\u00fdb\u011bru v\u00e1lce v\u00fdlo\u017en\u00edku je prvo\u0159ad\u00e9 pochopen\u00ed jeho nosnosti. V\u00e1lec mus\u00ed b\u00fdt schopen zvl\u00e1dnout maxim\u00e1ln\u00ed hmotnost, s n\u00ed\u017e se setk\u00e1 b\u011bhem provozu. To vy\u017eaduje d\u016fkladn\u00e9 posouzen\u00ed po\u017eadavk\u016f stroje a typ\u016f manipulovan\u00fdch materi\u00e1l\u016f. Dob\u0159e navr\u017een\u00fd v\u00e1lec poskytne pot\u0159ebnou pevnost bez kompromis\u016f v oblasti bezpe\u010dnosti.<\/p>\n<h3>T\u011bsnic\u00ed mechanismy<\/h3>\n<p>\u00da\u010dinn\u00e9 t\u011bsn\u011bn\u00ed je z\u00e1sadn\u00ed pro v\u00fdkon a dlouhou \u017eivotnost hydraulick\u00fdch v\u00e1lc\u016f. Vysoce kvalitn\u00ed t\u011bsn\u011bn\u00ed zabra\u0148uje \u00faniku hydraulick\u00e9 kapaliny, \u010d\u00edm\u017e zaji\u0161\u0165uje efektivn\u00ed provoz a sni\u017euje n\u00e1klady na \u00fadr\u017ebu. Volba t\u011bsnic\u00edch materi\u00e1l\u016f, jako je polyuretan nebo nitrilov\u00e1 pry\u017e, m\u016f\u017ee v\u00fdrazn\u011b ovlivnit spolehlivost a funk\u010dnost v\u00e1lce.<\/p>\n<h3>Trvanlivost a dlouh\u00e1 \u017eivotnost<\/h3>\n<p>Trvanlivost v\u00e1lce v\u00fdlo\u017en\u00edku je ovlivn\u011bna materi\u00e1ly pou\u017eit\u00fdmi p\u0159i jeho konstrukci a pou\u017eit\u00fdmi v\u00fdrobn\u00edmi procesy. Vysokopevnostn\u00ed oceli a pokro\u010dil\u00e9 povlaky mohou zv\u00fd\u0161it odolnost proti opot\u0159eben\u00ed a korozi, \u010d\u00edm\u017e se prodlu\u017euje \u017eivotnost v\u00e1lce a sni\u017euje se \u010detnost v\u00fdm\u011bn.<\/p>\n<h3>Bezpe\u010dnostn\u00ed prvky<\/h3>\n<p>Bezpe\u010dnost je p\u0159i konstrukci hydraulick\u00fdch v\u00e1lc\u016f kl\u00ed\u010dov\u00fdm hlediskem. Prvky, jako jsou p\u0159etlakov\u00e9 ventily, mohou zabr\u00e1nit p\u0159et\u00ed\u017een\u00ed, zat\u00edmco zes\u00edlen\u00e9 konstrukce zvy\u0161uj\u00ed celkovou bezpe\u010dnost p\u0159i provozu t\u011b\u017ek\u00fdch stroj\u016f. V\u00fdb\u011br v\u00e1lce s odpov\u00eddaj\u00edc\u00edmi bezpe\u010dnostn\u00edmi opat\u0159en\u00edmi je z\u00e1sadn\u00ed pro ochranu obsluhy i za\u0159\u00edzen\u00ed.<\/p>\n<h3>Udr\u017eovatelnost<\/h3>\n<p>Snadn\u00e1 \u00fadr\u017eba je dal\u0161\u00edm z\u00e1sadn\u00edm faktorem p\u0159i konstrukci v\u00e1lc\u016f v\u00fdlo\u017en\u00edku. Prvky, kter\u00e9 umo\u017e\u0148uj\u00ed rychl\u00fd p\u0159\u00edstup k vnit\u0159n\u00edm komponent\u016fm, jako jsou odn\u00edmateln\u00e9 koncov\u00e9 krytky a standardizovan\u00e9 d\u00edly, usnad\u0148uj\u00ed b\u011b\u017en\u00e9 kontroly a opravy, minimalizuj\u00ed prostoje a zaji\u0161\u0165uj\u00ed nep\u0159etr\u017eit\u00fd provoz.<\/p>\n<p><img decoding=\"async\" src=\"https:\/\/www.hydraulic-cylinders.net\/wp-content\/uploads\/2025\/04\/songte-oil-pipes-and-spare-parts.webp\" alt=\"Olejov\u00e9 trubky a n\u00e1hradn\u00ed d\u00edly\" \/><\/p>\n<h2>T\u011bsn\u011bn\u00ed a maz\u00e1n\u00ed<\/h2>\n<p>D\u016fle\u017eitost t\u011bsn\u011bn\u00ed a maz\u00e1n\u00ed v hydraulick\u00fdch v\u00e1lc\u00edch nelze p\u0159ece\u0148ovat. Pou\u017eit\u00ed r\u016fzn\u00fdch t\u011bsnic\u00edch prvk\u016f, jako jsou t\u011bsn\u011bn\u00ed p\u00edst\u016f a p\u00edstnic, zaji\u0161\u0165uje, \u017ee hydraulick\u00e1 kapalina z\u016fst\u00e1v\u00e1 uvnit\u0159 v\u00e1lce. Tato t\u011bsn\u011bn\u00ed jsou \u010dasto vyrobena z materi\u00e1l\u016f odoln\u00fdch proti opot\u0159eben\u00ed, jako je polyuretan a nitrilov\u00e1 pry\u017e, kter\u00e9 odol\u00e1vaj\u00ed n\u00e1ro\u010dn\u00fdm provozn\u00edm podm\u00ednk\u00e1m. T\u011bleso v\u00e1lce a z\u00e1vitov\u00e9 konce jsou nav\u00edc jemn\u011b opracov\u00e1ny pro zv\u00fd\u0161en\u00ed odolnosti.<\/p>\n<p>Pravideln\u00e9 maz\u00e1n\u00ed je nezbytn\u00e9 pro udr\u017een\u00ed funk\u010dnosti v\u00e1lce. Pro sn\u00ed\u017een\u00ed t\u0159en\u00ed a opot\u0159eben\u00ed pohybliv\u00fdch sou\u010d\u00e1st\u00ed je nutn\u00e9 dod\u00e1vat dostate\u010dn\u00e9 mno\u017estv\u00ed hydraulick\u00e9ho oleje. Pl\u00e1novan\u00e1 \u00fadr\u017eba, kter\u00e1 zahrnuje kontrolu hladiny oleje a v\u00fdm\u011bnu maziv, v\u00fdznamn\u011b p\u0159isp\u011bje k \u017eivotnosti v\u00e1lce v\u00fdlo\u017en\u00edku.<\/p>\n<h2>Preventivn\u00ed \u00fadr\u017ebov\u00e1 opat\u0159en\u00ed<\/h2>\n<ul>\n<li><strong>Pravideln\u00e9 kontroly:<\/strong> Prov\u00e1d\u011bjte pravideln\u00e9 kontroly, abyste v\u010das odhalili jak\u00e9koli zn\u00e1mky opot\u0159eben\u00ed nebo po\u0161kozen\u00ed. To zahrnuje hled\u00e1n\u00ed net\u011bsnost\u00ed, prasklin a neobvykl\u00fdch zvuk\u016f b\u011bhem provozu.<\/li>\n<li><strong>Maz\u00e1n\u00ed:<\/strong> Zajist\u011bte pravideln\u00e9 maz\u00e1n\u00ed v\u00e1lce, aby byl zaji\u0161t\u011bn hladk\u00fd chod a zabr\u00e1nilo se nadm\u011brn\u00e9mu opot\u0159eben\u00ed. To zahrnuje dopln\u011bn\u00ed hydraulick\u00e9ho oleje a kontrolu p\u0159\u00edpadn\u00fdch zn\u00e1mek zne\u010di\u0161t\u011bn\u00ed.<\/li>\n<li><strong>V\u00fdm\u011bna t\u011bsn\u011bn\u00ed:<\/strong> Pravideln\u011b kontrolujte t\u011bsn\u011bn\u00ed a v p\u0159\u00edpad\u011b pot\u0159eby je vym\u011b\u0148ujte, abyste zabr\u00e1nili \u00fanik\u016fm a zajistili efektivn\u00ed provoz. Opot\u0159ebovan\u00e1 t\u011bsn\u011bn\u00ed mohou v\u00e9st k v\u00fdznamn\u00fdm probl\u00e9m\u016fm s v\u00fdkonem a m\u011bla by b\u00fdt v pl\u00e1nech \u00fadr\u017eby up\u0159ednost\u0148ov\u00e1na.<\/li>\n<\/ul>\n<h2>Pokyny k instalaci<\/h2>\n<p>Spr\u00e1vn\u00e1 instalace v\u00e1lce v\u00fdlo\u017en\u00edku je z\u00e1sadn\u00ed pro jeho v\u00fdkon a dlouhou \u017eivotnost. Nejprve se ujist\u011bte, \u017ee jsou mont\u00e1\u017en\u00ed konzoly bezpe\u010dn\u011b upevn\u011bn\u00e9 a spr\u00e1vn\u011b vyrovnan\u00e9. Nespr\u00e1vn\u00e9 vyrovn\u00e1n\u00ed m\u016f\u017ee v\u00e9st k p\u0159ed\u010dasn\u00e9mu opot\u0159eben\u00ed a poru\u0161e.<\/p>\n<p>Je nezbytn\u00e9 pou\u017e\u00edt vhodn\u00e9 mont\u00e1\u017en\u00ed podp\u011bry ke stabilizaci v\u00e1lce b\u011bhem instalace. D\u00e1le dodr\u017eujte pokyny v\u00fdrobce ohledn\u011b specifikac\u00ed utahovac\u00edho momentu v\u0161ech spojovac\u00edch prvk\u016f, abyste p\u0159ede\u0161li p\u0159\u00edpadn\u00fdm struktur\u00e1ln\u00edm probl\u00e9m\u016fm.<\/p>\n<p>B\u011bhem instalace se ujist\u011bte, \u017ee hydraulick\u00e9 spoje jsou t\u011bsn\u00e9 a bez \u00fanik\u016f. Po instalaci prove\u010fte d\u016fkladnou zkou\u0161ku hydraulick\u00e9ho syst\u00e9mu, abyste se ujistili, \u017ee v\u00e1lec v\u00fdlo\u017en\u00edku pracuje hladce a spr\u00e1vn\u011b reaguje na ovl\u00e1dac\u00ed vstupy.<\/p>\n<h2>B\u011b\u017en\u00e9 \u00fakoly \u00fadr\u017eby<\/h2>\n<h3>Pravideln\u00e9 kontroly<\/h3>\n<p>Prov\u00e1d\u011bn\u00ed pravideln\u00fdch kontrol je z\u00e1sadn\u00ed pro \u00fadr\u017ebu hydraulick\u00fdch syst\u00e9m\u016f. Kontrolujte zn\u00e1mky opot\u0159eben\u00ed, \u00faniky kapalin a jak\u00e9koli neobvykl\u00e9 zvuky b\u011bhem provozu. V\u010dasn\u00e9 odhalen\u00ed probl\u00e9m\u016f m\u016f\u017ee zabr\u00e1nit n\u00e1kladn\u00fdm oprav\u00e1m a zajistit spolehliv\u00fd provoz syst\u00e9mu.<\/p>\n<h3>Spr\u00e1vn\u00e9 maz\u00e1n\u00ed<\/h3>\n<p>Zaji\u0161t\u011bn\u00ed spr\u00e1vn\u00e9ho maz\u00e1n\u00ed je nezbytn\u00e9 pro hladk\u00fd chod v\u00e1lce v\u00fdlo\u017en\u00edku. Pravideln\u011b kontrolujte hladinu hydraulick\u00e9ho oleje a vym\u011b\u0148ujte kontaminovan\u00fd olej. T\u00edm se minimalizuje t\u0159en\u00ed a opot\u0159eben\u00ed sou\u010d\u00e1st\u00ed v\u00e1lce a prodlu\u017euje se jeho \u017eivotnost.<\/p>\n<h3>V\u00fdm\u011bna t\u011bsn\u011bn\u00ed<\/h3>\n<p>Pravideln\u00e1 v\u00fdm\u011bna t\u011bsn\u011bn\u00ed je z\u00e1sadn\u00ed pro prevenci net\u011bsnost\u00ed a udr\u017een\u00ed optim\u00e1ln\u00edho v\u00fdkonu. Zkontrolujte t\u011bsn\u011bn\u00ed, zda nevykazuj\u00ed zn\u00e1mky opot\u0159eben\u00ed nebo po\u0161kozen\u00ed, a neprodlen\u011b je vym\u011b\u0148te. Tento \u00fakol je kl\u00ed\u010dov\u00fd pro zaji\u0161t\u011bn\u00ed \u00fa\u010dinnosti a spolehlivosti hydraulick\u00fdch syst\u00e9m\u016f.<\/p>\n<h2>Bezpe\u010dnostn\u00ed aspekty a faktory prost\u0159ed\u00ed<\/h2>\n<p>P\u0159i pou\u017e\u00edv\u00e1n\u00ed hydraulick\u00fdch v\u00e1lc\u016f je prvo\u0159ad\u00e9 dodr\u017eov\u00e1n\u00ed bezpe\u010dnostn\u00edch opat\u0159en\u00ed. Obsluha by m\u011bla b\u00fdt pro\u0161kolena ve spr\u00e1vn\u00e9 manipulaci se stroji a jejich obsluze, aby se sn\u00ed\u017eilo riziko nehod. D\u00e1le je t\u0159eba zajistit, aby v\u0161echny bezpe\u010dnostn\u00ed kryty a za\u0159\u00edzen\u00ed byly na m\u00edst\u011b a spr\u00e1vn\u011b fungovaly. Pro zaji\u0161t\u011bn\u00ed dlouh\u00e9 \u017eivotnosti a spolehlivosti v\u00e1lce je t\u0159eba p\u0159i provozn\u00edch podm\u00ednk\u00e1ch zohlednit faktory prost\u0159ed\u00ed, jako je vystaven\u00ed extr\u00e9mn\u00edm teplot\u00e1m nebo korozivn\u00edm l\u00e1tk\u00e1m.<\/p>\n<h2>Diagnostika z\u00e1vad a b\u011b\u017en\u00e9 probl\u00e9my<\/h2>\n<ul>\n<li><strong>\u00daniky hydraulick\u00e9 kapaliny:<\/strong> To m\u016f\u017ee znamenat opot\u0159ebovan\u00e1 t\u011bsn\u011bn\u00ed nebo po\u0161kozen\u00e9 sou\u010d\u00e1sti. Zkontrolujte v\u00e1lec, zda na n\u011bm nejsou viditeln\u00e9 net\u011bsnosti, a v p\u0159\u00edpad\u011b pot\u0159eby vym\u011b\u0148te v\u0161echny po\u0161kozen\u00e9 d\u00edly.<\/li>\n<li><strong>Ztr\u00e1ta tlaku:<\/strong> Pokles hydraulick\u00e9ho tlaku m\u016f\u017ee ovlivnit v\u00fdkon. Zkontrolujte, zda nejsou hydraulick\u00e9 potrub\u00ed ucpan\u00e9 nebo hadice po\u0161kozen\u00e9.<\/li>\n<li><strong>Neobvykl\u00e9 zvuky:<\/strong> Sk\u0159\u00edpav\u00e9 nebo vrzav\u00e9 zvuky mohou nazna\u010dovat nedostatek maz\u00e1n\u00ed nebo po\u0161kozen\u00ed vnit\u0159n\u00edch sou\u010d\u00e1st\u00ed. Okam\u017eit\u011b prove\u010fte kontroly, abyste probl\u00e9m identifikovali a vy\u0159e\u0161ili.<\/li>\n<\/ul>\n<h2>Tipy pro \u0159e\u0161en\u00ed probl\u00e9m\u016f<\/h2>\n<p>Pro efektivn\u00ed diagnostiku a \u0159e\u0161en\u00ed probl\u00e9m\u016f s v\u00e1lcem v\u00fdlo\u017en\u00edku postupujte podle t\u011bchto tip\u016f pro odstra\u0148ov\u00e1n\u00ed probl\u00e9m\u016f:<\/p>\n<ul>\n<li>Pravideln\u011b udr\u017eujte hydraulick\u00fd syst\u00e9m, abyste sn\u00ed\u017eili riziko vzniku probl\u00e9m\u016f. Zave\u010fte pl\u00e1n preventivn\u00ed \u00fadr\u017eby, kter\u00fd zahrnuje kontroly a maz\u00e1n\u00ed.<\/li>\n<li>Ve\u010fte si podrobn\u00e9 z\u00e1znamy o \u00fadr\u017eb\u011b, abyste identifikovali vzorce v probl\u00e9mech, kter\u00e9 se mohou v pr\u016fb\u011bhu \u010dasu objevit. Tento postup pom\u00e1h\u00e1 diagnostikovat opakuj\u00edc\u00ed se probl\u00e9my a vyv\u00edjet \u00fa\u010dinn\u00e1 \u0159e\u0161en\u00ed.<\/li>\n<li>Konkr\u00e9tn\u00ed kroky pro \u0159e\u0161en\u00ed probl\u00e9m\u016f s va\u0161\u00edm za\u0159\u00edzen\u00edm naleznete v pokynech v\u00fdrobce. Dodr\u017eov\u00e1n\u00ed doporu\u010den\u00fdch postup\u016f zaji\u0161\u0165uje dodr\u017eov\u00e1n\u00ed osv\u011bd\u010den\u00fdch postup\u016f.<\/li>\n<\/ul>\n<p><img decoding=\"async\" src=\"https:\/\/www.hydraulic-cylinders.net\/wp-content\/uploads\/2025\/04\/songte-bushings-with-all-kinds-of-excavator-models.webp\" alt=\"Pouzdra s modely bagr\u016f\" \/><\/p>\n<h2>O na\u0161\u00ed spole\u010dnosti<\/h2>\n<p>Jsme p\u0159edn\u00edm v\u00fdrobcem n\u00e1hradn\u00edch hydraulick\u00fdch v\u00e1lc\u016f a nab\u00edz\u00edme \u0161irokou \u0161k\u00e1lu produkt\u016f, kter\u00e9 uspokoj\u00ed dom\u00e1c\u00ed i mezin\u00e1rodn\u00ed trhy. N\u00e1\u0161 z\u00e1vazek k dokonalosti n\u00e1s vede k zav\u00e1d\u011bn\u00ed propracovan\u00fdch v\u00fdrobn\u00edch strategi\u00ed podpo\u0159en\u00fdch pokro\u010dil\u00fdmi technologiemi a kvalifikovan\u00fdmi talenty.<\/p>\n<p>Zaji\u0161\u0165ujeme, aby na\u0161e v\u00fdrobn\u00ed procesy spl\u0148ovaly mezin\u00e1rodn\u00ed standardy, a nab\u00edz\u00edme \u0159e\u0161en\u00ed na m\u00edru \u0161it\u00e1 na m\u00edru rozmanit\u00fdm pot\u0159eb\u00e1m z\u00e1kazn\u00edk\u016f. Na\u0161e v\u00fdrobn\u00ed za\u0159\u00edzen\u00ed jsou vybavena \u0161pi\u010dkov\u00fdm digit\u00e1ln\u00edm v\u00fdrobn\u00edm za\u0159\u00edzen\u00edm a profesion\u00e1ln\u00edmi testovac\u00edmi syst\u00e9my, co\u017e zvy\u0161uje kvalitu a spolehlivost na\u0161ich produkt\u016f.<\/p>\n<p><img decoding=\"async\" src=\"https:\/\/www.hydraulic-cylinders.net\/wp-content\/uploads\/2025\/04\/songte-company-4.webp\" alt=\"P\u0159ehled spole\u010dnosti\" \/><br \/>\n<img decoding=\"async\" src=\"https:\/\/www.hydraulic-cylinders.net\/wp-content\/uploads\/2025\/04\/songte-company-3.webp\" alt=\"V\u00fdrobn\u00ed z\u00e1vod\" \/><\/p>\n<p>Na\u0161e specializace, mezin\u00e1rodn\u00ed certifikace, slu\u017eby p\u0159izp\u016fsoben\u00ed, nejmodern\u011bj\u0161\u00ed v\u00fdrobn\u00ed za\u0159\u00edzen\u00ed a specializovan\u00e1 poprodejn\u00ed podpora n\u00e1s odli\u0161uj\u00ed od ostatn\u00edch v odv\u011btv\u00ed hydraulick\u00fdch v\u00e1lc\u016f.<\/p>\n<p>Autor: lyl<\/p>","protected":false},"excerpt":{"rendered":"<p>Boom Cylinder For Case Middle Excavator CX240BHR Introduction to the Boom Cylinder The Boom Cylinder is a critical component designed specifically for the Case CX240BHR excavator. This hydraulic cylinder plays a key role in controlling the movement of the excavator&#8217;s boom, allowing it to lift, lower, and tilt with precision. It serves as a vital [&hellip;]<\/p>","protected":false},"featured_media":17875,"comment_status":"open","ping_status":"closed","template":"","meta":{"_et_pb_use_builder":"","_et_pb_old_content":"","_et_gb_content_width":""},"product_brand":[],"product_cat":[1546],"product_tag":[1547,1496],"class_list":{"0":"post-19446","1":"product","2":"type-product","3":"status-publish","4":"has-post-thumbnail","6":"product_cat-boom-cylinders","7":"product_tag-boom-cylinders","8":"product_tag-hydraulic-cylinders","10":"first","11":"instock","12":"shipping-taxable","13":"product-type-simple"},"amp_enabled":true,"_links":{"self":[{"href":"https:\/\/www.hydraulic-cylinders.net\/cs\/wp-json\/wp\/v2\/product\/19446","targetHints":{"allow":["GET"]}}],"collection":[{"href":"https:\/\/www.hydraulic-cylinders.net\/cs\/wp-json\/wp\/v2\/product"}],"about":[{"href":"https:\/\/www.hydraulic-cylinders.net\/cs\/wp-json\/wp\/v2\/types\/product"}],"replies":[{"embeddable":true,"href":"https:\/\/www.hydraulic-cylinders.net\/cs\/wp-json\/wp\/v2\/comments?post=19446"}],"wp:featuredmedia":[{"embeddable":true,"href":"https:\/\/www.hydraulic-cylinders.net\/cs\/wp-json\/wp\/v2\/media\/17875"}],"wp:attachment":[{"href":"https:\/\/www.hydraulic-cylinders.net\/cs\/wp-json\/wp\/v2\/media?parent=19446"}],"wp:term":[{"taxonomy":"product_brand","embeddable":true,"href":"https:\/\/www.hydraulic-cylinders.net\/cs\/wp-json\/wp\/v2\/product_brand?post=19446"},{"taxonomy":"product_cat","embeddable":true,"href":"https:\/\/www.hydraulic-cylinders.net\/cs\/wp-json\/wp\/v2\/product_cat?post=19446"},{"taxonomy":"product_tag","embeddable":true,"href":"https:\/\/www.hydraulic-cylinders.net\/cs\/wp-json\/wp\/v2\/product_tag?post=19446"}],"curies":[{"name":"wp","href":"https:\/\/api.w.org\/{rel}","templated":true}]}}