{"id":19455,"date":"2025-04-07T06:48:35","date_gmt":"2025-04-07T06:48:35","guid":{"rendered":"https:\/\/www.hydraulic-cylinders.net\/product\/boom-cylinder-for-zhenyu-small-excavator-zy330\/"},"modified":"2025-04-07T06:48:37","modified_gmt":"2025-04-07T06:48:37","slug":"boom-cylinder-for-zhenyu-small-excavator-zy330","status":"publish","type":"product","link":"https:\/\/www.hydraulic-cylinders.net\/cs\/produkt\/boom-cylinder-for-zhenyu-small-excavator-zy330\/","title":{"rendered":"V\u00e1lec v\u00fdlo\u017en\u00edku pro mal\u00e9 rypadlo Zhenyu ZY330"},"content":{"rendered":"<h1>V\u00e1lec v\u00fdlo\u017en\u00edku pro mal\u00e9 rypadlo Zhenyu ZY330<\/h1>\n<h2>\u00davod k v\u00e1lc\u016fm v\u00fdlo\u017en\u00edku<\/h2>\n<p>Hydraulick\u00fd v\u00e1lec v\u00fdlo\u017en\u00edku je kl\u00ed\u010dovou sou\u010d\u00e1st\u00ed hydraulick\u00e9ho syst\u00e9mu t\u011b\u017ek\u00fdch stroj\u016f, speci\u00e1ln\u011b navr\u017een\u00fdm pro ovl\u00e1d\u00e1n\u00ed pohybu l\u017e\u00edc rypadla. Hraje kl\u00ed\u010dovou roli p\u0159i prov\u00e1d\u011bn\u00ed \u00fakol\u016f, jako je zved\u00e1n\u00ed, spou\u0161t\u011bn\u00ed a nakl\u00e1p\u011bn\u00ed l\u017e\u00edce, a usnad\u0148uje tak efektivn\u00ed manipulaci s materi\u00e1lem. P\u0159em\u011bnou hydraulick\u00e9 energie na mechanick\u00fd pohyb umo\u017e\u0148uj\u00ed v\u00e1lec v\u00fdlo\u017en\u00edku obsluze prov\u00e1d\u011bt r\u016fzn\u00e9 funkce s p\u0159esnost\u00ed a rychlost\u00ed.<\/p>\n<p><img decoding=\"async\" src=\"https:\/\/www.hydraulic-cylinders.net\/wp-content\/uploads\/2025\/04\/songte-company-1.webp\" alt=\"V\u00e1lec v\u00fdlo\u017en\u00edku\"><\/p>\n<h3>Definice a p\u0159ehled<\/h3>\n<p>Hydraulick\u00fd v\u00e1lec v\u00fdlo\u017en\u00edku je typ hydraulick\u00e9ho v\u00e1lce speci\u00e1ln\u011b navr\u017een\u00e9ho pro t\u011b\u017ekou techniku, jako jsou bagry, rypadla a \u010deln\u00ed naklada\u010de. Jeho prim\u00e1rn\u00ed funkc\u00ed je ovl\u00e1dat pohyb l\u017e\u00edce, co\u017e j\u00ed umo\u017e\u0148uje vykon\u00e1vat \u00fakoly nezbytn\u00e9 pro v\u00fdkopov\u00e9 pr\u00e1ce a p\u0159epravu materi\u00e1lu. Tyto v\u00e1lce umo\u017e\u0148uj\u00ed p\u0159esn\u00e9 ovl\u00e1d\u00e1n\u00ed pohyb\u016f l\u017e\u00edce a poskytuj\u00ed pot\u0159ebnou s\u00edlu pro zved\u00e1n\u00ed a nakl\u00e1p\u011bn\u00ed, co\u017e je nezbytn\u00e9 ve stavebnictv\u00ed a zem\u011bd\u011blstv\u00ed.<\/p>\n<h2>Kl\u00ed\u010dov\u00e9 vlastnosti v\u00e1lce v\u00fdlo\u017en\u00edku<\/h2>\n<ul>\n<li><strong>Vysok\u00e1 pevnost a trvanlivost:<\/strong> V\u00e1lce v\u00fdlo\u017en\u00edku, obvykle vyroben\u00e9 z vysokopevnostn\u00ed oceli nebo hlin\u00edku, jsou navr\u017eeny tak, aby odolaly vysok\u00e9mu tlaku a velk\u00e9mu zat\u00ed\u017een\u00ed, a jsou vhodn\u00e9 pro n\u00e1ro\u010dn\u00e9 pracovn\u00ed prost\u0159ed\u00ed. Jsou navr\u017eeny s ohledem na odolnost proti opot\u0159eben\u00ed a korozi, co\u017e prodlu\u017euje jejich \u017eivotnost.<\/li>\n<li><strong>Efektivn\u00ed hydraulick\u00fd provoz:<\/strong> V\u00e1lce v\u00fdlo\u017en\u00edku umo\u017e\u0148uj\u00ed plynul\u00e9 vysouv\u00e1n\u00ed a zasouv\u00e1n\u00ed pomoc\u00ed hydraulick\u00e9ho tlaku oleje, co\u017e umo\u017e\u0148uje rychlou reakci na povely obsluhy. Poskytuj\u00ed silnou tla\u010dnou a ta\u017enou s\u00edlu, ide\u00e1ln\u00ed pro manipulaci s t\u011b\u017ek\u00fdmi materi\u00e1ly a slo\u017eit\u00e9 \u00fakoly.<\/li>\n<li><strong>R\u016fzn\u00e9 typy:<\/strong> V\u00e1lce v\u00fdlo\u017en\u00edku, kter\u00e9 jsou k dispozici v jedno\u010dinn\u00e9m (s vyu\u017eit\u00edm hydrauliky v jednom sm\u011bru) nebo dvoj\u010dinn\u00e9m (s vyu\u017eit\u00edm hydrauliky v obou sm\u011brech), lze p\u0159izp\u016fsobit r\u016fzn\u00fdm provozn\u00edm pot\u0159eb\u00e1m. N\u011bkter\u00e9 modely maj\u00ed teleskopickou konstrukci, kter\u00e1 umo\u017e\u0148uje v\u011bt\u0161\u00ed vysunut\u00ed bez zv\u011bt\u0161en\u00ed vn\u011bj\u0161\u00edch rozm\u011br\u016f, co\u017e je ide\u00e1ln\u00ed pro aplikace s omezen\u00fdm prostorem.<\/li>\n<li><strong>Kompatibilita:<\/strong> Na\u0161e produkty jsou pe\u010dliv\u011b vyr\u00e1b\u011bny tak, aby slou\u017eily jako ide\u00e1ln\u00ed n\u00e1hrada za st\u00e1vaj\u00edc\u00ed hydraulick\u00e9 v\u00e1lce, a zaji\u0161\u0165ovaly tak bezprobl\u00e9movou integraci a v\u00fdkon.<\/li>\n<\/ul>\n<p><img decoding=\"async\" src=\"https:\/\/www.hydraulic-cylinders.net\/wp-content\/uploads\/2025\/04\/songte-cylinder-head-with-all-kinds-excavator-models.webp\" alt=\"Modely bagr\u016f\"><\/p>\n<h2>Aplikace v\u00e1lce v\u00fdlo\u017en\u00edku<\/h2>\n<h3>Stavebn\u00ed stroje<\/h3>\n<p>Ve stavebn\u00edch stroj\u00edch jsou v\u00e1lce v\u00fdlo\u017en\u00edku ned\u00edlnou sou\u010d\u00e1st\u00ed rypadel a poskytuj\u00ed pot\u0159ebnou s\u00edlu pro kop\u00e1n\u00ed, nakl\u00e1d\u00e1n\u00ed a p\u0159emis\u0165ov\u00e1n\u00ed zeminy nebo suti. Usnad\u0148uj\u00ed efektivn\u00ed v\u00fdkopov\u00e9 procesy a p\u0159isp\u00edvaj\u00ed k celkov\u00e9 produktivit\u011b na staveni\u0161t\u00edch.<\/p>\n<h3>Zem\u011bd\u011blsk\u00e9 stroje<\/h3>\n<p>V\u00e1lce v\u00fdlo\u017en\u00edku, pou\u017e\u00edvan\u00e9 v \u010deln\u00edch naklada\u010d\u00edch, jsou nezbytn\u00e9 pro nab\u00edr\u00e1n\u00ed, zved\u00e1n\u00ed a p\u0159epravu zeminy, sena a dal\u0161\u00edch materi\u00e1l\u016f. Jejich schopnost efektivn\u011b zvl\u00e1dat t\u011b\u017ek\u00e9 n\u00e1klady je \u010din\u00ed nepostradateln\u00fdmi v zem\u011bd\u011blsk\u00fdch operac\u00edch.<\/p>\n<h3>Bagry<\/h3>\n<p>U bagr\u016f umo\u017e\u0148uj\u00ed v\u00e1lce v\u00fdlo\u017en\u00edku pronik\u00e1n\u00ed l\u017e\u00edce do zem\u011b, co\u017e umo\u017e\u0148uje efektivn\u00ed kop\u00e1n\u00ed. Tato schopnost je kl\u00ed\u010dov\u00e1 pro r\u016fzn\u00e9 projekty, od \u00fapravy krajiny a\u017e po rozs\u00e1hl\u00e9 v\u00fdkopov\u00e9 pr\u00e1ce.<\/p>\n<h3>Naklada\u010de<\/h3>\n<p>U \u010deln\u00edch naklada\u010d\u016f pom\u00e1haj\u00ed v\u00e1lce v\u00fdlo\u017en\u00edku efektivn\u011b zvedat a vykl\u00e1p\u011bt b\u0159emena. Hraj\u00ed z\u00e1sadn\u00ed roli p\u0159i manipulaci s materi\u00e1lem a zvy\u0161uj\u00ed provozn\u00ed schopnosti naklada\u010de.<\/p>\n<h2>Konstruk\u010dn\u00ed aspekty a krit\u00e9ria v\u00fdb\u011bru<\/h2>\n<h3>Nosnost<\/h3>\n<p>P\u0159i n\u00e1vrhu v\u00e1lce v\u00fdlo\u017en\u00edku je nosnost kritick\u00fdm faktorem. V\u00e1lec mus\u00ed b\u00fdt schopen zvl\u00e1dnout maxim\u00e1ln\u00ed hmotnost, kterou m\u016f\u017ee l\u017e\u00edce zvednout, a z\u00e1rove\u0148 zajistit bezpe\u010dnost a v\u00fdkon. Mezi faktory, kter\u00e9 je t\u0159eba vz\u00edt v \u00favahu, pat\u0159\u00ed pevnost materi\u00e1lu, rozm\u011bry v\u00e1lce a jmenovit\u00fd hydraulick\u00fd tlak, aby byla zaru\u010dena spolehlivost p\u0159i velk\u00e9m zat\u00ed\u017een\u00ed.<\/p>\n<h3>T\u011bsn\u011bn\u00ed<\/h3>\n<p>\u00da\u010dinn\u00e9 t\u011bsn\u011bn\u00ed je v hydraulick\u00fdch syst\u00e9mech z\u00e1sadn\u00ed, aby se zabr\u00e1nilo \u00faniku kapaliny a kontaminaci. Volba t\u011bsnic\u00edch materi\u00e1l\u016f, jako je polyuretan a nitrilov\u00e1 pry\u017e, je nezbytn\u00e1 pro zaji\u0161t\u011bn\u00ed dlouh\u00e9 \u017eivotnosti a v\u00fdkonu. P\u0159esn\u00e9 obr\u00e1b\u011bn\u00ed t\u011blesa v\u00e1lce a z\u00e1vitov\u00fdch povrch\u016f zvy\u0161uje \u00fa\u010dinnost t\u011bsn\u011bn\u00ed a p\u0159isp\u00edv\u00e1 k celkov\u00e9 spolehlivosti syst\u00e9mu.<\/p>\n<h3>Trvanlivost<\/h3>\n<p>Pro v\u00e1lce v\u00fdlo\u017en\u00edku je z\u00e1sadn\u00ed odolnost, proto\u017ee pracuj\u00ed v n\u00e1ro\u010dn\u00fdch podm\u00ednk\u00e1ch. Faktory, jako je v\u00fdb\u011br materi\u00e1lu, povrchov\u00e1 \u00faprava a konstruk\u010dn\u00ed prvky, mus\u00ed b\u00fdt optimalizov\u00e1ny tak, aby odol\u00e1valy opot\u0159eben\u00ed a korozi, a zajistily tak del\u0161\u00ed \u017eivotnost a ni\u017e\u0161\u00ed n\u00e1klady na \u00fadr\u017ebu.<\/p>\n<h3>Bezpe\u010dnost<\/h3>\n<p>Bezpe\u010dnost je p\u0159i konstrukci hydraulick\u00fdch v\u00e1lc\u016f kl\u00ed\u010dov\u00fdm hlediskem. Aby se zabr\u00e1nilo katastrofick\u00fdm poruch\u00e1m a zajistil se bezpe\u010dn\u00fd provoz za\u0159\u00edzen\u00ed i jeho obsluhy, mus\u00ed b\u00fdt implementov\u00e1ny prvky, jako jsou p\u0159etlakov\u00e9 ventily, ochrana proti p\u0159et\u00ed\u017een\u00ed a robustn\u00ed konstrukce.<\/p>\n<h3>\u00dadr\u017eba<\/h3>\n<p>Mezi aspekty \u00fadr\u017eby pat\u0159\u00ed snadn\u00fd p\u0159\u00edstup pro kontroly a opravy, dostupnost n\u00e1hradn\u00edch d\u00edl\u016f a slo\u017eitost demont\u00e1\u017ee a mont\u00e1\u017ee. Dob\u0159e navr\u017een\u00fd v\u00e1lec zjednodu\u0161uje \u00fadr\u017ebu, zkracuje prostoje a zlep\u0161uje celkovou efektivitu.<\/p>\n<p><img decoding=\"async\" src=\"https:\/\/www.hydraulic-cylinders.net\/wp-content\/uploads\/2025\/04\/songte-oil-pipes-and-spare-parts.webp\" alt=\"Hydraulick\u00e9 d\u00edly\"><\/p>\n<h2>T\u011bsn\u011bn\u00ed a maz\u00e1n\u00ed<\/h2>\n<p>T\u011bsnic\u00ed syst\u00e9m v\u00e1lc\u016f v\u00fdlo\u017en\u00edku je z\u00e1sadn\u00ed pro udr\u017een\u00ed hydraulick\u00e9 integrity. K zaji\u0161t\u011bn\u00ed toho, aby hydraulick\u00e1 kapalina z\u016fstala uvnit\u0159 v\u00e1lce, se pou\u017e\u00edvaj\u00ed r\u016fzn\u00e1 t\u011bsn\u011bn\u00ed, v\u010detn\u011b t\u011bsn\u011bn\u00ed p\u00edst\u016f a t\u011bsn\u011bn\u00ed p\u00edstnic. Pou\u017eit\u00ed odoln\u00fdch materi\u00e1l\u016f, jako je polyuretan a nitrilov\u00e1 pry\u017e, zvy\u0161uje odolnost v\u016f\u010di opot\u0159eben\u00ed a vliv\u016fm prost\u0159ed\u00ed. T\u011bleso v\u00e1lce a z\u00e1vitov\u00e9 konce nav\u00edc proch\u00e1zej\u00ed jemn\u00fdm obr\u00e1b\u011bn\u00edm, kter\u00e9 zlep\u0161uje odolnost proti opot\u0159eben\u00ed, co\u017e p\u0159isp\u00edv\u00e1 k celkov\u00e9 \u00fa\u010dinnosti. Pravideln\u00e9 maz\u00e1n\u00ed hydraulick\u00fdm olejem je nezbytn\u00e9 pro zaji\u0161t\u011bn\u00ed plynul\u00e9ho provozu a prevenci p\u0159ed\u010dasn\u00e9ho opot\u0159eben\u00ed, co\u017e vy\u017eaduje pravideln\u00e9 kontroly pro udr\u017een\u00ed optim\u00e1ln\u00edho v\u00fdkonu.<\/p>\n<h2>Pravideln\u00e9 kontroly a preventivn\u00ed \u00fadr\u017eba<\/h2>\n<ul>\n<li><strong>Pravideln\u00e9 kontroly:<\/strong> Prov\u00e1d\u011bn\u00ed pravideln\u00fdch vizu\u00e1ln\u00edch a provozn\u00edch kontrol m\u016f\u017ee pomoci v\u010das odhalit zn\u00e1mky opot\u0159eben\u00ed nebo po\u0161kozen\u00ed a p\u0159edej\u00edt tak dal\u0161\u00edm komplikac\u00edm.<\/li>\n<li><strong>Maz\u00e1n\u00ed:<\/strong> Udr\u017eov\u00e1n\u00ed dostate\u010dn\u00e9ho maz\u00e1n\u00ed je nezbytn\u00e9 pro hladk\u00fd provoz a dlouhou \u017eivotnost. Zajist\u011bte sledov\u00e1n\u00ed hladiny hydraulick\u00e9ho oleje a jeho dopl\u0148ov\u00e1n\u00ed v p\u0159\u00edpad\u011b pot\u0159eby.<\/li>\n<li><strong>V\u00fdm\u011bna t\u011bsn\u011bn\u00ed:<\/strong> Pravideln\u011b kontrolujte opot\u0159eben\u00ed t\u011bsn\u011bn\u00ed a v\u010das je vym\u011b\u0148te, abyste zabr\u00e1nili \u00faniku kapaliny a zachovali hydraulickou \u00fa\u010dinnost.<\/li>\n<\/ul>\n<h2>Pokyny k instalaci<\/h2>\n<p>Spr\u00e1vn\u00e1 instalace v\u00e1lc\u016f v\u00fdlo\u017en\u00edku je z\u00e1sadn\u00ed pro zaji\u0161t\u011bn\u00ed optim\u00e1ln\u00edho v\u00fdkonu. Za\u010dn\u011bte t\u00edm, \u017ee se ujist\u00edte, \u017ee je pracovn\u00ed prostor \u010dist\u00fd a bez ne\u010distot. V\u00e1lec p\u0159esn\u011b vyrovnejte s mont\u00e1\u017en\u00edmi body a zajist\u011bte jej vhodn\u00fdmi mont\u00e1\u017en\u00edmi konzolami. Pro zaji\u0161t\u011bn\u00ed t\u011bsn\u00e9ho uta\u017een\u00ed dodr\u017eujte specifikace v\u00fdrobce ohledn\u011b nastaven\u00ed utahovac\u00edho momentu. Spr\u00e1vn\u00e9 vyrovn\u00e1n\u00ed je z\u00e1sadn\u00ed, aby se zabr\u00e1nilo nadm\u011brn\u00e9mu nam\u00e1h\u00e1n\u00ed v\u00e1lce b\u011bhem provozu. Po instalaci prove\u010fte d\u016fkladnou kontrolu a vyzkou\u0161ejte hydraulick\u00fd syst\u00e9m, abyste se ujistili, \u017ee v\u0161e funguje spr\u00e1vn\u011b. Pro optimalizaci v\u00fdkonu m\u016f\u017ee b\u00fdt nutn\u00e9 prov\u00e9st \u00fapravy.<\/p>\n<h2>\u00dakoly \u00fadr\u017eby<\/h2>\n<ul>\n<li><strong>Pravideln\u00e9 kontroly:<\/strong> Prov\u00e1d\u011bjte pravideln\u00e9 kontroly t\u011bsnosti, opot\u0159eben\u00ed a celkov\u00e9ho stavu. V\u010dasn\u00e9 odhalen\u00ed probl\u00e9m\u016f m\u016f\u017ee zabr\u00e1nit z\u00e1va\u017en\u00fdm poruch\u00e1m a n\u00e1kladn\u00fdm oprav\u00e1m.<\/li>\n<li><strong>Spr\u00e1vn\u00e9 maz\u00e1n\u00ed:<\/strong> Zajist\u011bte pravideln\u00e9 dopl\u0148ov\u00e1n\u00ed hydraulick\u00e9ho oleje, aby byl zaji\u0161t\u011bn hladk\u00fd provoz a zabr\u00e1nilo se opot\u0159eben\u00ed. Dodr\u017eujte pokyny v\u00fdrobce ohledn\u011b interval\u016f maz\u00e1n\u00ed.<\/li>\n<li><strong>V\u00fdm\u011bna t\u011bsn\u011bn\u00ed a kontroly kalibrace:<\/strong> Pravideln\u011b kontrolujte t\u011bsn\u011bn\u00ed a v p\u0159\u00edpad\u011b pot\u0159eby je vym\u011b\u0148ujte. Kalibrace hydraulick\u00e9ho syst\u00e9mu zaji\u0161\u0165uje p\u0159esn\u00fd provoz a m\u016f\u017ee pomoci p\u0159edch\u00e1zet budouc\u00edm probl\u00e9m\u016fm.<\/li>\n<\/ul>\n<h2>Bezpe\u010dnostn\u00ed aspekty a faktory prost\u0159ed\u00ed<\/h2>\n<p>P\u0159i obsluze v\u00e1lc\u016f v\u00fdlo\u017en\u00edku jsou bezpe\u010dnostn\u00ed opat\u0159en\u00ed prvo\u0159ad\u00e1. Obsluha by m\u011bla b\u00fdt pro\u0161kolena, aby rozum\u011bla potenci\u00e1ln\u00edm rizik\u016fm spojen\u00fdm s hydraulick\u00fdmi syst\u00e9my. V\u017edy by se m\u011bly pou\u017e\u00edvat vhodn\u00e9 osobn\u00ed ochrann\u00e9 prost\u0159edky (OOP). P\u0159i v\u00fdb\u011bru a \u00fadr\u017eb\u011b v\u00e1lc\u016f v\u00fdlo\u017en\u00edku by se m\u011bly zohlednit tak\u00e9 faktory prost\u0159ed\u00ed, jako je vystaven\u00ed extr\u00e9mn\u00edm teplot\u00e1m a korozivn\u00edm l\u00e1tk\u00e1m. Zav\u00e1d\u011bn\u00ed bezpe\u010dnostn\u00edch protokol\u016f a pravideln\u00e9 \u0161kolen\u00ed m\u016f\u017ee v\u00fdrazn\u011b sn\u00ed\u017eit po\u010det nehod a zv\u00fd\u0161it bezpe\u010dnost na pracovi\u0161ti.<\/p>\n<h2>\u0158e\u0161en\u00ed b\u011b\u017en\u00fdch probl\u00e9m\u016f<\/h2>\n<ul>\n<li><strong>\u00daniky kapalin:<\/strong> Zkontrolujte t\u011bsn\u011bn\u00ed a spoje, zda nejsou opot\u0159ebovan\u00e9 nebo po\u0161kozen\u00e9, a zajist\u011bte, aby byla udr\u017eov\u00e1na hladina hydraulick\u00e9 kapaliny.<\/li>\n<li><strong>Pomal\u00fd provoz:<\/strong> To m\u016f\u017ee znamenat n\u00edzkou hladinu hydraulick\u00e9 kapaliny nebo vzduch v syst\u00e9mu. Odvzdu\u0161n\u011bte syst\u00e9m a zkontrolujte, zda nedo\u0161lo k ucp\u00e1n\u00ed.<\/li>\n<li><strong>Nereaguj\u00edc\u00ed v\u00e1lec:<\/strong> Ujist\u011bte se, \u017ee je hydraulick\u00fd tlak dostate\u010dn\u00fd a \u017ee jsou v\u0161echna p\u0159ipojen\u00ed bezpe\u010dn\u00e1. Prozkoumejte p\u0159\u00edpadn\u00e9 ucp\u00e1n\u00ed hydraulick\u00fdch potrub\u00ed.<\/li>\n<\/ul>\n<h2>Tipy pro \u0159e\u0161en\u00ed probl\u00e9m\u016f<\/h2>\n<p>Pro efektivn\u00ed \u0159e\u0161en\u00ed probl\u00e9m\u016f ve\u010fte podrobn\u00fd protokol \u00fadr\u017eby, abyste mohli sledovat probl\u00e9my a opravy. Pravideln\u011b kontrolujte provozn\u00ed \u00fadaje o v\u00fdkonu, abyste identifikovali trendy, kter\u00e9 mohou nazna\u010dovat skryt\u00e9 probl\u00e9my. Pro minimalizaci potenci\u00e1ln\u00edch probl\u00e9m\u016f zav\u00e1d\u011bjte preventivn\u00ed opat\u0159en\u00ed, jako je b\u011b\u017en\u00e1 \u00fadr\u017eba a kontroly. Vzd\u011bl\u00e1v\u00e1n\u00ed oper\u00e1tor\u016f v rozpozn\u00e1v\u00e1n\u00ed v\u010dasn\u00fdch p\u0159\u00edznak\u016f probl\u00e9m\u016f m\u016f\u017ee zv\u00fd\u0161it celkovou spolehlivost syst\u00e9mu.<\/p>\n<p><img decoding=\"async\" src=\"https:\/\/www.hydraulic-cylinders.net\/wp-content\/uploads\/2025\/04\/songte-bushings-with-all-kinds-of-excavator-models.webp\" alt=\"Pouzdra pro bagry\"><\/p>\n<h2>O na\u0161\u00ed spole\u010dnosti<\/h2>\n<p>Jsme v\u00fdrobcem n\u00e1hradn\u00edch hydraulick\u00fdch v\u00e1lc\u016f a nab\u00edz\u00edme komplexn\u00ed sortiment produkt\u016f, d\u00edky \u010demu\u017e se \u0159ad\u00edme mezi p\u0159edn\u00ed v\u00fdrobce a velkoobchodn\u00ed distributory na dom\u00e1c\u00edm i mezin\u00e1rodn\u00edm trhu. Dodr\u017eujeme v\u00fdjime\u010dn\u00e9 standardy kvality, vyu\u017e\u00edv\u00e1me propracovanou v\u00fdrobn\u00ed d\u00edlnu a strategii \u0159\u00edzen\u00ed pr\u016fmyslov\u00e9 v\u00fdroby. Na\u0161e spole\u010dnost neust\u00e1le vylep\u0161uje svou v\u00fdrobn\u00ed platformu pomoc\u00ed technick\u00fdch talent\u016f, \u0161pi\u010dkov\u00e9ho digit\u00e1ln\u00edho v\u00fdrobn\u00edho za\u0159\u00edzen\u00ed a specializovan\u00fdch testovac\u00edch syst\u00e9m\u016f, co\u017e zaji\u0161\u0165uje efektivn\u00ed v\u00fdrobn\u00ed postupy a vynikaj\u00edc\u00ed kvalitu v\u00fdrobk\u016f.<\/p>\n<p><img decoding=\"async\" src=\"https:\/\/www.hydraulic-cylinders.net\/wp-content\/uploads\/2025\/04\/songte-company-4.webp\" alt=\"P\u0159ehled spole\u010dnosti\"><br \/>\n<img decoding=\"async\" src=\"https:\/\/www.hydraulic-cylinders.net\/wp-content\/uploads\/2025\/04\/songte-company-3.webp\" alt=\"V\u00fdrobn\u00ed proces\"><\/p>\n<p>N\u00e1\u0161 z\u00e1vazek ke specializaci, mezin\u00e1rodn\u00edm certifikac\u00edm, p\u0159izp\u016fsobiteln\u00fdm slu\u017eb\u00e1m, modern\u00edmu v\u00fdrobn\u00edmu vybaven\u00ed a v\u00fdjime\u010dn\u00e9 poprodejn\u00ed podpo\u0159e zaji\u0161\u0165uje, \u017ee efektivn\u011b uspokojujeme rozmanit\u00e9 pot\u0159eby na\u0161ich klient\u016f.<\/p>\n<p>Autor: lyl<\/p>","protected":false},"excerpt":{"rendered":"<p>Boom Cylinder For Zhenyu Small Excavator ZY330 Introduction to Boom Cylinders The Boom Cylinder is a vital component in the hydraulic system of heavy machinery, specifically designed for controlling the movement of excavator buckets. It plays a crucial role in enabling tasks such as lifting, lowering, and tilting the bucket, facilitating efficient material handling operations. [&hellip;]<\/p>","protected":false},"featured_media":17869,"comment_status":"open","ping_status":"closed","template":"","meta":{"_et_pb_use_builder":"","_et_pb_old_content":"","_et_gb_content_width":""},"product_brand":[],"product_cat":[1546],"product_tag":[1547,1496],"class_list":{"0":"post-19455","1":"product","2":"type-product","3":"status-publish","4":"has-post-thumbnail","6":"product_cat-boom-cylinders","7":"product_tag-boom-cylinders","8":"product_tag-hydraulic-cylinders","10":"first","11":"instock","12":"shipping-taxable","13":"product-type-simple"},"amp_enabled":true,"_links":{"self":[{"href":"https:\/\/www.hydraulic-cylinders.net\/cs\/wp-json\/wp\/v2\/product\/19455","targetHints":{"allow":["GET"]}}],"collection":[{"href":"https:\/\/www.hydraulic-cylinders.net\/cs\/wp-json\/wp\/v2\/product"}],"about":[{"href":"https:\/\/www.hydraulic-cylinders.net\/cs\/wp-json\/wp\/v2\/types\/product"}],"replies":[{"embeddable":true,"href":"https:\/\/www.hydraulic-cylinders.net\/cs\/wp-json\/wp\/v2\/comments?post=19455"}],"wp:featuredmedia":[{"embeddable":true,"href":"https:\/\/www.hydraulic-cylinders.net\/cs\/wp-json\/wp\/v2\/media\/17869"}],"wp:attachment":[{"href":"https:\/\/www.hydraulic-cylinders.net\/cs\/wp-json\/wp\/v2\/media?parent=19455"}],"wp:term":[{"taxonomy":"product_brand","embeddable":true,"href":"https:\/\/www.hydraulic-cylinders.net\/cs\/wp-json\/wp\/v2\/product_brand?post=19455"},{"taxonomy":"product_cat","embeddable":true,"href":"https:\/\/www.hydraulic-cylinders.net\/cs\/wp-json\/wp\/v2\/product_cat?post=19455"},{"taxonomy":"product_tag","embeddable":true,"href":"https:\/\/www.hydraulic-cylinders.net\/cs\/wp-json\/wp\/v2\/product_tag?post=19455"}],"curies":[{"name":"wp","href":"https:\/\/api.w.org\/{rel}","templated":true}]}}