{"id":19458,"date":"2025-04-07T06:48:42","date_gmt":"2025-04-07T06:48:42","guid":{"rendered":"https:\/\/www.hydraulic-cylinders.net\/product\/boom-cylinder-for-world-small-excavator-w235\/"},"modified":"2025-04-07T06:48:45","modified_gmt":"2025-04-07T06:48:45","slug":"boom-cylinder-for-world-small-excavator-w235","status":"publish","type":"product","link":"https:\/\/www.hydraulic-cylinders.net\/cs\/produkt\/boom-cylinder-for-world-small-excavator-w235\/","title":{"rendered":"V\u00e1lec v\u00fdlo\u017en\u00edku pro mal\u00e9 bagry World W235"},"content":{"rendered":"<h1>V\u00e1lec v\u00fdlo\u017en\u00edku pro mal\u00e9 bagry World W235<\/h1>\n<h2>P\u0159ehled produktu<\/h2>\n<p>Hydraulick\u00fd v\u00e1lec v\u00fdlo\u017en\u00edku pro World Small Excavator W235 je specializovan\u00fd hydraulick\u00fd v\u00e1lec ur\u010den\u00fd k ovl\u00e1d\u00e1n\u00ed pohybu l\u017e\u00edce v r\u016fzn\u00fdch t\u011b\u017ek\u00fdch stroj\u00edch, jako jsou rypadla, rypadla a \u010deln\u00ed naklada\u010de. Tato kl\u00ed\u010dov\u00e1 sou\u010d\u00e1st umo\u017e\u0148uje l\u017e\u00edci zvedat, spou\u0161t\u011bt a nakl\u00e1n\u011bt, co\u017e usnad\u0148uje efektivn\u00ed manipulaci s materi\u00e1lem. Jako hydraulick\u00fd v\u00e1lec funguje na principu vyu\u017eit\u00ed tlaku hydraulick\u00e9 kapaliny a p\u0159em\u011bny t\u00e9to s\u00edly na mechanick\u00fd pohyb, co\u017e je kl\u00ed\u010dov\u00e9 pro v\u00fdkon stavebn\u00edch stroj\u016f.<\/p>\n<p><img decoding=\"async\" src=\"https:\/\/www.hydraulic-cylinders.net\/wp-content\/uploads\/2025\/04\/songte-company-1.webp\" alt=\"V\u00e1lec v\u00fdlo\u017en\u00edku\"><\/p>\n<h2>Vlastnosti v\u00e1lce v\u00fdlo\u017en\u00edku<\/h2>\n<ul>\n<li><strong>Vysok\u00e1 pevnost a trvanlivost:<\/strong> Tyto v\u00e1lce, obvykle vyroben\u00e9 z vysokopevnostn\u00ed oceli nebo hlin\u00edku, jsou konstruov\u00e1ny tak, aby odolaly vysok\u00fdm tlak\u016fm a velk\u00e9mu zat\u00ed\u017een\u00ed, d\u00edky \u010demu\u017e jsou vhodn\u00e9 pro n\u00e1ro\u010dn\u00e9 provozn\u00ed prost\u0159ed\u00ed. Jejich konstrukce zahrnuje odolnost proti opot\u0159eben\u00ed a ochranu proti korozi pro prodlou\u017een\u00ed \u017eivotnosti.<\/li>\n<li><strong>Efektivn\u00ed hydraulick\u00fd provoz:<\/strong> Vyu\u017eit\u00ed hydraulick\u00e9ho tlaku oleje umo\u017e\u0148uje plynul\u00e9 vysouv\u00e1n\u00ed a zasouv\u00e1n\u00ed, co\u017e umo\u017e\u0148uje rychlou reakci na ovl\u00e1dac\u00ed povely a silnou tla\u010dnou a ta\u017enou s\u00edlu, ide\u00e1ln\u00ed pro manipulaci s t\u011b\u017ek\u00fdmi a slo\u017eit\u00fdmi \u00fakoly.<\/li>\n<li><strong>R\u016fzn\u00e9 typy:<\/strong> K dispozici jsou jedno\u010dinn\u00e9 v\u00e1lce (vyu\u017e\u00edvaj\u00edc\u00ed hydraulickou s\u00edlu v jednom sm\u011bru) nebo dvoj\u010dinn\u00e9 v\u00e1lce (vyu\u017e\u00edvaj\u00edc\u00ed hydraulickou s\u00edlu v obou sm\u011brech) pro spln\u011bn\u00ed r\u016fzn\u00fdch provozn\u00edch pot\u0159eb. N\u011bkter\u00e9 modely jsou tak\u00e9 vybaveny teleskopickou konstrukc\u00ed, kter\u00e1 umo\u017e\u0148uje v\u011bt\u0161\u00ed v\u00fdsuv bez zv\u011bt\u0161en\u00ed vn\u011bj\u0161\u00edch rozm\u011br\u016f, a proto jsou vhodn\u00e9 pro aplikace s omezen\u00fdm prostorem.<\/li>\n<\/ul>\n<h2>V\u00fdrobn\u00ed kapacita<\/h2>\n<p>Jsme schopni vyrobit tento produkt tak, aby dokonale nahradil r\u016fzn\u00e9 hydraulick\u00e9 v\u00e1lce na trhu.<\/p>\n<p><img decoding=\"async\" src=\"https:\/\/www.hydraulic-cylinders.net\/wp-content\/uploads\/2025\/04\/songte-cylinder-head-with-all-kinds-excavator-models.webp\" alt=\"Hlava v\u00e1lc\u016f pro bagry\"><\/p>\n<h2>Aplikace v\u00e1lce v\u00fdlo\u017en\u00edku<\/h2>\n<ul>\n<li><strong>Stavebn\u00ed vybaven\u00ed:<\/strong> Tyto v\u00e1lce, kter\u00e9 se nach\u00e1zej\u00ed v bagrech, jsou nezbytn\u00e9 pro kop\u00e1n\u00ed, nakl\u00e1d\u00e1n\u00ed a p\u0159emis\u0165ov\u00e1n\u00ed zeminy nebo suti. U rypadlo-naklada\u010d\u016f v\u00e1lec kore\u010dkov\u00e9ho v\u00e1lce pom\u00e1h\u00e1 jak p\u0159i v\u00fdkopov\u00fdch, tak i p\u0159i zved\u00e1n\u00ed, co\u017e z n\u011bj \u010din\u00ed kl\u00ed\u010dovou sou\u010d\u00e1st.<\/li>\n<li><strong>Zem\u011bd\u011blsk\u00e9 stroje:<\/strong> Tyto v\u00e1lce, pou\u017e\u00edvan\u00e9 v \u010deln\u00edch naklada\u010d\u00edch pro nab\u00edr\u00e1n\u00ed, zved\u00e1n\u00ed a p\u0159epravu p\u016fdy, sena a dal\u0161\u00edch materi\u00e1l\u016f, jsou kl\u00ed\u010dov\u00e9 pro efektivn\u00ed zem\u011bd\u011blsk\u00e9 operace a zvy\u0161uj\u00ed produktivitu.<\/li>\n<li><strong>Bagry:<\/strong> V\u00e1lec l\u017e\u00edce umo\u017e\u0148uje ryp\u00e1n\u00ed t\u00edm, \u017ee l\u017e\u00edce efektivn\u011b pronik\u00e1 do p\u016fdy, \u010d\u00edm\u017e se zlep\u0161uje provozn\u00ed efektivita a zkracuje \u010das str\u00e1ven\u00fd prac\u00ed.<\/li>\n<li><strong>Naklada\u010de:<\/strong> U \u010deln\u00edch naklada\u010d\u016f tyto v\u00e1lce efektivn\u011b pom\u00e1haj\u00ed p\u0159i zved\u00e1n\u00ed a vykl\u00e1p\u011bn\u00ed b\u0159emen, co\u017e je \u010din\u00ed nepostradateln\u00fdmi pro r\u016fzn\u00e9 nakl\u00e1dac\u00ed operace.<\/li>\n<\/ul>\n<h2>Konstruk\u010dn\u00ed aspekty a krit\u00e9ria v\u00fdb\u011bru<\/h2>\n<ul>\n<li><strong>Nosnost:<\/strong> Konstrukce mus\u00ed zohled\u0148ovat maxim\u00e1ln\u00ed po\u017eadavky na zat\u00ed\u017een\u00ed dan\u00e9 aplikace. To zahrnuje zohledn\u011bn\u00ed statick\u00e9 i dynamick\u00e9 z\u00e1t\u011b\u017ee, aby byla zaji\u0161t\u011bna provozn\u00ed bezpe\u010dnost a p\u0159ede\u0161lo se poruch\u00e1m.<\/li>\n<li><strong>\u00da\u010dinnost t\u011bsn\u011bn\u00ed:<\/strong> Integrita t\u011bsn\u011bn\u00ed je z\u00e1sadn\u00ed pro prevenci \u00fanik\u016f hydraulick\u00e9 kapaliny, kter\u00e9 mohou v\u00e9st k poruch\u00e1m syst\u00e9mu. T\u011bsn\u011bn\u00ed mus\u00ed b\u00fdt vybr\u00e1na na z\u00e1klad\u011b jejich kompatibility s pou\u017eit\u00fdmi hydraulick\u00fdmi kapalinami a jejich schopnosti odol\u00e1vat provozn\u00edm podm\u00ednk\u00e1m.<\/li>\n<li><strong>Trvanlivost:<\/strong> Materi\u00e1ly pou\u017eit\u00e9 p\u0159i v\u00fdrob\u011b mus\u00ed b\u00fdt odoln\u00e9 v\u016f\u010di opot\u0159eben\u00ed a korozi, zejm\u00e9na v n\u00e1ro\u010dn\u00e9m prost\u0159ed\u00ed. Pravideln\u00e9 testov\u00e1n\u00ed a hodnocen\u00ed kvality zaji\u0161\u0165uj\u00ed, \u017ee si v\u00e1lce zachovaj\u00ed svou trvanlivost v pr\u016fb\u011bhu \u010dasu.<\/li>\n<li><strong>Bezpe\u010dnostn\u00ed prvky:<\/strong> Za\u010dlen\u011bn\u00ed bezpe\u010dnostn\u00edch mechanism\u016f, jako jsou p\u0159etlakov\u00e9 ventily a bezpe\u010dnostn\u00ed z\u00e1mky, je nezbytn\u00e9 pro ochranu obsluhy i za\u0159\u00edzen\u00ed p\u0159ed poruchou nebo nadm\u011brn\u00fdm tlakem.<\/li>\n<li><strong>P\u0159\u00edstupnost \u00fadr\u017eby:<\/strong> Konstrukce by m\u011bla umo\u017e\u0148ovat snadn\u00fd p\u0159\u00edstup ke komponent\u016fm pro b\u011b\u017enou \u00fadr\u017ebu a opravy, minimalizovat prostoje a prodlu\u017eovat celkovou \u017eivotnost v\u00e1lce.<\/li>\n<\/ul>\n<p><img decoding=\"async\" src=\"https:\/\/www.hydraulic-cylinders.net\/wp-content\/uploads\/2025\/04\/songte-oil-pipes-and-spare-parts.webp\" alt=\"Hydraulick\u00e9 d\u00edly\"><\/p>\n<h2>T\u011bsn\u011bn\u00ed a maz\u00e1n\u00ed<\/h2>\n<p>\u00da\u010dinn\u00e9 t\u011bsn\u011bn\u00ed a maz\u00e1n\u00ed jsou pro v\u00fdkon hydraulick\u00fdch v\u00e1lc\u016f z\u00e1sadn\u00ed. Pro udr\u017een\u00ed integrity hydraulick\u00e9ho syst\u00e9mu se pou\u017e\u00edvaj\u00ed r\u016fzn\u00e9 typy t\u011bsn\u011bn\u00ed, jako jsou p\u00edstn\u00ed t\u011bsn\u011bn\u00ed a p\u00edstn\u00ed t\u011bsn\u011bn\u00ed. T\u011bsn\u011bn\u00ed vyroben\u00e1 z odoln\u00fdch materi\u00e1l\u016f, jako je polyuretan a nitrilov\u00e1 pry\u017e, jsou up\u0159ednost\u0148ov\u00e1na pro sv\u00e9 vlastnosti odoln\u00e9 proti opot\u0159eben\u00ed. T\u011bleso v\u00e1lce a z\u00e1vitov\u00e9 koncov\u00e9 plochy proch\u00e1zej\u00ed jemn\u00fdm obr\u00e1b\u011bn\u00edm pro zv\u00fd\u0161en\u00ed trvanlivosti a odolnosti proti opot\u0159eben\u00ed. Pravideln\u00e9 maz\u00e1n\u00ed hydraulick\u00fdm olejem je nezbytn\u00e9 pro zaji\u0161t\u011bn\u00ed plynul\u00e9ho provozu a zabr\u00e1n\u011bn\u00ed t\u0159en\u00ed, kter\u00e9 by mohlo v\u00e9st k p\u0159ed\u010dasn\u00e9mu opot\u0159eben\u00ed.<\/p>\n<h2>Preventivn\u00ed \u00fadr\u017ebov\u00e1 opat\u0159en\u00ed<\/h2>\n<ul>\n<li><strong>Pravideln\u00e9 kontroly:<\/strong> Prov\u00e1d\u011bn\u00ed pravideln\u00fdch kontrol net\u011bsnost\u00ed, opot\u0159eben\u00ed a dal\u0161\u00edch zn\u00e1mek po\u0161kozen\u00ed pom\u00e1h\u00e1 identifikovat probl\u00e9my d\u0159\u00edve, ne\u017e se rozvinou do z\u00e1va\u017en\u011bj\u0161\u00edch probl\u00e9m\u016f.<\/li>\n<li><strong>Vhodn\u00e9 maz\u00e1n\u00ed:<\/strong> Zaji\u0161t\u011bn\u00ed dostate\u010dn\u00e9 hladiny hydraulick\u00e9ho oleje a \u00fadr\u017eba mazac\u00edch bod\u016f m\u016f\u017ee pomoci zv\u00fd\u0161it v\u00fdkon a prodlou\u017eit \u017eivotnost v\u00e1lce.<\/li>\n<li><strong>V\u00fdm\u011bna t\u011bsn\u011bn\u00ed:<\/strong> Pravideln\u00e1 v\u00fdm\u011bna t\u011bsn\u011bn\u00ed na z\u00e1klad\u011b opot\u0159eben\u00ed m\u016f\u017ee zabr\u00e1nit \u00fanik\u016fm a udr\u017eet \u00fa\u010dinnost hydraulick\u00fdch syst\u00e9m\u016f.<\/li>\n<\/ul>\n<h2>Pokyny k instalaci<\/h2>\n<p>Spr\u00e1vn\u00e1 instalace je z\u00e1sadn\u00ed pro efektivn\u00ed provoz hydraulick\u00fdch v\u00e1lc\u016f. Za\u010dn\u011bte t\u00edm, \u017ee se ujist\u00edte, \u017ee v\u0161echny sou\u010d\u00e1sti jsou \u010dist\u00e9 a bez ne\u010distot. V\u00e1lec p\u0159esn\u011b vyrovnejte s mont\u00e1\u017en\u00edmi body a zajist\u011bte jej pomoc\u00ed vhodn\u00fdch mont\u00e1\u017en\u00edch konzol. Ut\u00e1hn\u011bte v\u0161echny upev\u0148ovac\u00ed prvky podle specifikac\u00ed v\u00fdrobce, aby se zabr\u00e1nilo uvoln\u011bn\u00ed b\u011bhem provozu. Ujist\u011bte se, \u017ee hydraulick\u00e9 potrub\u00ed je spr\u00e1vn\u011b p\u0159ipojeno a nen\u00ed zalomen\u00e9 nebo p\u0159ek\u00e1\u017e\u00ed. Nakonec odvzdu\u0161n\u011bte syst\u00e9m, abyste odstranili v\u0161echny vzduchov\u00e9 kapsy, a zajistili tak hladk\u00fd chod v\u00e1lce.<\/p>\n<h2>B\u011b\u017en\u00e9 \u00fakoly \u00fadr\u017eby<\/h2>\n<ul>\n<li><strong>Rutinn\u00ed kontroly:<\/strong> Pravideln\u00e9 vizu\u00e1ln\u00ed kontroly pom\u00e1haj\u00ed odhalit jak\u00e9koli zn\u00e1mky opot\u0159eben\u00ed nebo po\u0161kozen\u00ed, co\u017e umo\u017e\u0148uje proaktivn\u00ed \u00fadr\u017ebu.<\/li>\n<li><strong>Spr\u00e1vn\u00e9 maz\u00e1n\u00ed:<\/strong> Aplikace spr\u00e1vn\u00e9ho mno\u017estv\u00ed hydraulick\u00e9ho oleje v ur\u010den\u00fdch intervalech zaji\u0161\u0165uje hladk\u00fd chod a dlouhou \u017eivotnost v\u00e1lce.<\/li>\n<li><strong>V\u00fdm\u011bna t\u011bsn\u011bn\u00ed:<\/strong> Sledov\u00e1n\u00ed opot\u0159eben\u00ed t\u011bsn\u011bn\u00ed a jejich v\u010dasn\u00e1 v\u00fdm\u011bna je nezbytn\u00e1 pro prevenci \u00fanik\u016f kapalin a zachov\u00e1n\u00ed integrity syst\u00e9mu.<\/li>\n<\/ul>\n<h2>Bezpe\u010dnostn\u00ed aspekty a faktory prost\u0159ed\u00ed<\/h2>\n<p>P\u0159i pou\u017e\u00edv\u00e1n\u00ed hydraulick\u00fdch v\u00e1lc\u016f je z\u00e1sadn\u00ed dodr\u017eov\u00e1n\u00ed bezpe\u010dnostn\u00edch opat\u0159en\u00ed. Obsluha by m\u011bla b\u00fdt pro\u0161kolena ve spr\u00e1vn\u00e9m pou\u017e\u00edv\u00e1n\u00ed a manipulaci s hydraulick\u00fdm za\u0159\u00edzen\u00edm, aby se p\u0159ede\u0161lo nehod\u00e1m. Krom\u011b toho je nezbytn\u00e9 dodr\u017eovat p\u0159edpisy na ochranu \u017eivotn\u00edho prost\u0159ed\u00ed, zejm\u00e9na pokud jde o likvidaci hydraulick\u00fdch kapalin a \u0159e\u0161en\u00ed p\u0159\u00edpadn\u00fdch \u00fanik\u016f nebo rozlit\u00ed.<\/p>\n<h2>Odstra\u0148ov\u00e1n\u00ed probl\u00e9m\u016f a b\u011b\u017en\u00e9 probl\u00e9my<\/h2>\n<ul>\n<li><strong>\u00danik:<\/strong> Net\u011bsnosti lze \u010dasto vysledovat a\u017e k opot\u0159ebovan\u00fdm t\u011bsn\u011bn\u00edm nebo armatur\u00e1m. Pravideln\u00e9 kontroly mohou p\u0159edej\u00edt z\u00e1va\u017en\u00fdm probl\u00e9m\u016fm.<\/li>\n<li><strong>Nekonzistentn\u00ed pohyb:<\/strong> To m\u016f\u017ee nazna\u010dovat probl\u00e9m s hladinou hydraulick\u00e9 kapaliny nebo ucp\u00e1n\u00ed v potrub\u00ed.<\/li>\n<li><strong>P\u0159eh\u0159\u00e1t\u00ed:<\/strong> Nadm\u011brn\u00e9 teplo m\u016f\u017ee signalizovat, \u017ee je syst\u00e9m pod tlakem nebo \u017ee je v syst\u00e9mu nedostate\u010dn\u00e9 mazivo, co\u017e vy\u017eaduje kontrolu syst\u00e9mu.<\/li>\n<\/ul>\n<h2>Tipy pro \u0159e\u0161en\u00ed probl\u00e9m\u016f<\/h2>\n<p>Pro efektivn\u00ed diagnostiku a \u0159e\u0161en\u00ed probl\u00e9m\u016f za\u010dn\u011bte pozorov\u00e1n\u00edm v\u00fdkonu hydraulick\u00e9ho v\u00e1lce. Identifikujte jak\u00e9koli nepravideln\u00e9 zvuky, pohyby nebo net\u011bsnosti. Zkontrolujte hladiny kapalin a ujist\u011bte se, \u017ee jsou na spr\u00e1vn\u00e9 \u00farovni. Pokud probl\u00e9m p\u0159etrv\u00e1v\u00e1, \u0159i\u010fte se pokyny v\u00fdrobce, kde naleznete konkr\u00e9tn\u00ed kroky pro \u0159e\u0161en\u00ed probl\u00e9m\u016f. Pro minimalizaci potenci\u00e1ln\u00edch probl\u00e9m\u016f prov\u00e1d\u011bjte preventivn\u00ed opat\u0159en\u00ed, jako je pravideln\u00e1 \u00fadr\u017eba a kontroly.<\/p>\n<p><img decoding=\"async\" src=\"https:\/\/www.hydraulic-cylinders.net\/wp-content\/uploads\/2025\/04\/songte-bushings-with-all-kinds-of-excavator-models.webp\" alt=\"Pouzdra pro bagry\"><\/p>\n<h2>O na\u0161\u00ed spole\u010dnosti<\/h2>\n<p>Jsme p\u0159edn\u00edm v\u00fdrobcem a velkoobchodn\u00edkem alternativn\u00edch hydraulick\u00fdch v\u00e1lc\u016f a specializujeme se na \u0161irokou \u0161k\u00e1lu produkt\u016f. N\u00e1\u0161 z\u00e1vazek k dokonalosti a kvalit\u011b je podpo\u0159en propracovanou v\u00fdrobn\u00ed strategi\u00ed, kter\u00e1 vyu\u017e\u00edv\u00e1 pokro\u010dil\u00e9 technologie, kvalifikovan\u00fd person\u00e1l a p\u0159\u00edsn\u00fd syst\u00e9m kontroly kvality. Jsme hrd\u00ed na na\u0161i schopnost uspokojit rozmanit\u00e9 pot\u0159eby z\u00e1kazn\u00edk\u016f prost\u0159ednictv\u00edm \u0159e\u0161en\u00ed na m\u00edru, certifikovan\u00fdch mezin\u00e1rodn\u00edch standard\u016f a v\u00fdjime\u010dn\u00e9ho poprodejn\u00edho servisu.<\/p>\n<p><img decoding=\"async\" src=\"https:\/\/www.hydraulic-cylinders.net\/wp-content\/uploads\/2025\/04\/songte-company-4.webp\" alt=\"Obr\u00e1zek spole\u010dnosti 1\"><br \/>\n<img decoding=\"async\" src=\"https:\/\/www.hydraulic-cylinders.net\/wp-content\/uploads\/2025\/04\/songte-company-3.webp\" alt=\"Obr\u00e1zek spole\u010dnosti 2\"><\/p>\n<p>Autor: lyl<\/p>","protected":false},"excerpt":{"rendered":"<p>Boom Cylinder For World Small Excavator W235 Product Overview The Boom Cylinder for World Small Excavator W235 is a specialized hydraulic cylinder designed to control the movement of the bucket in various heavy machinery, such as excavators, backhoes, and front loaders. This vital component allows the bucket to lift, lower, and tilt, facilitating efficient material [&hellip;]<\/p>","protected":false},"featured_media":17872,"comment_status":"open","ping_status":"closed","template":"","meta":{"_et_pb_use_builder":"","_et_pb_old_content":"","_et_gb_content_width":""},"product_brand":[],"product_cat":[1546],"product_tag":[1547,1496],"class_list":{"0":"post-19458","1":"product","2":"type-product","3":"status-publish","4":"has-post-thumbnail","6":"product_cat-boom-cylinders","7":"product_tag-boom-cylinders","8":"product_tag-hydraulic-cylinders","10":"first","11":"instock","12":"shipping-taxable","13":"product-type-simple"},"amp_enabled":true,"_links":{"self":[{"href":"https:\/\/www.hydraulic-cylinders.net\/cs\/wp-json\/wp\/v2\/product\/19458","targetHints":{"allow":["GET"]}}],"collection":[{"href":"https:\/\/www.hydraulic-cylinders.net\/cs\/wp-json\/wp\/v2\/product"}],"about":[{"href":"https:\/\/www.hydraulic-cylinders.net\/cs\/wp-json\/wp\/v2\/types\/product"}],"replies":[{"embeddable":true,"href":"https:\/\/www.hydraulic-cylinders.net\/cs\/wp-json\/wp\/v2\/comments?post=19458"}],"wp:featuredmedia":[{"embeddable":true,"href":"https:\/\/www.hydraulic-cylinders.net\/cs\/wp-json\/wp\/v2\/media\/17872"}],"wp:attachment":[{"href":"https:\/\/www.hydraulic-cylinders.net\/cs\/wp-json\/wp\/v2\/media?parent=19458"}],"wp:term":[{"taxonomy":"product_brand","embeddable":true,"href":"https:\/\/www.hydraulic-cylinders.net\/cs\/wp-json\/wp\/v2\/product_brand?post=19458"},{"taxonomy":"product_cat","embeddable":true,"href":"https:\/\/www.hydraulic-cylinders.net\/cs\/wp-json\/wp\/v2\/product_cat?post=19458"},{"taxonomy":"product_tag","embeddable":true,"href":"https:\/\/www.hydraulic-cylinders.net\/cs\/wp-json\/wp\/v2\/product_tag?post=19458"}],"curies":[{"name":"wp","href":"https:\/\/api.w.org\/{rel}","templated":true}]}}