{"id":19462,"date":"2025-04-07T06:48:53","date_gmt":"2025-04-07T06:48:53","guid":{"rendered":"https:\/\/www.hydraulic-cylinders.net\/product\/boom-cylinder-for-world-small-excavator-w2150-8\/"},"modified":"2025-04-07T06:48:55","modified_gmt":"2025-04-07T06:48:55","slug":"boom-cylinder-for-world-small-excavator-w2150-8","status":"publish","type":"product","link":"https:\/\/www.hydraulic-cylinders.net\/cs\/produkt\/boom-cylinder-for-world-small-excavator-w2150-8\/","title":{"rendered":"V\u00e1lec v\u00fdlo\u017en\u00edku pro mal\u00e9 bagry World W2150-8"},"content":{"rendered":"<h1>V\u00e1lec v\u00fdlo\u017en\u00edku pro mal\u00e9 bagry World W2150-8<\/h1>\n<h2>Definice v\u00e1lce v\u00fdlo\u017en\u00edku<\/h2>\n<p>Hydraulick\u00fd v\u00e1lec v\u00fdlo\u017en\u00edku je kl\u00ed\u010dov\u00e1 hydraulick\u00e1 sou\u010d\u00e1st speci\u00e1ln\u011b navr\u017een\u00e1 pro \u0159\u00edzen\u00ed pohybu l\u017e\u00edc v t\u011b\u017ek\u00fdch stroj\u00edch, jako jsou rypadla, r\u00fdpadlo-naklada\u010de a \u010deln\u00ed naklada\u010de. Tento hydraulick\u00fd v\u00e1lec umo\u017e\u0148uje l\u017e\u00edci zvedat, spou\u0161t\u011bt a nakl\u00e1n\u011bt, co\u017e usnad\u0148uje efektivn\u00ed manipulaci s materi\u00e1lem. Hraje kl\u00ed\u010dovou roli v hydraulick\u00fdch syst\u00e9mech t\u00edm, \u017ee p\u0159em\u011b\u0148uje hydraulickou energii na mechanickou s\u00edlu, co\u017e umo\u017e\u0148uje obsluze prov\u00e1d\u011bt r\u016fzn\u00e9 \u00fakoly s p\u0159esnost\u00ed a kontrolou. V\u00e1lec v\u00fdlo\u017en\u00edku je navr\u017een tak, aby odolal vysok\u00e9mu tlaku a zajistil spolehliv\u00fd v\u00fdkon v n\u00e1ro\u010dn\u00fdch prost\u0159ed\u00edch.<\/p>\n<p><img decoding=\"async\" src=\"https:\/\/www.hydraulic-cylinders.net\/wp-content\/uploads\/2025\/04\/songte-company-1.webp\" alt=\"Hydraulick\u00fd v\u00e1lec\"><\/p>\n<h2>Vlastnosti v\u00e1lce v\u00fdlo\u017en\u00edku<\/h2>\n<ul>\n<li><strong>Vysok\u00e1 pevnost a trvanlivost:<\/strong> Vyrobeno z vysokopevnostn\u00ed oceli nebo hlin\u00edku, aby odolalo vysok\u00e9mu tlaku a velk\u00e9mu zat\u00ed\u017een\u00ed, navr\u017eeno pro odolnost proti opot\u0159eben\u00ed a korozi pro prodlou\u017een\u00ed \u017eivotnosti.<\/li>\n<li><strong>Efektivn\u00ed hydraulick\u00fd provoz:<\/strong> Vyu\u017e\u00edv\u00e1 hydraulick\u00fd tlak oleje pro plynul\u00e9 vysouv\u00e1n\u00ed a zasouv\u00e1n\u00ed, co\u017e nab\u00edz\u00ed rychlou odezvu na ovl\u00e1dac\u00ed povely a v\u00fdkonn\u00e9 funkce push-pull pro zvl\u00e1d\u00e1n\u00ed t\u011b\u017ek\u00fdch a slo\u017eit\u00fdch \u00fakol\u016f.<\/li>\n<li><strong>R\u016fzn\u00e9 typy:<\/strong> K dispozici jsou jedno\u010dinn\u00e9 nebo dvoj\u010dinn\u00e9 v\u00e1lce pro spln\u011bn\u00ed r\u016fzn\u00fdch provozn\u00edch pot\u0159eb. N\u011bkter\u00e9 modely jsou teleskopick\u00e9, co\u017e umo\u017e\u0148uje v\u011bt\u0161\u00ed vysunut\u00ed bez zv\u011bt\u0161en\u00ed vn\u011bj\u0161\u00edch rozm\u011br\u016f, a jsou vhodn\u00e9 pro omezen\u00e9 aplikace.<\/li>\n<li><strong>Zak\u00e1zkov\u00e1 v\u00fdroba:<\/strong> Na\u0161e produkty dokonale nahrazuj\u00ed r\u016fzn\u00e9 hydraulick\u00e9 v\u00e1lce a zaji\u0161\u0165uj\u00ed tak kompatibilitu a v\u00fdkon.<\/li>\n<\/ul>\n<p><img decoding=\"async\" src=\"https:\/\/www.hydraulic-cylinders.net\/wp-content\/uploads\/2025\/04\/songte-cylinder-head-with-all-kinds-excavator-models.webp\" alt=\"Modely bagr\u016f\"><\/p>\n<h2>Aplikace v\u00e1lce v\u00fdlo\u017en\u00edku<\/h2>\n<h3>Stavebn\u00ed stroje<\/h3>\n<p>U bagr\u016f jsou v\u00e1lce v\u00fdlo\u017en\u00edku nezbytn\u00e9 pro kop\u00e1n\u00ed, nakl\u00e1d\u00e1n\u00ed a p\u0159emis\u0165ov\u00e1n\u00ed zeminy nebo suti. Umo\u017e\u0148uj\u00ed l\u017e\u00edci efektivn\u011b pronikat do zem\u011b, co\u017e umo\u017e\u0148uje obsluze efektivn\u011b prov\u00e1d\u011bt v\u00fdkopov\u00e9 pr\u00e1ce. U rypadlo-naklada\u010d\u016f v\u00e1lec v\u00fdlo\u017en\u00edku usnad\u0148uje kop\u00e1n\u00ed i zved\u00e1n\u00ed, tak\u017ee je nepostradateln\u00fd na staveni\u0161t\u00edch.<\/p>\n<h3>Zem\u011bd\u011blsk\u00e9 stroje<\/h3>\n<p>V\u00e1lce v\u00fdlo\u017en\u00edku, pou\u017e\u00edvan\u00e9 v \u010deln\u00edch naklada\u010d\u00edch, pom\u00e1haj\u00ed p\u0159i nab\u00edr\u00e1n\u00ed, zved\u00e1n\u00ed a p\u0159eprav\u011b p\u016fdy, sena a dal\u0161\u00edch materi\u00e1l\u016f. D\u00edky sv\u00e9 schopnosti p\u0159esn\u00e9ho ovl\u00e1d\u00e1n\u00ed jsou ide\u00e1ln\u00ed pro zem\u011bd\u011blsk\u00e9 \u00fakoly, kde je kl\u00ed\u010dov\u00e1 efektivita a \u00fa\u010dinnost.<\/p>\n<h3>Bagry<\/h3>\n<p>U rypadel umo\u017e\u0148uje v\u00e1lec v\u00fdlo\u017en\u00edku pronik\u00e1n\u00ed l\u017e\u00edce do zem\u011b pro rypadla. Poskytuje pot\u0159ebnou s\u00edlu a ovl\u00e1d\u00e1n\u00ed pro man\u00e9vrov\u00e1n\u00ed l\u017e\u00edce v r\u016fzn\u00fdch p\u016fdn\u00edch podm\u00ednk\u00e1ch, co\u017e z n\u011bj \u010din\u00ed kl\u00ed\u010dovou sou\u010d\u00e1st p\u0159i zemn\u00edch prac\u00edch.<\/p>\n<h3>Naklada\u010de<\/h3>\n<p>U \u010deln\u00edch naklada\u010d\u016f \u00fa\u010dinn\u011b p\u0159isp\u00edvaj\u00ed v\u00e1lce v\u00fdlo\u017en\u00edku ke zved\u00e1n\u00ed a vykl\u00e1p\u011bn\u00ed b\u0159emen. Jejich konstrukce zaji\u0161\u0165uje, \u017ee obsluha m\u016f\u017ee snadno manipulovat s t\u011b\u017ek\u00fdmi materi\u00e1ly, co\u017e zvy\u0161uje celkovou produktivitu na pracovi\u0161ti.<\/p>\n<h2>Konstruk\u010dn\u00ed aspekty a krit\u00e9ria v\u00fdb\u011bru<\/h2>\n<h3>Nosnost<\/h3>\n<p>Nosnost v\u00e1lce v\u00fdlo\u017en\u00edku je kritick\u00fdm faktorem. Mus\u00ed b\u00fdt p\u0159izp\u016fsobena tak, aby unesla o\u010dek\u00e1vanou hmotnost b\u011bhem provozu. P\u0159et\u00ed\u017een\u00ed m\u016f\u017ee v\u00e9st k selh\u00e1n\u00ed v\u00e1lce, proto je nezbytn\u00e9 p\u0159esn\u011b posoudit provozn\u00ed po\u017eadavky a vybrat v\u00e1lec, kter\u00fd tyto pot\u0159eby spl\u0148uje nebo p\u0159ekra\u010duje.<\/p>\n<h3>T\u011bsn\u011bn\u00ed<\/h3>\n<p>\u00da\u010dinn\u00e9 t\u011bsn\u011bn\u00ed je z\u00e1sadn\u00ed pro udr\u017een\u00ed hydraulick\u00e9ho tlaku a prevenci \u00fanik\u016f kapalin. Pro zv\u00fd\u0161en\u00ed odolnosti a v\u00fdkonu za podm\u00ednek vysok\u00e9ho tlaku se \u010dasto pou\u017e\u00edvaj\u00ed pokro\u010dil\u00e9 t\u011bsnic\u00ed materi\u00e1ly, jako je polyuretan a nitrilov\u00e1 pry\u017e, co\u017e zaji\u0161\u0165uje del\u0161\u00ed \u017eivotnost v\u00e1lce.<\/p>\n<h3>Trvanlivost<\/h3>\n<p>Trvanlivost je kl\u00ed\u010dov\u00fdm krit\u00e9riem p\u0159i konstrukci v\u00e1lc\u016f v\u00fdlo\u017en\u00edku. M\u011bly by b\u00fdt vyrobeny z robustn\u00edch materi\u00e1l\u016f, aby odolaly n\u00e1ro\u010dn\u00e9mu pracovn\u00edmu prost\u0159ed\u00ed. Pravideln\u00e1 \u00fadr\u017eba a kvalitn\u00ed v\u00fdrobn\u00ed procesy v\u00fdznamn\u011b p\u0159isp\u00edvaj\u00ed k dlouh\u00e9 \u017eivotnosti v\u00e1lc\u016f.<\/p>\n<h3>Bezpe\u010dnost<\/h3>\n<p>Do konstrukce v\u00e1lc\u016f v\u00fdlo\u017en\u00edku mus\u00ed b\u00fdt integrov\u00e1ny bezpe\u010dnostn\u00ed prvky, aby se p\u0159ede\u0161lo nehod\u00e1m a chr\u00e1nila obsluha. Pat\u0159\u00ed sem mechanismy pro sn\u00ed\u017een\u00ed tlaku a bezpe\u010dnostn\u00ed z\u00e1mky, kter\u00e9 zaji\u0161\u0165uj\u00ed, \u017ee v\u00e1lec pracuje v bezpe\u010dn\u00fdch mez\u00edch a sni\u017euj\u00ed rizika b\u011bhem provozu.<\/p>\n<h3>Udr\u017eovatelnost<\/h3>\n<p>Snadn\u00e1 \u00fadr\u017eba je dal\u0161\u00edm kritick\u00fdm faktorem p\u0159i v\u00fdb\u011bru v\u00e1lce v\u00fdlo\u017en\u00edku. Konstrukce by m\u011bla umo\u017e\u0148ovat snadn\u00fd p\u0159\u00edstup ke komponent\u016fm pro kontrolu a servis. To zkracuje prostoje a udr\u017euje za\u0159\u00edzen\u00ed v provozuschopn\u00e9m stavu.<\/p>\n<p><img decoding=\"async\" src=\"https:\/\/www.hydraulic-cylinders.net\/wp-content\/uploads\/2025\/04\/songte-oil-pipes-and-spare-parts.webp\" alt=\"Hydraulick\u00e9 d\u00edly\"><\/p>\n<h2>T\u011bsn\u011bn\u00ed a maz\u00e1n\u00ed hydraulick\u00e9ho v\u00e1lce<\/h2>\n<p>Spr\u00e1vn\u00e9 t\u011bsn\u011bn\u00ed a maz\u00e1n\u00ed jsou nezbytn\u00e9 pro optim\u00e1ln\u00ed v\u00fdkon v\u00e1lc\u016f v\u00fdlo\u017en\u00edku. K udr\u017een\u00ed hydraulick\u00e9ho tlaku a zabr\u00e1n\u011bn\u00ed \u00fanik\u016fm se pou\u017e\u00edvaj\u00ed r\u016fzn\u00e9 t\u011bsnic\u00ed komponenty, jako jsou t\u011bsn\u011bn\u00ed p\u00edst\u016f a p\u00edstnic. Tato t\u011bsn\u011bn\u00ed jsou \u010dasto vyrobena z odoln\u00fdch materi\u00e1l\u016f, jako je polyuretan a nitrilov\u00e1 pry\u017e, aby odol\u00e1vala opot\u0159eben\u00ed.<\/p>\n<p>T\u011bleso v\u00e1lce a z\u00e1vitov\u00e9 koncov\u00e9 plochy proch\u00e1zej\u00ed p\u0159esn\u00fdm obr\u00e1b\u011bn\u00edm pro zv\u00fd\u0161en\u00ed odolnosti proti opot\u0159eben\u00ed, zat\u00edmco pravideln\u00e1 \u00fadr\u017eba zahrnuje v\u010dasn\u00e9 maz\u00e1n\u00ed hydraulick\u00fdm olejem pro zaji\u0161t\u011bn\u00ed plynul\u00e9ho provozu. Pro zaji\u0161t\u011bn\u00ed efektivn\u00edho fungov\u00e1n\u00ed syst\u00e9mu je z\u00e1sadn\u00ed sledovat hladinu maz\u00e1n\u00ed a pravideln\u011b aplikovat odpov\u00eddaj\u00edc\u00ed mno\u017estv\u00ed hydraulick\u00e9ho oleje.<\/p>\n<h2>Pravideln\u00e1 kontrola a preventivn\u00ed \u00fadr\u017eba<\/h2>\n<ul>\n<li><strong>Pravideln\u00e9 kontroly:<\/strong> Pravideln\u011b prov\u00e1d\u011bjte vizu\u00e1ln\u00ed kontroly, abyste zkontrolovali net\u011bsnosti, opot\u0159eben\u00ed nebo po\u0161kozen\u00ed. To pom\u00e1h\u00e1 v\u010das identifikovat potenci\u00e1ln\u00ed probl\u00e9my, kter\u00e9 by mohly v\u00e9st k selh\u00e1n\u00ed v\u00e1lce.<\/li>\n<li><strong>Spr\u00e1vn\u00e9 maz\u00e1n\u00ed:<\/strong> Zajist\u011bte, aby byl v\u00e1lec neust\u00e1le dostate\u010dn\u011b maz\u00e1n, aby se sn\u00ed\u017eilo t\u0159en\u00ed a zabr\u00e1nilo se p\u0159ed\u010dasn\u00e9mu opot\u0159eben\u00ed. Pou\u017e\u00edvejte vysoce kvalitn\u00ed hydraulick\u00fd olej a dodr\u017eujte doporu\u010den\u00ed v\u00fdrobce ohledn\u011b interval\u016f maz\u00e1n\u00ed.<\/li>\n<li><strong>V\u00fdm\u011bna t\u011bsn\u011bn\u00ed:<\/strong> Sledujte stav t\u011bsn\u011bn\u00ed a v p\u0159\u00edpad\u011b pot\u0159eby je vym\u011b\u0148ujte, aby se udr\u017eel tlak a zabr\u00e1nilo se net\u011bsnostem. Pravideln\u011b kontrolujte, zda nevykazuj\u00ed zn\u00e1mky opot\u0159eben\u00ed nebo po\u0161kozen\u00ed.<\/li>\n<\/ul>\n<h2>Pokyny k instalaci v\u00e1lce v\u00fdlo\u017en\u00edku<\/h2>\n<p>P\u0159i instalaci v\u00e1lce v\u00fdlo\u017en\u00edku je z\u00e1sadn\u00ed zajistit spr\u00e1vn\u00e9 vyrovn\u00e1n\u00ed, aby se zabr\u00e1nilo nadm\u011brn\u00e9mu nam\u00e1h\u00e1n\u00ed a mo\u017en\u00e9mu selh\u00e1n\u00ed. Za\u010dn\u011bte zaji\u0161t\u011bn\u00edm v\u00e1lce na m\u00edst\u011b pomoc\u00ed vhodn\u00fdch mont\u00e1\u017en\u00edch konzol a podp\u011br. Nespr\u00e1vn\u00e9 vyrovn\u00e1n\u00ed m\u016f\u017ee v\u00e9st k nerovnom\u011brn\u00e9mu opot\u0159eben\u00ed a ovlivnit v\u00fdkon v\u00e1lce.<\/p>\n<p>Pe\u010dliv\u011b dodr\u017eujte pokyny v\u00fdrobce k instalaci a ujist\u011bte se, \u017ee v\u0161echny hydraulick\u00e9 spoje jsou t\u011bsn\u00e9 a bez \u00fanik\u016f. Po instalaci prove\u010fte d\u016fkladnou kontrolu, abyste se ujistili, \u017ee je v\u0161e spr\u00e1vn\u011b nastaveno. P\u0159ed pln\u00fdm rozvinut\u00edm otestujte funkci v\u00e1lce v\u00fdlo\u017en\u00edku za kontrolovan\u00fdch podm\u00ednek, abyste zajistili jeho funk\u010dnost.<\/p>\n<h2>B\u011b\u017en\u00e9 \u00fakoly \u00fadr\u017eby<\/h2>\n<h3>Pravideln\u00e9 kontroly<\/h3>\n<p>Pravideln\u00e9 kontroly jsou nezbytn\u00e9 pro identifikaci potenci\u00e1ln\u00edch probl\u00e9m\u016f d\u0159\u00edve, ne\u017e se vyhrot\u00ed. Kontrola viditeln\u00e9ho po\u0161kozen\u00ed nebo opot\u0159eben\u00ed m\u016f\u017ee pomoci udr\u017eet funk\u010dnost a p\u0159edej\u00edt prostoj\u016fm.<\/p>\n<h3>Spr\u00e1vn\u00e9 maz\u00e1n\u00ed<\/h3>\n<p>Pravideln\u00e9 maz\u00e1n\u00ed je z\u00e1sadn\u00ed pro dlouhou \u017eivotnost a v\u00fdkon v\u00e1lce v\u00fdlo\u017en\u00edku. Nedostate\u010dn\u00e9 maz\u00e1n\u00ed m\u016f\u017ee v\u00e9st ke zv\u00fd\u0161en\u00e9mu t\u0159en\u00ed a opot\u0159eben\u00ed, co\u017e m\u00e1 za n\u00e1sledek p\u0159ed\u010dasn\u00e9 selh\u00e1n\u00ed.<\/p>\n<h3>V\u00fdm\u011bna t\u011bsn\u011bn\u00ed<\/h3>\n<p>V\u00fdm\u011bna t\u011bsn\u011bn\u00ed p\u0159i prvn\u00edch zn\u00e1mk\u00e1ch opot\u0159eben\u00ed m\u016f\u017ee zabr\u00e1nit net\u011bsnostem a udr\u017eet hydraulick\u00fd tlak. Pravideln\u00e1 v\u00fdm\u011bna t\u011bsn\u011bn\u00ed v r\u00e1mci \u00fadr\u017eby je nezbytn\u00e1 pro zaji\u0161t\u011bn\u00ed optim\u00e1ln\u00edho v\u00fdkonu.<\/p>\n<h2>Bezpe\u010dnostn\u00ed aspekty a faktory prost\u0159ed\u00ed<\/h2>\n<p>Bezpe\u010dnostn\u00ed opat\u0159en\u00ed jsou p\u0159i pou\u017e\u00edv\u00e1n\u00ed hydraulick\u00fdch v\u00e1lc\u016f prvo\u0159ad\u00e1. Obsluha by m\u011bla b\u00fdt pro\u0161kolena v rozpozn\u00e1v\u00e1n\u00ed potenci\u00e1ln\u00edch nebezpe\u010d\u00ed spojen\u00fdch s hydraulick\u00fdmi syst\u00e9my, v\u010detn\u011b rizik vysok\u00e9ho tlaku a \u00faniku kapalin. Zaveden\u00ed bezpe\u010dnostn\u00edch protokol\u016f m\u016f\u017ee minimalizovat po\u010det \u00faraz\u016f na pracovi\u0161ti a zajistit bezpe\u010dn\u00e9 pracovn\u00ed prost\u0159ed\u00ed.<\/p>\n<h2>Diagnostika z\u00e1vad a b\u011b\u017en\u00e9 probl\u00e9my<\/h2>\n<ul>\n<li><strong>\u00danik:<\/strong> \u010cast\u00fd probl\u00e9m, kter\u00fd m\u016f\u017ee vzniknout v d\u016fsledku opot\u0159ebovan\u00e9ho t\u011bsn\u011bn\u00ed nebo nespr\u00e1vn\u00e9 instalace. Pravideln\u00e9 kontroly by m\u011bly b\u00fdt prov\u00e1d\u011bny, aby se v\u010das odhalily net\u011bsnosti.<\/li>\n<li><strong>Sn\u00ed\u017een\u00fd v\u00fdkon:<\/strong> Pokud v\u00e1lec v\u00fdlo\u017en\u00edku nefunguje podle o\u010dek\u00e1v\u00e1n\u00ed, m\u016f\u017ee to znamenat \u00fanik nebo zne\u010di\u0161t\u011bn\u00ed hydraulick\u00e9 kapaliny. Je t\u0159eba prov\u00e9st d\u016fkladn\u00e9 kontroly, aby se zjistila p\u0159\u00ed\u010dina.<\/li>\n<li><strong>Hluk b\u011bhem provozu:<\/strong> Neobvykl\u00e9 zvuky mohou signalizovat vnit\u0159n\u00ed opot\u0159eben\u00ed nebo n\u00edzkou hladinu provozn\u00edch kapalin. V\u010dasn\u00e9 \u0159e\u0161en\u00ed t\u011bchto probl\u00e9m\u016f m\u016f\u017ee zabr\u00e1nit dal\u0161\u00edmu po\u0161kozen\u00ed.<\/li>\n<\/ul>\n<h2>Tipy pro \u0159e\u0161en\u00ed probl\u00e9m\u016f<\/h2>\n<p>Aby bylo mo\u017en\u00e9 efektivn\u011b diagnostikovat a \u0159e\u0161it probl\u00e9my, m\u011bli by oper\u00e1to\u0159i za\u010d\u00edt vizu\u00e1ln\u00ed kontrolou, aby identifikovali jak\u00e9koli viditeln\u00e9 zn\u00e1mky po\u0161kozen\u00ed nebo opot\u0159eben\u00ed. Kontrola hladiny a kvality provozn\u00edch kapalin m\u016f\u017ee tak\u00e9 poskytnout informace o probl\u00e9mech s v\u00fdkonem. Veden\u00ed z\u00e1znam\u016f o \u00fadr\u017eb\u00e1\u0159sk\u00fdch \u010dinnostech a probl\u00e9mech m\u016f\u017ee pomoci p\u0159i rozpozn\u00e1v\u00e1n\u00ed vzorc\u016f a \u0159e\u0161en\u00ed opakuj\u00edc\u00edch se probl\u00e9m\u016f.<\/p>\n<p><img decoding=\"async\" src=\"https:\/\/www.hydraulic-cylinders.net\/wp-content\/uploads\/2025\/04\/songte-bushings-with-all-kinds-of-excavator-models.webp\" alt=\"Pouzdra pro bagry\"><\/p>\n<h2>O na\u0161\u00ed spole\u010dnosti<\/h2>\n<p>Jsme p\u0159edn\u00edm v\u00fdrobcem n\u00e1hradn\u00edch hydraulick\u00fdch v\u00e1lc\u016f, nab\u00edz\u00edme komplexn\u00ed sortiment produkt\u016f a st\u00e1v\u00e1me se kl\u00ed\u010dov\u00fdm hr\u00e1\u010dem na dom\u00e1c\u00edm i mezin\u00e1rodn\u00edm trhu. N\u00e1\u0161 z\u00e1vazek k dokonalosti se odr\u00e1\u017e\u00ed v na\u0161ich propracovan\u00fdch v\u00fdrobn\u00edch strategi\u00edch, vyu\u017e\u00edvaj\u00edc\u00edch pokro\u010dil\u00e9 technologie, kvalifikovan\u00fd person\u00e1l a robustn\u00ed syst\u00e9m kontroly kvality. Zam\u011b\u0159ujeme se na vysokou efektivitu, p\u0159esnost a kvalitu, abychom splnili rozmanit\u00e9 pot\u0159eby z\u00e1kazn\u00edk\u016f.<\/p>\n<p>Na\u0161e odborn\u00e9 znalosti sahaj\u00ed i do poskytov\u00e1n\u00ed slu\u017eeb na m\u00edru, dodr\u017eov\u00e1n\u00ed mezin\u00e1rodn\u00edch certifikac\u00ed a nab\u00edzen\u00ed v\u00fdjime\u010dn\u00e9 poprodejn\u00ed podpory, \u010d\u00edm\u017e zaji\u0161\u0165ujeme, \u017ee na\u0161i klienti obdr\u017e\u00ed \u0161pi\u010dkov\u00e9 produkty p\u0159izp\u016fsoben\u00e9 jejich specifick\u00fdm aplikac\u00edm.<\/p>\n<p><img decoding=\"async\" src=\"https:\/\/www.hydraulic-cylinders.net\/wp-content\/uploads\/2025\/04\/songte-company-4.webp\" alt=\"P\u0159ehled spole\u010dnosti\"><br \/>\n<img decoding=\"async\" src=\"https:\/\/www.hydraulic-cylinders.net\/wp-content\/uploads\/2025\/04\/songte-company-3.webp\" alt=\"V\u00fdrobn\u00ed proces\"><\/p>\n<p>Autor: lyl<\/p>","protected":false},"excerpt":{"rendered":"<p>Boom Cylinder For World Small Excavator W2150-8 Definition of Boom Cylinder The Boom Cylinder is a vital hydraulic component specifically designed to manage the movement of buckets in heavy machinery such as excavators, backhoe loaders, and front loaders. This hydraulic cylinder allows the bucket to lift, lower, and tilt, facilitating efficient material handling tasks. It [&hellip;]<\/p>","protected":false},"featured_media":17876,"comment_status":"open","ping_status":"closed","template":"","meta":{"_et_pb_use_builder":"","_et_pb_old_content":"","_et_gb_content_width":""},"product_brand":[],"product_cat":[1546],"product_tag":[1547,1496],"class_list":{"0":"post-19462","1":"product","2":"type-product","3":"status-publish","4":"has-post-thumbnail","6":"product_cat-boom-cylinders","7":"product_tag-boom-cylinders","8":"product_tag-hydraulic-cylinders","10":"first","11":"instock","12":"shipping-taxable","13":"product-type-simple"},"amp_enabled":true,"_links":{"self":[{"href":"https:\/\/www.hydraulic-cylinders.net\/cs\/wp-json\/wp\/v2\/product\/19462","targetHints":{"allow":["GET"]}}],"collection":[{"href":"https:\/\/www.hydraulic-cylinders.net\/cs\/wp-json\/wp\/v2\/product"}],"about":[{"href":"https:\/\/www.hydraulic-cylinders.net\/cs\/wp-json\/wp\/v2\/types\/product"}],"replies":[{"embeddable":true,"href":"https:\/\/www.hydraulic-cylinders.net\/cs\/wp-json\/wp\/v2\/comments?post=19462"}],"wp:featuredmedia":[{"embeddable":true,"href":"https:\/\/www.hydraulic-cylinders.net\/cs\/wp-json\/wp\/v2\/media\/17876"}],"wp:attachment":[{"href":"https:\/\/www.hydraulic-cylinders.net\/cs\/wp-json\/wp\/v2\/media?parent=19462"}],"wp:term":[{"taxonomy":"product_brand","embeddable":true,"href":"https:\/\/www.hydraulic-cylinders.net\/cs\/wp-json\/wp\/v2\/product_brand?post=19462"},{"taxonomy":"product_cat","embeddable":true,"href":"https:\/\/www.hydraulic-cylinders.net\/cs\/wp-json\/wp\/v2\/product_cat?post=19462"},{"taxonomy":"product_tag","embeddable":true,"href":"https:\/\/www.hydraulic-cylinders.net\/cs\/wp-json\/wp\/v2\/product_tag?post=19462"}],"curies":[{"name":"wp","href":"https:\/\/api.w.org\/{rel}","templated":true}]}}