{"id":19466,"date":"2025-04-07T06:49:04","date_gmt":"2025-04-07T06:49:04","guid":{"rendered":"https:\/\/www.hydraulic-cylinders.net\/product\/boom-cylinder-for-world-middle-excavator-w2260lc-8\/"},"modified":"2025-04-07T06:49:07","modified_gmt":"2025-04-07T06:49:07","slug":"boom-cylinder-for-world-middle-excavator-w2260lc-8","status":"publish","type":"product","link":"https:\/\/www.hydraulic-cylinders.net\/cs\/produkt\/boom-cylinder-for-world-middle-excavator-w2260lc-8\/","title":{"rendered":"V\u00e1lec v\u00fdlo\u017en\u00edku pro bagr World Middle W2260LC-8"},"content":{"rendered":"<h1>V\u00e1lec v\u00fdlo\u017en\u00edku pro bagr World Middle W2260LC-8<\/h1>\n<h2>\u00davod k v\u00e1lc\u016fm v\u00fdlo\u017en\u00edku<\/h2>\n<p>Hydraulick\u00fd v\u00e1lec v\u00fdlo\u017en\u00edku je kl\u00ed\u010dovou sou\u010d\u00e1st\u00ed hydraulick\u00fdch syst\u00e9m\u016f t\u011b\u017ek\u00fdch stroj\u016f, zejm\u00e9na u rypadel, jako je W2260LC-8. Slou\u017e\u00ed k ovl\u00e1d\u00e1n\u00ed pohybu v\u00fdlo\u017en\u00edku, umo\u017e\u0148uje jeho zved\u00e1n\u00ed, spou\u0161t\u011bn\u00ed a nakl\u00e1p\u011bn\u00ed, \u010d\u00edm\u017e usnad\u0148uje efektivn\u00ed manipulaci s materi\u00e1lem. Tento specifick\u00fd typ hydraulick\u00e9ho v\u00e1lce je nezbytn\u00fd pro r\u016fzn\u00e9 t\u011b\u017ek\u00e9 stroje, v\u010detn\u011b r\u00fdpadel a \u010deln\u00edch naklada\u010d\u016f, a zvy\u0161uje jejich provozn\u00ed schopnosti.<\/p>\n<p><img decoding=\"async\" src=\"https:\/\/www.hydraulic-cylinders.net\/wp-content\/uploads\/2025\/04\/songte-company-1.webp\" alt=\"V\u00e1lec v\u00fdlo\u017en\u00edku\" \/><\/p>\n<h3>Definice a p\u0159ehled<\/h3>\n<p>Hydraulick\u00fd v\u00e1lec kope\u010dk\u016f je specializovan\u00fd hydraulick\u00fd v\u00e1lec ur\u010den\u00fd k ovl\u00e1d\u00e1n\u00ed pohybu kope\u010dk\u016f v t\u011b\u017ek\u00fdch stroj\u00edch. Umo\u017e\u0148uje p\u0159esn\u00e9 operace a umo\u017e\u0148uje obsluze prov\u00e1d\u011bt \u00fakoly, jako je kop\u00e1n\u00ed, nab\u00edr\u00e1n\u00ed, zved\u00e1n\u00ed a vysyp\u00e1v\u00e1n\u00ed materi\u00e1l\u016f. V hydraulick\u00fdch syst\u00e9mech tyto v\u00e1lce p\u0159em\u011b\u0148uj\u00ed hydraulickou energii na mechanickou energii a poskytuj\u00ed tak pot\u0159ebnou s\u00edlu k man\u00e9vrov\u00e1n\u00ed s t\u011b\u017ek\u00fdmi b\u0159emeny.<\/p>\n<h2>Kl\u00ed\u010dov\u00e9 vlastnosti v\u00e1lce v\u00fdlo\u017en\u00edku<\/h2>\n<ul>\n<li><strong>Vysok\u00e1 pevnost a trvanlivost:<\/strong> V\u00e1lec v\u00fdlo\u017en\u00edku, obvykle vyroben\u00fd z vysokopevnostn\u00ed oceli nebo hlin\u00edku, odol\u00e1 vysok\u00e9mu tlaku a velk\u00e9mu zat\u00ed\u017een\u00ed, tak\u017ee je vhodn\u00fd pro n\u00e1ro\u010dn\u00e9 pracovn\u00ed prost\u0159ed\u00ed. Konstrukce tak\u00e9 zohled\u0148uje odolnost proti opot\u0159eben\u00ed a korozi, aby se prodlou\u017eila jeho \u017eivotnost.<\/li>\n<li><strong>Efektivn\u00ed hydraulick\u00fd provoz:<\/strong> V\u00e1lec vyu\u017e\u00edv\u00e1 hydraulick\u00fd tlak oleje k dosa\u017een\u00ed plynul\u00e9ho vysouv\u00e1n\u00ed a zasouv\u00e1n\u00ed. Rychle reaguje na povely obsluhy a poskytuje siln\u00e9 s\u00edly pro tla\u010den\u00ed a tah, co\u017e ho \u010din\u00ed ide\u00e1ln\u00edm pro zvl\u00e1d\u00e1n\u00ed t\u011b\u017ek\u00fdch a slo\u017eit\u00fdch \u00fakol\u016f.<\/li>\n<li><strong>R\u016fzn\u00e9 typy:<\/strong> V\u00e1lce v\u00fdlo\u017en\u00edku lze p\u0159izp\u016fsobit specifick\u00fdm pot\u0159eb\u00e1m s mo\u017enost\u00ed jedno\u010dinn\u00e9ho (ovl\u00e1d\u00e1n\u00ed v jednom sm\u011bru) nebo dvoj\u010dinn\u00e9ho (ovl\u00e1d\u00e1n\u00ed ve dvou sm\u011brech) proveden\u00ed. N\u011bkter\u00e9 modely maj\u00ed teleskopickou konstrukci pro v\u011bt\u0161\u00ed v\u00fdsuv bez zv\u011bt\u0161en\u00ed vn\u011bj\u0161\u00edch rozm\u011br\u016f, co\u017e je ide\u00e1ln\u00ed pro st\u00edsn\u011bn\u00e9 prostory.<\/li>\n<\/ul>\n<h2>Na\u0161e v\u00fdrobn\u00ed kapacity<\/h2>\n<p>Specializujeme se na v\u00fdrobu v\u00e1lc\u016f pro v\u00fdlo\u017en\u00edky, kter\u00e9 dokonale nahrazuj\u00ed st\u00e1vaj\u00edc\u00ed hydraulick\u00e9 v\u00e1lce. Na\u0161e produkty jsou navr\u017eeny tak, aby spl\u0148ovaly nejvy\u0161\u0161\u00ed standardy kvality a v\u00fdkonu.<\/p>\n<p><img decoding=\"async\" src=\"https:\/\/www.hydraulic-cylinders.net\/wp-content\/uploads\/2025\/04\/songte-cylinder-head-with-all-kinds-excavator-models.webp\" alt=\"Modely bagr\u016f\" \/><\/p>\n<h2>Aplikace v\u00e1lc\u016f v\u00fdlo\u017en\u00edku<\/h2>\n<h3>Stavebn\u00ed stroje<\/h3>\n<p>U bagr\u016f hraje v\u00e1lec v\u00fdlo\u017en\u00edku kl\u00ed\u010dovou roli p\u0159i kop\u00e1n\u00ed, nakl\u00e1d\u00e1n\u00ed a p\u0159emis\u0165ov\u00e1n\u00ed zeminy nebo suti. Jeho hydraulick\u00fd mechanismus umo\u017e\u0148uje siln\u00e9 zved\u00e1n\u00ed a polohov\u00e1n\u00ed l\u017e\u00edce, co\u017e z n\u011bj \u010din\u00ed nepostradatelnou sou\u010d\u00e1st staveni\u0161\u0165. U rypadlo-naklada\u010d\u016f pom\u00e1h\u00e1 v\u00e1lec l\u017e\u00edce nejen p\u0159i v\u00fdkopov\u00fdch, ale i p\u0159i zved\u00e1n\u00ed, co\u017e ukazuje jeho v\u0161estrannost p\u0159i r\u016fzn\u00fdch stavebn\u00edch \u00fakolech.<\/p>\n<h3>Zem\u011bd\u011blsk\u00e9 stroje<\/h3>\n<p>Hydraulick\u00e9 v\u00e1lce v\u00fdlo\u017en\u00edku se pou\u017e\u00edvaj\u00ed v \u010deln\u00edch naklada\u010d\u00edch pro \u00fakoly, jako je nab\u00edr\u00e1n\u00ed, zved\u00e1n\u00ed a p\u0159eprava zeminy, sena a dal\u0161\u00edch materi\u00e1l\u016f. Jejich hydraulick\u00e1 \u00fa\u010dinnost zaji\u0161\u0165uje, \u017ee zem\u011bd\u011blci mohou manipulovat s t\u011b\u017ek\u00fdmi b\u0159emeny s minim\u00e1ln\u00ed fyzickou n\u00e1mahou, \u010d\u00edm\u017e zvy\u0161uj\u00ed produktivitu v zem\u011bd\u011blsk\u00fdch operac\u00edch.<\/p>\n<h3>Bagry<\/h3>\n<p>U rypadel umo\u017e\u0148uje v\u00e1lec l\u017e\u00edce proniknout do p\u016fdy, co\u017e usnad\u0148uje efektivn\u00ed kop\u00e1n\u00ed. Hydraulick\u00e9 funkce zaji\u0161\u0165uj\u00ed p\u0159esn\u00e9 ovl\u00e1d\u00e1n\u00ed, kter\u00e9 umo\u017e\u0148uje obsluze snadno a p\u0159esn\u011b prov\u00e1d\u011bt slo\u017eit\u00e9 \u00fakoly, jako je hlouben\u00ed v\u00fdkop\u016f nebo ter\u00e9nn\u00ed \u00fapravy.<\/p>\n<h3>Naklada\u010de<\/h3>\n<p>U \u010deln\u00edch naklada\u010d\u016f pom\u00e1haj\u00ed v\u00e1lce v\u00fdlo\u017en\u00edku efektivn\u011b zvedat a vykl\u00e1p\u011bt materi\u00e1ly. Hydraulick\u00fd syst\u00e9m poskytuje pot\u0159ebnou s\u00edlu pro zved\u00e1n\u00ed t\u011b\u017ek\u00fdch b\u0159emen, co\u017e z n\u011bj \u010din\u00ed nezbytnou sou\u010d\u00e1st pro operace zahrnuj\u00edc\u00ed manipulaci s materi\u00e1lem a jeho p\u0159epravu.<\/p>\n<h2>Konstruk\u010dn\u00ed aspekty a krit\u00e9ria v\u00fdb\u011bru<\/h2>\n<h3>Nosnost<\/h3>\n<p>P\u0159i v\u00fdb\u011bru v\u00e1lce v\u00fdlo\u017en\u00edku je z\u00e1sadn\u00ed pochopen\u00ed jeho nosnosti. V\u00e1lec mus\u00ed b\u00fdt schopen zvl\u00e1dnout maxim\u00e1ln\u00ed o\u010dek\u00e1van\u00e9 zat\u00ed\u017een\u00ed bez rizika selh\u00e1n\u00ed. In\u017een\u00fd\u0159i obvykle p\u0159i ur\u010dov\u00e1n\u00ed vhodn\u00fdch specifikac\u00ed berou v \u00favahu faktory, jako je hmotnost p\u0159epravovan\u00fdch materi\u00e1l\u016f a provozn\u00ed prost\u0159ed\u00ed.<\/p>\n<h3>T\u011bsn\u011bn\u00ed<\/h3>\n<p>Dobr\u00e9 t\u011bsn\u011bn\u00ed je nezbytn\u00e9 pro dlouhou \u017eivotnost hydraulick\u00fdch v\u00e1lc\u016f. Vysoce kvalitn\u00ed t\u011bsn\u011bn\u00ed zabra\u0148uje \u00fanik\u016fm hydraulick\u00e9 kapaliny, co\u017e m\u016f\u017ee v\u00e9st ke sn\u00ed\u017een\u00ed v\u00fdkonu a potenci\u00e1ln\u00edmu selh\u00e1n\u00ed syst\u00e9mu. R\u016fzn\u00e9 typy t\u011bsn\u011bn\u00ed, v\u010detn\u011b t\u011bsn\u011bn\u00ed p\u00edst\u016f a ty\u010d\u00ed, by m\u011bly b\u00fdt vyb\u00edr\u00e1ny na z\u00e1klad\u011b provozn\u00edch podm\u00ednek, v\u010detn\u011b teplotn\u00edch a tlakov\u00fdch rozsah\u016f.<\/p>\n<h3>Trvanlivost<\/h3>\n<p>Dal\u0161\u00edm kritick\u00fdm faktorem je odolnost. V\u00e1lce v\u00fdlo\u017en\u00edku mus\u00ed odol\u00e1vat n\u00e1ro\u010dn\u00fdm pracovn\u00edm podm\u00ednk\u00e1m, v\u010detn\u011b vystaven\u00ed ne\u010distot\u00e1m, vlhkosti a extr\u00e9mn\u00edm teplot\u00e1m. Pro prodlou\u017een\u00ed \u017eivotnosti a spolehlivosti se \u010dasto vol\u00ed materi\u00e1ly a povlaky, kter\u00e9 odol\u00e1vaj\u00ed opot\u0159eben\u00ed a korozi.<\/p>\n<h3>Bezpe\u010dnost<\/h3>\n<p>Bezpe\u010dnostn\u00ed prvky jsou u hydraulick\u00fdch syst\u00e9m\u016f prvo\u0159ad\u00e9. Konstrukce by m\u011bla zahrnovat bezpe\u010dnostn\u00ed prvky, kter\u00e9 zabra\u0148uj\u00ed n\u00e1hodn\u00e9mu selh\u00e1n\u00ed. In\u017een\u00fd\u0159i mus\u00ed zajistit, aby v\u0161echny komponenty odolaly nep\u0159edv\u00eddan\u00e9mu zat\u00ed\u017een\u00ed a aby byly zavedeny provozn\u00ed protokoly na ochranu obsluhy.<\/p>\n<h3>\u00dadr\u017eba<\/h3>\n<p>Snadn\u00e1 \u00fadr\u017eba je d\u016fle\u017eit\u00fdm faktorem. Dob\u0159e navr\u017een\u00fd v\u00e1lec v\u00fdlo\u017en\u00edku umo\u017e\u0148uje snadn\u00e9 kontroly, servis a v\u00fdm\u011bnu d\u00edl\u016f, co\u017e zaji\u0161\u0165uje jeho provozuschopnost s minim\u00e1ln\u00edmi prostoji. M\u011bly by b\u00fdt stanoveny pravideln\u00e9 pl\u00e1ny \u00fadr\u017eby pro kontrolu t\u011bsn\u011bn\u00ed, maz\u00e1n\u00ed pohybliv\u00fdch \u010d\u00e1st\u00ed a kontrolu opot\u0159eben\u00ed.<\/p>\n<p><img decoding=\"async\" src=\"https:\/\/www.hydraulic-cylinders.net\/wp-content\/uploads\/2025\/04\/songte-oil-pipes-and-spare-parts.webp\" alt=\"Olejov\u00e9 trubky a n\u00e1hradn\u00ed d\u00edly\" \/><\/p>\n<h2>T\u011bsn\u011bn\u00ed a maz\u00e1n\u00ed<\/h2>\n<p>T\u011bsn\u011bn\u00ed a maz\u00e1n\u00ed jsou kl\u00ed\u010dov\u00fdmi aspekty pro udr\u017een\u00ed funk\u010dnosti v\u00e1lce v\u00fdlo\u017en\u00edku. K zabr\u00e1n\u011bn\u00ed \u00faniku hydraulick\u00e9 kapaliny se pou\u017e\u00edvaj\u00ed r\u016fzn\u00e9 t\u011bsnic\u00ed komponenty, jako jsou t\u011bsn\u011bn\u00ed p\u00edst\u016f a t\u011bsn\u011bn\u00ed p\u00edstnic. Je nezbytn\u00e9 volit t\u011bsn\u011bn\u00ed vyroben\u00e1 z odoln\u00fdch materi\u00e1l\u016f, jako je polyuretan nebo nitrilov\u00e1 pry\u017e, kter\u00e9 odol\u00e1vaj\u00ed opot\u0159eben\u00ed a n\u00e1ro\u010dn\u00fdm podm\u00ednk\u00e1m. T\u011bleso v\u00e1lce a z\u00e1vitov\u00e9 koncov\u00e9 plochy proch\u00e1zej\u00ed p\u0159esn\u00fdm zpracov\u00e1n\u00edm pro zv\u00fd\u0161en\u00ed odolnosti proti opot\u0159eben\u00ed.<\/p>\n<p>Pravideln\u00e9 maz\u00e1n\u00ed vhodn\u00fdm hydraulick\u00fdm olejem je tak\u00e9 z\u00e1sadn\u00ed. T\u00edm se sni\u017euje t\u0159en\u00ed uvnit\u0159 v\u00e1lce, zaji\u0161\u0165uje se plynul\u00fd provoz a zabra\u0148uje se p\u0159ed\u010dasn\u00e9mu opot\u0159eben\u00ed sou\u010d\u00e1st\u00ed. Obsluha by si m\u011bla zav\u00e9st rutinu kontroly a dopl\u0148ov\u00e1n\u00ed hydraulick\u00e9ho oleje podle pot\u0159eby, co\u017e p\u0159isp\u00edv\u00e1 k celkov\u00e9 \u00fa\u010dinnosti a \u017eivotnosti hydraulick\u00e9ho syst\u00e9mu.<\/p>\n<h2>Preventivn\u00ed \u00fadr\u017ebov\u00e1 opat\u0159en\u00ed<\/h2>\n<ul>\n<li><strong>Pravideln\u00e9 kontroly:<\/strong> Pravideln\u00e9 kontroly v\u00e1lce v\u00fdlo\u017en\u00edku, zda nevykazuje zn\u00e1mky opot\u0159eben\u00ed nebo po\u0161kozen\u00ed, mohou zabr\u00e1nit vzniku v\u011bt\u0161\u00edch probl\u00e9m\u016f. Zkontrolujte t\u011bsn\u011bn\u00ed, hadice a spoje, zda nedo\u0161lo k \u00fanik\u016fm nebo po\u0161kozen\u00ed.<\/li>\n<li><strong>Spr\u00e1vn\u00e9 maz\u00e1n\u00ed:<\/strong> Zajist\u011bte, aby byl v\u00e1lec maz\u00e1n podle pokyn\u016f v\u00fdrobce. To pom\u00e1h\u00e1 udr\u017eovat hladk\u00fd chod a zabra\u0148uje opot\u0159eben\u00ed.<\/li>\n<li><strong>V\u00fdm\u011bna t\u011bsn\u011bn\u00ed:<\/strong> Postupem \u010dasu se t\u011bsn\u011bn\u00ed mohou opot\u0159ebovat a vy\u017eadovat v\u00fdm\u011bnu. Pravideln\u011b kontrolujte jejich stav a v p\u0159\u00edpad\u011b pot\u0159eby je vym\u011b\u0148ujte, abyste zabr\u00e1nili \u00faniku hydraulick\u00e9 kapaliny.<\/li>\n<\/ul>\n<h2>Pokyny k instalaci<\/h2>\n<p>Pro spr\u00e1vnou instalaci v\u00e1lce v\u00fdlo\u017en\u00edku dodr\u017eujte tyto pokyny:<br \/>\n1. P\u0159ed instalac\u00ed se ujist\u011bte, \u017ee je pracovn\u00ed prostor \u010dist\u00fd a bez ne\u010distot, kter\u00e9 by mohly ru\u0161it funkci v\u00e1lce.<br \/>\n2. Spr\u00e1vn\u011b vyrovnejte v\u00e1lec s mont\u00e1\u017en\u00edmi body, aby se b\u011bhem provozu zabr\u00e1nilo jeho zaseknut\u00ed nebo nespr\u00e1vn\u00e9mu vyrovn\u00e1n\u00ed.<br \/>\n3. Pomoc\u00ed vhodn\u00fdch podp\u011brn\u00fdch konzol upevn\u011bte v\u00e1lec na m\u00edst\u011b a zajist\u011bte jeho stabilitu a nepohyblivost b\u011bhem pou\u017e\u00edv\u00e1n\u00ed.<br \/>\n4. Po upevn\u011bn\u00ed v\u00e1lce p\u0159ipojte hydraulick\u00e9 potrub\u00ed a ujist\u011bte se, \u017ee v\u0161echny spoje jsou t\u011bsn\u00e9, aby nedo\u0161lo k \u00fanik\u016fm.<br \/>\n5. Po instalaci prove\u010fte zku\u0161ebn\u00ed provoz, abyste se p\u0159ed pln\u00fdm pou\u017eit\u00edm ujistili, \u017ee v\u00e1lec funguje spr\u00e1vn\u011b a hladce.<\/p>\n<h2>B\u011b\u017en\u00e9 \u00fakoly \u00fadr\u017eby<\/h2>\n<ul>\n<li><strong>Pravideln\u00e9 kontroly:<\/strong> Pravideln\u00e9 kontroly jsou nezbytn\u00e9 k identifikaci potenci\u00e1ln\u00edch probl\u00e9m\u016f d\u0159\u00edve, ne\u017e se stanou v\u00e1\u017en\u00fdmi. B\u011bhem provozu hledejte zn\u00e1mky net\u011bsnost\u00ed, opot\u0159eben\u00ed nebo jak\u00fdchkoli abnorm\u00e1ln\u00edch zvuk\u016f. Tento proaktivn\u00ed p\u0159\u00edstup m\u016f\u017ee u\u0161et\u0159it \u010das a pen\u00edze na opravy.<\/li>\n<li><strong>Spr\u00e1vn\u00e9 maz\u00e1n\u00ed:<\/strong> Zaji\u0161t\u011bn\u00ed dostate\u010dn\u00e9ho maz\u00e1n\u00ed v\u00e1lce v\u00fdlo\u017en\u00edku je z\u00e1sadn\u00ed pro jeho v\u00fdkon. Pou\u017e\u00edvejte spr\u00e1vn\u00fd typ hydraulick\u00e9ho oleje podle doporu\u010den\u00ed v\u00fdrobce a \u010dasto kontrolujte jeho hladinu, abyste zabr\u00e1nili jeho vypr\u00e1zdn\u011bn\u00ed.<\/li>\n<li><strong>V\u00fdm\u011bna t\u011bsn\u011bn\u00ed:<\/strong> Jak se t\u011bsn\u011bn\u00ed \u010dasem opot\u0159ebov\u00e1vaj\u00ed, m\u011bla by b\u00fdt vym\u011bn\u011bna, aby se zachoval v\u00fdkon v\u00e1lce. Pravideln\u011b kontrolujte t\u011bsn\u011bn\u00ed, zda nevykazuj\u00ed zn\u00e1mky opot\u0159eben\u00ed, a v p\u0159\u00edpad\u011b pot\u0159eby je vym\u011b\u0148te. Spr\u00e1vn\u00e1 \u00fadr\u017eba t\u011bsn\u011bn\u00ed zabra\u0148uje net\u011bsnostem a zaji\u0161\u0165uje hydraulickou \u00fa\u010dinnost.<\/li>\n<\/ul>\n<h2>Bezpe\u010dnostn\u00ed aspekty a faktory prost\u0159ed\u00ed<\/h2>\n<p>P\u0159i pr\u00e1ci s v\u00e1lci v\u00fdlo\u017en\u00edku je zaveden\u00ed bezpe\u010dnostn\u00edch opat\u0159en\u00ed z\u00e1sadn\u00ed pro prevenci nehod. Obsluha by m\u011bla b\u00fdt pro\u0161kolena, aby d\u016fkladn\u011b porozum\u011bla hydraulick\u00fdm syst\u00e9m\u016fm a dodr\u017eovala bezpe\u010dnostn\u00ed protokoly. Je nezbytn\u00e9 nosit vhodn\u00e9 osobn\u00ed ochrann\u00e9 prost\u0159edky (OOP), aby se minimalizovala rizika spojen\u00e1 s \u00fanikem hydraulick\u00e9 kapaliny nebo mechanick\u00fdm selh\u00e1n\u00edm.<\/p>\n<p>U hydraulick\u00fdch operac\u00ed by m\u011bla b\u00fdt zohled\u0148ov\u00e1na i environment\u00e1ln\u00ed udr\u017eitelnost. Pou\u017e\u00edv\u00e1n\u00ed biologicky odbourateln\u00fdch hydraulick\u00fdch kapalin m\u016f\u017ee sn\u00ed\u017eit dopad na \u017eivotn\u00ed prost\u0159ed\u00ed a spr\u00e1vn\u00e1 likvidace opot\u0159ebovan\u00fdch sou\u010d\u00e1st\u00ed je z\u00e1sadn\u00ed pro dodr\u017eov\u00e1n\u00ed ekologick\u00fdch standard\u016f. Programy pr\u016fb\u011b\u017en\u00e9ho \u0161kolen\u00ed a zvy\u0161ov\u00e1n\u00ed pov\u011bdom\u00ed mohou pomoci rozv\u00edjet kulturu bezpe\u010dnosti a environment\u00e1ln\u00ed odpov\u011bdnosti.<\/p>\n<h2>Odstra\u0148ov\u00e1n\u00ed probl\u00e9m\u016f a b\u011b\u017en\u00e9 probl\u00e9my<\/h2>\n<ul>\n<li><strong>\u00danik:<\/strong> K \u00fanik\u016fm hydraulick\u00e9 kapaliny m\u016f\u017ee doch\u00e1zet v d\u016fsledku opot\u0159ebovan\u00fdch t\u011bsn\u011bn\u00ed nebo uvoln\u011bn\u00fdch spoj\u016f. Pravideln\u00e9 kontroly mohou pomoci tyto probl\u00e9my v\u010das odhalit. Uta\u017een\u00ed spoj\u016f nebo v\u00fdm\u011bna t\u011bsn\u011bn\u00ed m\u016f\u017ee probl\u00e9m vy\u0159e\u0161it.<\/li>\n<li><strong>Pomal\u00fd provoz:<\/strong> Pokud se v\u00e1lec v\u00fdlo\u017en\u00edku ot\u00e1\u010d\u00ed pomalu, m\u016f\u017ee to znamenat n\u00edzkou hladinu hydraulick\u00e9 kapaliny nebo vzduch v syst\u00e9mu. Zkontrolujte hladiny kapalin a v p\u0159\u00edpad\u011b pot\u0159eby syst\u00e9m odvzdu\u0161n\u011bte.<\/li>\n<li><strong>Neobvykl\u00e9 zvuky:<\/strong> Zvl\u00e1\u0161tn\u00ed zvuky b\u011bhem provozu mohou nazna\u010dovat opot\u0159eben\u00ed sou\u010d\u00e1st\u00ed nebo nedostate\u010dn\u00e9 maz\u00e1n\u00ed. Prozkoumejte a okam\u017eit\u011b \u0159e\u0161te v\u0161echny potenci\u00e1ln\u00ed probl\u00e9my, abyste p\u0159ede\u0161li dal\u0161\u00edmu po\u0161kozen\u00ed.<\/li>\n<\/ul>\n<p>Efektivn\u00ed \u0159e\u0161en\u00ed probl\u00e9m\u016f zahrnuje pochopen\u00ed p\u0159\u00edznak\u016f a p\u0159ijet\u00ed vhodn\u00fdch opat\u0159en\u00ed k vy\u0159e\u0161en\u00ed probl\u00e9m\u016f. Pravideln\u00e1 \u00fadr\u017eba a kontroly mohou minimalizovat v\u00fdskyt probl\u00e9m\u016f a zajistit tak, aby syst\u00e9m z\u016fstal efektivn\u00ed.<\/p>\n<p><img decoding=\"async\" src=\"https:\/\/www.hydraulic-cylinders.net\/wp-content\/uploads\/2025\/04\/songte-bushings-with-all-kinds-of-excavator-models.webp\" alt=\"Modely bagr\u016f\" \/><\/p>\n<h2>O na\u0161\u00ed spole\u010dnosti<\/h2>\n<p>Jsme p\u0159edn\u00edm v\u00fdrobcem n\u00e1hradn\u00edch hydraulick\u00fdch v\u00e1lc\u016f s komplexn\u00ed nab\u00eddkou produkt\u016f, kter\u00e1 n\u00e1s etablovala jako kl\u00ed\u010dov\u00e9ho hr\u00e1\u010de na dom\u00e1c\u00edm i mezin\u00e1rodn\u00edm trhu. N\u00e1\u0161 z\u00e1vazek k dokonalosti n\u00e1s vede k vyu\u017e\u00edv\u00e1n\u00ed strategi\u00ed p\u0159esn\u00e9 v\u00fdroby, kter\u00e9 zlep\u0161uj\u00ed \u0159\u00edzen\u00ed v\u00fdroby.<\/p>\n<p>Na\u0161e spole\u010dnost investuje do kvalifikovan\u00fdch technick\u00fdch talent\u016f a pokro\u010dil\u00e9ho digit\u00e1ln\u00edho v\u00fdrobn\u00edho za\u0159\u00edzen\u00ed, \u010d\u00edm\u017e zaji\u0161\u0165uje vysok\u00e9 standardy v cel\u00e9 na\u0161\u00ed v\u00fdrobn\u00ed platform\u011b. Klademe d\u016fraz na v\u00fdrobn\u00ed postupy zam\u011b\u0159en\u00e9 na kvalitu a disponujeme robustn\u00edmi tv\u016fr\u010d\u00edmi schopnostmi, kter\u00e9 n\u00e1m umo\u017e\u0148uj\u00ed uspokojovat rozmanit\u00e9 pot\u0159eby na\u0161ich z\u00e1kazn\u00edk\u016f s vysokou efektivitou, p\u0159esnost\u00ed a kvalitou.<\/p>\n<p><img decoding=\"async\" src=\"https:\/\/www.hydraulic-cylinders.net\/wp-content\/uploads\/2025\/04\/songte-company-4.webp\" alt=\"P\u0159ehled spole\u010dnosti\" \/><br \/>\n<img decoding=\"async\" src=\"https:\/\/www.hydraulic-cylinders.net\/wp-content\/uploads\/2025\/04\/songte-company-3.webp\" alt=\"V\u00fdrobn\u00ed proces\" \/><\/p>\n<p>Na trhu n\u00e1s odli\u0161uje zam\u011b\u0159en\u00ed na profesionalitu, mezin\u00e1rodn\u00ed certifikace a slu\u017eby na m\u00edru. Jsme hrd\u00ed na to, \u017ee nab\u00edz\u00edme v\u00fdjime\u010dnou poprodejn\u00ed podporu, zaji\u0161\u0165ujeme spokojenost z\u00e1kazn\u00edk\u016f a dlouhou \u017eivotnost produkt\u016f.<\/p>\n<p>Autor: lyl<\/p>","protected":false},"excerpt":{"rendered":"<p>Boom Cylinder For World Middle Excavator W2260LC-8 Introduction to Boom Cylinders The Boom Cylinder is a crucial component in the hydraulic systems of heavy machinery, particularly in excavators like the W2260LC-8. It serves to control the movement of the boom, allowing it to raise, lower, and tilt, thereby facilitating efficient material handling tasks. This specific [&hellip;]<\/p>","protected":false},"featured_media":17880,"comment_status":"open","ping_status":"closed","template":"","meta":{"_et_pb_use_builder":"","_et_pb_old_content":"","_et_gb_content_width":""},"product_brand":[],"product_cat":[1546],"product_tag":[1547,1496],"class_list":{"0":"post-19466","1":"product","2":"type-product","3":"status-publish","4":"has-post-thumbnail","6":"product_cat-boom-cylinders","7":"product_tag-boom-cylinders","8":"product_tag-hydraulic-cylinders","10":"first","11":"instock","12":"shipping-taxable","13":"product-type-simple"},"amp_enabled":true,"_links":{"self":[{"href":"https:\/\/www.hydraulic-cylinders.net\/cs\/wp-json\/wp\/v2\/product\/19466","targetHints":{"allow":["GET"]}}],"collection":[{"href":"https:\/\/www.hydraulic-cylinders.net\/cs\/wp-json\/wp\/v2\/product"}],"about":[{"href":"https:\/\/www.hydraulic-cylinders.net\/cs\/wp-json\/wp\/v2\/types\/product"}],"replies":[{"embeddable":true,"href":"https:\/\/www.hydraulic-cylinders.net\/cs\/wp-json\/wp\/v2\/comments?post=19466"}],"wp:featuredmedia":[{"embeddable":true,"href":"https:\/\/www.hydraulic-cylinders.net\/cs\/wp-json\/wp\/v2\/media\/17880"}],"wp:attachment":[{"href":"https:\/\/www.hydraulic-cylinders.net\/cs\/wp-json\/wp\/v2\/media?parent=19466"}],"wp:term":[{"taxonomy":"product_brand","embeddable":true,"href":"https:\/\/www.hydraulic-cylinders.net\/cs\/wp-json\/wp\/v2\/product_brand?post=19466"},{"taxonomy":"product_cat","embeddable":true,"href":"https:\/\/www.hydraulic-cylinders.net\/cs\/wp-json\/wp\/v2\/product_cat?post=19466"},{"taxonomy":"product_tag","embeddable":true,"href":"https:\/\/www.hydraulic-cylinders.net\/cs\/wp-json\/wp\/v2\/product_tag?post=19466"}],"curies":[{"name":"wp","href":"https:\/\/api.w.org\/{rel}","templated":true}]}}