{"id":19470,"date":"2025-04-07T06:49:14","date_gmt":"2025-04-07T06:49:14","guid":{"rendered":"https:\/\/www.hydraulic-cylinders.net\/product\/boom-cylinder-for-world-large-excavator-w2360blc-8\/"},"modified":"2025-04-07T06:49:17","modified_gmt":"2025-04-07T06:49:17","slug":"boom-cylinder-for-world-large-excavator-w2360blc-8","status":"publish","type":"product","link":"https:\/\/www.hydraulic-cylinders.net\/cs\/produkt\/boom-cylinder-for-world-large-excavator-w2360blc-8\/","title":{"rendered":"V\u00e1lec v\u00fdlo\u017en\u00edku pro velk\u00e9 bagry World W2360BLC-8"},"content":{"rendered":"<h1>V\u00e1lec v\u00fdlo\u017en\u00edku pro velk\u00e9 bagry World W2360BLC-8<\/h1>\n<h2>Pochopen\u00ed v\u00e1lc\u016f v\u00fdlo\u017en\u00edku<\/h2>\n<p>V\u00e1lec v\u00fdlo\u017en\u00edku, speci\u00e1ln\u011b navr\u017een\u00fd pro t\u011b\u017ek\u00e9 stroje, jako jsou bagry, hraje kl\u00ed\u010dovou roli v hydraulick\u00e9m syst\u00e9mu. Tento hydraulick\u00fd v\u00e1lec je navr\u017een tak, aby ovl\u00e1dal pohyb l\u017e\u00edce v bagrech, rypadlech-naklada\u010d\u00edch a \u010deln\u00edch naklada\u010d\u00edch. Umo\u017en\u011bn\u00edm zved\u00e1n\u00ed, spou\u0161t\u011bn\u00ed a nakl\u00e1p\u011bn\u00ed l\u017e\u00edce usnad\u0148uje efektivn\u00ed manipulaci s materi\u00e1lem. Tato z\u00e1kladn\u00ed sou\u010d\u00e1st pracuje s vyu\u017eit\u00edm tlaku hydraulick\u00e9 kapaliny, co\u017e umo\u017e\u0148uje p\u0159esn\u00fd pohyb a manipulaci s t\u011b\u017ek\u00fdmi b\u0159emeny.<\/p>\n<p><img decoding=\"async\" src=\"https:\/\/www.hydraulic-cylinders.net\/wp-content\/uploads\/2025\/04\/songte-company-1.webp\" alt=\"V\u00e1lec v\u00fdlo\u017en\u00edku pro bagr\" \/><\/p>\n<h2>Vlastnosti v\u00e1lce v\u00fdlo\u017en\u00edku<\/h2>\n<ul>\n<li><strong>Vysok\u00e1 pevnost a trvanlivost:<\/strong> Vyrobeno z vysokopevnostn\u00ed oceli nebo hlin\u00edku, schopn\u00e9 odolat vysok\u00e9mu tlaku a velk\u00e9mu zat\u00ed\u017een\u00ed, navr\u017een\u00e9 tak, aby odol\u00e1valy opot\u0159eben\u00ed a korozi, a t\u00edm prodlu\u017eovaly provozn\u00ed \u017eivotnost.<\/li>\n<li><strong>Efektivn\u00ed hydraulick\u00fd provoz:<\/strong> Plynul\u00e9 vysouv\u00e1n\u00ed a zasouv\u00e1n\u00ed s vyu\u017eit\u00edm tlaku hydraulick\u00e9ho oleje umo\u017e\u0148uje rychlou reakci na ovl\u00e1dac\u00ed povely a poskytuje v\u00fdkonn\u00e9 tla\u010dn\u00e9 a ta\u017en\u00e9 schopnosti vhodn\u00e9 pro n\u00e1ro\u010dn\u00e9 \u00fakoly.<\/li>\n<li><strong>R\u016fzn\u00e9 typy:<\/strong> K dispozici s jedno\u010dinn\u00fdmi (hydraulick\u00e9 v jednom sm\u011bru) nebo dvoj\u010dinn\u00fdmi (hydraulick\u00e9 v obou sm\u011brech) v\u00e1lci, p\u0159i\u010dem\u017e n\u011bkter\u00e9 modely nab\u00edzej\u00ed teleskopick\u00e9 mo\u017enosti pro v\u011bt\u0161\u00ed vysunut\u00ed bez zv\u011bt\u0161en\u00ed vn\u011bj\u0161\u00edch rozm\u011br\u016f, ide\u00e1ln\u00ed pro omezen\u00e9 prostory.<\/li>\n<\/ul>\n<p>Na\u0161e produkty dok\u00e1\u017e\u00ed tyto hydraulick\u00e9 v\u00e1lce dokonale nahradit.<\/p>\n<p><img decoding=\"async\" src=\"https:\/\/www.hydraulic-cylinders.net\/wp-content\/uploads\/2025\/04\/songte-cylinder-head-with-all-kinds-excavator-models.webp\" alt=\"Modely bagr\u016f\" \/><\/p>\n<h2>Sc\u00e9n\u00e1\u0159e pou\u017eit\u00ed v\u00e1lc\u016f v\u00fdlo\u017en\u00edku<\/h2>\n<h3>Stavebn\u00ed stroje<\/h3>\n<p>U bagr\u016f jsou v\u00e1lce v\u00fdlo\u017en\u00edku nezbytn\u00e9 pro kop\u00e1n\u00ed, nakl\u00e1d\u00e1n\u00ed a p\u0159emis\u0165ov\u00e1n\u00ed zeminy nebo suti. Umo\u017e\u0148uj\u00ed p\u0159esn\u00e9 ovl\u00e1d\u00e1n\u00ed pot\u0159ebn\u00e9 k efektivn\u00edmu pronik\u00e1n\u00ed do zem\u011b, co\u017e je \u010din\u00ed nepostradateln\u00fdmi ve stavebn\u00edch operac\u00edch.<\/p>\n<h3>Zem\u011bd\u011blsk\u00e9 stroje<\/h3>\n<p>V\u00e1lce v\u00fdlo\u017en\u00edku, pou\u017e\u00edvan\u00e9 v \u010deln\u00edch naklada\u010d\u00edch, usnad\u0148uj\u00ed nab\u00edr\u00e1n\u00ed, zved\u00e1n\u00ed a p\u0159epravu zeminy, sena a dal\u0161\u00edch materi\u00e1l\u016f. Jejich robustn\u00ed konstrukce zaji\u0161\u0165uje, \u017ee efektivn\u011b zvl\u00e1daj\u00ed n\u00e1roky zem\u011bd\u011blsk\u00e9 pr\u00e1ce.<\/p>\n<h3>Bagry<\/h3>\n<p>U rypadel je v\u00e1lec v\u00fdlo\u017en\u00edku kl\u00ed\u010dov\u00fd pro rypadlov\u00fd pohyb, kter\u00fd umo\u017e\u0148uje l\u017e\u00edci efektivn\u011b pronikat do p\u016fdy. Tato funkce je nezbytn\u00e1 pro \u0161irokou \u0161k\u00e1lu rypac\u00edch \u00fakol\u016f v r\u016fzn\u00fdch ter\u00e9nech.<\/p>\n<h3>Naklada\u010de<\/h3>\n<p>U \u010deln\u00edch naklada\u010d\u016f pom\u00e1haj\u00ed v\u00e1lce v\u00fdlo\u017en\u00edku efektivn\u011b zvedat a vykl\u00e1p\u011bt materi\u00e1ly, \u010d\u00edm\u017e zvy\u0161uj\u00ed produktivitu a provozn\u00ed efektivitu na staveni\u0161t\u00edch.<\/p>\n<h2>Konstruk\u010dn\u00ed aspekty a krit\u00e9ria v\u00fdb\u011bru<\/h2>\n<h3>Nosnost<\/h3>\n<p>P\u0159i v\u00fdb\u011bru v\u00e1lce v\u00fdlo\u017en\u00edku je nosnost prvo\u0159ad\u00e1. Ur\u010duje maxim\u00e1ln\u00ed hmotnost, kterou m\u016f\u017ee v\u00e1lec bezpe\u010dn\u011b zvednout a manipulovat s n\u00ed. In\u017een\u00fd\u0159i mus\u00ed vypo\u010d\u00edtat o\u010dek\u00e1van\u00e9 zat\u00ed\u017een\u00ed b\u011bhem provozu, aby byla zaji\u0161t\u011bna bezpe\u010dnost a efektivita.<\/p>\n<h3>T\u011bsn\u011bn\u00ed<\/h3>\n<p>T\u011bsn\u011bn\u00ed je z\u00e1sadn\u00ed pro prevenci \u00fanik\u016f hydraulick\u00e9 kapaliny. Kvalitn\u00ed t\u011bsn\u011bn\u00ed zaji\u0161\u0165uj\u00ed dlouhou \u017eivotnost a \u00fa\u010dinnost, proto\u017ee chr\u00e1n\u00ed p\u0159ed kontaminanty a udr\u017euj\u00ed tlak v syst\u00e9mu. Spr\u00e1vn\u00fd v\u00fdb\u011br materi\u00e1lu pro t\u011bsn\u011bn\u00ed, jako je polyuretan nebo nitrilov\u00e1 pry\u017e, zvy\u0161uje trvanlivost.<\/p>\n<h3>Trvanlivost<\/h3>\n<p>Trvanlivost je z\u00e1sadn\u00ed, proto\u017ee v\u00e1lce v\u00fdlo\u017en\u00edku pracuj\u00ed v n\u00e1ro\u010dn\u00fdch podm\u00ednk\u00e1ch. Konstrukce v\u00fdrobc\u016f, kter\u00e9 zohled\u0148uj\u00ed odolnost proti opot\u0159eben\u00ed a ochranu proti korozi, v\u00fdrazn\u011b prodlu\u017euj\u00ed \u017eivotnost t\u011bchto sou\u010d\u00e1st\u00ed.<\/p>\n<h3>Bezpe\u010dnost<\/h3>\n<p>Sou\u010d\u00e1st\u00ed konstrukce mus\u00ed b\u00fdt bezpe\u010dnostn\u00ed prvky, kter\u00e9 zabr\u00e1n\u00ed poruch\u00e1m, je\u017e by mohly v\u00e9st k nehod\u00e1m. Pat\u0159\u00ed sem p\u0159etlakov\u00e9 ventily a bezpe\u010dnostn\u00ed mechanismy, kter\u00e9 zabra\u0148uj\u00ed nekontrolovan\u00fdm pohyb\u016fm.<\/p>\n<h3>\u00dadr\u017eba<\/h3>\n<p>Snadn\u00e1 \u00fadr\u017eba je z\u00e1sadn\u00edm faktorem p\u0159i konstrukci. V\u00e1lce by m\u011bly umo\u017e\u0148ovat snadnou kontrolu, maz\u00e1n\u00ed a v\u00fdm\u011bnu d\u00edl\u016f, \u010d\u00edm\u017e se minimalizuj\u00ed prostoje a n\u00e1klady na servis.<\/p>\n<p><img decoding=\"async\" src=\"https:\/\/www.hydraulic-cylinders.net\/wp-content\/uploads\/2025\/04\/songte-oil-pipes-and-spare-parts.webp\" alt=\"Hydraulick\u00e9 komponenty\" \/><\/p>\n<h2>T\u011bsn\u011bn\u00ed a maz\u00e1n\u00ed v\u00e1lce<\/h2>\n<p>\u00da\u010dinn\u00e9ho ut\u011bsn\u011bn\u00ed se dosahuje pomoc\u00ed r\u016fzn\u00fdch typ\u016f t\u011bsn\u011bn\u00ed, v\u010detn\u011b p\u00edstn\u00edch a p\u00edstn\u00edch t\u011bsn\u011bn\u00ed, kter\u00e1 jsou vyrobena z odoln\u00fdch materi\u00e1l\u016f, jako je polyuretan a nitrilov\u00e1 pry\u017e, pro zv\u00fd\u0161en\u00ed odolnosti proti opot\u0159eben\u00ed. T\u011bleso v\u00e1lce a z\u00e1vitov\u00e9 koncov\u00e9 plochy proch\u00e1zej\u00ed jemn\u00fdm opracov\u00e1n\u00edm pro zv\u00fd\u0161en\u00ed trvanlivosti. Pravideln\u00e9 maz\u00e1n\u00ed dostate\u010dn\u00fdm mno\u017estv\u00edm hydraulick\u00e9ho oleje je tak\u00e9 nezbytn\u00e9 pro optim\u00e1ln\u00ed v\u00fdkon, zaji\u0161t\u011bn\u00ed plynul\u00e9ho provozu a minimalizaci opot\u0159eben\u00ed.<\/p>\n<h2>Pravideln\u00e9 kontroly a preventivn\u00ed \u00fadr\u017eba<\/h2>\n<ul>\n<li><strong>Rutinn\u00ed kontroly:<\/strong> Pravideln\u00e9 kontroly pom\u00e1haj\u00ed v\u010das odhalit opot\u0159eben\u00ed a po\u0161kozen\u00ed, co\u017e umo\u017e\u0148uje v\u010dasn\u00e9 opravy, kter\u00e9 mohou p\u0159edej\u00edt v\u011bt\u0161\u00edm probl\u00e9m\u016fm.<\/li>\n<li><strong>Spr\u00e1vn\u00e9 maz\u00e1n\u00ed:<\/strong> Zaji\u0161t\u011bn\u00ed spr\u00e1vn\u00e9ho maz\u00e1n\u00ed udr\u017euje hydraulick\u00fd syst\u00e9m v bezprobl\u00e9mov\u00e9m stavu a prodlu\u017euje \u017eivotnost jeho sou\u010d\u00e1st\u00ed.<\/li>\n<li><strong>V\u00fdm\u011bna t\u011bsn\u011bn\u00ed a kontroly kalibrace:<\/strong> Routine checks for seal wear and calibration maintain the cylinder&#8217;s effectiveness and prevent leaks or failures.<\/li>\n<\/ul>\n<h2>Pokyny k instalaci<\/h2>\n<p>Proper installation is crucial for the performance of boom cylinders. Begin by ensuring that all mounting surfaces are clean and free from debris. Align the cylinder correctly with the attachment points, using suitable mounting brackets to secure it in place. Follow the manufacturer&#8217;s specifications for torque settings and ensure that hoses are connected without kinks. Regularly check the alignment during installation to avoid undue stress on the components. After securing the cylinder, verify that the hydraulic system is properly filled with fluid and free from air pockets.<\/p>\n<h2>B\u011b\u017en\u00e9 \u00fakoly \u00fadr\u017eby<\/h2>\n<h3>Pravideln\u00e1 kontrola<\/h3>\n<p>Conducting routine inspections allows for early detection of issues such as leaks, wear, or misalignment. Regular checks help maintain the cylinder&#8217;s operational efficiency and safety.<\/p>\n<h3>Vhodn\u00e9 maz\u00e1n\u00ed<\/h3>\n<p>Maz\u00e1n\u00ed hydraulick\u00e9ho syst\u00e9mu zaji\u0161\u0165uje hladk\u00fd chod v\u0161ech pohybliv\u00fdch \u010d\u00e1st\u00ed, \u010d\u00edm\u017e se sni\u017euje t\u0159en\u00ed a opot\u0159eben\u00ed. Tento postup je z\u00e1sadn\u00ed pro dlouhou \u017eivotnost v\u00e1lce.<\/p>\n<h3>V\u00fdm\u011bna t\u011bsn\u011bn\u00ed a kontroly kalibrace<\/h3>\n<p>Monitorov\u00e1n\u00ed opot\u0159eben\u00ed t\u011bsn\u011bn\u00ed a prov\u00e1d\u011bn\u00ed kalibra\u010dn\u00edch kontrol zaji\u0161\u0165uje, \u017ee v\u00e1lec si zachov\u00e1v\u00e1 svou provozn\u00ed schopnost. V\u00fdm\u011bna opot\u0159ebovan\u00fdch t\u011bsn\u011bn\u00ed zabra\u0148uje \u00fanik\u016fm hydraulick\u00e9 kapaliny a udr\u017euje integritu syst\u00e9mu.<\/p>\n<p><img decoding=\"async\" src=\"https:\/\/www.hydraulic-cylinders.net\/wp-content\/uploads\/2025\/04\/songte-chushion-collar.webp\" alt=\"Pol\u0161t\u00e1\u0159ov\u00fd l\u00edmec\" \/><\/p>\n<h2>Bezpe\u010dnostn\u00ed aspekty a faktory prost\u0159ed\u00ed<\/h2>\n<p>Bezpe\u010dnostn\u00ed opat\u0159en\u00ed jsou p\u0159i provozu v\u00e1lc\u016f v\u00fdlo\u017en\u00edku z\u00e1sadn\u00ed. Obsluha mus\u00ed b\u00fdt pro\u0161kolena, aby rozum\u011bla rizik\u016fm spojen\u00fdm s hydraulick\u00fdmi syst\u00e9my, v\u010detn\u011b mo\u017en\u00e9ho \u00faniku nebo selh\u00e1n\u00ed. Spr\u00e1vn\u00e9 postupy manipulace a \u00fadr\u017eby p\u0159isp\u00edvaj\u00ed k bezpe\u010dn\u011bj\u0161\u00edmu pracovn\u00edmu prost\u0159ed\u00ed a sni\u017euj\u00ed riziko nehod.<\/p>\n<h2>Odstra\u0148ov\u00e1n\u00ed probl\u00e9m\u016f a b\u011b\u017en\u00e9 probl\u00e9my<\/h2>\n<ul>\n<li><strong>\u00danik:<\/strong> K \u00faniku hydraulick\u00e9 kapaliny m\u016f\u017ee doch\u00e1zet v d\u016fsledku opot\u0159ebovan\u00fdch t\u011bsn\u011bn\u00ed nebo po\u0161kozen\u00fdch hadic. T\u011bsn\u011bn\u00ed a hadice pravideln\u011b kontrolujte a v p\u0159\u00edpad\u011b pot\u0159eby je vym\u011b\u0148te.<\/li>\n<li><strong>Nedostate\u010dn\u00fd v\u00fdkon:<\/strong> Pokud v\u00e1lec nezved\u00e1 b\u0159emena dostate\u010dn\u011b, zkontrolujte hladinu hydraulick\u00e9 kapaliny a ujist\u011bte se, \u017ee v syst\u00e9mu nejsou \u017e\u00e1dn\u00e9 ucp\u00e1n\u00ed.<\/li>\n<li><strong>Neobvykl\u00e9 zvuky:<\/strong> Sk\u0159\u00edpav\u00e9 nebo sy\u010div\u00e9 zvuky mohou nazna\u010dovat vnit\u0159n\u00ed po\u0161kozen\u00ed nebo vzduch zachycen\u00fd v syst\u00e9mu. Prove\u010fte d\u016fkladnou kontrolu a v p\u0159\u00edpad\u011b pot\u0159eby syst\u00e9m odvzdu\u0161n\u011bte.<\/li>\n<\/ul>\n<p>Zav\u00e1d\u011bn\u00ed preventivn\u00edch opat\u0159en\u00ed, jako je pravideln\u00e1 \u00fadr\u017eba a kontroly, m\u016f\u017ee v\u00fdrazn\u011b sn\u00ed\u017eit pravd\u011bpodobnost v\u00fdskytu t\u011bchto probl\u00e9m\u016f a zajistit spolehliv\u00e9 a bezpe\u010dn\u00e9 provozn\u00ed prost\u0159ed\u00ed.<\/p>\n<p><img decoding=\"async\" src=\"https:\/\/www.hydraulic-cylinders.net\/wp-content\/uploads\/2025\/04\/songte-bushings-with-all-kinds-of-excavator-models.webp\" alt=\"Pouzdra pro bagry\" \/><\/p>\n<h2>O na\u0161\u00ed spole\u010dnosti<\/h2>\n<p>Jsme p\u0159edn\u00edm v\u00fdrobcem n\u00e1hradn\u00edch hydraulick\u00fdch v\u00e1lc\u016f a nab\u00edz\u00edme komplexn\u00ed sortiment produkt\u016f, d\u00edky nim\u017e jsme se stali v\u00fdznamn\u00fdm hr\u00e1\u010dem na dom\u00e1c\u00edm i mezin\u00e1rodn\u00edm trhu. N\u00e1\u0161 z\u00e1vazek k dokonalosti je podpo\u0159en propracovanou strategi\u00ed \u0159\u00edzen\u00ed v\u00fdroby, kter\u00e1 klade d\u016fraz na vysoce kvalitn\u00ed v\u00fdrobn\u00ed standardy. N\u00e1\u0161 t\u00fdm se skl\u00e1d\u00e1 ze zku\u0161en\u00fdch odborn\u00edk\u016f a vyu\u017e\u00edv\u00e1me pokro\u010dil\u00e9 digit\u00e1ln\u00ed v\u00fdrobn\u00ed za\u0159\u00edzen\u00ed a testovac\u00ed syst\u00e9my, \u010d\u00edm\u017e neust\u00e1le vylep\u0161ujeme na\u0161e v\u00fdrobn\u00ed linky. Toto zam\u011b\u0159en\u00ed na kvalitu zaji\u0161\u0165uje, \u017ee spl\u0148ujeme rozmanit\u00e9 pot\u0159eby z\u00e1kazn\u00edk\u016f s vysokou efektivitou, p\u0159esnost\u00ed a vynikaj\u00edc\u00ed kvalitou produkt\u016f.<\/p>\n<p>Jsme hrd\u00ed na na\u0161i specializaci, mezin\u00e1rodn\u00ed certifikace, zak\u00e1zkov\u00e9 slu\u017eby, modern\u00ed v\u00fdrobn\u00ed za\u0159\u00edzen\u00ed a v\u00fdjime\u010dnou poprodejn\u00ed podporu.<\/p>\n<p><img decoding=\"async\" src=\"https:\/\/www.hydraulic-cylinders.net\/wp-content\/uploads\/2025\/04\/songte-company-4.webp\" alt=\"P\u0159ehled spole\u010dnosti\" \/><br \/>\n<img decoding=\"async\" src=\"https:\/\/www.hydraulic-cylinders.net\/wp-content\/uploads\/2025\/04\/songte-company-3.webp\" alt=\"V\u00fdroba spole\u010dnosti\" \/><\/p>\n<p>Autor: lyl<\/p>","protected":false},"excerpt":{"rendered":"<p>Boom Cylinder For World Large Excavator W2360BLC-8 Understanding Boom Cylinders A boom cylinder, specifically designed for heavy machinery like excavators, plays a crucial role in the hydraulic system. This hydraulic cylinder is engineered to control the movement of the bucket in excavators, backhoe loaders, and front loaders. By enabling the bucket to lift, lower, and [&hellip;]<\/p>","protected":false},"featured_media":17869,"comment_status":"open","ping_status":"closed","template":"","meta":{"_et_pb_use_builder":"","_et_pb_old_content":"","_et_gb_content_width":""},"product_brand":[],"product_cat":[1546],"product_tag":[1547,1496],"class_list":{"0":"post-19470","1":"product","2":"type-product","3":"status-publish","4":"has-post-thumbnail","6":"product_cat-boom-cylinders","7":"product_tag-boom-cylinders","8":"product_tag-hydraulic-cylinders","10":"first","11":"instock","12":"shipping-taxable","13":"product-type-simple"},"amp_enabled":true,"_links":{"self":[{"href":"https:\/\/www.hydraulic-cylinders.net\/cs\/wp-json\/wp\/v2\/product\/19470","targetHints":{"allow":["GET"]}}],"collection":[{"href":"https:\/\/www.hydraulic-cylinders.net\/cs\/wp-json\/wp\/v2\/product"}],"about":[{"href":"https:\/\/www.hydraulic-cylinders.net\/cs\/wp-json\/wp\/v2\/types\/product"}],"replies":[{"embeddable":true,"href":"https:\/\/www.hydraulic-cylinders.net\/cs\/wp-json\/wp\/v2\/comments?post=19470"}],"wp:featuredmedia":[{"embeddable":true,"href":"https:\/\/www.hydraulic-cylinders.net\/cs\/wp-json\/wp\/v2\/media\/17869"}],"wp:attachment":[{"href":"https:\/\/www.hydraulic-cylinders.net\/cs\/wp-json\/wp\/v2\/media?parent=19470"}],"wp:term":[{"taxonomy":"product_brand","embeddable":true,"href":"https:\/\/www.hydraulic-cylinders.net\/cs\/wp-json\/wp\/v2\/product_brand?post=19470"},{"taxonomy":"product_cat","embeddable":true,"href":"https:\/\/www.hydraulic-cylinders.net\/cs\/wp-json\/wp\/v2\/product_cat?post=19470"},{"taxonomy":"product_tag","embeddable":true,"href":"https:\/\/www.hydraulic-cylinders.net\/cs\/wp-json\/wp\/v2\/product_tag?post=19470"}],"curies":[{"name":"wp","href":"https:\/\/api.w.org\/{rel}","templated":true}]}}