{"id":19471,"date":"2025-04-07T06:49:18","date_gmt":"2025-04-07T06:49:18","guid":{"rendered":"https:\/\/www.hydraulic-cylinders.net\/product\/boom-cylinder-for-world-large-excavator-w2700-8\/"},"modified":"2025-04-07T06:49:21","modified_gmt":"2025-04-07T06:49:21","slug":"boom-cylinder-for-world-large-excavator-w2700-8","status":"publish","type":"product","link":"https:\/\/www.hydraulic-cylinders.net\/cs\/produkt\/boom-cylinder-for-world-large-excavator-w2700-8\/","title":{"rendered":"V\u00e1lec v\u00fdlo\u017en\u00edku pro velk\u00e9 bagry World W2700-8"},"content":{"rendered":"<h1>V\u00e1lec v\u00fdlo\u017en\u00edku pro velk\u00e9 bagry World W2700-8<\/h1>\n<h2>P\u0159ehled produktu<\/h2>\n<p>Hydraulick\u00fd v\u00e1lec v\u00fdlo\u017en\u00edku, speci\u00e1ln\u011b navr\u017een\u00fd pro velk\u00e1 rypadla, jako je W2700-8, je kl\u00ed\u010dovou sou\u010d\u00e1st\u00ed hydraulick\u00fdch syst\u00e9m\u016f. Jedn\u00e1 se o typ hydraulick\u00e9ho v\u00e1lce, kter\u00fd hraje z\u00e1sadn\u00ed roli v \u0159\u00edzen\u00ed pohybu l\u017e\u00edce u t\u011b\u017ek\u00fdch stroj\u016f, jako jsou rypadla, rypadla a \u010deln\u00ed naklada\u010de. Tento v\u00e1lec umo\u017e\u0148uje l\u017e\u00edci zvedat, spou\u0161t\u011bt a nakl\u00e1n\u011bt, co\u017e usnad\u0148uje r\u016fzn\u00e9 \u00fakoly manipulace s materi\u00e1lem s p\u0159esnost\u00ed a efektivitou.<\/p>\n<p>V hydraulick\u00fdch syst\u00e9mech pracuje v\u00e1lec v\u00fdlo\u017en\u00edku tak, \u017ee p\u0159em\u011b\u0148uje hydraulickou energii na mechanickou energii. Kdy\u017e je hydraulick\u00e1 kapalina pod tlakem, vstupuje do v\u00e1lce a pohybuje p\u00edstem, kter\u00fd n\u00e1sledn\u011b poh\u00e1n\u00ed pohyb l\u017e\u00edce. Tento mechanismus je z\u00e1sadn\u00ed pro prov\u00e1d\u011bn\u00ed \u00fakol\u016f, jako je kop\u00e1n\u00ed, zved\u00e1n\u00ed a p\u0159eprava materi\u00e1l\u016f, a proto je nepostradateln\u00fd ve stavebn\u00edch a v\u00fdkopov\u00fdch prac\u00edch.<\/p>\n<p><img decoding=\"async\" src=\"https:\/\/www.hydraulic-cylinders.net\/wp-content\/uploads\/2025\/04\/songte-company-1.webp\" alt=\"V\u00e1lec v\u00fdlo\u017en\u00edku pro bagry\" \/><\/p>\n<h2>Vlastnosti v\u00e1lce v\u00fdlo\u017en\u00edku<\/h2>\n<h3>Vysok\u00e1 pevnost a trvanlivost<\/h3>\n<ul>\n<li>Vyrobeno z vysokopevnostn\u00ed oceli nebo hlin\u00edku, aby odolalo vysok\u00e9mu tlaku a t\u011b\u017ek\u00e9mu zat\u00ed\u017een\u00ed.<\/li>\n<li>Navr\u017eeno tak, aby odolalo n\u00e1ro\u010dn\u00fdm pracovn\u00edm podm\u00ednk\u00e1m s vlastnostmi odoln\u00fdmi proti opot\u0159eben\u00ed a korozi.<\/li>\n<li>Navr\u017eeno pro dlouhotrvaj\u00edc\u00ed v\u00fdkon s optimalizovan\u00fdmi intervaly \u00fadr\u017eby.<\/li>\n<\/ul>\n<h3>Efektivn\u00ed hydraulick\u00fd provoz<\/h3>\n<ul>\n<li>Vyu\u017e\u00edv\u00e1 hydraulick\u00fd tlak oleje pro plynul\u00e9 a efektivn\u00ed vysouv\u00e1n\u00ed a zasouv\u00e1n\u00ed.<\/li>\n<li>Poskytuje rychlou reakci na povely oper\u00e1tora, co\u017e zvy\u0161uje produktivitu.<\/li>\n<li>Schopn\u00fd generovat zna\u010dn\u00e9 tlakov\u00e9 a ta\u017en\u00e9 s\u00edly, vhodn\u00fd pro n\u00e1ro\u010dn\u00e9 \u00fakoly.<\/li>\n<\/ul>\n<h3>R\u016fznorod\u00e9 typy<\/h3>\n<ul>\n<li>K dispozici v jedno\u010dinn\u00e9m (funguje v jednom sm\u011bru) nebo dvoj\u010dinn\u00e9m (funguje v obou sm\u011brech) proveden\u00ed.<\/li>\n<li>N\u011bkter\u00e9 modely maj\u00ed teleskopick\u00e9 proveden\u00ed, kter\u00e9 umo\u017e\u0148uje v\u011bt\u0161\u00ed v\u00fdsuv bez zv\u011bt\u0161en\u00ed vn\u011bj\u0161\u00edch rozm\u011br\u016f, co\u017e je ide\u00e1ln\u00ed pro omezen\u00e9 prostory.<\/li>\n<\/ul>\n<h2>Na\u0161e v\u00fdrobn\u00ed kapacity<\/h2>\n<p>Specializujeme se na v\u00fdrobu vysoce kvalitn\u00edch v\u00e1lc\u016f v\u00fdlo\u017en\u00edku, kter\u00e9 dokonale nahrazuj\u00ed st\u00e1vaj\u00edc\u00ed hydraulick\u00e9 v\u00e1lce. Na\u0161e produkty jsou navr\u017eeny tak, aby spl\u0148ovaly p\u0159\u00edsn\u00e9 standardy a zaji\u0161\u0165ovaly spolehlivost a \u0161pi\u010dkov\u00fd v\u00fdkon.<\/p>\n<p><img decoding=\"async\" src=\"https:\/\/www.hydraulic-cylinders.net\/wp-content\/uploads\/2025\/04\/songte-cylinder-head-with-all-kinds-excavator-models.webp\" alt=\"Modely v\u00e1lc\u016f pro bagry\" \/><\/p>\n<h2>Aplikace v\u00e1lce v\u00fdlo\u017en\u00edku<\/h2>\n<h3>Stavebn\u00ed stroje<\/h3>\n<p>U bagr\u016f jsou v\u00e1lce v\u00fdlo\u017en\u00edku kl\u00ed\u010dov\u00e9 pro kop\u00e1n\u00ed, nakl\u00e1d\u00e1n\u00ed a p\u0159esouv\u00e1n\u00ed zeminy nebo suti. Umo\u017e\u0148uj\u00ed p\u0159esn\u00e9 ovl\u00e1d\u00e1n\u00ed, kter\u00e9 obsluze umo\u017e\u0148uje efektivn\u011b man\u00e9vrovat s t\u011b\u017ek\u00fdmi b\u0159emeny. U rypadlo-naklada\u010d\u016f v\u00e1lce v\u00fdlo\u017en\u00edku pom\u00e1haj\u00ed jak p\u0159i kop\u00e1n\u00ed, tak p\u0159i zved\u00e1n\u00ed, \u010d\u00edm\u017e zvy\u0161uj\u00ed celkovou produktivitu na staveni\u0161t\u00edch.<\/p>\n<h3>Zem\u011bd\u011blsk\u00e9 stroje<\/h3>\n<p>\u010celn\u00ed naklada\u010de vyu\u017e\u00edvaj\u00ed v\u00e1lce v\u00fdlo\u017en\u00edku k nab\u00edr\u00e1n\u00ed, zved\u00e1n\u00ed a p\u0159eprav\u011b zeminy, sena a dal\u0161\u00edch materi\u00e1l\u016f. Jejich schopnost zvl\u00e1dat r\u016fznorod\u00e9 n\u00e1klady je \u010din\u00ed neoceniteln\u00fdmi v zem\u011bd\u011blsk\u00fdch operac\u00edch a zvy\u0161uje efektivitu manipulace s materi\u00e1lem v r\u016fzn\u00fdch zem\u011bd\u011blsk\u00fdch \u010dinnostech.<\/p>\n<h3>Bagry<\/h3>\n<p>U bagr\u016f usnad\u0148uj\u00ed v\u00e1lce v\u00fdlo\u017en\u00edku kopac\u00ed operace t\u00edm, \u017ee umo\u017e\u0148uj\u00ed l\u017e\u00edci efektivn\u011b pronikat do zem\u011b. Tato schopnost je pro v\u00fdkopov\u00e9 pr\u00e1ce z\u00e1sadn\u00ed a umo\u017e\u0148uje obsluze dos\u00e1hnout optim\u00e1ln\u00ed hloubky kop\u00e1n\u00ed a efektivity.<\/p>\n<h3>Naklada\u010de<\/h3>\n<p>U \u010deln\u00edch naklada\u010d\u016f hraj\u00ed v\u00e1lce v\u00fdlo\u017en\u00edku kl\u00ed\u010dovou roli v efektivn\u00edm zved\u00e1n\u00ed a vykl\u00e1p\u011bn\u00ed materi\u00e1l\u016f. Jejich konstrukce umo\u017e\u0148uje plynul\u00fd provoz a zaji\u0161\u0165uje, \u017ee naklada\u010de mohou bezpe\u010dn\u011b a efektivn\u011b manipulovat s b\u0159emeny, co\u017e je z\u00e1sadn\u00ed pro stavebn\u00ed a manipula\u010dn\u00ed \u00fakoly.<\/p>\n<h2>Konstruk\u010dn\u00ed aspekty a krit\u00e9ria v\u00fdb\u011bru<\/h2>\n<h3>Nosnost<\/h3>\n<p>Nosnost v\u00e1lce v\u00fdlo\u017en\u00edku je kritick\u00fdm faktorem p\u0159i jeho konstrukci. Mus\u00ed b\u00fdt schopen zvl\u00e1dnout maxim\u00e1ln\u00ed zat\u00ed\u017een\u00ed, s n\u00edm\u017e se setk\u00e1v\u00e1 b\u011bhem provozu, bez poruchy. To zahrnuje v\u00fdb\u011br materi\u00e1l\u016f a v\u00fdrobn\u00edch proces\u016f, kter\u00e9 zaji\u0161\u0165uj\u00ed struktur\u00e1ln\u00ed integritu p\u0159i nam\u00e1h\u00e1n\u00ed. In\u017een\u00fd\u0159i \u010dasto prov\u00e1d\u011bj\u00ed rozs\u00e1hl\u00e9 testov\u00e1n\u00ed, aby ov\u011b\u0159ili nosnost a zajistili, \u017ee v\u00e1lec zvl\u00e1dne po\u017eadavky zam\u00fd\u0161len\u00fdch aplikac\u00ed.<\/p>\n<h3>T\u011bsn\u011bn\u00ed a trvanlivost<\/h3>\n<p>T\u011bsn\u011bn\u00ed je z\u00e1sadn\u00ed pro prevenci \u00fanik\u016f hydraulick\u00e9 kapaliny a udr\u017een\u00ed provozn\u00ed \u00fa\u010dinnosti. Vysoce kvalitn\u00ed t\u011bsn\u011bn\u00ed vyroben\u00e1 z odoln\u00fdch materi\u00e1l\u016f, jako je polyuretan nebo nitrilov\u00e1 pry\u017e, jsou nezbytn\u00e1 pro zaji\u0161t\u011bn\u00ed dlouh\u00e9 \u017eivotnosti a spr\u00e1vn\u00e9 funkce. Konstrukce v\u00e1lce mus\u00ed nav\u00edc minimalizovat opot\u0159eben\u00ed t\u011bsn\u011bn\u00ed v pr\u016fb\u011bhu \u010dasu, \u010d\u00edm\u017e se sni\u017euje \u010detnost \u00fadr\u017eby a v\u00fdm\u011bn.<\/p>\n<h3>Bezpe\u010dnostn\u00ed prvky<\/h3>\n<p>Za\u010dlen\u011bn\u00ed bezpe\u010dnostn\u00edch prvk\u016f do konstrukce v\u00e1lc\u016f v\u00fdlo\u017en\u00edku je z\u00e1sadn\u00ed. Pat\u0159\u00ed sem p\u0159etlakov\u00e9 ventily a bezpe\u010dnostn\u00ed z\u00e1mky, kter\u00e9 zabra\u0148uj\u00ed n\u00e1hodn\u00fdm pohyb\u016fm nebo poruch\u00e1m b\u011bhem provozu. Pravideln\u00e9 bezpe\u010dnostn\u00ed kontroly a dodr\u017eov\u00e1n\u00ed pr\u016fmyslov\u00fdch norem jsou z\u00e1sadn\u00ed pro zaji\u0161t\u011bn\u00ed spr\u00e1vn\u00e9 funkce t\u011bchto prvk\u016f a ochrany obsluhy a za\u0159\u00edzen\u00ed.<\/p>\n<p><img decoding=\"async\" src=\"https:\/\/www.hydraulic-cylinders.net\/wp-content\/uploads\/2025\/04\/songte-oil-pipes-and-spare-parts.webp\" alt=\"Hydraulick\u00e9 komponenty\" \/><\/p>\n<h2>T\u011bsn\u011bn\u00ed a maz\u00e1n\u00ed<\/h2>\n<p>\u00da\u010dinn\u00e9 t\u011bsn\u011bn\u00ed a maz\u00e1n\u00ed jsou z\u00e1sadn\u00ed pro dlouhou \u017eivotnost v\u00e1lc\u016f v\u00fdlo\u017en\u00edku. K udr\u017een\u00ed tlaku ve v\u00e1lci a z\u00e1rove\u0148 k zabr\u00e1n\u011bn\u00ed \u00fanik\u016fm se pou\u017e\u00edvaj\u00ed r\u016fzn\u00e9 t\u011bsnic\u00ed prvky, jako jsou t\u011bsn\u011bn\u00ed p\u00edst\u016f a p\u00edstnic. T\u011bsn\u011bn\u00ed vyroben\u00e1 z odoln\u00fdch materi\u00e1l\u016f, jako je polyuretan a nitrilov\u00e1 pry\u017e, poskytuj\u00ed odolnost proti opot\u0159eben\u00ed. T\u011bleso v\u00e1lce a z\u00e1vitov\u00e9 koncov\u00e9 plochy jsou nav\u00edc precizn\u011b obr\u00e1b\u011bny pro zv\u00fd\u0161en\u00ed odolnosti proti opot\u0159eben\u00ed.<\/p>\n<p>Pravideln\u00e9 maz\u00e1n\u00ed hydraulick\u00fdm olejem je nezbytn\u00e9 pro sn\u00ed\u017een\u00ed t\u0159en\u00ed a opot\u0159eben\u00ed mezi pohybliv\u00fdmi \u010d\u00e1stmi. Obsluha by m\u011bla zajistit pou\u017e\u00edv\u00e1n\u00ed spr\u00e1vn\u00e9ho typu a mno\u017estv\u00ed hydraulick\u00e9ho oleje a m\u011bla by prov\u00e1d\u011bt pravideln\u00e9 kontroly, aby se udr\u017eela spr\u00e1vn\u00e1 hladina maz\u00e1n\u00ed, co\u017e by zv\u00fd\u0161ilo provozn\u00ed \u00fa\u010dinnost v\u00e1lce.<\/p>\n<h2>Preventivn\u00ed \u00fadr\u017ebov\u00e1 opat\u0159en\u00ed<\/h2>\n<ul>\n<li><strong>Pravideln\u00e9 kontroly:<\/strong> Prov\u00e1d\u011bn\u00ed pravideln\u00fdch kontrol net\u011bsnost\u00ed, opot\u0159eben\u00ed a celkov\u00e9ho stavu m\u016f\u017ee p\u0159edej\u00edt z\u00e1va\u017en\u00fdm poruch\u00e1m. Vizu\u00e1ln\u00ed kontroly by se m\u011bly zam\u011b\u0159it na t\u011bsn\u011bn\u00ed, spoje a t\u011bleso v\u00e1lce.<\/li>\n<li><strong>Spr\u00e1vn\u00e9 maz\u00e1n\u00ed:<\/strong> Zajist\u011bte, aby byl v\u00e1lec v\u00fdlo\u017en\u00edku dostate\u010dn\u011b promaz\u00e1n vhodn\u00fdm hydraulick\u00fdm olejem. T\u00edm se sn\u00ed\u017e\u00ed t\u0159en\u00ed a prodlou\u017e\u00ed \u017eivotnost sou\u010d\u00e1sti.<\/li>\n<li><strong>V\u00fdm\u011bna t\u011bsn\u011bn\u00ed:<\/strong> Pravideln\u011b kontrolujte stav t\u011bsn\u011bn\u00ed a v p\u0159\u00edpad\u011b pot\u0159eby je vym\u011b\u0148ujte, abyste zabr\u00e1nili net\u011bsnostem a udr\u017eeli jejich v\u00fdkon. Proaktivn\u00ed p\u0159\u00edstup k \u00fadr\u017eb\u011b t\u011bsn\u011bn\u00ed je z\u00e1sadn\u00ed pro provozn\u00ed spolehlivost.<\/li>\n<\/ul>\n<h2>Pokyny k instalaci<\/h2>\n<p>Spr\u00e1vn\u00e1 instalace v\u00e1lc\u016f v\u00fdlo\u017en\u00edku je z\u00e1sadn\u00ed pro optim\u00e1ln\u00ed v\u00fdkon. Za\u010dn\u011bte t\u00edm, \u017ee se ujist\u00edte, \u017ee v\u0161echny sou\u010d\u00e1sti jsou \u010dist\u00e9 a bez ne\u010distot. V\u00e1lec spr\u00e1vn\u011b vyrovnejte s mont\u00e1\u017en\u00edmi body a zajist\u011bte jej pomoc\u00ed vhodn\u00fdch mont\u00e1\u017en\u00edch konzol. Ut\u00e1hn\u011bte \u0161rouby podle specifikac\u00ed v\u00fdrobce, aby se b\u011bhem provozu neuvolnily.<\/p>\n<p>Pe\u010dliv\u011b zkontrolujte zarovn\u00e1n\u00ed hydraulick\u00fdch potrub\u00ed, abyste p\u0159ede\u0161li zalomen\u00ed nebo zkroucen\u00ed, kter\u00e9 by mohlo ovlivnit tok kapaliny. Po instalaci napl\u0148te hydraulick\u00fd syst\u00e9m doporu\u010den\u00fdm olejem a odvzdu\u0161n\u011bte ze syst\u00e9mu ve\u0161ker\u00fd vzduch, abyste zajistili hladk\u00fd provoz. Nakonec prove\u010fte zku\u0161ebn\u00ed j\u00edzdy, abyste ov\u011b\u0159ili funk\u010dnost a vy\u0159e\u0161ili p\u0159\u00edpadn\u00e9 probl\u00e9my p\u0159ed spu\u0161t\u011bn\u00edm v pln\u00e9m rozsahu.<\/p>\n<h3>B\u011b\u017en\u00e9 \u00fakoly \u00fadr\u017eby<\/h3>\n<ul>\n<li><strong>Pravideln\u00e9 kontroly:<\/strong> Pravideln\u00e9 kontroly t\u011bsnosti, opot\u0159eben\u00ed a celkov\u00e9ho stavu jsou nezbytn\u00e9 pro prevenci poruch. Obsluha by se m\u011bla sezn\u00e1mit se zn\u00e1mkami opot\u0159eben\u00ed a neprodlen\u011b je \u0159e\u0161it.<\/li>\n<li><strong>Vhodn\u00e9 maz\u00e1n\u00ed:<\/strong> Ujist\u011bte se, \u017ee je v\u00e1lec v\u00fdlo\u017en\u00edku maz\u00e1n spr\u00e1vn\u00fdm hydraulick\u00fdm olejem a ve spr\u00e1vn\u00e9m mno\u017estv\u00ed. To pom\u00e1h\u00e1 sn\u00ed\u017eit t\u0159en\u00ed a prodlou\u017eit \u017eivotnost v\u00e1lce.<\/li>\n<li><strong>V\u00fdm\u011bna t\u011bsn\u011bn\u00ed:<\/strong> Je nezbytn\u00e9 pravideln\u011b kontrolovat opot\u0159eben\u00ed t\u011bsn\u011bn\u00ed a vym\u011b\u0148ovat je, aby se zabr\u00e1nilo net\u011bsnostem. Pravideln\u00e1 \u00fadr\u017eba t\u011bsn\u011bn\u00ed zaji\u0161\u0165uje, \u017ee v\u00e1lec pracuje s maxim\u00e1ln\u00ed \u00fa\u010dinnost\u00ed.<\/li>\n<\/ul>\n<p><img decoding=\"async\" src=\"https:\/\/www.hydraulic-cylinders.net\/wp-content\/uploads\/2025\/04\/songte-chushion-collar.webp\" alt=\"Pol\u0161t\u00e1\u0159ov\u00fd l\u00edmec\" \/><\/p>\n<h2>Bezpe\u010dnostn\u00ed aspekty a faktory prost\u0159ed\u00ed<\/h2>\n<p>P\u0159i obsluze a \u00fadr\u017eb\u011b v\u00e1lc\u016f v\u00fdlo\u017en\u00edku jsou bezpe\u010dnostn\u00ed opat\u0159en\u00ed prvo\u0159ad\u00e1. Obsluha by m\u011bla nosit vhodn\u00e9 osobn\u00ed ochrann\u00e9 prost\u0159edky (OOP) a dodr\u017eovat bezpe\u010dnostn\u00ed protokoly, aby minimalizovala rizika. Pravideln\u00e9 \u0161kolen\u00ed a osv\u011btov\u00e9 programy mohou roz\u0161\u00ed\u0159it znalosti o bezpe\u010dn\u00e9m provozu a potenci\u00e1ln\u00edch nebezpe\u010d\u00edch spojen\u00fdch s hydraulick\u00fdmi syst\u00e9my. Krom\u011b toho by m\u011bly b\u00fdt pe\u010dliv\u011b \u0159\u00edzeny faktory prost\u0159ed\u00ed, jako jsou rozlit\u00e9 kapaliny, aby se zabr\u00e1nilo kontaminaci a podporovaly se udr\u017eiteln\u00e9 postupy v tomto odv\u011btv\u00ed.<\/p>\n<h2>Diagnostick\u00e9 a b\u011b\u017en\u00e9 probl\u00e9my<\/h2>\n<ul>\n<li><strong>\u00danik:<\/strong> K \u00faniku m\u016f\u017ee doch\u00e1zet v d\u016fsledku opot\u0159ebovan\u00fdch t\u011bsn\u011bn\u00ed nebo po\u0161kozen\u00fdch sou\u010d\u00e1st\u00ed. Identifikace zdroje je kl\u00ed\u010dov\u00e1 pro v\u010dasnou opravu.<\/li>\n<li><strong>Pomal\u00fd provoz:<\/strong> Pokud v\u00e1lec pracuje pomalu, m\u016f\u017ee to znamenat n\u00edzkou hladinu hydraulick\u00e9 kapaliny nebo vzduch v syst\u00e9mu, co\u017e vy\u017eaduje okam\u017eit\u00fd z\u00e1sah.<\/li>\n<li><strong>Nepravideln\u00e9 pohyby:<\/strong> Nepravideln\u00e9 pohyby mohou pramenit z nerovnov\u00e1hy tlaku nebo chybn\u00fdch ovl\u00e1dac\u00edch prvk\u016f, co\u017e vy\u017eaduje d\u016fkladnou diagnostiku pro zaji\u0161t\u011bn\u00ed efektivn\u00edho provozu.<\/li>\n<\/ul>\n<h2>Tipy pro \u0159e\u0161en\u00ed probl\u00e9m\u016f<\/h2>\n<p>Pro efektivn\u00ed diagnostiku probl\u00e9m\u016f za\u010dn\u011bte identifikac\u00ed jak\u00fdchkoli viditeln\u00fdch net\u011bsnost\u00ed nebo abnorm\u00e1ln\u00edch zvuk\u016f b\u011bhem provozu. Pravideln\u00e1 \u00fadr\u017eba a kontroly mohou v\u00fdrazn\u011b sn\u00ed\u017eit pravd\u011bpodobnost b\u011b\u017en\u00fdch probl\u00e9m\u016f. Zaveden\u00ed proaktivn\u00edch opat\u0159en\u00ed, jako je v\u010dasn\u00e1 v\u00fdm\u011bna t\u011bsn\u011bn\u00ed a pravideln\u00e9 kontroly provozn\u00edch kapalin, minimalizuje riziko poruch a prodlu\u017euje celkovou \u017eivotnost v\u00e1lce v\u00fdlo\u017en\u00edku.<\/p>\n<p><img decoding=\"async\" src=\"https:\/\/www.hydraulic-cylinders.net\/wp-content\/uploads\/2025\/04\/songte-bushings-with-all-kinds-of-excavator-models.webp\" alt=\"Pouzdra pro bagry\" \/><\/p>\n<h2>P\u0159ehled spole\u010dnosti<\/h2>\n<p>Jsme p\u0159edn\u00edm v\u00fdrobcem n\u00e1hradn\u00edch hydraulick\u00fdch v\u00e1lc\u016f a nab\u00edz\u00edme komplexn\u00ed sortiment produkt\u016f, kter\u00e9 n\u00e1s etablovaly jako kl\u00ed\u010dov\u00e9ho hr\u00e1\u010de na dom\u00e1c\u00edm i mezin\u00e1rodn\u00edm trhu. N\u00e1\u0161 z\u00e1vazek k dokonalosti se odr\u00e1\u017e\u00ed v na\u0161ich propracovan\u00fdch v\u00fdrobn\u00edch procesech a dodr\u017eov\u00e1n\u00ed p\u0159\u00edsn\u00fdch standard\u016f kvality. Se zam\u011b\u0159en\u00edm na vysoce kvalitn\u00ed strategie \u0159\u00edzen\u00ed v\u00fdroby vyu\u017e\u00edv\u00e1me pokro\u010dil\u00e9 technologie a kvalifikovan\u00fd person\u00e1l ke zlep\u0161en\u00ed na\u0161ich v\u00fdrobn\u00edch kapacit.<\/p>\n<p>Na\u0161e za\u0159\u00edzen\u00ed jsou vybavena nejmodern\u011bj\u0161\u00edm v\u00fdrobn\u00edm za\u0159\u00edzen\u00edm a p\u0159\u00edsn\u00fdmi testovac\u00edmi syst\u00e9my, kter\u00e9 zaji\u0161\u0165uj\u00ed, \u017ee ka\u017ed\u00fd produkt spl\u0148uje na\u0161e kvalitativn\u00ed standardy. Nab\u00edz\u00edme tak\u00e9 \u0159e\u0161en\u00ed na m\u00edru \u0161it\u00e1 na m\u00edru rozmanit\u00fdm pot\u0159eb\u00e1m na\u0161ich z\u00e1kazn\u00edk\u016f a zaji\u0161\u0165ujeme spokojenost a spolehlivost ve v\u0161ech aplikac\u00edch.<\/p>\n<p><img decoding=\"async\" src=\"https:\/\/www.hydraulic-cylinders.net\/wp-content\/uploads\/2025\/04\/songte-company-4.webp\" alt=\"V\u00fdroba spole\u010dnosti\" \/><br \/>\n<img decoding=\"async\" src=\"https:\/\/www.hydraulic-cylinders.net\/wp-content\/uploads\/2025\/04\/songte-company-3.webp\" alt=\"Vybaven\u00ed spole\u010dnosti\" \/><\/p>\n<p>Autor: lyl<\/p>","protected":false},"excerpt":{"rendered":"<p>Boom Cylinder For World Large Excavator W2700-8 Product Overview The Boom Cylinder, specifically designed for large excavators like the W2700-8, is a critical component in hydraulic systems. It is a type of hydraulic cylinder that plays an essential role in controlling the movement of the bucket on heavy machinery such as excavators, backhoes, and front [&hellip;]<\/p>","protected":false},"featured_media":17870,"comment_status":"open","ping_status":"closed","template":"","meta":{"_et_pb_use_builder":"","_et_pb_old_content":"","_et_gb_content_width":""},"product_brand":[],"product_cat":[1546],"product_tag":[1547,1496],"class_list":{"0":"post-19471","1":"product","2":"type-product","3":"status-publish","4":"has-post-thumbnail","6":"product_cat-boom-cylinders","7":"product_tag-boom-cylinders","8":"product_tag-hydraulic-cylinders","10":"first","11":"instock","12":"shipping-taxable","13":"product-type-simple"},"amp_enabled":true,"_links":{"self":[{"href":"https:\/\/www.hydraulic-cylinders.net\/cs\/wp-json\/wp\/v2\/product\/19471","targetHints":{"allow":["GET"]}}],"collection":[{"href":"https:\/\/www.hydraulic-cylinders.net\/cs\/wp-json\/wp\/v2\/product"}],"about":[{"href":"https:\/\/www.hydraulic-cylinders.net\/cs\/wp-json\/wp\/v2\/types\/product"}],"replies":[{"embeddable":true,"href":"https:\/\/www.hydraulic-cylinders.net\/cs\/wp-json\/wp\/v2\/comments?post=19471"}],"wp:featuredmedia":[{"embeddable":true,"href":"https:\/\/www.hydraulic-cylinders.net\/cs\/wp-json\/wp\/v2\/media\/17870"}],"wp:attachment":[{"href":"https:\/\/www.hydraulic-cylinders.net\/cs\/wp-json\/wp\/v2\/media?parent=19471"}],"wp:term":[{"taxonomy":"product_brand","embeddable":true,"href":"https:\/\/www.hydraulic-cylinders.net\/cs\/wp-json\/wp\/v2\/product_brand?post=19471"},{"taxonomy":"product_cat","embeddable":true,"href":"https:\/\/www.hydraulic-cylinders.net\/cs\/wp-json\/wp\/v2\/product_cat?post=19471"},{"taxonomy":"product_tag","embeddable":true,"href":"https:\/\/www.hydraulic-cylinders.net\/cs\/wp-json\/wp\/v2\/product_tag?post=19471"}],"curies":[{"name":"wp","href":"https:\/\/api.w.org\/{rel}","templated":true}]}}