{"id":19489,"date":"2025-04-07T06:50:23","date_gmt":"2025-04-07T06:50:23","guid":{"rendered":"https:\/\/www.hydraulic-cylinders.net\/product\/boom-cylinder-for-sinomach-zg3065-9\/"},"modified":"2025-04-07T06:50:25","modified_gmt":"2025-04-07T06:50:25","slug":"boom-cylinder-for-sinomach-zg3065-9","status":"publish","type":"product","link":"https:\/\/www.hydraulic-cylinders.net\/cs\/produkt\/boom-cylinder-for-sinomach-zg3065-9\/","title":{"rendered":"V\u00e1lec v\u00fdlo\u017en\u00edku pro Sinomach ZG3065-9"},"content":{"rendered":"<h1>V\u00e1lec v\u00fdlo\u017en\u00edku pro Sinomach ZG3065-9<\/h1>\n<h2>\u00davod k v\u00e1lci v\u00fdlo\u017en\u00edku<\/h2>\n<p>Hydraulick\u00fd v\u00e1lec v\u00fdlo\u017en\u00edku je kl\u00ed\u010dovou sou\u010d\u00e1st\u00ed hydraulick\u00fdch syst\u00e9m\u016f, speci\u00e1ln\u011b navr\u017een\u00fd pro ovl\u00e1d\u00e1n\u00ed pohybu l\u017e\u00edc v t\u011b\u017ek\u00fdch stroj\u00edch, jako jsou bagry, rypadla-naklada\u010de a \u010deln\u00ed naklada\u010de. Tento hydraulick\u00fd v\u00e1lec umo\u017e\u0148uje l\u017e\u00edci zvedat, spou\u0161t\u011bt a nakl\u00e1n\u011bt, co\u017e usnad\u0148uje efektivn\u00ed manipulaci s materi\u00e1lem. Hraje kl\u00ed\u010dovou roli v provozu r\u016fzn\u00fdch stavebn\u00edch a zem\u011bd\u011blsk\u00fdch stroj\u016f a zaji\u0161\u0165uje p\u0159esnou a snadnou manipulaci s t\u011b\u017ek\u00fdmi b\u0159emeny.<\/p>\n<p><img decoding=\"async\" src=\"https:\/\/www.hydraulic-cylinders.net\/wp-content\/uploads\/2025\/04\/songte-company-1.webp\" alt=\"Obr\u00e1zek v\u00e1lce v\u00fdlo\u017en\u00edku\" \/><\/p>\n<h2>Vlastnosti v\u00e1lce v\u00fdlo\u017en\u00edku<\/h2>\n<ul>\n<li><strong>Vysok\u00e1 pevnost a trvanlivost:<\/strong> V\u00e1lec v\u00fdlo\u017en\u00edku je vyroben z vysokopevnostn\u00ed oceli nebo hlin\u00edku a je navr\u017een tak, aby odolal vysok\u00e9mu tlaku a velk\u00e9mu zat\u00ed\u017een\u00ed, tak\u017ee je vhodn\u00fd pro n\u00e1ro\u010dn\u00e9 pracovn\u00ed prost\u0159ed\u00ed. Jeho konstrukce zahrnuje odolnost proti opot\u0159eben\u00ed a korozi, co\u017e v\u00fdrazn\u011b prodlu\u017euje jeho \u017eivotnost.<\/li>\n<li><strong>Efektivn\u00ed hydraulick\u00fd provoz:<\/strong> V\u00e1lec v\u00fdlo\u017en\u00edku vyu\u017e\u00edv\u00e1 hydraulick\u00fd tlak oleje k dosa\u017een\u00ed plynul\u00e9ho vysouv\u00e1n\u00ed a zasouv\u00e1n\u00ed, rychle reaguje na povely obsluhy a poskytuje robustn\u00ed s\u00edlu p\u0159i tla\u010den\u00ed a tahu, co\u017e je ide\u00e1ln\u00ed pro manipulaci s t\u011b\u017ek\u00fdmi materi\u00e1ly a slo\u017eit\u00fdmi \u00fakoly.<\/li>\n<li><strong>R\u016fzn\u00e9 typy:<\/strong> V z\u00e1vislosti na provozn\u00edch pot\u0159eb\u00e1ch si z\u00e1kazn\u00edci mohou vybrat mezi jedno\u010dinn\u00fdmi (hydraulicky ovl\u00e1dan\u00e9 v jednom sm\u011bru) nebo dvoj\u010dinn\u00fdmi (hydraulicky ovl\u00e1dan\u00e9 v obou sm\u011brech) v\u00e1lci. N\u011bkter\u00e9 modely jsou teleskopick\u00e9, co\u017e umo\u017e\u0148uje v\u011bt\u0161\u00ed vysunut\u00ed bez zv\u011bt\u0161en\u00ed vn\u011bj\u0161\u00edch rozm\u011br\u016f, co\u017e je ide\u00e1ln\u00ed pro aplikace s omezen\u00fdm prostorem.<\/li>\n<\/ul>\n<p>Jsme schopni tyto produkty vyrobit a na\u0161e produkty dok\u00e1\u017e\u00ed dokonale nahradit st\u00e1vaj\u00edc\u00ed hydraulick\u00e9 v\u00e1lce.<\/p>\n<p><img decoding=\"async\" src=\"https:\/\/www.hydraulic-cylinders.net\/wp-content\/uploads\/2025\/04\/songte-cylinder-head-with-all-kinds-excavator-models.webp\" alt=\"Obr\u00e1zek model\u016f bagr\u016f\" \/><\/p>\n<h2>Aplikace v\u00e1lce v\u00fdlo\u017en\u00edku<\/h2>\n<ul>\n<li><strong>Stavebn\u00ed vybaven\u00ed:<\/strong> U bagr\u016f jsou v\u00e1lce v\u00fdlo\u017en\u00edku nezbytn\u00e9 pro kop\u00e1n\u00ed, nakl\u00e1d\u00e1n\u00ed a p\u0159emis\u0165ov\u00e1n\u00ed zeminy nebo suti. U rypadlo-naklada\u010d\u016f v\u00e1lec kore\u010dkov\u00e9ho ramene pom\u00e1h\u00e1 p\u0159i v\u00fdkopov\u00fdch i zdvi\u017en\u00fdch \u00fakonech, \u010d\u00edm\u017e zvy\u0161uje produktivitu na staveni\u0161t\u00edch.<\/li>\n<li><strong>Zem\u011bd\u011blsk\u00e9 stroje:<\/strong> V\u00e1lce v\u00fdlo\u017en\u00edku, pou\u017e\u00edvan\u00e9 v \u010deln\u00edch naklada\u010d\u00edch, jsou kl\u00ed\u010dov\u00e9 pro nab\u00edr\u00e1n\u00ed, zved\u00e1n\u00ed a p\u0159epravu p\u016fdy, sena a dal\u0161\u00edch materi\u00e1l\u016f, co\u017e zvy\u0161uje efektivitu zem\u011bd\u011blsk\u00fdch operac\u00ed.<\/li>\n<li><strong>Bagry:<\/strong> V\u00e1lec v\u00fdlo\u017en\u00edku umo\u017e\u0148uje l\u017e\u00edci efektivn\u011b pronikat do zem\u011b, co\u017e usnad\u0148uje efektivn\u00ed v\u00fdkopov\u00e9 procesy.<\/li>\n<li><strong>Naklada\u010de:<\/strong> U \u010deln\u00edch naklada\u010d\u016f pom\u00e1haj\u00ed v\u00e1lce v\u00fdlo\u017en\u00edku efektivn\u011b zvedat a vykl\u00e1p\u011bt b\u0159emena, co\u017e zaji\u0161\u0165uje plynulou manipulaci s materi\u00e1lem.<\/li>\n<\/ul>\n<h2>\u00davahy o designu<\/h2>\n<h3>Nosnost<\/h3>\n<p>Nosnost v\u00e1lce v\u00fdlo\u017en\u00edku je kritick\u00fdm konstruk\u010dn\u00edm krit\u00e9riem, kter\u00e9 p\u0159\u00edmo ovliv\u0148uje jeho v\u00fdkon. Mus\u00ed b\u00fdt navr\u017een tak, aby zvl\u00e1dl maxim\u00e1ln\u00ed zat\u00ed\u017een\u00ed o\u010dek\u00e1van\u00e9 b\u011bhem provozu, a zajistil tak bezpe\u010dnost a spolehlivost. Dob\u0159e navr\u017een\u00fd v\u00e1lec v\u00fdlo\u017en\u00edku dok\u00e1\u017ee un\u00e9st t\u011b\u017ek\u00e9 n\u00e1klady bez ohnut\u00ed nebo selh\u00e1n\u00ed, co\u017e je nezbytn\u00e9 pro efektivn\u00ed provoz stroj\u016f.<\/p>\n<h3>T\u011bsn\u011bn\u00ed<\/h3>\n<p>\u00da\u010dinn\u00e9 t\u011bsn\u011bn\u00ed je z\u00e1sadn\u00ed pro prevenci \u00fanik\u016f kapaliny a udr\u017een\u00ed tlaku v hydraulick\u00e9m syst\u00e9mu. Vysoce kvalitn\u00ed t\u011bsn\u011bn\u00ed zaji\u0161\u0165uj\u00ed, \u017ee hydraulick\u00e1 kapalina z\u016fst\u00e1v\u00e1 uzav\u0159ena, co\u017e je nezbytn\u00e9 pro provoz v\u00e1lce v\u00fdlo\u017en\u00edku. Pravideln\u00e1 kontrola a v\u00fdm\u011bna t\u011bsn\u011bn\u00ed m\u016f\u017ee zabr\u00e1nit n\u00e1kladn\u00fdm prostoj\u016fm a oprav\u00e1m.<\/p>\n<h3>Trvanlivost<\/h3>\n<p>Trvanlivost je kl\u00ed\u010dov\u00fdm faktorem p\u0159i konstrukci v\u00e1lc\u016f v\u00fdlo\u017en\u00edku. Tyto komponenty mus\u00ed odol\u00e1vat extr\u00e9mn\u00edm provozn\u00edm podm\u00ednk\u00e1m, v\u010detn\u011b vysok\u00fdch tlak\u016f, kol\u00edsaj\u00edc\u00edch teplot a vystaven\u00ed drsn\u00e9mu prost\u0159ed\u00ed. Pou\u017eit\u00ed materi\u00e1l\u016f, kter\u00e9 odol\u00e1vaj\u00ed opot\u0159eben\u00ed a korozi, p\u0159isp\u00edv\u00e1 k dlouh\u00e9 \u017eivotnosti v\u00e1lce a minimalizuje n\u00e1klady na \u00fadr\u017ebu a v\u00fdm\u011bnu.<\/p>\n<h3>Bezpe\u010dnost<\/h3>\n<p>Bezpe\u010dnostn\u00ed prvky v konstrukci v\u00e1lc\u016f v\u00fdlo\u017en\u00edku jsou kl\u00ed\u010dov\u00e9 pro prevenci nehod b\u011bhem provozu. Za\u010dlen\u011bn\u00ed pojistn\u00fdch ventil\u016f, syst\u00e9m\u016f pro pojistn\u00e9 p\u0159etlaky a redundantn\u00edch syst\u00e9m\u016f zvy\u0161uje bezpe\u010dnost a zaji\u0161\u0165uje, \u017ee strojn\u00ed za\u0159\u00edzen\u00ed pracuje v bezpe\u010dn\u00fdch mez\u00edch. Pravideln\u00e1 \u00fadr\u017eba a dodr\u017eov\u00e1n\u00ed bezpe\u010dnostn\u00edch protokol\u016f d\u00e1le zm\u00edr\u0148uj\u00ed rizika spojen\u00e1 s hydraulick\u00fdmi syst\u00e9my.<\/p>\n<h3>Udr\u017eovatelnost<\/h3>\n<p>Konstrukce v\u00e1lc\u016f v\u00fdlo\u017en\u00edku pro snadnou \u00fadr\u017ebu je nezbytn\u00e1 pro efektivn\u00ed provoz. Sou\u010d\u00e1sti by m\u011bly b\u00fdt snadno p\u0159\u00edstupn\u00e9 pro kontrolu, maz\u00e1n\u00ed a v\u00fdm\u011bnu. Konstrukce, kter\u00e1 usnad\u0148uje rychl\u00e9 opravy, m\u016f\u017ee v\u00fdrazn\u011b zkr\u00e1tit prostoje a zajistit, aby stroj z\u016fstal provozuschopn\u00fd a produktivn\u00ed.<\/p>\n<p><img decoding=\"async\" src=\"https:\/\/www.hydraulic-cylinders.net\/wp-content\/uploads\/2025\/04\/songte-oil-pipes-and-spare-parts.webp\" alt=\"Obr\u00e1zek olejov\u00fdch trubek a n\u00e1hradn\u00edch d\u00edl\u016f\" \/><\/p>\n<h2>T\u011bsn\u011bn\u00ed a maz\u00e1n\u00ed<\/h2>\n<p>Spr\u00e1vn\u00e9 t\u011bsn\u011bn\u00ed a maz\u00e1n\u00ed jsou z\u00e1sadn\u00ed pro v\u00fdkon v\u00e1lc\u016f v\u00fdlo\u017en\u00edku. R\u016fzn\u00e1 t\u011bsn\u011bn\u00ed, jako jsou t\u011bsn\u011bn\u00ed p\u00edst\u016f a t\u011bsn\u011bn\u00ed p\u00edstnic, jsou kl\u00ed\u010dov\u00e1 pro prevenci \u00faniku hydraulick\u00e9 kapaliny. V\u00fdb\u011br t\u011bsn\u011bn\u00ed vyroben\u00fdch z materi\u00e1l\u016f odoln\u00fdch proti opot\u0159eben\u00ed, jako je polyuretan a nitrilov\u00e1 pry\u017e, zvy\u0161uje trvanlivost. T\u011bleso v\u00e1lce a z\u00e1vitov\u00e9 koncov\u00e9 plochy by m\u011bly b\u00fdt jemn\u011b opracov\u00e1ny, aby se zlep\u0161ila odolnost proti opot\u0159eben\u00ed. Krom\u011b toho je pro zaji\u0161t\u011bn\u00ed plynul\u00e9ho provozu a minimalizaci opot\u0159eben\u00ed nezbytn\u00e9 pravideln\u00e9 maz\u00e1n\u00ed hydraulick\u00fdm olejem.<\/p>\n<h2>Preventivn\u00ed \u00fadr\u017ebov\u00e1 opat\u0159en\u00ed<\/h2>\n<ul>\n<li><strong>Pravideln\u00e9 kontroly:<\/strong> Prov\u00e1d\u011bjte pravideln\u00e9 kontroly v\u00e1lce v\u00fdlo\u017en\u00edku, abyste v\u010das odhalili jak\u00e9koli zn\u00e1mky opot\u0159eben\u00ed nebo po\u0161kozen\u00ed. Tento proaktivn\u00ed p\u0159\u00edstup m\u016f\u017ee pomoci p\u0159edej\u00edt z\u00e1va\u017en\u00fdm poruch\u00e1m a n\u00e1kladn\u00fdm oprav\u00e1m.<\/li>\n<li><strong>Maz\u00e1n\u00ed:<\/strong> Zajist\u011bte, aby hydraulick\u00e1 kapalina byla na spr\u00e1vn\u00e9 hladin\u011b a aby se pravideln\u011b pou\u017e\u00edvala maziva pro zaji\u0161t\u011bn\u00ed hladk\u00e9ho provozu.<\/li>\n<li><strong>V\u00fdm\u011bna t\u011bsn\u011bn\u00ed:<\/strong> Sledujte opot\u0159eben\u00ed t\u011bsn\u011bn\u00ed a v p\u0159\u00edpad\u011b pot\u0159eby je vym\u011b\u0148te, abyste zabr\u00e1nili \u00fanik\u016fm a udr\u017eeli tlak v syst\u00e9mu.<\/li>\n<\/ul>\n<h2>Instala\u010dn\u00ed p\u0159\u00edru\u010dka<\/h2>\n<p>Spr\u00e1vn\u00e1 instalace hydraulick\u00e9ho v\u00e1lce v\u00fdlo\u017en\u00edku je z\u00e1sadn\u00ed pro jeho v\u00fdkon. Za\u010dn\u011bte t\u00edm, \u017ee se ujist\u00edte, \u017ee mont\u00e1\u017en\u00ed povrchy jsou \u010dist\u00e9 a bez ne\u010distot. K zaji\u0161t\u011bn\u00ed v\u00e1lce na m\u00edst\u011b pou\u017eijte vhodn\u00e9 mont\u00e1\u017en\u00ed konzoly a zajist\u011bte spr\u00e1vn\u00e9 vyrovn\u00e1n\u00ed mezi v\u00e1lcem a strojem. Dodr\u017eujte specifikace v\u00fdrobce pro utahov\u00e1n\u00ed \u0161roub\u016f a instalaci hydraulick\u00fdch potrub\u00ed. P\u0159ed spu\u0161t\u011bn\u00edm za\u0159\u00edzen\u00ed zkontrolujte, zda jsou v\u0161echna p\u0159ipojen\u00ed bezpe\u010dn\u00e1 a t\u011bsn\u00e1. Je tak\u00e9 nezbytn\u00e9 odvzdu\u0161nit hydraulick\u00fd syst\u00e9m, abyste odstranili v\u0161echny vzduchov\u00e9 kapsy, kter\u00e9 by mohly ovlivnit v\u00fdkon.<\/p>\n<h2>B\u011b\u017en\u00e9 \u00fakoly \u00fadr\u017eby<\/h2>\n<ul>\n<li><strong>Pravideln\u00e9 kontroly:<\/strong> Napl\u00e1nujte si pravideln\u00e9 kontroly stavu v\u00e1lce v\u00fdlo\u017en\u00edku. Hledejte zn\u00e1mky opot\u0159eben\u00ed, net\u011bsnost\u00ed nebo po\u0161kozen\u00ed, kter\u00e9 by mohly ovlivnit v\u00fdkon.<\/li>\n<li><strong>Spr\u00e1vn\u00e9 maz\u00e1n\u00ed:<\/strong> Pro zaji\u0161t\u011bn\u00ed plynul\u00e9ho chodu zajist\u011bte dostate\u010dn\u00e9 maz\u00e1n\u00ed v\u00e1lce. Pro optim\u00e1ln\u00ed v\u00fdkon pou\u017e\u00edvejte doporu\u010den\u00fd hydraulick\u00fd olej.<\/li>\n<li><strong>V\u00fdm\u011bna a kalibrace t\u011bsn\u011bn\u00ed:<\/strong> V p\u0159\u00edpad\u011b pot\u0159eby vym\u011b\u0148te t\u011bsn\u011bn\u00ed a prove\u010fte kalibra\u010dn\u00ed kontroly, abyste zajistili, \u017ee v\u00e1lec pracuje v r\u00e1mci specifikovan\u00fdch parametr\u016f.<\/li>\n<\/ul>\n<h2>Bezpe\u010dnostn\u00ed aspekty a faktory prost\u0159ed\u00ed<\/h2>\n<p>P\u0159i pou\u017e\u00edv\u00e1n\u00ed hydraulick\u00fdch v\u00e1lc\u016f je nezbytn\u00e9 zav\u00e9st bezpe\u010dnostn\u00ed opat\u0159en\u00ed na ochranu obsluhy a za\u0159\u00edzen\u00ed. To zahrnuje zaji\u0161t\u011bn\u00ed funk\u010dnosti v\u0161ech bezpe\u010dnostn\u00edch prvk\u016f a pro\u0161kolen\u00ed obsluhy v bezpe\u010dn\u00e9 manipulaci se stroji. Pro udr\u017een\u00ed bezpe\u010dn\u00e9ho a \u010dist\u00e9ho pracovn\u00edho prost\u0159ed\u00ed jsou nezbytn\u00e9 environment\u00e1ln\u00ed aspekty, jako je prevence \u00fanik\u016f hydraulick\u00e9 kapaliny. Spr\u00e1vn\u00e1 likvidace hydraulick\u00fdch kapalin a sou\u010d\u00e1st\u00ed tak\u00e9 p\u0159isp\u00edv\u00e1 k udr\u017eitelnosti a dodr\u017eov\u00e1n\u00ed environment\u00e1ln\u00edch p\u0159edpis\u016f.<\/p>\n<h2>Odstra\u0148ov\u00e1n\u00ed probl\u00e9m\u016f a b\u011b\u017en\u00e9 probl\u00e9my<\/h2>\n<ul>\n<li><strong>Ztr\u00e1ta tlaku:<\/strong> Pokud dojde k \u00faniku tlaku ve v\u00e1lci v\u00fdlo\u017en\u00edku, zkontrolujte t\u011bsnost hydraulick\u00e9ho potrub\u00ed nebo t\u011bsn\u011bn\u00ed. Ujist\u011bte se, \u017ee je hladina hydraulick\u00e9 kapaliny dostate\u010dn\u00e1, a zkontrolujte, zda nedo\u0161lo k ucp\u00e1n\u00ed.<\/li>\n<li><strong>Pomal\u00fd provoz:<\/strong> Pomal\u00fd chod m\u016f\u017ee znamenat nedostatek hydraulick\u00e9 kapaliny nebo vzduchu v syst\u00e9mu. Pro vy\u0159e\u0161en\u00ed tohoto probl\u00e9mu odvzdu\u0161n\u011bte syst\u00e9m a zkontrolujte hladiny kapalin.<\/li>\n<li><strong>Nerovnom\u011brn\u00fd pohyb:<\/strong> Pokud se v\u00e1lec v\u00fdlo\u017en\u00edku pohybuje nerovnom\u011brn\u011b, zkontrolujte t\u011bsn\u011bn\u00ed a hydraulick\u00e9 spoje, zda nejsou po\u0161kozen\u00e9 nebo opot\u0159ebovan\u00e9. Ujist\u011bte se, \u017ee je v\u00e1lec spr\u00e1vn\u011b vyrovn\u00e1n a kalibrov\u00e1n.<\/li>\n<\/ul>\n<h2>Tipy pro \u0159e\u0161en\u00ed probl\u00e9m\u016f<\/h2>\n<p>Pro efektivn\u00ed diagnostiku a \u0159e\u0161en\u00ed probl\u00e9m\u016f s v\u00e1lci v\u00fdlo\u017en\u00edku za\u010dn\u011bte p\u0159e\u010dten\u00edm n\u00e1vodu k obsluze, kde naleznete pokyny pro \u0159e\u0161en\u00ed probl\u00e9m\u016f. Pravideln\u00e1 \u00fadr\u017eba m\u016f\u017ee p\u0159edej\u00edt mnoha b\u011b\u017en\u00fdm probl\u00e9m\u016fm, proto dodr\u017eujte pl\u00e1novan\u00e9 kontroly a opot\u0159ebovan\u00e9 sou\u010d\u00e1sti v\u010das vym\u011b\u0148ujte. Zaveden\u00ed systematick\u00e9ho p\u0159\u00edstupu ke sledov\u00e1n\u00ed v\u00fdkonu v\u00e1lc\u016f pom\u00e1h\u00e1 identifikovat potenci\u00e1ln\u00ed probl\u00e9my d\u0159\u00edve, ne\u017e se zhor\u0161\u00ed, a zaji\u0161\u0165uje tak spolehliv\u00fd provoz.<\/p>\n<p><img decoding=\"async\" src=\"https:\/\/www.hydraulic-cylinders.net\/wp-content\/uploads\/2025\/04\/songte-bushings-with-all-kinds-of-excavator-models.webp\" alt=\"Pouzdra s modely bagr\u016f Obr\u00e1zek\" \/><\/p>\n<h2>O na\u0161\u00ed spole\u010dnosti<\/h2>\n<p>Jsme p\u0159edn\u00edm v\u00fdrobcem n\u00e1hradn\u00edch hydraulick\u00fdch v\u00e1lc\u016f a nab\u00edz\u00edme \u0161irokou \u0161k\u00e1lu produkt\u016f na dom\u00e1c\u00edm i mezin\u00e1rodn\u00edm trhu. N\u00e1\u0161 z\u00e1vazek k dokonalosti se odr\u00e1\u017e\u00ed v na\u0161ich pe\u010dliv\u00fdch v\u00fdrobn\u00edch procesech a strategi\u00edch \u0159\u00edzen\u00ed. Neust\u00e1le vylep\u0161ujeme na\u0161i v\u00fdrobn\u00ed platformu vyu\u017e\u00edv\u00e1n\u00edm technick\u00fdch talent\u016f, pokro\u010dil\u00e9ho digit\u00e1ln\u00edho v\u00fdrobn\u00edho za\u0159\u00edzen\u00ed a profesion\u00e1ln\u00edch testovac\u00edch syst\u00e9m\u016f, co\u017e zaji\u0161\u0165uje, \u017ee spl\u0148ujeme rozmanit\u00e9 pot\u0159eby z\u00e1kazn\u00edk\u016f s vysokou efektivitou, p\u0159esnost\u00ed a kvalitou.<\/p>\n<h3>Odbornost a \u0159e\u0161en\u00ed na m\u00edru<\/h3>\n<p>D\u00edky na\u0161im specializovan\u00fdm znalostem poskytujeme \u0159e\u0161en\u00ed na m\u00edru \u0161it\u00e1 na m\u00edru specifick\u00fdm provozn\u00edm po\u017eadavk\u016fm. Na\u0161e mezin\u00e1rodn\u00ed certifikace zaru\u010duj\u00ed z\u00e1kazn\u00edk\u016fm kvalitu a spolehlivost na\u0161ich produkt\u016f, co\u017e z n\u00e1s \u010din\u00ed d\u016fv\u011bryhodn\u00e9ho partnera v oblasti hydraulick\u00fdch \u0159e\u0161en\u00ed.<\/p>\n<h3>Pokro\u010dil\u00e9 v\u00fdrobn\u00ed za\u0159\u00edzen\u00ed<\/h3>\n<p>Na\u0161e z\u00e1vody jsou vybaveny nejmodern\u011bj\u0161\u00edm v\u00fdrobn\u00edm za\u0159\u00edzen\u00edm, kter\u00e9 n\u00e1m umo\u017e\u0148uje vyr\u00e1b\u011bt hydraulick\u00e9 v\u00e1lce spl\u0148uj\u00edc\u00ed p\u0159\u00edsn\u00e9 standardy kvality. Na\u0161e p\u0159\u00edsn\u00e9 procesy kontroly kvality zaji\u0161\u0165uj\u00ed, \u017ee v\u0161echny produkty p\u0159ekra\u010duj\u00ed o\u010dek\u00e1v\u00e1n\u00ed z\u00e1kazn\u00edk\u016f.<\/p>\n<h3>Poprodejn\u00ed podpora<\/h3>\n<p>Jsme hrd\u00ed na to, \u017ee poskytujeme v\u00fdjime\u010dnou poprodejn\u00ed podporu a pom\u00e1h\u00e1me z\u00e1kazn\u00edk\u016fm s instalac\u00ed, \u00fadr\u017ebou a \u0159e\u0161en\u00edm probl\u00e9m\u016f. N\u00e1\u0161 specializovan\u00fd t\u00fdm z\u00e1kaznick\u00fdch slu\u017eeb je v\u00e1m v\u017edy k dispozici s jak\u00fdmikoli dotazy nebo obavami.<\/p>\n<p><img decoding=\"async\" src=\"https:\/\/www.hydraulic-cylinders.net\/wp-content\/uploads\/2025\/04\/songte-company-4.webp\" alt=\"Obr\u00e1zek spole\u010dnosti 1\" \/><br \/>\n<img decoding=\"async\" src=\"https:\/\/www.hydraulic-cylinders.net\/wp-content\/uploads\/2025\/04\/songte-company-3.webp\" alt=\"Obr\u00e1zek spole\u010dnosti 2\" \/><\/p>\n<p>Autor: lyl<\/p>","protected":false},"excerpt":{"rendered":"<p>Boom Cylinder For Sinomach ZG3065-9 Introduction to Boom Cylinder The Boom Cylinder is a vital component in hydraulic systems, specifically designed for controlling the movement of buckets in heavy machinery such as excavators, backhoe loaders, and front loaders. This hydraulic cylinder allows the bucket to lift, lower, and tilt, facilitating efficient material handling tasks. It [&hellip;]<\/p>","protected":false},"featured_media":17873,"comment_status":"open","ping_status":"closed","template":"","meta":{"_et_pb_use_builder":"","_et_pb_old_content":"","_et_gb_content_width":""},"product_brand":[],"product_cat":[1546],"product_tag":[1547,1496],"class_list":{"0":"post-19489","1":"product","2":"type-product","3":"status-publish","4":"has-post-thumbnail","6":"product_cat-boom-cylinders","7":"product_tag-boom-cylinders","8":"product_tag-hydraulic-cylinders","10":"first","11":"instock","12":"shipping-taxable","13":"product-type-simple"},"amp_enabled":true,"_links":{"self":[{"href":"https:\/\/www.hydraulic-cylinders.net\/cs\/wp-json\/wp\/v2\/product\/19489","targetHints":{"allow":["GET"]}}],"collection":[{"href":"https:\/\/www.hydraulic-cylinders.net\/cs\/wp-json\/wp\/v2\/product"}],"about":[{"href":"https:\/\/www.hydraulic-cylinders.net\/cs\/wp-json\/wp\/v2\/types\/product"}],"replies":[{"embeddable":true,"href":"https:\/\/www.hydraulic-cylinders.net\/cs\/wp-json\/wp\/v2\/comments?post=19489"}],"wp:featuredmedia":[{"embeddable":true,"href":"https:\/\/www.hydraulic-cylinders.net\/cs\/wp-json\/wp\/v2\/media\/17873"}],"wp:attachment":[{"href":"https:\/\/www.hydraulic-cylinders.net\/cs\/wp-json\/wp\/v2\/media?parent=19489"}],"wp:term":[{"taxonomy":"product_brand","embeddable":true,"href":"https:\/\/www.hydraulic-cylinders.net\/cs\/wp-json\/wp\/v2\/product_brand?post=19489"},{"taxonomy":"product_cat","embeddable":true,"href":"https:\/\/www.hydraulic-cylinders.net\/cs\/wp-json\/wp\/v2\/product_cat?post=19489"},{"taxonomy":"product_tag","embeddable":true,"href":"https:\/\/www.hydraulic-cylinders.net\/cs\/wp-json\/wp\/v2\/product_tag?post=19489"}],"curies":[{"name":"wp","href":"https:\/\/api.w.org\/{rel}","templated":true}]}}