{"id":19498,"date":"2025-04-07T06:50:58","date_gmt":"2025-04-07T06:50:58","guid":{"rendered":"https:\/\/www.hydraulic-cylinders.net\/product\/boom-cylinder-for-tck-hd1023lc-8h\/"},"modified":"2025-04-07T06:51:01","modified_gmt":"2025-04-07T06:51:01","slug":"boom-cylinder-for-tck-hd1023lc-8h","status":"publish","type":"product","link":"https:\/\/www.hydraulic-cylinders.net\/cs\/produkt\/boom-cylinder-for-tck-hd1023lc-8h\/","title":{"rendered":"V\u00e1lec v\u00fdlo\u017en\u00edku pro TCK HD1023LC-8H"},"content":{"rendered":"<h1>V\u00e1lec v\u00fdlo\u017en\u00edku pro TCK HD1023LC-8H<\/h1>\n<h2>\u00davod k v\u00e1lci v\u00fdlo\u017en\u00edku<\/h2>\n<p>Hydraulick\u00fd v\u00e1lec v\u00fdlo\u017en\u00edku je z\u00e1kladn\u00ed hydraulickou sou\u010d\u00e1st\u00ed pou\u017e\u00edvanou v r\u016fzn\u00fdch t\u011b\u017ek\u00fdch stroj\u00edch, zejm\u00e9na v bagrech, rypadlech-naklada\u010d\u00edch a \u010deln\u00edch naklada\u010d\u00edch. Tento hydraulick\u00fd v\u00e1lec je navr\u017een tak, aby ovl\u00e1dal pohyb l\u017e\u00edce a umo\u017e\u0148oval jej\u00ed p\u0159esn\u00e9 zved\u00e1n\u00ed, spou\u0161t\u011bn\u00ed a nakl\u00e1p\u011bn\u00ed. Efektivn\u00ed provoz v\u00e1lce v\u00fdlo\u017en\u00edku je kl\u00ed\u010dov\u00fd pro manipulaci s materi\u00e1lem, proto\u017ee poskytuje pot\u0159ebnou s\u00edlu pro efektivn\u00ed manipulaci s t\u011b\u017ek\u00fdmi b\u0159emeny.<\/p>\n<p><img decoding=\"async\" src=\"https:\/\/www.hydraulic-cylinders.net\/wp-content\/uploads\/2025\/04\/songte-company-1.webp\" alt=\"V\u00e1lec v\u00fdlo\u017en\u00edku\" \/><\/p>\n<h2>Kl\u00ed\u010dov\u00e9 vlastnosti<\/h2>\n<ul>\n<li><strong>Vysok\u00e1 pevnost a trvanlivost:<\/strong> V\u00e1lec v\u00fdlo\u017en\u00edku, obvykle vyroben\u00fd z vysokopevnostn\u00ed oceli nebo hlin\u00edku, odol\u00e1 vysok\u00fdm tlak\u016fm a t\u011b\u017ek\u00fdm z\u00e1t\u011b\u017e\u00edm. Jeho konstrukce zohled\u0148uje odolnost proti opot\u0159eben\u00ed a korozi, co\u017e prodlu\u017euje jeho \u017eivotnost.<\/li>\n<li><strong>Efektivn\u00ed hydraulick\u00fd provoz:<\/strong> V\u00e1lec vyu\u017e\u00edv\u00e1 tlak hydraulick\u00e9 kapaliny k dosa\u017een\u00ed plynul\u00e9ho vysouv\u00e1n\u00ed a zasouv\u00e1n\u00ed, rychle reaguje na povely obsluhy a poskytuje zna\u010dnou s\u00edlu tla\u010den\u00ed a tahu, ide\u00e1ln\u00ed pro zvl\u00e1d\u00e1n\u00ed t\u011b\u017ek\u00fdch a slo\u017eit\u00fdch \u00fakol\u016f.<\/li>\n<li><strong>R\u016fzn\u00e9 typy:<\/strong> K dispozici je v jedno\u010dinn\u00e9m (funguje v jednom sm\u011bru) nebo dvoj\u010dinn\u00e9m (funguje v obou sm\u011brech) proveden\u00ed a dok\u00e1\u017ee splnit r\u016fzn\u00e9 provozn\u00ed pot\u0159eby. N\u011bkter\u00e9 modely jsou teleskopick\u00e9, co\u017e umo\u017e\u0148uje v\u011bt\u0161\u00ed v\u00fdsuv bez zv\u011bt\u0161en\u00ed vn\u011bj\u0161\u00edch rozm\u011br\u016f, a jsou vhodn\u00e9 pro aplikace s omezen\u00fdm prostorem.<\/li>\n<\/ul>\n<p>Vyr\u00e1b\u00edme tento vysoce kvalitn\u00ed v\u00e1lec v\u00fdlo\u017en\u00edku, kter\u00fd dokonale nahrad\u00ed st\u00e1vaj\u00edc\u00ed hydraulick\u00e9 v\u00e1lce ve va\u0161em strojn\u00edm za\u0159\u00edzen\u00ed.<\/p>\n<p><img decoding=\"async\" src=\"https:\/\/www.hydraulic-cylinders.net\/wp-content\/uploads\/2025\/04\/songte-cylinder-head-with-all-kinds-excavator-models.webp\" alt=\"Modely bagr\u016f\" \/><\/p>\n<h2>Aplikace v\u00e1lce v\u00fdlo\u017en\u00edku<\/h2>\n<h3>Stavebn\u00ed stroje<\/h3>\n<p>U bagr\u016f jsou v\u00e1lce v\u00fdlo\u017en\u00edku nezbytn\u00e9 pro kop\u00e1n\u00ed, nakl\u00e1d\u00e1n\u00ed a p\u0159emis\u0165ov\u00e1n\u00ed zeminy nebo suti. Umo\u017e\u0148uj\u00ed l\u017e\u00edci efektivn\u011b pronikat do zem\u011b, co\u017e umo\u017e\u0148uje efektivn\u00ed v\u00fdkopov\u00e9 operace. U rypadlo-naklada\u010d\u016f tyto v\u00e1lce pom\u00e1haj\u00ed jak p\u0159i kop\u00e1n\u00ed, tak p\u0159i zved\u00e1n\u00ed, co\u017e je \u010din\u00ed nepostradateln\u00fdmi p\u0159i stavebn\u00edch prac\u00edch.<\/p>\n<h3>Zem\u011bd\u011blsk\u00e9 stroje<\/h3>\n<p>U \u010deln\u00edch naklada\u010d\u016f se v\u00e1lce v\u00fdlo\u017en\u00edku pou\u017e\u00edvaj\u00ed k nab\u00edr\u00e1n\u00ed, zved\u00e1n\u00ed a p\u0159eprav\u011b zeminy, sena a dal\u0161\u00edch materi\u00e1l\u016f. Jejich robustn\u00ed hydraulick\u00fd mechanismus zaji\u0161\u0165uje rychl\u00e9 a efektivn\u00ed prov\u00e1d\u011bn\u00ed zem\u011bd\u011blsk\u00fdch \u00fakol\u016f a snadnou manipulaci s velk\u00fdmi objemy materi\u00e1l\u016f.<\/p>\n<h3>Bagry<\/h3>\n<p>U rypadel usnad\u0148uje v\u00e1lec v\u00fdlo\u017en\u00edku kop\u00e1n\u00ed t\u00edm, \u017ee umo\u017e\u0148uje l\u017e\u00edci proniknout hluboko do p\u016fdy. Tato funkce je kl\u00ed\u010dov\u00e1 pro r\u016fzn\u00e9 kopac\u00ed aplikace a zaji\u0161\u0165uje optim\u00e1ln\u00ed \u00fa\u010dinnost provozu stroje.<\/p>\n<h3>Naklada\u010de<\/h3>\n<p>U \u010deln\u00edch naklada\u010d\u016f pom\u00e1haj\u00ed v\u00e1lce v\u00fdlo\u017en\u00edku efektivn\u011b zvedat a vykl\u00e1p\u011bt b\u0159emena. Zaji\u0161\u0165uj\u00ed, aby t\u011b\u017ek\u00e9 materi\u00e1ly mohly b\u00fdt p\u0159esunuty z jednoho m\u00edsta na druh\u00e9 s p\u0159esnost\u00ed, co\u017e v\u00fdrazn\u011b zvy\u0161uje produktivitu nakl\u00e1dac\u00edch \u00fakol\u016f.<\/p>\n<h2>Konstruk\u010dn\u00ed aspekty a krit\u00e9ria v\u00fdb\u011bru<\/h2>\n<h3>Nosnost<\/h3>\n<p>P\u0159i v\u00fdb\u011bru v\u00e1lce v\u00fdlo\u017en\u00edku je z\u00e1sadn\u00ed posouzen\u00ed jeho nosnosti. V\u00e1lec mus\u00ed b\u00fdt schopen zvl\u00e1dnout maxim\u00e1ln\u00ed zat\u00ed\u017een\u00ed, s n\u00edm\u017e se setk\u00e1v\u00e1me v provozn\u00edch sc\u00e9n\u00e1\u0159\u00edch. To zahrnuje posouzen\u00ed hydraulick\u00e9ho tlaku a mechanick\u00e9 pevnosti sou\u010d\u00e1st\u00ed v\u00e1lce, aby byla zaji\u0161t\u011bna spolehlivost a bezpe\u010dnost b\u011bhem provozu.<\/p>\n<h3>T\u011bsn\u011bn\u00ed<\/h3>\n<p>\u00da\u010dinn\u00e9 t\u011bsn\u011bn\u00ed je nezbytn\u00e9 pro dlouhou \u017eivotnost hydraulick\u00fdch v\u00e1lc\u016f. Vysoce kvalitn\u00ed t\u011bsn\u011bn\u00ed zabra\u0148uje \u00faniku hydraulick\u00e9 kapaliny, co\u017e m\u016f\u017ee negativn\u011b ovlivnit v\u00fdkon a v\u00e9st k provozn\u00edm poruch\u00e1m. V\u00fdb\u011br vhodn\u00fdch t\u011bsnic\u00edch materi\u00e1l\u016f, jako je polyuretan a nitrilov\u00e1 pry\u017e, m\u016f\u017ee v\u00fdrazn\u011b zv\u00fd\u0161it trvanlivost a spolehlivost.<\/p>\n<h3>Trvanlivost<\/h3>\n<p>Odolnost je kl\u00ed\u010dovou vlastnost\u00ed v\u00e1lc\u016f v\u00fdlo\u017en\u00edku. M\u011bly by b\u00fdt navr\u017eeny tak, aby odolaly n\u00e1ro\u010dn\u00fdm provozn\u00edm podm\u00ednk\u00e1m, v\u010detn\u011b extr\u00e9mn\u00edch teplot a vystaven\u00ed korozivn\u00edm materi\u00e1l\u016fm. Pou\u017eit\u00ed pokro\u010dil\u00fdch materi\u00e1l\u016f a ochrann\u00fdch povlak\u016f m\u016f\u017ee prodlou\u017eit \u017eivotnost a v\u00fdkon v\u00e1lce v n\u00e1ro\u010dn\u00fdch prost\u0159ed\u00edch.<\/p>\n<h3>Bezpe\u010dnost<\/h3>\n<p>Bezpe\u010dnostn\u00ed aspekty by m\u011bly b\u00fdt v\u017edy v pop\u0159ed\u00ed konstrukce hydraulick\u00fdch v\u00e1lc\u016f. Funkce, jako jsou p\u0159etlakov\u00e9 ventily a bezpe\u010dnostn\u00ed mechanismy, pom\u00e1haj\u00ed p\u0159edch\u00e1zet katastrofick\u00fdm poruch\u00e1m a zaji\u0161\u0165uj\u00ed bezpe\u010dn\u00fd provoz. P\u0159i v\u00fdb\u011bru v\u00e1lce v\u00fdlo\u017en\u00edku je nezbytn\u00e9 porozum\u011bt bezpe\u010dnostn\u00edm norm\u00e1m t\u00fdkaj\u00edc\u00edm se hydraulick\u00fdch syst\u00e9m\u016f.<\/p>\n<h3>\u00dadr\u017eba a opravitelnost<\/h3>\n<p>Konstrukce v\u00e1lce v\u00fdlo\u017en\u00edku by m\u011bla umo\u017e\u0148ovat snadnou \u00fadr\u017ebu a opravy. To zahrnuje prvky, kter\u00e9 umo\u017e\u0148uj\u00ed rychl\u00fd p\u0159\u00edstup k t\u011bsn\u011bn\u00edm a dal\u0161\u00edm sou\u010d\u00e1stem pro kontrolu a v\u00fdm\u011bnu. Pravideln\u00e1 \u00fadr\u017eba m\u016f\u017ee v\u00fdrazn\u011b prodlou\u017eit \u017eivotnost v\u00e1lce a zajistit optim\u00e1ln\u00ed v\u00fdkon.<\/p>\n<p><img decoding=\"async\" src=\"https:\/\/www.hydraulic-cylinders.net\/wp-content\/uploads\/2025\/04\/songte-oil-pipes-and-spare-parts.webp\" alt=\"Hydraulick\u00e9 d\u00edly\" \/><\/p>\n<h2>T\u011bsn\u011bn\u00ed a maz\u00e1n\u00ed<\/h2>\n<p>\u00da\u010dinn\u00e9 t\u011bsn\u011bn\u00ed a maz\u00e1n\u00ed jsou nezbytn\u00e9 pro v\u00fdkon hydraulick\u00fdch v\u00e1lc\u016f. Pro zaji\u0161t\u011bn\u00ed zadr\u017een\u00ed kapaliny je nutn\u00e9 pou\u017e\u00edt r\u016fzn\u00e9 typy t\u011bsn\u011bn\u00ed, jako jsou p\u00edstn\u00ed t\u011bsn\u011bn\u00ed a t\u011bsn\u011bn\u00ed p\u00edstnice. T\u011bsn\u011bn\u00ed by m\u011bla b\u00fdt vyrobena z materi\u00e1l\u016f odoln\u00fdch proti opot\u0159eben\u00ed, jako je polyuretan a nitrilov\u00e1 pry\u017e, kter\u00e9 poskytuj\u00ed vynikaj\u00edc\u00ed trvanlivost. T\u011bleso v\u00e1lce a z\u00e1vitov\u00e9 konce by m\u011bly b\u00fdt jemn\u011b opracov\u00e1ny pro zv\u00fd\u0161en\u00ed odolnosti proti opot\u0159eben\u00ed. Pravideln\u00e9 maz\u00e1n\u00ed vhodn\u00fdm hydraulick\u00fdm olejem je nezbytn\u00e9 pro udr\u017een\u00ed plynul\u00e9ho provozu a sn\u00ed\u017een\u00ed opot\u0159eben\u00ed pohybliv\u00fdch \u010d\u00e1st\u00ed.<\/p>\n<h2>Pravideln\u00e1 kontrola a preventivn\u00ed \u00fadr\u017eba<\/h2>\n<ul>\n<li><strong>Pravideln\u00e9 kontroly:<\/strong> Prov\u00e1d\u011bn\u00ed pravideln\u00fdch kontrol m\u016f\u017ee pomoci odhalit v\u010dasn\u00e9 zn\u00e1mky opot\u0159eben\u00ed a zajistit, aby se potenci\u00e1ln\u00ed probl\u00e9my \u0159e\u0161ily d\u0159\u00edve, ne\u017e se zhor\u0161\u00ed.<\/li>\n<li><strong>Spr\u00e1vn\u00e9 maz\u00e1n\u00ed:<\/strong> Udr\u017eov\u00e1n\u00ed dostate\u010dn\u00e9 hladiny maz\u00e1n\u00ed je z\u00e1sadn\u00ed pro prevenci po\u0161kozen\u00ed zp\u016fsoben\u00e9ho t\u0159en\u00edm a zaji\u0161t\u011bn\u00ed hladk\u00e9ho provozu hydraulick\u00e9ho syst\u00e9mu.<\/li>\n<li><strong>V\u00fdm\u011bna t\u011bsn\u011bn\u00ed:<\/strong> Pravideln\u00e1 kontrola a v\u00fdm\u011bna t\u011bsn\u011bn\u00ed dle pot\u0159eby zabr\u00e1n\u00ed \u00fanik\u016fm hydraulick\u00e9 kapaliny a udr\u017e\u00ed integritu syst\u00e9mu.<\/li>\n<\/ul>\n<h2>Pokyny k instalaci<\/h2>\n<p>Spr\u00e1vn\u00e1 instalace v\u00e1lce v\u00fdlo\u017en\u00edku je z\u00e1sadn\u00ed pro optim\u00e1ln\u00ed v\u00fdkon. Za\u010dn\u011bte t\u00edm, \u017ee se ujist\u00edte, \u017ee je v\u00e1lec spr\u00e1vn\u011b zarovn\u00e1n s mont\u00e1\u017en\u00edmi body stroje, aby se zabr\u00e1nilo nadm\u011brn\u00e9mu nam\u00e1h\u00e1n\u00ed. Pou\u017eijte vhodn\u00e9 mont\u00e1\u017en\u00ed konzoly k zaji\u0161t\u011bn\u00ed v\u00e1lce na m\u00edst\u011b a zabr\u00e1n\u011bn\u00ed jeho pohybu, kter\u00fd by mohl v\u00e9st k poru\u0161e. Pe\u010dliv\u011b dodr\u017eujte specifikace v\u00fdrobce pro hydraulick\u00e9 p\u0159ipojen\u00ed, abyste zajistili spr\u00e1vn\u00fd tok kapaliny a zabr\u00e1nili \u00fanik\u016fm. Po instalaci prove\u010fte d\u016fkladnou kontrolu, abyste se ujistili, \u017ee v\u0161echny komponenty jsou bezpe\u010dn\u011b upevn\u011bny a spr\u00e1vn\u011b funguj\u00ed.<\/p>\n<h2>\u00dakoly \u00fadr\u017eby<\/h2>\n<ul>\n<li><strong>Pravideln\u00e9 kontroly:<\/strong> Pravideln\u00e9 kontroly zn\u00e1mek opot\u0159eben\u00ed, net\u011bsnost\u00ed a spr\u00e1vn\u00e9ho se\u0159\u00edzen\u00ed jsou z\u00e1sadn\u00ed. V\u011bnujte pozornost celkov\u00e9mu stavu v\u00e1lce a jeho sou\u010d\u00e1st\u00ed a p\u0159\u00edpadn\u00e9 probl\u00e9my neprodlen\u011b \u0159e\u0161te.<\/li>\n<li><strong>Vhodn\u00e9 maz\u00e1n\u00ed:<\/strong> Ujist\u011bte se, \u017ee je hydraulick\u00fd olej dopln\u011bn na doporu\u010den\u00e9 hladiny. Pro optim\u00e1ln\u00ed v\u00fdkon pou\u017e\u00edvejte vysoce kvalitn\u00ed maziva, kter\u00e1 spl\u0148uj\u00ed nebo p\u0159ekra\u010duj\u00ed specifikace v\u00fdrobce.<\/li>\n<li><strong>V\u00fdm\u011bna t\u011bsn\u011bn\u00ed:<\/strong> Pravideln\u011b kontrolujte t\u011bsn\u011bn\u00ed, zda nevykazuj\u00ed zn\u00e1mky opot\u0159eben\u00ed, a v p\u0159\u00edpad\u011b pot\u0159eby je vym\u011b\u0148ujte, abyste zabr\u00e1nili \u00faniku hydraulick\u00e9 kapaliny. Tato \u00fadr\u017eba je kl\u00ed\u010dov\u00e1 pro udr\u017een\u00ed integrity a v\u00fdkonu syst\u00e9mu.<\/li>\n<\/ul>\n<p>Spr\u00e1vn\u00e1 instalace, maz\u00e1n\u00ed a se\u0159\u00edzen\u00ed jsou kl\u00ed\u010dov\u00e9 pro maximalizaci \u017eivotnosti v\u00e1lce v\u00fdlo\u017en\u00edku. B\u011bhem instalace je vhodn\u00e9 pou\u017e\u00edvat spr\u00e1vn\u00e9 techniky se\u0159\u00edzen\u00ed, aby se zabr\u00e1nilo nam\u00e1h\u00e1n\u00ed v\u00e1lce. Dodr\u017eov\u00e1n\u00ed doporu\u010den\u00fdch postup\u016f pro kontrolu, opravu a v\u00fdm\u011bnu d\u00e1le prodlou\u017e\u00ed \u017eivotnost hydraulick\u00e9ho syst\u00e9mu.<\/p>\n<p><img decoding=\"async\" src=\"https:\/\/www.hydraulic-cylinders.net\/wp-content\/uploads\/2025\/04\/songte-chushion-collar.webp\" alt=\"Pol\u0161t\u00e1\u0159ov\u00fd l\u00edmec\" \/><\/p>\n<h2>Bezpe\u010dnostn\u00ed aspekty a faktory prost\u0159ed\u00ed<\/h2>\n<p>P\u0159i pr\u00e1ci s hydraulick\u00fdmi v\u00e1lci je nanejv\u00fd\u0161 d\u016fle\u017eit\u00e9 zav\u00e9st bezpe\u010dnostn\u00ed opat\u0159en\u00ed. B\u011bhem instalace a \u00fadr\u017eby v\u017edy dodr\u017eujte bezpe\u010dnostn\u00ed protokoly, abyste p\u0159ede\u0161li nehod\u00e1m. D\u00e1le zva\u017ete faktory \u017eivotn\u00edho prost\u0159ed\u00ed, jako je spr\u00e1vn\u00e1 likvidace hydraulick\u00fdch kapalin a dopad \u00fanik\u016f na okoln\u00ed ekosyst\u00e9my. Pou\u017e\u00edv\u00e1n\u00ed biologicky odbourateln\u00fdch hydraulick\u00fdch kapalin m\u016f\u017ee pomoci zm\u00edrnit environment\u00e1ln\u00ed rizika.<\/p>\n<h2>Diagnostika z\u00e1vad a b\u011b\u017en\u00e9 probl\u00e9my<\/h2>\n<ul>\n<li><strong>\u00danik hydraulick\u00e9 kapaliny:<\/strong> Tento probl\u00e9m m\u016f\u017ee pramenit z opot\u0159ebovan\u00fdch t\u011bsn\u011bn\u00ed nebo po\u0161kozen\u00fdch hadic. Pravideln\u00e9 kontroly mohou pomoci v\u010das odhalit net\u011bsnosti a umo\u017enit v\u010dasn\u00e9 opravy.<\/li>\n<li><strong>Pomal\u00fd pohyb v\u00e1lce:<\/strong> Pokud se v\u00e1lec nevysouv\u00e1 ani nezasouv\u00e1 plynule, m\u016f\u017ee to znamenat n\u00edzkou hladinu hydraulick\u00e9 kapaliny nebo zne\u010di\u0161t\u011bn\u00ed syst\u00e9mu.<\/li>\n<li><strong>Neobvykl\u00e9 zvuky:<\/strong> Sk\u0159\u00edpav\u00e9 nebo praskav\u00e9 zvuky b\u011bhem provozu mohou signalizovat mechanick\u00e9 probl\u00e9my ve v\u00e1lci nebo hydraulick\u00e9m syst\u00e9mu.<\/li>\n<\/ul>\n<p>Pro efektivn\u00ed \u0159e\u0161en\u00ed probl\u00e9m\u016f se v\u017edy \u0159i\u010fte pokyny v\u00fdrobce a vyu\u017e\u00edvejte diagnostick\u00e9 n\u00e1stroje k p\u0159esn\u00e9mu ur\u010den\u00ed p\u0159\u00ed\u010diny probl\u00e9m\u016f. Zaveden\u00ed preventivn\u00edch opat\u0159en\u00ed, jako je pravideln\u00e1 \u00fadr\u017eba a kontroly, m\u016f\u017ee v\u00fdrazn\u011b sn\u00ed\u017eit pravd\u011bpodobnost vzniku probl\u00e9m\u016f.<\/p>\n<p><img decoding=\"async\" src=\"https:\/\/www.hydraulic-cylinders.net\/wp-content\/uploads\/2025\/04\/songte-bushings-with-all-kinds-of-excavator-models.webp\" alt=\"Pouzdra\" \/><\/p>\n<h2>Z\u00e1v\u011br: O na\u0161\u00ed spole\u010dnosti<\/h2>\n<p>Jsme p\u0159edn\u00edm v\u00fdrobcem n\u00e1hradn\u00edch hydraulick\u00fdch v\u00e1lc\u016f s komplexn\u00ed \u0159adou produkt\u016f, kter\u00e9 uspokojuj\u00ed dom\u00e1c\u00ed i mezin\u00e1rodn\u00ed trhy. N\u00e1\u0161 z\u00e1vazek k vynikaj\u00edc\u00ed kvalit\u011b je podpo\u0159en zdokonalen\u00fdmi v\u00fdrobn\u00edmi procesy a nejmodern\u011bj\u0161\u00edmi strategiemi \u0159\u00edzen\u00ed v\u00fdroby. Na\u0161e spole\u010dnost neust\u00e1le vylep\u0161uje sv\u00e9 v\u00fdrobn\u00ed platformy vyu\u017e\u00edv\u00e1n\u00edm kvalifikovan\u00fdch technik\u016f, pokro\u010dil\u00e9ho digit\u00e1ln\u00edho v\u00fdrobn\u00edho za\u0159\u00edzen\u00ed a profesion\u00e1ln\u00edch testovac\u00edch syst\u00e9m\u016f. Jsme hrd\u00ed na na\u0161i schopnost uspokojovat rozmanit\u00e9 pot\u0159eby z\u00e1kazn\u00edk\u016f s vysokou efektivitou, p\u0159esnost\u00ed a kvalitou.<\/p>\n<p>D\u00edky profesion\u00e1ln\u00edm znalostem, mezin\u00e1rodn\u00edm certifikac\u00edm, z\u00e1kaznick\u00fdm slu\u017eb\u00e1m, modern\u00edmu v\u00fdrobn\u00edmu vybaven\u00ed a vynikaj\u00edc\u00ed poprodejn\u00ed podpo\u0159e se v\u011bnujeme poskytov\u00e1n\u00ed hydraulick\u00fdch \u0159e\u0161en\u00ed, kter\u00e1 p\u0159ed\u010d\u00ed o\u010dek\u00e1v\u00e1n\u00ed.<\/p>\n<p><img decoding=\"async\" src=\"https:\/\/www.hydraulic-cylinders.net\/wp-content\/uploads\/2025\/04\/songte-company-4.webp\" alt=\"Obr\u00e1zek spole\u010dnosti 1\" \/><br \/>\n<img decoding=\"async\" src=\"https:\/\/www.hydraulic-cylinders.net\/wp-content\/uploads\/2025\/04\/songte-company-3.webp\" alt=\"Obr\u00e1zek spole\u010dnosti 2\" \/><\/p>\n<p>Autor: lyl<\/p>","protected":false},"excerpt":{"rendered":"<p>Boom Cylinder For TCK HD1023LC-8H Introduction to Boom Cylinder The Boom Cylinder is an essential hydraulic component used in various heavy machinery, particularly excavators, backhoe loaders, and front loaders. This hydraulic cylinder is designed to control the movement of the bucket, allowing it to lift, lower, and tilt with precision. The efficient operation of the [&hellip;]<\/p>","protected":false},"featured_media":17867,"comment_status":"open","ping_status":"closed","template":"","meta":{"_et_pb_use_builder":"","_et_pb_old_content":"","_et_gb_content_width":""},"product_brand":[],"product_cat":[1546],"product_tag":[1547,1496],"class_list":{"0":"post-19498","1":"product","2":"type-product","3":"status-publish","4":"has-post-thumbnail","6":"product_cat-boom-cylinders","7":"product_tag-boom-cylinders","8":"product_tag-hydraulic-cylinders","10":"first","11":"instock","12":"shipping-taxable","13":"product-type-simple"},"amp_enabled":true,"_links":{"self":[{"href":"https:\/\/www.hydraulic-cylinders.net\/cs\/wp-json\/wp\/v2\/product\/19498","targetHints":{"allow":["GET"]}}],"collection":[{"href":"https:\/\/www.hydraulic-cylinders.net\/cs\/wp-json\/wp\/v2\/product"}],"about":[{"href":"https:\/\/www.hydraulic-cylinders.net\/cs\/wp-json\/wp\/v2\/types\/product"}],"replies":[{"embeddable":true,"href":"https:\/\/www.hydraulic-cylinders.net\/cs\/wp-json\/wp\/v2\/comments?post=19498"}],"wp:featuredmedia":[{"embeddable":true,"href":"https:\/\/www.hydraulic-cylinders.net\/cs\/wp-json\/wp\/v2\/media\/17867"}],"wp:attachment":[{"href":"https:\/\/www.hydraulic-cylinders.net\/cs\/wp-json\/wp\/v2\/media?parent=19498"}],"wp:term":[{"taxonomy":"product_brand","embeddable":true,"href":"https:\/\/www.hydraulic-cylinders.net\/cs\/wp-json\/wp\/v2\/product_brand?post=19498"},{"taxonomy":"product_cat","embeddable":true,"href":"https:\/\/www.hydraulic-cylinders.net\/cs\/wp-json\/wp\/v2\/product_cat?post=19498"},{"taxonomy":"product_tag","embeddable":true,"href":"https:\/\/www.hydraulic-cylinders.net\/cs\/wp-json\/wp\/v2\/product_tag?post=19498"}],"curies":[{"name":"wp","href":"https:\/\/api.w.org\/{rel}","templated":true}]}}