{"id":19533,"date":"2025-04-07T06:53:08","date_gmt":"2025-04-07T06:53:08","guid":{"rendered":"https:\/\/www.hydraulic-cylinders.net\/product\/boom-cylinder-for-kym-ky105a\/"},"modified":"2025-04-07T06:53:11","modified_gmt":"2025-04-07T06:53:11","slug":"boom-cylinder-for-kym-ky105a","status":"publish","type":"product","link":"https:\/\/www.hydraulic-cylinders.net\/cs\/produkt\/boom-cylinder-for-kym-ky105a\/","title":{"rendered":"V\u00e1lec v\u00fdlo\u017en\u00edku pro KYM KY105A"},"content":{"rendered":"<h1>V\u00e1lec v\u00fdlo\u017en\u00edku pro KYM KY105A<\/h1>\n<h2>P\u0159ehled produktu<\/h2>\n<p>Hydraulick\u00fd v\u00e1lec v\u00fdlo\u017en\u00edku pro KYM KY105A je kl\u00ed\u010dovou sou\u010d\u00e1st\u00ed hydraulick\u00fdch syst\u00e9m\u016f, speci\u00e1ln\u011b navr\u017een\u00fd pro ovl\u00e1d\u00e1n\u00ed pohybu l\u017e\u00edc v t\u011b\u017ek\u00fdch stroj\u00edch, jako jsou rypadla, r\u00fdpadlo-naklada\u010de a \u010deln\u00ed naklada\u010de. Tento hydraulick\u00fd v\u00e1lec umo\u017e\u0148uje l\u017e\u00edci zvedat, spou\u0161t\u011bt a nakl\u00e1n\u011bt, co\u017e usnad\u0148uje efektivn\u00ed manipulaci s materi\u00e1lem. V\u00e1lec v\u00fdlo\u017en\u00edku je typ hydraulick\u00e9ho v\u00e1lce, kter\u00fd pracuje s vyu\u017eit\u00edm tlakov\u00e9 hydraulick\u00e9 kapaliny a p\u0159em\u011b\u0148uje hydraulickou energii na mechanickou energii pro prov\u00e1d\u011bn\u00ed r\u016fzn\u00fdch pohyb\u016f.<\/p>\n<p><img decoding=\"async\" src=\"https:\/\/www.hydraulic-cylinders.net\/wp-content\/uploads\/2025\/04\/songte-company-1.webp\" alt=\"V\u00e1lec v\u00fdlo\u017en\u00edku\" \/><\/p>\n<h2>Vlastnosti v\u00e1lce v\u00fdlo\u017en\u00edku<\/h2>\n<ul>\n<li>\n<h3>Vysok\u00e1 pevnost a trvanlivost<\/h3>\n<p>V\u00e1lec v\u00fdlo\u017en\u00edku, obvykle vyroben\u00fd z vysokopevnostn\u00ed oceli nebo hlin\u00edku, odol\u00e1 vysok\u00e9mu tlaku a velk\u00e9mu zat\u00ed\u017een\u00ed a je navr\u017een tak, aby se p\u0159izp\u016fsobil n\u00e1ro\u010dn\u00e9mu pracovn\u00edmu prost\u0159ed\u00ed, \u010d\u00edm\u017e se zlep\u0161uje odolnost proti opot\u0159eben\u00ed a korozi a prodlu\u017euje se jeho \u017eivotnost.<\/li>\n<li>\n<h3>Efektivn\u00ed hydraulick\u00fd provoz<\/h3>\n<p>V\u00e1lec vyu\u017e\u00edv\u00e1 tlak hydraulick\u00e9ho oleje k dosa\u017een\u00ed plynul\u00e9ho vysouv\u00e1n\u00ed a zasouv\u00e1n\u00ed, rychle reaguje na ovl\u00e1dac\u00ed povely a poskytuje silnou tla\u010dnou a ta\u017enou s\u00edlu, d\u00edky \u010demu\u017e je vhodn\u00fd pro manipulaci s t\u011b\u017ek\u00fdmi a slo\u017eit\u00fdmi operacemi.<\/li>\n<li>\n<h3>R\u016fznorod\u00e9 typy<\/h3>\n<p>K dispozici v jedno\u010dinn\u00e9m (ob\u011bsm\u011brn\u00e9m) a dvoj\u010dinn\u00e9m (ob\u011bsm\u011brn\u00e9m) proveden\u00ed, n\u011bkter\u00e9 modely disponuj\u00ed teleskopickou konstrukc\u00ed, kter\u00e1 umo\u017e\u0148uje v\u011bt\u0161\u00ed v\u00fdsuv bez zv\u011bt\u0161en\u00ed vn\u011bj\u0161\u00edch rozm\u011br\u016f, co\u017e je ide\u00e1ln\u00ed pro aplikace s omezen\u00fdm prostorem.<\/li>\n<li>\n<h3>Zak\u00e1zkov\u00e1 v\u00fdroba<\/h3>\n<p>Na\u0161e produkty dok\u00e1\u017e\u00ed dokonale nahradit r\u016fzn\u00e9 hydraulick\u00e9 v\u00e1lce a zaji\u0161\u0165uj\u00ed tak kompatibilitu a v\u00fdkon.<\/li>\n<\/ul>\n<p><img decoding=\"async\" src=\"https:\/\/www.hydraulic-cylinders.net\/wp-content\/uploads\/2025\/04\/songte-cylinder-head-with-all-kinds-excavator-models.webp\" alt=\"Modely hydraulick\u00fdch v\u00e1lc\u016f\" \/><\/p>\n<h2>Sc\u00e9n\u00e1\u0159e aplikac\u00ed<\/h2>\n<ul>\n<li>\n<h3>Stavebn\u00ed stroje<\/h3>\n<p>U bagr\u016f jsou v\u00e1lce v\u00fdlo\u017en\u00edku nezbytn\u00e9 pro kop\u00e1n\u00ed, nakl\u00e1d\u00e1n\u00ed a p\u0159esouv\u00e1n\u00ed zeminy nebo suti. Usnad\u0148uj\u00ed kop\u00e1n\u00ed t\u00edm, \u017ee umo\u017e\u0148uj\u00ed l\u017e\u00edci proniknout do zem\u011b, co\u017e je \u010din\u00ed kl\u00ed\u010dov\u00fdmi pro stavebn\u00ed \u00fakoly. U rypadlo-naklada\u010d\u016f v\u00e1lec v\u00fdlo\u017en\u00edku pom\u00e1h\u00e1 jak p\u0159i v\u00fdkopov\u00fdch, tak i p\u0159i zved\u00e1n\u00ed, \u010d\u00edm\u017e zvy\u0161uje produktivitu.<\/h3>\n<\/li>\n<li>\n<h3>Zem\u011bd\u011blsk\u00e9 stroje<\/h3>\n<p>U \u010deln\u00edch naklada\u010d\u016f se v\u00e1lce v\u00fdlo\u017en\u00edku pou\u017e\u00edvaj\u00ed k nab\u00edr\u00e1n\u00ed, zved\u00e1n\u00ed a p\u0159eprav\u011b zeminy, sena a dal\u0161\u00edch materi\u00e1l\u016f. Jejich spolehliv\u00fd provoz zaji\u0161\u0165uje efektivn\u00ed pohyb zem\u011bd\u011blsk\u00fdch produkt\u016f, co\u017e je \u010din\u00ed nepostradateln\u00fdmi v zem\u011bd\u011blsk\u00fdch \u010dinnostech.<\/h3>\n<\/li>\n<li>\n<h3>Bagry<\/h3>\n<p>V\u00e1lec v\u00fdlo\u017en\u00edku umo\u017e\u0148uje l\u017e\u00edci snadno pronikat do p\u016fdy, co\u017e usnad\u0148uje efektivn\u00ed kop\u00e1n\u00ed. Tato schopnost je z\u00e1sadn\u00ed pro r\u016fzn\u00e9 v\u00fdkopov\u00e9 projekty, v\u010detn\u011b \u00fapravy ter\u00e9nu, hlouben\u00ed v\u00fdkop\u016f a p\u0159\u00edpravy staveni\u0161t\u011b.<\/h3>\n<\/li>\n<li>\n<h3>Naklada\u010de<\/h3>\n<p>U \u010deln\u00edch naklada\u010d\u016f pom\u00e1haj\u00ed v\u00e1lce v\u00fdlo\u017en\u00edku efektivn\u011b zvedat a vykl\u00e1dat b\u0159emena, co\u017e p\u0159isp\u00edv\u00e1 k plynul\u00e9mu provozu p\u0159i manipulaci s materi\u00e1lem. Jejich schopnost ovl\u00e1dat pohyb lopaty je kl\u00ed\u010dov\u00e1 p\u0159i r\u016fzn\u00fdch nakl\u00e1dac\u00edch \u00fakonech.<\/h3>\n<\/li>\n<\/ul>\n<h2>Konstruk\u010dn\u00ed aspekty a krit\u00e9ria v\u00fdb\u011bru<\/h2>\n<ul>\n<li>\n<h3>Nosnost<\/h3>\n<p>V\u00e1lec v\u00fdlo\u017en\u00edku mus\u00ed b\u00fdt navr\u017een tak, aby bez selh\u00e1n\u00ed zvl\u00e1dl o\u010dek\u00e1van\u00e9 zat\u00ed\u017een\u00ed. Posouzen\u00ed hmotnosti a typu manipulovan\u00e9ho materi\u00e1lu je kl\u00ed\u010dov\u00e9 pro ur\u010den\u00ed vhodn\u00e9 velikosti a pevnosti v\u00e1lce. Vy\u0161\u0161\u00ed nosnosti zaji\u0161\u0165uj\u00ed, \u017ee za\u0159\u00edzen\u00ed m\u016f\u017ee fungovat i v n\u00e1ro\u010dn\u00fdch podm\u00ednk\u00e1ch, co\u017e zvy\u0161uje bezpe\u010dnost a spolehlivost.<\/h3>\n<\/li>\n<li>\n<h3>T\u011bsnic\u00ed vlastnosti<\/h3>\n<p>\u00da\u010dinn\u00e9 t\u011bsn\u011bn\u00ed je nezbytn\u00e9 pro zabr\u00e1n\u011bn\u00ed \u00faniku hydraulick\u00e9 kapaliny, co\u017e m\u016f\u017ee v\u00e9st ke sn\u00ed\u017een\u00ed \u00fa\u010dinnosti a potenci\u00e1ln\u00edmu po\u0161kozen\u00ed. Volba t\u011bsn\u011bn\u00ed, jako jsou p\u00edstn\u00ed a p\u00edstn\u00ed t\u011bsn\u011bn\u00ed, hraje v\u00fdznamnou roli v udr\u017eov\u00e1n\u00ed hydraulick\u00e9ho tlaku a zaji\u0161t\u011bn\u00ed plynul\u00e9ho provozu.<\/h3>\n<\/li>\n<li>\n<h3>Trvanlivost<\/h3>\n<p>Trvanlivost je kritick\u00fdm faktorem, proto\u017ee v\u00e1lce v\u00fdlo\u017en\u00edku jsou vystaveny n\u00e1ro\u010dn\u00fdm podm\u00ednk\u00e1m. Materi\u00e1ly by m\u011bly b\u00fdt odoln\u00e9 v\u016f\u010di opot\u0159eben\u00ed, korozi a \u00fanav\u011b materi\u00e1lu, aby byla zaji\u0161t\u011bna dlouhodob\u00e1 v\u00fdkonnost. Pravideln\u00e1 \u00fadr\u017eba m\u016f\u017ee d\u00e1le zv\u00fd\u0161it odolnost a prodlou\u017eit \u017eivotnost v\u00e1lce.<\/h3>\n<\/li>\n<li>\n<h3>Bezpe\u010dnostn\u00ed prvky<\/h3>\n<p>Za\u010dlen\u011bn\u00ed bezpe\u010dnostn\u00edch prvk\u016f, jako je ochrana proti p\u0159et\u00ed\u017een\u00ed a mechanismy nouzov\u00e9ho zastaven\u00ed, je z\u00e1sadn\u00ed pro prevenci nehod b\u011bhem provozu. Zaji\u0161t\u011bn\u00ed toho, aby konstrukce spl\u0148ovala bezpe\u010dnostn\u00ed normy, pom\u00e1h\u00e1 chr\u00e1nit obsluhu a za\u0159\u00edzen\u00ed a podporuje bezpe\u010dn\u011bj\u0161\u00ed pracovn\u00ed prost\u0159ed\u00ed.<\/h3>\n<\/li>\n<li>\n<h3>Snadn\u00e1 \u00fadr\u017eba<\/h3>\n<p>Konstrukce, kter\u00e1 umo\u017e\u0148uje snadn\u00fd p\u0159\u00edstup ke kl\u00ed\u010dov\u00fdm komponent\u016fm, usnad\u0148uje pravideln\u00e9 kontroly a opravy. Tato skute\u010dnost m\u016f\u017ee v\u00fdrazn\u011b sn\u00ed\u017eit prostoje a provozn\u00ed n\u00e1klady, proto\u017ee dob\u0159e udr\u017eovan\u00e9 v\u00e1lce obvykle funguj\u00ed l\u00e9pe a vydr\u017e\u00ed d\u00e9le.<\/h3>\n<\/li>\n<\/ul>\n<p><img decoding=\"async\" src=\"https:\/\/www.hydraulic-cylinders.net\/wp-content\/uploads\/2025\/04\/songte-oil-pipes-and-spare-parts.webp\" alt=\"Hydraulick\u00e9 d\u00edly\" \/><\/p>\n<h2>T\u011bsn\u011bn\u00ed a maz\u00e1n\u00ed<\/h2>\n<p>Pro zaji\u0161t\u011bn\u00ed optim\u00e1ln\u00edho v\u00fdkonu je z\u00e1sadn\u00ed pou\u017eit\u00ed r\u016fzn\u00fdch t\u011bsnic\u00edch komponent\u016f, v\u010detn\u011b t\u011bsn\u011bn\u00ed p\u00edst\u016f, t\u011bsn\u011bn\u00ed p\u00edstnic a dal\u0161\u00edch t\u011bsnic\u00edch prvk\u016f. T\u011bsn\u011bn\u00ed vyroben\u00e1 z odoln\u00fdch materi\u00e1l\u016f, jako je polyuretan a nitrilov\u00e1 pry\u017e, zvy\u0161uj\u00ed odolnost proti opot\u0159eben\u00ed a sni\u017euj\u00ed pravd\u011bpodobnost \u00fanik\u016f. T\u011bleso v\u00e1lce a z\u00e1vitov\u00e9 konce by nav\u00edc m\u011bly b\u00fdt precizn\u011b o\u0161et\u0159eny pro zlep\u0161en\u00ed odolnosti proti opot\u0159eben\u00ed. Pravideln\u00e9 maz\u00e1n\u00ed hydraulick\u00fdm olejem je nezbytn\u00e9 pro udr\u017een\u00ed plynul\u00e9ho provozu, minimalizaci t\u0159en\u00ed a opot\u0159eben\u00ed pohybliv\u00fdch \u010d\u00e1st\u00ed. Pl\u00e1novan\u00e9 intervaly maz\u00e1n\u00ed pom\u00e1haj\u00ed zajistit efektivn\u00ed provoz hydraulick\u00e9ho syst\u00e9mu a prodlu\u017euj\u00ed \u017eivotnost v\u00e1lce v\u00fdlo\u017en\u00edku a souvisej\u00edc\u00edch sou\u010d\u00e1st\u00ed.<\/p>\n<h2>Pravideln\u00e1 kontrola a preventivn\u00ed \u00fadr\u017eba<\/h2>\n<ul>\n<li>\n<h3>Rutinn\u00ed kontroly<\/h3>\n<p>Pravideln\u00e9 kontroly v\u00e1lce v\u00fdlo\u017en\u00edku jsou z\u00e1sadn\u00ed pro v\u010dasnou identifikaci jak\u00fdchkoli zn\u00e1mek opot\u0159eben\u00ed, net\u011bsnost\u00ed nebo po\u0161kozen\u00ed. Kontrola t\u011bsn\u011bn\u00ed, hadic a spoj\u016f pom\u00e1h\u00e1 udr\u017eovat optim\u00e1ln\u00ed v\u00fdkon a p\u0159edch\u00e1zet neo\u010dek\u00e1van\u00fdm poruch\u00e1m.<\/h3>\n<\/li>\n<li>\n<h3>Vhodn\u00e9 maz\u00e1n\u00ed<\/h3>\n<p>V\u010dasn\u00e9 a dostate\u010dn\u00e9 maz\u00e1n\u00ed hydraulick\u00e9ho v\u00e1lce je nezbytn\u00e9 pro hladk\u00fd provoz. Pou\u017eit\u00ed spr\u00e1vn\u00e9ho typu hydraulick\u00e9ho oleje a udr\u017eov\u00e1n\u00ed odpov\u00eddaj\u00edc\u00ed hladiny oleje zabra\u0148uje p\u0159eh\u0159\u00e1t\u00ed a opot\u0159eben\u00ed, \u010d\u00edm\u017e zaji\u0161\u0165uje dlouhou \u017eivotnost za\u0159\u00edzen\u00ed.<\/h3>\n<\/li>\n<li>\n<h3>V\u00fdm\u011bna t\u011bsn\u011bn\u00ed<\/h3>\n<p>Pravideln\u00e1 kontrola a v\u00fdm\u011bna t\u011bsn\u011bn\u00ed je z\u00e1sadn\u00ed pro udr\u017een\u00ed hydraulick\u00e9ho tlaku a prevenci net\u011bsnost\u00ed. Opot\u0159ebovan\u00e1 nebo po\u0161kozen\u00e1 t\u011bsn\u011bn\u00ed by m\u011bla b\u00fdt okam\u017eit\u011b vym\u011bn\u011bna, aby byla zaji\u0161t\u011bna spolehlivost hydraulick\u00e9ho syst\u00e9mu.<\/h3>\n<\/li>\n<\/ul>\n<h2>Pokyny k instalaci<\/h2>\n<p>Spr\u00e1vn\u00e1 instalace v\u00e1lce v\u00fdlo\u017en\u00edku je kl\u00ed\u010dem k jeho v\u00fdkonu. Za\u010dn\u011bte t\u00edm, \u017ee se ujist\u00edte, \u017ee mont\u00e1\u017en\u00ed povrchy jsou \u010dist\u00e9 a bez ne\u010distot. V\u00e1lec spr\u00e1vn\u011b vyrovnejte, abyste zabr\u00e1nili jeho nespr\u00e1vn\u00e9mu vyrovn\u00e1n\u00ed, kter\u00e9 m\u016f\u017ee v\u00e9st k p\u0159ed\u010dasn\u00e9mu opot\u0159eben\u00ed nebo poru\u0161e. K zaji\u0161t\u011bn\u00ed v\u00e1lce na m\u00edst\u011b pou\u017eijte vhodn\u00e9 mont\u00e1\u017en\u00ed konzoly a zajist\u011bte jeho stabilitu b\u011bhem provozu. Po instalaci zkontrolujte hydraulick\u00e9 spoje, zda nedoch\u00e1z\u00ed k \u00fanik\u016fm, a ujist\u011bte se, \u017ee je dostate\u010dn\u00e1 hladina hydraulick\u00e9 kapaliny. Pro optimalizaci funk\u010dnosti syst\u00e9m kalibrujte podle specifikac\u00ed v\u00fdrobce. Spr\u00e1vn\u00e1 instalace v\u00fdznamn\u011b p\u0159isp\u00edv\u00e1 k \u00fa\u010dinnosti a \u017eivotnosti hydraulick\u00e9ho syst\u00e9mu.<\/p>\n<h2>B\u011b\u017en\u00e9 \u00fakoly \u00fadr\u017eby<\/h2>\n<ul>\n<li>\n<h3>Pravideln\u00e9 kontroly<\/h3>\n<p>Pravideln\u00e9 kontroly umo\u017e\u0148uj\u00ed v\u010dasn\u00e9 odhalen\u00ed potenci\u00e1ln\u00edch probl\u00e9m\u016f. Zkontrolujte v\u00e1lec, zda nevykazuje zn\u00e1mky opot\u0159eben\u00ed, net\u011bsnost\u00ed a celkov\u00fd stav, a ujist\u011bte se, \u017ee ve\u0161ker\u00e9 nezbytn\u00e9 opravy jsou provedeny neprodlen\u011b, aby se p\u0159ede\u0161lo komplikac\u00edm.<\/h3>\n<\/li>\n<li>\n<h3>Maz\u00e1n\u00ed<\/h3>\n<p>Pravideln\u00e9 maz\u00e1n\u00ed je nezbytn\u00e9 pro sn\u00ed\u017een\u00ed t\u0159en\u00ed a opot\u0159eben\u00ed pohybliv\u00fdch \u010d\u00e1st\u00ed. Ujist\u011bte se, \u017ee pou\u017eit\u00fd hydraulick\u00fd olej je doporu\u010den\u00e9ho typu, a udr\u017eujte dostate\u010dnou hladinu oleje pro zaji\u0161t\u011bn\u00ed plynul\u00e9ho provozu.<\/h3>\n<\/li>\n<li>\n<h3>V\u00fdm\u011bna t\u011bsn\u011bn\u00ed a kontroly kalibrace<\/h3>\n<p>V\u00fdm\u011bna opot\u0159ebovan\u00fdch t\u011bsn\u011bn\u00ed v r\u00e1mci b\u011b\u017en\u00e9 \u00fadr\u017eby zaji\u0161\u0165uje, \u017ee hydraulick\u00fd syst\u00e9m z\u016fstane funk\u010dn\u00ed bez \u00fanik\u016f. Pravideln\u00e9 kalibra\u010dn\u00ed kontroly pom\u00e1haj\u00ed udr\u017eovat p\u0159esnost v\u00fdkonu v\u00e1lc\u016f a zaji\u0161\u0165uj\u00ed, aby spl\u0148ovaly provozn\u00ed po\u017eadavky.<\/h3>\n<\/li>\n<\/ul>\n<p><img decoding=\"async\" src=\"https:\/\/www.hydraulic-cylinders.net\/wp-content\/uploads\/2025\/04\/songte-chushion-collar.webp\" alt=\"Pol\u0161t\u00e1\u0159ov\u00fd l\u00edmec\" \/><\/p>\n<h2>Bezpe\u010dnostn\u00ed aspekty a faktory prost\u0159ed\u00ed<\/h2>\n<p>P\u0159i provozu hydraulick\u00fdch syst\u00e9m\u016f s v\u00e1lci v\u00fdlo\u017en\u00edku je prvo\u0159ad\u00e9 dodr\u017eov\u00e1n\u00ed bezpe\u010dnostn\u00edch opat\u0159en\u00ed. Obsluha by m\u011bla b\u00fdt pro\u0161kolena v rozpozn\u00e1v\u00e1n\u00ed potenci\u00e1ln\u00edch nebezpe\u010d\u00ed a pou\u017e\u00edv\u00e1n\u00ed osobn\u00edch ochrann\u00fdch prost\u0159edk\u016f (OOP) b\u011bhem provozu. Pravideln\u00e9 kontroly \u00fadr\u017eby pom\u00e1haj\u00ed identifikovat a \u0159e\u0161it bezpe\u010dnostn\u00ed probl\u00e9my d\u0159\u00edve, ne\u017e se vyhrot\u00ed, a t\u00edm p\u0159isp\u00edvaj\u00ed k bezpe\u010dn\u011bj\u0161\u00edmu pracovn\u00edmu prost\u0159ed\u00ed. Krom\u011b toho je pro minimalizaci dopadu na \u017eivotn\u00ed prost\u0159ed\u00ed nezbytn\u00e1 spr\u00e1vn\u00e1 likvidace hydraulick\u00fdch kapalin a sou\u010d\u00e1st\u00ed, p\u0159i\u010dem\u017e je nutn\u00e9 dodr\u017eovat m\u00edstn\u00ed p\u0159edpisy, aby bylo zaji\u0161t\u011bno zodpov\u011bdn\u00e9 pou\u017e\u00edv\u00e1n\u00ed postup\u016f.<\/p>\n<h2>\u0158e\u0161en\u00ed b\u011b\u017en\u00fdch probl\u00e9m\u016f<\/h2>\n<ul>\n<li>\n<h3>\u00danik<\/h3>\n<p>\u00daniky jsou \u010dasto zp\u016fsobeny opot\u0159ebovan\u00fdmi t\u011bsn\u011bn\u00edmi nebo po\u0161kozen\u00fdmi hadicemi. Chcete-li tento probl\u00e9m vy\u0159e\u0161it, zkontrolujte t\u011bsn\u011bn\u00ed, zda nejsou opot\u0159ebovan\u00e1, a v p\u0159\u00edpad\u011b pot\u0159eby je vym\u011b\u0148te. Ujist\u011bte se, \u017ee hadice nejsou ohnut\u00e9 nebo po\u0161kozen\u00e9, abyste zabr\u00e1nili \u00faniku kapaliny.<\/h3>\n<\/li>\n<li>\n<h3>Nekonzistentn\u00ed v\u00fdkon<\/h3>\n<p>Pokud se v\u00e1lec v\u00fdlo\u017en\u00edku pohybuje nepravideln\u011b, m\u016f\u017ee to znamenat n\u00edzkou hladinu hydraulick\u00e9 kapaliny nebo vzduch v syst\u00e9mu. Zkontrolujte hladiny kapalin a v p\u0159\u00edpad\u011b pot\u0159eby syst\u00e9m odvzdu\u0161n\u011bte, abyste obnovili konzistentn\u00ed v\u00fdkon.<\/h3>\n<\/li>\n<li>\n<h3>P\u0159eh\u0159\u00e1t\u00ed<\/h3>\n<p>P\u0159eh\u0159\u00e1t\u00ed m\u016f\u017ee b\u00fdt zp\u016fsobeno nedostate\u010dn\u00fdm maz\u00e1n\u00edm nebo nadm\u011brn\u00fdm zat\u00ed\u017een\u00edm. Zajist\u011bte spr\u00e1vn\u00e9 maz\u00e1n\u00ed a ov\u011b\u0159te, zda v\u00e1lec nen\u00ed p\u0159et\u00ed\u017een nad svou kapacitu, abyste zabr\u00e1nili p\u0159eh\u0159\u00e1t\u00ed.<\/h3>\n<\/li>\n<\/ul>\n<p>V\u010dasn\u00e1 identifikace a \u0159e\u0161en\u00ed t\u011bchto b\u011b\u017en\u00fdch probl\u00e9m\u016f m\u016f\u017ee zabr\u00e1nit dal\u0161\u00edmu po\u0161kozen\u00ed a zajistit efektivn\u00ed provoz hydraulick\u00e9ho syst\u00e9mu. Zaveden\u00ed preventivn\u00edch opat\u0159en\u00ed, jako je pravideln\u00e1 \u00fadr\u017eba a kontroly, je z\u00e1sadn\u00ed pro minimalizaci potenci\u00e1ln\u00edch probl\u00e9m\u016f.<\/p>\n<p><img decoding=\"async\" src=\"https:\/\/www.hydraulic-cylinders.net\/wp-content\/uploads\/2025\/04\/songte-bushings-with-all-kinds-of-excavator-models.webp\" alt=\"Pouzdra pro bagry\" \/><\/p>\n<h2>O na\u0161\u00ed spole\u010dnosti<\/h2>\n<p>Jsme p\u0159edn\u00edm v\u00fdrobcem n\u00e1hradn\u00edch hydraulick\u00fdch v\u00e1lc\u016f a nab\u00edz\u00edme komplexn\u00ed sortiment produkt\u016f, kter\u00e9 uspokoj\u00ed dom\u00e1c\u00ed i mezin\u00e1rodn\u00ed trhy. Na\u0161e v\u00fdrobn\u00ed postupy jsou \u0159\u00edzeny z\u00e1vazkem k dokonalosti, vyu\u017e\u00edv\u00e1me pokro\u010dil\u00e9 strategie \u0159\u00edzen\u00ed v\u00fdroby a nejmodern\u011bj\u0161\u00ed vybaven\u00ed. Neust\u00e1le vylep\u0161ujeme na\u0161i v\u00fdrobn\u00ed platformu pomoc\u00ed technick\u00fdch znalost\u00ed a syst\u00e9m\u016f p\u0159esn\u00e9ho testov\u00e1n\u00ed, co\u017e zaji\u0161\u0165uje nejvy\u0161\u0161\u00ed kvalitu na\u0161ich produkt\u016f. Se zam\u011b\u0159en\u00edm na efektivitu, p\u0159esnost a spokojenost z\u00e1kazn\u00edk\u016f se v\u011bnujeme uspokojov\u00e1n\u00ed rozmanit\u00fdch pot\u0159eb klient\u016f.<\/p>\n<p><img decoding=\"async\" src=\"https:\/\/www.hydraulic-cylinders.net\/wp-content\/uploads\/2025\/04\/songte-company-4.webp\" alt=\"Image spole\u010dnosti\" \/><br \/>\n<img decoding=\"async\" src=\"https:\/\/www.hydraulic-cylinders.net\/wp-content\/uploads\/2025\/04\/songte-company-3.webp\" alt=\"Image spole\u010dnosti\" \/><\/p>\n<p>Na\u0161i specializaci na hydraulick\u00e9 v\u00e1lce podporuj\u00ed mezin\u00e1rodn\u00ed certifikace, z\u00e1kaznick\u00fd servis a robustn\u00ed poprodejn\u00ed podpora. Prioritou je kontrola kvality a dodr\u017eov\u00e1n\u00ed p\u0159\u00edsn\u00fdch oborov\u00fdch standard\u016f, abychom splnili nejvy\u0161\u0161\u00ed o\u010dek\u00e1v\u00e1n\u00ed na\u0161ich z\u00e1kazn\u00edk\u016f.<\/p>\n<p>Autor: lyl<\/p>","protected":false},"excerpt":{"rendered":"<p>Boom Cylinder For KYM KY105A Product Overview The Boom Cylinder for KYM KY105A is a vital component in hydraulic systems, specifically designed for controlling the movement of buckets in heavy machinery such as excavators, backhoe loaders, and front loaders. This hydraulic cylinder enables the bucket to lift, lower, and tilt, facilitating efficient material handling tasks. [&hellip;]<\/p>","protected":false},"featured_media":17871,"comment_status":"open","ping_status":"closed","template":"","meta":{"_et_pb_use_builder":"","_et_pb_old_content":"","_et_gb_content_width":""},"product_brand":[],"product_cat":[1546],"product_tag":[1547,1496],"class_list":{"0":"post-19533","1":"product","2":"type-product","3":"status-publish","4":"has-post-thumbnail","6":"product_cat-boom-cylinders","7":"product_tag-boom-cylinders","8":"product_tag-hydraulic-cylinders","10":"first","11":"instock","12":"shipping-taxable","13":"product-type-simple"},"amp_enabled":true,"_links":{"self":[{"href":"https:\/\/www.hydraulic-cylinders.net\/cs\/wp-json\/wp\/v2\/product\/19533","targetHints":{"allow":["GET"]}}],"collection":[{"href":"https:\/\/www.hydraulic-cylinders.net\/cs\/wp-json\/wp\/v2\/product"}],"about":[{"href":"https:\/\/www.hydraulic-cylinders.net\/cs\/wp-json\/wp\/v2\/types\/product"}],"replies":[{"embeddable":true,"href":"https:\/\/www.hydraulic-cylinders.net\/cs\/wp-json\/wp\/v2\/comments?post=19533"}],"wp:featuredmedia":[{"embeddable":true,"href":"https:\/\/www.hydraulic-cylinders.net\/cs\/wp-json\/wp\/v2\/media\/17871"}],"wp:attachment":[{"href":"https:\/\/www.hydraulic-cylinders.net\/cs\/wp-json\/wp\/v2\/media?parent=19533"}],"wp:term":[{"taxonomy":"product_brand","embeddable":true,"href":"https:\/\/www.hydraulic-cylinders.net\/cs\/wp-json\/wp\/v2\/product_brand?post=19533"},{"taxonomy":"product_cat","embeddable":true,"href":"https:\/\/www.hydraulic-cylinders.net\/cs\/wp-json\/wp\/v2\/product_cat?post=19533"},{"taxonomy":"product_tag","embeddable":true,"href":"https:\/\/www.hydraulic-cylinders.net\/cs\/wp-json\/wp\/v2\/product_tag?post=19533"}],"curies":[{"name":"wp","href":"https:\/\/api.w.org\/{rel}","templated":true}]}}