{"id":19538,"date":"2025-04-07T06:53:21","date_gmt":"2025-04-07T06:53:21","guid":{"rendered":"https:\/\/www.hydraulic-cylinders.net\/product\/boom-cylinder-for-pengpu-sw330es\/"},"modified":"2025-04-07T06:53:23","modified_gmt":"2025-04-07T06:53:23","slug":"boom-cylinder-for-pengpu-sw330es","status":"publish","type":"product","link":"https:\/\/www.hydraulic-cylinders.net\/cs\/produkt\/boom-cylinder-for-pengpu-sw330es\/","title":{"rendered":"V\u00e1lec v\u00fdlo\u017en\u00edku pro Pengpu SW330ES"},"content":{"rendered":"<h1>V\u00e1lec v\u00fdlo\u017en\u00edku pro Pengpu SW330ES<\/h1>\n<h2>Pochopen\u00ed v\u00e1lce v\u00fdlo\u017en\u00edku<\/h2>\n<p>Hydraulick\u00fd v\u00e1lec v\u00fdlo\u017en\u00edku je z\u00e1kladn\u00ed sou\u010d\u00e1st\u00ed hydraulick\u00fdch syst\u00e9m\u016f, speci\u00e1ln\u011b navr\u017een\u00fd pro ovl\u00e1d\u00e1n\u00ed pohybu l\u017e\u00edc v t\u011b\u017ek\u00fdch stroj\u00edch, jako jsou bagry, rypadla-naklada\u010de a \u010deln\u00ed naklada\u010de. Tento hydraulick\u00fd v\u00e1lec usnad\u0148uje zved\u00e1n\u00ed, spou\u0161t\u011bn\u00ed a nakl\u00e1p\u011bn\u00ed l\u017e\u00edce, co\u017e z n\u011bj \u010din\u00ed nepostradateln\u00fd n\u00e1stroj pro manipulaci s materi\u00e1lem. Vyu\u017eit\u00edm hydraulick\u00e9 kapaliny pod tlakem mohou tyto v\u00e1lce generovat zna\u010dnou s\u00edlu, co\u017e umo\u017e\u0148uje obsluze prov\u00e1d\u011bt i ty nejn\u00e1ro\u010dn\u011bj\u0161\u00ed \u00fakoly s p\u0159esnost\u00ed a efektivitou.<\/p>\n<p><img decoding=\"async\" src=\"https:\/\/www.hydraulic-cylinders.net\/wp-content\/uploads\/2025\/04\/songte-company-1.webp\" alt=\"V\u00e1lec v\u00fdlo\u017en\u00edku\"><\/p>\n<h2>Kl\u00ed\u010dov\u00e9 vlastnosti v\u00e1lce v\u00fdlo\u017en\u00edku<\/h2>\n<ul>\n<li><strong>Vysok\u00e1 pevnost a trvanlivost:<\/strong> V\u00e1lec v\u00fdlo\u017en\u00edku, obvykle vyroben\u00fd z vysokopevnostn\u00ed oceli nebo hlin\u00edku, odol\u00e1 vysok\u00e9mu tlaku a velk\u00e9mu zat\u00ed\u017een\u00ed. Jeho konstrukce zahrnuje ochranu proti opot\u0159eben\u00ed a korozi, kter\u00e1 prodlu\u017euje jeho \u017eivotnost.<\/li>\n<li><strong>Efektivn\u00ed hydraulick\u00fd provoz:<\/strong> Tento v\u00e1lec vyu\u017e\u00edv\u00e1 hydraulick\u00fd tlak oleje pro plynul\u00e9 vysouv\u00e1n\u00ed a zasouv\u00e1n\u00ed, co\u017e umo\u017e\u0148uje rychlou reakci na povely obsluhy a poskytuje silnou ta\u017enou a tla\u010dnou s\u00edlu, vhodnou pro manipulaci s t\u011b\u017ek\u00fdmi a slo\u017eit\u00fdmi \u00fakoly.<\/li>\n<li><strong>R\u016fzn\u00e9 dostupn\u00e9 typy:<\/strong> V z\u00e1vislosti na provozn\u00edch pot\u0159eb\u00e1ch si u\u017eivatel\u00e9 mohou vybrat mezi jedno\u010dinn\u00fdmi (vyu\u017e\u00edvaj\u00edc\u00edmi hydraulick\u00fd tlak v jednom sm\u011bru) nebo dvoj\u010dinn\u00fdmi (vyu\u017e\u00edvaj\u00edc\u00edmi hydraulick\u00fd tlak v obou sm\u011brech) v\u00e1lci. N\u011bkter\u00e9 modely maj\u00ed teleskopickou konstrukci pro v\u011bt\u0161\u00ed v\u00fdsuv bez zv\u011bt\u0161en\u00ed vn\u011bj\u0161\u00edch rozm\u011br\u016f, co\u017e je \u010din\u00ed ide\u00e1ln\u00edmi pro aplikace s omezen\u00fdm prostorem.<\/li>\n<\/ul>\n<h2>V\u00fdrobn\u00ed kapacity<\/h2>\n<p>Na\u0161e spole\u010dnost je schopna tento produkt vyrobit a zajistit, aby na\u0161e v\u00e1lce dokonale nahradily st\u00e1vaj\u00edc\u00ed hydraulick\u00e9 v\u00e1lce.<\/p>\n<p><img decoding=\"async\" src=\"https:\/\/www.hydraulic-cylinders.net\/wp-content\/uploads\/2025\/04\/songte-cylinder-head-with-all-kinds-excavator-models.webp\" alt=\"Modely bagr\u016f\"><\/p>\n<h2>Aplikace v\u00e1lce v\u00fdlo\u017en\u00edku<\/h2>\n<h3>Stavebn\u00ed stroje<\/h3>\n<p>U bagr\u016f je v\u00e1lec v\u00fdlo\u017en\u00edku kl\u00ed\u010dov\u00fd pro kop\u00e1n\u00ed, nakl\u00e1d\u00e1n\u00ed a p\u0159emis\u0165ov\u00e1n\u00ed zeminy nebo suti. Jeho schopnost vysouvat se a zasouvat umo\u017e\u0148uje efektivn\u00ed v\u00fdkop a zved\u00e1n\u00ed, zat\u00edmco u r\u00fdpadlo-naklada\u010d\u016f pom\u00e1h\u00e1 p\u0159i kop\u00e1n\u00ed i zved\u00e1n\u00ed.<\/p>\n<h3>Zem\u011bd\u011blsk\u00e9 stroje<\/h3>\n<p>U \u010deln\u00edch naklada\u010d\u016f se tyto v\u00e1lce pou\u017e\u00edvaj\u00ed k nab\u00edr\u00e1n\u00ed, zved\u00e1n\u00ed a p\u0159eprav\u011b p\u016fdy, sena a dal\u0161\u00edch materi\u00e1l\u016f, \u010d\u00edm\u017e se zvy\u0161uje produktivita v zem\u011bd\u011blsk\u00fdch operac\u00edch zjednodu\u0161en\u00edm t\u011bchto \u00fakol\u016f.<\/p>\n<h3>Bagry<\/h3>\n<p>V\u00e1lec v\u00fdlo\u017en\u00edku umo\u017e\u0148uje l\u017e\u00edci efektivn\u011b pronikat do zem\u011b, co\u017e umo\u017e\u0148uje efektivn\u00ed kop\u00e1n\u00ed v r\u016fzn\u00fdch ter\u00e9nech. Jeho robustn\u00ed konstrukce zaji\u0161\u0165uje trval\u00fd v\u00fdkon i v n\u00e1ro\u010dn\u00fdch podm\u00ednk\u00e1ch.<\/p>\n<h3>Naklada\u010de<\/h3>\n<p>U \u010deln\u00edch naklada\u010d\u016f pom\u00e1h\u00e1 v\u00e1lec v\u00fdlo\u017en\u00edku efektivn\u011b zvedat a vykl\u00e1p\u011bt b\u0159emena, co\u017e p\u0159isp\u00edv\u00e1 ke zlep\u0161en\u00ed manipulace s materi\u00e1lem na staveni\u0161t\u00edch a v pr\u016fmyslov\u00fdch aplikac\u00edch.<\/p>\n<h2>Konstruk\u010dn\u00ed aspekty a krit\u00e9ria v\u00fdb\u011bru<\/h2>\n<h3>Nosnost<\/h3>\n<p>Je z\u00e1sadn\u00ed vyhodnotit nosnost v\u00e1lce v\u00fdlo\u017en\u00edku, proto\u017ee mus\u00ed b\u00fdt schopen un\u00e9st hmotnost manipulovan\u00fdch materi\u00e1l\u016f bez kompromis\u016f v oblasti bezpe\u010dnosti nebo v\u00fdkonu. P\u0159et\u00ed\u017een\u00ed m\u016f\u017ee v\u00e9st k selh\u00e1n\u00ed v\u00e1lce, co\u017e p\u0159edstavuje zna\u010dn\u00e9 riziko. P\u0159i v\u00fdb\u011bru v\u00e1lce je nezbytn\u00e9 zv\u00e1\u017eit jak maxim\u00e1ln\u00ed zat\u00ed\u017een\u00ed, kter\u00e9 zvl\u00e1dne, tak i jeho provozn\u00ed limity.<\/p>\n<h3>Integrita t\u011bsn\u011bn\u00ed<\/h3>\n<p>Integrita t\u011bsn\u011bn\u00ed je z\u00e1sadn\u00ed pro efektivn\u00ed provoz hydraulick\u00fdch syst\u00e9m\u016f. Vysoce kvalitn\u00ed t\u011bsn\u011bn\u00ed zabra\u0148uje \u00faniku hydraulick\u00e9 kapaliny, co\u017e je kl\u00ed\u010dov\u00e9 pro udr\u017een\u00ed tlaku a zaji\u0161t\u011bn\u00ed efektivn\u00edho provozu syst\u00e9mu. R\u016fzn\u00e9 technologie t\u011bsn\u011bn\u00ed, jako jsou p\u00edstn\u00ed t\u011bsn\u011bn\u00ed a p\u00edstn\u00ed t\u011bsn\u011bn\u00ed, by m\u011bly b\u00fdt voleny na z\u00e1klad\u011b specifick\u00fdch pracovn\u00edch podm\u00ednek, aby se minimalizovalo opot\u0159eben\u00ed a maximalizovala \u017eivotnost.<\/p>\n<h3>Trvanlivost<\/h3>\n<p>Trvanlivost v\u00e1lce v\u00fdlo\u017en\u00edku je ovlivn\u011bna pou\u017eit\u00fdmi materi\u00e1ly a v\u00fdrobn\u00edmi procesy. Vysoce kvalitn\u00ed materi\u00e1ly a p\u0159esn\u00e9 konstruk\u010dn\u00ed zpracov\u00e1n\u00ed p\u0159isp\u00edvaj\u00ed k del\u0161\u00ed \u017eivotnosti a sn\u00ed\u017een\u00fdm pot\u0159eb\u00e1m \u00fadr\u017eby. Je nezbytn\u00e9 vybrat v\u00e1lce navr\u017een\u00e9 tak, aby odolaly n\u00e1ro\u010dn\u00fdm podm\u00ednk\u00e1m prost\u0159ed\u00ed, jako jsou extr\u00e9mn\u00ed teploty a korozivn\u00ed l\u00e1tky.<\/p>\n<h3>Bezpe\u010dnostn\u00ed prvky<\/h3>\n<p>Za\u010dlen\u011bn\u00ed bezpe\u010dnostn\u00edch prvk\u016f do konstrukce v\u00e1lce v\u00fdlo\u017en\u00edku je z\u00e1sadn\u00ed. To zahrnuje pou\u017eit\u00ed p\u0159etlakov\u00fdch ventil\u016f, kter\u00e9 zabra\u0148uj\u00ed p\u0159etlaku, a zaji\u0161t\u011bn\u00ed toho, aby v\u0161echny komponenty spl\u0148ovaly p\u0159\u00edslu\u0161n\u00e9 bezpe\u010dnostn\u00ed normy. Pravideln\u00e9 bezpe\u010dnostn\u00ed kontroly by m\u011bly b\u00fdt prov\u00e1d\u011bny, aby byla zachov\u00e1na integrita t\u011bchto prvk\u016f a zaji\u0161t\u011bn bezpe\u010dn\u00fd provoz.<\/p>\n<h3>Udr\u017eovatelnost<\/h3>\n<p>Snadn\u00e1 \u00fadr\u017eba je kl\u00ed\u010dov\u00fdm faktorem p\u0159i v\u00fdb\u011bru v\u00e1lce v\u00fdlo\u017en\u00edku. Sou\u010d\u00e1sti by m\u011bly b\u00fdt navr\u017eeny pro snadn\u00fd p\u0159\u00edstup, aby se usnadnily b\u011b\u017en\u00e9 kontroly a opravy. Efektivn\u00ed pl\u00e1n \u00fadr\u017eby by m\u011bl zahrnovat pl\u00e1novan\u00e9 kontroly a preventivn\u00ed opat\u0159en\u00ed k \u0159e\u0161en\u00ed opot\u0159eben\u00ed d\u0159\u00edve, ne\u017e to vede k selh\u00e1n\u00ed syst\u00e9mu.<\/p>\n<p><img decoding=\"async\" src=\"https:\/\/www.hydraulic-cylinders.net\/wp-content\/uploads\/2025\/04\/songte-oil-pipes-and-spare-parts.webp\" alt=\"Olejov\u00e9 trubky a n\u00e1hradn\u00ed d\u00edly\"><\/p>\n<h2>T\u011bsn\u011bn\u00ed a maz\u00e1n\u00ed<\/h2>\n<p>Pou\u017eit\u00ed r\u016fzn\u00fdch t\u011bsnic\u00edch prvk\u016f, jako jsou t\u011bsn\u011bn\u00ed p\u00edst\u016f a p\u00edstnic, je nezbytn\u00e9 pro udr\u017een\u00ed \u00fa\u010dinnosti hydraulick\u00fdch v\u00e1lc\u016f. T\u011bsn\u011bn\u00ed vyroben\u00e1 z odoln\u00fdch materi\u00e1l\u016f, jako je polyuretan a nitrilov\u00e1 pry\u017e, jsou up\u0159ednost\u0148ov\u00e1na pro svou odolnost proti opot\u0159eben\u00ed. T\u011bleso v\u00e1lce a z\u00e1vitov\u00e9 konce mus\u00ed b\u00fdt pro zv\u00fd\u0161en\u00ed odolnosti proti opot\u0159eben\u00ed jemn\u011b opracov\u00e1ny. Pravideln\u00e9 maz\u00e1n\u00ed hydraulick\u00fdm olejem je nutn\u00e9, aby se zabr\u00e1nilo t\u0159en\u00ed a opot\u0159eben\u00ed pohybliv\u00fdch \u010d\u00e1st\u00ed, a t\u00edm byl zaji\u0161t\u011bn optim\u00e1ln\u00ed v\u00fdkon a dlouh\u00e1 \u017eivotnost v\u00e1lce.<\/p>\n<h2>Preventivn\u00ed \u00fadr\u017ebov\u00e1 opat\u0159en\u00ed<\/h2>\n<ul>\n<li><strong>Pravideln\u00e9 kontroly:<\/strong> Prov\u00e1d\u011bn\u00ed pravideln\u00fdch kontrol umo\u017e\u0148uje v\u010dasn\u00e9 odhalen\u00ed probl\u00e9m\u016f d\u0159\u00edve, ne\u017e se stanou z\u00e1va\u017en\u011bj\u0161\u00edmi. Pravideln\u011b kontrolujte net\u011bsnosti, opot\u0159eben\u00ed a celkovou integritu syst\u00e9mu.<\/li>\n<li><strong>Spr\u00e1vn\u00e9 maz\u00e1n\u00ed:<\/strong> Zajist\u011bte, aby byl v\u00e1lec dostate\u010dn\u011b maz\u00e1n podle specifikac\u00ed v\u00fdrobce. Nedostatek maz\u00e1n\u00ed m\u016f\u017ee v\u00e9st ke zv\u00fd\u0161en\u00e9mu t\u0159en\u00ed a p\u0159ed\u010dasn\u00e9mu opot\u0159eben\u00ed.<\/li>\n<li><strong>V\u00fdm\u011bna t\u011bsn\u011bn\u00ed:<\/strong> Pravideln\u011b kontrolujte t\u011bsn\u011bn\u00ed, zda nevykazuj\u00ed zn\u00e1mky opot\u0159eben\u00ed, a v p\u0159\u00edpad\u011b pot\u0159eby je vym\u011b\u0148ujte, abyste zabr\u00e1nili \u00faniku hydraulick\u00e9 kapaliny a udr\u017eeli \u00fa\u010dinnost syst\u00e9mu.<\/li>\n<\/ul>\n<h2>Instala\u010dn\u00ed p\u0159\u00edru\u010dka<\/h2>\n<p>Instalace v\u00e1lce v\u00fdlo\u017en\u00edku vy\u017eaduje pe\u010dlivou pozornost k detail\u016fm, aby byla zaji\u0161t\u011bna spr\u00e1vn\u00e1 funkce a bezpe\u010dnost. Za\u010dn\u011bte t\u00edm, \u017ee si p\u0159iprav\u00edte ve\u0161ker\u00e9 pot\u0159ebn\u00e9 n\u00e1\u0159ad\u00ed a bezpe\u010dnostn\u00ed vybaven\u00ed. V\u00e1lec \u0159\u00e1dn\u011b vyrovnejte s upev\u0148ovac\u00edmi body a ujist\u011bte se, \u017ee je rovn\u00fd a bezpe\u010dn\u00fd. B\u011bhem instalace se doporu\u010duje pou\u017e\u00edt vhodn\u00e9 mont\u00e1\u017en\u00ed konzoly ke stabilizaci v\u00e1lce. Po spr\u00e1vn\u00e9m um\u00edst\u011bn\u00ed ut\u00e1hn\u011bte v\u0161echny spoje bez nadm\u011brn\u00e9ho utahov\u00e1n\u00ed, jinak by mohlo doj\u00edt k po\u0161kozen\u00ed sou\u010d\u00e1st\u00ed. Po instalaci p\u0159ed uveden\u00edm stroje do provozu zkontrolujte, zda nedoch\u00e1z\u00ed k nespr\u00e1vn\u00e9mu vyrovn\u00e1n\u00ed nebo net\u011bsnostem.<\/p>\n<h2>B\u011b\u017en\u00e9 \u00fakoly \u00fadr\u017eby<\/h2>\n<ul>\n<li><strong>Pravideln\u00e9 kontroly:<\/strong> Napl\u00e1nujte si pravideln\u00e9 kontroly celkov\u00e9ho stavu v\u00e1lce v\u00fdlo\u017en\u00edku, v\u010detn\u011b vizu\u00e1ln\u00edch kontrol net\u011bsnost\u00ed nebo po\u0161kozen\u00ed.<\/li>\n<li><strong>Maz\u00e1n\u00ed:<\/strong> Zav\u00e1d\u011bjte pravideln\u00fd mazac\u00ed pl\u00e1n, abyste zajistili dobr\u00e9 maz\u00e1n\u00ed pohybliv\u00fdch \u010d\u00e1st\u00ed, sn\u00ed\u017eili tak opot\u0159eben\u00ed a zlep\u0161ili v\u00fdkon.<\/li>\n<li><strong>V\u00fdm\u011bna t\u011bsn\u011bn\u00ed:<\/strong> Udr\u017eujte si z\u00e1sobu n\u00e1hradn\u00edch t\u011bsn\u011bn\u00ed a vypracujte proaktivn\u00ed pl\u00e1n v\u00fdm\u011bny, abyste p\u0159ede\u0161li net\u011bsnostem a neefektivnosti syst\u00e9mu.<\/li>\n<\/ul>\n<h2>Bezpe\u010dnostn\u00ed aspekty a faktory prost\u0159ed\u00ed<\/h2>\n<p>P\u0159i pr\u00e1ci s hydraulick\u00fdmi syst\u00e9my jsou bezpe\u010dnostn\u00ed opat\u0159en\u00ed z\u00e1sadn\u00ed pro prevenci nehod a zran\u011bn\u00ed. P\u0159i manipulaci s hydraulick\u00fdmi v\u00e1lci v\u017edy pou\u017e\u00edvejte vhodn\u00e9 osobn\u00ed ochrann\u00e9 prost\u0159edky (OOP), jako jsou rukavice a ochrann\u00e9 br\u00fdle. D\u00e1le zajist\u011bte, aby pracovn\u00ed prost\u0159ed\u00ed bylo bez nebezpe\u010d\u00ed, kter\u00e1 by mohla v\u00e9st k nehod\u00e1m. Nezbytn\u00e9 je tak\u00e9 \u0159\u00e1dn\u00e9 pro\u0161kolen\u00ed obsluhy ohledn\u011b bezpe\u010dn\u00e9ho pou\u017e\u00edv\u00e1n\u00ed a potenci\u00e1ln\u00edch rizik spojen\u00fdch s hydraulick\u00fdmi syst\u00e9my.<\/p>\n<h2>\u0158e\u0161en\u00ed b\u011b\u017en\u00fdch probl\u00e9m\u016f<\/h2>\n<ul>\n<li><strong>\u00danik:<\/strong> Pokud zjist\u00edte net\u011bsnost, okam\u017eit\u011b syst\u00e9m izolujte a zkontrolujte v\u0161echna t\u011bsn\u011bn\u00ed a spoje, zda nejsou po\u0161kozen\u00e1.<\/li>\n<li><strong>Probl\u00e9my s v\u00fdkonem:<\/strong> Pokud v\u00e1lec nereaguje spr\u00e1vn\u011b, zkontrolujte hladinu hydraulick\u00e9 kapaliny a stav filtru. N\u00edzk\u00e1 hladina kapaliny m\u016f\u017ee v\u00e9st ke sn\u00ed\u017een\u00ed v\u00fdkonu.<\/li>\n<li><strong>Hluk b\u011bhem provozu:<\/strong> Neobvykl\u00e9 zvuky mohou nazna\u010dovat p\u0159\u00edtomnost vzduchu v hydraulick\u00e9m syst\u00e9mu nebo nedostate\u010dn\u00e9 maz\u00e1n\u00ed. Odvzdu\u0161n\u011bte syst\u00e9m a zkontrolujte hladinu maziva.<\/li>\n<\/ul>\n<h2>Tipy pro \u0159e\u0161en\u00ed probl\u00e9m\u016f<\/h2>\n<p>Pro efektivn\u00ed diagnostiku probl\u00e9m\u016f ve\u010fte z\u00e1znamy o v\u0161ech probl\u00e9mech s v\u00fdkonem a zaznamen\u00e1vejte, kdy k nim doch\u00e1z\u00ed a za jak\u00fdch podm\u00ednek. Tyto informace mohou pomoci identifikovat vzorce, kter\u00e9 nazna\u010duj\u00ed konkr\u00e9tn\u00ed p\u0159\u00ed\u010diny. Zave\u010fte pl\u00e1n preventivn\u00ed \u00fadr\u017eby, abyste pravideln\u011b kontrolovali potenci\u00e1ln\u00ed probl\u00e9my, zajistili optim\u00e1ln\u00ed provoz syst\u00e9mu a minimalizovali neo\u010dek\u00e1van\u00e9 poruchy.<\/p>\n<p><img decoding=\"async\" src=\"https:\/\/www.hydraulic-cylinders.net\/wp-content\/uploads\/2025\/04\/songte-bushings-with-all-kinds-of-excavator-models.webp\" alt=\"Pouzdra s modely bagr\u016f\"><\/p>\n<h2>O na\u0161\u00ed spole\u010dnosti<\/h2>\n<p>Jsme v\u00fdrobcem n\u00e1hradn\u00edch hydraulick\u00fdch v\u00e1lc\u016f, nab\u00edz\u00edme \u0161irokou \u0161k\u00e1lu produkt\u016f a st\u00e1v\u00e1me se jedn\u00edm z p\u0159edn\u00edch v\u00fdrobc\u016f a velkoobchodn\u00edk\u016f na dom\u00e1c\u00edm i mezin\u00e1rodn\u00edm trhu. Dr\u017e\u00edme se excelence v kvalit\u011b d\u00edky vyu\u017eit\u00ed propracovan\u00e9 strategie v\u00fdrobn\u00edch d\u00edlen a digit\u00e1ln\u00edho \u0161pi\u010dkov\u00e9ho v\u00fdrobn\u00edho za\u0159\u00edzen\u00ed a neust\u00e1l\u00e9mu vylep\u0161ov\u00e1n\u00ed na\u0161\u00ed v\u00fdrobn\u00ed platformy. Se zam\u011b\u0159en\u00edm na kvalitn\u00ed v\u00fdrobn\u00ed postupy a robustn\u00ed kreativn\u00ed schopnosti se sna\u017e\u00edme efektivn\u011b a p\u0159esn\u011b uspokojovat rozmanit\u00e9 pot\u0159eby z\u00e1kazn\u00edk\u016f.<\/p>\n<p><img decoding=\"async\" src=\"https:\/\/www.hydraulic-cylinders.net\/wp-content\/uploads\/2025\/04\/songte-company-4.webp\" alt=\"P\u0159ehled spole\u010dnosti\"><br \/>\n<img decoding=\"async\" src=\"https:\/\/www.hydraulic-cylinders.net\/wp-content\/uploads\/2025\/04\/songte-company-3.webp\" alt=\"Za\u0159\u00edzen\u00ed spole\u010dnosti\"><\/p>\n<p>Na\u0161e odborn\u00e9 znalosti sahaj\u00ed od profesn\u00ed kvalifikace, mezin\u00e1rodn\u00edch certifikac\u00ed, slu\u017eeb na m\u00edru a modern\u00edho v\u00fdrobn\u00edho za\u0159\u00edzen\u00ed, dopln\u011bn\u00e9ho specializovanou poprodejn\u00ed podporou pro zaji\u0161t\u011bn\u00ed spokojenosti z\u00e1kazn\u00edk\u016f a vynikaj\u00edc\u00ed kvality produkt\u016f.<\/p>\n<p>Autor: lyl<\/p>","protected":false},"excerpt":{"rendered":"<p>Boom Cylinder For Pengpu SW330ES Understanding the Boom Cylinder The Boom Cylinder is an essential component in hydraulic systems, specifically designed for controlling the movement of buckets in heavy machinery such as excavators, backhoe loaders, and front loaders. This hydraulic cylinder facilitates the lifting, lowering, and tilting of the bucket, making it an indispensable tool [&hellip;]<\/p>","protected":false},"featured_media":17876,"comment_status":"open","ping_status":"closed","template":"","meta":{"_et_pb_use_builder":"","_et_pb_old_content":"","_et_gb_content_width":""},"product_brand":[],"product_cat":[1546],"product_tag":[1547,1496],"class_list":{"0":"post-19538","1":"product","2":"type-product","3":"status-publish","4":"has-post-thumbnail","6":"product_cat-boom-cylinders","7":"product_tag-boom-cylinders","8":"product_tag-hydraulic-cylinders","10":"first","11":"instock","12":"shipping-taxable","13":"product-type-simple"},"amp_enabled":true,"_links":{"self":[{"href":"https:\/\/www.hydraulic-cylinders.net\/cs\/wp-json\/wp\/v2\/product\/19538","targetHints":{"allow":["GET"]}}],"collection":[{"href":"https:\/\/www.hydraulic-cylinders.net\/cs\/wp-json\/wp\/v2\/product"}],"about":[{"href":"https:\/\/www.hydraulic-cylinders.net\/cs\/wp-json\/wp\/v2\/types\/product"}],"replies":[{"embeddable":true,"href":"https:\/\/www.hydraulic-cylinders.net\/cs\/wp-json\/wp\/v2\/comments?post=19538"}],"wp:featuredmedia":[{"embeddable":true,"href":"https:\/\/www.hydraulic-cylinders.net\/cs\/wp-json\/wp\/v2\/media\/17876"}],"wp:attachment":[{"href":"https:\/\/www.hydraulic-cylinders.net\/cs\/wp-json\/wp\/v2\/media?parent=19538"}],"wp:term":[{"taxonomy":"product_brand","embeddable":true,"href":"https:\/\/www.hydraulic-cylinders.net\/cs\/wp-json\/wp\/v2\/product_brand?post=19538"},{"taxonomy":"product_cat","embeddable":true,"href":"https:\/\/www.hydraulic-cylinders.net\/cs\/wp-json\/wp\/v2\/product_cat?post=19538"},{"taxonomy":"product_tag","embeddable":true,"href":"https:\/\/www.hydraulic-cylinders.net\/cs\/wp-json\/wp\/v2\/product_tag?post=19538"}],"curies":[{"name":"wp","href":"https:\/\/api.w.org\/{rel}","templated":true}]}}