{"id":19539,"date":"2025-04-07T06:53:23","date_gmt":"2025-04-07T06:53:23","guid":{"rendered":"https:\/\/www.hydraulic-cylinders.net\/product\/boom-cylinder-for-pushhm-pz35-7\/"},"modified":"2025-04-07T06:53:26","modified_gmt":"2025-04-07T06:53:26","slug":"boom-cylinder-for-pushhm-pz35-7","status":"publish","type":"product","link":"https:\/\/www.hydraulic-cylinders.net\/cs\/produkt\/boom-cylinder-for-pushhm-pz35-7\/","title":{"rendered":"V\u00e1lec v\u00fdlo\u017en\u00edku pro Pushhm PZ35-7"},"content":{"rendered":"<h1>V\u00e1lec v\u00fdlo\u017en\u00edku pro Pushhm PZ35-7<\/h1>\n<h2>P\u0159ehled produktu<\/h2>\n<p>Hydraulick\u00fd v\u00e1lec v\u00fdlo\u017en\u00edku pro Pushhm PZ35-7 je kl\u00ed\u010dovou sou\u010d\u00e1st\u00ed hydraulick\u00fdch syst\u00e9m\u016f ur\u010den\u00fdch k ovl\u00e1d\u00e1n\u00ed pohybu l\u017eic t\u011b\u017ek\u00fdch stroj\u016f. Tento specializovan\u00fd hydraulick\u00fd v\u00e1lec umo\u017e\u0148uje zved\u00e1n\u00ed, spou\u0161t\u011bn\u00ed a nakl\u00e1p\u011bn\u00ed l\u017eic v r\u016fzn\u00fdch aplikac\u00edch, v\u010detn\u011b rypadel, r\u00fdpadel-naklada\u010d\u016f a \u010deln\u00edch naklada\u010d\u016f. Jeho prim\u00e1rn\u00ed funkc\u00ed je usnadnit efektivn\u00ed manipulaci s materi\u00e1lem t\u00edm, \u017ee zaji\u0161\u0165uje p\u0159esn\u00fd pohyb a ovl\u00e1d\u00e1n\u00ed.<\/p>\n<p><img decoding=\"async\" src=\"https:\/\/www.hydraulic-cylinders.net\/wp-content\/uploads\/2025\/04\/songte-company-1.webp\" alt=\"V\u00e1lec v\u00fdlo\u017en\u00edku\" \/><\/p>\n<h3>Co je to kore\u010dkov\u00fd v\u00e1lec?<\/h3>\n<p>Hydraulick\u00fd v\u00e1lec kore\u010dk\u016f je typ hydraulick\u00e9ho v\u00e1lce speci\u00e1ln\u011b navr\u017een\u00e9ho pro ovl\u00e1d\u00e1n\u00ed kore\u010dk\u016f na t\u011b\u017ek\u00fdch stroj\u00edch. Tyto v\u00e1lce hraj\u00ed z\u00e1sadn\u00ed roli v hydraulick\u00fdch syst\u00e9mech, proto\u017ee umo\u017e\u0148uj\u00ed efektivn\u00ed manipulaci s polohou kore\u010dk\u016f. Vyu\u017eit\u00edm hydraulick\u00e9 kapaliny pod tlakem mohou v\u00e1lce kore\u010dk\u016f generovat pot\u0159ebnou s\u00edlu pro zved\u00e1n\u00ed a p\u0159esun t\u011b\u017ek\u00fdch b\u0159emen s p\u0159esnost\u00ed. Jejich konstrukce se zam\u011b\u0159uje na odolnost a \u00fa\u010dinnost, d\u00edky \u010demu\u017e jsou nepostradateln\u00e9 ve stavebnictv\u00ed, zem\u011bd\u011blstv\u00ed a pr\u016fmyslov\u00fdch aplikac\u00edch.<\/p>\n<h2>Vlastnosti v\u00e1lce v\u00fdlo\u017en\u00edku<\/h2>\n<ul>\n<li><strong>Vysok\u00e1 pevnost a trvanlivost:<\/strong> Tyto v\u00e1lce, vyroben\u00e9 z vysokopevnostn\u00ed oceli nebo hlin\u00edku, jsou konstruov\u00e1ny tak, aby odolaly vysok\u00e9mu tlaku a velk\u00e9mu zat\u00ed\u017een\u00ed, p\u0159izp\u016fsobily se n\u00e1ro\u010dn\u00e9mu pracovn\u00edmu prost\u0159ed\u00ed a z\u00e1rove\u0148 prodlu\u017eovaly \u017eivotnost d\u00edky odolnosti proti opot\u0159eben\u00ed a ochran\u011b proti korozi.<\/li>\n<li><strong>Efektivn\u00ed hydraulick\u00fd provoz:<\/strong> Zaji\u0161\u0165uj\u00ed plynul\u00e9 vysouv\u00e1n\u00ed a zasouv\u00e1n\u00ed pomoc\u00ed hydraulick\u00e9ho tlaku oleje, co\u017e umo\u017e\u0148uje rychlou reakci na ovl\u00e1dac\u00ed vstupy a poskytuje zna\u010dnou s\u00edlu p\u0159i tla\u010den\u00ed a tahu, ide\u00e1ln\u00ed pro zved\u00e1n\u00ed t\u011b\u017ek\u00fdch b\u0159emen a slo\u017eit\u00e9 \u00fakoly.<\/li>\n<li><strong>R\u016fzn\u00e9 typy:<\/strong> Tyto v\u00e1lce, kter\u00e9 jsou k dispozici v jedno\u010dinn\u00e9m (funguj\u00edc\u00edm v jednom sm\u011bru) a dvoj\u010dinn\u00e9m (funguj\u00edc\u00edm v obou sm\u011brech), lze p\u0159izp\u016fsobit specifick\u00fdm provozn\u00edm pot\u0159eb\u00e1m, p\u0159i\u010dem\u017e n\u011bkter\u00e9 modely maj\u00ed teleskopickou konstrukci pro del\u0161\u00ed dosah bez zv\u011bt\u0161en\u00ed vn\u011bj\u0161\u00edch rozm\u011br\u016f.<\/li>\n<\/ul>\n<h3>V\u00fdrobn\u00ed kapacita<\/h3>\n<p>M\u00e1me odborn\u00e9 znalosti k v\u00fdrob\u011b tohoto produktu, co\u017e zaji\u0161\u0165uje, \u017ee na\u0161e hydraulick\u00e9 v\u00e1lce mohou dokonale nahradit st\u00e1vaj\u00edc\u00ed modely. N\u00e1\u0161 z\u00e1vazek ke kvalit\u011b zaji\u0161\u0165uje spolehliv\u00fd v\u00fdkon v n\u00e1ro\u010dn\u00fdch aplikac\u00edch.<\/p>\n<p><img decoding=\"async\" src=\"https:\/\/www.hydraulic-cylinders.net\/wp-content\/uploads\/2025\/04\/songte-cylinder-head-with-all-kinds-excavator-models.webp\" alt=\"Hlava v\u00e1lc\u016f\" \/><\/p>\n<h2>Aplikace v\u00e1lce v\u00fdlo\u017en\u00edku<\/h2>\n<ul>\n<li><strong>Stavebn\u00ed vybaven\u00ed:<\/strong> U bagr\u016f jsou v\u00e1lce v\u00fdlo\u017en\u00edku kl\u00ed\u010dov\u00e9 pro kop\u00e1n\u00ed, nakl\u00e1d\u00e1n\u00ed a p\u0159epravu zeminy nebo suti. Poskytuj\u00ed pot\u0159ebnou zvedac\u00ed s\u00edlu pro efektivn\u00ed p\u0159esun t\u011b\u017ek\u00fdch materi\u00e1l\u016f a zaji\u0161\u0165uj\u00ed tak plynul\u00fd provoz na staveni\u0161t\u00edch.<\/li>\n<li><strong>Zem\u011bd\u011blsk\u00e9 stroje:<\/strong> Tyto v\u00e1lce, pou\u017e\u00edvan\u00e9 v \u010deln\u00edch naklada\u010d\u00edch, usnad\u0148uj\u00ed nab\u00edr\u00e1n\u00ed, zved\u00e1n\u00ed a p\u0159epravu zeminy, sena a dal\u0161\u00edch materi\u00e1l\u016f, \u010d\u00edm\u017e v\u00fdrazn\u011b zvy\u0161uj\u00ed produktivitu p\u0159i zem\u011bd\u011blsk\u00fdch prac\u00edch.<\/li>\n<li><strong>Bagry:<\/strong> V\u00e1lec v\u00fdlo\u017en\u00edku umo\u017e\u0148uje l\u017e\u00edci proniknout do zem\u011b, co\u017e umo\u017e\u0148uje efektivn\u00ed kop\u00e1n\u00ed. Jeho hydraulick\u00e9 vlastnosti z n\u011bj \u010din\u00ed nezbytnou sou\u010d\u00e1st r\u016fzn\u00fdch v\u00fdkopov\u00fdch projekt\u016f.<\/li>\n<li><strong>Naklada\u010de:<\/strong> U \u010deln\u00edch naklada\u010d\u016f pom\u00e1haj\u00ed v\u00e1lce v\u00fdlo\u017en\u00edku efektivn\u011b zvedat a vykl\u00e1p\u011bt b\u0159emena, co\u017e je \u010din\u00ed nezbytn\u00fdmi pro manipulaci s materi\u00e1lem ve stavebnictv\u00ed a krajin\u00e1\u0159stv\u00ed.<\/li>\n<\/ul>\n<h2>Konstruk\u010dn\u00ed aspekty a krit\u00e9ria v\u00fdb\u011bru<\/h2>\n<ul>\n<li><strong>Nosnost:<\/strong> Konstrukce v\u00e1lce v\u00fdlo\u017en\u00edku mus\u00ed b\u00fdt p\u0159izp\u016fsobena maxim\u00e1ln\u00edmu zat\u00ed\u017een\u00ed, kter\u00e9mu bude b\u011bhem provozu \u010delit. V\u00fdb\u011br v\u00e1lce s vhodnou nosnost\u00ed zaji\u0161\u0165uje bezpe\u010dn\u00fd a efektivn\u00ed provoz a sni\u017euje riziko poruchy.<\/li>\n<li><strong>T\u011bsn\u011bn\u00ed:<\/strong> Spr\u00e1vn\u00e9 t\u011bsnic\u00ed mechanismy jsou nezbytn\u00e9 pro prevenci \u00fanik\u016f hydraulick\u00e9 kapaliny, kter\u00e9 mohou ohrozit v\u00fdkon a bezpe\u010dnost. Vysoce kvalitn\u00ed t\u011bsn\u011bn\u00ed, jako jsou t\u011bsn\u011bn\u00ed p\u00edst\u016f a p\u00edstnic vyroben\u00e1 z odoln\u00fdch materi\u00e1l\u016f, zvy\u0161uj\u00ed spolehlivost a \u017eivotnost.<\/li>\n<li><strong>Trvanlivost:<\/strong> Robustn\u00ed konstrukce je kl\u00ed\u010dov\u00e1 pro dlouhodob\u00fd provoz v n\u00e1ro\u010dn\u00fdch podm\u00ednk\u00e1ch. Volba materi\u00e1l\u016f, jako je vysokopevnostn\u00ed ocel, ovliv\u0148uje schopnost v\u00e1lce odol\u00e1vat opot\u0159eben\u00ed a vliv\u016fm prost\u0159ed\u00ed.<\/li>\n<li><strong>Bezpe\u010dnost:<\/strong> Bezpe\u010dnostn\u00ed prvky, jako jsou p\u0159etlakov\u00e9 ventily a robustn\u00ed mont\u00e1\u017en\u00ed body, jsou z\u00e1sadn\u00ed pro udr\u017een\u00ed provozn\u00ed bezpe\u010dnosti. Pochopen\u00ed provozn\u00edho prost\u0159ed\u00ed pom\u00e1h\u00e1 p\u0159i v\u00fdb\u011bru lahv\u00ed, kter\u00e9 spl\u0148uj\u00ed bezpe\u010dnostn\u00ed normy.<\/li>\n<li><strong>\u00dadr\u017eba:<\/strong> Konstrukce by m\u011bla usnad\u0148ovat \u00fadr\u017ebu a opravy a umo\u017e\u0148ovat b\u011b\u017en\u00e9 kontroly a v\u00fdm\u011bnu d\u00edl\u016f bez rozs\u00e1hl\u00fdch prostoj\u016f. To zahrnuje i zv\u00e1\u017een\u00ed p\u0159\u00edstupnosti a modularity komponent.<\/li>\n<\/ul>\n<p><img decoding=\"async\" src=\"https:\/\/www.hydraulic-cylinders.net\/wp-content\/uploads\/2025\/04\/songte-oil-pipes-and-spare-parts.webp\" alt=\"Olejov\u00e9 trubky a n\u00e1hradn\u00ed d\u00edly\" \/><\/p>\n<h2>T\u011bsn\u011bn\u00ed a maz\u00e1n\u00ed<\/h2>\n<p>\u00da\u010dinn\u00e9 t\u011bsn\u011bn\u00ed a maz\u00e1n\u00ed jsou pro v\u00fdkon v\u00e1lce v\u00fdlo\u017en\u00edku z\u00e1sadn\u00ed. K zabr\u00e1n\u011bn\u00ed \u00faniku hydraulick\u00e9 kapaliny se pou\u017e\u00edvaj\u00ed r\u016fzn\u00e9 t\u011bsnic\u00ed prvky, jako jsou t\u011bsn\u011bn\u00ed p\u00edst\u016f a p\u00edstnic. Tato t\u011bsn\u011bn\u00ed jsou obvykle vyrobena z materi\u00e1l\u016f odoln\u00fdch proti opot\u0159eben\u00ed, jako je polyuretan a nitrilov\u00e1 pry\u017e, pro zv\u00fd\u0161en\u00ed trvanlivosti.<\/p>\n<p>T\u011bleso v\u00e1lce a z\u00e1vitov\u00e9 konce proch\u00e1zej\u00ed p\u0159esn\u00fdm obr\u00e1b\u011bn\u00edm pro zlep\u0161en\u00ed odolnosti proti opot\u0159eben\u00ed a \u00fa\u010dinnosti t\u011bsn\u011bn\u00ed. Pravideln\u00e9 maz\u00e1n\u00ed hydraulick\u00fdm olejem je nezbytn\u00e9 pro minimalizaci t\u0159en\u00ed a opot\u0159eben\u00ed, zaji\u0161t\u011bn\u00ed plynul\u00e9ho provozu a prodlou\u017een\u00ed \u017eivotnosti sou\u010d\u00e1st\u00ed v\u00e1lce.<\/p>\n<h2>\u00dadr\u017ebov\u00e1 opat\u0159en\u00ed<\/h2>\n<ul>\n<li><strong>Pravideln\u00e9 kontroly:<\/strong> Prov\u00e1d\u011bjte pravideln\u00e9 kontroly, abyste identifikovali zn\u00e1mky opot\u0159eben\u00ed, net\u011bsnost\u00ed nebo po\u0161kozen\u00ed. V\u010dasn\u00e9 odhalen\u00ed probl\u00e9m\u016f umo\u017e\u0148uje v\u010dasn\u00e9 opravy, prevenci dal\u0161\u00edho po\u0161kozen\u00ed a zaji\u0161t\u011bn\u00ed konzistentn\u00edho v\u00fdkonu.<\/li>\n<li><strong>Spr\u00e1vn\u00e9 maz\u00e1n\u00ed:<\/strong> Zajist\u011bte trval\u00fd dostate\u010dn\u00fd po\u010det hydraulick\u00e9ho oleje. Nedostatek maz\u00e1n\u00ed vede ke zv\u00fd\u0161en\u00e9mu t\u0159en\u00ed a opot\u0159eben\u00ed, co\u017e v\u00fdrazn\u011b zkracuje \u017eivotnost hydraulick\u00fdch sou\u010d\u00e1st\u00ed.<\/li>\n<li><strong>V\u00fdm\u011bna t\u011bsn\u011bn\u00ed:<\/strong> Pravideln\u011b kontrolujte opot\u0159eben\u00ed t\u011bsn\u011bn\u00ed a v p\u0159\u00edpad\u011b pot\u0159eby je vym\u011b\u0148ujte, abyste zachovali hydraulickou integritu a zabr\u00e1nili \u00fanik\u016fm. Zaji\u0161t\u011bn\u00ed dobr\u00e9ho stavu t\u011bsn\u011bn\u00ed je nezbytn\u00e9 pro bezpe\u010dn\u00fd a efektivn\u00ed provoz.<\/li>\n<\/ul>\n<h2>Pokyny k instalaci<\/h2>\n<p>Spr\u00e1vn\u00e1 instalace v\u00e1lce v\u00fdlo\u017en\u00edku je z\u00e1sadn\u00ed pro optim\u00e1ln\u00ed v\u00fdkon. Za\u010dn\u011bte p\u0159esn\u00fdm vyrovn\u00e1n\u00edm v\u00e1lce s mont\u00e1\u017en\u00edmi body na stroji. K zaji\u0161t\u011bn\u00ed v\u00e1lce na m\u00edst\u011b pou\u017eijte vhodn\u00e9 mont\u00e1\u017en\u00ed konzoly a ujist\u011bte se, \u017ee je spr\u00e1vn\u011b vyrovn\u00e1n, aby se zabr\u00e1nilo zbyte\u010dn\u00e9mu nam\u00e1h\u00e1n\u00ed sou\u010d\u00e1st\u00ed.<\/p>\n<p>Zkontrolujte v\u0161echna hydraulick\u00e1 p\u0159ipojen\u00ed a ujist\u011bte se, \u017ee jsou t\u011bsn\u00e1, aby nedo\u0161lo k \u00fanik\u016fm. Po instalaci otestujte hydraulick\u00fd syst\u00e9m, abyste se ujistili, \u017ee funguje hladce a \u017ee v\u00e1lec spr\u00e1vn\u011b reaguje na povely. Pravideln\u011b kontrolujte instalaci, zda nevykazuje zn\u00e1mky nesouososti nebo opot\u0159eben\u00ed.<\/p>\n<h2>B\u011b\u017en\u00e9 \u00fakoly \u00fadr\u017eby<\/h2>\n<ul>\n<li><strong>Pravideln\u00e9 kontroly:<\/strong> Napl\u00e1nujte si pravideln\u00e9 kontroly, abyste sledovali stav v\u00e1lce v\u00fdlo\u017en\u00edku a okoln\u00edch sou\u010d\u00e1st\u00ed. Tento proaktivn\u00ed p\u0159\u00edstup pom\u00e1h\u00e1 identifikovat potenci\u00e1ln\u00ed probl\u00e9my d\u0159\u00edve, ne\u017e se zhor\u0161\u00ed.<\/li>\n<li><strong>Vhodn\u00e9 maz\u00e1n\u00ed:<\/strong> Dodr\u017eov\u00e1n\u00ed doporu\u010den\u00ed v\u00fdrobce ohledn\u011b frekvence a typu maz\u00e1n\u00ed je nezbytn\u00e9. Spr\u00e1vn\u00e9 maz\u00e1n\u00ed sni\u017euje t\u0159en\u00ed a opot\u0159eben\u00ed a zaji\u0161\u0165uje tak efektivn\u00ed provoz.<\/li>\n<li><strong>V\u00fdm\u011bna t\u011bsn\u011bn\u00ed a kontroly kalibrace:<\/strong> Pravideln\u011b kontrolujte a vym\u011b\u0148ujte t\u011bsn\u011bn\u00ed, abyste zachovali integritu hydraulick\u00e9ho syst\u00e9mu. Kalibra\u010dn\u00ed kontroly zaji\u0161\u0165uj\u00ed, \u017ee v\u00e1lec pracuje v r\u00e1mci stanoven\u00fdch parametr\u016f, a zabra\u0148uj\u00ed tak provozn\u00edm poruch\u00e1m.<\/li>\n<\/ul>\n<p><img decoding=\"async\" src=\"https:\/\/www.hydraulic-cylinders.net\/wp-content\/uploads\/2025\/04\/songte-chushion-collar.webp\" alt=\"Pol\u0161t\u00e1\u0159ov\u00fd l\u00edmec\" \/><\/p>\n<h2>Bezpe\u010dnostn\u00ed aspekty a faktory prost\u0159ed\u00ed<\/h2>\n<p>P\u0159i pou\u017e\u00edv\u00e1n\u00ed hydraulick\u00fdch v\u00e1lc\u016f je d\u016fle\u017eit\u00e9 porozum\u011bt bezpe\u010dnostn\u00edm opat\u0159en\u00edm, aby se p\u0159ede\u0161lo nehod\u00e1m a zajistila bezpe\u010dnost obsluhy a stroj\u016f. Pravideln\u00e9 \u0161kolen\u00ed o bezpe\u010dn\u00fdch provozn\u00edch postupech a spr\u00e1vn\u00e9m pou\u017e\u00edv\u00e1n\u00ed za\u0159\u00edzen\u00ed je nezbytn\u00e9 pro minimalizaci rizik spojen\u00fdch s hydraulick\u00fdmi syst\u00e9my.<\/p>\n<h2>Diagnostika z\u00e1vad a b\u011b\u017en\u00e9 probl\u00e9my<\/h2>\n<ul>\n<li><strong>\u00danik:<\/strong> Identifikace net\u011bsnost\u00ed v hydraulick\u00fdch v\u00e1lc\u00edch je z\u00e1sadn\u00ed. Mezi b\u011b\u017en\u00e9 p\u0159\u00edznaky pat\u0159\u00ed hromad\u011bn\u00ed kapaliny kolem z\u00e1kladny v\u00e1lce nebo neo\u010dek\u00e1van\u00e9 poklesy hladiny kapaliny. Net\u011bsnosti \u0159e\u0161te neprodlen\u011b, abyste p\u0159ede\u0161li provozn\u00ed neefektivnosti.<\/li>\n<li><strong>\u0160patn\u00fd v\u00fdkon:<\/strong> Pokud se v\u00e1lec pohybuje pomalu nebo reaguje nekonzistentn\u011b, m\u016f\u017ee to znamenat n\u00edzkou hladinu hydraulick\u00e9 kapaliny nebo kontaminaci syst\u00e9mu. Pravideln\u00e1 \u00fadr\u017eba a kontroly kapalin mohou t\u011bmto probl\u00e9m\u016fm p\u0159edej\u00edt.<\/li>\n<li><strong>Hlu\u010dn\u00fd provoz:<\/strong> Neobvykl\u00e9 zvuky b\u011bhem provozu mohou nazna\u010dovat vnit\u0159n\u00ed opot\u0159eben\u00ed nebo nedostate\u010dn\u00e9 maz\u00e1n\u00ed. Zjist\u011bte zdroj hluku a prove\u010fte nezbytnou \u00fadr\u017ebu k odstran\u011bn\u00ed probl\u00e9mu.<\/li>\n<\/ul>\n<h2>Tipy pro \u0159e\u0161en\u00ed probl\u00e9m\u016f<\/h2>\n<p>Pro efektivn\u00ed diagnostiku a \u0159e\u0161en\u00ed probl\u00e9m\u016f s v\u00e1lcem v\u00fdlo\u017en\u00edku postupujte podle t\u011bchto tip\u016f pro odstra\u0148ov\u00e1n\u00ed probl\u00e9m\u016f:<\/p>\n<ul>\n<li>Pravideln\u011b kontrolujte hladinu a kvalitu hydraulick\u00e9 kapaliny, abyste zajistili optim\u00e1ln\u00ed v\u00fdkon.<\/li>\n<li>Zkontrolujte t\u011bsn\u011bn\u00ed a spoje, zda nejsou opot\u0159ebovan\u00e9 nebo po\u0161kozen\u00e9, abyste zabr\u00e1nili \u00fanik\u016fm.<\/li>\n<li>Sledujte provoz v\u00e1lce, zda se neobjevuj\u00ed abnorm\u00e1ln\u00ed zvuky nebo probl\u00e9my s v\u00fdkonem, a okam\u017eit\u011b je \u0159e\u0161te, abyste p\u0159ede\u0161li dal\u0161\u00edmu po\u0161kozen\u00ed.<\/li>\n<\/ul>\n<p><img decoding=\"async\" src=\"https:\/\/www.hydraulic-cylinders.net\/wp-content\/uploads\/2025\/04\/songte-bushings-with-all-kinds-of-excavator-models.webp\" alt=\"Pouzdra\" \/><\/p>\n<h2>O na\u0161\u00ed spole\u010dnosti<\/h2>\n<p>Jsme p\u0159edn\u00edm v\u00fdrobcem n\u00e1hradn\u00edch hydraulick\u00fdch v\u00e1lc\u016f a nab\u00edz\u00edme \u0161irokou \u0161k\u00e1lu produkt\u016f pro dom\u00e1c\u00ed i mezin\u00e1rodn\u00ed trh. N\u00e1\u0161 z\u00e1vazek k dokonalosti je podpo\u0159en propracovanou v\u00fdrobn\u00ed strategi\u00ed, kter\u00e1 vyu\u017e\u00edv\u00e1 pokro\u010dil\u00e9 technologie a kvalifikovan\u00e9 odborn\u00edky k v\u00fdrob\u011b vysoce kvalitn\u00edch hydraulick\u00fdch \u0159e\u0161en\u00ed.<\/p>\n<p>Prioritou je kontrola kvality, kter\u00e1 zaji\u0161\u0165uje, aby ka\u017ed\u00fd produkt spl\u0148oval p\u0159\u00edsn\u00e9 mezin\u00e1rodn\u00ed standardy. Na\u0161e mo\u017enosti z\u00e1kaznick\u00fdch slu\u017eeb na m\u00edru n\u00e1m umo\u017e\u0148uj\u00ed uspokojit rozmanit\u00e9 pot\u0159eby z\u00e1kazn\u00edk\u016f, zat\u00edmco na\u0161e nejmodern\u011bj\u0161\u00ed v\u00fdrobn\u00ed za\u0159\u00edzen\u00ed a specializovan\u00e1 poprodejn\u00ed podpora zaji\u0161\u0165uj\u00ed spokojenost z\u00e1kazn\u00edk\u016f.<\/p>\n<p><img decoding=\"async\" src=\"https:\/\/www.hydraulic-cylinders.net\/wp-content\/uploads\/2025\/04\/songte-company-4.webp\" alt=\"P\u0159ehled spole\u010dnosti\" \/><br \/>\n<img decoding=\"async\" src=\"https:\/\/www.hydraulic-cylinders.net\/wp-content\/uploads\/2025\/04\/songte-company-3.webp\" alt=\"V\u00fdrobn\u00ed z\u00e1vod\" \/><\/p>\n<p>Autor: lyl<\/p>","protected":false},"excerpt":{"rendered":"<p>Boom Cylinder For Pushhm PZ35-7 Product Overview The Boom Cylinder For Pushhm PZ35-7 is a critical component in hydraulic systems designed to control the movement of heavy machinery buckets. This specialized hydraulic cylinder enables the lifting, lowering, and tilting of buckets in various applications, including excavators, backhoe loaders, and front-end loaders. Its primary function is [&hellip;]<\/p>","protected":false},"featured_media":17877,"comment_status":"open","ping_status":"closed","template":"","meta":{"_et_pb_use_builder":"","_et_pb_old_content":"","_et_gb_content_width":""},"product_brand":[],"product_cat":[1546],"product_tag":[1547,1496],"class_list":{"0":"post-19539","1":"product","2":"type-product","3":"status-publish","4":"has-post-thumbnail","6":"product_cat-boom-cylinders","7":"product_tag-boom-cylinders","8":"product_tag-hydraulic-cylinders","10":"first","11":"instock","12":"shipping-taxable","13":"product-type-simple"},"amp_enabled":true,"_links":{"self":[{"href":"https:\/\/www.hydraulic-cylinders.net\/cs\/wp-json\/wp\/v2\/product\/19539","targetHints":{"allow":["GET"]}}],"collection":[{"href":"https:\/\/www.hydraulic-cylinders.net\/cs\/wp-json\/wp\/v2\/product"}],"about":[{"href":"https:\/\/www.hydraulic-cylinders.net\/cs\/wp-json\/wp\/v2\/types\/product"}],"replies":[{"embeddable":true,"href":"https:\/\/www.hydraulic-cylinders.net\/cs\/wp-json\/wp\/v2\/comments?post=19539"}],"wp:featuredmedia":[{"embeddable":true,"href":"https:\/\/www.hydraulic-cylinders.net\/cs\/wp-json\/wp\/v2\/media\/17877"}],"wp:attachment":[{"href":"https:\/\/www.hydraulic-cylinders.net\/cs\/wp-json\/wp\/v2\/media?parent=19539"}],"wp:term":[{"taxonomy":"product_brand","embeddable":true,"href":"https:\/\/www.hydraulic-cylinders.net\/cs\/wp-json\/wp\/v2\/product_brand?post=19539"},{"taxonomy":"product_cat","embeddable":true,"href":"https:\/\/www.hydraulic-cylinders.net\/cs\/wp-json\/wp\/v2\/product_cat?post=19539"},{"taxonomy":"product_tag","embeddable":true,"href":"https:\/\/www.hydraulic-cylinders.net\/cs\/wp-json\/wp\/v2\/product_tag?post=19539"}],"curies":[{"name":"wp","href":"https:\/\/api.w.org\/{rel}","templated":true}]}}